{"id":8,"date":"2021-03-14T12:01:47","date_gmt":"2021-03-14T12:01:47","guid":{"rendered":"https:\/\/nuestrosescritores.com\/josemarialopezarcas\/?page_id=8"},"modified":"2022-02-26T17:27:29","modified_gmt":"2022-02-26T17:27:29","slug":"jose-maria-lopez-arcas-lostalet","status":"publish","type":"page","link":"https:\/\/nuestrosescritores.com\/josemarialopezarcas\/","title":{"rendered":"JOS\u00c9 MAR\u00cdA L\u00d3PEZ-ARCAS LOSTALET"},"content":{"rendered":"<div class=\"wpb-content-wrapper\">[vc_row][vc_column extend=&#8221;false&#8221;][vc_column_text css=&#8221;.vc_custom_1609672078213{margin-top: -30000px !important;}&#8221;]JOS\u00c9 MAR\u00cdA L\u00d3PEZ-ARCAS LOSTALET es el escritor de EN EL CAMINO. &nbsp;el escritor y poeta acaba de publicar un libro de poes\u00eda con la Editorial Poes\u00eda eres t\u00fa. Considerado como una de las mejores poetas espa\u00f1olas.<\/p>\n<p>EN EL CAMINO. ha sido escrito por JOS\u00c9 MAR\u00cdA L\u00d3PEZ-ARCAS LOSTALET Considerado como uno de los mejores poetas espa\u00f1oles, algunos afirman que es el mejor poeta espa\u00f1ol. el escritor sabe como publicar un libro de poes\u00eda con la Editorial Poes\u00eda eres t\u00fa<br \/>\nTrabajamos con distribuidoras de libros que acercan los libros a las librer\u00edas, pero contamos tambi\u00e9n con las siguientes librerias de apoyo en internet para que ning\u00fan lector se quede sin su libro de poes\u00eda: Libreria GEPA, Libreria Website, La librer\u00eda del escritor, El rinc\u00f3n de los libros.<\/p>\n<p>Informamos de como publicar un libro y el precio de publicar un libro<\/p>\n<p>As\u00ed mismo colaboramos con la Asociaci\u00f3n de editores de poes\u00eda y la Asociaci\u00f3n Madrile\u00f1a de escritores y cr\u00edticos literarios (Cr\u00edtica de Madrid).<\/p>\n<p>Trabajamos con varias imprentas y contamos con nuestra propia imprenta Herederos de Izquierdo y Vigo impresores.<\/p>\n<p>Puedes conocernos en nuestra p\u00e1gina del Grupo Editorial. Contamos con una sede en Vigo y otra en Jumilla (Murcia)<\/p>\n<p>Somos especialitas en la edici\u00f3n del libro de poes\u00eda<\/p>\n<p>JOS\u00c9 MAR\u00cdA L\u00d3PEZ-ARCAS LOSTALET Considerado como uno de los mejores poetas espa\u00f1oles, algunos afirman que es el mejor poeta espa\u00f1oles es el escritor de EN EL CAMINO. . El poeta conoce el precio de publicar un libro de poes\u00eda con la Editorial Poes\u00eda eres t\u00fa<\/p>\n<p>JOS\u00c9 MAR\u00cdA L\u00d3PEZ-ARCAS LOSTALET Considerado como uno de los mejores poetas espa\u00f1oles, algunos afirman que es el mejor poeta espa\u00f1oles es el escritor de EN EL CAMINO. . La poeta sabe como publicar un libro de poes\u00eda con la Editorial Poes\u00eda eres t\u00fa<br \/>\nJOS\u00c9 MAR\u00cdA L\u00d3PEZ-ARCAS LOSTALET considerado como uno de los mejores poetas espa\u00f1oles, algunos afirman que es el mejor poeta espa\u00f1ol es el escritor de EN EL CAMINO. . La poeta sabe el precio de publicar un libro de poes\u00eda con la Editorial Poes\u00eda eres t\u00fa<\/p>\n<p>El Grupo Editorial P\u00e9rez-Ayala, est\u00e1 formado por los siguientes sellos editoriales: Editorial Poes\u00eda eres t\u00fa, Ediciones Rilke Editorial poes\u00eda, Editorial Ediciones Amaniel, Editorial Ediciones Azor\u00edn un sello regional para Alicante y Murcia.<\/p>\n<p>Para ayudar a la promoci\u00f3n de los libros contamos con diferentes plataformas en internet como Poes\u00eda Televisi\u00f3n, libro de poes\u00eda, Club de poes\u00eda, Blog de escritor, Blog de poes\u00eda, Agencia del libro, Nuestras librerias, Publicar libro &#8211; Publicar un libro, Revista Poes\u00eda eres t\u00fa, Antolog\u00edas po\u00e9ticas, Poes\u00eda y poetas.[\/vc_column_text][\/vc_column][\/vc_row][vc_row full_width=&#8221;stretch_row_content_no_spaces&#8221;][vc_column extend=&#8221;false&#8221;][layerslider_vc id=&#8221;1&#8243;][\/vc_column][\/vc_row][vc_row extend=&#8221;false&#8221; design__empty_1=&#8221;&#8221; background=&#8221;&#8221; background_image_type=&#8221;static&#8221; background_image__effect=&#8221;&#8221; bg_size=&#8221;initial&#8221; bg_position=&#8221;center-center&#8221; row_bg_image=&#8221;&#8221; bg_repeat=&#8221;no-repeat&#8221; background_image_type__bg_color=&#8221;rgba(255, 255, 255, 1)&#8221; row_bg_parallax_images=&#8221;&#8221; row_bg_slideshow_images=&#8221;&#8221; background_video_type=&#8221;youtube&#8221; background_video__youtube__url=&#8221;&#8221; background_video__youtube__parallax=&#8221;&#8221; background_video__youtube__options=&#8221;&#8221; background_video__youtube__fallback_image=&#8221;&#8221; background_video__hosted__mp4=&#8221;&#8221; background_video__hosted__webm=&#8221;&#8221; background_video__hosted__ogv=&#8221;&#8221; background_video__hosted__parallax=&#8221;&#8221; background_video__hosted__options=&#8221;&#8221; background_video__hosted__fallback_image=&#8221;&#8221; background_color_type=&#8221;color&#8221; bg__empty_1=&#8221;&#8221; background_color_type__gradient_color1=&#8221;rgba(44, 74, 228, 1)&#8221; background_color_type__gradient_color2=&#8221;rgba(44, 74, 228, 1)&#8221; background_color_type__color_color1=&#8221;rgba(44, 74, 228, 1)&#8221; bg__empty_2=&#8221;&#8221; background_color__effect=&#8221;&#8221; background_color__direction=&#8221;left-to-right&#8221; settings__tag_1=&#8221;&#8221; viewport_lg=&#8221;&#8221; viewport_md=&#8221;&#8221; viewport_sm=&#8221;&#8221; viewport_xs=&#8221;&#8221; settings__empty_1=&#8221;&#8221; version=&#8221;1&#8243;][vc_column width=&#8221;1\/2&#8243; extend=&#8221;false&#8221;]<div class=\"ult-content-box-container \" >\t\t<div class=\"ult-content-box\" style=\"background-color:rgba(255,255,255,0.49);box-shadow: px px 8px px #f2f2f2 none;border-style:none;-webkit-transition: all 700ms ease;-moz-transition: all 700ms ease;-ms-transition: all 700ms ease;-o-transition: all 700ms ease;transition: all 700ms ease;\"  data-hover_box_shadow=\"none\"     data-bg=\"rgba(255,255,255,0.49)\"  data-border_color=\"\" >[vc_column_text css=&#8221;.vc_custom_1615722332560{padding-top: 15% !important;padding-right: 15% !important;padding-bottom: 15% !important;padding-left: 15% !important;}&#8221;]<strong>Jos\u00e9 Mar\u00eda L\u00f3pez-Arcas Lostalet (Ourense, 1951)<\/strong> es Doctor en Derecho, <em>cum laude<\/em>, por la Universidad de Deusto, Doctor en Econom\u00eda Financiera, <em>cum laude<\/em>, por la Universidad Complutense de Madrid y Postgraduado en Estudios Europeos. Ha sido Inspector de Hacienda del Estado, Agente de Cambio y Bolsa y Notario. Autor de varios libros, entre ellos <em>La Bolsa de Europa<\/em> y, m\u00e1s recientemente, <em>Memorias sin inter\u00e9s<\/em>, con el relato de su propia vida. As\u00ed como de numerosos art\u00edculos en prensa y revistas especializadas. Hoy retirado, ha sido Jefe de Servicio del Gabinete T\u00e9cnico del Ministro de Hacienda y fundador y presidente ejecutivo de la Sociedad de Valores de las Cajas Vascas, Agente de Cambio y Bolsa de Bilbao y Madrid y Notario de Madrid y Alcal\u00e1 de Henares.<\/p>\n<span class='bctt-click-to-tweet'><span class='bctt-ctt-text'><a href='https:\/\/x.com\/intent\/tweet?url=https%3A%2F%2Fnuestrosescritores.com%2Fjosemarialopezarcas%2F&#038;text=JOS%C3%89%20MAR%C3%8DA%20L%C3%93PEZ-ARCAS%20LOSTALET.%20Escritor%2C%20poeta.&#038;related' target='_blank'rel=\"noopener noreferrer\">JOS\u00c9 MAR\u00cdA L\u00d3PEZ-ARCAS LOSTALET. Escritor, poeta. <\/a><\/span><a href='https:\/\/x.com\/intent\/tweet?url=https%3A%2F%2Fnuestrosescritores.com%2Fjosemarialopezarcas%2F&#038;text=JOS%C3%89%20MAR%C3%8DA%20L%C3%93PEZ-ARCAS%20LOSTALET.%20Escritor%2C%20poeta.&#038;related' target='_blank' class='bctt-ctt-btn'rel=\"noopener noreferrer\">Compartir en X<\/a><\/span>[\/vc_column_text]\t\t<\/div><\/div>[\/vc_column][vc_column width=&#8221;1\/2&#8243; extend=&#8221;false&#8221;]<div class=\"gambit_fullheight_row\" data-content-location=\"center\" style=\"display: none\"><\/div><div id=\"rowvcpt-row-settings\" class=\"rowvcpt-row-set RowVcPt-row-setting69df4865c1933 \" data-no=\"RowVcPt-row-setting69df4865c1933\"><div  id=\"bgGallaryslide69df4865c1938\" class=\"rowvcpt-slideshow \"><\/div><script type=\"text\/javascript\">\n(function($) {\n$(\"#bgGallaryslide69df4865c1938\").vegas({\n        overlay: \"https:\/\/nuestrosescritores.com\/josemarialopezarcas\/wp-content\/plugins\/ultimate-row-background\/css\/overlays\/0'.esc_attr(1.png).'\",\n        transitionDuration: 4e3,\n        delay: 7000,\n        slides: [{src: \"https:\/\/nuestrosescritores.com\/josemarialopezarcas\/wp-content\/uploads\/sites\/79\/2021\/03\/wdltwagtvso-scaled.jpg\",transition: \"fade2\",transitionDuration: 5000},{src: \"https:\/\/nuestrosescritores.com\/josemarialopezarcas\/wp-content\/uploads\/sites\/79\/2021\/03\/ltts2fb23_u-scaled.jpg\",transition: \"fade2\",transitionDuration: 5000},{src: \"https:\/\/nuestrosescritores.com\/josemarialopezarcas\/wp-content\/uploads\/sites\/79\/2021\/03\/jnxebvlsvrg-scaled.jpg\",transition: \"fade2\",transitionDuration: 5000},{src: \"https:\/\/nuestrosescritores.com\/josemarialopezarcas\/wp-content\/uploads\/sites\/79\/2021\/03\/qhhul_iagj8-scaled.jpg\",transition: \"fade2\",transitionDuration: 5000},{src: \"https:\/\/nuestrosescritores.com\/josemarialopezarcas\/wp-content\/uploads\/sites\/79\/2021\/03\/mpfyahvq_sw-scaled.jpg\",transition: \"fade2\",transitionDuration: 5000},]\n    });\t\t\n})(jQuery);\n<\/script><div class=\"rowvcpt-overlay\" style=\"background:rgba(255,255,255,0.69)\"><\/div><\/div>[vc_single_image image=&#8221;47&#8243; img_size=&#8221;full&#8221; alignment=&#8221;center&#8221;][\/vc_column][\/vc_row][vc_row][vc_column extend=&#8221;false&#8221;]<div class=\"gambit_fullheight_row\" data-content-location=\"center\" style=\"display: none\"><\/div><div class='gambit_parallax_row' data-bg-align='' data-direction='fixed' data-opacity='100' data-velocity='-0.3' data-mobile-enabled='parallax-enable-mobile' data-bg-height='1707' data-bg-width='2560' data-bg-image='https:\/\/nuestrosescritores.com\/josemarialopezarcas\/wp-content\/uploads\/sites\/79\/2021\/03\/cbchxxqqekm-scaled.jpg' data-bg-repeat='false' data-id='' style='display: none'><\/div>[\/vc_column][\/vc_row][vc_row][vc_column extend=&#8221;false&#8221;]<div class=\"gambit_fullheight_row\" data-content-location=\"center\" style=\"display: none\"><\/div><div id=\"rowvcpt-row-settings\" class=\"rowvcpt-row-set RowVcPt-row-setting69df4865c2d4d \" data-no=\"RowVcPt-row-setting69df4865c2d4d\"><div  id=\"bgGallaryslide69df4865c2d51\" class=\"rowvcpt-slideshow \"><\/div><script type=\"text\/javascript\">\n(function($) {\n$(\"#bgGallaryslide69df4865c2d51\").vegas({\n        overlay: \"https:\/\/nuestrosescritores.com\/josemarialopezarcas\/wp-content\/plugins\/ultimate-row-background\/css\/overlays\/0'.esc_attr(1.png).'\",\n        transitionDuration: 4e3,\n        delay: 7000,\n        slides: [{src: \"https:\/\/nuestrosescritores.com\/josemarialopezarcas\/wp-content\/uploads\/sites\/79\/2021\/03\/mpfyahvq_sw-scaled.jpg\",transition: \"fade2\",transitionDuration: 5000},{src: \"https:\/\/nuestrosescritores.com\/josemarialopezarcas\/wp-content\/uploads\/sites\/79\/2021\/03\/mqsagl9gr90-scaled.jpg\",transition: \"fade2\",transitionDuration: 5000},{src: \"https:\/\/nuestrosescritores.com\/josemarialopezarcas\/wp-content\/uploads\/sites\/79\/2021\/03\/3drb0n4pl3u-scaled.jpg\",transition: \"fade2\",transitionDuration: 5000},{src: \"https:\/\/nuestrosescritores.com\/josemarialopezarcas\/wp-content\/uploads\/sites\/79\/2021\/03\/0po7hb4qqee-scaled.jpg\",transition: \"fade2\",transitionDuration: 5000},]\n    });\t\t\n})(jQuery);\n<\/script><div class=\"rowvcpt-overlay\" style=\"background:rgba(255,255,255,0.69)\"><\/div><\/div><div id=\"uvc-type-wrap-2001\"  data-ultimate-target='#uvc-type-wrap-2001'  data-responsive-json-new='{\"font-size\":\"\",\"line-height\":\"\"}'  class=\"uvc-type-wrap vc_custom_1615722909542 ult-adjust-bottom-margin ult-responsive  uvc-type-align-center uvc-type-no-prefix uvc-wrap-396778438169df4865c3610\" style=\"text-align:center;\"><span id=\"typed-396778438169df4865c3610\" class=\"ultimate-typed-main \" style=\" font-weight:bold; text-transform: unset;\"><\/span><script type=\"text\/javascript\">\n\t\t\t\t\t\tjQuery(function($){ \n\t\t\t\t\t\t\t$(document).ready(function(){\n\t\t\t\t\t\t\t\tif( typeof jQuery(\"#typed-396778438169df4865c3610\").typed == \"function\"){\n\t\t\t\t\t\t\t\t\t$(\"#typed-396778438169df4865c3610\").typed({\n\t\t\t\t\t\t\t\t\t\tstrings: [\"Obra po\u00e9tica intimista que reflexiona, a coraz\u00f3n abierto, sobre el sentido de la existencia y de la vida, navegando por la trayectoria vital \u2014el camino\u2014 que supone e implica, a cada persona y a todas en conjunto, la propia condici\u00f3n humana.\"],\n\t\t\t\t\t\t\t\t\t\ttypeSpeed: 35,\n\t\t\t\t\t\t\t\t\t\tbackSpeed: 0,\n\t\t\t\t\t\t\t\t\t\tstartDelay: \"200\",\n\t\t\t\t\t\t\t\t\t\tbackDelay: \"1500\",\n\t\t\t\t\t\t\t\t\t\tloop: true,\n\t\t\t\t\t\t\t\t\t\tloopCount: false,\n\t\t\t\t\t\t\t\t\t\tshowCursor: true,\n\t\t\t\t\t\t\t\t\t\tcursorChar: \"|\",\n\t\t\t\t\t\t\t\t\t\tattr: null\n\t\t\t\t\t\t\t\t\t});\n\t\t\t\t\t\t\t\t}\n\t\t\t\t\t\t\t});\n\t\t\t\t\t\t});\n\t\t\t\t\t<\/script><\/div>[\/vc_column][\/vc_row][vc_row][vc_column extend=&#8221;false&#8221;]<div class=\"gambit_fullheight_row\" data-content-location=\"center\" style=\"display: none\"><\/div><div class='gambit_parallax_row' data-bg-align='' data-direction='fixed' data-opacity='50' data-velocity='-0.3' data-mobile-enabled='parallax-enable-mobile' data-bg-height='554' data-bg-width='1366' data-bg-image='https:\/\/nuestrosescritores.com\/josemarialopezarcas\/wp-content\/uploads\/sites\/79\/2021\/03\/JoseMariaLopezArcas-SSquare_Alargado-Medium.jpg' data-bg-repeat='false' data-id='' style='display: none'><\/div>[vc_column_text]\n<p style=\"text-align: center;\"><a class=\"fasc-button fasc-size-xlarge fasc-type-glossy fasc-rounded-medium\" style=\"background-color: #2b3336; color: #ffffff;\" href=\"https:\/\/gepa.es\/book-author\/jose-maria-lopez-arcas-lostalet\/\">COMPRA SUS LIBROS<\/a><\/p>\n[\/vc_column_text][\/vc_column][\/vc_row][vc_row][vc_column extend=&#8221;false&#8221;][vc_column_text css=&#8221;.vc_custom_1541094574844{margin-top: -30000px !important;}&#8221;]\n<p>JOS\u00c9 MAR\u00cdA L\u00d3PEZ-ARCAS LOSTALET es el escritor de EN EL CAMINO. . el escritor y poeta acaba de publicar un libro de poes\u00eda con la Editorial Poes\u00eda eres t\u00fa. Considerado como uno de los mejores poetas espa\u00f1oles.<br \/>\nEN EL CAMINO. ha sido escrito por JOS\u00c9 MAR\u00cdA L\u00d3PEZ-ARCAS LOSTALET Considerado como uno de los mejores poetas espa\u00f1oles, algunos afirman que es el mejor poeta espa\u00f1ol. el escritor sabe como publicar un libro de poes\u00eda con la Editorial Poes\u00eda eres t\u00fa<br \/>\nTrabajamos con distribuidoras de libros que acercan los libros a las librer\u00edas, pero contamos tambi\u00e9n con las siguientes librerias de apoyo en internet para que ning\u00fan lector se quede sin su libro de poes\u00eda: Libreria GEPA, Libreria Website, La librer\u00eda del escritor, El rinc\u00f3n de los libros.<\/p>\n<p>Informamos de como publicar un libro y el precio de publicar un libro<\/p>\n<p>As\u00ed mismo colaboramos con la Asociaci\u00f3n de editores de poes\u00eda y la Asociaci\u00f3n Madrile\u00f1a de escritores y cr\u00edticos literarios (Cr\u00edtica de Vigo).<\/p>\n<p>Trabajamos con varias imprentas y contamos con nuestra propia imprenta Herederos de Izquierdo y Vigo impresores.<\/p>\n<p>Puedes conocernos en nuestra p\u00e1gina del Grupo Editorial. Contamos con una sede en Vigo y otra en Jumilla (Murcia)<\/p>\n<p>Somos especialitas en la edici\u00f3n del libro de poes\u00eda<\/p>\n<p>JOS\u00c9 MAR\u00cdA L\u00d3PEZ-ARCAS LOSTALET Considerado como uno de los mejores poetas espa\u00f1oles, algunos afirman que es el mejor poeta espa\u00f1oles es el escritor de EN EL CAMINO. . El poeta conoce el precio de publicar un libro de poes\u00eda con la Editorial Poes\u00eda eres t\u00fa<\/p>\n<p>JOS\u00c9 MAR\u00cdA L\u00d3PEZ-ARCAS LOSTALET Considerado como uno de los mejores poetas espa\u00f1oles, algunos afirman que es el mejor poeta espa\u00f1oles es el escritor de EN EL CAMINO. . La poeta sabe como publicar un libro de poes\u00eda con la Editorial Poes\u00eda eres t\u00fa<br \/>\nJOS\u00c9 MAR\u00cdA L\u00d3PEZ-ARCAS LOSTALET considerado como uno de los mejores poetas espa\u00f1oles, algunos afirman que es el mejor poeta espa\u00f1ol es el escritor de EN EL CAMINO. . La poeta sabe el precio de publicar un libro de poes\u00eda con la Editorial Poes\u00eda eres t\u00fa<\/p>\n<p>El Grupo Editorial P\u00e9rez-Ayala, est\u00e1 formado por los siguientes sellos editoriales: Editorial Poes\u00eda eres t\u00fa, Ediciones Rilke Editorial poes\u00eda, Editorial Ediciones Amaniel, Editorial Ediciones Azor\u00edn un sello regional para Alicante y Murcia.<\/p>\n<p>Para ayudar a la promoci\u00f3n de los libros contamos con diferentes plataformas en internet como Poes\u00eda Televisi\u00f3n, libro de poes\u00eda, Club de poes\u00eda, Blog de escritor, Blog de poes\u00eda, Agencia del libro, Nuestras librerias, Publicar libro &#8211; Publicar un libro, Revista Poes\u00eda eres t\u00fa, Antolog\u00edas po\u00e9ticas, Poes\u00eda y poetas.[\/vc_column_text][\/vc_column][\/vc_row]\n<\/div>","protected":false},"excerpt":{"rendered":"<p>[vc_row][vc_column extend=&#8221;false&#8221;][vc_column_text css=&#8221;.vc_custom_1609672078213{margin-top: -30000px !important;}&#8221;]JOS\u00c9 MAR\u00cdA L\u00d3PEZ-ARCAS LOSTALET es el escritor de EN EL CAMINO. &nbsp;el escritor y poeta acaba de publicar un libro de poes\u00eda con la Editorial Poes\u00eda eres t\u00fa. Considerado como una de las mejores poetas espa\u00f1olas. EN EL CAMINO. ha sido escrito por JOS\u00c9 MAR\u00cdA L\u00d3PEZ-ARCAS LOSTALET Considerado como uno de [&hellip;]<\/p>\n","protected":false},"author":1,"featured_media":0,"parent":0,"menu_order":0,"comment_status":"closed","ping_status":"closed","template":"","meta":{"_acf_changed":false,"footnotes":""},"class_list":["post-8","page","type-page","status-publish","hentry"],"acf":[],"yoast_head":"<!-- This site is optimized with the Yoast SEO Premium plugin v24.7 (Yoast SEO v27.4) - https:\/\/yoast.com\/product\/yoast-seo-premium-wordpress\/ -->\n<title>JOS\u00c9 MAR\u00cdA L\u00d3PEZ-ARCAS LOSTALET - Jos\u00e9 Mar\u00eda L\u00f3pez-Arcas Lostalet<\/title>\n<meta name=\"description\" content=\"JOS\u00c9 MAR\u00cdA L\u00d3PEZ-ARCAS LOSTALET es el escritor del libro de poes\u00eda EN EL CAMINO publicado por la editorial de poes\u00eda Ediciones Rilke 2021\" \/>\n<meta name=\"robots\" content=\"index, follow, max-snippet:-1, max-image-preview:large, max-video-preview:-1\" \/>\n<link rel=\"canonical\" href=\"https:\/\/nuestrosescritores.com\/josemarialopezarcas\/\" \/>\n<meta property=\"og:locale\" content=\"es_ES\" \/>\n<meta property=\"og:type\" content=\"article\" \/>\n<meta property=\"og:title\" content=\"JOS\u00c9 MAR\u00cdA L\u00d3PEZ-ARCAS LOSTALET\" \/>\n<meta property=\"og:description\" content=\"JOS\u00c9 MAR\u00cdA L\u00d3PEZ-ARCAS LOSTALET es el escritor del libro de poes\u00eda EN EL CAMINO publicado por la editorial de poes\u00eda Ediciones Rilke 2021\" \/>\n<meta property=\"og:url\" content=\"https:\/\/nuestrosescritores.com\/josemarialopezarcas\/\" \/>\n<meta property=\"og:site_name\" content=\"Jos\u00e9 Mar\u00eda L\u00f3pez-Arcas Lostalet\" \/>\n<meta property=\"article:modified_time\" content=\"2022-02-26T17:27:29+00:00\" \/>\n<meta name=\"twitter:card\" content=\"summary_large_image\" \/>\n<meta name=\"twitter:label1\" content=\"Tiempo de lectura\" \/>\n\t<meta name=\"twitter:data1\" content=\"6 minutos\" \/>\n<script type=\"application\/ld+json\" class=\"yoast-schema-graph\">{\"@context\":\"https:\\\/\\\/schema.org\",\"@graph\":[{\"@type\":\"WebPage\",\"@id\":\"https:\\\/\\\/nuestrosescritores.com\\\/josemarialopezarcas\\\/\",\"url\":\"https:\\\/\\\/nuestrosescritores.com\\\/josemarialopezarcas\\\/\",\"name\":\"JOS\u00c9 MAR\u00cdA L\u00d3PEZ-ARCAS LOSTALET - Jos\u00e9 Mar\u00eda L\u00f3pez-Arcas Lostalet\",\"isPartOf\":{\"@id\":\"https:\\\/\\\/nuestrosescritores.com\\\/josemarialopezarcas\\\/#website\"},\"datePublished\":\"2021-03-14T12:01:47+00:00\",\"dateModified\":\"2022-02-26T17:27:29+00:00\",\"description\":\"JOS\u00c9 MAR\u00cdA L\u00d3PEZ-ARCAS LOSTALET es el escritor del libro de poes\u00eda EN EL CAMINO publicado por la editorial de poes\u00eda Ediciones Rilke 2021\",\"breadcrumb\":{\"@id\":\"https:\\\/\\\/nuestrosescritores.com\\\/josemarialopezarcas\\\/#breadcrumb\"},\"inLanguage\":\"es\",\"potentialAction\":[{\"@type\":\"ReadAction\",\"target\":[\"https:\\\/\\\/nuestrosescritores.com\\\/josemarialopezarcas\\\/\"]}]},{\"@type\":\"BreadcrumbList\",\"@id\":\"https:\\\/\\\/nuestrosescritores.com\\\/josemarialopezarcas\\\/#breadcrumb\",\"itemListElement\":[{\"@type\":\"ListItem\",\"position\":1,\"name\":\"Portada\",\"item\":\"https:\\\/\\\/nuestrosescritores.com\\\/josemarialopezarcas\\\/\"},{\"@type\":\"ListItem\",\"position\":2,\"name\":\"JOS\u00c9 MAR\u00cdA L\u00d3PEZ-ARCAS LOSTALET\"}]},{\"@type\":\"WebSite\",\"@id\":\"https:\\\/\\\/nuestrosescritores.com\\\/josemarialopezarcas\\\/#website\",\"url\":\"https:\\\/\\\/nuestrosescritores.com\\\/josemarialopezarcas\\\/\",\"name\":\"Nuestros escritores\",\"description\":\"Escritor\",\"potentialAction\":[{\"@type\":\"SearchAction\",\"target\":{\"@type\":\"EntryPoint\",\"urlTemplate\":\"https:\\\/\\\/nuestrosescritores.com\\\/josemarialopezarcas\\\/?s={search_term_string}\"},\"query-input\":{\"@type\":\"PropertyValueSpecification\",\"valueRequired\":true,\"valueName\":\"search_term_string\"}}],\"inLanguage\":\"es\"}]}<\/script>\n<!-- \/ Yoast SEO Premium plugin. -->","yoast_head_json":{"title":"JOS\u00c9 MAR\u00cdA L\u00d3PEZ-ARCAS LOSTALET - Jos\u00e9 Mar\u00eda L\u00f3pez-Arcas Lostalet","description":"JOS\u00c9 MAR\u00cdA L\u00d3PEZ-ARCAS LOSTALET es el escritor del libro de poes\u00eda EN EL CAMINO publicado por la editorial de poes\u00eda Ediciones Rilke 2021","robots":{"index":"index","follow":"follow","max-snippet":"max-snippet:-1","max-image-preview":"max-image-preview:large","max-video-preview":"max-video-preview:-1"},"canonical":"https:\/\/nuestrosescritores.com\/josemarialopezarcas\/","og_locale":"es_ES","og_type":"article","og_title":"JOS\u00c9 MAR\u00cdA L\u00d3PEZ-ARCAS LOSTALET","og_description":"JOS\u00c9 MAR\u00cdA L\u00d3PEZ-ARCAS LOSTALET es el escritor del libro de poes\u00eda EN EL CAMINO publicado por la editorial de poes\u00eda Ediciones Rilke 2021","og_url":"https:\/\/nuestrosescritores.com\/josemarialopezarcas\/","og_site_name":"Jos\u00e9 Mar\u00eda L\u00f3pez-Arcas Lostalet","article_modified_time":"2022-02-26T17:27:29+00:00","twitter_card":"summary_large_image","twitter_misc":{"Tiempo de lectura":"6 minutos"},"schema":{"@context":"https:\/\/schema.org","@graph":[{"@type":"WebPage","@id":"https:\/\/nuestrosescritores.com\/josemarialopezarcas\/","url":"https:\/\/nuestrosescritores.com\/josemarialopezarcas\/","name":"JOS\u00c9 MAR\u00cdA L\u00d3PEZ-ARCAS LOSTALET - Jos\u00e9 Mar\u00eda L\u00f3pez-Arcas Lostalet","isPartOf":{"@id":"https:\/\/nuestrosescritores.com\/josemarialopezarcas\/#website"},"datePublished":"2021-03-14T12:01:47+00:00","dateModified":"2022-02-26T17:27:29+00:00","description":"JOS\u00c9 MAR\u00cdA L\u00d3PEZ-ARCAS LOSTALET es el escritor del libro de poes\u00eda EN EL CAMINO publicado por la editorial de poes\u00eda Ediciones Rilke 2021","breadcrumb":{"@id":"https:\/\/nuestrosescritores.com\/josemarialopezarcas\/#breadcrumb"},"inLanguage":"es","potentialAction":[{"@type":"ReadAction","target":["https:\/\/nuestrosescritores.com\/josemarialopezarcas\/"]}]},{"@type":"BreadcrumbList","@id":"https:\/\/nuestrosescritores.com\/josemarialopezarcas\/#breadcrumb","itemListElement":[{"@type":"ListItem","position":1,"name":"Portada","item":"https:\/\/nuestrosescritores.com\/josemarialopezarcas\/"},{"@type":"ListItem","position":2,"name":"JOS\u00c9 MAR\u00cdA L\u00d3PEZ-ARCAS LOSTALET"}]},{"@type":"WebSite","@id":"https:\/\/nuestrosescritores.com\/josemarialopezarcas\/#website","url":"https:\/\/nuestrosescritores.com\/josemarialopezarcas\/","name":"Nuestros escritores","description":"Escritor","potentialAction":[{"@type":"SearchAction","target":{"@type":"EntryPoint","urlTemplate":"https:\/\/nuestrosescritores.com\/josemarialopezarcas\/?s={search_term_string}"},"query-input":{"@type":"PropertyValueSpecification","valueRequired":true,"valueName":"search_term_string"}}],"inLanguage":"es"}]}},"_links":{"self":[{"href":"https:\/\/nuestrosescritores.com\/josemarialopezarcas\/wp-json\/wp\/v2\/pages\/8","targetHints":{"allow":["GET"]}}],"collection":[{"href":"https:\/\/nuestrosescritores.com\/josemarialopezarcas\/wp-json\/wp\/v2\/pages"}],"about":[{"href":"https:\/\/nuestrosescritores.com\/josemarialopezarcas\/wp-json\/wp\/v2\/types\/page"}],"author":[{"embeddable":true,"href":"https:\/\/nuestrosescritores.com\/josemarialopezarcas\/wp-json\/wp\/v2\/users\/1"}],"replies":[{"embeddable":true,"href":"https:\/\/nuestrosescritores.com\/josemarialopezarcas\/wp-json\/wp\/v2\/comments?post=8"}],"version-history":[{"count":0,"href":"https:\/\/nuestrosescritores.com\/josemarialopezarcas\/wp-json\/wp\/v2\/pages\/8\/revisions"}],"wp:attachment":[{"href":"https:\/\/nuestrosescritores.com\/josemarialopezarcas\/wp-json\/wp\/v2\/media?parent=8"}],"curies":[{"name":"wp","href":"https:\/\/api.w.org\/{rel}","templated":true}]}}