{"id":73,"date":"2021-03-14T17:37:00","date_gmt":"2021-03-14T17:37:00","guid":{"rendered":"https:\/\/nuestrosescritores.com\/josemarialopezarcas\/?page_id=73"},"modified":"2021-03-14T18:07:18","modified_gmt":"2021-03-14T18:07:18","slug":"poesia","status":"publish","type":"page","link":"https:\/\/nuestrosescritores.com\/josemarialopezarcas\/poesia\/","title":{"rendered":"Poes\u00eda"},"content":{"rendered":"<div class=\"wpb-content-wrapper\">[vc_row full_width=&#8221;stretch_row_content_no_spaces&#8221;][vc_column extend=&#8221;false&#8221;]<div class='gambit_parallax_row' data-bg-align='' data-direction='fixed' data-opacity='100' data-velocity='-0.3' data-mobile-enabled='' data-bg-height='1703' data-bg-width='2560' data-bg-image='https:\/\/nuestrosescritores.com\/josemarialopezarcas\/wp-content\/uploads\/sites\/79\/2021\/03\/493arzwzpxm-scaled.jpg' data-bg-repeat='false' data-id='' style='display: none'><\/div><div class=\"gambit_fullheight_row\" data-content-location=\"center\" style=\"display: none\"><\/div>[\/vc_column][\/vc_row][vc_row][vc_column extend=&#8221;false&#8221;][vc_column_text]\n<h1><a name=\"_Toc65262596\"><\/a><strong>A la sombra del mar<\/strong><\/h1>\n<p>&nbsp;<\/p>\n<p>&nbsp;<\/p>\n<p>A la sombra del mar,<\/p>\n<p>el navegante hace su camino,<\/p>\n<p>dejando una estela de plata<\/p>\n<p>que le lleva a su destino.<\/p>\n<p>&nbsp;<\/p>\n<p>Marca su rumbo<\/p>\n<p>en la incierta inmensidad.<\/p>\n<p>Mira al cielo,<\/p>\n<p>para vencer la oscuridad.<\/p>\n<p>&nbsp;<\/p>\n<p>Detr\u00e1s, se cierra el mar.<\/p>\n<p>Delante, se abre la esperanza,<\/p>\n<p>que le ve pasar,<\/p>\n<p>hacia su puerto en lontananza,<\/p>\n<p>a la sombra del mar.<\/p>\n<p>&nbsp;<\/p>\n<p>&nbsp;<\/p>\n<p>&nbsp;<\/p>\n<span class='bctt-click-to-tweet'><span class='bctt-ctt-text'><a href='https:\/\/x.com\/intent\/tweet?url=https%3A%2F%2Fnuestrosescritores.com%2Fjosemarialopezarcas%2Fpoesia%2F&#038;text=A%20la%20sombra%20del%20mar%20del%20libro%20EN%20EL%20CAMINO%20de%20JOS%C3%89%20MAR%C3%8DA%20L%C3%93PEZ-ARCAS%20LOSTALET&#038;via=poesiaerestu&#038;related=poesiaerestu' target='_blank'rel=\"noopener noreferrer\">A la sombra del mar del libro EN EL CAMINO de JOS\u00c9 MAR\u00cdA L\u00d3PEZ-ARCAS LOSTALET <\/a><\/span><a href='https:\/\/x.com\/intent\/tweet?url=https%3A%2F%2Fnuestrosescritores.com%2Fjosemarialopezarcas%2Fpoesia%2F&#038;text=A%20la%20sombra%20del%20mar%20del%20libro%20EN%20EL%20CAMINO%20de%20JOS%C3%89%20MAR%C3%8DA%20L%C3%93PEZ-ARCAS%20LOSTALET&#038;via=poesiaerestu&#038;related=poesiaerestu' target='_blank' class='bctt-ctt-btn'rel=\"noopener noreferrer\">Compartir en X<\/a><\/span>[\/vc_column_text][\/vc_column][\/vc_row][vc_row full_width=&#8221;stretch_row_content_no_spaces&#8221;][vc_column extend=&#8221;false&#8221;]<div class='gambit_parallax_row' data-bg-align='' data-direction='fixed' data-opacity='100' data-velocity='-0.3' data-mobile-enabled='' data-bg-height='1707' data-bg-width='2560' data-bg-image='https:\/\/nuestrosescritores.com\/josemarialopezarcas\/wp-content\/uploads\/sites\/79\/2021\/03\/jl6jwowad74-scaled.jpg' data-bg-repeat='false' data-id='' style='display: none'><\/div><div class=\"gambit_fullheight_row\" data-content-location=\"center\" style=\"display: none\"><\/div>[\/vc_column][\/vc_row][vc_row][vc_column extend=&#8221;false&#8221;][vc_column_text]\n<h1><a name=\"_Toc65262598\"><\/a><strong>La vista atr\u00e1s<\/strong><\/h1>\n<p>&nbsp;<\/p>\n<p>&nbsp;<\/p>\n<p>En el atardecer de su vida,<\/p>\n<p>echa la vista atr\u00e1s<\/p>\n<p>y vuelve a recorrer<\/p>\n<p>lo que ya vivi\u00f3.<\/p>\n<p>&nbsp;<\/p>\n<p>Sabe que sus sue\u00f1os<\/p>\n<p>no pod\u00edan cumplirse,<\/p>\n<p>no se han cumplido,<\/p>\n<p>y no se cumplir\u00e1n jam\u00e1s.<\/p>\n<p>&nbsp;<\/p>\n<p>Y, sin embargo, no sufre.<\/p>\n<p>Sabe ya que la vida es as\u00ed<\/p>\n<p>y acepta que es tan solo<\/p>\n<p>un ser humano m\u00e1s.<\/p>\n<p>&nbsp;<\/p>\n<p>Sabe que vivi\u00f3 como otros,<\/p>\n<p>sin nada extraordinario,<\/p>\n<p>tan solo cumpliendo<\/p>\n<p>el ciclo de tantas vidas.<\/p>\n<p>&nbsp;<\/p>\n<p>&nbsp;<\/p>\n<p>&nbsp;<\/p>\n<p>&nbsp;<\/p>\n<p>&nbsp;<\/p>\n<p>Y acepta, en paz, su destino<\/p>\n<p>sin resistirse, sin ira,<\/p>\n<p>comprendiendo c\u00f3mo son las cosas,<\/p>\n<p>ahora que est\u00e1 al final de su camino.<\/p>\n<p>&nbsp;<\/p>\n<span class='bctt-click-to-tweet'><span class='bctt-ctt-text'><a href='https:\/\/x.com\/intent\/tweet?url=https%3A%2F%2Fnuestrosescritores.com%2Fjosemarialopezarcas%2Fpoesia%2F&#038;text=La%20vista%20atr%C3%A1s%C2%A0del%20libro%20EN%20EL%20CAMINO%20de%20JOS%C3%89%20MAR%C3%8DA%20L%C3%93PEZ-ARCAS%20LOSTALET&#038;via=poesiaerestu&#038;related=poesiaerestu' target='_blank'rel=\"noopener noreferrer\">La vista atr\u00e1s&nbsp;del libro EN EL CAMINO de JOS\u00c9 MAR\u00cdA L\u00d3PEZ-ARCAS LOSTALET <\/a><\/span><a href='https:\/\/x.com\/intent\/tweet?url=https%3A%2F%2Fnuestrosescritores.com%2Fjosemarialopezarcas%2Fpoesia%2F&#038;text=La%20vista%20atr%C3%A1s%C2%A0del%20libro%20EN%20EL%20CAMINO%20de%20JOS%C3%89%20MAR%C3%8DA%20L%C3%93PEZ-ARCAS%20LOSTALET&#038;via=poesiaerestu&#038;related=poesiaerestu' target='_blank' class='bctt-ctt-btn'rel=\"noopener noreferrer\">Compartir en X<\/a><\/span>\n<p>&nbsp;<\/p>\n<p>&nbsp;[\/vc_column_text][\/vc_column][\/vc_row][vc_row][vc_column extend=&#8221;false&#8221;]<div class='gambit_parallax_row' data-bg-align='' data-direction='fixed' data-opacity='100' data-velocity='-0.3' data-mobile-enabled='' data-bg-height='1707' data-bg-width='2560' data-bg-image='https:\/\/nuestrosescritores.com\/josemarialopezarcas\/wp-content\/uploads\/sites\/79\/2021\/03\/ohjmwb4xwle-scaled.jpg' data-bg-repeat='false' data-id='' style='display: none'><\/div><div class=\"gambit_fullheight_row\" data-content-location=\"center\" style=\"display: none\"><\/div>[\/vc_column][\/vc_row][vc_row][vc_column extend=&#8221;false&#8221;][vc_column_text]\n<h1><a name=\"_Toc65262604\"><\/a><strong>Un mal d\u00eda<\/strong><\/h1>\n<p>&nbsp;<\/p>\n<p>&nbsp;<\/p>\n<p>A veces<\/p>\n<p>sientes que la vida se desmorona<\/p>\n<p>ante ti.<\/p>\n<p>&nbsp;<\/p>\n<p>Te sientes<\/p>\n<p>abandonado, maltratado,<\/p>\n<p>dejado, vencido.<\/p>\n<p>&nbsp;<\/p>\n<p>Te crees<\/p>\n<p>peor de lo que nunca has sido,<\/p>\n<p>in\u00fatil, vac\u00edo, sombr\u00edo.<\/p>\n<p>&nbsp;<\/p>\n<p>No sabes<\/p>\n<p>c\u00f3mo salir y seguir adelante,<\/p>\n<p>c\u00f3mo protegerte de otros fracasos.<\/p>\n<p>&nbsp;<\/p>\n<p>No sientes<\/p>\n<p>el valor para luchar,<\/p>\n<p>ni la energ\u00eda para aceptar el riesgo.<\/p>\n<p>&nbsp;<\/p>\n<p>Te pones<\/p>\n<p>otra vez tu disfraz de valiente,<\/p>\n<p>tu rostro impenetrable.<\/p>\n<p>&nbsp;<\/p>\n<p>Y sigues.<\/p>\n<p>&nbsp;<\/p>\n<p>&nbsp;<\/p>\n<p>&nbsp;<\/p>\n<p>&nbsp;<\/p>\n<span class='bctt-click-to-tweet'><span class='bctt-ctt-text'><a href='https:\/\/x.com\/intent\/tweet?url=https%3A%2F%2Fnuestrosescritores.com%2Fjosemarialopezarcas%2Fpoesia%2F&#038;text=Un%20mal%20d%C3%ADa%C2%A0del%20libro%20EN%20EL%20CAMINO%20de%20JOS%C3%89%20MAR%C3%8DA%20L%C3%93PEZ-ARCAS%20LOSTALET&#038;via=poesiaerestu&#038;related=poesiaerestu' target='_blank'rel=\"noopener noreferrer\">Un mal d\u00eda&nbsp;del libro EN EL CAMINO de JOS\u00c9 MAR\u00cdA L\u00d3PEZ-ARCAS LOSTALET <\/a><\/span><a href='https:\/\/x.com\/intent\/tweet?url=https%3A%2F%2Fnuestrosescritores.com%2Fjosemarialopezarcas%2Fpoesia%2F&#038;text=Un%20mal%20d%C3%ADa%C2%A0del%20libro%20EN%20EL%20CAMINO%20de%20JOS%C3%89%20MAR%C3%8DA%20L%C3%93PEZ-ARCAS%20LOSTALET&#038;via=poesiaerestu&#038;related=poesiaerestu' target='_blank' class='bctt-ctt-btn'rel=\"noopener noreferrer\">Compartir en X<\/a><\/span>[\/vc_column_text][\/vc_column][\/vc_row][vc_row][vc_column extend=&#8221;false&#8221;]<div class='gambit_parallax_row' data-bg-align='' data-direction='fixed' data-opacity='100' data-velocity='-0.3' data-mobile-enabled='' data-bg-height='1707' data-bg-width='2560' data-bg-image='https:\/\/nuestrosescritores.com\/josemarialopezarcas\/wp-content\/uploads\/sites\/79\/2021\/03\/18ncsez8h50-scaled.jpg' data-bg-repeat='false' data-id='' style='display: none'><\/div><div class=\"gambit_fullheight_row\" data-content-location=\"center\" style=\"display: none\"><\/div>[\/vc_column][\/vc_row][vc_row][vc_column extend=&#8221;false&#8221;][vc_column_text]\n<h1><a name=\"_Toc65262609\"><\/a><strong>Mirando la vida<\/strong><\/h1>\n<p>&nbsp;<\/p>\n<p>&nbsp;<\/p>\n<p>Si quieres ver la vida,<\/p>\n<p>mira en sus ojos negros,<\/p>\n<p>hermosos, humildes, sencillos,<\/p>\n<p>transparentes, cercanos,<\/p>\n<p>sonrientes, amorosos.<\/p>\n<p>En ellos est\u00e1.<\/p>\n<p>&nbsp;<\/p>\n<p>Si quieres ver la vida,<\/p>\n<p>mira su coraz\u00f3n de madre,<\/p>\n<p>cercano, entregado, verdadero,<\/p>\n<p>libre, honrado, desinteresado,<\/p>\n<p>de siempre, por siempre y para siempre.<\/p>\n<p>En \u00e9l est\u00e1.<\/p>\n<p>&nbsp;<\/p>\n<p>Si quieres ver la vida,<\/p>\n<p>la tienes en su alma.<\/p>\n<p>Si quieres ver la vida,<\/p>\n<p>mira en sus ojos y su coraz\u00f3n.<\/p>\n<p>La ver\u00e1s y la vivir\u00e1s tambi\u00e9n t\u00fa.<\/p>\n<p>&nbsp;<\/p>\n<p>&nbsp;<\/p>\n<p>&nbsp;<\/p>\n<p>&nbsp;<\/p>\n<span class='bctt-click-to-tweet'><span class='bctt-ctt-text'><a href='https:\/\/x.com\/intent\/tweet?url=https%3A%2F%2Fnuestrosescritores.com%2Fjosemarialopezarcas%2Fpoesia%2F&#038;text=Mirando%20la%20vida%C2%A0del%20libro%20EN%20EL%20CAMINO%20de%20JOS%C3%89%20MAR%C3%8DA%20L%C3%93PEZ-ARCAS%20LOSTALET&#038;via=poesiaerestu&#038;related=poesiaerestu' target='_blank'rel=\"noopener noreferrer\">Mirando la vida&nbsp;del libro EN EL CAMINO de JOS\u00c9 MAR\u00cdA L\u00d3PEZ-ARCAS LOSTALET <\/a><\/span><a href='https:\/\/x.com\/intent\/tweet?url=https%3A%2F%2Fnuestrosescritores.com%2Fjosemarialopezarcas%2Fpoesia%2F&#038;text=Mirando%20la%20vida%C2%A0del%20libro%20EN%20EL%20CAMINO%20de%20JOS%C3%89%20MAR%C3%8DA%20L%C3%93PEZ-ARCAS%20LOSTALET&#038;via=poesiaerestu&#038;related=poesiaerestu' target='_blank' class='bctt-ctt-btn'rel=\"noopener noreferrer\">Compartir en X<\/a><\/span>[\/vc_column_text][\/vc_column][\/vc_row][vc_row][vc_column extend=&#8221;false&#8221;]<div class='gambit_parallax_row' data-bg-align='' data-direction='fixed' data-opacity='100' data-velocity='-0.3' data-mobile-enabled='' data-bg-height='554' data-bg-width='1366' data-bg-image='https:\/\/nuestrosescritores.com\/josemarialopezarcas\/wp-content\/uploads\/sites\/79\/2021\/03\/JoseMariaLopezArcas-SSquare_Alargado-Medium.jpg' data-bg-repeat='false' data-id='' style='display: none'><\/div><div class=\"gambit_fullheight_row\" data-content-location=\"center\" style=\"display: none\"><\/div>[vc_column_text]\n<p style=\"text-align: center;\"><a class=\"fasc-button fasc-size-xlarge fasc-type-glossy fasc-rounded-medium\" style=\"background-color: #33809e; color: #ffffff;\" href=\"https:\/\/librodepoesia.com\/producto\/en-el-camino-jose-maria-lopez-arcas-lostalet\/\">Comprar el libro<\/a><\/p>\n[\/vc_column_text][\/vc_column][\/vc_row]\n<\/div>","protected":false},"excerpt":{"rendered":"<p>[vc_row full_width=&#8221;stretch_row_content_no_spaces&#8221;][vc_column extend=&#8221;false&#8221;][\/vc_column][\/vc_row][vc_row][vc_column extend=&#8221;false&#8221;][vc_column_text] A la sombra del mar &nbsp; &nbsp; A la sombra del mar, el navegante hace su camino, dejando una estela de plata que le lleva a su destino. &nbsp; Marca su rumbo en la incierta inmensidad. Mira al cielo, para vencer la oscuridad. &nbsp; Detr\u00e1s, se cierra el mar. Delante, se [&hellip;]<\/p>\n","protected":false},"author":1,"featured_media":0,"parent":0,"menu_order":0,"comment_status":"closed","ping_status":"closed","template":"","meta":{"_acf_changed":false,"footnotes":""},"class_list":["post-73","page","type-page","status-publish","hentry"],"acf":[],"yoast_head":"<!-- This site is optimized with the Yoast SEO Premium plugin v24.7 (Yoast SEO v27.4) - https:\/\/yoast.com\/product\/yoast-seo-premium-wordpress\/ -->\n<title>Poes\u00eda - Jos\u00e9 Mar\u00eda L\u00f3pez-Arcas Lostalet<\/title>\n<meta name=\"description\" content=\"Poes\u00eda del libro EN EL CAMINO, el escritor JOS\u00c9 MAR\u00cdA L\u00d3PEZ-ARCAS LOSTALET nos da una muestra tras publicar su libro.\" \/>\n<meta name=\"robots\" content=\"index, follow, max-snippet:-1, max-image-preview:large, max-video-preview:-1\" \/>\n<link rel=\"canonical\" href=\"https:\/\/nuestrosescritores.com\/josemarialopezarcas\/poesia\/\" \/>\n<meta property=\"og:locale\" content=\"es_ES\" \/>\n<meta property=\"og:type\" content=\"article\" \/>\n<meta property=\"og:title\" content=\"Poes\u00eda\" \/>\n<meta property=\"og:description\" content=\"Poes\u00eda del libro EN EL CAMINO, el escritor JOS\u00c9 MAR\u00cdA L\u00d3PEZ-ARCAS LOSTALET nos da una muestra tras publicar su libro.\" \/>\n<meta property=\"og:url\" content=\"https:\/\/nuestrosescritores.com\/josemarialopezarcas\/poesia\/\" \/>\n<meta property=\"og:site_name\" content=\"Jos\u00e9 Mar\u00eda L\u00f3pez-Arcas Lostalet\" \/>\n<meta property=\"article:modified_time\" content=\"2021-03-14T18:07:18+00:00\" \/>\n<meta name=\"twitter:card\" content=\"summary_large_image\" \/>\n<meta name=\"twitter:label1\" content=\"Tiempo de lectura\" \/>\n\t<meta name=\"twitter:data1\" content=\"2 minutos\" \/>\n<script type=\"application\/ld+json\" class=\"yoast-schema-graph\">{\"@context\":\"https:\\\/\\\/schema.org\",\"@graph\":[{\"@type\":\"WebPage\",\"@id\":\"https:\\\/\\\/nuestrosescritores.com\\\/josemarialopezarcas\\\/poesia\\\/\",\"url\":\"https:\\\/\\\/nuestrosescritores.com\\\/josemarialopezarcas\\\/poesia\\\/\",\"name\":\"Poes\u00eda - Jos\u00e9 Mar\u00eda L\u00f3pez-Arcas Lostalet\",\"isPartOf\":{\"@id\":\"https:\\\/\\\/nuestrosescritores.com\\\/josemarialopezarcas\\\/#website\"},\"datePublished\":\"2021-03-14T17:37:00+00:00\",\"dateModified\":\"2021-03-14T18:07:18+00:00\",\"description\":\"Poes\u00eda del libro EN EL CAMINO, el escritor JOS\u00c9 MAR\u00cdA L\u00d3PEZ-ARCAS LOSTALET nos da una muestra tras publicar su libro.\",\"breadcrumb\":{\"@id\":\"https:\\\/\\\/nuestrosescritores.com\\\/josemarialopezarcas\\\/poesia\\\/#breadcrumb\"},\"inLanguage\":\"es\",\"potentialAction\":[{\"@type\":\"ReadAction\",\"target\":[\"https:\\\/\\\/nuestrosescritores.com\\\/josemarialopezarcas\\\/poesia\\\/\"]}]},{\"@type\":\"BreadcrumbList\",\"@id\":\"https:\\\/\\\/nuestrosescritores.com\\\/josemarialopezarcas\\\/poesia\\\/#breadcrumb\",\"itemListElement\":[{\"@type\":\"ListItem\",\"position\":1,\"name\":\"Portada\",\"item\":\"https:\\\/\\\/nuestrosescritores.com\\\/josemarialopezarcas\\\/\"},{\"@type\":\"ListItem\",\"position\":2,\"name\":\"Poes\u00eda\"}]},{\"@type\":\"WebSite\",\"@id\":\"https:\\\/\\\/nuestrosescritores.com\\\/josemarialopezarcas\\\/#website\",\"url\":\"https:\\\/\\\/nuestrosescritores.com\\\/josemarialopezarcas\\\/\",\"name\":\"Nuestros escritores\",\"description\":\"Escritor\",\"potentialAction\":[{\"@type\":\"SearchAction\",\"target\":{\"@type\":\"EntryPoint\",\"urlTemplate\":\"https:\\\/\\\/nuestrosescritores.com\\\/josemarialopezarcas\\\/?s={search_term_string}\"},\"query-input\":{\"@type\":\"PropertyValueSpecification\",\"valueRequired\":true,\"valueName\":\"search_term_string\"}}],\"inLanguage\":\"es\"}]}<\/script>\n<!-- \/ Yoast SEO Premium plugin. -->","yoast_head_json":{"title":"Poes\u00eda - Jos\u00e9 Mar\u00eda L\u00f3pez-Arcas Lostalet","description":"Poes\u00eda del libro EN EL CAMINO, el escritor JOS\u00c9 MAR\u00cdA L\u00d3PEZ-ARCAS LOSTALET nos da una muestra tras publicar su libro.","robots":{"index":"index","follow":"follow","max-snippet":"max-snippet:-1","max-image-preview":"max-image-preview:large","max-video-preview":"max-video-preview:-1"},"canonical":"https:\/\/nuestrosescritores.com\/josemarialopezarcas\/poesia\/","og_locale":"es_ES","og_type":"article","og_title":"Poes\u00eda","og_description":"Poes\u00eda del libro EN EL CAMINO, el escritor JOS\u00c9 MAR\u00cdA L\u00d3PEZ-ARCAS LOSTALET nos da una muestra tras publicar su libro.","og_url":"https:\/\/nuestrosescritores.com\/josemarialopezarcas\/poesia\/","og_site_name":"Jos\u00e9 Mar\u00eda L\u00f3pez-Arcas Lostalet","article_modified_time":"2021-03-14T18:07:18+00:00","twitter_card":"summary_large_image","twitter_misc":{"Tiempo de lectura":"2 minutos"},"schema":{"@context":"https:\/\/schema.org","@graph":[{"@type":"WebPage","@id":"https:\/\/nuestrosescritores.com\/josemarialopezarcas\/poesia\/","url":"https:\/\/nuestrosescritores.com\/josemarialopezarcas\/poesia\/","name":"Poes\u00eda - Jos\u00e9 Mar\u00eda L\u00f3pez-Arcas Lostalet","isPartOf":{"@id":"https:\/\/nuestrosescritores.com\/josemarialopezarcas\/#website"},"datePublished":"2021-03-14T17:37:00+00:00","dateModified":"2021-03-14T18:07:18+00:00","description":"Poes\u00eda del libro EN EL CAMINO, el escritor JOS\u00c9 MAR\u00cdA L\u00d3PEZ-ARCAS LOSTALET nos da una muestra tras publicar su libro.","breadcrumb":{"@id":"https:\/\/nuestrosescritores.com\/josemarialopezarcas\/poesia\/#breadcrumb"},"inLanguage":"es","potentialAction":[{"@type":"ReadAction","target":["https:\/\/nuestrosescritores.com\/josemarialopezarcas\/poesia\/"]}]},{"@type":"BreadcrumbList","@id":"https:\/\/nuestrosescritores.com\/josemarialopezarcas\/poesia\/#breadcrumb","itemListElement":[{"@type":"ListItem","position":1,"name":"Portada","item":"https:\/\/nuestrosescritores.com\/josemarialopezarcas\/"},{"@type":"ListItem","position":2,"name":"Poes\u00eda"}]},{"@type":"WebSite","@id":"https:\/\/nuestrosescritores.com\/josemarialopezarcas\/#website","url":"https:\/\/nuestrosescritores.com\/josemarialopezarcas\/","name":"Nuestros escritores","description":"Escritor","potentialAction":[{"@type":"SearchAction","target":{"@type":"EntryPoint","urlTemplate":"https:\/\/nuestrosescritores.com\/josemarialopezarcas\/?s={search_term_string}"},"query-input":{"@type":"PropertyValueSpecification","valueRequired":true,"valueName":"search_term_string"}}],"inLanguage":"es"}]}},"_links":{"self":[{"href":"https:\/\/nuestrosescritores.com\/josemarialopezarcas\/wp-json\/wp\/v2\/pages\/73","targetHints":{"allow":["GET"]}}],"collection":[{"href":"https:\/\/nuestrosescritores.com\/josemarialopezarcas\/wp-json\/wp\/v2\/pages"}],"about":[{"href":"https:\/\/nuestrosescritores.com\/josemarialopezarcas\/wp-json\/wp\/v2\/types\/page"}],"author":[{"embeddable":true,"href":"https:\/\/nuestrosescritores.com\/josemarialopezarcas\/wp-json\/wp\/v2\/users\/1"}],"replies":[{"embeddable":true,"href":"https:\/\/nuestrosescritores.com\/josemarialopezarcas\/wp-json\/wp\/v2\/comments?post=73"}],"version-history":[{"count":0,"href":"https:\/\/nuestrosescritores.com\/josemarialopezarcas\/wp-json\/wp\/v2\/pages\/73\/revisions"}],"wp:attachment":[{"href":"https:\/\/nuestrosescritores.com\/josemarialopezarcas\/wp-json\/wp\/v2\/media?parent=73"}],"curies":[{"name":"wp","href":"https:\/\/api.w.org\/{rel}","templated":true}]}}