{"id":169,"date":"2026-03-08T18:00:15","date_gmt":"2026-03-08T17:00:15","guid":{"rendered":"https:\/\/nuestrosescritores.com\/josedevis\/?page_id=169"},"modified":"2026-03-08T18:01:47","modified_gmt":"2026-03-08T17:01:47","slug":"poesia","status":"publish","type":"page","link":"https:\/\/nuestrosescritores.com\/josedevis\/poesia\/","title":{"rendered":"POES\u00cdA"},"content":{"rendered":"<div class=\"wpb-content-wrapper\">[vc_row full_width=&#8221;stretch_row_content_no_spaces&#8221;][vc_column extend=&#8221;false&#8221;]<div class='gambit_parallax_row' data-bg-align='' data-direction='fixed' data-opacity='100' data-velocity='-0.3' data-mobile-enabled='' data-bg-height='2560' data-bg-width='1697' data-bg-image='https:\/\/nuestrosescritores.com\/josedevis\/wp-content\/uploads\/sites\/234\/2026\/03\/S021020033_2512041032006_00001_resultado-scaled.webp' data-bg-repeat='false' data-id='' style='display: none'><\/div><div class=\"gambit_fullheight_row\" data-content-location=\"center\" style=\"display: none\"><\/div>[\/vc_column][\/vc_row][vc_row][vc_column extend=&#8221;false&#8221;][vc_column_text css=&#8221;.vc_custom_1772988912715{padding-top: 5% !important;padding-right: 5% !important;padding-bottom: 5% !important;padding-left: 5% !important;}&#8221;]\n<h1><strong>TU ABRAZO<\/strong><\/h1>\n<p>Tengo guardado en mis brazos<br \/>\nun abrazo que sent\u00ed.<br \/>\nTe viene tan apretado<br \/>\nporque era para ti.<\/p>\n<p>Cuando comiences el d\u00eda<br \/>\nt\u00fa tendr\u00e1s que decidir<br \/>\nlo que te pones encima.<br \/>\nUn chaleco, una bufanda,<br \/>\nzapatos y un calcet\u00edn<br \/>\no vestirte con mi abrazo<br \/>\nque he guardado para ti.<\/p>\n<p>Si tienes fr\u00edo, est\u00e1s triste<br \/>\ny no sabes d\u00f3nde ir,<br \/>\nven que te tengo guardado.<br \/>\nun abrazo para ti.<\/p>\n<p>&nbsp;[\/vc_column_text][\/vc_column][\/vc_row][vc_row full_width=&#8221;stretch_row_content_no_spaces&#8221;][vc_column extend=&#8221;false&#8221;]<div class='gambit_parallax_row' data-bg-align='' data-direction='fixed' data-opacity='100' data-velocity='-0.3' data-mobile-enabled='' data-bg-height='2560' data-bg-width='1799' data-bg-image='https:\/\/nuestrosescritores.com\/josedevis\/wp-content\/uploads\/sites\/234\/2026\/03\/S021020033_2512041034004_00001_resultado-scaled.webp' data-bg-repeat='false' data-id='' style='display: none'><\/div><div class=\"gambit_fullheight_row\" data-content-location=\"center\" style=\"display: none\"><\/div>[\/vc_column][\/vc_row][vc_row][vc_column extend=&#8221;false&#8221;][vc_column_text css=&#8221;.vc_custom_1772988957822{padding-top: 5% !important;padding-right: 5% !important;padding-bottom: 5% !important;padding-left: 5% !important;}&#8221;]\n<h1><strong>EL ROBLE S\u00d3LO ES EL ROBLE<\/strong><\/h1>\n<p>El roble s\u00f3lo es el roble.<br \/>\nEl pino s\u00f3lo es el pino.<br \/>\nY el pato que s\u00f3lo es pato<br \/>\nse caga por el camino.<\/p>\n<p>Mi raz\u00f3n son las olivas<br \/>\nme ha confesado el olivo.<br \/>\nEn silencio el algarrobo<br \/>\nrecordar\u00e1 su destino.<\/p>\n<p>Si te pierdes espabila<br \/>\ny no te pongas tan fino<br \/>\nque no hay que verlo completo<br \/>\nun paso llena el camino.<\/p>\n<p>El sentido de la vida<br \/>\nlo encuentra en el mar el r\u00edo.<br \/>\nSer lo que eres si lo sabes<br \/>\nte llena cualquier vac\u00edo.<\/p>\n<p>El roble s\u00f3lo es el roble.<br \/>\nEl pino s\u00f3lo es el pino.<\/p>\n<p>&nbsp;<\/p>\n<p>&nbsp;<\/p>\n<p>&nbsp;[\/vc_column_text][\/vc_column][\/vc_row][vc_row][vc_column extend=&#8221;false&#8221;]<div class='gambit_parallax_row' data-bg-align='' data-direction='fixed' data-opacity='100' data-velocity='-0.3' data-mobile-enabled='' data-bg-height='2560' data-bg-width='1697' data-bg-image='https:\/\/nuestrosescritores.com\/josedevis\/wp-content\/uploads\/sites\/234\/2026\/03\/S021020033_2512041035002_00001_resultado-scaled.webp' data-bg-repeat='false' data-id='' style='display: none'><\/div><div class=\"gambit_fullheight_row\" data-content-location=\"center\" style=\"display: none\"><\/div>[\/vc_column][\/vc_row][vc_row][vc_column extend=&#8221;false&#8221;][vc_column_text css=&#8221;.vc_custom_1772988997040{padding-top: 5% !important;padding-right: 5% !important;padding-bottom: 5% !important;padding-left: 5% !important;}&#8221;]\n<h1><strong>DANZA, DANZA<\/strong><\/h1>\n<p>Danza, danza la esperanza<br \/>\ny desenfunda una sonrisa<br \/>\nSi vienen mal dadas, danza<br \/>\ny m\u00e9ate de la risa<\/p>\n<p>Cuando m\u00e1s negra es la noche<br \/>\nm\u00e1s cerca est\u00e1 la ma\u00f1ana<br \/>\nsi el mundo se acaba, danza<br \/>\nplanta un \u00e1rbol y conf\u00eda.<\/p>\n<p>Danza, danza la esperanza<br \/>\nde tu mirada depende<br \/>\nel color que tenga el d\u00eda.[\/vc_column_text][\/vc_column][\/vc_row][vc_row][vc_column extend=&#8221;false&#8221;]<div class='gambit_parallax_row' data-bg-align='' data-direction='fixed' data-opacity='100' data-velocity='-0.3' data-mobile-enabled='' data-bg-height='2560' data-bg-width='1803' data-bg-image='https:\/\/nuestrosescritores.com\/josedevis\/wp-content\/uploads\/sites\/234\/2026\/03\/S021020033_2512041035004_00001_resultado-scaled.webp' data-bg-repeat='false' data-id='' style='display: none'><\/div><div class=\"gambit_fullheight_row\" data-content-location=\"center\" style=\"display: none\"><\/div>[\/vc_column][\/vc_row][vc_row][vc_column extend=&#8221;false&#8221;][vc_column_text css=&#8221;.vc_custom_1772989020768{padding-top: 5% !important;padding-right: 5% !important;padding-bottom: 5% !important;padding-left: 5% !important;}&#8221;]\n<h1><strong>LA \u00daNICA VERDAD<\/strong><\/h1>\n<p>Lola, la ola lo sabe<br \/>\nque cada ola es el mar<br \/>\nRosa la hoja lo siente<br \/>\nsu savia es la misma savia del \u00e1rbol en el que est\u00e1.<\/p>\n<p>Elena la vela observa<br \/>\nque ella no puede sin m\u00e1s<br \/>\nque necesita m\u00e1s velas<br \/>\nsi quiere, como ella quiere, ganarle a la oscuridad.<\/p>\n<p>Siente al que viene en patera<br \/>\nal pobre, al loco, al ga\u00f1an<br \/>\nal delincuente, a tu hermano<br \/>\nal que no sabes que est\u00e1<br \/>\nal que te importa una mierda<br \/>\nal que te da un poco igual<br \/>\ncomo parte de ti mismo<br \/>\nes la \u00fanica verdad.<\/p>\n<p>Somos uno, si lo crees, qu\u00e9 f\u00e1cil resulta amar.[\/vc_column_text][\/vc_column][\/vc_row][vc_row][vc_column extend=&#8221;false&#8221;]<div class='gambit_parallax_row' data-bg-align='' data-direction='fixed' data-opacity='100' data-velocity='-0.3' data-mobile-enabled='' data-bg-height='2560' data-bg-width='1735' data-bg-image='https:\/\/nuestrosescritores.com\/josedevis\/wp-content\/uploads\/sites\/234\/2026\/03\/S021020033_2512041032003_00001_resultado-scaled.webp' data-bg-repeat='false' data-id='' style='display: none'><\/div><div class=\"gambit_fullheight_row\" data-content-location=\"center\" style=\"display: none\"><\/div>[\/vc_column][\/vc_row][vc_row][vc_column extend=&#8221;false&#8221;][vc_column_text css=&#8221;.vc_custom_1772989082786{padding-top: 5% !important;padding-right: 5% !important;padding-bottom: 5% !important;padding-left: 5% !important;}&#8221;]\n<h1><strong>CANTA, CANTA LA MONTA\u00d1A<\/strong><\/h1>\n<p>Canta, canta la monta\u00f1a<br \/>\ncanta el r\u00edo, canta el mar<br \/>\nel carpintero a su ritmo<br \/>\nles va marcando constante<br \/>\ncon sonido de nostalgia<br \/>\nde tres por cuatro el comp\u00e1s.<\/p>\n<p>La lluvia hace un pizzicato.<br \/>\nLas flautas el viento recio<br \/>\nsoplan, soplan sin parar.<br \/>\nPoco a poco la tormenta<br \/>\ncomienza con un timbal<br \/>\nen un crescendo obstinato<br \/>\ncuatro por cuatro triunfal<br \/>\nmientras un coro de lobos<br \/>\ncanta la escena final.<\/p>\n<p>Canta la naturaleza cuando comienza a vibrar<br \/>\ndel alma los seres vivos.<br \/>\nQue hace mucho tiempo ya<br \/>\nde la tierra que es su madre<br \/>\nles raptaron sin piedad.<\/p>\n<p>Canta, canta la monta\u00f1a<br \/>\ncanta el r\u00edo<br \/>\ncanta el mar<br \/>\ncanta el hombre y cuando canta<br \/>\nsiente, huele, saborea<br \/>\nque est\u00e1 de vuelta a su hogar.[\/vc_column_text][\/vc_column][\/vc_row][vc_row][vc_column extend=&#8221;false&#8221;]<div class='gambit_parallax_row' data-bg-align='' data-direction='fixed' data-opacity='100' data-velocity='-0.3' data-mobile-enabled='' data-bg-height='2560' data-bg-width='1777' data-bg-image='https:\/\/nuestrosescritores.com\/josedevis\/wp-content\/uploads\/sites\/234\/2026\/03\/S021020033_2512041032001_00001_resultado-scaled.webp' data-bg-repeat='false' data-id='' style='display: none'><\/div><div class=\"gambit_fullheight_row\" data-content-location=\"center\" style=\"display: none\"><\/div>[vc_column_text css=&#8221;&#8221;]\n<p style=\"text-align: center;\"><a class=\"fasc-button fasc-size-xlarge fasc-type-glossy fasc-rounded-medium\" style=\"background-color: #33809e; color: #ffffff;\" href=\"https:\/\/gepa.es\/producto\/de-la-mano-de-gloria-tributo-a-gloria-fuertes-jose-francisco-devis-capilla\/\">Comprar el libro<\/a><\/p>\n[\/vc_column_text][\/vc_column][\/vc_row]\n<\/div>","protected":false},"excerpt":{"rendered":"<p>[vc_row full_width=&#8221;stretch_row_content_no_spaces&#8221;][vc_column extend=&#8221;false&#8221;][\/vc_column][\/vc_row][vc_row][vc_column extend=&#8221;false&#8221;][vc_column_text css=&#8221;.vc_custom_1772988912715{padding-top: 5% !important;padding-right: 5% !important;padding-bottom: 5% !important;padding-left: 5% !important;}&#8221;] TU ABRAZO Tengo guardado en mis brazos un abrazo que sent\u00ed. Te viene tan apretado porque era para ti. Cuando comiences el d\u00eda t\u00fa tendr\u00e1s que decidir lo que te pones encima. Un chaleco, una bufanda, zapatos y un calcet\u00edn o vestirte [&hellip;]<\/p>\n","protected":false},"author":1,"featured_media":20,"parent":0,"menu_order":0,"comment_status":"closed","ping_status":"closed","template":"","meta":{"_acf_changed":false,"footnotes":""},"class_list":["post-169","page","type-page","status-publish","has-post-thumbnail","hentry"],"acf":[],"yoast_head":"<!-- This site is optimized with the Yoast SEO Premium plugin v24.7 (Yoast SEO v27.4) - https:\/\/yoast.com\/product\/yoast-seo-premium-wordpress\/ -->\n<title>POES\u00cdA - Jos\u00e9 Dev\u00eds<\/title>\n<meta name=\"robots\" content=\"index, follow, max-snippet:-1, max-image-preview:large, max-video-preview:-1\" \/>\n<link rel=\"canonical\" href=\"https:\/\/nuestrosescritores.com\/josedevis\/poesia\/\" \/>\n<meta property=\"og:locale\" content=\"es_ES\" \/>\n<meta property=\"og:type\" content=\"article\" \/>\n<meta property=\"og:title\" content=\"POES\u00cdA\" \/>\n<meta property=\"og:description\" content=\"[vc_row full_width=&#8221;stretch_row_content_no_spaces&#8221;][vc_column extend=&#8221;false&#8221;][\/vc_column][\/vc_row][vc_row][vc_column extend=&#8221;false&#8221;][vc_column_text css=&#8221;.vc_custom_1772988912715{padding-top: 5% !important;padding-right: 5% !important;padding-bottom: 5% !important;padding-left: 5% !important;}&#8221;] TU ABRAZO Tengo guardado en mis brazos un abrazo que sent\u00ed. Te viene tan apretado porque era para ti. Cuando comiences el d\u00eda t\u00fa tendr\u00e1s que decidir lo que te pones encima. Un chaleco, una bufanda, zapatos y un calcet\u00edn o vestirte [&hellip;]\" \/>\n<meta property=\"og:url\" content=\"https:\/\/nuestrosescritores.com\/josedevis\/poesia\/\" \/>\n<meta property=\"og:site_name\" content=\"Jos\u00e9 Dev\u00eds\" \/>\n<meta property=\"article:modified_time\" content=\"2026-03-08T17:01:47+00:00\" \/>\n<meta property=\"og:image\" content=\"https:\/\/nuestrosescritores.com\/josedevis\/wp-content\/uploads\/sites\/234\/2026\/03\/book2.png\" \/>\n\t<meta property=\"og:image:width\" content=\"839\" \/>\n\t<meta property=\"og:image:height\" content=\"794\" \/>\n\t<meta property=\"og:image:type\" content=\"image\/png\" \/>\n<meta name=\"twitter:card\" content=\"summary_large_image\" \/>\n<meta name=\"twitter:label1\" content=\"Tiempo de lectura\" \/>\n\t<meta name=\"twitter:data1\" content=\"3 minutos\" \/>\n<script type=\"application\/ld+json\" class=\"yoast-schema-graph\">{\"@context\":\"https:\\\/\\\/schema.org\",\"@graph\":[{\"@type\":\"WebPage\",\"@id\":\"https:\\\/\\\/nuestrosescritores.com\\\/josedevis\\\/poesia\\\/\",\"url\":\"https:\\\/\\\/nuestrosescritores.com\\\/josedevis\\\/poesia\\\/\",\"name\":\"POES\u00cdA - Jos\u00e9 Dev\u00eds\",\"isPartOf\":{\"@id\":\"https:\\\/\\\/nuestrosescritores.com\\\/josedevis\\\/#website\"},\"primaryImageOfPage\":{\"@id\":\"https:\\\/\\\/nuestrosescritores.com\\\/josedevis\\\/poesia\\\/#primaryimage\"},\"image\":{\"@id\":\"https:\\\/\\\/nuestrosescritores.com\\\/josedevis\\\/poesia\\\/#primaryimage\"},\"thumbnailUrl\":\"https:\\\/\\\/nuestrosescritores.com\\\/josedevis\\\/wp-content\\\/uploads\\\/sites\\\/234\\\/2026\\\/03\\\/book2.png\",\"datePublished\":\"2026-03-08T17:00:15+00:00\",\"dateModified\":\"2026-03-08T17:01:47+00:00\",\"breadcrumb\":{\"@id\":\"https:\\\/\\\/nuestrosescritores.com\\\/josedevis\\\/poesia\\\/#breadcrumb\"},\"inLanguage\":\"es\",\"potentialAction\":[{\"@type\":\"ReadAction\",\"target\":[\"https:\\\/\\\/nuestrosescritores.com\\\/josedevis\\\/poesia\\\/\"]}]},{\"@type\":\"ImageObject\",\"inLanguage\":\"es\",\"@id\":\"https:\\\/\\\/nuestrosescritores.com\\\/josedevis\\\/poesia\\\/#primaryimage\",\"url\":\"https:\\\/\\\/nuestrosescritores.com\\\/josedevis\\\/wp-content\\\/uploads\\\/sites\\\/234\\\/2026\\\/03\\\/book2.png\",\"contentUrl\":\"https:\\\/\\\/nuestrosescritores.com\\\/josedevis\\\/wp-content\\\/uploads\\\/sites\\\/234\\\/2026\\\/03\\\/book2.png\",\"width\":839,\"height\":794},{\"@type\":\"BreadcrumbList\",\"@id\":\"https:\\\/\\\/nuestrosescritores.com\\\/josedevis\\\/poesia\\\/#breadcrumb\",\"itemListElement\":[{\"@type\":\"ListItem\",\"position\":1,\"name\":\"Portada\",\"item\":\"https:\\\/\\\/nuestrosescritores.com\\\/josedevis\\\/\"},{\"@type\":\"ListItem\",\"position\":2,\"name\":\"POES\u00cdA\"}]},{\"@type\":\"WebSite\",\"@id\":\"https:\\\/\\\/nuestrosescritores.com\\\/josedevis\\\/#website\",\"url\":\"https:\\\/\\\/nuestrosescritores.com\\\/josedevis\\\/\",\"name\":\"Nuestros escritores\",\"description\":\"Escritor\",\"potentialAction\":[{\"@type\":\"SearchAction\",\"target\":{\"@type\":\"EntryPoint\",\"urlTemplate\":\"https:\\\/\\\/nuestrosescritores.com\\\/josedevis\\\/?s={search_term_string}\"},\"query-input\":{\"@type\":\"PropertyValueSpecification\",\"valueRequired\":true,\"valueName\":\"search_term_string\"}}],\"inLanguage\":\"es\"}]}<\/script>\n<!-- \/ Yoast SEO Premium plugin. -->","yoast_head_json":{"title":"POES\u00cdA - Jos\u00e9 Dev\u00eds","robots":{"index":"index","follow":"follow","max-snippet":"max-snippet:-1","max-image-preview":"max-image-preview:large","max-video-preview":"max-video-preview:-1"},"canonical":"https:\/\/nuestrosescritores.com\/josedevis\/poesia\/","og_locale":"es_ES","og_type":"article","og_title":"POES\u00cdA","og_description":"[vc_row full_width=&#8221;stretch_row_content_no_spaces&#8221;][vc_column extend=&#8221;false&#8221;][\/vc_column][\/vc_row][vc_row][vc_column extend=&#8221;false&#8221;][vc_column_text css=&#8221;.vc_custom_1772988912715{padding-top: 5% !important;padding-right: 5% !important;padding-bottom: 5% !important;padding-left: 5% !important;}&#8221;] TU ABRAZO Tengo guardado en mis brazos un abrazo que sent\u00ed. Te viene tan apretado porque era para ti. Cuando comiences el d\u00eda t\u00fa tendr\u00e1s que decidir lo que te pones encima. Un chaleco, una bufanda, zapatos y un calcet\u00edn o vestirte [&hellip;]","og_url":"https:\/\/nuestrosescritores.com\/josedevis\/poesia\/","og_site_name":"Jos\u00e9 Dev\u00eds","article_modified_time":"2026-03-08T17:01:47+00:00","og_image":[{"width":839,"height":794,"url":"https:\/\/nuestrosescritores.com\/josedevis\/wp-content\/uploads\/sites\/234\/2026\/03\/book2.png","type":"image\/png"}],"twitter_card":"summary_large_image","twitter_misc":{"Tiempo de lectura":"3 minutos"},"schema":{"@context":"https:\/\/schema.org","@graph":[{"@type":"WebPage","@id":"https:\/\/nuestrosescritores.com\/josedevis\/poesia\/","url":"https:\/\/nuestrosescritores.com\/josedevis\/poesia\/","name":"POES\u00cdA - Jos\u00e9 Dev\u00eds","isPartOf":{"@id":"https:\/\/nuestrosescritores.com\/josedevis\/#website"},"primaryImageOfPage":{"@id":"https:\/\/nuestrosescritores.com\/josedevis\/poesia\/#primaryimage"},"image":{"@id":"https:\/\/nuestrosescritores.com\/josedevis\/poesia\/#primaryimage"},"thumbnailUrl":"https:\/\/nuestrosescritores.com\/josedevis\/wp-content\/uploads\/sites\/234\/2026\/03\/book2.png","datePublished":"2026-03-08T17:00:15+00:00","dateModified":"2026-03-08T17:01:47+00:00","breadcrumb":{"@id":"https:\/\/nuestrosescritores.com\/josedevis\/poesia\/#breadcrumb"},"inLanguage":"es","potentialAction":[{"@type":"ReadAction","target":["https:\/\/nuestrosescritores.com\/josedevis\/poesia\/"]}]},{"@type":"ImageObject","inLanguage":"es","@id":"https:\/\/nuestrosescritores.com\/josedevis\/poesia\/#primaryimage","url":"https:\/\/nuestrosescritores.com\/josedevis\/wp-content\/uploads\/sites\/234\/2026\/03\/book2.png","contentUrl":"https:\/\/nuestrosescritores.com\/josedevis\/wp-content\/uploads\/sites\/234\/2026\/03\/book2.png","width":839,"height":794},{"@type":"BreadcrumbList","@id":"https:\/\/nuestrosescritores.com\/josedevis\/poesia\/#breadcrumb","itemListElement":[{"@type":"ListItem","position":1,"name":"Portada","item":"https:\/\/nuestrosescritores.com\/josedevis\/"},{"@type":"ListItem","position":2,"name":"POES\u00cdA"}]},{"@type":"WebSite","@id":"https:\/\/nuestrosescritores.com\/josedevis\/#website","url":"https:\/\/nuestrosescritores.com\/josedevis\/","name":"Nuestros escritores","description":"Escritor","potentialAction":[{"@type":"SearchAction","target":{"@type":"EntryPoint","urlTemplate":"https:\/\/nuestrosescritores.com\/josedevis\/?s={search_term_string}"},"query-input":{"@type":"PropertyValueSpecification","valueRequired":true,"valueName":"search_term_string"}}],"inLanguage":"es"}]}},"_links":{"self":[{"href":"https:\/\/nuestrosescritores.com\/josedevis\/wp-json\/wp\/v2\/pages\/169","targetHints":{"allow":["GET"]}}],"collection":[{"href":"https:\/\/nuestrosescritores.com\/josedevis\/wp-json\/wp\/v2\/pages"}],"about":[{"href":"https:\/\/nuestrosescritores.com\/josedevis\/wp-json\/wp\/v2\/types\/page"}],"author":[{"embeddable":true,"href":"https:\/\/nuestrosescritores.com\/josedevis\/wp-json\/wp\/v2\/users\/1"}],"replies":[{"embeddable":true,"href":"https:\/\/nuestrosescritores.com\/josedevis\/wp-json\/wp\/v2\/comments?post=169"}],"version-history":[{"count":0,"href":"https:\/\/nuestrosescritores.com\/josedevis\/wp-json\/wp\/v2\/pages\/169\/revisions"}],"wp:featuredmedia":[{"embeddable":true,"href":"https:\/\/nuestrosescritores.com\/josedevis\/wp-json\/wp\/v2\/media\/20"}],"wp:attachment":[{"href":"https:\/\/nuestrosescritores.com\/josedevis\/wp-json\/wp\/v2\/media?parent=169"}],"curies":[{"name":"wp","href":"https:\/\/api.w.org\/{rel}","templated":true}]}}