{"id":81,"date":"2022-03-27T14:46:03","date_gmt":"2022-03-27T14:46:03","guid":{"rendered":"https:\/\/nuestrosescritores.com\/josebaenarojas\/?page_id=81"},"modified":"2022-03-27T15:27:50","modified_gmt":"2022-03-27T15:27:50","slug":"poesia","status":"publish","type":"page","link":"https:\/\/nuestrosescritores.com\/josebaenarojas\/poesia\/","title":{"rendered":"POES\u00cdA"},"content":{"rendered":"<div class=\"wpb-content-wrapper\">[vc_row full_width=&#8221;stretch_row_content_no_spaces&#8221; full_height=&#8221;yes&#8221; equal_height=&#8221;yes&#8221;][vc_column extend=&#8221;false&#8221;]<div id=\"rowvcpt-row-settings\" class=\"rowvcpt-row-set RowVcPt-row-setting69e4c477c252d \" data-no=\"RowVcPt-row-setting69e4c477c252d\"><div class=\"columns-bg-wrap columns-bg-anim-colors columns-bg-image  columns_simple_image\" id=\"RowVcPt-image-bg-69e4c477c252c\"   data-parallax_sense=\"30\" src=\"https:\/\/nuestrosescritores.com\/josebaenarojas\/wp-content\/uploads\/sites\/126\/2022\/03\/6641880.jpg\" style=\"background-image: url(https:\/\/nuestrosescritores.com\/josebaenarojas\/wp-content\/uploads\/sites\/126\/2022\/03\/6641880.jpg);background-position: center center;background-size: cover;background-attachment: fixed;\"><\/div><\/div>[\/vc_column][\/vc_row][vc_row][vc_column extend=&#8221;false&#8221;][vc_column_text]\n<h1><a name=\"_Toc98523793\"><\/a><strong>AGUJERO NEGRO<\/strong><\/h1>\n<p>&nbsp;<\/p>\n<p><a name=\"_Toc98269313\"><\/a><a name=\"_Toc98350621\"><\/a><a name=\"_Toc98523794\"><\/a>Este deambular desconcertado<\/p>\n<p><a name=\"_Toc98269314\"><\/a><a name=\"_Toc98350622\"><\/a><a name=\"_Toc98523795\"><\/a>por el dolor de s\u00ed mismo,<\/p>\n<p><a name=\"_Toc98269315\"><\/a><a name=\"_Toc98350623\"><\/a><a name=\"_Toc98523796\"><\/a>por el desamparo,<\/p>\n<p><a name=\"_Toc98269316\"><\/a><a name=\"_Toc98350624\"><\/a><a name=\"_Toc98523797\"><\/a>presencia que delimita la existencia<\/p>\n<p><a name=\"_Toc98269317\"><\/a><a name=\"_Toc98350625\"><\/a><a name=\"_Toc98523798\"><\/a>de un desmedido agujero negro, ausente,<\/p>\n<p>que curva el espacio-tiempo<\/p>\n<p>en las proximidades de la nada,<\/p>\n<p>que clama aullando, en medio del abandono,<\/p>\n<p>azotado por el viento abrasador<\/p>\n<p>que la noche no disuelve,<\/p>\n<p>que se construye, sin saberlo,<\/p>\n<p>lejos de la segura orilla<\/p>\n<p>donde se suicidan impenitentes las ondas gravitacionales,<\/p>\n<p>donde los tronantes gritos orbitan aleatoriamente<\/p>\n<p>en una inmensurable regi\u00f3n oscura.<\/p>\n<p><a name=\"_Toc98269318\"><\/a><a name=\"_Toc98350626\"><\/a><a name=\"_Toc98523799\"><\/a>Trampol\u00edn borracho<\/p>\n<p><a name=\"_Toc98269319\"><\/a><a name=\"_Toc98350627\"><\/a><a name=\"_Toc98523800\"><\/a>que espera descorazonado<\/p>\n<p><a name=\"_Toc98269320\"><\/a><a name=\"_Toc98350628\"><\/a><a name=\"_Toc98523801\"><\/a>la llamada de auxilio<\/p>\n<p><a name=\"_Toc98269321\"><\/a><a name=\"_Toc98350629\"><\/a><a name=\"_Toc98523802\"><\/a>devorada de abandono<\/p>\n<p><a name=\"_Toc98269322\"><\/a><a name=\"_Toc98350630\"><\/a><a name=\"_Toc98523803\"><\/a>en las entra\u00f1as solitarias,<\/p>\n<p><a name=\"_Toc98269323\"><\/a><a name=\"_Toc98350631\"><\/a><a name=\"_Toc98523804\"><\/a>que explosiona, imp\u00fadico, agit\u00e1ndose,<\/p>\n<p><a name=\"_Toc98269324\"><\/a><a name=\"_Toc98350632\"><\/a><a name=\"_Toc98523805\"><\/a>en el tejido cuadrimensional.<\/p>\n<p>Centelleantes llamaradas de radiaci\u00f3n gamma.<\/p>\n<p>Aspiraci\u00f3n imposible<\/p>\n<p>en la gravedad cu\u00e1ntica.<\/p>\n<p>&nbsp;<\/p>\n<span class='bctt-click-to-tweet'><span class='bctt-ctt-text'><a href='https:\/\/x.com\/intent\/tweet?url=https%3A%2F%2Fnuestrosescritores.com%2Fjosebaenarojas%2Fpoesia%2F&#038;text=AGUJERO%20NEGRO%20del%20libro%20EL%20VUELO%20DEL%20TIEMPO%20de%20JOS%C3%89%20BAENA%20ROJAS&#038;via=poesiaerestu&#038;related=poesiaerestu' target='_blank'rel=\"noopener noreferrer\">AGUJERO NEGRO del libro EL VUELO DEL TIEMPO de JOS\u00c9 BAENA ROJAS <\/a><\/span><a href='https:\/\/x.com\/intent\/tweet?url=https%3A%2F%2Fnuestrosescritores.com%2Fjosebaenarojas%2Fpoesia%2F&#038;text=AGUJERO%20NEGRO%20del%20libro%20EL%20VUELO%20DEL%20TIEMPO%20de%20JOS%C3%89%20BAENA%20ROJAS&#038;via=poesiaerestu&#038;related=poesiaerestu' target='_blank' class='bctt-ctt-btn'rel=\"noopener noreferrer\">Compartir en X<\/a><\/span>[\/vc_column_text][\/vc_column][\/vc_row][vc_row full_width=&#8221;stretch_row_content_no_spaces&#8221; full_height=&#8221;yes&#8221; equal_height=&#8221;yes&#8221;][vc_column extend=&#8221;false&#8221;]<div id=\"rowvcpt-row-settings\" class=\"rowvcpt-row-set RowVcPt-row-setting69e4c477c2ab9 \" data-no=\"RowVcPt-row-setting69e4c477c2ab9\"><div class=\"columns-bg-wrap columns-bg-anim-colors columns-bg-image  columns_simple_image\" id=\"RowVcPt-image-bg-69e4c477c2ab8\"   data-parallax_sense=\"30\" src=\"https:\/\/nuestrosescritores.com\/josebaenarojas\/wp-content\/uploads\/sites\/126\/2022\/03\/6881040.jpg\" style=\"background-image: url(https:\/\/nuestrosescritores.com\/josebaenarojas\/wp-content\/uploads\/sites\/126\/2022\/03\/6881040.jpg);background-position: center center;background-size: cover;background-attachment: fixed;\"><\/div><\/div>[\/vc_column][\/vc_row][vc_row][vc_column extend=&#8221;false&#8221;][vc_column_text]\n<h1><a name=\"_Toc98523812\"><\/a><strong>CAOS<\/strong><\/h1>\n<p>&nbsp;<\/p>\n<p>Largamente he orillado mis deseos<\/p>\n<p>como quien huye de s\u00ed mismo,<\/p>\n<p>y he ara\u00f1ado, largamente, con rabia,<\/p>\n<p>los doloridos huesos<\/p>\n<p>de mi orfandad absoluta,<\/p>\n<p>tenue viento salado,<\/p>\n<p>atractor extra\u00f1o<\/p>\n<p>en la frontera fluctuante del nosotros.<\/p>\n<p>Fatigada llama sobre la cima ca\u00f3tica<\/p>\n<p>de la raz\u00f3n envenenada;<\/p>\n<p>cifras, n\u00fameros, p\u00e9ndulo real<\/p>\n<p>sobre la luz en luto,<\/p>\n<p>ruina exacta en su entrega palpitante<\/p>\n<p>que penetra rauda<\/p>\n<p>en las p\u00e1lidas entra\u00f1as de la esperanza.<\/p>\n<p>Precipitado, arrebatado,<\/p>\n<p>hacia los abismos incalculables del caos universal.<\/p>\n<p>Orden y desorden se columpian<\/p>\n<p>en prolongados calendarios<\/p>\n<p>dominados por estructuras disipativas<\/p>\n<p>de relojes borrachos<\/p>\n<p>que, desde la irreversibilidad,<\/p>\n<p>caminan<\/p>\n<p>hacia la anarqu\u00eda oscilante,<\/p>\n<p>territorio yermo donde el ser, vencido y penitente,<\/p>\n<p>no tiene ya certidumbres a las que asirse.<\/p>\n<p>Prigogine<sup>6<\/sup> tensa el arco.<\/p>\n<p>&nbsp;<\/p>\n<p>&nbsp;<\/p>\n<p>&nbsp;<\/p>\n<span class='bctt-click-to-tweet'><span class='bctt-ctt-text'><a href='https:\/\/x.com\/intent\/tweet?url=https%3A%2F%2Fnuestrosescritores.com%2Fjosebaenarojas%2Fpoesia%2F&#038;text=CAOS%20del%20libro%20EL%20VUELO%20DEL%20TIEMPO%20de%20JOS%C3%89%20BAENA%20ROJAS&#038;via=poesiaerestu&#038;related=poesiaerestu' target='_blank'rel=\"noopener noreferrer\">CAOS del libro EL VUELO DEL TIEMPO de JOS\u00c9 BAENA ROJAS <\/a><\/span><a href='https:\/\/x.com\/intent\/tweet?url=https%3A%2F%2Fnuestrosescritores.com%2Fjosebaenarojas%2Fpoesia%2F&#038;text=CAOS%20del%20libro%20EL%20VUELO%20DEL%20TIEMPO%20de%20JOS%C3%89%20BAENA%20ROJAS&#038;via=poesiaerestu&#038;related=poesiaerestu' target='_blank' class='bctt-ctt-btn'rel=\"noopener noreferrer\">Compartir en X<\/a><\/span>\n<p>&nbsp;<\/p>\n<p>&nbsp;[\/vc_column_text][\/vc_column][\/vc_row][vc_row full_height=&#8221;yes&#8221;][vc_column extend=&#8221;false&#8221;]<div id=\"rowvcpt-row-settings\" class=\"rowvcpt-row-set RowVcPt-row-setting69e4c477c2e7c \" data-no=\"RowVcPt-row-setting69e4c477c2e7c\"><div class=\"columns-bg-wrap columns-bg-anim-colors columns-bg-image  columns_simple_image\" id=\"RowVcPt-image-bg-69e4c477c2e7b\"   data-parallax_sense=\"30\" src=\"https:\/\/nuestrosescritores.com\/josebaenarojas\/wp-content\/uploads\/sites\/126\/2022\/03\/6911736.jpg\" style=\"background-image: url(https:\/\/nuestrosescritores.com\/josebaenarojas\/wp-content\/uploads\/sites\/126\/2022\/03\/6911736.jpg);background-position: center top;background-size: cover;background-attachment: fixed;\"><\/div><\/div>[\/vc_column][\/vc_row][vc_row][vc_column extend=&#8221;false&#8221;][vc_column_text]\n<h1><a name=\"_Toc98523841\"><\/a><strong>EL YO POLARIZADO<\/strong><\/h1>\n<p>&nbsp;<\/p>\n<p>Arco de pan que se tensa<\/p>\n<p>en prolongados latidos de trigo.<\/p>\n<p>Adentro la memoria del alba.<\/p>\n<p>Mi subjetividad<\/p>\n<p>postula el porvenir de noche llameante,<\/p>\n<p>no el ser intr\u00ednseco de la s\u00fabita consciencia<\/p>\n<p>que serpenteante e intrusa me vive.<\/p>\n<p>Oigo sobre mi piel un arrullo de olas clausuradas<\/p>\n<p>en la alta cima del hontanar<\/p>\n<p>que un antiguo viento de lluvia propaga.<\/p>\n<p>Tiempo reversible, no deseado,<\/p>\n<p>lev\u00edsimo ahora, sombra escarchada<\/p>\n<p>derramada en inexcusable ambici\u00f3n de vuelo.<\/p>\n<p>Persigo afanosamente, hond\u00f3n inaprensible,<\/p>\n<p>en una hoja cualquiera del calendario,<\/p>\n<p>v\u00e9rtice indigente, centelleo loco,<\/p>\n<p>al ni\u00f1o dormido que fui,<\/p>\n<p>y que se ha ido perdiendo, irremediablemente,<\/p>\n<p>desvalido, un poco, cada d\u00eda.<\/p>\n<p>Poco a poco, entre los inaccesibles puentes del nosotros.<\/p>\n<p>&nbsp;<\/p>\n<p>&nbsp;<\/p>\n<p>&nbsp;<\/p>\n<span class='bctt-click-to-tweet'><span class='bctt-ctt-text'><a href='https:\/\/x.com\/intent\/tweet?url=https%3A%2F%2Fnuestrosescritores.com%2Fjosebaenarojas%2Fpoesia%2F&#038;text=EL%20YO%20POLARIZADO%20del%20libro%20EL%20VUELO%20DEL%20TIEMPO%20de%20JOS%C3%89%20BAENA%20ROJAS&#038;via=poesiaerestu&#038;related=poesiaerestu' target='_blank'rel=\"noopener noreferrer\">EL YO POLARIZADO del libro EL VUELO DEL TIEMPO de JOS\u00c9 BAENA ROJAS <\/a><\/span><a href='https:\/\/x.com\/intent\/tweet?url=https%3A%2F%2Fnuestrosescritores.com%2Fjosebaenarojas%2Fpoesia%2F&#038;text=EL%20YO%20POLARIZADO%20del%20libro%20EL%20VUELO%20DEL%20TIEMPO%20de%20JOS%C3%89%20BAENA%20ROJAS&#038;via=poesiaerestu&#038;related=poesiaerestu' target='_blank' class='bctt-ctt-btn'rel=\"noopener noreferrer\">Compartir en X<\/a><\/span>[\/vc_column_text][\/vc_column][\/vc_row][vc_row full_height=&#8221;yes&#8221; equal_height=&#8221;yes&#8221;][vc_column extend=&#8221;false&#8221;]<div id=\"rowvcpt-row-settings\" class=\"rowvcpt-row-set RowVcPt-row-setting69e4c477c3241 \" data-no=\"RowVcPt-row-setting69e4c477c3241\"><div class=\"columns-bg-wrap columns-bg-anim-colors columns-bg-image  columns_simple_image\" id=\"RowVcPt-image-bg-69e4c477c3240\"   data-parallax_sense=\"30\" src=\"https:\/\/nuestrosescritores.com\/josebaenarojas\/wp-content\/uploads\/sites\/126\/2022\/03\/7023487.jpg\" style=\"background-image: url(https:\/\/nuestrosescritores.com\/josebaenarojas\/wp-content\/uploads\/sites\/126\/2022\/03\/7023487.jpg);background-position: center center;background-size: cover;background-attachment: fixed;\"><\/div><\/div>[\/vc_column][\/vc_row][vc_row][vc_column extend=&#8221;false&#8221;][vc_column_text]\n<h1><a name=\"_Toc98523852\"><\/a><strong>QU\u00c1SARES LEJANOS<\/strong><\/h1>\n<p>&nbsp;<\/p>\n<p>\u00bfPor qu\u00e9 la contingencia nos asedia, como una plaga,<\/p>\n<p>inventando la noche del nosotros, los enga\u00f1os,<\/p>\n<p>los falsos asideros,<\/p>\n<p>desde donde el ser, se precipita desamparado?<\/p>\n<p>\u00bfQui\u00e9n llama desde la ra\u00edz m\u00e1s honda<\/p>\n<p>de nuestras conciencias,<\/p>\n<p>y desde d\u00f3nde se escriben alfabetos sin c\u00f3digos<\/p>\n<p>m\u00e1s all\u00e1 de los nombres,<\/p>\n<p>m\u00e1s all\u00e1, incluso, del hombre mismo,<\/p>\n<p>en el que la palabra es magia no inventada?<\/p>\n<p>\u00bfPor qu\u00e9 el acaso nos invade como una desolaci\u00f3n,<\/p>\n<p>aferr\u00e1ndose espantado a la elecci\u00f3n determinista<\/p>\n<p>en la trayectoria continua del tiempo?<\/p>\n<p>Avidez est\u00e9ril, sed que el agua no sacia,<\/p>\n<p>refulgentes cascadas de ciegas estrellas,<\/p>\n<p>olvido l\u00edquido de los besos,<\/p>\n<p>aliento exaltado<\/p>\n<p>en el respirar intermitente del quebranto y del v\u00e9rtigo;<\/p>\n<p>qu\u00e1sares lejanos en la Constelaci\u00f3n de Virgo.<\/p>\n<p>&nbsp;<\/p>\n<p>&nbsp;<\/p>\n<p>&nbsp;<\/p>\n<p>&nbsp;<\/p>\n<span class='bctt-click-to-tweet'><span class='bctt-ctt-text'><a href='https:\/\/x.com\/intent\/tweet?url=https%3A%2F%2Fnuestrosescritores.com%2Fjosebaenarojas%2Fpoesia%2F&#038;text=QU%C3%81SARES%20LEJANOS%20del%20libro%20EL%20VUELO%20DEL%20TIEMPO%20de%20JOS%C3%89%20BAENA%20ROJAS&#038;via=poesiaerestu&#038;related=poesiaerestu' target='_blank'rel=\"noopener noreferrer\">QU\u00c1SARES LEJANOS del libro EL VUELO DEL TIEMPO de JOS\u00c9 BAENA ROJAS <\/a><\/span><a href='https:\/\/x.com\/intent\/tweet?url=https%3A%2F%2Fnuestrosescritores.com%2Fjosebaenarojas%2Fpoesia%2F&#038;text=QU%C3%81SARES%20LEJANOS%20del%20libro%20EL%20VUELO%20DEL%20TIEMPO%20de%20JOS%C3%89%20BAENA%20ROJAS&#038;via=poesiaerestu&#038;related=poesiaerestu' target='_blank' class='bctt-ctt-btn'rel=\"noopener noreferrer\">Compartir en X<\/a><\/span>[\/vc_column_text][\/vc_column][\/vc_row][vc_row full_height=&#8221;yes&#8221; equal_height=&#8221;yes&#8221;][vc_column extend=&#8221;false&#8221;]<div id=\"rowvcpt-row-settings\" class=\"rowvcpt-row-set RowVcPt-row-setting69e4c477c3601 \" data-no=\"RowVcPt-row-setting69e4c477c3601\"><div class=\"columns-bg-wrap columns-bg-anim-colors columns-bg-image  columns_simple_image\" id=\"RowVcPt-image-bg-69e4c477c3600\"   data-parallax_sense=\"30\" src=\"https:\/\/nuestrosescritores.com\/josebaenarojas\/wp-content\/uploads\/sites\/126\/2022\/03\/7047522.jpg\" style=\"background-image: url(https:\/\/nuestrosescritores.com\/josebaenarojas\/wp-content\/uploads\/sites\/126\/2022\/03\/7047522.jpg);background-position: center center;background-size: cover;background-attachment: fixed;\"><\/div><\/div>[\/vc_column][\/vc_row][vc_row][vc_column extend=&#8221;false&#8221;][vc_column_text]\n<h1><a name=\"_Toc98523934\"><\/a><strong>VISI\u00d3N CU\u00c1NTICA<\/strong><\/h1>\n<p>&nbsp;<\/p>\n<p>\u00bfSer\u00eda diferente el invierno si nosotros no estuvi\u00e9ramos?<\/p>\n<p>\u00bfMudar\u00eda la flor la primavera?<\/p>\n<p>\u00bfCantar\u00eda alegre el gorri\u00f3n en la alta rama del \u00e1rbol?<\/p>\n<p>\u00bfLanzar\u00eda la lluvia sus racimos de uvas<\/p>\n<p>sobre la piel desnuda de nuestras manos?<\/p>\n<p>\u00bfVendr\u00eda a saludarnos, cada ma\u00f1ana,<\/p>\n<p>la salada brisa del mar solo?<\/p>\n<p>\u00bfResucitar\u00edan, en nuestros labios,<\/p>\n<p>los perdidos besos que el amor esconde?<\/p>\n<p>\u00bfSe llenar\u00eda de verdad<\/p>\n<p>el negro silencio que reina<\/p>\n<p>en las tempestades de la duda?<\/p>\n<p>\u00bfSer\u00edamos nosotros posible<\/p>\n<p>extramuros de las circunstancias<\/p>\n<p>que cimientan nuestra visi\u00f3n de sujetos influyentes,<\/p>\n<p>de peque\u00f1os dioses,<\/p>\n<p>en el enorme vientre del todo concebido?<\/p>\n<p>En el estreno del alba, orbita ciego el electr\u00f3n.<\/p>\n<p>&nbsp;<\/p>\n<span class='bctt-click-to-tweet'><span class='bctt-ctt-text'><a href='https:\/\/x.com\/intent\/tweet?url=https%3A%2F%2Fnuestrosescritores.com%2Fjosebaenarojas%2Fpoesia%2F&#038;text=VISI%C3%93N%20CU%C3%81NTICA%C2%A0del%20libro%20EL%20VUELO%20DEL%20TIEMPO%20de%20JOS%C3%89%20BAENA%20ROJAS&#038;via=poesiaerestu&#038;related=poesiaerestu' target='_blank'rel=\"noopener noreferrer\">VISI\u00d3N CU\u00c1NTICA&nbsp;del libro EL VUELO DEL TIEMPO de JOS\u00c9 BAENA ROJAS <\/a><\/span><a href='https:\/\/x.com\/intent\/tweet?url=https%3A%2F%2Fnuestrosescritores.com%2Fjosebaenarojas%2Fpoesia%2F&#038;text=VISI%C3%93N%20CU%C3%81NTICA%C2%A0del%20libro%20EL%20VUELO%20DEL%20TIEMPO%20de%20JOS%C3%89%20BAENA%20ROJAS&#038;via=poesiaerestu&#038;related=poesiaerestu' target='_blank' class='bctt-ctt-btn'rel=\"noopener noreferrer\">Compartir en X<\/a><\/span>[\/vc_column_text][\/vc_column][\/vc_row][vc_row full_height=&#8221;yes&#8221; equal_height=&#8221;yes&#8221;][vc_column extend=&#8221;false&#8221;]<div id=\"rowvcpt-row-settings\" class=\"rowvcpt-row-set RowVcPt-row-setting69e4c477c39e6 \" data-no=\"RowVcPt-row-setting69e4c477c39e6\"><div class=\"columns-bg-wrap columns-bg-anim-colors columns-bg-image  columns_simple_image\" id=\"RowVcPt-image-bg-69e4c477c39e5\"   data-parallax_sense=\"30\" src=\"https:\/\/nuestrosescritores.com\/josebaenarojas\/wp-content\/uploads\/sites\/126\/2022\/03\/Jose-Baena-Rojas-ESCRITOR.jpg\" style=\"background-image: url(https:\/\/nuestrosescritores.com\/josebaenarojas\/wp-content\/uploads\/sites\/126\/2022\/03\/Jose-Baena-Rojas-ESCRITOR.jpg);background-position: center center;background-size: cover;background-attachment: fixed;\"><\/div><\/div><div class=\"ult-spacer spacer-69e4c477c3cc1\" data-id=\"69e4c477c3cc1\" data-height=\"150\" data-height-mobile=\"150\" data-height-tab=\"150\" data-height-tab-portrait=\"\" data-height-mobile-landscape=\"\" style=\"clear:both;display:block;\"><\/div>[vc_column_text]\n<p style=\"text-align: center;\"><a class=\"fasc-button fasc-size-xlarge fasc-type-glossy fasc-rounded-medium\" style=\"background-color: #33809e; color: #ffffff;\" href=\"https:\/\/librodepoesia.com\/libro\/el-vuelo-del-tiempo-jose-baena-rojas\/\">Comprar el libro<\/a><\/p>\n[\/vc_column_text][\/vc_column][\/vc_row][vc_row][vc_column][vc_column_text]\n<p><a name=\"_Toc85047636\"><\/a><\/p>\n<p><a name=\"_Toc85385647\"><\/a><\/p>\n<p><a name=\"_Toc83400473\"><\/a>[\/vc_column_text][\/vc_column][\/vc_row]\n<\/div>","protected":false},"excerpt":{"rendered":"<p>[vc_row full_width=&#8221;stretch_row_content_no_spaces&#8221; full_height=&#8221;yes&#8221; equal_height=&#8221;yes&#8221;][vc_column extend=&#8221;false&#8221;][\/vc_column][\/vc_row][vc_row][vc_column extend=&#8221;false&#8221;][vc_column_text] AGUJERO NEGRO &nbsp; Este deambular desconcertado por el dolor de s\u00ed mismo, por el desamparo, presencia que delimita la existencia de un desmedido agujero negro, ausente, que curva el espacio-tiempo en las proximidades de la nada, que clama aullando, en medio del abandono, azotado por el viento abrasador que [&hellip;]<\/p>\n","protected":false},"author":1,"featured_media":0,"parent":0,"menu_order":0,"comment_status":"closed","ping_status":"closed","template":"","meta":{"_acf_changed":false,"footnotes":""},"class_list":["post-81","page","type-page","status-publish","hentry"],"acf":[],"yoast_head":"<!-- This site is optimized with the Yoast SEO Premium plugin v24.7 (Yoast SEO v27.4) - https:\/\/yoast.com\/product\/yoast-seo-premium-wordpress\/ -->\n<title>POES\u00cdA - Jos\u00e9 Baena Rojas<\/title>\n<meta name=\"description\" content=\"Poes\u00eda del libro EL VUELO DEL TIEMPO de JOS\u00c9 BAENA ROJAS. El escritor nos da una muestra tras publicar su libro en la editorial de poes\u00eda Ediciones Rilke.\" \/>\n<meta name=\"robots\" content=\"index, follow, max-snippet:-1, max-image-preview:large, max-video-preview:-1\" \/>\n<link rel=\"canonical\" href=\"https:\/\/nuestrosescritores.com\/josebaenarojas\/poesia\/\" \/>\n<meta property=\"og:locale\" content=\"es_ES\" \/>\n<meta property=\"og:type\" content=\"article\" \/>\n<meta property=\"og:title\" content=\"POES\u00cdA\" \/>\n<meta property=\"og:description\" content=\"Poes\u00eda del libro EL VUELO DEL TIEMPO de JOS\u00c9 BAENA ROJAS. El escritor nos da una muestra tras publicar su libro en la editorial de poes\u00eda Ediciones Rilke.\" \/>\n<meta property=\"og:url\" content=\"https:\/\/nuestrosescritores.com\/josebaenarojas\/poesia\/\" \/>\n<meta property=\"og:site_name\" content=\"Jos\u00e9 Baena Rojas\" \/>\n<meta property=\"article:modified_time\" content=\"2022-03-27T15:27:50+00:00\" \/>\n<meta name=\"twitter:card\" content=\"summary_large_image\" \/>\n<meta name=\"twitter:label1\" content=\"Tiempo de lectura\" \/>\n\t<meta name=\"twitter:data1\" content=\"4 minutos\" \/>\n<script type=\"application\/ld+json\" class=\"yoast-schema-graph\">{\"@context\":\"https:\\\/\\\/schema.org\",\"@graph\":[{\"@type\":\"WebPage\",\"@id\":\"https:\\\/\\\/nuestrosescritores.com\\\/josebaenarojas\\\/poesia\\\/\",\"url\":\"https:\\\/\\\/nuestrosescritores.com\\\/josebaenarojas\\\/poesia\\\/\",\"name\":\"POES\u00cdA - Jos\u00e9 Baena Rojas\",\"isPartOf\":{\"@id\":\"https:\\\/\\\/nuestrosescritores.com\\\/josebaenarojas\\\/#website\"},\"datePublished\":\"2022-03-27T14:46:03+00:00\",\"dateModified\":\"2022-03-27T15:27:50+00:00\",\"description\":\"Poes\u00eda del libro EL VUELO DEL TIEMPO de JOS\u00c9 BAENA ROJAS. El escritor nos da una muestra tras publicar su libro en la editorial de poes\u00eda Ediciones Rilke.\",\"breadcrumb\":{\"@id\":\"https:\\\/\\\/nuestrosescritores.com\\\/josebaenarojas\\\/poesia\\\/#breadcrumb\"},\"inLanguage\":\"es\",\"potentialAction\":[{\"@type\":\"ReadAction\",\"target\":[\"https:\\\/\\\/nuestrosescritores.com\\\/josebaenarojas\\\/poesia\\\/\"]}]},{\"@type\":\"BreadcrumbList\",\"@id\":\"https:\\\/\\\/nuestrosescritores.com\\\/josebaenarojas\\\/poesia\\\/#breadcrumb\",\"itemListElement\":[{\"@type\":\"ListItem\",\"position\":1,\"name\":\"Portada\",\"item\":\"https:\\\/\\\/nuestrosescritores.com\\\/josebaenarojas\\\/\"},{\"@type\":\"ListItem\",\"position\":2,\"name\":\"POES\u00cdA\"}]},{\"@type\":\"WebSite\",\"@id\":\"https:\\\/\\\/nuestrosescritores.com\\\/josebaenarojas\\\/#website\",\"url\":\"https:\\\/\\\/nuestrosescritores.com\\\/josebaenarojas\\\/\",\"name\":\"Nuestros escritores\",\"description\":\"Escritor\",\"potentialAction\":[{\"@type\":\"SearchAction\",\"target\":{\"@type\":\"EntryPoint\",\"urlTemplate\":\"https:\\\/\\\/nuestrosescritores.com\\\/josebaenarojas\\\/?s={search_term_string}\"},\"query-input\":{\"@type\":\"PropertyValueSpecification\",\"valueRequired\":true,\"valueName\":\"search_term_string\"}}],\"inLanguage\":\"es\"}]}<\/script>\n<!-- \/ Yoast SEO Premium plugin. -->","yoast_head_json":{"title":"POES\u00cdA - Jos\u00e9 Baena Rojas","description":"Poes\u00eda del libro EL VUELO DEL TIEMPO de JOS\u00c9 BAENA ROJAS. El escritor nos da una muestra tras publicar su libro en la editorial de poes\u00eda Ediciones Rilke.","robots":{"index":"index","follow":"follow","max-snippet":"max-snippet:-1","max-image-preview":"max-image-preview:large","max-video-preview":"max-video-preview:-1"},"canonical":"https:\/\/nuestrosescritores.com\/josebaenarojas\/poesia\/","og_locale":"es_ES","og_type":"article","og_title":"POES\u00cdA","og_description":"Poes\u00eda del libro EL VUELO DEL TIEMPO de JOS\u00c9 BAENA ROJAS. El escritor nos da una muestra tras publicar su libro en la editorial de poes\u00eda Ediciones Rilke.","og_url":"https:\/\/nuestrosescritores.com\/josebaenarojas\/poesia\/","og_site_name":"Jos\u00e9 Baena Rojas","article_modified_time":"2022-03-27T15:27:50+00:00","twitter_card":"summary_large_image","twitter_misc":{"Tiempo de lectura":"4 minutos"},"schema":{"@context":"https:\/\/schema.org","@graph":[{"@type":"WebPage","@id":"https:\/\/nuestrosescritores.com\/josebaenarojas\/poesia\/","url":"https:\/\/nuestrosescritores.com\/josebaenarojas\/poesia\/","name":"POES\u00cdA - Jos\u00e9 Baena Rojas","isPartOf":{"@id":"https:\/\/nuestrosescritores.com\/josebaenarojas\/#website"},"datePublished":"2022-03-27T14:46:03+00:00","dateModified":"2022-03-27T15:27:50+00:00","description":"Poes\u00eda del libro EL VUELO DEL TIEMPO de JOS\u00c9 BAENA ROJAS. El escritor nos da una muestra tras publicar su libro en la editorial de poes\u00eda Ediciones Rilke.","breadcrumb":{"@id":"https:\/\/nuestrosescritores.com\/josebaenarojas\/poesia\/#breadcrumb"},"inLanguage":"es","potentialAction":[{"@type":"ReadAction","target":["https:\/\/nuestrosescritores.com\/josebaenarojas\/poesia\/"]}]},{"@type":"BreadcrumbList","@id":"https:\/\/nuestrosescritores.com\/josebaenarojas\/poesia\/#breadcrumb","itemListElement":[{"@type":"ListItem","position":1,"name":"Portada","item":"https:\/\/nuestrosescritores.com\/josebaenarojas\/"},{"@type":"ListItem","position":2,"name":"POES\u00cdA"}]},{"@type":"WebSite","@id":"https:\/\/nuestrosescritores.com\/josebaenarojas\/#website","url":"https:\/\/nuestrosescritores.com\/josebaenarojas\/","name":"Nuestros escritores","description":"Escritor","potentialAction":[{"@type":"SearchAction","target":{"@type":"EntryPoint","urlTemplate":"https:\/\/nuestrosescritores.com\/josebaenarojas\/?s={search_term_string}"},"query-input":{"@type":"PropertyValueSpecification","valueRequired":true,"valueName":"search_term_string"}}],"inLanguage":"es"}]}},"_links":{"self":[{"href":"https:\/\/nuestrosescritores.com\/josebaenarojas\/wp-json\/wp\/v2\/pages\/81","targetHints":{"allow":["GET"]}}],"collection":[{"href":"https:\/\/nuestrosescritores.com\/josebaenarojas\/wp-json\/wp\/v2\/pages"}],"about":[{"href":"https:\/\/nuestrosescritores.com\/josebaenarojas\/wp-json\/wp\/v2\/types\/page"}],"author":[{"embeddable":true,"href":"https:\/\/nuestrosescritores.com\/josebaenarojas\/wp-json\/wp\/v2\/users\/1"}],"replies":[{"embeddable":true,"href":"https:\/\/nuestrosescritores.com\/josebaenarojas\/wp-json\/wp\/v2\/comments?post=81"}],"version-history":[{"count":0,"href":"https:\/\/nuestrosescritores.com\/josebaenarojas\/wp-json\/wp\/v2\/pages\/81\/revisions"}],"wp:attachment":[{"href":"https:\/\/nuestrosescritores.com\/josebaenarojas\/wp-json\/wp\/v2\/media?parent=81"}],"curies":[{"name":"wp","href":"https:\/\/api.w.org\/{rel}","templated":true}]}}