{"id":5,"date":"2022-03-27T11:01:47","date_gmt":"2022-03-27T11:01:47","guid":{"rendered":"https:\/\/nuestrosescritores.com\/josebaenarojas\/?page_id=5"},"modified":"2022-03-27T15:22:53","modified_gmt":"2022-03-27T15:22:53","slug":"escritor","status":"publish","type":"page","link":"https:\/\/nuestrosescritores.com\/josebaenarojas\/","title":{"rendered":"ESCRITOR"},"content":{"rendered":"<div class=\"wpb-content-wrapper\">[vc_row full_width=&#8221;stretch_row_content_no_spaces&#8221;][vc_column extend=&#8221;false&#8221;][layerslider_vc id=&#8221;1&#8243;][\/vc_column][\/vc_row][vc_row extend=&#8221;false&#8221; design__empty_1=&#8221;&#8221; background=&#8221;&#8221; background_image_type=&#8221;static&#8221; background_image__effect=&#8221;&#8221; bg_size=&#8221;initial&#8221; bg_position=&#8221;center-center&#8221; row_bg_image=&#8221;&#8221; bg_repeat=&#8221;no-repeat&#8221; background_image_type__bg_color=&#8221;rgba(255, 255, 255, 1)&#8221; row_bg_parallax_images=&#8221;&#8221; row_bg_slideshow_images=&#8221;&#8221; background_video_type=&#8221;youtube&#8221; background_video__youtube__url=&#8221;&#8221; background_video__youtube__parallax=&#8221;&#8221; background_video__youtube__options=&#8221;&#8221; background_video__youtube__fallback_image=&#8221;&#8221; background_video__hosted__mp4=&#8221;&#8221; background_video__hosted__webm=&#8221;&#8221; background_video__hosted__ogv=&#8221;&#8221; background_video__hosted__parallax=&#8221;&#8221; background_video__hosted__options=&#8221;&#8221; background_video__hosted__fallback_image=&#8221;&#8221; background_color_type=&#8221;color&#8221; bg__empty_1=&#8221;&#8221; background_color_type__gradient_color1=&#8221;rgba(44, 74, 228, 1)&#8221; background_color_type__gradient_color2=&#8221;rgba(44, 74, 228, 1)&#8221; background_color_type__color_color1=&#8221;rgba(44, 74, 228, 1)&#8221; bg__empty_2=&#8221;&#8221; background_color__effect=&#8221;&#8221; background_color__direction=&#8221;left-to-right&#8221; settings__tag_1=&#8221;&#8221; viewport_lg=&#8221;&#8221; viewport_md=&#8221;&#8221; viewport_sm=&#8221;&#8221; viewport_xs=&#8221;&#8221; settings__empty_1=&#8221;&#8221; version=&#8221;1&#8243;][vc_column width=&#8221;1\/2&#8243; extend=&#8221;false&#8221;]<div class=\"ult-content-box-container \" >\t\t<div class=\"ult-content-box\" style=\"background-color:rgba(255,255,255,0.49);box-shadow: px px 8px px #f2f2f2 none;border-style:none;-webkit-transition: all 700ms ease;-moz-transition: all 700ms ease;-ms-transition: all 700ms ease;-o-transition: all 700ms ease;transition: all 700ms ease;\"  data-hover_box_shadow=\"none\"     data-bg=\"rgba(255,255,255,0.49)\"  data-border_color=\"\" >[vc_column_text css=&#8221;.vc_custom_1648377860750{padding-top: 15% !important;padding-right: 15% !important;padding-bottom: 15% !important;padding-left: 15% !important;}&#8221;]Nace en Torre Arenillas (Palos de la Frontera), Huelva, el 15 de enero de 1951, hijo de Rafael y de Servanda. Diplomado Universitario en Filolog\u00eda Hisp\u00e1nica. Licenciado en Filosof\u00eda y Ciencias de la Educaci\u00f3n. Profesor de Lengua y Literatura Espa\u00f1olas. Jubilado.<\/p>\n<p>&nbsp;<\/p>\n<p>PREMIOS Y DISTINCIONES LITERARIAS.<\/p>\n<p>&nbsp;<\/p>\n<p>Fue director de la agrupaci\u00f3n literaria Atalaya. Fundador del Club de escritores onubenses, del que fue Secretario General. Fundador de la Tertulia Cultural Onubense. Subdirector de la revista Condados de Niebla. Director de la revista Celacanto. Presidente del grupo Celacanto de poes\u00eda. Miembro de la Asociaci\u00f3n de Escritores Espa\u00f1oles. Director de Cultura de INCUDEMA. Figura en el archivo f\u00f3nico de escritores espa\u00f1oles de la Universidad de Nebraska. Primer Premio de poes\u00eda de la Escuela Normal de Magisterio de Huelva. Acc\u00e9sit en el premio internacional de poes\u00eda de la Ciudad de Nueva York. Primer premio internacional de poes\u00eda de Navidad Ciudad de Melilla. Miembro de la Hispanic Society of Am\u00e9rica.<\/p>\n<p>&nbsp;<\/p>\n<p>&nbsp;<\/p>\n<p>OBRAS PUBLICADAS.<\/p>\n<p>&nbsp;<\/p>\n<p>Historia de la poes\u00eda en Huelva. Editorial Celacanto. Huelva 1987.<\/p>\n<p>Jes\u00fas Arcensio, poes\u00eda completa. Editorial: Diputaci\u00f3n Provincial de Huelva, 1997.<\/p>\n<p>Un no rompido sue\u00f1o. Editorial: Celacanto, 1995.Huelva.<\/p>\n<p>Antolog\u00eda imperfecta. Editorial: La voz de Huelva, 1999. Huelva.<\/p>\n<p>Arde el silencio. Poemario publicado por la U HU. Mayo de 2012.<\/p>\n<p>Robins\u00f3n de mi tiempo. Diputaci\u00f3n de Huelva. 2016.<\/p>\n<p>La poes\u00eda sat\u00edrica en Huelva. Editorial Niebla.2109.<\/p>\n<p>Ejerci\u00f3 como guionista literario en Radio Popular de Huelva. Durante 12 a\u00f1os.<\/p>\n<p>Cr\u00edtico de arte y comisario de exposiciones pict\u00f3ricas. (Pilar Toscano-Museo Provincial de Huelva, patrocinada por Caja sol).<\/p>\n<p>Antol\u00f3gica de Jos\u00e9 Viera (Patrocinada por la Consejer\u00eda de Cultura de la Junta de Andaluc\u00eda).<\/p>\n<p>Comentarista en &#8220;Huelva Red&#8221;, peri\u00f3dico digital.<\/p>\n<p>&nbsp;<\/p>\n<p>&nbsp;<\/p>\n<p>&nbsp;<\/p>\n<p>&nbsp;<\/p>\n<span class='bctt-click-to-tweet'><span class='bctt-ctt-text'><a href='https:\/\/x.com\/intent\/tweet?url=https%3A%2F%2Fnuestrosescritores.com%2Fjosebaenarojas%2F&#038;text=JOS%C3%89%20BAENA%20ROJAS.%20Escritor.&#038;related' target='_blank'rel=\"noopener noreferrer\">JOS\u00c9 BAENA ROJAS. Escritor. <\/a><\/span><a href='https:\/\/x.com\/intent\/tweet?url=https%3A%2F%2Fnuestrosescritores.com%2Fjosebaenarojas%2F&#038;text=JOS%C3%89%20BAENA%20ROJAS.%20Escritor.&#038;related' target='_blank' class='bctt-ctt-btn'rel=\"noopener noreferrer\">Compartir en X<\/a><\/span>[\/vc_column_text]\t\t<\/div><\/div>[\/vc_column][vc_column width=&#8221;1\/2&#8243; extend=&#8221;false&#8221;]<div class=\"gambit_fullheight_row\" data-content-location=\"center\" style=\"display: none\"><\/div><div id=\"rowvcpt-row-settings\" class=\"rowvcpt-row-set RowVcPt-row-setting69e4afa933e5c \" data-no=\"RowVcPt-row-setting69e4afa933e5c\"><div  id=\"bgGallaryslide69e4afa933e5f\" class=\"rowvcpt-slideshow \"><\/div><script type=\"text\/javascript\">\n(function($) {\n$(\"#bgGallaryslide69e4afa933e5f\").vegas({\n        overlay: \"https:\/\/nuestrosescritores.com\/josebaenarojas\/wp-content\/plugins\/ultimate-row-background\/css\/overlays\/0'.esc_attr(1.png).'\",\n        transitionDuration: 4e3,\n        delay: 7000,\n        slides: [{src: \"https:\/\/nuestrosescritores.com\/josebaenarojas\/wp-content\/uploads\/sites\/126\/2022\/03\/11463999.jpg\",transition: \"fade2\",transitionDuration: 5000},{src: \"https:\/\/nuestrosescritores.com\/josebaenarojas\/wp-content\/uploads\/sites\/126\/2022\/03\/11524597.jpg\",transition: \"fade2\",transitionDuration: 5000},{src: \"https:\/\/nuestrosescritores.com\/josebaenarojas\/wp-content\/uploads\/sites\/126\/2022\/03\/6540497.jpg\",transition: \"fade2\",transitionDuration: 5000},{src: \"https:\/\/nuestrosescritores.com\/josebaenarojas\/wp-content\/uploads\/sites\/126\/2022\/03\/6641880.jpg\",transition: \"fade2\",transitionDuration: 5000},{src: \"https:\/\/nuestrosescritores.com\/josebaenarojas\/wp-content\/uploads\/sites\/126\/2022\/03\/7087647.jpg\",transition: \"fade2\",transitionDuration: 5000},{src: \"https:\/\/nuestrosescritores.com\/josebaenarojas\/wp-content\/uploads\/sites\/126\/2022\/03\/6706894.jpg\",transition: \"fade2\",transitionDuration: 5000},{src: \"https:\/\/nuestrosescritores.com\/josebaenarojas\/wp-content\/uploads\/sites\/126\/2022\/03\/xiadv3r2foa.jpg\",transition: \"fade2\",transitionDuration: 5000},]\n    });\t\t\n})(jQuery);\n<\/script><div class=\"rowvcpt-overlay\" style=\"background:rgba(255,255,255,0.69)\"><\/div><\/div>[vc_single_image image=&#8221;45&#8243; img_size=&#8221;full&#8221; alignment=&#8221;center&#8221;][\/vc_column][\/vc_row][vc_row full_height=&#8221;yes&#8221; equal_height=&#8221;yes&#8221; content_placement=&#8221;middle&#8221; css_animation=&#8221;appear&#8221; css=&#8221;.vc_custom_1638093275611{background-position: center !important;background-repeat: no-repeat !important;background-size: cover !important;}&#8221;][vc_column extend=&#8221;false&#8221;]<div class=\"ult-spacer spacer-69e4afa93611a\" data-id=\"69e4afa93611a\" data-height=\"500\" data-height-mobile=\"500\" data-height-tab=\"500\" data-height-tab-portrait=\"\" data-height-mobile-landscape=\"\" style=\"clear:both;display:block;\"><\/div><div id=\"rowvcpt-row-settings\" class=\"rowvcpt-row-set RowVcPt-row-setting69e4afa936139 \" data-no=\"RowVcPt-row-setting69e4afa936139\"><div class=\"columns-bg-wrap columns-bg-anim-colors columns-bg-image  columns_simple_image\" id=\"RowVcPt-image-bg-69e4afa936138\"   data-parallax_sense=\"30\" src=\"https:\/\/nuestrosescritores.com\/josebaenarojas\/wp-content\/uploads\/sites\/126\/2022\/03\/11254951.jpg\" style=\"background-image: url(https:\/\/nuestrosescritores.com\/josebaenarojas\/wp-content\/uploads\/sites\/126\/2022\/03\/11254951.jpg);background-position: center center;background-size: cover;background-attachment: fixed;\"><\/div><\/div>[\/vc_column][\/vc_row][vc_row full_width=&#8221;stretch_row_content_no_spaces&#8221; full_height=&#8221;yes&#8221; content_placement=&#8221;middle&#8221;][vc_column extend=&#8221;false&#8221;]<div class=\"gambit_fullheight_row\" data-content-location=\"center\" style=\"display: none\"><\/div><div id=\"rowvcpt-row-settings\" class=\"rowvcpt-row-set RowVcPt-row-setting69e4afa936541 \" data-no=\"RowVcPt-row-setting69e4afa936541\"><div  id=\"bgGallaryslide69e4afa936544\" class=\"rowvcpt-slideshow \"><\/div><script type=\"text\/javascript\">\n(function($) {\n$(\"#bgGallaryslide69e4afa936544\").vegas({\n        overlay: \"https:\/\/nuestrosescritores.com\/josebaenarojas\/wp-content\/plugins\/ultimate-row-background\/css\/overlays\/0'.esc_attr(2.png).'\",\n        transitionDuration: 4e3,\n        delay: 7000,\n        slides: [{src: \"https:\/\/nuestrosescritores.com\/josebaenarojas\/wp-content\/uploads\/sites\/126\/2022\/03\/6706894.jpg\",transition: \"fade2\",transitionDuration: 5000},{src: \"https:\/\/nuestrosescritores.com\/josebaenarojas\/wp-content\/uploads\/sites\/126\/2022\/03\/6881040.jpg\",transition: \"fade2\",transitionDuration: 5000},{src: \"https:\/\/nuestrosescritores.com\/josebaenarojas\/wp-content\/uploads\/sites\/126\/2022\/03\/7083277.jpg\",transition: \"fade2\",transitionDuration: 5000},{src: \"https:\/\/nuestrosescritores.com\/josebaenarojas\/wp-content\/uploads\/sites\/126\/2022\/03\/6966721.jpg\",transition: \"fade2\",transitionDuration: 5000},]\n    });\t\t\n})(jQuery);\n<\/script><div class=\"rowvcpt-overlay\" style=\"background:rgba(255,255,255,0.69)\"><\/div><\/div><div id=\"uvc-type-wrap-7120\"  data-ultimate-target='#uvc-type-wrap-7120'  data-responsive-json-new='{\"font-size\":\"\",\"line-height\":\"\"}'  class=\"uvc-type-wrap vc_custom_1648378545172 ult-adjust-bottom-margin ult-responsive  uvc-type-align-center uvc-type-no-prefix uvc-wrap-21863927669e4afa937019\" style=\"text-align:center;\"><span id=\"typed-21863927669e4afa937019\" class=\"ultimate-typed-main \" style=\" font-weight:bold; text-transform: unset;\"><\/span><script type=\"text\/javascript\">\n\t\t\t\t\t\tjQuery(function($){ \n\t\t\t\t\t\t\t$(document).ready(function(){\n\t\t\t\t\t\t\t\tif( typeof jQuery(\"#typed-21863927669e4afa937019\").typed == \"function\"){\n\t\t\t\t\t\t\t\t\t$(\"#typed-21863927669e4afa937019\").typed({\n\t\t\t\t\t\t\t\t\t\tstrings: [\"Tradicionalmente, en poes\u00eda, los temas tratados han sido el amor, la muerte y la naturaleza. En este poemario se abordan temas cient\u00edficos y filos\u00f3ficos desde una perspectiva del hecho mismo de la ciencia y la filosof\u00eda. Lo que resulta poco usual. El autor navega por entre las procelosas aguas del ser hacia el imposible encuentro de s\u00ed mismo. Se abisma en las insondables simas de la nada y del infinito.\"],\n\t\t\t\t\t\t\t\t\t\ttypeSpeed: 35,\n\t\t\t\t\t\t\t\t\t\tbackSpeed: 0,\n\t\t\t\t\t\t\t\t\t\tstartDelay: \"200\",\n\t\t\t\t\t\t\t\t\t\tbackDelay: \"1500\",\n\t\t\t\t\t\t\t\t\t\tloop: true,\n\t\t\t\t\t\t\t\t\t\tloopCount: false,\n\t\t\t\t\t\t\t\t\t\tshowCursor: true,\n\t\t\t\t\t\t\t\t\t\tcursorChar: \"|\",\n\t\t\t\t\t\t\t\t\t\tattr: null\n\t\t\t\t\t\t\t\t\t});\n\t\t\t\t\t\t\t\t}\n\t\t\t\t\t\t\t});\n\t\t\t\t\t\t});\n\t\t\t\t\t<\/script><\/div>[\/vc_column][\/vc_row][vc_row full_height=&#8221;yes&#8221; content_placement=&#8221;middle&#8221; parallax=&#8221;content-moving&#8221; parallax_image=&#8221;86&#8243; css_animation=&#8221;appear&#8221; bg_type=&#8221;image&#8221; css=&#8221;.vc_custom_1634746787147{background-image: url(https:\/\/nuestrosescritores.com\/tinahernandezherrero\/wp-content\/uploads\/sites\/107\/2021\/10\/TinaHernandezHerrero-Mediano.jpg?id=86) !important;}&#8221;][vc_column extend=&#8221;false&#8221;][vc_empty_space height=&#8221;150px&#8221;]<div id=\"rowvcpt-row-settings\" class=\"rowvcpt-row-set RowVcPt-row-setting69e4afa9372f6 \" data-no=\"RowVcPt-row-setting69e4afa9372f6\"><div class=\"columns-bg-wrap columns-bg-anim-colors columns-bg-image  columns_simple_image\" id=\"RowVcPt-image-bg-69e4afa9372f5\"   data-parallax_sense=\"30\" src=\"https:\/\/nuestrosescritores.com\/josebaenarojas\/wp-content\/uploads\/sites\/126\/2022\/03\/Jose-Baena-Rojas-ESCRITOR.jpg\" style=\"background-image: url(https:\/\/nuestrosescritores.com\/josebaenarojas\/wp-content\/uploads\/sites\/126\/2022\/03\/Jose-Baena-Rojas-ESCRITOR.jpg);background-position: center center;background-size: cover;background-attachment: fixed;\"><\/div><\/div>[vc_column_text]\n<p style=\"text-align: center;\"><a class=\"fasc-button fasc-size-xlarge fasc-type-glossy fasc-rounded-medium\" style=\"background-color: #2b3336; color: #ffffff;\" href=\"https:\/\/librodepoesia.com\/libro\/rosa-inventada-carlos-homero-paredes-carranza\/\">COMPRA SUS LIBROS<\/a><\/p>\n[\/vc_column_text][\/vc_column][\/vc_row][vc_row][vc_column]<div id=\"rowvcpt-row-settings\" class=\"rowvcpt-row-set RowVcPt-row-setting69e4afa9376d5 \" data-no=\"RowVcPt-row-setting69e4afa9376d5\"><div class=\"columns-bg-wrap columns-bg-anim-colors\" style=\"opacity: 1;background: -moz-linear-gradient(top, #e0e0e0 0%, #f7f7f7 100%);background: -webkit-gradient(linear, left top, left bottom, color-stop(0%,#e0e0e0), color-stop(100%,#f7f7f7));background: -webkit-linear-gradient(top, #e0e0e0 0%,#f7f7f7 100%);background: -o-linear-gradient(top, #e0e0e0 0%,#f7f7f7 100%);background: -ms-linear-gradient(top, #e0e0e0 0%,#f7f7f7 100%);background: linear-gradient(to bottom, #e0e0e0 0%,#f7f7f7 100%);\"><\/div><\/div>[vc_column_text css=&#8221;.vc_custom_1643365975895{padding-top: 5% !important;padding-right: 5% !important;padding-bottom: 5% !important;padding-left: 5% !important;background-color: rgba(206,206,206,0.01) !important;*background-color: rgb(206,206,206) !important;border-radius: 1px !important;}&#8221;]Esta p\u00e1gina web est\u00e1 realizada por el GRUPO EDITORIAL P\u00c9REZ-AYALA para el escritor JOS\u00c9 BAENA ROJAS porque acaba de publicar un libro en una de las siguientes <a href=\"https:\/\/editorialesdepoesia.com\">editoriales de poes\u00eda<\/a>:<br \/>\n<a href=\"https:\/\/poesiaerestu.com\">Editorial Poes\u00eda eres t\u00fa<\/a>: Una editorial para poetas contempor\u00e1neos, con un cat\u00e1logo diverso de las diferentes tendencias de la poes\u00eda.<br \/>\n<a href=\"https:\/\/edicionesrilke.com\">Ediciones Rilke<\/a>: Una colecci\u00f3n de poes\u00eda cl\u00e1sica con poetas contempor\u00e1neos de gran trayectoria.<br \/>\n<a href=\"https:\/\/edicionesazorin.com\">Ediciones Azor\u00edn<\/a>: Una editorial para escritores y temas de Alicante y Murcia, un sello regional a nivel nacional.<br \/>\nContamos tambi\u00e9n con editoriales de narrativa como <a href=\"https:\/\/edicionesamaniel.com\">Ediciones Amaniel<\/a> y una editorial de autoedici\u00f3n como la <a href=\"https:\/\/agenciadellibro.com\">Editorial Agencia del libro<\/a> y un sistema de <a href=\"https:\/\/crowdfundingdelibros.com\">crowdfunding de libros<\/a> para que los nuevos escritores puedan <a href=\"https:\/\/crowdfundingdelibros.com\/\">publicar un libro gratis<\/a>.<br \/>\nInformaci\u00f3n tras publicar un libro: EL VUELO DEL TIEMPO de JOS\u00c9 BAENA ROJAS con la editorial de poes\u00eda Editorial Poes\u00eda eres t\u00fa.<br \/>\nJOS\u00c9 BAENA ROJAS logra publicar un libro de poes\u00eda, EL VUELO DEL TIEMPO, tras un proceso de selecci\u00f3n de obras con la Editorial Poes\u00eda eres t\u00fa.<br \/>\nTodos los derechos del libro EL VUELO DEL TIEMPO pertenecen a JOS\u00c9 BAENA ROJAS tras publicar un libro con la Editorial Poes\u00eda eres t\u00fa.<br \/>\nPublicar un libro de poes\u00eda como EL VUELO DEL TIEMPO de JOS\u00c9 BAENA ROJAS es posible gracias al trabajo de todo el equipo de la Editorial Poes\u00eda eres t\u00fa.<br \/>\nToda la promoci\u00f3n del libro EL VUELO DEL TIEMPO la puedes ver en la p\u00e1gina de la Editorial Poes\u00eda eres t\u00fa y en la web que la editorial le hace a JOS\u00c9 BAENA ROJAS tras publicar un libro.<br \/>\nJOS\u00c9 BAENA ROJAS agradece a la Editorial Poes\u00eda eres t\u00fa y la Agencia del libro por facilitar el trabajo de <a href=\"https:\/\/agenciadellibro.com\">publicar un libro<\/a>: EL VUELO DEL TIEMPO.<br \/>\nLa Editorial Poes\u00eda eres t\u00fa y JOS\u00c9 BAENA ROJAS agradecen la colaboraci\u00f3n de los poetas, que han conseguido publicar un libro, y lectores del libro EL VUELO DEL TIEMPO por su colaboraci\u00f3n en la promoci\u00f3n y difusi\u00f3n de la obra.[\/vc_column_text][\/vc_column][\/vc_row]\n<\/div>","protected":false},"excerpt":{"rendered":"<p>[vc_row full_width=&#8221;stretch_row_content_no_spaces&#8221;][vc_column extend=&#8221;false&#8221;][layerslider_vc id=&#8221;1&#8243;][\/vc_column][\/vc_row][vc_row extend=&#8221;false&#8221; design__empty_1=&#8221;&#8221; background=&#8221;&#8221; background_image_type=&#8221;static&#8221; background_image__effect=&#8221;&#8221; bg_size=&#8221;initial&#8221; bg_position=&#8221;center-center&#8221; row_bg_image=&#8221;&#8221; bg_repeat=&#8221;no-repeat&#8221; background_image_type__bg_color=&#8221;rgba(255, 255, 255, 1)&#8221; row_bg_parallax_images=&#8221;&#8221; row_bg_slideshow_images=&#8221;&#8221; background_video_type=&#8221;youtube&#8221; background_video__youtube__url=&#8221;&#8221; background_video__youtube__parallax=&#8221;&#8221; background_video__youtube__options=&#8221;&#8221; background_video__youtube__fallback_image=&#8221;&#8221; background_video__hosted__mp4=&#8221;&#8221; background_video__hosted__webm=&#8221;&#8221; background_video__hosted__ogv=&#8221;&#8221; background_video__hosted__parallax=&#8221;&#8221; background_video__hosted__options=&#8221;&#8221; background_video__hosted__fallback_image=&#8221;&#8221; background_color_type=&#8221;color&#8221; bg__empty_1=&#8221;&#8221; background_color_type__gradient_color1=&#8221;rgba(44, 74, 228, 1)&#8221; background_color_type__gradient_color2=&#8221;rgba(44, 74, 228, 1)&#8221; background_color_type__color_color1=&#8221;rgba(44, 74, 228, 1)&#8221; bg__empty_2=&#8221;&#8221; background_color__effect=&#8221;&#8221; background_color__direction=&#8221;left-to-right&#8221; settings__tag_1=&#8221;&#8221; viewport_lg=&#8221;&#8221; viewport_md=&#8221;&#8221; viewport_sm=&#8221;&#8221; viewport_xs=&#8221;&#8221; settings__empty_1=&#8221;&#8221; version=&#8221;1&#8243;][vc_column width=&#8221;1\/2&#8243; [&hellip;]<\/p>\n","protected":false},"author":1,"featured_media":0,"parent":0,"menu_order":0,"comment_status":"closed","ping_status":"closed","template":"","meta":{"_acf_changed":false,"footnotes":""},"class_list":["post-5","page","type-page","status-publish","hentry"],"acf":[],"yoast_head":"<!-- This site is optimized with the Yoast SEO Premium plugin v24.7 (Yoast SEO v27.4) - https:\/\/yoast.com\/product\/yoast-seo-premium-wordpress\/ -->\n<title>ESCRITOR - Jos\u00e9 Baena Rojas<\/title>\n<meta name=\"description\" content=\"JOS\u00c9 BAENA ROJAS es el escritor del libro de poes\u00eda EL VUELO DEL TIEMPO. Acaba de publicar un libro con la editorial de Ediciones Rilke.\" \/>\n<meta name=\"robots\" content=\"index, follow, max-snippet:-1, max-image-preview:large, max-video-preview:-1\" \/>\n<link rel=\"canonical\" href=\"https:\/\/nuestrosescritores.com\/josebaenarojas\/\" \/>\n<meta property=\"og:locale\" content=\"es_ES\" \/>\n<meta property=\"og:type\" content=\"article\" \/>\n<meta property=\"og:title\" content=\"ESCRITOR\" \/>\n<meta property=\"og:description\" content=\"JOS\u00c9 BAENA ROJAS es el escritor del libro de poes\u00eda EL VUELO DEL TIEMPO. Acaba de publicar un libro con la editorial de Ediciones Rilke.\" \/>\n<meta property=\"og:url\" content=\"https:\/\/nuestrosescritores.com\/josebaenarojas\/\" \/>\n<meta property=\"og:site_name\" content=\"Jos\u00e9 Baena Rojas\" \/>\n<meta property=\"article:modified_time\" content=\"2022-03-27T15:22:53+00:00\" \/>\n<meta name=\"twitter:card\" content=\"summary_large_image\" \/>\n<meta name=\"twitter:label1\" content=\"Tiempo de lectura\" \/>\n\t<meta name=\"twitter:data1\" content=\"4 minutos\" \/>\n<script type=\"application\/ld+json\" class=\"yoast-schema-graph\">{\"@context\":\"https:\\\/\\\/schema.org\",\"@graph\":[{\"@type\":\"WebPage\",\"@id\":\"https:\\\/\\\/nuestrosescritores.com\\\/josebaenarojas\\\/\",\"url\":\"https:\\\/\\\/nuestrosescritores.com\\\/josebaenarojas\\\/\",\"name\":\"ESCRITOR - Jos\u00e9 Baena Rojas\",\"isPartOf\":{\"@id\":\"https:\\\/\\\/nuestrosescritores.com\\\/josebaenarojas\\\/#website\"},\"datePublished\":\"2022-03-27T11:01:47+00:00\",\"dateModified\":\"2022-03-27T15:22:53+00:00\",\"description\":\"JOS\u00c9 BAENA ROJAS es el escritor del libro de poes\u00eda EL VUELO DEL TIEMPO. Acaba de publicar un libro con la editorial de Ediciones Rilke.\",\"breadcrumb\":{\"@id\":\"https:\\\/\\\/nuestrosescritores.com\\\/josebaenarojas\\\/#breadcrumb\"},\"inLanguage\":\"es\",\"potentialAction\":[{\"@type\":\"ReadAction\",\"target\":[\"https:\\\/\\\/nuestrosescritores.com\\\/josebaenarojas\\\/\"]}]},{\"@type\":\"BreadcrumbList\",\"@id\":\"https:\\\/\\\/nuestrosescritores.com\\\/josebaenarojas\\\/#breadcrumb\",\"itemListElement\":[{\"@type\":\"ListItem\",\"position\":1,\"name\":\"Portada\",\"item\":\"https:\\\/\\\/nuestrosescritores.com\\\/josebaenarojas\\\/\"},{\"@type\":\"ListItem\",\"position\":2,\"name\":\"ESCRITOR\"}]},{\"@type\":\"WebSite\",\"@id\":\"https:\\\/\\\/nuestrosescritores.com\\\/josebaenarojas\\\/#website\",\"url\":\"https:\\\/\\\/nuestrosescritores.com\\\/josebaenarojas\\\/\",\"name\":\"Nuestros escritores\",\"description\":\"Escritor\",\"potentialAction\":[{\"@type\":\"SearchAction\",\"target\":{\"@type\":\"EntryPoint\",\"urlTemplate\":\"https:\\\/\\\/nuestrosescritores.com\\\/josebaenarojas\\\/?s={search_term_string}\"},\"query-input\":{\"@type\":\"PropertyValueSpecification\",\"valueRequired\":true,\"valueName\":\"search_term_string\"}}],\"inLanguage\":\"es\"}]}<\/script>\n<!-- \/ Yoast SEO Premium plugin. -->","yoast_head_json":{"title":"ESCRITOR - Jos\u00e9 Baena Rojas","description":"JOS\u00c9 BAENA ROJAS es el escritor del libro de poes\u00eda EL VUELO DEL TIEMPO. Acaba de publicar un libro con la editorial de Ediciones Rilke.","robots":{"index":"index","follow":"follow","max-snippet":"max-snippet:-1","max-image-preview":"max-image-preview:large","max-video-preview":"max-video-preview:-1"},"canonical":"https:\/\/nuestrosescritores.com\/josebaenarojas\/","og_locale":"es_ES","og_type":"article","og_title":"ESCRITOR","og_description":"JOS\u00c9 BAENA ROJAS es el escritor del libro de poes\u00eda EL VUELO DEL TIEMPO. Acaba de publicar un libro con la editorial de Ediciones Rilke.","og_url":"https:\/\/nuestrosescritores.com\/josebaenarojas\/","og_site_name":"Jos\u00e9 Baena Rojas","article_modified_time":"2022-03-27T15:22:53+00:00","twitter_card":"summary_large_image","twitter_misc":{"Tiempo de lectura":"4 minutos"},"schema":{"@context":"https:\/\/schema.org","@graph":[{"@type":"WebPage","@id":"https:\/\/nuestrosescritores.com\/josebaenarojas\/","url":"https:\/\/nuestrosescritores.com\/josebaenarojas\/","name":"ESCRITOR - Jos\u00e9 Baena Rojas","isPartOf":{"@id":"https:\/\/nuestrosescritores.com\/josebaenarojas\/#website"},"datePublished":"2022-03-27T11:01:47+00:00","dateModified":"2022-03-27T15:22:53+00:00","description":"JOS\u00c9 BAENA ROJAS es el escritor del libro de poes\u00eda EL VUELO DEL TIEMPO. Acaba de publicar un libro con la editorial de Ediciones Rilke.","breadcrumb":{"@id":"https:\/\/nuestrosescritores.com\/josebaenarojas\/#breadcrumb"},"inLanguage":"es","potentialAction":[{"@type":"ReadAction","target":["https:\/\/nuestrosescritores.com\/josebaenarojas\/"]}]},{"@type":"BreadcrumbList","@id":"https:\/\/nuestrosescritores.com\/josebaenarojas\/#breadcrumb","itemListElement":[{"@type":"ListItem","position":1,"name":"Portada","item":"https:\/\/nuestrosescritores.com\/josebaenarojas\/"},{"@type":"ListItem","position":2,"name":"ESCRITOR"}]},{"@type":"WebSite","@id":"https:\/\/nuestrosescritores.com\/josebaenarojas\/#website","url":"https:\/\/nuestrosescritores.com\/josebaenarojas\/","name":"Nuestros escritores","description":"Escritor","potentialAction":[{"@type":"SearchAction","target":{"@type":"EntryPoint","urlTemplate":"https:\/\/nuestrosescritores.com\/josebaenarojas\/?s={search_term_string}"},"query-input":{"@type":"PropertyValueSpecification","valueRequired":true,"valueName":"search_term_string"}}],"inLanguage":"es"}]}},"_links":{"self":[{"href":"https:\/\/nuestrosescritores.com\/josebaenarojas\/wp-json\/wp\/v2\/pages\/5","targetHints":{"allow":["GET"]}}],"collection":[{"href":"https:\/\/nuestrosescritores.com\/josebaenarojas\/wp-json\/wp\/v2\/pages"}],"about":[{"href":"https:\/\/nuestrosescritores.com\/josebaenarojas\/wp-json\/wp\/v2\/types\/page"}],"author":[{"embeddable":true,"href":"https:\/\/nuestrosescritores.com\/josebaenarojas\/wp-json\/wp\/v2\/users\/1"}],"replies":[{"embeddable":true,"href":"https:\/\/nuestrosescritores.com\/josebaenarojas\/wp-json\/wp\/v2\/comments?post=5"}],"version-history":[{"count":0,"href":"https:\/\/nuestrosescritores.com\/josebaenarojas\/wp-json\/wp\/v2\/pages\/5\/revisions"}],"wp:attachment":[{"href":"https:\/\/nuestrosescritores.com\/josebaenarojas\/wp-json\/wp\/v2\/media?parent=5"}],"curies":[{"name":"wp","href":"https:\/\/api.w.org\/{rel}","templated":true}]}}