{"id":82,"date":"2020-01-12T18:10:25","date_gmt":"2020-01-12T18:10:25","guid":{"rendered":"https:\/\/nuestrosescritores.com\/jorgeblazquez\/?page_id=82"},"modified":"2020-01-12T18:18:49","modified_gmt":"2020-01-12T18:18:49","slug":"poesia","status":"publish","type":"page","link":"https:\/\/nuestrosescritores.com\/jorgeblazquez\/poesia\/","title":{"rendered":"Poes\u00eda"},"content":{"rendered":"<div class=\"wpb-content-wrapper\">[vc_row][vc_column extend=&#8221;false&#8221;][vc_column_text css=&#8221;.vc_custom_1574620857038{margin-top: -30000px !important;}&#8221;]\n<h1><strong><em><u>Poes\u00eda del libro PAJARICO de JORGE BL\u00c1ZQUEZ RABAD\u00c1N. El escritor nos da una muestra tras publicar un libro.<\/u><\/em><\/strong><\/h1>\n<h2><strong><em><u><img fetchpriority=\"high\" decoding=\"async\" class=\"alignnone size-full wp-image-78\" src=\"https:\/\/nuestrosescritores.com\/jorgeblazquez\/wp-content\/uploads\/sites\/21\/2020\/01\/0_Portada_Pajarico-1.jpg\" alt=\"\" width=\"559\" height=\"794\">Poes\u00eda del libro PAJARICO de JORGE BL\u00c1ZQUEZ RABAD\u00c1N El poeta nos da una muestra tras publicar un libro.<\/u><\/em><\/strong><\/h2>\n<h3><strong><em><u>Poes\u00eda del libro PAJARICO de JORGE BL\u00c1ZQUEZ RABAD\u00c1N El autor nos da una muestra tras publicar un libro.<\/u><\/em><\/strong><\/h3>\n<h4><strong><em><u>Poes\u00eda del libro PAJARICO de JORGE BL\u00c1ZQUEZ RABAD\u00c1N El autor nos da una muestra tras publicar un libro.<\/u><\/em><\/strong><\/h4>\n<h5><strong><em><u>Poes\u00eda del libro PAJARICO de JORGE BL\u00c1ZQUEZ RABAD\u00c1N El autor nos da una muestra tras publicar un libro.<\/u><\/em><\/strong><\/h5>\n[\/vc_column_text][\/vc_column][\/vc_row][vc_row full_width=&#8221;stretch_row_content_no_spaces&#8221;][vc_column extend=&#8221;false&#8221;]<div class='gambit_parallax_row' data-bg-align='' data-direction='fixed' data-opacity='100' data-velocity='-0.3' data-mobile-enabled='' data-bg-height='1060' data-bg-width='1600' data-bg-image='https:\/\/nuestrosescritores.com\/jorgeblazquez\/wp-content\/uploads\/sites\/21\/2020\/01\/ruw1sly3ec.jpg' data-bg-repeat='false' data-id='' style='display: none'><\/div><div class=\"gambit_fullheight_row\" data-content-location=\"center\" style=\"display: none\"><\/div>[\/vc_column][\/vc_row][vc_row][vc_column extend=&#8221;false&#8221;][vc_column_text]\n<h1><a name=\"_Toc25777144\"><\/a><strong>2.<\/strong><\/h1>\n<p>&nbsp;<\/p>\n<p>Amanecer acu\u00edfero<\/p>\n<p>de gozo y armon\u00eda.<\/p>\n<p>Por ahora, todo parece<\/p>\n<p>encaminado a la paz.<\/p>\n<p>Heridas que se cierran<\/p>\n<p>y un coraz\u00f3n abierto al Mundo<\/p>\n<p>antes agazapado<\/p>\n<p>en la comodidad de su dolor.<\/p>\n<p>&nbsp;<\/p>\n<p>&nbsp;<\/p>\n<span class='bctt-click-to-tweet'><span class='bctt-ctt-text'><a href='https:\/\/x.com\/intent\/tweet?url=https%3A%2F%2Fnuestrosescritores.com%2Fjorgeblazquez%2Fpoesia%2F&#038;text=2%C2%A0del%20libro%20PAJARICO%20de%20JORGE%20BL%C3%81ZQUEZ%20RABAD%C3%81N&#038;via=poesiaerestu&#038;related=poesiaerestu' target='_blank'rel=\"noopener noreferrer\">2&nbsp;del libro PAJARICO de JORGE BL\u00c1ZQUEZ RABAD\u00c1N <\/a><\/span><a href='https:\/\/x.com\/intent\/tweet?url=https%3A%2F%2Fnuestrosescritores.com%2Fjorgeblazquez%2Fpoesia%2F&#038;text=2%C2%A0del%20libro%20PAJARICO%20de%20JORGE%20BL%C3%81ZQUEZ%20RABAD%C3%81N&#038;via=poesiaerestu&#038;related=poesiaerestu' target='_blank' class='bctt-ctt-btn'rel=\"noopener noreferrer\">Compartir en X<\/a><\/span>\n<p>&nbsp;[\/vc_column_text][\/vc_column][\/vc_row][vc_row full_width=&#8221;stretch_row_content_no_spaces&#8221;][vc_column extend=&#8221;false&#8221;]<div class='gambit_parallax_row' data-bg-align='' data-direction='fixed' data-opacity='100' data-velocity='-0.3' data-mobile-enabled='' data-bg-height='1200' data-bg-width='1600' data-bg-image='https:\/\/nuestrosescritores.com\/jorgeblazquez\/wp-content\/uploads\/sites\/21\/2020\/01\/ilrobq8jgoa.jpg' data-bg-repeat='false' data-id='' style='display: none'><\/div><div class=\"gambit_fullheight_row\" data-content-location=\"center\" style=\"display: none\"><\/div>[\/vc_column][\/vc_row][vc_row][vc_column extend=&#8221;false&#8221;][vc_column_text]\n<h1><a name=\"_Toc25777147\"><\/a><strong>5.<\/strong><\/h1>\n<p>&nbsp;<\/p>\n<p>Coraz\u00f3n preso<\/p>\n<p>de estos muros y ladrillos,<\/p>\n<p>cemento y asfalto<\/p>\n<p>a mi alrededor.<\/p>\n<p>Altas farolas cegando<\/p>\n<p>infinitos astros<\/p>\n<p>que ya no lucen sobre<\/p>\n<p>estas ruinas que son mi cuerpo.<\/p>\n<p>Ciudades grises son<\/p>\n<p>c\u00e1rceles de verdes almas y<\/p>\n<p>caudalosos corazones.<\/p>\n<p>&nbsp;<\/p>\n<p>Soy aquel diminuto brote<\/p>\n<p>haci\u00e9ndose paso entre<\/p>\n<p>el duro asfalto,<\/p>\n<p>y al crecer tan alto como la Luna<\/p>\n<p>el asfalto quebrar\u00e9 y<\/p>\n<p>peque\u00f1as abejas polinizar\u00e1n<\/p>\n<p>este desierto sombr\u00edo.<\/p>\n<p>Todo ser\u00e1 bosque,<\/p>\n<p>todo ser\u00e1 Naturaleza,<\/p>\n<p>y las verde almas flotar\u00e1n<\/p>\n<p>entre rosas<\/p>\n<p>y los caudalosos corazones<\/p>\n<p>descansar\u00e1n, por fin, en la mar.<\/p>\n<p>&nbsp;<\/p>\n<span class='bctt-click-to-tweet'><span class='bctt-ctt-text'><a href='https:\/\/x.com\/intent\/tweet?url=https%3A%2F%2Fnuestrosescritores.com%2Fjorgeblazquez%2Fpoesia%2F&#038;text=5%20del%20libro%20PAJARICO%20de%20JORGE%20BL%C3%81ZQUEZ%20RABAD%C3%81N&#038;via=poesiaerestu&#038;related=poesiaerestu' target='_blank'rel=\"noopener noreferrer\">5 del libro PAJARICO de JORGE BL\u00c1ZQUEZ RABAD\u00c1N <\/a><\/span><a href='https:\/\/x.com\/intent\/tweet?url=https%3A%2F%2Fnuestrosescritores.com%2Fjorgeblazquez%2Fpoesia%2F&#038;text=5%20del%20libro%20PAJARICO%20de%20JORGE%20BL%C3%81ZQUEZ%20RABAD%C3%81N&#038;via=poesiaerestu&#038;related=poesiaerestu' target='_blank' class='bctt-ctt-btn'rel=\"noopener noreferrer\">Compartir en X<\/a><\/span>\n<p>&nbsp;<\/p>\n<p>&nbsp;[\/vc_column_text][\/vc_column][\/vc_row][vc_row][vc_column extend=&#8221;false&#8221;]<div class='gambit_parallax_row' data-bg-align='' data-direction='fixed' data-opacity='100' data-velocity='-0.3' data-mobile-enabled='' data-bg-height='1200' data-bg-width='1200' data-bg-image='https:\/\/nuestrosescritores.com\/jorgeblazquez\/wp-content\/uploads\/sites\/21\/2020\/01\/f-bwatcpqnw.jpg' data-bg-repeat='false' data-id='' style='display: none'><\/div><div class=\"gambit_fullheight_row\" data-content-location=\"center\" style=\"display: none\"><\/div>[\/vc_column][\/vc_row][vc_row][vc_column extend=&#8221;false&#8221;][vc_column_text]\n<h1><a name=\"_Toc25777151\"><\/a><strong>9.<\/strong><\/h1>\n<p>&nbsp;<\/p>\n<p>Pajarico, vuela alto<\/p>\n<p>antes de que ellos te alcancen.<\/p>\n<p>Pajarico, abre tus alas<\/p>\n<p>antes de que te las corten.<\/p>\n<p>&nbsp;<\/p>\n<p>Pajarico vuela lejos,<\/p>\n<p>no mires atr\u00e1s.<\/p>\n<p>Pajarico busca la Libertad.<\/p>\n<p>No mires atr\u00e1s.<\/p>\n<p>&nbsp;<\/p>\n<p>Pajarico, d\u00e9jame aqu\u00ed,<\/p>\n<p>s\u00e1lvate t\u00fa, \u00a1huye!<\/p>\n<p>Pajarico, no te preocupes por m\u00ed,<\/p>\n<p>alg\u00fan d\u00eda ir\u00e9 en tu busca&#8230;<\/p>\n<p>&nbsp;<\/p>\n<p>Pajarico levanta esas cadenas,<\/p>\n<p>vuela \u00e1gil, que no te detengan&#8230;<\/p>\n<p>Pajarico, s\u00e1lvate antes<\/p>\n<p>de que tu joven coraz\u00f3n muera.<\/p>\n<p>&nbsp;<\/p>\n<p>&nbsp;<\/p>\n<p>&nbsp;<\/p>\n<p>&nbsp;<\/p>\n<span class='bctt-click-to-tweet'><span class='bctt-ctt-text'><a href='https:\/\/x.com\/intent\/tweet?url=https%3A%2F%2Fnuestrosescritores.com%2Fjorgeblazquez%2Fpoesia%2F&#038;text=9%20del%20libro%20PAJARICO%20de%20JORGE%20BL%C3%81ZQUEZ%20RABAD%C3%81N&#038;via=poesiaerestu&#038;related=poesiaerestu' target='_blank'rel=\"noopener noreferrer\">9 del libro PAJARICO de JORGE BL\u00c1ZQUEZ RABAD\u00c1N <\/a><\/span><a href='https:\/\/x.com\/intent\/tweet?url=https%3A%2F%2Fnuestrosescritores.com%2Fjorgeblazquez%2Fpoesia%2F&#038;text=9%20del%20libro%20PAJARICO%20de%20JORGE%20BL%C3%81ZQUEZ%20RABAD%C3%81N&#038;via=poesiaerestu&#038;related=poesiaerestu' target='_blank' class='bctt-ctt-btn'rel=\"noopener noreferrer\">Compartir en X<\/a><\/span>[\/vc_column_text][\/vc_column][\/vc_row][vc_row][vc_column extend=&#8221;false&#8221;]<div class='gambit_parallax_row' data-bg-align='' data-direction='fixed' data-opacity='100' data-velocity='-0.3' data-mobile-enabled='' data-bg-height='900' data-bg-width='1600' data-bg-image='https:\/\/nuestrosescritores.com\/jorgeblazquez\/wp-content\/uploads\/sites\/21\/2020\/01\/zij-55l0-lk.jpg' data-bg-repeat='false' data-id='' style='display: none'><\/div><div class=\"gambit_fullheight_row\" data-content-location=\"center\" style=\"display: none\"><\/div>[\/vc_column][\/vc_row][vc_row][vc_column extend=&#8221;false&#8221;][vc_column_text]\n<h1><a name=\"_Toc25777157\"><\/a><strong>15.<\/strong><\/h1>\n<p>&nbsp;<\/p>\n<p>Sentado ante la nada<\/p>\n<p>observando un infinito<\/p>\n<p>de estrellas reflejadas<\/p>\n<p>en cientos de espejos.<\/p>\n<p>\u00bfCu\u00e1l de ellas es real?<\/p>\n<p>A la par, mi coraz\u00f3n se congela.<\/p>\n<p>Esto es todo, un pedazo de mi vida,<\/p>\n<p>de mi ser.<\/p>\n<p>Una humilde existencia entre<\/p>\n<p>cientos, miles m\u00e1s.<\/p>\n<p>Por mi ventana \u2014cansada de tener las mismas vistas\u2014<\/p>\n<p>un barranco.<\/p>\n<p>Ante m\u00ed, el recuerdo de<\/p>\n<p>tus miradas c\u00f3mplices.<\/p>\n<p>Un camino a medio marcar,<\/p>\n<p>una fosa a medio excavar.<\/p>\n<p>Una vida a medio vivir.<\/p>\n<p>Un ser que a\u00fan no ha sido,<\/p>\n<p>un reflejo vac\u00edo<\/p>\n<p>de un ser humano perdido<\/p>\n<p>entre sombras y ramas.<\/p>\n<p>La m\u00fasica contin\u00faa sonando, al igual<\/p>\n<p>que el Tiempo.<\/p>\n<p>\u00c9l jam\u00e1s se detiene.<\/p>\n<p>&nbsp;<\/p>\n<p>&nbsp;<\/p>\n<p>&nbsp;<\/p>\n<p>&nbsp;<\/p>\n<p>&nbsp;<\/p>\n<span class='bctt-click-to-tweet'><span class='bctt-ctt-text'><a href='https:\/\/x.com\/intent\/tweet?url=https%3A%2F%2Fnuestrosescritores.com%2Fjorgeblazquez%2Fpoesia%2F&#038;text=15%20del%20libro%20PAJARICO%20de%20JORGE%20BL%C3%81ZQUEZ%20RABAD%C3%81N&#038;via=poesiaerestu&#038;related=poesiaerestu' target='_blank'rel=\"noopener noreferrer\">15 del libro PAJARICO de JORGE BL\u00c1ZQUEZ RABAD\u00c1N <\/a><\/span><a href='https:\/\/x.com\/intent\/tweet?url=https%3A%2F%2Fnuestrosescritores.com%2Fjorgeblazquez%2Fpoesia%2F&#038;text=15%20del%20libro%20PAJARICO%20de%20JORGE%20BL%C3%81ZQUEZ%20RABAD%C3%81N&#038;via=poesiaerestu&#038;related=poesiaerestu' target='_blank' class='bctt-ctt-btn'rel=\"noopener noreferrer\">Compartir en X<\/a><\/span>[\/vc_column_text][\/vc_column][\/vc_row][vc_row][vc_column extend=&#8221;false&#8221;]<div class='gambit_parallax_row' data-bg-align='' data-direction='fixed' data-opacity='100' data-velocity='-0.3' data-mobile-enabled='' data-bg-height='684' data-bg-width='1366' data-bg-image='https:\/\/nuestrosescritores.com\/jorgeblazquez\/wp-content\/uploads\/sites\/21\/2020\/01\/f13_CollageGraficPoster_Alargado-Mediano.jpg' data-bg-repeat='false' data-id='' style='display: none'><\/div><div class=\"gambit_fullheight_row\" data-content-location=\"center\" style=\"display: none\"><\/div>[vc_column_text]\n<p style=\"text-align: center;\"><a class=\"fasc-button fasc-size-xlarge fasc-type-glossy fasc-rounded-medium\" style=\"background-color: #33809e; color: #ffffff;\" href=\"https:\/\/librodepoesia.com\/producto\/pajarico-jorge-blazquez-rabadan\/\">Comprar el libro<\/a><\/p>\n[\/vc_column_text][\/vc_column][\/vc_row][vc_row][vc_column extend=&#8221;false&#8221;][vc_column_text css=&#8221;.vc_custom_1549215104378{margin-top: -30000px !important;}&#8221;]\n<h1><strong><em><u>Poes\u00eda del libro PAJARICO de JORGE BL\u00c1ZQUEZ RABAD\u00c1N. El escritor nos da una muestra tras publicar un libro.<\/u><\/em><\/strong><\/h1>\n<h2><strong><em><u>Poes\u00eda del libro PAJARICO de JORGE BL\u00c1ZQUEZ RABAD\u00c1N El poeta nos da una muestra tras publicar un libro.<\/u><\/em><\/strong><\/h2>\n<h3><strong><em><u>Poes\u00eda del libro PAJARICO de JORGE BL\u00c1ZQUEZ RABAD\u00c1N El autor nos da una muestra tras publicar un libro.<\/u><\/em><\/strong><\/h3>\n<h4><strong><em><u>Poes\u00eda del libro PAJARICO de JORGE BL\u00c1ZQUEZ RABAD\u00c1N El autor nos da una muestra tras publicar un libro.<\/u><\/em><\/strong><\/h4>\n<h5><strong><em><u>Poes\u00eda del libro PAJARICO de JORGE BL\u00c1ZQUEZ RABAD\u00c1N El autor nos da una muestra tras publicar un libro.<\/u><\/em><\/strong><\/h5>\n[\/vc_column_text][\/vc_column][\/vc_row]\n<\/div>","protected":false},"excerpt":{"rendered":"<p>[vc_row][vc_column extend=&#8221;false&#8221;][vc_column_text css=&#8221;.vc_custom_1574620857038{margin-top: -30000px !important;}&#8221;] Poes\u00eda del libro PAJARICO de JORGE BL\u00c1ZQUEZ RABAD\u00c1N. El escritor nos da una muestra tras publicar un libro. Poes\u00eda del libro PAJARICO de JORGE BL\u00c1ZQUEZ RABAD\u00c1N El poeta nos da una muestra tras publicar un libro. Poes\u00eda del libro PAJARICO de JORGE BL\u00c1ZQUEZ RABAD\u00c1N El autor nos da una muestra [&hellip;]<\/p>\n","protected":false},"author":1,"featured_media":0,"parent":0,"menu_order":3,"comment_status":"closed","ping_status":"closed","template":"","meta":{"_acf_changed":false,"footnotes":""},"class_list":["post-82","page","type-page","status-publish","hentry"],"acf":[],"yoast_head":"<!-- This site is optimized with the Yoast SEO Premium plugin v24.7 (Yoast SEO v27.4) - https:\/\/yoast.com\/product\/yoast-seo-premium-wordpress\/ -->\n<title>Poes\u00eda - Jorge Bl\u00e1zquez<\/title>\n<meta name=\"description\" content=\"Poes\u00eda del libro PAJARICO. Jorge Bl\u00e1zquez nos da una muestra tras publicar un libro con la Editorial Poes\u00eda eres t\u00fa 2020\" \/>\n<meta name=\"robots\" content=\"index, follow, max-snippet:-1, max-image-preview:large, max-video-preview:-1\" \/>\n<link rel=\"canonical\" href=\"https:\/\/nuestrosescritores.com\/jorgeblazquez\/poesia\/\" \/>\n<meta property=\"og:locale\" content=\"es_ES\" \/>\n<meta property=\"og:type\" content=\"article\" \/>\n<meta property=\"og:title\" content=\"Poes\u00eda\" \/>\n<meta property=\"og:description\" content=\"Poes\u00eda del libro PAJARICO. Jorge Bl\u00e1zquez nos da una muestra tras publicar un libro con la Editorial Poes\u00eda eres t\u00fa 2020\" \/>\n<meta property=\"og:url\" content=\"https:\/\/nuestrosescritores.com\/jorgeblazquez\/poesia\/\" \/>\n<meta property=\"og:site_name\" content=\"Jorge Bl\u00e1zquez\" \/>\n<meta property=\"article:modified_time\" content=\"2020-01-12T18:18:49+00:00\" \/>\n<meta property=\"og:image\" content=\"https:\/\/nuestrosescritores.com\/jorgeblazquez\/wp-content\/uploads\/sites\/21\/2020\/01\/0_Portada_Pajarico-1.jpg\" \/>\n<meta name=\"twitter:card\" content=\"summary_large_image\" \/>\n<meta name=\"twitter:label1\" content=\"Tiempo de lectura\" \/>\n\t<meta name=\"twitter:data1\" content=\"4 minutos\" \/>\n<script type=\"application\/ld+json\" class=\"yoast-schema-graph\">{\"@context\":\"https:\\\/\\\/schema.org\",\"@graph\":[{\"@type\":\"WebPage\",\"@id\":\"https:\\\/\\\/nuestrosescritores.com\\\/jorgeblazquez\\\/poesia\\\/\",\"url\":\"https:\\\/\\\/nuestrosescritores.com\\\/jorgeblazquez\\\/poesia\\\/\",\"name\":\"Poes\u00eda - Jorge Bl\u00e1zquez\",\"isPartOf\":{\"@id\":\"https:\\\/\\\/nuestrosescritores.com\\\/jorgeblazquez\\\/#website\"},\"primaryImageOfPage\":{\"@id\":\"https:\\\/\\\/nuestrosescritores.com\\\/jorgeblazquez\\\/poesia\\\/#primaryimage\"},\"image\":{\"@id\":\"https:\\\/\\\/nuestrosescritores.com\\\/jorgeblazquez\\\/poesia\\\/#primaryimage\"},\"thumbnailUrl\":\"https:\\\/\\\/nuestrosescritores.com\\\/jorgeblazquez\\\/wp-content\\\/uploads\\\/sites\\\/21\\\/2020\\\/01\\\/0_Portada_Pajarico-1.jpg\",\"datePublished\":\"2020-01-12T18:10:25+00:00\",\"dateModified\":\"2020-01-12T18:18:49+00:00\",\"description\":\"Poes\u00eda del libro PAJARICO. Jorge Bl\u00e1zquez nos da una muestra tras publicar un libro con la Editorial Poes\u00eda eres t\u00fa 2020\",\"breadcrumb\":{\"@id\":\"https:\\\/\\\/nuestrosescritores.com\\\/jorgeblazquez\\\/poesia\\\/#breadcrumb\"},\"inLanguage\":\"es\",\"potentialAction\":[{\"@type\":\"ReadAction\",\"target\":[\"https:\\\/\\\/nuestrosescritores.com\\\/jorgeblazquez\\\/poesia\\\/\"]}]},{\"@type\":\"ImageObject\",\"inLanguage\":\"es\",\"@id\":\"https:\\\/\\\/nuestrosescritores.com\\\/jorgeblazquez\\\/poesia\\\/#primaryimage\",\"url\":\"https:\\\/\\\/nuestrosescritores.com\\\/jorgeblazquez\\\/wp-content\\\/uploads\\\/sites\\\/21\\\/2020\\\/01\\\/0_Portada_Pajarico-1.jpg\",\"contentUrl\":\"https:\\\/\\\/nuestrosescritores.com\\\/jorgeblazquez\\\/wp-content\\\/uploads\\\/sites\\\/21\\\/2020\\\/01\\\/0_Portada_Pajarico-1.jpg\",\"width\":559,\"height\":794},{\"@type\":\"BreadcrumbList\",\"@id\":\"https:\\\/\\\/nuestrosescritores.com\\\/jorgeblazquez\\\/poesia\\\/#breadcrumb\",\"itemListElement\":[{\"@type\":\"ListItem\",\"position\":1,\"name\":\"Portada\",\"item\":\"https:\\\/\\\/nuestrosescritores.com\\\/jorgeblazquez\\\/\"},{\"@type\":\"ListItem\",\"position\":2,\"name\":\"Poes\u00eda\"}]},{\"@type\":\"WebSite\",\"@id\":\"https:\\\/\\\/nuestrosescritores.com\\\/jorgeblazquez\\\/#website\",\"url\":\"https:\\\/\\\/nuestrosescritores.com\\\/jorgeblazquez\\\/\",\"name\":\"Nuestros escritores\",\"description\":\"Escritor\",\"potentialAction\":[{\"@type\":\"SearchAction\",\"target\":{\"@type\":\"EntryPoint\",\"urlTemplate\":\"https:\\\/\\\/nuestrosescritores.com\\\/jorgeblazquez\\\/?s={search_term_string}\"},\"query-input\":{\"@type\":\"PropertyValueSpecification\",\"valueRequired\":true,\"valueName\":\"search_term_string\"}}],\"inLanguage\":\"es\"}]}<\/script>\n<!-- \/ Yoast SEO Premium plugin. -->","yoast_head_json":{"title":"Poes\u00eda - Jorge Bl\u00e1zquez","description":"Poes\u00eda del libro PAJARICO. Jorge Bl\u00e1zquez nos da una muestra tras publicar un libro con la Editorial Poes\u00eda eres t\u00fa 2020","robots":{"index":"index","follow":"follow","max-snippet":"max-snippet:-1","max-image-preview":"max-image-preview:large","max-video-preview":"max-video-preview:-1"},"canonical":"https:\/\/nuestrosescritores.com\/jorgeblazquez\/poesia\/","og_locale":"es_ES","og_type":"article","og_title":"Poes\u00eda","og_description":"Poes\u00eda del libro PAJARICO. Jorge Bl\u00e1zquez nos da una muestra tras publicar un libro con la Editorial Poes\u00eda eres t\u00fa 2020","og_url":"https:\/\/nuestrosescritores.com\/jorgeblazquez\/poesia\/","og_site_name":"Jorge Bl\u00e1zquez","article_modified_time":"2020-01-12T18:18:49+00:00","og_image":[{"url":"https:\/\/nuestrosescritores.com\/jorgeblazquez\/wp-content\/uploads\/sites\/21\/2020\/01\/0_Portada_Pajarico-1.jpg","type":"","width":"","height":""}],"twitter_card":"summary_large_image","twitter_misc":{"Tiempo de lectura":"4 minutos"},"schema":{"@context":"https:\/\/schema.org","@graph":[{"@type":"WebPage","@id":"https:\/\/nuestrosescritores.com\/jorgeblazquez\/poesia\/","url":"https:\/\/nuestrosescritores.com\/jorgeblazquez\/poesia\/","name":"Poes\u00eda - Jorge Bl\u00e1zquez","isPartOf":{"@id":"https:\/\/nuestrosescritores.com\/jorgeblazquez\/#website"},"primaryImageOfPage":{"@id":"https:\/\/nuestrosescritores.com\/jorgeblazquez\/poesia\/#primaryimage"},"image":{"@id":"https:\/\/nuestrosescritores.com\/jorgeblazquez\/poesia\/#primaryimage"},"thumbnailUrl":"https:\/\/nuestrosescritores.com\/jorgeblazquez\/wp-content\/uploads\/sites\/21\/2020\/01\/0_Portada_Pajarico-1.jpg","datePublished":"2020-01-12T18:10:25+00:00","dateModified":"2020-01-12T18:18:49+00:00","description":"Poes\u00eda del libro PAJARICO. Jorge Bl\u00e1zquez nos da una muestra tras publicar un libro con la Editorial Poes\u00eda eres t\u00fa 2020","breadcrumb":{"@id":"https:\/\/nuestrosescritores.com\/jorgeblazquez\/poesia\/#breadcrumb"},"inLanguage":"es","potentialAction":[{"@type":"ReadAction","target":["https:\/\/nuestrosescritores.com\/jorgeblazquez\/poesia\/"]}]},{"@type":"ImageObject","inLanguage":"es","@id":"https:\/\/nuestrosescritores.com\/jorgeblazquez\/poesia\/#primaryimage","url":"https:\/\/nuestrosescritores.com\/jorgeblazquez\/wp-content\/uploads\/sites\/21\/2020\/01\/0_Portada_Pajarico-1.jpg","contentUrl":"https:\/\/nuestrosescritores.com\/jorgeblazquez\/wp-content\/uploads\/sites\/21\/2020\/01\/0_Portada_Pajarico-1.jpg","width":559,"height":794},{"@type":"BreadcrumbList","@id":"https:\/\/nuestrosescritores.com\/jorgeblazquez\/poesia\/#breadcrumb","itemListElement":[{"@type":"ListItem","position":1,"name":"Portada","item":"https:\/\/nuestrosescritores.com\/jorgeblazquez\/"},{"@type":"ListItem","position":2,"name":"Poes\u00eda"}]},{"@type":"WebSite","@id":"https:\/\/nuestrosescritores.com\/jorgeblazquez\/#website","url":"https:\/\/nuestrosescritores.com\/jorgeblazquez\/","name":"Nuestros escritores","description":"Escritor","potentialAction":[{"@type":"SearchAction","target":{"@type":"EntryPoint","urlTemplate":"https:\/\/nuestrosescritores.com\/jorgeblazquez\/?s={search_term_string}"},"query-input":{"@type":"PropertyValueSpecification","valueRequired":true,"valueName":"search_term_string"}}],"inLanguage":"es"}]}},"_links":{"self":[{"href":"https:\/\/nuestrosescritores.com\/jorgeblazquez\/wp-json\/wp\/v2\/pages\/82","targetHints":{"allow":["GET"]}}],"collection":[{"href":"https:\/\/nuestrosescritores.com\/jorgeblazquez\/wp-json\/wp\/v2\/pages"}],"about":[{"href":"https:\/\/nuestrosescritores.com\/jorgeblazquez\/wp-json\/wp\/v2\/types\/page"}],"author":[{"embeddable":true,"href":"https:\/\/nuestrosescritores.com\/jorgeblazquez\/wp-json\/wp\/v2\/users\/1"}],"replies":[{"embeddable":true,"href":"https:\/\/nuestrosescritores.com\/jorgeblazquez\/wp-json\/wp\/v2\/comments?post=82"}],"version-history":[{"count":0,"href":"https:\/\/nuestrosescritores.com\/jorgeblazquez\/wp-json\/wp\/v2\/pages\/82\/revisions"}],"wp:attachment":[{"href":"https:\/\/nuestrosescritores.com\/jorgeblazquez\/wp-json\/wp\/v2\/media?parent=82"}],"curies":[{"name":"wp","href":"https:\/\/api.w.org\/{rel}","templated":true}]}}