{"id":88,"date":"2021-07-04T09:18:02","date_gmt":"2021-07-04T09:18:02","guid":{"rendered":"https:\/\/nuestrosescritores.com\/isamonicmonilix\/?page_id=88"},"modified":"2021-07-04T09:19:37","modified_gmt":"2021-07-04T09:19:37","slug":"poesia","status":"publish","type":"page","link":"https:\/\/nuestrosescritores.com\/isamonicmonilix\/poesia\/","title":{"rendered":"POES\u00cdA"},"content":{"rendered":"<div class=\"wpb-content-wrapper\">[vc_row full_width=&#8221;stretch_row_content_no_spaces&#8221;][vc_column extend=&#8221;false&#8221;]<div class='gambit_parallax_row' data-bg-align='' data-direction='fixed' data-opacity='100' data-velocity='-0.3' data-mobile-enabled='' data-bg-height='1200' data-bg-width='801' data-bg-image='https:\/\/nuestrosescritores.com\/isamonicmonilix\/wp-content\/uploads\/sites\/97\/2021\/07\/wrq9y9qyot8.jpg' data-bg-repeat='false' data-id='' style='display: none'><\/div><div class=\"gambit_fullheight_row\" data-content-location=\"center\" style=\"display: none\"><\/div>[\/vc_column][\/vc_row][vc_row][vc_column extend=&#8221;false&#8221;][vc_column_text]\n<h1>&nbsp;<\/h1>\n<h1><a name=\"_Toc72690508\"><\/a><strong>BAJO MIRADAS<\/strong><\/h1>\n<p>&nbsp;<\/p>\n<p>Veo monumentos por las calles que se trasladan solos, intocables y solo observados bajo miradas sospechosas.<\/p>\n<p>&nbsp;<\/p>\n<p>Son solamente esos ojos de divinidades contrapuestas desde el horizonte que hacen que tiemble el mundo al pasar el agua desde tus entra\u00f1as.<\/p>\n<p>&nbsp;<\/p>\n<p>Entonces cuando la lluvia act\u00faa, tus palabras en la boca me hacen vibrar, porque un fin es vivir y poder vivir sin fin es un fin sin fin, al igual que un mel\u00f3n sin dulzor es como un beso sin sabor.<\/p>\n<p>&nbsp;<\/p>\n<span class='bctt-click-to-tweet'><span class='bctt-ctt-text'><a href='https:\/\/x.com\/intent\/tweet?url=https%3A%2F%2Fnuestrosescritores.com%2Fisamonicmonilix%2Fpoesia%2F&#038;text=BAJO%20MIRADAS%C2%A0del%20libro%20MIS%20OJOS%20A%20TRAV%C3%89S%20DEL%20ESPEJO%20de%20ISAM%C3%93NIC%20M%C3%93NILIX&#038;via=poesiaerestu&#038;related=poesiaerestu' target='_blank'rel=\"noopener noreferrer\">BAJO MIRADAS&nbsp;del libro MIS OJOS A TRAV\u00c9S DEL ESPEJO de ISAM\u00d3NIC M\u00d3NILIX <\/a><\/span><a href='https:\/\/x.com\/intent\/tweet?url=https%3A%2F%2Fnuestrosescritores.com%2Fisamonicmonilix%2Fpoesia%2F&#038;text=BAJO%20MIRADAS%C2%A0del%20libro%20MIS%20OJOS%20A%20TRAV%C3%89S%20DEL%20ESPEJO%20de%20ISAM%C3%93NIC%20M%C3%93NILIX&#038;via=poesiaerestu&#038;related=poesiaerestu' target='_blank' class='bctt-ctt-btn'rel=\"noopener noreferrer\">Compartir en X<\/a><\/span>[\/vc_column_text][\/vc_column][\/vc_row][vc_row full_width=&#8221;stretch_row_content_no_spaces&#8221;][vc_column extend=&#8221;false&#8221;]<div class='gambit_parallax_row' data-bg-align='' data-direction='fixed' data-opacity='100' data-velocity='-0.3' data-mobile-enabled='' data-bg-height='1200' data-bg-width='800' data-bg-image='https:\/\/nuestrosescritores.com\/isamonicmonilix\/wp-content\/uploads\/sites\/97\/2021\/07\/aqpcom4xg8.jpg' data-bg-repeat='false' data-id='' style='display: none'><\/div><div class=\"gambit_fullheight_row\" data-content-location=\"center\" style=\"display: none\"><\/div>[\/vc_column][\/vc_row][vc_row][vc_column extend=&#8221;false&#8221;][vc_column_text]\n<h1>&nbsp;<\/h1>\n<h1><a name=\"_Toc71223738\"><\/a><\/h1>\n<h1><a name=\"_Toc74754287\"><\/a><\/h1>\n<h1><a name=\"_Toc72690514\"><\/a><strong>EL SILENCIO QUE ENCIERRAN NUESTROS OJOS<\/strong><\/h1>\n<p>&nbsp;<\/p>\n<p>El silencio de tus palabras,<\/p>\n<p>huecas y vac\u00edas de sentido muestran verdades inmutables que no quieren ser descubiertas.<\/p>\n<p>&nbsp;<\/p>\n<p>Si todo lo que pensaramos en un breve instante,<\/p>\n<p>lo pudi\u00e9ramos transmitir,<\/p>\n<p>la gente creer\u00eda que ya no somos nosotros mismos, pero se equivocan,<\/p>\n<p>estamos siendo m\u00e1s fieles que nunca a nuestro ser superior.<\/p>\n<p>&nbsp;<\/p>\n<p>Puesto que si abri\u00e9ramos esa puerta, todo cambiar\u00eda y alterar\u00eda el sentido de la realidad tal y como la percibimos.<\/p>\n<p>&nbsp;<\/p>\n<p>Por ello, en algunas ocasiones es preferible abrir \u00fanicamente una ventana, porque nuestra capacidad de entendimiento no siempre puede ser afrontada.<\/p>\n<span class='bctt-click-to-tweet'><span class='bctt-ctt-text'><a href='https:\/\/x.com\/intent\/tweet?url=https%3A%2F%2Fnuestrosescritores.com%2Fisamonicmonilix%2Fpoesia%2F&#038;text=EL%20SILENCIO%20QUE%20ENCIERRAN%20NUESTROS%20OJOS%C2%A0del%20libro%20MIS%20OJOS%20A%20TRAV%C3%89S%20DEL%20ESPEJO%20de%20ISAM%C3%93NIC%20M%C3%93NILIX&#038;via=poesiaerestu&#038;related=poesiaerestu' target='_blank'rel=\"noopener noreferrer\">EL SILENCIO QUE ENCIERRAN NUESTROS OJOS&nbsp;del libro MIS OJOS A TRAV\u00c9S DEL ESPEJO de ISAM\u00d3NIC M\u00d3NILIX <\/a><\/span><a href='https:\/\/x.com\/intent\/tweet?url=https%3A%2F%2Fnuestrosescritores.com%2Fisamonicmonilix%2Fpoesia%2F&#038;text=EL%20SILENCIO%20QUE%20ENCIERRAN%20NUESTROS%20OJOS%C2%A0del%20libro%20MIS%20OJOS%20A%20TRAV%C3%89S%20DEL%20ESPEJO%20de%20ISAM%C3%93NIC%20M%C3%93NILIX&#038;via=poesiaerestu&#038;related=poesiaerestu' target='_blank' class='bctt-ctt-btn'rel=\"noopener noreferrer\">Compartir en X<\/a><\/span>\n<p>&nbsp;<\/p>\n<p>&nbsp;[\/vc_column_text][\/vc_column][\/vc_row][vc_row][vc_column extend=&#8221;false&#8221;]<div class='gambit_parallax_row' data-bg-align='' data-direction='fixed' data-opacity='100' data-velocity='-0.3' data-mobile-enabled='' data-bg-height='1067' data-bg-width='1600' data-bg-image='https:\/\/nuestrosescritores.com\/isamonicmonilix\/wp-content\/uploads\/sites\/97\/2021\/07\/9alf1qlzvn0.jpg' data-bg-repeat='false' data-id='' style='display: none'><\/div><div class=\"gambit_fullheight_row\" data-content-location=\"center\" style=\"display: none\"><\/div>[\/vc_column][\/vc_row][vc_row][vc_column extend=&#8221;false&#8221;][vc_column_text]\n<h1><a name=\"_Toc68808797\"><\/a><\/h1>\n<h1><a name=\"_Toc69056939\"><\/a><\/h1>\n<h1><a name=\"_Toc74754292\"><\/a><\/h1>\n<h1>LEJAN\u00cdA EN EL TIEMPO<\/h1>\n<p>Miro a trav\u00e9s de una ventana las horas pasar sin saber c\u00f3mo coexistir, sin saber a d\u00f3nde encaminarme<br \/>\ny sin saber a la persona a la que dejar\u00e9 o encontrar\u00e9.<\/p>\n<p>Soy mil cosas a trav\u00e9s de una misma persona, todas me ven como a una sola, pero solo una poseer\u00e1 el hallazgo del camino.<\/p>\n<p>Soy una persona cambiante, unas veces s\u00e9 qui\u00e9n soy y otras solo soy.<\/p>\n<p>Una vez que abro la puerta de mi casa la inspiraci\u00f3n como un rayo de viento atraviesa mis pulmones y aunque lo intente parar por peculiar que parezca no puedo.<\/p>\n<p>&nbsp;<\/p>\n<p>&nbsp;<\/p>\n<p>&nbsp;<\/p>\n<span class='bctt-click-to-tweet'><span class='bctt-ctt-text'><a href='https:\/\/x.com\/intent\/tweet?url=https%3A%2F%2Fnuestrosescritores.com%2Fisamonicmonilix%2Fpoesia%2F&#038;text=LEJAN%C3%8DA%20EN%20EL%20TIEMPO%20del%20libro%20MIS%20OJOS%20A%20TRAV%C3%89S%20DEL%20ESPEJO%20de%20ISAM%C3%93NIC%20M%C3%93NILIX&#038;via=poesiaerestu&#038;related=poesiaerestu' target='_blank'rel=\"noopener noreferrer\">LEJAN\u00cdA EN EL TIEMPO del libro MIS OJOS A TRAV\u00c9S DEL ESPEJO de ISAM\u00d3NIC M\u00d3NILIX <\/a><\/span><a href='https:\/\/x.com\/intent\/tweet?url=https%3A%2F%2Fnuestrosescritores.com%2Fisamonicmonilix%2Fpoesia%2F&#038;text=LEJAN%C3%8DA%20EN%20EL%20TIEMPO%20del%20libro%20MIS%20OJOS%20A%20TRAV%C3%89S%20DEL%20ESPEJO%20de%20ISAM%C3%93NIC%20M%C3%93NILIX&#038;via=poesiaerestu&#038;related=poesiaerestu' target='_blank' class='bctt-ctt-btn'rel=\"noopener noreferrer\">Compartir en X<\/a><\/span>[\/vc_column_text][\/vc_column][\/vc_row][vc_row][vc_column extend=&#8221;false&#8221;]<div class='gambit_parallax_row' data-bg-align='' data-direction='fixed' data-opacity='100' data-velocity='-0.3' data-mobile-enabled='' data-bg-height='1200' data-bg-width='800' data-bg-image='https:\/\/nuestrosescritores.com\/isamonicmonilix\/wp-content\/uploads\/sites\/97\/2021\/07\/7wwmiadabsw.jpg' data-bg-repeat='false' data-id='' style='display: none'><\/div><div class=\"gambit_fullheight_row\" data-content-location=\"center\" style=\"display: none\"><\/div>[\/vc_column][\/vc_row][vc_row][vc_column extend=&#8221;false&#8221;][vc_column_text]<a name=\"_Toc67933181\"><\/a><\/p>\n<h1><a name=\"_Toc71223746\"><\/a><\/h1>\n<h1><a name=\"_Toc74754308\"><\/a><\/h1>\n<h1><a name=\"_Toc72690523\"><\/a><strong>EL HOGAR DEL CONOCIMIENTO<\/strong><\/h1>\n<p>&nbsp;<\/p>\n<p>Tantas asignaturas para elegir, tantos alumnos a los que atender y en mi nav\u00edo un barco sin fin.<\/p>\n<p>&nbsp;<\/p>\n<p>Primer d\u00eda de instituto, piernas que decaen por los pasillos arrastradas por sus pies y esa sonrisa iluminada que te hace proseguir.<\/p>\n<p>&nbsp;<\/p>\n<p>El amor me hace amar y el amor sin mi locura se esfumar\u00e1.<\/p>\n<p>&nbsp;<\/p>\n<p>&nbsp;<\/p>\n<span class='bctt-click-to-tweet'><span class='bctt-ctt-text'><a href='https:\/\/x.com\/intent\/tweet?url=https%3A%2F%2Fnuestrosescritores.com%2Fisamonicmonilix%2Fpoesia%2F&#038;text=EL%20HOGAR%20DEL%20CONOCIMIENTO%20del%20libro%20MIS%20OJOS%20A%20TRAV%C3%89S%20DEL%20ESPEJO%20de%20ISAM%C3%93NIC%20M%C3%93NILIX&#038;via=poesiaerestu&#038;related=poesiaerestu' target='_blank'rel=\"noopener noreferrer\">EL HOGAR DEL CONOCIMIENTO del libro MIS OJOS A TRAV\u00c9S DEL ESPEJO de ISAM\u00d3NIC M\u00d3NILIX <\/a><\/span><a href='https:\/\/x.com\/intent\/tweet?url=https%3A%2F%2Fnuestrosescritores.com%2Fisamonicmonilix%2Fpoesia%2F&#038;text=EL%20HOGAR%20DEL%20CONOCIMIENTO%20del%20libro%20MIS%20OJOS%20A%20TRAV%C3%89S%20DEL%20ESPEJO%20de%20ISAM%C3%93NIC%20M%C3%93NILIX&#038;via=poesiaerestu&#038;related=poesiaerestu' target='_blank' class='bctt-ctt-btn'rel=\"noopener noreferrer\">Compartir en X<\/a><\/span>[\/vc_column_text][\/vc_column][\/vc_row][vc_row][vc_column extend=&#8221;false&#8221;]<div class='gambit_parallax_row' data-bg-align='' data-direction='fixed' data-opacity='100' data-velocity='-0.3' data-mobile-enabled='' data-bg-height='1200' data-bg-width='811' data-bg-image='https:\/\/nuestrosescritores.com\/isamonicmonilix\/wp-content\/uploads\/sites\/97\/2021\/07\/kocd_qmii_u.jpg' data-bg-repeat='false' data-id='' style='display: none'><\/div><div class=\"gambit_fullheight_row\" data-content-location=\"center\" style=\"display: none\"><\/div>[\/vc_column][\/vc_row][vc_row][vc_column extend=&#8221;false&#8221;][vc_column_text]\n<h1>&nbsp;<\/h1>\n<h1><a name=\"_Toc67238204\"><\/a><a name=\"_Toc68029894\"><\/a><\/h1>\n<h1>&nbsp;<\/h1>\n<h1>&nbsp;<\/h1>\n<h1><a name=\"_Toc71223749\"><\/a><\/h1>\n<h1><a name=\"_Toc74754334\"><\/a><\/h1>\n<h1><a name=\"_Toc72690527\"><\/a><strong>DUDA INCOMPETENTE<\/strong><\/h1>\n<p>&nbsp;<\/p>\n<p>Sentirme feliz por haber ganado, sentir que podr\u00eda haber dado m\u00e1s,<\/p>\n<p>mas no porque me ahogaba.<\/p>\n<p>&nbsp;<\/p>\n<p>Son sentimientos desviados del camino,<\/p>\n<p>arraigados por tiempos atr\u00e1s,<\/p>\n<p>por tiempos oscuros, sentimientos encontrados, pero no por ello perdidos.<\/p>\n<p>&nbsp;<\/p>\n<p>Es como un s\u00ed y un no,<\/p>\n<p>como una lucha en mi interior.<\/p>\n<p>&nbsp;<\/p>\n<span class='bctt-click-to-tweet'><span class='bctt-ctt-text'><a href='https:\/\/x.com\/intent\/tweet?url=https%3A%2F%2Fnuestrosescritores.com%2Fisamonicmonilix%2Fpoesia%2F&#038;text=LOCURA%C2%A0del%20libro%20MIS%20OJOS%20A%20TRAV%C3%89S%20DEL%20ESPEJO%20de%20ISAM%C3%93NIC%20M%C3%93NILIX&#038;via=poesiaerestu&#038;related=poesiaerestu' target='_blank'rel=\"noopener noreferrer\">LOCURA&nbsp;del libro MIS OJOS A TRAV\u00c9S DEL ESPEJO de ISAM\u00d3NIC M\u00d3NILIX <\/a><\/span><a href='https:\/\/x.com\/intent\/tweet?url=https%3A%2F%2Fnuestrosescritores.com%2Fisamonicmonilix%2Fpoesia%2F&#038;text=LOCURA%C2%A0del%20libro%20MIS%20OJOS%20A%20TRAV%C3%89S%20DEL%20ESPEJO%20de%20ISAM%C3%93NIC%20M%C3%93NILIX&#038;via=poesiaerestu&#038;related=poesiaerestu' target='_blank' class='bctt-ctt-btn'rel=\"noopener noreferrer\">Compartir en X<\/a><\/span>[\/vc_column_text][\/vc_column][\/vc_row][vc_row][vc_column extend=&#8221;false&#8221;]<div class='gambit_parallax_row' data-bg-align='' data-direction='fixed' data-opacity='100' data-velocity='-0.3' data-mobile-enabled='' data-bg-height='794' data-bg-width='559' data-bg-image='https:\/\/nuestrosescritores.com\/isamonicmonilix\/wp-content\/uploads\/sites\/97\/2021\/07\/0_Portada_Misojosatravesdelespejo.jpg' data-bg-repeat='false' data-id='' style='display: none'><\/div><div class=\"gambit_fullheight_row\" data-content-location=\"center\" style=\"display: none\"><\/div>[vc_column_text]\n<p style=\"text-align: center;\"><a class=\"fasc-button fasc-size-xlarge fasc-type-glossy fasc-rounded-medium\" style=\"background-color: #33809e; color: #ffffff;\" href=\"https:\/\/librodepoesia.com\/producto\/algo-grande-isabel-osorio-nieto\/\">Comprar el libro<\/a><\/p>\n[\/vc_column_text][\/vc_column][\/vc_row]\n<\/div>","protected":false},"excerpt":{"rendered":"<p>[vc_row full_width=&#8221;stretch_row_content_no_spaces&#8221;][vc_column extend=&#8221;false&#8221;][\/vc_column][\/vc_row][vc_row][vc_column extend=&#8221;false&#8221;][vc_column_text] &nbsp; BAJO MIRADAS &nbsp; Veo monumentos por las calles que se trasladan solos, intocables y solo observados bajo miradas sospechosas. &nbsp; Son solamente esos ojos de divinidades contrapuestas desde el horizonte que hacen que tiemble el mundo al pasar el agua desde tus entra\u00f1as. &nbsp; Entonces cuando la lluvia act\u00faa, tus [&hellip;]<\/p>\n","protected":false},"author":1,"featured_media":0,"parent":0,"menu_order":0,"comment_status":"closed","ping_status":"closed","template":"","meta":{"_acf_changed":false,"footnotes":""},"class_list":["post-88","page","type-page","status-publish","hentry"],"acf":[],"yoast_head":"<!-- This site is optimized with the Yoast SEO Premium plugin v24.7 (Yoast SEO v27.3) - https:\/\/yoast.com\/product\/yoast-seo-premium-wordpress\/ -->\n<title>POES\u00cdA - Isam\u00f3nic M\u00f3nilix<\/title>\n<meta name=\"description\" content=\"Poes\u00eda del libro MIS OJOS A TRAV\u00c9S DEL ESPEJO de ISAM\u00d3NIC M\u00d3NILIX, la autora nos da una muestra de sus poemas tras publicar un libro con la Editorial Poes\u00eda eres t\u00fa.\" \/>\n<meta name=\"robots\" content=\"index, follow, max-snippet:-1, max-image-preview:large, max-video-preview:-1\" \/>\n<link rel=\"canonical\" href=\"https:\/\/nuestrosescritores.com\/isamonicmonilix\/poesia\/\" \/>\n<meta property=\"og:locale\" content=\"es_ES\" \/>\n<meta property=\"og:type\" content=\"article\" \/>\n<meta property=\"og:title\" content=\"POES\u00cdA\" \/>\n<meta property=\"og:description\" content=\"Poes\u00eda del libro MIS OJOS A TRAV\u00c9S DEL ESPEJO de ISAM\u00d3NIC M\u00d3NILIX, la autora nos da una muestra de sus poemas tras publicar un libro con la Editorial Poes\u00eda eres t\u00fa.\" \/>\n<meta property=\"og:url\" content=\"https:\/\/nuestrosescritores.com\/isamonicmonilix\/poesia\/\" \/>\n<meta property=\"og:site_name\" content=\"Isam\u00f3nic M\u00f3nilix\" \/>\n<meta property=\"article:modified_time\" content=\"2021-07-04T09:19:37+00:00\" \/>\n<meta name=\"twitter:card\" content=\"summary_large_image\" \/>\n<meta name=\"twitter:label1\" content=\"Tiempo de lectura\" \/>\n\t<meta name=\"twitter:data1\" content=\"3 minutos\" \/>\n<script type=\"application\/ld+json\" class=\"yoast-schema-graph\">{\"@context\":\"https:\\\/\\\/schema.org\",\"@graph\":[{\"@type\":\"WebPage\",\"@id\":\"https:\\\/\\\/nuestrosescritores.com\\\/isamonicmonilix\\\/poesia\\\/\",\"url\":\"https:\\\/\\\/nuestrosescritores.com\\\/isamonicmonilix\\\/poesia\\\/\",\"name\":\"POES\u00cdA - Isam\u00f3nic M\u00f3nilix\",\"isPartOf\":{\"@id\":\"https:\\\/\\\/nuestrosescritores.com\\\/isamonicmonilix\\\/#website\"},\"datePublished\":\"2021-07-04T09:18:02+00:00\",\"dateModified\":\"2021-07-04T09:19:37+00:00\",\"description\":\"Poes\u00eda del libro MIS OJOS A TRAV\u00c9S DEL ESPEJO de ISAM\u00d3NIC M\u00d3NILIX, la autora nos da una muestra de sus poemas tras publicar un libro con la Editorial Poes\u00eda eres t\u00fa.\",\"breadcrumb\":{\"@id\":\"https:\\\/\\\/nuestrosescritores.com\\\/isamonicmonilix\\\/poesia\\\/#breadcrumb\"},\"inLanguage\":\"es\",\"potentialAction\":[{\"@type\":\"ReadAction\",\"target\":[\"https:\\\/\\\/nuestrosescritores.com\\\/isamonicmonilix\\\/poesia\\\/\"]}]},{\"@type\":\"BreadcrumbList\",\"@id\":\"https:\\\/\\\/nuestrosescritores.com\\\/isamonicmonilix\\\/poesia\\\/#breadcrumb\",\"itemListElement\":[{\"@type\":\"ListItem\",\"position\":1,\"name\":\"Portada\",\"item\":\"https:\\\/\\\/nuestrosescritores.com\\\/isamonicmonilix\\\/\"},{\"@type\":\"ListItem\",\"position\":2,\"name\":\"POES\u00cdA\"}]},{\"@type\":\"WebSite\",\"@id\":\"https:\\\/\\\/nuestrosescritores.com\\\/isamonicmonilix\\\/#website\",\"url\":\"https:\\\/\\\/nuestrosescritores.com\\\/isamonicmonilix\\\/\",\"name\":\"Nuestros escritores\",\"description\":\"Escritora\",\"potentialAction\":[{\"@type\":\"SearchAction\",\"target\":{\"@type\":\"EntryPoint\",\"urlTemplate\":\"https:\\\/\\\/nuestrosescritores.com\\\/isamonicmonilix\\\/?s={search_term_string}\"},\"query-input\":{\"@type\":\"PropertyValueSpecification\",\"valueRequired\":true,\"valueName\":\"search_term_string\"}}],\"inLanguage\":\"es\"}]}<\/script>\n<!-- \/ Yoast SEO Premium plugin. -->","yoast_head_json":{"title":"POES\u00cdA - Isam\u00f3nic M\u00f3nilix","description":"Poes\u00eda del libro MIS OJOS A TRAV\u00c9S DEL ESPEJO de ISAM\u00d3NIC M\u00d3NILIX, la autora nos da una muestra de sus poemas tras publicar un libro con la Editorial Poes\u00eda eres t\u00fa.","robots":{"index":"index","follow":"follow","max-snippet":"max-snippet:-1","max-image-preview":"max-image-preview:large","max-video-preview":"max-video-preview:-1"},"canonical":"https:\/\/nuestrosescritores.com\/isamonicmonilix\/poesia\/","og_locale":"es_ES","og_type":"article","og_title":"POES\u00cdA","og_description":"Poes\u00eda del libro MIS OJOS A TRAV\u00c9S DEL ESPEJO de ISAM\u00d3NIC M\u00d3NILIX, la autora nos da una muestra de sus poemas tras publicar un libro con la Editorial Poes\u00eda eres t\u00fa.","og_url":"https:\/\/nuestrosescritores.com\/isamonicmonilix\/poesia\/","og_site_name":"Isam\u00f3nic M\u00f3nilix","article_modified_time":"2021-07-04T09:19:37+00:00","twitter_card":"summary_large_image","twitter_misc":{"Tiempo de lectura":"3 minutos"},"schema":{"@context":"https:\/\/schema.org","@graph":[{"@type":"WebPage","@id":"https:\/\/nuestrosescritores.com\/isamonicmonilix\/poesia\/","url":"https:\/\/nuestrosescritores.com\/isamonicmonilix\/poesia\/","name":"POES\u00cdA - Isam\u00f3nic M\u00f3nilix","isPartOf":{"@id":"https:\/\/nuestrosescritores.com\/isamonicmonilix\/#website"},"datePublished":"2021-07-04T09:18:02+00:00","dateModified":"2021-07-04T09:19:37+00:00","description":"Poes\u00eda del libro MIS OJOS A TRAV\u00c9S DEL ESPEJO de ISAM\u00d3NIC M\u00d3NILIX, la autora nos da una muestra de sus poemas tras publicar un libro con la Editorial Poes\u00eda eres t\u00fa.","breadcrumb":{"@id":"https:\/\/nuestrosescritores.com\/isamonicmonilix\/poesia\/#breadcrumb"},"inLanguage":"es","potentialAction":[{"@type":"ReadAction","target":["https:\/\/nuestrosescritores.com\/isamonicmonilix\/poesia\/"]}]},{"@type":"BreadcrumbList","@id":"https:\/\/nuestrosescritores.com\/isamonicmonilix\/poesia\/#breadcrumb","itemListElement":[{"@type":"ListItem","position":1,"name":"Portada","item":"https:\/\/nuestrosescritores.com\/isamonicmonilix\/"},{"@type":"ListItem","position":2,"name":"POES\u00cdA"}]},{"@type":"WebSite","@id":"https:\/\/nuestrosescritores.com\/isamonicmonilix\/#website","url":"https:\/\/nuestrosescritores.com\/isamonicmonilix\/","name":"Nuestros escritores","description":"Escritora","potentialAction":[{"@type":"SearchAction","target":{"@type":"EntryPoint","urlTemplate":"https:\/\/nuestrosescritores.com\/isamonicmonilix\/?s={search_term_string}"},"query-input":{"@type":"PropertyValueSpecification","valueRequired":true,"valueName":"search_term_string"}}],"inLanguage":"es"}]}},"_links":{"self":[{"href":"https:\/\/nuestrosescritores.com\/isamonicmonilix\/wp-json\/wp\/v2\/pages\/88","targetHints":{"allow":["GET"]}}],"collection":[{"href":"https:\/\/nuestrosescritores.com\/isamonicmonilix\/wp-json\/wp\/v2\/pages"}],"about":[{"href":"https:\/\/nuestrosescritores.com\/isamonicmonilix\/wp-json\/wp\/v2\/types\/page"}],"author":[{"embeddable":true,"href":"https:\/\/nuestrosescritores.com\/isamonicmonilix\/wp-json\/wp\/v2\/users\/1"}],"replies":[{"embeddable":true,"href":"https:\/\/nuestrosescritores.com\/isamonicmonilix\/wp-json\/wp\/v2\/comments?post=88"}],"version-history":[{"count":0,"href":"https:\/\/nuestrosescritores.com\/isamonicmonilix\/wp-json\/wp\/v2\/pages\/88\/revisions"}],"wp:attachment":[{"href":"https:\/\/nuestrosescritores.com\/isamonicmonilix\/wp-json\/wp\/v2\/media?parent=88"}],"curies":[{"name":"wp","href":"https:\/\/api.w.org\/{rel}","templated":true}]}}