{"id":84,"date":"2021-06-27T10:46:01","date_gmt":"2021-06-27T10:46:01","guid":{"rendered":"https:\/\/nuestrosescritores.com\/isabelosorio\/?page_id=84"},"modified":"2021-06-27T21:09:28","modified_gmt":"2021-06-27T21:09:28","slug":"poesia","status":"publish","type":"page","link":"https:\/\/nuestrosescritores.com\/isabelosorio\/poesia\/","title":{"rendered":"POES\u00cdA"},"content":{"rendered":"<div class=\"wpb-content-wrapper\">[vc_row full_width=&#8221;stretch_row_content_no_spaces&#8221;][vc_column extend=&#8221;false&#8221;]<div class='gambit_parallax_row' data-bg-align='' data-direction='fixed' data-opacity='100' data-velocity='-0.3' data-mobile-enabled='' data-bg-height='1200' data-bg-width='800' data-bg-image='https:\/\/nuestrosescritores.com\/isabelosorio\/wp-content\/uploads\/sites\/96\/2021\/06\/xxvne-lerpy.jpg' data-bg-repeat='false' data-id='' style='display: none'><\/div><div class=\"gambit_fullheight_row\" data-content-location=\"center\" style=\"display: none\"><\/div>[\/vc_column][\/vc_row][vc_row][vc_column extend=&#8221;false&#8221;][vc_column_text]\n<h1>&nbsp;<\/h1>\n<h1><a name=\"_Toc74754284\"><\/a><strong>LA NOCHE<\/strong><\/h1>\n<p>&nbsp;<\/p>\n<p>La luna ha muerto esta noche<br \/>\nte\u00f1ida de sangre y oro,<br \/>\nde serpientes enroscadas<br \/>\ny un amor que se desprende.<\/p>\n<p>La luna, roja y polvorienta,<br \/>\nazota el tiempo presente,<br \/>\ndesnuda traici\u00f3n impura,<br \/>\nte\u00f1ida de alguien inocente.<\/p>\n<p>La luna se asoma a tu vera,<br \/>\ndesde este lago rec\u00f3ndito,<br \/>\ny el reflejo te cuenta sus penas,<br \/>\nDESDE ESTA NOCHE ETERNA.<\/p>\n<p>&nbsp;<\/p>\n<span class='bctt-click-to-tweet'><span class='bctt-ctt-text'><a href='https:\/\/x.com\/intent\/tweet?url=https%3A%2F%2Fnuestrosescritores.com%2Fisabelosorio%2Fpoesia%2F&#038;text=LA%20NOCHE%20del%20libro%20LA%20NOCHE%20de%20ISABEL%20OSORIO&#038;via=poesiaerestu&#038;related=poesiaerestu' target='_blank'rel=\"noopener noreferrer\">LA NOCHE del libro LA NOCHE de ISABEL OSORIO <\/a><\/span><a href='https:\/\/x.com\/intent\/tweet?url=https%3A%2F%2Fnuestrosescritores.com%2Fisabelosorio%2Fpoesia%2F&#038;text=LA%20NOCHE%20del%20libro%20LA%20NOCHE%20de%20ISABEL%20OSORIO&#038;via=poesiaerestu&#038;related=poesiaerestu' target='_blank' class='bctt-ctt-btn'rel=\"noopener noreferrer\">Compartir en X<\/a><\/span>[\/vc_column_text][\/vc_column][\/vc_row][vc_row full_width=&#8221;stretch_row_content_no_spaces&#8221;][vc_column extend=&#8221;false&#8221;]<div class='gambit_parallax_row' data-bg-align='' data-direction='fixed' data-opacity='100' data-velocity='-0.3' data-mobile-enabled='' data-bg-height='1067' data-bg-width='1600' data-bg-image='https:\/\/nuestrosescritores.com\/isabelosorio\/wp-content\/uploads\/sites\/96\/2021\/06\/ttdq-5uxxjg.jpg' data-bg-repeat='false' data-id='' style='display: none'><\/div><div class=\"gambit_fullheight_row\" data-content-location=\"center\" style=\"display: none\"><\/div>[\/vc_column][\/vc_row][vc_row][vc_column extend=&#8221;false&#8221;][vc_column_text]\n<h1>&nbsp;<\/h1>\n<h1><a name=\"_Toc71223738\"><\/a><\/h1>\n<h1><a name=\"_Toc74754287\"><\/a><strong>EL BESO<\/strong><\/h1>\n<p>&nbsp;<\/p>\n<p>Labios de carm\u00edn, arduo deseo,<br \/>\nsentimiento y desespero<br \/>\nen la delicadeza de un beso.<\/p>\n<p>Nubes blancas de algod\u00f3n,<br \/>\nr\u00edos de flores blancas,<br \/>\narco iris sin raz\u00f3n y auroras esperanzadas,<br \/>\nnacen sin quererlo con tus m\u00e1gicas palabras.<\/p>\n<p>Un camino de hielo,<br \/>\nel fuego del calor eterno,<br \/>\nentre el sol y la luna,<br \/>\nla vida y la sepultura,<br \/>\nel fr\u00edo del deseo,<br \/>\nSE CRE\u00d3 EL BESO.<\/p>\n<span class='bctt-click-to-tweet'><span class='bctt-ctt-text'><a href='https:\/\/x.com\/intent\/tweet?url=https%3A%2F%2Fnuestrosescritores.com%2Fisabelosorio%2Fpoesia%2F&#038;text=EL%20BESO%20del%20libro%20ALGO%20GRANDE%20de%20ISABEL%20OSORIO&#038;via=poesiaerestu&#038;related=poesiaerestu' target='_blank'rel=\"noopener noreferrer\">EL BESO del libro ALGO GRANDE de ISABEL OSORIO <\/a><\/span><a href='https:\/\/x.com\/intent\/tweet?url=https%3A%2F%2Fnuestrosescritores.com%2Fisabelosorio%2Fpoesia%2F&#038;text=EL%20BESO%20del%20libro%20ALGO%20GRANDE%20de%20ISABEL%20OSORIO&#038;via=poesiaerestu&#038;related=poesiaerestu' target='_blank' class='bctt-ctt-btn'rel=\"noopener noreferrer\">Compartir en X<\/a><\/span>\n<p>&nbsp;<\/p>\n<p>&nbsp;[\/vc_column_text][\/vc_column][\/vc_row][vc_row][vc_column extend=&#8221;false&#8221;]<div class='gambit_parallax_row' data-bg-align='' data-direction='fixed' data-opacity='100' data-velocity='-0.3' data-mobile-enabled='' data-bg-height='1200' data-bg-width='960' data-bg-image='https:\/\/nuestrosescritores.com\/isabelosorio\/wp-content\/uploads\/sites\/96\/2021\/06\/4m_-yfzdsik.jpg' data-bg-repeat='false' data-id='' style='display: none'><\/div><div class=\"gambit_fullheight_row\" data-content-location=\"center\" style=\"display: none\"><\/div>[\/vc_column][\/vc_row][vc_row][vc_column extend=&#8221;false&#8221;][vc_column_text]\n<h1><a name=\"_Toc68808797\"><\/a><\/h1>\n<h1><a name=\"_Toc69056939\"><\/a><\/h1>\n<h1><a name=\"_Toc74754292\"><\/a><strong>LA PLAYA<\/strong><\/h1>\n<p>&nbsp;<\/p>\n<p>Si pudiera expresarte lo que siento,<br \/>\ndecir sinceramente te quiero,<br \/>\nvolar\u00edamos al fin del mundo<br \/>\na tocar el mismo abismo,<br \/>\npara construir sue\u00f1os profundos,<br \/>\ny tocar el infinito.<\/p>\n<p>Si el mundo fuera bola de plata,<br \/>\nser\u00eda tu dulce hada,<br \/>\nesperando el filo de tu espada.<\/p>\n<p>Si fueras estrella encantada,<br \/>\nyo ser\u00eda cometa enamorada,<br \/>\nesperando el fulgor de tu mirada.<\/p>\n<p>Si el mundo fuera un sue\u00f1o alado,<br \/>\nser\u00eda un unicornio encantado,<br \/>\nun viento de sol de madrugada,<br \/>\npero yo bajo mi alma,<br \/>\nCAMINO DESCALZA EN LA INFINITA PLAYA.<\/p>\n<p>&nbsp;<\/p>\n<p>&nbsp;<\/p>\n<p>&nbsp;<\/p>\n<span class='bctt-click-to-tweet'><span class='bctt-ctt-text'><a href='https:\/\/x.com\/intent\/tweet?url=https%3A%2F%2Fnuestrosescritores.com%2Fisabelosorio%2Fpoesia%2F&#038;text=LA%20PLAYA%20del%20libro%20ALGO%20GRANDE%20de%20ISABEL%20OSORIO&#038;via=poesiaerestu&#038;related=poesiaerestu' target='_blank'rel=\"noopener noreferrer\">LA PLAYA del libro ALGO GRANDE de ISABEL OSORIO <\/a><\/span><a href='https:\/\/x.com\/intent\/tweet?url=https%3A%2F%2Fnuestrosescritores.com%2Fisabelosorio%2Fpoesia%2F&#038;text=LA%20PLAYA%20del%20libro%20ALGO%20GRANDE%20de%20ISABEL%20OSORIO&#038;via=poesiaerestu&#038;related=poesiaerestu' target='_blank' class='bctt-ctt-btn'rel=\"noopener noreferrer\">Compartir en X<\/a><\/span>[\/vc_column_text][\/vc_column][\/vc_row][vc_row][vc_column extend=&#8221;false&#8221;]<div class='gambit_parallax_row' data-bg-align='' data-direction='fixed' data-opacity='100' data-velocity='-0.3' data-mobile-enabled='' data-bg-height='1200' data-bg-width='800' data-bg-image='https:\/\/nuestrosescritores.com\/isabelosorio\/wp-content\/uploads\/sites\/96\/2021\/06\/1fmxbqmgsmg.jpg' data-bg-repeat='false' data-id='' style='display: none'><\/div><div class=\"gambit_fullheight_row\" data-content-location=\"center\" style=\"display: none\"><\/div>[\/vc_column][\/vc_row][vc_row][vc_column extend=&#8221;false&#8221;][vc_column_text]<a name=\"_Toc67933181\"><\/a><\/p>\n<h1><a name=\"_Toc71223746\"><\/a><\/h1>\n<h1><a name=\"_Toc74754308\"><\/a><strong>MADRUGADA<\/strong><\/h1>\n<p>&nbsp;<\/p>\n<p>SOL que calientas esa piedra,<br \/>\nalcanza mi silencio,<br \/>\ny refleja tu mirada<br \/>\npara sentirme excitada y amada,<br \/>\nDE CORAZ\u00d3N Y DE ALMA.<\/p>\n<p>AIRE que desvaneces las alas,<br \/>\nque revuelves el tiempo y lo paras,<br \/>\nalienta mi madrugada<br \/>\npara sentirme extasiada,<br \/>\nDE CORAZ\u00d3N Y DE ALMA.<\/p>\n<p>LLUVIA que cubres cuerpos,<br \/>\nque deshaces las palabras,<br \/>\nalumbra mi triste desvelo<br \/>\npara sentirme deseada,<br \/>\nDE CORAZ\u00d3N Y DE ALMA.<\/p>\n<p>NIEVE que aprietas extra\u00f1a,<br \/>\nque todo lo condensas, amada,<br \/>\nsi\u00e9nteme enamorada,<br \/>\naunque sea aqu\u00ed sola,<br \/>\nEN MI ETERNA MADRUGADA.<\/p>\n<p>&nbsp;<\/p>\n<p>&nbsp;<\/p>\n<span class='bctt-click-to-tweet'><span class='bctt-ctt-text'><a href='https:\/\/x.com\/intent\/tweet?url=https%3A%2F%2Fnuestrosescritores.com%2Fisabelosorio%2Fpoesia%2F&#038;text=MADRUGADA%20del%20libro%20ALGO%20GRANDE%20de%20ISABEL%20OSORIO&#038;via=poesiaerestu&#038;related=poesiaerestu' target='_blank'rel=\"noopener noreferrer\">MADRUGADA del libro ALGO GRANDE de ISABEL OSORIO <\/a><\/span><a href='https:\/\/x.com\/intent\/tweet?url=https%3A%2F%2Fnuestrosescritores.com%2Fisabelosorio%2Fpoesia%2F&#038;text=MADRUGADA%20del%20libro%20ALGO%20GRANDE%20de%20ISABEL%20OSORIO&#038;via=poesiaerestu&#038;related=poesiaerestu' target='_blank' class='bctt-ctt-btn'rel=\"noopener noreferrer\">Compartir en X<\/a><\/span>[\/vc_column_text][\/vc_column][\/vc_row][vc_row][vc_column extend=&#8221;false&#8221;]<div class='gambit_parallax_row' data-bg-align='' data-direction='fixed' data-opacity='100' data-velocity='-0.3' data-mobile-enabled='' data-bg-height='1200' data-bg-width='1600' data-bg-image='https:\/\/nuestrosescritores.com\/isabelosorio\/wp-content\/uploads\/sites\/96\/2021\/06\/gkg0cgpaccs.jpg' data-bg-repeat='false' data-id='' style='display: none'><\/div><div class=\"gambit_fullheight_row\" data-content-location=\"center\" style=\"display: none\"><\/div>[\/vc_column][\/vc_row][vc_row][vc_column extend=&#8221;false&#8221;][vc_column_text]\n<h1>&nbsp;<\/h1>\n<h1><a name=\"_Toc67238204\"><\/a><a name=\"_Toc68029894\"><\/a><\/h1>\n<h1>&nbsp;<\/h1>\n<h1>&nbsp;<\/h1>\n<h1><a name=\"_Toc71223749\"><\/a><\/h1>\n<h1><a name=\"_Toc74754334\"><\/a><strong>LOCURA<\/strong><\/h1>\n<p>&nbsp;<\/p>\n<p>Casi llegando adentro,<br \/>\nque yo te quiero y te siento<br \/>\nen la inconsciencia de mis sue\u00f1os.<\/p>\n<p>Casi sinti\u00e9ndote cerca,<br \/>\nsiento dolor y amargura,<br \/>\nen los reflejos luminosos de mi tumba.<\/p>\n<p>Casi sirena desnuda,<br \/>\nque obedece tus deseos,<br \/>\nroza la locura.<\/p>\n<p>Casi una luz encendida,<br \/>\nreclama la soledad,<br \/>\nsurcando la despedida.<\/p>\n<p>Casi te has muerto,<br \/>\ncord\u00f3n solitario<br \/>\nque colgada en mi regazo,<br \/>\ndesaf\u00edas la gravedad impulsiva,<br \/>\nde la muerta DESPEDIDA.<\/p>\n<p>&nbsp;<\/p>\n<span class='bctt-click-to-tweet'><span class='bctt-ctt-text'><a href='https:\/\/x.com\/intent\/tweet?url=https%3A%2F%2Fnuestrosescritores.com%2Fisabelosorio%2Fpoesia%2F&#038;text=LOCURA%C2%A0del%20libro%20ALGO%20GRANDE%20de%20ISABEL%20OSORIO&#038;via=poesiaerestu&#038;related=poesiaerestu' target='_blank'rel=\"noopener noreferrer\">LOCURA&nbsp;del libro ALGO GRANDE de ISABEL OSORIO <\/a><\/span><a href='https:\/\/x.com\/intent\/tweet?url=https%3A%2F%2Fnuestrosescritores.com%2Fisabelosorio%2Fpoesia%2F&#038;text=LOCURA%C2%A0del%20libro%20ALGO%20GRANDE%20de%20ISABEL%20OSORIO&#038;via=poesiaerestu&#038;related=poesiaerestu' target='_blank' class='bctt-ctt-btn'rel=\"noopener noreferrer\">Compartir en X<\/a><\/span>[\/vc_column_text][\/vc_column][\/vc_row][vc_row][vc_column extend=&#8221;false&#8221;]<div class='gambit_parallax_row' data-bg-align='' data-direction='fixed' data-opacity='100' data-velocity='-0.3' data-mobile-enabled='' data-bg-height='1067' data-bg-width='1600' data-bg-image='https:\/\/nuestrosescritores.com\/isabelosorio\/wp-content\/uploads\/sites\/96\/2021\/06\/xw7abhpkbxg.jpg' data-bg-repeat='false' data-id='' style='display: none'><\/div><div class=\"gambit_fullheight_row\" data-content-location=\"center\" style=\"display: none\"><\/div>[vc_column_text]\n<p style=\"text-align: center;\"><a class=\"fasc-button fasc-size-xlarge fasc-type-glossy fasc-rounded-medium\" style=\"background-color: #33809e; color: #ffffff;\" href=\"https:\/\/librodepoesia.com\/producto\/algo-grande-isabel-osorio-nieto\/\">Comprar el libro<\/a><\/p>\n[\/vc_column_text][\/vc_column][\/vc_row]\n<\/div>","protected":false},"excerpt":{"rendered":"<p>[vc_row full_width=&#8221;stretch_row_content_no_spaces&#8221;][vc_column extend=&#8221;false&#8221;][\/vc_column][\/vc_row][vc_row][vc_column extend=&#8221;false&#8221;][vc_column_text] &nbsp; LA NOCHE &nbsp; La luna ha muerto esta noche te\u00f1ida de sangre y oro, de serpientes enroscadas y un amor que se desprende. La luna, roja y polvorienta, azota el tiempo presente, desnuda traici\u00f3n impura, te\u00f1ida de alguien inocente. La luna se asoma a tu vera, desde este lago rec\u00f3ndito, [&hellip;]<\/p>\n","protected":false},"author":1,"featured_media":0,"parent":0,"menu_order":0,"comment_status":"closed","ping_status":"closed","template":"","meta":{"_acf_changed":false,"footnotes":""},"class_list":["post-84","page","type-page","status-publish","hentry"],"acf":[],"yoast_head":"<!-- This site is optimized with the Yoast SEO Premium plugin v24.7 (Yoast SEO v27.4) - https:\/\/yoast.com\/product\/yoast-seo-premium-wordpress\/ -->\n<title>POES\u00cdA - Isabel Osorio<\/title>\n<meta name=\"description\" content=\"Poes\u00eda del libro ALGO GRANDE la autora Isabel Osorio nos da una muestra tras publicar un libro de poes\u00eda con la Editorial Poes\u00eda eres t\u00fa.\" \/>\n<meta name=\"robots\" content=\"index, follow, max-snippet:-1, max-image-preview:large, max-video-preview:-1\" \/>\n<link rel=\"canonical\" href=\"https:\/\/nuestrosescritores.com\/isabelosorio\/poesia\/\" \/>\n<meta property=\"og:locale\" content=\"es_ES\" \/>\n<meta property=\"og:type\" content=\"article\" \/>\n<meta property=\"og:title\" content=\"POES\u00cdA\" \/>\n<meta property=\"og:description\" content=\"Poes\u00eda del libro ALGO GRANDE la autora Isabel Osorio nos da una muestra tras publicar un libro de poes\u00eda con la Editorial Poes\u00eda eres t\u00fa.\" \/>\n<meta property=\"og:url\" content=\"https:\/\/nuestrosescritores.com\/isabelosorio\/poesia\/\" \/>\n<meta property=\"og:site_name\" content=\"Isabel Osorio\" \/>\n<meta property=\"article:modified_time\" content=\"2021-06-27T21:09:28+00:00\" \/>\n<meta name=\"twitter:card\" content=\"summary_large_image\" \/>\n<meta name=\"twitter:label1\" content=\"Tiempo de lectura\" \/>\n\t<meta name=\"twitter:data1\" content=\"3 minutos\" \/>\n<script type=\"application\/ld+json\" class=\"yoast-schema-graph\">{\"@context\":\"https:\\\/\\\/schema.org\",\"@graph\":[{\"@type\":\"WebPage\",\"@id\":\"https:\\\/\\\/nuestrosescritores.com\\\/isabelosorio\\\/poesia\\\/\",\"url\":\"https:\\\/\\\/nuestrosescritores.com\\\/isabelosorio\\\/poesia\\\/\",\"name\":\"POES\u00cdA - Isabel Osorio\",\"isPartOf\":{\"@id\":\"https:\\\/\\\/nuestrosescritores.com\\\/isabelosorio\\\/#website\"},\"datePublished\":\"2021-06-27T10:46:01+00:00\",\"dateModified\":\"2021-06-27T21:09:28+00:00\",\"description\":\"Poes\u00eda del libro ALGO GRANDE la autora Isabel Osorio nos da una muestra tras publicar un libro de poes\u00eda con la Editorial Poes\u00eda eres t\u00fa.\",\"breadcrumb\":{\"@id\":\"https:\\\/\\\/nuestrosescritores.com\\\/isabelosorio\\\/poesia\\\/#breadcrumb\"},\"inLanguage\":\"es\",\"potentialAction\":[{\"@type\":\"ReadAction\",\"target\":[\"https:\\\/\\\/nuestrosescritores.com\\\/isabelosorio\\\/poesia\\\/\"]}]},{\"@type\":\"BreadcrumbList\",\"@id\":\"https:\\\/\\\/nuestrosescritores.com\\\/isabelosorio\\\/poesia\\\/#breadcrumb\",\"itemListElement\":[{\"@type\":\"ListItem\",\"position\":1,\"name\":\"Portada\",\"item\":\"https:\\\/\\\/nuestrosescritores.com\\\/isabelosorio\\\/\"},{\"@type\":\"ListItem\",\"position\":2,\"name\":\"POES\u00cdA\"}]},{\"@type\":\"WebSite\",\"@id\":\"https:\\\/\\\/nuestrosescritores.com\\\/isabelosorio\\\/#website\",\"url\":\"https:\\\/\\\/nuestrosescritores.com\\\/isabelosorio\\\/\",\"name\":\"Nuestros escritores\",\"description\":\"Escritora\",\"potentialAction\":[{\"@type\":\"SearchAction\",\"target\":{\"@type\":\"EntryPoint\",\"urlTemplate\":\"https:\\\/\\\/nuestrosescritores.com\\\/isabelosorio\\\/?s={search_term_string}\"},\"query-input\":{\"@type\":\"PropertyValueSpecification\",\"valueRequired\":true,\"valueName\":\"search_term_string\"}}],\"inLanguage\":\"es\"}]}<\/script>\n<!-- \/ Yoast SEO Premium plugin. -->","yoast_head_json":{"title":"POES\u00cdA - Isabel Osorio","description":"Poes\u00eda del libro ALGO GRANDE la autora Isabel Osorio nos da una muestra tras publicar un libro de poes\u00eda con la Editorial Poes\u00eda eres t\u00fa.","robots":{"index":"index","follow":"follow","max-snippet":"max-snippet:-1","max-image-preview":"max-image-preview:large","max-video-preview":"max-video-preview:-1"},"canonical":"https:\/\/nuestrosescritores.com\/isabelosorio\/poesia\/","og_locale":"es_ES","og_type":"article","og_title":"POES\u00cdA","og_description":"Poes\u00eda del libro ALGO GRANDE la autora Isabel Osorio nos da una muestra tras publicar un libro de poes\u00eda con la Editorial Poes\u00eda eres t\u00fa.","og_url":"https:\/\/nuestrosescritores.com\/isabelosorio\/poesia\/","og_site_name":"Isabel Osorio","article_modified_time":"2021-06-27T21:09:28+00:00","twitter_card":"summary_large_image","twitter_misc":{"Tiempo de lectura":"3 minutos"},"schema":{"@context":"https:\/\/schema.org","@graph":[{"@type":"WebPage","@id":"https:\/\/nuestrosescritores.com\/isabelosorio\/poesia\/","url":"https:\/\/nuestrosescritores.com\/isabelosorio\/poesia\/","name":"POES\u00cdA - Isabel Osorio","isPartOf":{"@id":"https:\/\/nuestrosescritores.com\/isabelosorio\/#website"},"datePublished":"2021-06-27T10:46:01+00:00","dateModified":"2021-06-27T21:09:28+00:00","description":"Poes\u00eda del libro ALGO GRANDE la autora Isabel Osorio nos da una muestra tras publicar un libro de poes\u00eda con la Editorial Poes\u00eda eres t\u00fa.","breadcrumb":{"@id":"https:\/\/nuestrosescritores.com\/isabelosorio\/poesia\/#breadcrumb"},"inLanguage":"es","potentialAction":[{"@type":"ReadAction","target":["https:\/\/nuestrosescritores.com\/isabelosorio\/poesia\/"]}]},{"@type":"BreadcrumbList","@id":"https:\/\/nuestrosescritores.com\/isabelosorio\/poesia\/#breadcrumb","itemListElement":[{"@type":"ListItem","position":1,"name":"Portada","item":"https:\/\/nuestrosescritores.com\/isabelosorio\/"},{"@type":"ListItem","position":2,"name":"POES\u00cdA"}]},{"@type":"WebSite","@id":"https:\/\/nuestrosescritores.com\/isabelosorio\/#website","url":"https:\/\/nuestrosescritores.com\/isabelosorio\/","name":"Nuestros escritores","description":"Escritora","potentialAction":[{"@type":"SearchAction","target":{"@type":"EntryPoint","urlTemplate":"https:\/\/nuestrosescritores.com\/isabelosorio\/?s={search_term_string}"},"query-input":{"@type":"PropertyValueSpecification","valueRequired":true,"valueName":"search_term_string"}}],"inLanguage":"es"}]}},"_links":{"self":[{"href":"https:\/\/nuestrosescritores.com\/isabelosorio\/wp-json\/wp\/v2\/pages\/84","targetHints":{"allow":["GET"]}}],"collection":[{"href":"https:\/\/nuestrosescritores.com\/isabelosorio\/wp-json\/wp\/v2\/pages"}],"about":[{"href":"https:\/\/nuestrosescritores.com\/isabelosorio\/wp-json\/wp\/v2\/types\/page"}],"author":[{"embeddable":true,"href":"https:\/\/nuestrosescritores.com\/isabelosorio\/wp-json\/wp\/v2\/users\/1"}],"replies":[{"embeddable":true,"href":"https:\/\/nuestrosescritores.com\/isabelosorio\/wp-json\/wp\/v2\/comments?post=84"}],"version-history":[{"count":0,"href":"https:\/\/nuestrosescritores.com\/isabelosorio\/wp-json\/wp\/v2\/pages\/84\/revisions"}],"wp:attachment":[{"href":"https:\/\/nuestrosescritores.com\/isabelosorio\/wp-json\/wp\/v2\/media?parent=84"}],"curies":[{"name":"wp","href":"https:\/\/api.w.org\/{rel}","templated":true}]}}