{"id":6,"date":"2021-06-27T10:01:49","date_gmt":"2021-06-27T10:01:49","guid":{"rendered":"https:\/\/nuestrosescritores.com\/isabelosorio\/?page_id=6"},"modified":"2021-06-27T21:09:06","modified_gmt":"2021-06-27T21:09:06","slug":"escritora","status":"publish","type":"page","link":"https:\/\/nuestrosescritores.com\/isabelosorio\/","title":{"rendered":"Escritora"},"content":{"rendered":"<div class=\"wpb-content-wrapper\">[vc_row][vc_column extend=&#8221;false&#8221;][vc_column_text css=&#8221;.vc_custom_1617387623105{margin-top: -30000px !important;}&#8221;]\n<h1>ISABEL OSORIO es el escritor de ALGO GRANDE&nbsp; el escritor y poeta acaba de publicar un libro de poes\u00eda con la Editorial Poes\u00eda eres t\u00fa. Considerado como una de las mejores poetas espa\u00f1olas.<\/h1>\n<p>ALGO GRANDE ha sido escrito por ISABEL OSORIO Considerado como uno de los mejores poetas espa\u00f1oles, algunos afirman que es el mejor poeta espa\u00f1ol. el escritor sabe como publicar un libro de poes\u00eda con la Editorial Poes\u00eda eres t\u00fa<br \/>\nTrabajamos con distribuidoras de libros que acercan los libros a las librer\u00edas, pero contamos tambi\u00e9n con las siguientes librerias de apoyo en internet para que ning\u00fan lector se quede sin su libro de poes\u00eda: Libreria GEPA, Libreria Website, La librer\u00eda del escritor, El rinc\u00f3n de los libros.<\/p>\n<p>Informamos de como publicar un libro y el precio de publicar un libro<\/p>\n<p>As\u00ed mismo colaboramos con la Asociaci\u00f3n de editores de poes\u00eda y la Asociaci\u00f3n Madrile\u00f1a de escritores y cr\u00edticos literarios (Cr\u00edtica de Madrid).<\/p>\n<p>Trabajamos con varias imprentas y contamos con nuestra propia imprenta Herederos de Izquierdo y Madrid impresores.<\/p>\n<p>Puedes conocernos en nuestra p\u00e1gina del Grupo Editorial. Contamos con una sede en Madrid y otra en Jumilla (Murcia)<\/p>\n<p>Somos especialitas en la edici\u00f3n del libro de poes\u00eda<\/p>\n<h2>ISABEL OSORIO Considerado como uno de los mejores poetas espa\u00f1oles, algunos afirman que es el mejor poeta espa\u00f1oles es el escritor de ALGO GRANDE. El poeta conoce el precio de publicar un libro de poes\u00eda con la Editorial Poes\u00eda eres t\u00fa<\/h2>\n<h3>ISABEL OSORIO Considerado como uno de los mejores poetas espa\u00f1oles, algunos afirman que es el mejor poeta espa\u00f1oles es el escritor de ALGO GRANDE . La poeta sabe como publicar un libro de poes\u00eda con la Editorial Poes\u00eda eres t\u00fa<\/h3>\n<h4>ISABEL OSORIO considerado como uno de los mejores poetas espa\u00f1oles, algunos afirman que es el mejor poeta espa\u00f1ol es el escritor de ALGO GRANDE . La poeta sabe el precio de publicar un libro de poes\u00eda con la Editorial Poes\u00eda eres t\u00fa<\/h4>\n<p>El Grupo Editorial P\u00e9rez-Ayala, est\u00e1 formado por los siguientes sellos editoriales: Editorial Poes\u00eda eres t\u00fa, Ediciones Rilke Editorial poes\u00eda, Editorial Ediciones Amaniel, Editorial Ediciones Azor\u00edn un sello regional para Alicante y Murcia.<\/p>\n<p>Para ayudar a la promoci\u00f3n de los libros contamos con diferentes plataformas en internet como Poes\u00eda Televisi\u00f3n, libro de poes\u00eda, Club de poes\u00eda, Blog de escritor, Blog de poes\u00eda, Agencia del libro, Nuestras librerias, Publicar libro &#8211; Publicar un libro, Revista Poes\u00eda eres t\u00fa, Antolog\u00edas po\u00e9ticas, Poes\u00eda y poetas.[\/vc_column_text][\/vc_column][\/vc_row][vc_row full_width=&#8221;stretch_row_content_no_spaces&#8221;][vc_column extend=&#8221;false&#8221;][layerslider_vc id=&#8221;1&#8243;][\/vc_column][\/vc_row][vc_row extend=&#8221;false&#8221; design__empty_1=&#8221;&#8221; background=&#8221;&#8221; background_image_type=&#8221;static&#8221; background_image__effect=&#8221;&#8221; bg_size=&#8221;initial&#8221; bg_position=&#8221;center-center&#8221; row_bg_image=&#8221;&#8221; bg_repeat=&#8221;no-repeat&#8221; background_image_type__bg_color=&#8221;rgba(255, 255, 255, 1)&#8221; row_bg_parallax_images=&#8221;&#8221; row_bg_slideshow_images=&#8221;&#8221; background_video_type=&#8221;youtube&#8221; background_video__youtube__url=&#8221;&#8221; background_video__youtube__parallax=&#8221;&#8221; background_video__youtube__options=&#8221;&#8221; background_video__youtube__fallback_image=&#8221;&#8221; background_video__hosted__mp4=&#8221;&#8221; background_video__hosted__webm=&#8221;&#8221; background_video__hosted__ogv=&#8221;&#8221; background_video__hosted__parallax=&#8221;&#8221; background_video__hosted__options=&#8221;&#8221; background_video__hosted__fallback_image=&#8221;&#8221; background_color_type=&#8221;color&#8221; bg__empty_1=&#8221;&#8221; background_color_type__gradient_color1=&#8221;rgba(44, 74, 228, 1)&#8221; background_color_type__gradient_color2=&#8221;rgba(44, 74, 228, 1)&#8221; background_color_type__color_color1=&#8221;rgba(44, 74, 228, 1)&#8221; bg__empty_2=&#8221;&#8221; background_color__effect=&#8221;&#8221; background_color__direction=&#8221;left-to-right&#8221; settings__tag_1=&#8221;&#8221; viewport_lg=&#8221;&#8221; viewport_md=&#8221;&#8221; viewport_sm=&#8221;&#8221; viewport_xs=&#8221;&#8221; settings__empty_1=&#8221;&#8221; version=&#8221;1&#8243;][vc_column width=&#8221;1\/2&#8243; extend=&#8221;false&#8221;]<div class=\"ult-content-box-container \" >\t\t<div class=\"ult-content-box\" style=\"background-color:rgba(255,255,255,0.49);box-shadow: px px 8px px #f2f2f2 none;border-style:none;-webkit-transition: all 700ms ease;-moz-transition: all 700ms ease;-ms-transition: all 700ms ease;-o-transition: all 700ms ease;transition: all 700ms ease;\"  data-hover_box_shadow=\"none\"     data-bg=\"rgba(255,255,255,0.49)\"  data-border_color=\"\" >[vc_column_text css=&#8221;.vc_custom_1624787423344{padding-top: 15% !important;padding-right: 15% !important;padding-bottom: 15% !important;padding-left: 15% !important;}&#8221;]<strong>Isabel Osorio Nieto<\/strong> naci\u00f3 en 1974, de padres andaluces y nacida en Barcelona. La muerte temprana de su madre, la convirti\u00f3 en una autodidacta y luchadora. Se refugi\u00f3 en la lectura y el arte. A los 20 a\u00f1os acab\u00f3 la carrera de Relaciones P\u00fablicas y Direcci\u00f3n de empresas. Ha vivido y ha estado muy unida a Inglaterra, Irlanda y Estados Unidos donde vivi\u00f3 durante una temporada. Volvi\u00f3 a su pa\u00eds y trabaj\u00f3 en el mundo financiero, posteriormente desarrollo su proyecto profesional y mont\u00f3 su propia empresa con 24 a\u00f1os. Ahora despu\u00e9s de llevar toda una vida escribiendo y haber dedicado toda su vida a su familia y trabajo, decide publicar este primer ensayo de poes\u00edas, con el cual pretend\u00eda \u201ccambiar el mundo\u201d. Actualmente est\u00e1 felizmente casada y tiene dos hijos.<\/p>\n<p>El t\u00edtulo de libro <em>Algo grande<\/em> va dedicado al nacimiento de su hija, al privilegio de traer vida al mundo.<\/p>\n<p>&nbsp;<\/p>\n<p>&nbsp;<\/p>\n<span class='bctt-click-to-tweet'><span class='bctt-ctt-text'><a href='https:\/\/x.com\/intent\/tweet?url=https%3A%2F%2Fnuestrosescritores.com%2Fisabelosorio%2F&#038;text=ISABEL%20OSORIO.%20Escritora.&#038;related' target='_blank'rel=\"noopener noreferrer\">ISABEL OSORIO. Escritora. <\/a><\/span><a href='https:\/\/x.com\/intent\/tweet?url=https%3A%2F%2Fnuestrosescritores.com%2Fisabelosorio%2F&#038;text=ISABEL%20OSORIO.%20Escritora.&#038;related' target='_blank' class='bctt-ctt-btn'rel=\"noopener noreferrer\">Compartir en X<\/a><\/span>[\/vc_column_text]\t\t<\/div><\/div>[\/vc_column][vc_column width=&#8221;1\/2&#8243; extend=&#8221;false&#8221;]<div class=\"gambit_fullheight_row\" data-content-location=\"center\" style=\"display: none\"><\/div><div id=\"rowvcpt-row-settings\" class=\"rowvcpt-row-set RowVcPt-row-setting69e4aefdd0fe4 \" data-no=\"RowVcPt-row-setting69e4aefdd0fe4\"><div  id=\"bgGallaryslide69e4aefdd0fe8\" class=\"rowvcpt-slideshow \"><\/div><script type=\"text\/javascript\">\n(function($) {\n$(\"#bgGallaryslide69e4aefdd0fe8\").vegas({\n        overlay: \"https:\/\/nuestrosescritores.com\/isabelosorio\/wp-content\/plugins\/ultimate-row-background\/css\/overlays\/0'.esc_attr(1.png).'\",\n        transitionDuration: 4e3,\n        delay: 7000,\n        slides: [{src: \"https:\/\/nuestrosescritores.com\/isabelosorio\/wp-content\/uploads\/sites\/96\/2021\/06\/aqvox-zrpew.jpg\",transition: \"fade2\",transitionDuration: 5000},{src: \"https:\/\/nuestrosescritores.com\/isabelosorio\/wp-content\/uploads\/sites\/96\/2021\/06\/fbsjh1x_awy.jpg\",transition: \"fade2\",transitionDuration: 5000},{src: \"https:\/\/nuestrosescritores.com\/isabelosorio\/wp-content\/uploads\/sites\/96\/2021\/06\/fuj1j7rre60.jpg\",transition: \"fade2\",transitionDuration: 5000},{src: \"https:\/\/nuestrosescritores.com\/isabelosorio\/wp-content\/uploads\/sites\/96\/2021\/06\/ttdq-5uxxjg.jpg\",transition: \"fade2\",transitionDuration: 5000},]\n    });\t\t\n})(jQuery);\n<\/script><div class=\"rowvcpt-overlay\" style=\"background:rgba(255,255,255,0.69)\"><\/div><\/div>[vc_single_image image=&#8221;8&#8243; img_size=&#8221;full&#8221; alignment=&#8221;center&#8221;][\/vc_column][\/vc_row][vc_row][vc_column extend=&#8221;false&#8221;]<div class=\"gambit_fullheight_row\" data-content-location=\"center\" style=\"display: none\"><\/div><div class='gambit_parallax_row' data-bg-align='' data-direction='fixed' data-opacity='100' data-velocity='-0.3' data-mobile-enabled='parallax-enable-mobile' data-bg-height='1067' data-bg-width='1600' data-bg-image='https:\/\/nuestrosescritores.com\/isabelosorio\/wp-content\/uploads\/sites\/96\/2021\/06\/zhsu0fnreic.jpg' data-bg-repeat='false' data-id='' style='display: none'><\/div>[\/vc_column][\/vc_row][vc_row][vc_column extend=&#8221;false&#8221;]<div class=\"gambit_fullheight_row\" data-content-location=\"center\" style=\"display: none\"><\/div><div id=\"rowvcpt-row-settings\" class=\"rowvcpt-row-set RowVcPt-row-setting69e4aefdd2676 \" data-no=\"RowVcPt-row-setting69e4aefdd2676\"><div  id=\"bgGallaryslide69e4aefdd2679\" class=\"rowvcpt-slideshow \"><\/div><script type=\"text\/javascript\">\n(function($) {\n$(\"#bgGallaryslide69e4aefdd2679\").vegas({\n        overlay: \"https:\/\/nuestrosescritores.com\/isabelosorio\/wp-content\/plugins\/ultimate-row-background\/css\/overlays\/0'.esc_attr(2.png).'\",\n        transitionDuration: 4e3,\n        delay: 7000,\n        slides: [{src: \"https:\/\/nuestrosescritores.com\/isabelosorio\/wp-content\/uploads\/sites\/96\/2021\/06\/ivptqnsyf4.jpg\",transition: \"fade2\",transitionDuration: 5000},{src: \"https:\/\/nuestrosescritores.com\/isabelosorio\/wp-content\/uploads\/sites\/96\/2021\/06\/qtnrm9m4lty.jpg\",transition: \"fade2\",transitionDuration: 5000},{src: \"https:\/\/nuestrosescritores.com\/isabelosorio\/wp-content\/uploads\/sites\/96\/2021\/06\/yc_bw5x_wuo.jpg\",transition: \"fade2\",transitionDuration: 5000},{src: \"https:\/\/nuestrosescritores.com\/isabelosorio\/wp-content\/uploads\/sites\/96\/2021\/06\/zg7efu9ifug.jpg\",transition: \"fade2\",transitionDuration: 5000},{src: \"https:\/\/nuestrosescritores.com\/isabelosorio\/wp-content\/uploads\/sites\/96\/2021\/06\/sn9gfqmok8q.jpg\",transition: \"fade2\",transitionDuration: 5000},]\n    });\t\t\n})(jQuery);\n<\/script><div class=\"rowvcpt-overlay\" style=\"background:rgba(255,255,255,0.69)\"><\/div><\/div><div id=\"uvc-type-wrap-9867\"  data-ultimate-target='#uvc-type-wrap-9867'  data-responsive-json-new='{\"font-size\":\"\",\"line-height\":\"\"}'  class=\"uvc-type-wrap vc_custom_1624787644398 ult-adjust-bottom-margin ult-responsive  uvc-type-align-center uvc-type-no-prefix uvc-wrap-182064428869e4aefdd388d\" style=\"text-align:center;\"><span id=\"typed-182064428869e4aefdd388d\" class=\"ultimate-typed-main \" style=\" font-weight:bold; text-transform: unset;\"><\/span><script type=\"text\/javascript\">\n\t\t\t\t\t\tjQuery(function($){ \n\t\t\t\t\t\t\t$(document).ready(function(){\n\t\t\t\t\t\t\t\tif( typeof jQuery(\"#typed-182064428869e4aefdd388d\").typed == \"function\"){\n\t\t\t\t\t\t\t\t\t$(\"#typed-182064428869e4aefdd388d\").typed({\n\t\t\t\t\t\t\t\t\t\tstrings: [\"Este libro es una llamada a los sentimientos, a la vida, a la muerte en s\u00ed misma como parte de la vida, a explicar todo aquello intocable e invisible pero tan importante en la vida.\"],\n\t\t\t\t\t\t\t\t\t\ttypeSpeed: 35,\n\t\t\t\t\t\t\t\t\t\tbackSpeed: 0,\n\t\t\t\t\t\t\t\t\t\tstartDelay: \"200\",\n\t\t\t\t\t\t\t\t\t\tbackDelay: \"1500\",\n\t\t\t\t\t\t\t\t\t\tloop: true,\n\t\t\t\t\t\t\t\t\t\tloopCount: false,\n\t\t\t\t\t\t\t\t\t\tshowCursor: true,\n\t\t\t\t\t\t\t\t\t\tcursorChar: \"|\",\n\t\t\t\t\t\t\t\t\t\tattr: null\n\t\t\t\t\t\t\t\t\t});\n\t\t\t\t\t\t\t\t}\n\t\t\t\t\t\t\t});\n\t\t\t\t\t\t});\n\t\t\t\t\t<\/script><\/div>[\/vc_column][\/vc_row][vc_row][vc_column extend=&#8221;false&#8221;]<div class=\"gambit_fullheight_row\" data-content-location=\"center\" style=\"display: none\"><\/div><div class='gambit_parallax_row' data-bg-align='' data-direction='fixed' data-opacity='50' data-velocity='-0.3' data-mobile-enabled='parallax-enable-mobile' data-bg-height='560' data-bg-width='1366' data-bg-image='https:\/\/nuestrosescritores.com\/isabelosorio\/wp-content\/uploads\/sites\/96\/2021\/06\/IsabelOsorio-SSquare_Alargado-Mediano.jpg' data-bg-repeat='false' data-id='' style='display: none'><\/div>[vc_column_text]\n<p style=\"text-align: center;\"><a class=\"fasc-button fasc-size-xlarge fasc-type-glossy fasc-rounded-medium\" style=\"background-color: #2b3336; color: #ffffff;\" href=\"https:\/\/librodepoesia.com\/producto\/algo-grande-isabel-osorio-nieto\/\">COMPRA SUS LIBROS<\/a><\/p>\n[\/vc_column_text][\/vc_column][\/vc_row][vc_row][vc_column extend=&#8221;false&#8221;][vc_column_text css=&#8221;.vc_custom_1617387623105{margin-top: -30000px !important;}&#8221;]\n<h1>ISABEL OSORIO es el escritor de ALGO GRANDE &nbsp;el escritor y poeta acaba de publicar un libro de poes\u00eda con la Editorial Poes\u00eda eres t\u00fa. Considerado como una de las mejores poetas espa\u00f1olas.<\/h1>\n<p>ALGO GRANDE ha sido escrito por ISABEL OSORIO Considerado como uno de los mejores poetas espa\u00f1oles, algunos afirman que es el mejor poeta espa\u00f1ol. el escritor sabe como publicar un libro de poes\u00eda con la Editorial Poes\u00eda eres t\u00fa<br \/>\nTrabajamos con distribuidoras de libros que acercan los libros a las librer\u00edas, pero contamos tambi\u00e9n con las siguientes librerias de apoyo en internet para que ning\u00fan lector se quede sin su libro de poes\u00eda: Libreria GEPA, Libreria Website, La librer\u00eda del escritor, El rinc\u00f3n de los libros.<\/p>\n<p>Informamos de como publicar un libro y el precio de publicar un libro<\/p>\n<p>As\u00ed mismo colaboramos con la Asociaci\u00f3n de editores de poes\u00eda y la Asociaci\u00f3n Madrile\u00f1a de escritores y cr\u00edticos literarios (Cr\u00edtica de Madrid).<\/p>\n<p>Trabajamos con varias imprentas y contamos con nuestra propia imprenta Herederos de Izquierdo y Madrid impresores.<\/p>\n<p>Puedes conocernos en nuestra p\u00e1gina del Grupo Editorial. Contamos con una sede en Madrid y otra en Jumilla (Murcia)<\/p>\n<p>Somos especialitas en la edici\u00f3n del libro de poes\u00eda<\/p>\n<h2>ISABEL OSORIO Considerado como uno de los mejores poetas espa\u00f1oles, algunos afirman que es el mejor poeta espa\u00f1oles es el escritor de ALGO GRANDE . El poeta conoce el precio de publicar un libro de poes\u00eda con la Editorial Poes\u00eda eres t\u00fa<\/h2>\n<h3>ISABEL OSORIO Considerado como uno de los mejores poetas espa\u00f1oles, algunos afirman que es el mejor poeta espa\u00f1oles es el escritor de ALGO GRANDE . La poeta sabe como publicar un libro de poes\u00eda con la Editorial Poes\u00eda eres t\u00fa<\/h3>\n<h4>ISABEL OSORIO considerado como uno de los mejores poetas espa\u00f1oles, algunos afirman que es el mejor poeta espa\u00f1ol es el escritor de ALGO GRANDE . La poeta sabe el precio de publicar un libro de poes\u00eda con la Editorial Poes\u00eda eres t\u00fa<\/h4>\n<p>El Grupo Editorial P\u00e9rez-Ayala, est\u00e1 formado por los siguientes sellos editoriales: Editorial Poes\u00eda eres t\u00fa, Ediciones Rilke Editorial poes\u00eda, Editorial Ediciones Amaniel, Editorial Ediciones Azor\u00edn un sello regional para Alicante y Murcia.<\/p>\n<p>Para ayudar a la promoci\u00f3n de los libros contamos con diferentes plataformas en internet como Poes\u00eda Televisi\u00f3n, libro de poes\u00eda, Club de poes\u00eda, Blog de escritor, Blog de poes\u00eda, Agencia del libro, Nuestras librerias, Publicar libro &#8211; Publicar un libro, Revista Poes\u00eda eres t\u00fa, Antolog\u00edas po\u00e9ticas, Poes\u00eda y poetas.[\/vc_column_text][\/vc_column][\/vc_row]\n<\/div>","protected":false},"excerpt":{"rendered":"<p>[vc_row][vc_column extend=&#8221;false&#8221;][vc_column_text css=&#8221;.vc_custom_1617387623105{margin-top: -30000px !important;}&#8221;] ISABEL OSORIO es el escritor de ALGO GRANDE&nbsp; el escritor y poeta acaba de publicar un libro de poes\u00eda con la Editorial Poes\u00eda eres t\u00fa. Considerado como una de las mejores poetas espa\u00f1olas. ALGO GRANDE ha sido escrito por ISABEL OSORIO Considerado como uno de los mejores poetas espa\u00f1oles, algunos [&hellip;]<\/p>\n","protected":false},"author":1,"featured_media":0,"parent":0,"menu_order":0,"comment_status":"closed","ping_status":"closed","template":"","meta":{"_acf_changed":false,"footnotes":""},"class_list":["post-6","page","type-page","status-publish","hentry"],"acf":[],"yoast_head":"<!-- This site is optimized with the Yoast SEO Premium plugin v24.7 (Yoast SEO v27.4) - https:\/\/yoast.com\/product\/yoast-seo-premium-wordpress\/ -->\n<title>Escritora - Isabel Osorio<\/title>\n<meta name=\"description\" content=\"Isabel Osorio en la escritora del libro ALGO GRANDE. Acaba de publicar un libro con la Editorial Poes\u00eda eres t\u00fa en el a\u00f1o 2021.\" \/>\n<meta name=\"robots\" content=\"index, follow, max-snippet:-1, max-image-preview:large, max-video-preview:-1\" \/>\n<link rel=\"canonical\" href=\"https:\/\/nuestrosescritores.com\/isabelosorio\/\" \/>\n<meta property=\"og:locale\" content=\"es_ES\" \/>\n<meta property=\"og:type\" content=\"article\" \/>\n<meta property=\"og:title\" content=\"Escritora\" \/>\n<meta property=\"og:description\" content=\"Isabel Osorio en la escritora del libro ALGO GRANDE. Acaba de publicar un libro con la Editorial Poes\u00eda eres t\u00fa en el a\u00f1o 2021.\" \/>\n<meta property=\"og:url\" content=\"https:\/\/nuestrosescritores.com\/isabelosorio\/\" \/>\n<meta property=\"og:site_name\" content=\"Isabel Osorio\" \/>\n<meta property=\"article:modified_time\" content=\"2021-06-27T21:09:06+00:00\" \/>\n<meta name=\"twitter:card\" content=\"summary_large_image\" \/>\n<meta name=\"twitter:label1\" content=\"Tiempo de lectura\" \/>\n\t<meta name=\"twitter:data1\" content=\"5 minutos\" \/>\n<script type=\"application\/ld+json\" class=\"yoast-schema-graph\">{\"@context\":\"https:\\\/\\\/schema.org\",\"@graph\":[{\"@type\":\"WebPage\",\"@id\":\"https:\\\/\\\/nuestrosescritores.com\\\/isabelosorio\\\/\",\"url\":\"https:\\\/\\\/nuestrosescritores.com\\\/isabelosorio\\\/\",\"name\":\"Escritora - Isabel Osorio\",\"isPartOf\":{\"@id\":\"https:\\\/\\\/nuestrosescritores.com\\\/isabelosorio\\\/#website\"},\"datePublished\":\"2021-06-27T10:01:49+00:00\",\"dateModified\":\"2021-06-27T21:09:06+00:00\",\"description\":\"Isabel Osorio en la escritora del libro ALGO GRANDE. Acaba de publicar un libro con la Editorial Poes\u00eda eres t\u00fa en el a\u00f1o 2021.\",\"breadcrumb\":{\"@id\":\"https:\\\/\\\/nuestrosescritores.com\\\/isabelosorio\\\/#breadcrumb\"},\"inLanguage\":\"es\",\"potentialAction\":[{\"@type\":\"ReadAction\",\"target\":[\"https:\\\/\\\/nuestrosescritores.com\\\/isabelosorio\\\/\"]}]},{\"@type\":\"BreadcrumbList\",\"@id\":\"https:\\\/\\\/nuestrosescritores.com\\\/isabelosorio\\\/#breadcrumb\",\"itemListElement\":[{\"@type\":\"ListItem\",\"position\":1,\"name\":\"Portada\",\"item\":\"https:\\\/\\\/nuestrosescritores.com\\\/isabelosorio\\\/\"},{\"@type\":\"ListItem\",\"position\":2,\"name\":\"Escritora\"}]},{\"@type\":\"WebSite\",\"@id\":\"https:\\\/\\\/nuestrosescritores.com\\\/isabelosorio\\\/#website\",\"url\":\"https:\\\/\\\/nuestrosescritores.com\\\/isabelosorio\\\/\",\"name\":\"Nuestros escritores\",\"description\":\"Escritora\",\"potentialAction\":[{\"@type\":\"SearchAction\",\"target\":{\"@type\":\"EntryPoint\",\"urlTemplate\":\"https:\\\/\\\/nuestrosescritores.com\\\/isabelosorio\\\/?s={search_term_string}\"},\"query-input\":{\"@type\":\"PropertyValueSpecification\",\"valueRequired\":true,\"valueName\":\"search_term_string\"}}],\"inLanguage\":\"es\"}]}<\/script>\n<!-- \/ Yoast SEO Premium plugin. -->","yoast_head_json":{"title":"Escritora - Isabel Osorio","description":"Isabel Osorio en la escritora del libro ALGO GRANDE. Acaba de publicar un libro con la Editorial Poes\u00eda eres t\u00fa en el a\u00f1o 2021.","robots":{"index":"index","follow":"follow","max-snippet":"max-snippet:-1","max-image-preview":"max-image-preview:large","max-video-preview":"max-video-preview:-1"},"canonical":"https:\/\/nuestrosescritores.com\/isabelosorio\/","og_locale":"es_ES","og_type":"article","og_title":"Escritora","og_description":"Isabel Osorio en la escritora del libro ALGO GRANDE. Acaba de publicar un libro con la Editorial Poes\u00eda eres t\u00fa en el a\u00f1o 2021.","og_url":"https:\/\/nuestrosescritores.com\/isabelosorio\/","og_site_name":"Isabel Osorio","article_modified_time":"2021-06-27T21:09:06+00:00","twitter_card":"summary_large_image","twitter_misc":{"Tiempo de lectura":"5 minutos"},"schema":{"@context":"https:\/\/schema.org","@graph":[{"@type":"WebPage","@id":"https:\/\/nuestrosescritores.com\/isabelosorio\/","url":"https:\/\/nuestrosescritores.com\/isabelosorio\/","name":"Escritora - Isabel Osorio","isPartOf":{"@id":"https:\/\/nuestrosescritores.com\/isabelosorio\/#website"},"datePublished":"2021-06-27T10:01:49+00:00","dateModified":"2021-06-27T21:09:06+00:00","description":"Isabel Osorio en la escritora del libro ALGO GRANDE. Acaba de publicar un libro con la Editorial Poes\u00eda eres t\u00fa en el a\u00f1o 2021.","breadcrumb":{"@id":"https:\/\/nuestrosescritores.com\/isabelosorio\/#breadcrumb"},"inLanguage":"es","potentialAction":[{"@type":"ReadAction","target":["https:\/\/nuestrosescritores.com\/isabelosorio\/"]}]},{"@type":"BreadcrumbList","@id":"https:\/\/nuestrosescritores.com\/isabelosorio\/#breadcrumb","itemListElement":[{"@type":"ListItem","position":1,"name":"Portada","item":"https:\/\/nuestrosescritores.com\/isabelosorio\/"},{"@type":"ListItem","position":2,"name":"Escritora"}]},{"@type":"WebSite","@id":"https:\/\/nuestrosescritores.com\/isabelosorio\/#website","url":"https:\/\/nuestrosescritores.com\/isabelosorio\/","name":"Nuestros escritores","description":"Escritora","potentialAction":[{"@type":"SearchAction","target":{"@type":"EntryPoint","urlTemplate":"https:\/\/nuestrosescritores.com\/isabelosorio\/?s={search_term_string}"},"query-input":{"@type":"PropertyValueSpecification","valueRequired":true,"valueName":"search_term_string"}}],"inLanguage":"es"}]}},"_links":{"self":[{"href":"https:\/\/nuestrosescritores.com\/isabelosorio\/wp-json\/wp\/v2\/pages\/6","targetHints":{"allow":["GET"]}}],"collection":[{"href":"https:\/\/nuestrosescritores.com\/isabelosorio\/wp-json\/wp\/v2\/pages"}],"about":[{"href":"https:\/\/nuestrosescritores.com\/isabelosorio\/wp-json\/wp\/v2\/types\/page"}],"author":[{"embeddable":true,"href":"https:\/\/nuestrosescritores.com\/isabelosorio\/wp-json\/wp\/v2\/users\/1"}],"replies":[{"embeddable":true,"href":"https:\/\/nuestrosescritores.com\/isabelosorio\/wp-json\/wp\/v2\/comments?post=6"}],"version-history":[{"count":0,"href":"https:\/\/nuestrosescritores.com\/isabelosorio\/wp-json\/wp\/v2\/pages\/6\/revisions"}],"wp:attachment":[{"href":"https:\/\/nuestrosescritores.com\/isabelosorio\/wp-json\/wp\/v2\/media?parent=6"}],"curies":[{"name":"wp","href":"https:\/\/api.w.org\/{rel}","templated":true}]}}