{"id":5,"date":"2021-08-13T10:46:57","date_gmt":"2021-08-13T10:46:57","guid":{"rendered":"https:\/\/nuestrosescritores.com\/inmaculadamorenorodriguez\/?page_id=5"},"modified":"2021-08-14T10:12:34","modified_gmt":"2021-08-14T10:12:34","slug":"escritora","status":"publish","type":"page","link":"https:\/\/nuestrosescritores.com\/inmaculadamorenorodriguez\/","title":{"rendered":"Escritora"},"content":{"rendered":"<div class=\"wpb-content-wrapper\">[vc_row full_width=&#8221;stretch_row_content_no_spaces&#8221;][vc_column extend=&#8221;false&#8221;][layerslider_vc id=&#8221;1&#8243;][\/vc_column][\/vc_row][vc_row extend=&#8221;false&#8221; design__empty_1=&#8221;&#8221; background=&#8221;&#8221; background_image_type=&#8221;static&#8221; background_image__effect=&#8221;&#8221; bg_size=&#8221;initial&#8221; bg_position=&#8221;center-center&#8221; row_bg_image=&#8221;&#8221; bg_repeat=&#8221;no-repeat&#8221; background_image_type__bg_color=&#8221;rgba(255, 255, 255, 1)&#8221; row_bg_parallax_images=&#8221;&#8221; row_bg_slideshow_images=&#8221;&#8221; background_video_type=&#8221;youtube&#8221; background_video__youtube__url=&#8221;&#8221; background_video__youtube__parallax=&#8221;&#8221; background_video__youtube__options=&#8221;&#8221; background_video__youtube__fallback_image=&#8221;&#8221; background_video__hosted__mp4=&#8221;&#8221; background_video__hosted__webm=&#8221;&#8221; background_video__hosted__ogv=&#8221;&#8221; background_video__hosted__parallax=&#8221;&#8221; background_video__hosted__options=&#8221;&#8221; background_video__hosted__fallback_image=&#8221;&#8221; background_color_type=&#8221;color&#8221; bg__empty_1=&#8221;&#8221; background_color_type__gradient_color1=&#8221;rgba(44, 74, 228, 1)&#8221; background_color_type__gradient_color2=&#8221;rgba(44, 74, 228, 1)&#8221; background_color_type__color_color1=&#8221;rgba(44, 74, 228, 1)&#8221; bg__empty_2=&#8221;&#8221; background_color__effect=&#8221;&#8221; background_color__direction=&#8221;left-to-right&#8221; settings__tag_1=&#8221;&#8221; viewport_lg=&#8221;&#8221; viewport_md=&#8221;&#8221; viewport_sm=&#8221;&#8221; viewport_xs=&#8221;&#8221; settings__empty_1=&#8221;&#8221; version=&#8221;1&#8243;][vc_column width=&#8221;1\/2&#8243; extend=&#8221;false&#8221;]<div class=\"ult-content-box-container \" >\t\t<div class=\"ult-content-box\" style=\"background-color:rgba(255,255,255,0.49);box-shadow: px px 8px px #f2f2f2 none;border-style:none;-webkit-transition: all 700ms ease;-moz-transition: all 700ms ease;-ms-transition: all 700ms ease;-o-transition: all 700ms ease;transition: all 700ms ease;\"  data-hover_box_shadow=\"none\"     data-bg=\"rgba(255,255,255,0.49)\"  data-border_color=\"\" >[vc_column_text css=&#8221;.vc_custom_1628850741934{padding-top: 15% !important;padding-right: 15% !important;padding-bottom: 15% !important;padding-left: 15% !important;}&#8221;]\n<p><strong>Nacida en Mora, un pueblo de Toledo en el 1968, a\u00f1o de revueltas y cambios, en el seno de una familia sencilla y luchadora, se volc\u00f3 muy pronto en el estudio buscando la profundidad de las cosas. Estudi\u00f3 Historia, Ciencias Religiosas y Teolog\u00eda haciendo su doctorado en San Juan de la Cruz. Profesora de Filosof\u00eda, Teolog\u00eda y actualmente de Religi\u00f3n ha dado conferencias y ha publicado libros de espiritualidad tales como: \u201cCimientos del intercesor\u201d, Sereca, Madrid 2013; \u201cLlama de luz en la noche\u201d, Monte Carmelo, Burgos 2015; \u201cEl poder de la misericordia\u201d, Sereca, Madrid 2017.<\/strong><\/p>\n<p>&nbsp;<\/p>\n<p>&nbsp;<\/p>\n<span class='bctt-click-to-tweet'><span class='bctt-ctt-text'><a href='https:\/\/x.com\/intent\/tweet?url=https%3A%2F%2Fnuestrosescritores.com%2Finmaculadamorenorodriguez%2F&#038;text=INMACULADA%20MORENO%20RODR%C3%8DGUEZ.%20Escritora.&#038;related' target='_blank'rel=\"noopener noreferrer\">INMACULADA MORENO RODR\u00cdGUEZ. Escritora. <\/a><\/span><a href='https:\/\/x.com\/intent\/tweet?url=https%3A%2F%2Fnuestrosescritores.com%2Finmaculadamorenorodriguez%2F&#038;text=INMACULADA%20MORENO%20RODR%C3%8DGUEZ.%20Escritora.&#038;related' target='_blank' class='bctt-ctt-btn'rel=\"noopener noreferrer\">Compartir en X<\/a><\/span>\n[\/vc_column_text]\t\t<\/div><\/div>[\/vc_column][vc_column width=&#8221;1\/2&#8243; extend=&#8221;false&#8221;]<div class=\"gambit_fullheight_row\" data-content-location=\"center\" style=\"display: none\"><\/div><div id=\"rowvcpt-row-settings\" class=\"rowvcpt-row-set RowVcPt-row-setting69f27db637426 \" data-no=\"RowVcPt-row-setting69f27db637426\"><div  id=\"bgGallaryslide69f27db63742a\" class=\"rowvcpt-slideshow \"><\/div><script type=\"text\/javascript\">\n(function($) {\n$(\"#bgGallaryslide69f27db63742a\").vegas({\n        overlay: \"https:\/\/nuestrosescritores.com\/inmaculadamorenorodriguez\/wp-content\/plugins\/ultimate-row-background\/css\/overlays\/0'.esc_attr(1.png).'\",\n        transitionDuration: 4e3,\n        delay: 7000,\n        slides: [{src: \"https:\/\/nuestrosescritores.com\/inmaculadamorenorodriguez\/wp-content\/uploads\/sites\/102\/2021\/08\/uedlaojptzo.jpg\",transition: \"fade2\",transitionDuration: 5000},{src: \"https:\/\/nuestrosescritores.com\/inmaculadamorenorodriguez\/wp-content\/uploads\/sites\/102\/2021\/08\/43ruwqdod1g.jpg\",transition: \"fade2\",transitionDuration: 5000},{src: \"https:\/\/nuestrosescritores.com\/inmaculadamorenorodriguez\/wp-content\/uploads\/sites\/102\/2021\/08\/zh3unm03glw.jpg\",transition: \"fade2\",transitionDuration: 5000},{src: \"https:\/\/nuestrosescritores.com\/inmaculadamorenorodriguez\/wp-content\/uploads\/sites\/102\/2021\/08\/fpmawedzxfg.jpg\",transition: \"fade2\",transitionDuration: 5000},{src: \"https:\/\/nuestrosescritores.com\/inmaculadamorenorodriguez\/wp-content\/uploads\/sites\/102\/2021\/08\/10nepshsm8g.jpg\",transition: \"fade2\",transitionDuration: 5000},]\n    });\t\t\n})(jQuery);\n<\/script><div class=\"rowvcpt-overlay\" style=\"background:rgba(255,255,255,0.69)\"><\/div><\/div>[vc_single_image image=&#8221;63&#8243; img_size=&#8221;full&#8221; alignment=&#8221;center&#8221;][\/vc_column][\/vc_row][vc_row][vc_column extend=&#8221;false&#8221;]<div class=\"gambit_fullheight_row\" data-content-location=\"center\" style=\"display: none\"><\/div><div class='gambit_parallax_row' data-bg-align='' data-direction='fixed' data-opacity='100' data-velocity='-0.3' data-mobile-enabled='parallax-enable-mobile' data-bg-height='1200' data-bg-width='801' data-bg-image='https:\/\/nuestrosescritores.com\/inmaculadamorenorodriguez\/wp-content\/uploads\/sites\/102\/2021\/08\/zh3unm03glw.jpg' data-bg-repeat='false' data-id='' style='display: none'><\/div>[\/vc_column][\/vc_row][vc_row][vc_column extend=&#8221;false&#8221;]<div class=\"gambit_fullheight_row\" data-content-location=\"center\" style=\"display: none\"><\/div><div id=\"rowvcpt-row-settings\" class=\"rowvcpt-row-set RowVcPt-row-setting69f27db638178 \" data-no=\"RowVcPt-row-setting69f27db638178\"><div  id=\"bgGallaryslide69f27db63817b\" class=\"rowvcpt-slideshow \"><\/div><script type=\"text\/javascript\">\n(function($) {\n$(\"#bgGallaryslide69f27db63817b\").vegas({\n        overlay: \"https:\/\/nuestrosescritores.com\/inmaculadamorenorodriguez\/wp-content\/plugins\/ultimate-row-background\/css\/overlays\/0'.esc_attr(2.png).'\",\n        transitionDuration: 4e3,\n        delay: 7000,\n        slides: [{src: \"https:\/\/nuestrosescritores.com\/inmaculadamorenorodriguez\/wp-content\/uploads\/sites\/102\/2021\/08\/fpmawedzxfg.jpg\",transition: \"fade2\",transitionDuration: 5000},{src: \"https:\/\/nuestrosescritores.com\/inmaculadamorenorodriguez\/wp-content\/uploads\/sites\/102\/2021\/08\/10nepshsm8g.jpg\",transition: \"fade2\",transitionDuration: 5000},{src: \"https:\/\/nuestrosescritores.com\/inmaculadamorenorodriguez\/wp-content\/uploads\/sites\/102\/2021\/08\/cqbguzrib8k.jpg\",transition: \"fade2\",transitionDuration: 5000},{src: \"https:\/\/nuestrosescritores.com\/inmaculadamorenorodriguez\/wp-content\/uploads\/sites\/102\/2021\/08\/3wujqt9eqtq.jpg\",transition: \"fade2\",transitionDuration: 5000},{src: \"https:\/\/nuestrosescritores.com\/inmaculadamorenorodriguez\/wp-content\/uploads\/sites\/102\/2021\/08\/xrtqjgq9zvq.jpg\",transition: \"fade2\",transitionDuration: 5000},{src: \"https:\/\/nuestrosescritores.com\/inmaculadamorenorodriguez\/wp-content\/uploads\/sites\/102\/2021\/08\/jg2xbz0r9he.jpg\",transition: \"fade2\",transitionDuration: 5000},]\n    });\t\t\n})(jQuery);\n<\/script><div class=\"rowvcpt-overlay\" style=\"background:rgba(255,255,255,0.69)\"><\/div><\/div><div id=\"uvc-type-wrap-6183\"  data-ultimate-target='#uvc-type-wrap-6183'  data-responsive-json-new='{\"font-size\":\"\",\"line-height\":\"\"}'  class=\"uvc-type-wrap vc_custom_1628851715716 ult-adjust-bottom-margin ult-responsive  uvc-type-align-center uvc-type-no-prefix uvc-wrap-322038759969f27db638ba6\" style=\"text-align:center;\"><span id=\"typed-322038759969f27db638ba6\" class=\"ultimate-typed-main \" style=\" font-weight:bold; text-transform: unset;\"><\/span><script type=\"text\/javascript\">\n\t\t\t\t\t\tjQuery(function($){ \n\t\t\t\t\t\t\t$(document).ready(function(){\n\t\t\t\t\t\t\t\tif( typeof jQuery(\"#typed-322038759969f27db638ba6\").typed == \"function\"){\n\t\t\t\t\t\t\t\t\t$(\"#typed-322038759969f27db638ba6\").typed({\n\t\t\t\t\t\t\t\t\t\tstrings: [\"En este elenco po\u00e9tico encontrar\u00e1s evocaciones, sugerencias, versos que desean captar la belleza de las cosas, m\u00e1s que por lo que dicen por lo que apuntan, expresando sentimientos, relaciones, en un tono interiorista pero a la vez abierto a una Realidad que est\u00e1 m\u00e1s all\u00e1 de ti a la que el autor clama: \u201cQu\u00e9date conmigo\/ aqu\u00ed, muy cerca\/ inmensidad infinita\/ cierta\/reposada en tu regazo\/ me sosiegas\u201d.\"],\n\t\t\t\t\t\t\t\t\t\ttypeSpeed: 35,\n\t\t\t\t\t\t\t\t\t\tbackSpeed: 0,\n\t\t\t\t\t\t\t\t\t\tstartDelay: \"200\",\n\t\t\t\t\t\t\t\t\t\tbackDelay: \"1500\",\n\t\t\t\t\t\t\t\t\t\tloop: true,\n\t\t\t\t\t\t\t\t\t\tloopCount: false,\n\t\t\t\t\t\t\t\t\t\tshowCursor: true,\n\t\t\t\t\t\t\t\t\t\tcursorChar: \"|\",\n\t\t\t\t\t\t\t\t\t\tattr: null\n\t\t\t\t\t\t\t\t\t});\n\t\t\t\t\t\t\t\t}\n\t\t\t\t\t\t\t});\n\t\t\t\t\t\t});\n\t\t\t\t\t<\/script><\/div>[\/vc_column][\/vc_row][vc_row][vc_column extend=&#8221;false&#8221;]<div class=\"gambit_fullheight_row\" data-content-location=\"center\" style=\"display: none\"><\/div><div class='gambit_parallax_row' data-bg-align='' data-direction='fixed' data-opacity='50' data-velocity='-0.3' data-mobile-enabled='parallax-enable-mobile' data-bg-height='537' data-bg-width='1366' data-bg-image='https:\/\/nuestrosescritores.com\/inmaculadamorenorodriguez\/wp-content\/uploads\/sites\/102\/2021\/08\/InmaculadaMoreno_SSquare_Enlarged-Mediano.png' data-bg-repeat='false' data-id='' style='display: none'><\/div>[vc_column_text]\n<p style=\"text-align: center;\"><a class=\"fasc-button fasc-size-xlarge fasc-type-glossy fasc-rounded-medium\" style=\"background-color: #2b3336; color: #ffffff;\" href=\"https:\/\/librodepoesia.com\/producto\/impresionismo-poetico-presencia-inmaculada-moreno-rodriguez\/\">COMPRA SUS LIBROS<\/a><\/p>\n[\/vc_column_text][\/vc_column][\/vc_row][vc_row][vc_column]<div id=\"rowvcpt-row-settings\" class=\"rowvcpt-row-set RowVcPt-row-setting69f27db63911f \" data-no=\"RowVcPt-row-setting69f27db63911f\"><div class=\"columns-bg-wrap columns-bg-anim-colors\" style=\"opacity: 1;background: -moz-linear-gradient(top, #e0e0e0 0%, #f7f7f7 100%);background: -webkit-gradient(linear, left top, left bottom, color-stop(0%,#e0e0e0), color-stop(100%,#f7f7f7));background: -webkit-linear-gradient(top, #e0e0e0 0%,#f7f7f7 100%);background: -o-linear-gradient(top, #e0e0e0 0%,#f7f7f7 100%);background: -ms-linear-gradient(top, #e0e0e0 0%,#f7f7f7 100%);background: linear-gradient(to bottom, #e0e0e0 0%,#f7f7f7 100%);\"><\/div><\/div>[vc_column_text css=&#8221;.vc_custom_1628419012210{padding-top: 5% !important;padding-right: 5% !important;padding-bottom: 5% !important;padding-left: 5% !important;background-color: rgba(206,206,206,0.01) !important;*background-color: rgb(206,206,206) !important;border-radius: 1px !important;}&#8221;]Esta p\u00e1gina web est\u00e1 realizada por el GRUPO EDITORIAL P\u00c9REZ-AYALA para el escritor INMACULADA MORENO RODR\u00cdGUEZ porque acaba de publicar un libro en una de las siguientes <a href=\"https:\/\/editorialesdepoesia.com\">editoriales de poes\u00eda<\/a>:<br \/>\n<a href=\"https:\/\/poesiaerestu.com\">Editorial Poes\u00eda eres t\u00fa<\/a>: Una editorial para poetas contempor\u00e1neos, con un cat\u00e1logo diverso de las diferentes tendencias de la poes\u00eda.<br \/>\n<a href=\"https:\/\/edicionesrilke.com\">Ediciones Rilke<\/a>: Una colecci\u00f3n de poes\u00eda cl\u00e1sica con poetas contempor\u00e1neos de gran trayectoria.<br \/>\n<a href=\"https:\/\/edicionesazorin.com\">Ediciones Azor\u00edn<\/a>: Una editorial para escritores y temas de Alicante y Murcia, un sello regional a nivel nacional.<br \/>\nContamos tambi\u00e9n con editoriales de narrativa como <a href=\"https:\/\/edicionesamaniel.com\">Ediciones Amaniel<\/a> y una editorial de autoedici\u00f3n como la <a href=\"https:\/\/agenciadellibro.com\">Editorial Agencia del libro<\/a> y un sistema de <a href=\"https:\/\/crowdfundingdelibros.com\">crowdfunding de libros<\/a> para que los nuevos escritores puedan <a href=\"https:\/\/crowdfundingdelibros.com\/\">publicar un libro gratis<\/a>.<br \/>\nInformaci\u00f3n tras publicar un libro: IMPRESIONISMO PO\u00c9TICO: PRESENCIA de INMACULADA MORENO RODR\u00cdGUEZ con la editorial de poes\u00eda Editorial Poes\u00eda eres t\u00fa.<br \/>\nINMACULADA MORENO RODR\u00cdGUEZ logra publicar un libro de poes\u00eda, IMPRESIONISMO PO\u00c9TICO: PRESENCIA, tras un proceso de selecci\u00f3n de obras con la Editorial Poes\u00eda eres t\u00fa.<br \/>\nTodos los derechos del libro IMPRESIONISMO PO\u00c9TICO: PRESENCIA pertenecen a INMACULADA MORENO RODR\u00cdGUEZ tras publicar un libro con la Editorial Poes\u00eda eres t\u00fa.<br \/>\nPublicar un libro de poes\u00eda como IMPRESIONISMO PO\u00c9TICO: PRESENCIA de INMACULADA MORENO RODR\u00cdGUEZ es posible gracias al trabajo de todo el equipo de la Editorial Poes\u00eda eres t\u00fa.<br \/>\nToda la promoci\u00f3n del libro IMPRESIONISMO PO\u00c9TICO: PRESENCIA la puedes ver en la p\u00e1gina de la Editorial Poes\u00eda eres t\u00fa y en la web que la editorial le hace a INMACULADA MORENO RODR\u00cdGUEZ tras publicar un libro.<br \/>\nINMACULADA MORENO RODR\u00cdGUEZ agradece a la Editorial Poes\u00eda eres t\u00fa y la Agencia del libro por facilitar el trabajo de <a href=\"https:\/\/agenciadellibro.com\">publicar un libro<\/a>: IMPRESIONISMO PO\u00c9TICO: PRESENCIA.<br \/>\nLa Editorial Poes\u00eda eres t\u00fa y INMACULADA MORENO RODR\u00cdGUEZ agradecen la colaboraci\u00f3n de los poetas, que han conseguido publicar un libro, y lectores del libro IMPRESIONISMO PO\u00c9TICO: PRESENCIA por su colaboraci\u00f3n en la promoci\u00f3n y difusi\u00f3n de la obra.[\/vc_column_text][\/vc_column][\/vc_row]\n<\/div>","protected":false},"excerpt":{"rendered":"<p>[vc_row full_width=&#8221;stretch_row_content_no_spaces&#8221;][vc_column extend=&#8221;false&#8221;][layerslider_vc id=&#8221;1&#8243;][\/vc_column][\/vc_row][vc_row extend=&#8221;false&#8221; design__empty_1=&#8221;&#8221; background=&#8221;&#8221; background_image_type=&#8221;static&#8221; background_image__effect=&#8221;&#8221; bg_size=&#8221;initial&#8221; bg_position=&#8221;center-center&#8221; row_bg_image=&#8221;&#8221; bg_repeat=&#8221;no-repeat&#8221; background_image_type__bg_color=&#8221;rgba(255, 255, 255, 1)&#8221; row_bg_parallax_images=&#8221;&#8221; row_bg_slideshow_images=&#8221;&#8221; background_video_type=&#8221;youtube&#8221; background_video__youtube__url=&#8221;&#8221; background_video__youtube__parallax=&#8221;&#8221; background_video__youtube__options=&#8221;&#8221; background_video__youtube__fallback_image=&#8221;&#8221; background_video__hosted__mp4=&#8221;&#8221; background_video__hosted__webm=&#8221;&#8221; background_video__hosted__ogv=&#8221;&#8221; background_video__hosted__parallax=&#8221;&#8221; background_video__hosted__options=&#8221;&#8221; background_video__hosted__fallback_image=&#8221;&#8221; background_color_type=&#8221;color&#8221; bg__empty_1=&#8221;&#8221; background_color_type__gradient_color1=&#8221;rgba(44, 74, 228, 1)&#8221; background_color_type__gradient_color2=&#8221;rgba(44, 74, 228, 1)&#8221; background_color_type__color_color1=&#8221;rgba(44, 74, 228, 1)&#8221; bg__empty_2=&#8221;&#8221; background_color__effect=&#8221;&#8221; background_color__direction=&#8221;left-to-right&#8221; settings__tag_1=&#8221;&#8221; viewport_lg=&#8221;&#8221; viewport_md=&#8221;&#8221; viewport_sm=&#8221;&#8221; viewport_xs=&#8221;&#8221; settings__empty_1=&#8221;&#8221; version=&#8221;1&#8243;][vc_column width=&#8221;1\/2&#8243; [&hellip;]<\/p>\n","protected":false},"author":1,"featured_media":0,"parent":0,"menu_order":0,"comment_status":"closed","ping_status":"closed","template":"","meta":{"_acf_changed":false,"footnotes":""},"class_list":["post-5","page","type-page","status-publish","hentry"],"acf":[],"yoast_head":"<!-- This site is optimized with the Yoast SEO Premium plugin v24.7 (Yoast SEO v27.5) - https:\/\/yoast.com\/product\/yoast-seo-premium-wordpress\/ -->\n<title>Escritora - Inmaculada Moreno Rodr\u00edguez<\/title>\n<meta name=\"description\" content=\"INMACULADA MORENO RODR\u00cdGUEZ es la escritora del libro de poes\u00eda IMPRESIONISMO PO\u00c9TICO: PRESENCIA. Acaba de publicar un libro.\" \/>\n<meta name=\"robots\" content=\"index, follow, max-snippet:-1, max-image-preview:large, max-video-preview:-1\" \/>\n<link rel=\"canonical\" href=\"https:\/\/nuestrosescritores.com\/inmaculadamorenorodriguez\/\" \/>\n<meta property=\"og:locale\" content=\"es_ES\" \/>\n<meta property=\"og:type\" content=\"article\" \/>\n<meta property=\"og:title\" content=\"Escritora\" \/>\n<meta property=\"og:description\" content=\"INMACULADA MORENO RODR\u00cdGUEZ es la escritora del libro de poes\u00eda IMPRESIONISMO PO\u00c9TICO: PRESENCIA. Acaba de publicar un libro.\" \/>\n<meta property=\"og:url\" content=\"https:\/\/nuestrosescritores.com\/inmaculadamorenorodriguez\/\" \/>\n<meta property=\"og:site_name\" content=\"Inmaculada Moreno Rodr\u00edguez\" \/>\n<meta property=\"article:modified_time\" content=\"2021-08-14T10:12:34+00:00\" \/>\n<meta name=\"twitter:card\" content=\"summary_large_image\" \/>\n<meta name=\"twitter:label1\" content=\"Tiempo de lectura\" \/>\n\t<meta name=\"twitter:data1\" content=\"3 minutos\" \/>\n<script type=\"application\/ld+json\" class=\"yoast-schema-graph\">{\"@context\":\"https:\\\/\\\/schema.org\",\"@graph\":[{\"@type\":\"WebPage\",\"@id\":\"https:\\\/\\\/nuestrosescritores.com\\\/inmaculadamorenorodriguez\\\/\",\"url\":\"https:\\\/\\\/nuestrosescritores.com\\\/inmaculadamorenorodriguez\\\/\",\"name\":\"Escritora - Inmaculada Moreno Rodr\u00edguez\",\"isPartOf\":{\"@id\":\"https:\\\/\\\/nuestrosescritores.com\\\/inmaculadamorenorodriguez\\\/#website\"},\"datePublished\":\"2021-08-13T10:46:57+00:00\",\"dateModified\":\"2021-08-14T10:12:34+00:00\",\"description\":\"INMACULADA MORENO RODR\u00cdGUEZ es la escritora del libro de poes\u00eda IMPRESIONISMO PO\u00c9TICO: PRESENCIA. Acaba de publicar un libro.\",\"breadcrumb\":{\"@id\":\"https:\\\/\\\/nuestrosescritores.com\\\/inmaculadamorenorodriguez\\\/#breadcrumb\"},\"inLanguage\":\"es\",\"potentialAction\":[{\"@type\":\"ReadAction\",\"target\":[\"https:\\\/\\\/nuestrosescritores.com\\\/inmaculadamorenorodriguez\\\/\"]}]},{\"@type\":\"BreadcrumbList\",\"@id\":\"https:\\\/\\\/nuestrosescritores.com\\\/inmaculadamorenorodriguez\\\/#breadcrumb\",\"itemListElement\":[{\"@type\":\"ListItem\",\"position\":1,\"name\":\"Portada\",\"item\":\"https:\\\/\\\/nuestrosescritores.com\\\/inmaculadamorenorodriguez\\\/\"},{\"@type\":\"ListItem\",\"position\":2,\"name\":\"Escritora\"}]},{\"@type\":\"WebSite\",\"@id\":\"https:\\\/\\\/nuestrosescritores.com\\\/inmaculadamorenorodriguez\\\/#website\",\"url\":\"https:\\\/\\\/nuestrosescritores.com\\\/inmaculadamorenorodriguez\\\/\",\"name\":\"Nuestros escritores\",\"description\":\"Escritora\",\"potentialAction\":[{\"@type\":\"SearchAction\",\"target\":{\"@type\":\"EntryPoint\",\"urlTemplate\":\"https:\\\/\\\/nuestrosescritores.com\\\/inmaculadamorenorodriguez\\\/?s={search_term_string}\"},\"query-input\":{\"@type\":\"PropertyValueSpecification\",\"valueRequired\":true,\"valueName\":\"search_term_string\"}}],\"inLanguage\":\"es\"}]}<\/script>\n<!-- \/ Yoast SEO Premium plugin. -->","yoast_head_json":{"title":"Escritora - Inmaculada Moreno Rodr\u00edguez","description":"INMACULADA MORENO RODR\u00cdGUEZ es la escritora del libro de poes\u00eda IMPRESIONISMO PO\u00c9TICO: PRESENCIA. Acaba de publicar un libro.","robots":{"index":"index","follow":"follow","max-snippet":"max-snippet:-1","max-image-preview":"max-image-preview:large","max-video-preview":"max-video-preview:-1"},"canonical":"https:\/\/nuestrosescritores.com\/inmaculadamorenorodriguez\/","og_locale":"es_ES","og_type":"article","og_title":"Escritora","og_description":"INMACULADA MORENO RODR\u00cdGUEZ es la escritora del libro de poes\u00eda IMPRESIONISMO PO\u00c9TICO: PRESENCIA. Acaba de publicar un libro.","og_url":"https:\/\/nuestrosescritores.com\/inmaculadamorenorodriguez\/","og_site_name":"Inmaculada Moreno Rodr\u00edguez","article_modified_time":"2021-08-14T10:12:34+00:00","twitter_card":"summary_large_image","twitter_misc":{"Tiempo de lectura":"3 minutos"},"schema":{"@context":"https:\/\/schema.org","@graph":[{"@type":"WebPage","@id":"https:\/\/nuestrosescritores.com\/inmaculadamorenorodriguez\/","url":"https:\/\/nuestrosescritores.com\/inmaculadamorenorodriguez\/","name":"Escritora - Inmaculada Moreno Rodr\u00edguez","isPartOf":{"@id":"https:\/\/nuestrosescritores.com\/inmaculadamorenorodriguez\/#website"},"datePublished":"2021-08-13T10:46:57+00:00","dateModified":"2021-08-14T10:12:34+00:00","description":"INMACULADA MORENO RODR\u00cdGUEZ es la escritora del libro de poes\u00eda IMPRESIONISMO PO\u00c9TICO: PRESENCIA. Acaba de publicar un libro.","breadcrumb":{"@id":"https:\/\/nuestrosescritores.com\/inmaculadamorenorodriguez\/#breadcrumb"},"inLanguage":"es","potentialAction":[{"@type":"ReadAction","target":["https:\/\/nuestrosescritores.com\/inmaculadamorenorodriguez\/"]}]},{"@type":"BreadcrumbList","@id":"https:\/\/nuestrosescritores.com\/inmaculadamorenorodriguez\/#breadcrumb","itemListElement":[{"@type":"ListItem","position":1,"name":"Portada","item":"https:\/\/nuestrosescritores.com\/inmaculadamorenorodriguez\/"},{"@type":"ListItem","position":2,"name":"Escritora"}]},{"@type":"WebSite","@id":"https:\/\/nuestrosescritores.com\/inmaculadamorenorodriguez\/#website","url":"https:\/\/nuestrosescritores.com\/inmaculadamorenorodriguez\/","name":"Nuestros escritores","description":"Escritora","potentialAction":[{"@type":"SearchAction","target":{"@type":"EntryPoint","urlTemplate":"https:\/\/nuestrosescritores.com\/inmaculadamorenorodriguez\/?s={search_term_string}"},"query-input":{"@type":"PropertyValueSpecification","valueRequired":true,"valueName":"search_term_string"}}],"inLanguage":"es"}]}},"_links":{"self":[{"href":"https:\/\/nuestrosescritores.com\/inmaculadamorenorodriguez\/wp-json\/wp\/v2\/pages\/5","targetHints":{"allow":["GET"]}}],"collection":[{"href":"https:\/\/nuestrosescritores.com\/inmaculadamorenorodriguez\/wp-json\/wp\/v2\/pages"}],"about":[{"href":"https:\/\/nuestrosescritores.com\/inmaculadamorenorodriguez\/wp-json\/wp\/v2\/types\/page"}],"author":[{"embeddable":true,"href":"https:\/\/nuestrosescritores.com\/inmaculadamorenorodriguez\/wp-json\/wp\/v2\/users\/1"}],"replies":[{"embeddable":true,"href":"https:\/\/nuestrosescritores.com\/inmaculadamorenorodriguez\/wp-json\/wp\/v2\/comments?post=5"}],"version-history":[{"count":0,"href":"https:\/\/nuestrosescritores.com\/inmaculadamorenorodriguez\/wp-json\/wp\/v2\/pages\/5\/revisions"}],"wp:attachment":[{"href":"https:\/\/nuestrosescritores.com\/inmaculadamorenorodriguez\/wp-json\/wp\/v2\/media?parent=5"}],"curies":[{"name":"wp","href":"https:\/\/api.w.org\/{rel}","templated":true}]}}