{"id":57,"date":"2019-12-15T12:23:25","date_gmt":"2019-12-15T12:23:25","guid":{"rendered":"https:\/\/nuestrosescritores.com\/indyralisy\/?page_id=57"},"modified":"2019-12-15T12:23:25","modified_gmt":"2019-12-15T12:23:25","slug":"poesia","status":"publish","type":"page","link":"https:\/\/nuestrosescritores.com\/indyralisy\/poesia\/","title":{"rendered":"POES\u00cdA"},"content":{"rendered":"<div class=\"wpb-content-wrapper\">[vc_row][vc_column extend=&#8221;false&#8221;][vc_column_text css=&#8221;.vc_custom_1574620857038{margin-top: -30000px !important;}&#8221;]\n<h1><strong><em><u>Poes\u00eda del libro PREG\u00daNTALE A DIOS de INDYRA LISY. El escritor nos da una muestra tras publicar un libro.<\/u><\/em><\/strong><\/h1>\n<h2><strong><em><u><img fetchpriority=\"high\" decoding=\"async\" class=\"alignnone size-full wp-image-11\" src=\"https:\/\/nuestrosescritores.com\/indyralisy\/wp-content\/uploads\/sites\/16\/2019\/12\/0_PortadaPreguntaleaDios.jpg\" alt=\"\" width=\"559\" height=\"794\">Poes\u00eda del libro PREG\u00daNTALE A DIOS de INDYRA LISY El poeta nos da una muestra tras publicar un libro.<\/u><\/em><\/strong><\/h2>\n<h3><strong><em><u>Poes\u00eda del libro PREG\u00daNTALE A DIOS de INDYRA LISY El autor nos da una muestra tras publicar un libro.<\/u><\/em><\/strong><\/h3>\n<h4><strong><em><u>Poes\u00eda del libro PREG\u00daNTALE A DIOS de INDYRA LISY El autor nos da una muestra tras publicar un libro.<\/u><\/em><\/strong><\/h4>\n<h5><strong><em><u>Poes\u00eda del libro PREG\u00daNTALE A DIOS de INDYRA LISY El autor nos da una muestra tras publicar un libro.<\/u><\/em><\/strong><\/h5>\n[\/vc_column_text][\/vc_column][\/vc_row][vc_row full_width=&#8221;stretch_row_content_no_spaces&#8221;][vc_column extend=&#8221;false&#8221;]<div class='gambit_parallax_row' data-bg-align='' data-direction='fixed' data-opacity='100' data-velocity='-0.3' data-mobile-enabled='' data-bg-height='1200' data-bg-width='800' data-bg-image='https:\/\/nuestrosescritores.com\/indyralisy\/wp-content\/uploads\/sites\/16\/2019\/12\/nex_o9dyg9k.jpg' data-bg-repeat='false' data-id='' style='display: none'><\/div><div class=\"gambit_fullheight_row\" data-content-location=\"center\" style=\"display: none\"><\/div>[\/vc_column][\/vc_row][vc_row][vc_column extend=&#8221;false&#8221;][vc_column_text]\n<h1><a name=\"_Toc25000949\"><\/a><strong>Por la ausencia<\/strong><\/h1>\n<p>&nbsp;<\/p>\n<p>Quiera Dios que subasten voluntarios<\/p>\n<p>para sufrir el luto y el enredo.<\/p>\n<p>\u00bfPor qu\u00e9 la ausencia causa tanto miedo?<\/p>\n<p>El traje y la corbata, \u00bfnecesarios?<\/p>\n<p>Del juicio final somos adversarios,<\/p>\n<p>del semen resbaloso en la cocina.<\/p>\n<p>Candado abierto al di\u00e1logo. La espina.<\/p>\n<p>Lesi\u00f3n del que soporta senectudes.<\/p>\n<p>Las d\u00e9cadas se gastan. No saludes<\/p>\n<p>con la mano del odio, \u00a1compasi\u00f3n!<\/p>\n<p>Asume que en la vida no hay opci\u00f3n:<\/p>\n<p>te mueres o te matan las virtudes.<\/p>\n<p>Vivir como una in\u00fatil redundancia&#8230;<\/p>\n<p>Ir\u00f3nico desglose, \u00bfen qu\u00e9 consiste?<\/p>\n<p>El luto se comparte como un chiste.<\/p>\n<p>Asume con genuina tolerancia<\/p>\n<p>el historial de yerros, la inconstancia<\/p>\n<p>que te erupciona. Asume con decencia<\/p>\n<p>la voz de alg\u00fan rel\u00e1mpago, en esencia:<\/p>\n<p>hay d\u00edas que te mata cualquier cosa.<\/p>\n<p>Sufrimos el examen de raposas.<\/p>\n<p>Busquemos un refugio, por la ausencia.<\/p>\n<p>&nbsp;<\/p>\n<span class='bctt-click-to-tweet'><span class='bctt-ctt-text'><a href='https:\/\/x.com\/intent\/tweet?url=https%3A%2F%2Fnuestrosescritores.com%2Findyralisy%2Fpoesia%2F&#038;text=POR%20AUSENCIA%C2%A0del%20libro%20PREG%C3%9ANTALE%20A%20DIOS%20de%20INDYRA%20LISY&#038;via=poesiaerestu&#038;related=poesiaerestu' target='_blank'rel=\"noopener noreferrer\">POR AUSENCIA&nbsp;del libro PREG\u00daNTALE A DIOS de INDYRA LISY <\/a><\/span><a href='https:\/\/x.com\/intent\/tweet?url=https%3A%2F%2Fnuestrosescritores.com%2Findyralisy%2Fpoesia%2F&#038;text=POR%20AUSENCIA%C2%A0del%20libro%20PREG%C3%9ANTALE%20A%20DIOS%20de%20INDYRA%20LISY&#038;via=poesiaerestu&#038;related=poesiaerestu' target='_blank' class='bctt-ctt-btn'rel=\"noopener noreferrer\">Compartir en X<\/a><\/span>\n<p>&nbsp;[\/vc_column_text][\/vc_column][\/vc_row][vc_row full_width=&#8221;stretch_row_content_no_spaces&#8221;][vc_column extend=&#8221;false&#8221;]<div class='gambit_parallax_row' data-bg-align='' data-direction='fixed' data-opacity='100' data-velocity='-0.3' data-mobile-enabled='' data-bg-height='1200' data-bg-width='800' data-bg-image='https:\/\/nuestrosescritores.com\/indyralisy\/wp-content\/uploads\/sites\/16\/2019\/12\/iwtmeth7vjs.jpg' data-bg-repeat='false' data-id='' style='display: none'><\/div><div class=\"gambit_fullheight_row\" data-content-location=\"center\" style=\"display: none\"><\/div>[\/vc_column][\/vc_row][vc_row][vc_column extend=&#8221;false&#8221;][vc_column_text]\n<h1><a name=\"_Toc25000957\"><\/a><strong>Hurgar en el sosiego<\/strong><\/h1>\n<p>&nbsp;<\/p>\n<p>A veces el sosiego me devana.<\/p>\n<p>La luz del equilibrio est\u00e1 a la puerta.<\/p>\n<p>Alcoba. Fluctuaci\u00f3n. La mano abierta.<\/p>\n<p>El m\u00ednimo recurso. La campana<\/p>\n<p>del tiempo y su costumbre. La manzana<\/p>\n<p>que nos hundi\u00f3 en la muerte. Se glor\u00eda<\/p>\n<p>el odio con su eterna garant\u00eda<\/p>\n<p>de mutilar y no ser mutilado.<\/p>\n<p>\u00a1No dejes, Dios, que horaden tu costado!<\/p>\n<p>Hurgar en el sosiego es carest\u00eda.<\/p>\n<p>Y vamos o nos llevan a otra parte&#8230;<\/p>\n<p>Firmamos alg\u00fan sitio de la alfombra.<\/p>\n<p>Un alias se retuerce. \u00bfQui\u00e9n te nombra<\/p>\n<p>al alba, al desayuno, al levantarte?<\/p>\n<p>\u00bfEs \u00fatil que vivi\u00e9ramos en Marte<\/p>\n<p>o en Martes 13? \u00bfCu\u00e1l el privilegio?<\/p>\n<p>Que nos escude Dios el Justo Egregio<\/p>\n<p>de idolatrar la vid y el plenilunio.<\/p>\n<p>Ya basta con que venga el infortunio<\/p>\n<p>ech\u00e1ndonos al rostro un sortilegio.<\/p>\n<p>&nbsp;<\/p>\n<span class='bctt-click-to-tweet'><span class='bctt-ctt-text'><a href='https:\/\/x.com\/intent\/tweet?url=https%3A%2F%2Fnuestrosescritores.com%2Findyralisy%2Fpoesia%2F&#038;text=Hurgar%20en%20el%20sosiego%20del%20libro%20PREG%C3%9ANTALE%20A%20DIOS%20de%20INDYRA%20LISY&#038;via=poesiaerestu&#038;related=poesiaerestu' target='_blank'rel=\"noopener noreferrer\">Hurgar en el sosiego del libro PREG\u00daNTALE A DIOS de INDYRA LISY <\/a><\/span><a href='https:\/\/x.com\/intent\/tweet?url=https%3A%2F%2Fnuestrosescritores.com%2Findyralisy%2Fpoesia%2F&#038;text=Hurgar%20en%20el%20sosiego%20del%20libro%20PREG%C3%9ANTALE%20A%20DIOS%20de%20INDYRA%20LISY&#038;via=poesiaerestu&#038;related=poesiaerestu' target='_blank' class='bctt-ctt-btn'rel=\"noopener noreferrer\">Compartir en X<\/a><\/span>\n<p>&nbsp;<\/p>\n<p>&nbsp;[\/vc_column_text][\/vc_column][\/vc_row][vc_row][vc_column extend=&#8221;false&#8221;]<div class='gambit_parallax_row' data-bg-align='' data-direction='fixed' data-opacity='100' data-velocity='-0.3' data-mobile-enabled='' data-bg-height='1200' data-bg-width='800' data-bg-image='https:\/\/nuestrosescritores.com\/indyralisy\/wp-content\/uploads\/sites\/16\/2019\/12\/_8_vsf5ce5i.jpg' data-bg-repeat='false' data-id='' style='display: none'><\/div><div class=\"gambit_fullheight_row\" data-content-location=\"center\" style=\"display: none\"><\/div>[\/vc_column][\/vc_row][vc_row][vc_column extend=&#8221;false&#8221;][vc_column_text]\n<h1><a name=\"_Toc25000962\"><\/a><strong>La puerta<\/strong><\/h1>\n<p>&nbsp;<\/p>\n<p>Entr\u00e9 por la ventana. Yo sab\u00eda<\/p>\n<p>que era pecado abrir alguna puerta.<\/p>\n<p>La llave a explicaciones, luz incierta.<\/p>\n<p>El abandono, un pacto de agon\u00eda.<\/p>\n<p>Entr\u00e9 por la ventana. Se mor\u00eda<\/p>\n<p>cualquier indicio a tiempo de blancura.<\/p>\n<p>Era inmediato armarse: mi tonsura,<\/p>\n<p>el s\u00edmbolo de pr\u00f3jimo y confianza.<\/p>\n<p>La puerta, una terrible remembranza<\/p>\n<p>que el ritmo del pret\u00e9rito no cura.<\/p>\n<p>&nbsp;<\/p>\n<p>&nbsp;<\/p>\n<p>&nbsp;<\/p>\n<span class='bctt-click-to-tweet'><span class='bctt-ctt-text'><a href='https:\/\/x.com\/intent\/tweet?url=https%3A%2F%2Fnuestrosescritores.com%2Findyralisy%2Fpoesia%2F&#038;text=La%20puerta%20del%20libro%20PREG%C3%9ANTALE%20A%20DIOS%20de%20INDYRA%20LISY&#038;via=poesiaerestu&#038;related=poesiaerestu' target='_blank'rel=\"noopener noreferrer\">La puerta del libro PREG\u00daNTALE A DIOS de INDYRA LISY <\/a><\/span><a href='https:\/\/x.com\/intent\/tweet?url=https%3A%2F%2Fnuestrosescritores.com%2Findyralisy%2Fpoesia%2F&#038;text=La%20puerta%20del%20libro%20PREG%C3%9ANTALE%20A%20DIOS%20de%20INDYRA%20LISY&#038;via=poesiaerestu&#038;related=poesiaerestu' target='_blank' class='bctt-ctt-btn'rel=\"noopener noreferrer\">Compartir en X<\/a><\/span>[\/vc_column_text][\/vc_column][\/vc_row][vc_row][vc_column extend=&#8221;false&#8221;]<div class='gambit_parallax_row' data-bg-align='' data-direction='fixed' data-opacity='100' data-velocity='-0.3' data-mobile-enabled='' data-bg-height='1200' data-bg-width='800' data-bg-image='https:\/\/nuestrosescritores.com\/indyralisy\/wp-content\/uploads\/sites\/16\/2019\/12\/lgvj1cspqpo.jpg' data-bg-repeat='false' data-id='' style='display: none'><\/div><div class=\"gambit_fullheight_row\" data-content-location=\"center\" style=\"display: none\"><\/div>[\/vc_column][\/vc_row][vc_row][vc_column extend=&#8221;false&#8221;][vc_column_text]\n<h1><a name=\"_Toc25000969\"><\/a><strong>Lluvia<\/strong><\/h1>\n<p>&nbsp;<\/p>\n<p>Hoy fui con mi paraguas al ensue\u00f1o<\/p>\n<p>de presumir la lluvia impostergable.<\/p>\n<p>Debajo de los pies un lodo amable.<\/p>\n<p>Hip\u00f3tesis perdidas del dise\u00f1o<\/p>\n<p>original del mundo. \u00bfQui\u00e9n es due\u00f1o<\/p>\n<p>del pret\u00e9rito omniscio? \u00bfQu\u00e9 utop\u00eda<\/p>\n<p>nos versa realidad y garant\u00eda?<\/p>\n<p>Los a\u00f1os. Mis apuntes. La esperanza.<\/p>\n<p>Si Dios no fuera Dios ni remembranza\u2026<\/p>\n<p>Hoy fui con mi paraguas. No llov\u00eda.<\/p>\n<p>Era el refugio un pr\u00f3ximo destino<\/p>\n<p>en manos de la suerte, sin lecturas.<\/p>\n<p>El golpe negro y rojo. Vestiduras<\/p>\n<p>manchadas. Inocencia. Desatino.<\/p>\n<p>El coito de los \u00e1rboles. El vino<\/p>\n<p>de ayer y sus dicciones\u2026 Alborozo.<\/p>\n<p>De picnic un ensue\u00f1o venturoso.<\/p>\n<p>Disfruto de la lluvia como un sapo.<\/p>\n<p>No es l\u00edcito escapar y siempre escapo.<\/p>\n<p>Ayer la certidumbre era reposo.<\/p>\n<p>&nbsp;<\/p>\n<p>&nbsp;<\/p>\n<p>&nbsp;<\/p>\n<span class='bctt-click-to-tweet'><span class='bctt-ctt-text'><a href='https:\/\/x.com\/intent\/tweet?url=https%3A%2F%2Fnuestrosescritores.com%2Findyralisy%2Fpoesia%2F&#038;text=Lluvia%20del%20libro%20PREG%C3%9ANTALE%20A%20DIOS%20de%20INDYRA%20LISY&#038;via=poesiaerestu&#038;related=poesiaerestu' target='_blank'rel=\"noopener noreferrer\">Lluvia del libro PREG\u00daNTALE A DIOS de INDYRA LISY <\/a><\/span><a href='https:\/\/x.com\/intent\/tweet?url=https%3A%2F%2Fnuestrosescritores.com%2Findyralisy%2Fpoesia%2F&#038;text=Lluvia%20del%20libro%20PREG%C3%9ANTALE%20A%20DIOS%20de%20INDYRA%20LISY&#038;via=poesiaerestu&#038;related=poesiaerestu' target='_blank' class='bctt-ctt-btn'rel=\"noopener noreferrer\">Compartir en X<\/a><\/span>[\/vc_column_text][\/vc_column][\/vc_row][vc_row][vc_column extend=&#8221;false&#8221;]<div class='gambit_parallax_row' data-bg-align='' data-direction='fixed' data-opacity='100' data-velocity='-0.3' data-mobile-enabled='' data-bg-height='900' data-bg-width='2560' data-bg-image='https:\/\/nuestrosescritores.com\/indyralisy\/wp-content\/uploads\/sites\/16\/2019\/12\/Indyra1VectorPaint-VectorPaint_Square_Horizontal-scaled.jpg' data-bg-repeat='false' data-id='' style='display: none'><\/div><div class=\"gambit_fullheight_row\" data-content-location=\"center\" style=\"display: none\"><\/div>[vc_column_text]\n<p style=\"text-align: center;\"><a class=\"fasc-button fasc-size-xlarge fasc-type-glossy fasc-rounded-medium\" style=\"background-color: #33809e; color: #ffffff;\" href=\"https:\/\/librodepoesia.com\/producto\/preguntale-a-dios-indyra-lisy\/\">Comprar el libro<\/a><\/p>\n[\/vc_column_text][\/vc_column][\/vc_row][vc_row][vc_column extend=&#8221;false&#8221;][vc_column_text css=&#8221;.vc_custom_1549215104378{margin-top: -30000px !important;}&#8221;]\n<h1><strong><em><u>Poes\u00eda del libro PREG\u00daNTALE A DIOS de INDYRA LISY. El escritor nos da una muestra tras publicar un libro.<\/u><\/em><\/strong><\/h1>\n<h2><strong><em><u>Poes\u00eda del libro PREG\u00daNTALE A DIOS de INDYRA LISY El poeta nos da una muestra tras publicar un libro.<\/u><\/em><\/strong><\/h2>\n<h3><strong><em><u>Poes\u00eda del libro PREG\u00daNTALE A DIOS de INDYRA LISY El autor nos da una muestra tras publicar un libro.<\/u><\/em><\/strong><\/h3>\n<h4><strong><em><u>Poes\u00eda del libro PREG\u00daNTALE A DIOS de INDYRA LISY El autor nos da una muestra tras publicar un libro.<\/u><\/em><\/strong><\/h4>\n<h5><strong><em><u>Poes\u00eda del libro PREG\u00daNTALE A DIOS de INDYRA LISY El autor nos da una muestra tras publicar un libro.<\/u><\/em><\/strong><\/h5>\n[\/vc_column_text][\/vc_column][\/vc_row]\n<\/div>","protected":false},"excerpt":{"rendered":"<p>[vc_row][vc_column extend=&#8221;false&#8221;][vc_column_text css=&#8221;.vc_custom_1574620857038{margin-top: -30000px !important;}&#8221;] Poes\u00eda del libro PREG\u00daNTALE A DIOS de INDYRA LISY. El escritor nos da una muestra tras publicar un libro. Poes\u00eda del libro PREG\u00daNTALE A DIOS de INDYRA LISY El poeta nos da una muestra tras publicar un libro. Poes\u00eda del libro PREG\u00daNTALE A DIOS de INDYRA LISY El autor nos [&hellip;]<\/p>\n","protected":false},"author":1,"featured_media":0,"parent":0,"menu_order":3,"comment_status":"closed","ping_status":"closed","template":"","meta":{"_acf_changed":false,"footnotes":""},"class_list":["post-57","page","type-page","status-publish","hentry"],"acf":[],"yoast_head":"<!-- This site is optimized with the Yoast SEO Premium plugin v24.7 (Yoast SEO v27.4) - https:\/\/yoast.com\/product\/yoast-seo-premium-wordpress\/ -->\n<title>POES\u00cdA - Indyra Lisy<\/title>\n<meta name=\"robots\" content=\"index, follow, max-snippet:-1, max-image-preview:large, max-video-preview:-1\" \/>\n<link rel=\"canonical\" href=\"https:\/\/nuestrosescritores.com\/indyralisy\/poesia\/\" \/>\n<meta property=\"og:locale\" content=\"es_ES\" \/>\n<meta property=\"og:type\" content=\"article\" \/>\n<meta property=\"og:title\" content=\"POES\u00cdA\" \/>\n<meta property=\"og:description\" content=\"[vc_row][vc_column extend=&#8221;false&#8221;][vc_column_text css=&#8221;.vc_custom_1574620857038{margin-top: -30000px !important;}&#8221;] Poes\u00eda del libro PREG\u00daNTALE A DIOS de INDYRA LISY. El escritor nos da una muestra tras publicar un libro. Poes\u00eda del libro PREG\u00daNTALE A DIOS de INDYRA LISY El poeta nos da una muestra tras publicar un libro. Poes\u00eda del libro PREG\u00daNTALE A DIOS de INDYRA LISY El autor nos [&hellip;]\" \/>\n<meta property=\"og:url\" content=\"https:\/\/nuestrosescritores.com\/indyralisy\/poesia\/\" \/>\n<meta property=\"og:site_name\" content=\"Indyra Lisy\" \/>\n<meta property=\"og:image\" content=\"https:\/\/nuestrosescritores.com\/indyralisy\/wp-content\/uploads\/sites\/16\/2019\/12\/0_PortadaPreguntaleaDios.jpg\" \/>\n<meta name=\"twitter:card\" content=\"summary_large_image\" \/>\n<meta name=\"twitter:label1\" content=\"Tiempo de lectura\" \/>\n\t<meta name=\"twitter:data1\" content=\"5 minutos\" \/>\n<script type=\"application\/ld+json\" class=\"yoast-schema-graph\">{\"@context\":\"https:\\\/\\\/schema.org\",\"@graph\":[{\"@type\":\"WebPage\",\"@id\":\"https:\\\/\\\/nuestrosescritores.com\\\/indyralisy\\\/poesia\\\/\",\"url\":\"https:\\\/\\\/nuestrosescritores.com\\\/indyralisy\\\/poesia\\\/\",\"name\":\"POES\u00cdA - Indyra Lisy\",\"isPartOf\":{\"@id\":\"https:\\\/\\\/nuestrosescritores.com\\\/indyralisy\\\/#website\"},\"primaryImageOfPage\":{\"@id\":\"https:\\\/\\\/nuestrosescritores.com\\\/indyralisy\\\/poesia\\\/#primaryimage\"},\"image\":{\"@id\":\"https:\\\/\\\/nuestrosescritores.com\\\/indyralisy\\\/poesia\\\/#primaryimage\"},\"thumbnailUrl\":\"https:\\\/\\\/nuestrosescritores.com\\\/indyralisy\\\/wp-content\\\/uploads\\\/sites\\\/16\\\/2019\\\/12\\\/0_PortadaPreguntaleaDios.jpg\",\"datePublished\":\"2019-12-15T12:23:25+00:00\",\"breadcrumb\":{\"@id\":\"https:\\\/\\\/nuestrosescritores.com\\\/indyralisy\\\/poesia\\\/#breadcrumb\"},\"inLanguage\":\"es\",\"potentialAction\":[{\"@type\":\"ReadAction\",\"target\":[\"https:\\\/\\\/nuestrosescritores.com\\\/indyralisy\\\/poesia\\\/\"]}]},{\"@type\":\"ImageObject\",\"inLanguage\":\"es\",\"@id\":\"https:\\\/\\\/nuestrosescritores.com\\\/indyralisy\\\/poesia\\\/#primaryimage\",\"url\":\"https:\\\/\\\/nuestrosescritores.com\\\/indyralisy\\\/wp-content\\\/uploads\\\/sites\\\/16\\\/2019\\\/12\\\/0_PortadaPreguntaleaDios.jpg\",\"contentUrl\":\"https:\\\/\\\/nuestrosescritores.com\\\/indyralisy\\\/wp-content\\\/uploads\\\/sites\\\/16\\\/2019\\\/12\\\/0_PortadaPreguntaleaDios.jpg\",\"width\":559,\"height\":794},{\"@type\":\"BreadcrumbList\",\"@id\":\"https:\\\/\\\/nuestrosescritores.com\\\/indyralisy\\\/poesia\\\/#breadcrumb\",\"itemListElement\":[{\"@type\":\"ListItem\",\"position\":1,\"name\":\"Portada\",\"item\":\"https:\\\/\\\/nuestrosescritores.com\\\/indyralisy\\\/\"},{\"@type\":\"ListItem\",\"position\":2,\"name\":\"POES\u00cdA\"}]},{\"@type\":\"WebSite\",\"@id\":\"https:\\\/\\\/nuestrosescritores.com\\\/indyralisy\\\/#website\",\"url\":\"https:\\\/\\\/nuestrosescritores.com\\\/indyralisy\\\/\",\"name\":\"Nuestros escritores\",\"description\":\"Escritora\",\"potentialAction\":[{\"@type\":\"SearchAction\",\"target\":{\"@type\":\"EntryPoint\",\"urlTemplate\":\"https:\\\/\\\/nuestrosescritores.com\\\/indyralisy\\\/?s={search_term_string}\"},\"query-input\":{\"@type\":\"PropertyValueSpecification\",\"valueRequired\":true,\"valueName\":\"search_term_string\"}}],\"inLanguage\":\"es\"}]}<\/script>\n<!-- \/ Yoast SEO Premium plugin. -->","yoast_head_json":{"title":"POES\u00cdA - Indyra Lisy","robots":{"index":"index","follow":"follow","max-snippet":"max-snippet:-1","max-image-preview":"max-image-preview:large","max-video-preview":"max-video-preview:-1"},"canonical":"https:\/\/nuestrosescritores.com\/indyralisy\/poesia\/","og_locale":"es_ES","og_type":"article","og_title":"POES\u00cdA","og_description":"[vc_row][vc_column extend=&#8221;false&#8221;][vc_column_text css=&#8221;.vc_custom_1574620857038{margin-top: -30000px !important;}&#8221;] Poes\u00eda del libro PREG\u00daNTALE A DIOS de INDYRA LISY. El escritor nos da una muestra tras publicar un libro. Poes\u00eda del libro PREG\u00daNTALE A DIOS de INDYRA LISY El poeta nos da una muestra tras publicar un libro. Poes\u00eda del libro PREG\u00daNTALE A DIOS de INDYRA LISY El autor nos [&hellip;]","og_url":"https:\/\/nuestrosescritores.com\/indyralisy\/poesia\/","og_site_name":"Indyra Lisy","og_image":[{"url":"https:\/\/nuestrosescritores.com\/indyralisy\/wp-content\/uploads\/sites\/16\/2019\/12\/0_PortadaPreguntaleaDios.jpg","type":"","width":"","height":""}],"twitter_card":"summary_large_image","twitter_misc":{"Tiempo de lectura":"5 minutos"},"schema":{"@context":"https:\/\/schema.org","@graph":[{"@type":"WebPage","@id":"https:\/\/nuestrosescritores.com\/indyralisy\/poesia\/","url":"https:\/\/nuestrosescritores.com\/indyralisy\/poesia\/","name":"POES\u00cdA - Indyra Lisy","isPartOf":{"@id":"https:\/\/nuestrosescritores.com\/indyralisy\/#website"},"primaryImageOfPage":{"@id":"https:\/\/nuestrosescritores.com\/indyralisy\/poesia\/#primaryimage"},"image":{"@id":"https:\/\/nuestrosescritores.com\/indyralisy\/poesia\/#primaryimage"},"thumbnailUrl":"https:\/\/nuestrosescritores.com\/indyralisy\/wp-content\/uploads\/sites\/16\/2019\/12\/0_PortadaPreguntaleaDios.jpg","datePublished":"2019-12-15T12:23:25+00:00","breadcrumb":{"@id":"https:\/\/nuestrosescritores.com\/indyralisy\/poesia\/#breadcrumb"},"inLanguage":"es","potentialAction":[{"@type":"ReadAction","target":["https:\/\/nuestrosescritores.com\/indyralisy\/poesia\/"]}]},{"@type":"ImageObject","inLanguage":"es","@id":"https:\/\/nuestrosescritores.com\/indyralisy\/poesia\/#primaryimage","url":"https:\/\/nuestrosescritores.com\/indyralisy\/wp-content\/uploads\/sites\/16\/2019\/12\/0_PortadaPreguntaleaDios.jpg","contentUrl":"https:\/\/nuestrosescritores.com\/indyralisy\/wp-content\/uploads\/sites\/16\/2019\/12\/0_PortadaPreguntaleaDios.jpg","width":559,"height":794},{"@type":"BreadcrumbList","@id":"https:\/\/nuestrosescritores.com\/indyralisy\/poesia\/#breadcrumb","itemListElement":[{"@type":"ListItem","position":1,"name":"Portada","item":"https:\/\/nuestrosescritores.com\/indyralisy\/"},{"@type":"ListItem","position":2,"name":"POES\u00cdA"}]},{"@type":"WebSite","@id":"https:\/\/nuestrosescritores.com\/indyralisy\/#website","url":"https:\/\/nuestrosescritores.com\/indyralisy\/","name":"Nuestros escritores","description":"Escritora","potentialAction":[{"@type":"SearchAction","target":{"@type":"EntryPoint","urlTemplate":"https:\/\/nuestrosescritores.com\/indyralisy\/?s={search_term_string}"},"query-input":{"@type":"PropertyValueSpecification","valueRequired":true,"valueName":"search_term_string"}}],"inLanguage":"es"}]}},"_links":{"self":[{"href":"https:\/\/nuestrosescritores.com\/indyralisy\/wp-json\/wp\/v2\/pages\/57","targetHints":{"allow":["GET"]}}],"collection":[{"href":"https:\/\/nuestrosescritores.com\/indyralisy\/wp-json\/wp\/v2\/pages"}],"about":[{"href":"https:\/\/nuestrosescritores.com\/indyralisy\/wp-json\/wp\/v2\/types\/page"}],"author":[{"embeddable":true,"href":"https:\/\/nuestrosescritores.com\/indyralisy\/wp-json\/wp\/v2\/users\/1"}],"replies":[{"embeddable":true,"href":"https:\/\/nuestrosescritores.com\/indyralisy\/wp-json\/wp\/v2\/comments?post=57"}],"version-history":[{"count":0,"href":"https:\/\/nuestrosescritores.com\/indyralisy\/wp-json\/wp\/v2\/pages\/57\/revisions"}],"wp:attachment":[{"href":"https:\/\/nuestrosescritores.com\/indyralisy\/wp-json\/wp\/v2\/media?parent=57"}],"curies":[{"name":"wp","href":"https:\/\/api.w.org\/{rel}","templated":true}]}}