{"id":11,"date":"2021-12-26T17:26:03","date_gmt":"2021-12-26T17:26:03","guid":{"rendered":"https:\/\/nuestrosescritores.com\/hasnaemesbahi\/?page_id=11"},"modified":"2021-12-26T23:17:00","modified_gmt":"2021-12-26T23:17:00","slug":"hasnae-mesbahi","status":"publish","type":"page","link":"https:\/\/nuestrosescritores.com\/hasnaemesbahi\/","title":{"rendered":"HASNAE MESBAHI"},"content":{"rendered":"<div class=\"wpb-content-wrapper\">[vc_row full_width=&#8221;stretch_row_content_no_spaces&#8221;][vc_column extend=&#8221;false&#8221;][layerslider_vc id=&#8221;1&#8243;][\/vc_column][\/vc_row][vc_row extend=&#8221;false&#8221; design__empty_1=&#8221;&#8221; background=&#8221;&#8221; background_image_type=&#8221;static&#8221; background_image__effect=&#8221;&#8221; bg_size=&#8221;initial&#8221; bg_position=&#8221;center-center&#8221; row_bg_image=&#8221;&#8221; bg_repeat=&#8221;no-repeat&#8221; background_image_type__bg_color=&#8221;rgba(255, 255, 255, 1)&#8221; row_bg_parallax_images=&#8221;&#8221; row_bg_slideshow_images=&#8221;&#8221; background_video_type=&#8221;youtube&#8221; background_video__youtube__url=&#8221;&#8221; background_video__youtube__parallax=&#8221;&#8221; background_video__youtube__options=&#8221;&#8221; background_video__youtube__fallback_image=&#8221;&#8221; background_video__hosted__mp4=&#8221;&#8221; background_video__hosted__webm=&#8221;&#8221; background_video__hosted__ogv=&#8221;&#8221; background_video__hosted__parallax=&#8221;&#8221; background_video__hosted__options=&#8221;&#8221; background_video__hosted__fallback_image=&#8221;&#8221; background_color_type=&#8221;color&#8221; bg__empty_1=&#8221;&#8221; background_color_type__gradient_color1=&#8221;rgba(44, 74, 228, 1)&#8221; background_color_type__gradient_color2=&#8221;rgba(44, 74, 228, 1)&#8221; background_color_type__color_color1=&#8221;rgba(44, 74, 228, 1)&#8221; bg__empty_2=&#8221;&#8221; background_color__effect=&#8221;&#8221; background_color__direction=&#8221;left-to-right&#8221; settings__tag_1=&#8221;&#8221; viewport_lg=&#8221;&#8221; viewport_md=&#8221;&#8221; viewport_sm=&#8221;&#8221; viewport_xs=&#8221;&#8221; settings__empty_1=&#8221;&#8221; version=&#8221;1&#8243;][vc_column width=&#8221;1\/2&#8243; extend=&#8221;false&#8221;]<div class=\"ult-content-box-container \" >\t\t<div class=\"ult-content-box\" style=\"background-color:rgba(255,255,255,0.49);box-shadow: px px 8px px #f2f2f2 none;border-style:none;-webkit-transition: all 700ms ease;-moz-transition: all 700ms ease;-ms-transition: all 700ms ease;-o-transition: all 700ms ease;transition: all 700ms ease;\"  data-hover_box_shadow=\"none\"     data-bg=\"rgba(255,255,255,0.49)\"  data-border_color=\"\" >[vc_column_text css=&#8221;.vc_custom_1640539205374{padding-top: 15% !important;padding-right: 15% !important;padding-bottom: 15% !important;padding-left: 15% !important;}&#8221;]Hasnae Mesbahi Mesbahi, naci\u00f3 en el a\u00f1o 2000 y vive en un municipio del Pa\u00eds Valenciano. Actualmente est\u00e1 cursando el Grado en Derecho, y su intenci\u00f3n es acceder a la abogac\u00eda en un futuro.<\/p>\n<p>Gran apasionada tanto de la lectura como de la escritura desde que era una ni\u00f1a, se estrena en el mundo literario con este poemario titulado \u201cSecantes entre el exilio y el consuelo\u201d.<\/p>\n<p>En el 2017, gan\u00f3 el primer premio de poes\u00eda en los \u201cXV Premios Literarios Vicent Andr\u00e9s Estell\u00e9s, de la Ribera\u201d, algo que ella recuerda como \u201cocurre aquello que menos te esperas\u201d. Y por segundo a\u00f1o consecutivo, una menci\u00f3n especial en el mismo premio; hecho que la motiv\u00f3 a seguir escribiendo.<\/p>\n<p>Considera que la aprobaci\u00f3n de los otros no deber\u00eda preocuparnos nunca, porqu\u00e9 nadie nos va a conocer del todo, puesto que aunque no lo parezca, hay mucha diferencia entre ser un \u201ctrocito de pan\u201d, y ser \u201cuna tostada con mermelada de fresa\u201d.<\/p>\n<p>&nbsp;<\/p>\n<span class='bctt-click-to-tweet'><span class='bctt-ctt-text'><a href='https:\/\/x.com\/intent\/tweet?url=https%3A%2F%2Fnuestrosescritores.com%2Fhasnaemesbahi%2F&#038;text=HASNAE%20MESBAHI.%20Escritora.&#038;related' target='_blank'rel=\"noopener noreferrer\">HASNAE MESBAHI. Escritora. <\/a><\/span><a href='https:\/\/x.com\/intent\/tweet?url=https%3A%2F%2Fnuestrosescritores.com%2Fhasnaemesbahi%2F&#038;text=HASNAE%20MESBAHI.%20Escritora.&#038;related' target='_blank' class='bctt-ctt-btn'rel=\"noopener noreferrer\">Compartir en X<\/a><\/span>[\/vc_column_text]\t\t<\/div><\/div>[\/vc_column][vc_column width=&#8221;1\/2&#8243; extend=&#8221;false&#8221;]<div class=\"gambit_fullheight_row\" data-content-location=\"center\" style=\"display: none\"><\/div><div id=\"rowvcpt-row-settings\" class=\"rowvcpt-row-set RowVcPt-row-setting69e19f1eee5f0 \" data-no=\"RowVcPt-row-setting69e19f1eee5f0\"><div  id=\"bgGallaryslide69e19f1eee5f4\" class=\"rowvcpt-slideshow \"><\/div><script type=\"text\/javascript\">\n(function($) {\n$(\"#bgGallaryslide69e19f1eee5f4\").vegas({\n        overlay: \"https:\/\/nuestrosescritores.com\/hasnaemesbahi\/wp-content\/plugins\/ultimate-row-background\/css\/overlays\/0'.esc_attr(1.png).'\",\n        transitionDuration: 4e3,\n        delay: 7000,\n        slides: [{src: \"https:\/\/nuestrosescritores.com\/hasnaemesbahi\/wp-content\/uploads\/sites\/116\/2021\/12\/ocqbh6rv_ou.jpg\",transition: \"fade2\",transitionDuration: 5000},{src: \"https:\/\/nuestrosescritores.com\/hasnaemesbahi\/wp-content\/uploads\/sites\/116\/2021\/12\/lfmstcawag.jpg\",transition: \"fade2\",transitionDuration: 5000},{src: \"https:\/\/nuestrosescritores.com\/hasnaemesbahi\/wp-content\/uploads\/sites\/116\/2021\/12\/0jqnmtxbz-i.jpg\",transition: \"fade2\",transitionDuration: 5000},{src: \"https:\/\/nuestrosescritores.com\/hasnaemesbahi\/wp-content\/uploads\/sites\/116\/2021\/12\/vzuwpl52e4s.jpg\",transition: \"fade2\",transitionDuration: 5000},]\n    });\t\t\n})(jQuery);\n<\/script><div class=\"rowvcpt-overlay\" style=\"background:rgba(255,255,255,0.69)\"><\/div><\/div>[vc_single_image image=&#8221;43&#8243; img_size=&#8221;full&#8221; alignment=&#8221;center&#8221;][\/vc_column][\/vc_row][vc_row full_height=&#8221;yes&#8221; equal_height=&#8221;yes&#8221; content_placement=&#8221;middle&#8221; css_animation=&#8221;appear&#8221; css=&#8221;.vc_custom_1638093275611{background-position: center !important;background-repeat: no-repeat !important;background-size: cover !important;}&#8221;][vc_column extend=&#8221;false&#8221;]<div class=\"ult-spacer spacer-69e19f1eef47b\" data-id=\"69e19f1eef47b\" data-height=\"500\" data-height-mobile=\"500\" data-height-tab=\"500\" data-height-tab-portrait=\"\" data-height-mobile-landscape=\"\" style=\"clear:both;display:block;\"><\/div><div id=\"rowvcpt-row-settings\" class=\"rowvcpt-row-set RowVcPt-row-setting69e19f1eef49a \" data-no=\"RowVcPt-row-setting69e19f1eef49a\"><div class=\"columns-bg-wrap columns-bg-anim-colors columns-bg-image  columns_animated_bg columns-right-animation\" id=\"RowVcPt-image-bg-69e19f1eef499\"   data-direction=\"right\" data-parallax_sense=\"30\" src=\"https:\/\/nuestrosescritores.com\/hasnaemesbahi\/wp-content\/uploads\/sites\/116\/2021\/12\/rldcnun_oeo.jpg\" style=\"background-image: url(https:\/\/nuestrosescritores.com\/hasnaemesbahi\/wp-content\/uploads\/sites\/116\/2021\/12\/rldcnun_oeo.jpg);background-position: center center;background-size: cover;background-attachment: fixed;\"><\/div><\/div>[\/vc_column][\/vc_row][vc_row full_width=&#8221;stretch_row_content_no_spaces&#8221; full_height=&#8221;yes&#8221; content_placement=&#8221;middle&#8221;][vc_column extend=&#8221;false&#8221;]<div class=\"gambit_fullheight_row\" data-content-location=\"center\" style=\"display: none\"><\/div><div id=\"rowvcpt-row-settings\" class=\"rowvcpt-row-set RowVcPt-row-setting69e19f1eef7f6 \" data-no=\"RowVcPt-row-setting69e19f1eef7f6\"><div  id=\"bgGallaryslide69e19f1eef7f9\" class=\"rowvcpt-slideshow \"><\/div><script type=\"text\/javascript\">\n(function($) {\n$(\"#bgGallaryslide69e19f1eef7f9\").vegas({\n        overlay: \"https:\/\/nuestrosescritores.com\/hasnaemesbahi\/wp-content\/plugins\/ultimate-row-background\/css\/overlays\/0'.esc_attr(2.png).'\",\n        transitionDuration: 4e3,\n        delay: 7000,\n        slides: [{src: \"https:\/\/nuestrosescritores.com\/hasnaemesbahi\/wp-content\/uploads\/sites\/116\/2021\/12\/lfmstcawag.jpg\",transition: \"fade2\",transitionDuration: 5000},{src: \"https:\/\/nuestrosescritores.com\/hasnaemesbahi\/wp-content\/uploads\/sites\/116\/2021\/12\/ocqbh6rv_ou.jpg\",transition: \"fade2\",transitionDuration: 5000},{src: \"https:\/\/nuestrosescritores.com\/hasnaemesbahi\/wp-content\/uploads\/sites\/116\/2021\/12\/vzuwpl52e4s.jpg\",transition: \"fade2\",transitionDuration: 5000},{src: \"https:\/\/nuestrosescritores.com\/hasnaemesbahi\/wp-content\/uploads\/sites\/116\/2021\/12\/u3y1bnd7ssw.jpg\",transition: \"fade2\",transitionDuration: 5000},]\n    });\t\t\n})(jQuery);\n<\/script><div class=\"rowvcpt-overlay\" style=\"background:rgba(255,255,255,0.69)\"><\/div><\/div><div id=\"uvc-type-wrap-8958\"  data-ultimate-target='#uvc-type-wrap-8958'  data-responsive-json-new='{\"font-size\":\"\",\"line-height\":\"\"}'  class=\"uvc-type-wrap vc_custom_1640539467396 ult-adjust-bottom-margin ult-responsive  uvc-type-align-center uvc-type-no-prefix uvc-wrap-285671134569e19f1eefb37\" style=\"text-align:center;\"><span id=\"typed-285671134569e19f1eefb37\" class=\"ultimate-typed-main \" style=\" font-weight:bold; text-transform: unset;\"><\/span><script type=\"text\/javascript\">\n\t\t\t\t\t\tjQuery(function($){ \n\t\t\t\t\t\t\t$(document).ready(function(){\n\t\t\t\t\t\t\t\tif( typeof jQuery(\"#typed-285671134569e19f1eefb37\").typed == \"function\"){\n\t\t\t\t\t\t\t\t\t$(\"#typed-285671134569e19f1eefb37\").typed({\n\t\t\t\t\t\t\t\t\t\tstrings: [\"Dicen, que se tienen que dar las gracias una vez se reciban favores.\",\"\u00a1Gracias por irte!\",\"Ahora bien, ojal\u00e1 fuera del todo cierto lo dicho dos l\u00edneas arriba. Pues muy pocos saben lo que duele tener las mismas ganas de decir, no vuelvas, que de decir no vuelvas a irte, lo dif\u00edcil que es, no poder dejar de llenar con vicios los vac\u00edos, (como si fingir estar perfecto), fuera la mejor coraza para los cobardes.\",\"S\u00e9 que las heridas duelen, pero tambi\u00e9n s\u00e9, que duelen mucho m\u00e1s si se les pone sal, y que rascar la costra de una herida que no sana, desde luego, no es m\u00e1s que formar una nueva.\",\"Y es por ello, que de la misma forma que uno rompe el vaso, deber\u00eda romper con \u00e9l el silencio\u2026 seguido de un (yo puedo)... Yo puedo deshacerme de los fantasmas del pasado.\",\"Y me pregunto, qu\u00e9 tan sinceras ser\u00e1n las l\u00e1grimas de la despedida, de quien se ha marchado sin previo aviso.\",\"\u00bfT\u00fa qu\u00e9 crees?\"],\n\t\t\t\t\t\t\t\t\t\ttypeSpeed: 35,\n\t\t\t\t\t\t\t\t\t\tbackSpeed: 0,\n\t\t\t\t\t\t\t\t\t\tstartDelay: \"200\",\n\t\t\t\t\t\t\t\t\t\tbackDelay: \"1500\",\n\t\t\t\t\t\t\t\t\t\tloop: true,\n\t\t\t\t\t\t\t\t\t\tloopCount: false,\n\t\t\t\t\t\t\t\t\t\tshowCursor: true,\n\t\t\t\t\t\t\t\t\t\tcursorChar: \"|\",\n\t\t\t\t\t\t\t\t\t\tattr: null\n\t\t\t\t\t\t\t\t\t});\n\t\t\t\t\t\t\t\t}\n\t\t\t\t\t\t\t});\n\t\t\t\t\t\t});\n\t\t\t\t\t<\/script><\/div>[\/vc_column][\/vc_row][vc_row full_height=&#8221;yes&#8221; content_placement=&#8221;middle&#8221; parallax=&#8221;content-moving&#8221; parallax_image=&#8221;86&#8243; css_animation=&#8221;appear&#8221; bg_type=&#8221;image&#8221; css=&#8221;.vc_custom_1634746787147{background-image: url(https:\/\/nuestrosescritores.com\/tinahernandezherrero\/wp-content\/uploads\/sites\/107\/2021\/10\/TinaHernandezHerrero-Mediano.jpg?id=86) !important;}&#8221;][vc_column extend=&#8221;false&#8221;][vc_empty_space height=&#8221;150px&#8221;]<div id=\"rowvcpt-row-settings\" class=\"rowvcpt-row-set RowVcPt-row-setting69e19f1eefd67 \" data-no=\"RowVcPt-row-setting69e19f1eefd67\"><div class=\"columns-bg-wrap columns-bg-anim-colors columns-bg-image  columns_simple_image\" id=\"RowVcPt-image-bg-69e19f1eefd66\"   data-parallax_sense=\"30\" src=\"https:\/\/nuestrosescritores.com\/hasnaemesbahi\/wp-content\/uploads\/sites\/116\/2021\/12\/HasnaeMaebahi_Escritora_Alargado-Mediano.jpg\" style=\"background-image: url(https:\/\/nuestrosescritores.com\/hasnaemesbahi\/wp-content\/uploads\/sites\/116\/2021\/12\/HasnaeMaebahi_Escritora_Alargado-Mediano.jpg);background-position: center center;background-size: cover;background-attachment: fixed;\"><\/div><\/div>[vc_column_text]\n<p style=\"text-align: center;\"><a class=\"fasc-button fasc-size-xlarge fasc-type-glossy fasc-rounded-medium\" style=\"background-color: #2b3336; color: #ffffff;\" href=\"https:\/\/librodepoesia.com\/libro\/secantes-entre-el-exilio-y-el-consuelo-hasnae-mesbahi-mesbahi\/\">COMPRA SUS LIBROS<\/a><\/p>\n[\/vc_column_text][\/vc_column][\/vc_row][vc_row][vc_column]<div id=\"rowvcpt-row-settings\" class=\"rowvcpt-row-set RowVcPt-row-setting69e19f1ef03aa \" data-no=\"RowVcPt-row-setting69e19f1ef03aa\"><div class=\"columns-bg-wrap columns-bg-anim-colors\" style=\"opacity: 1;background: -moz-linear-gradient(top, #e0e0e0 0%, #f7f7f7 100%);background: -webkit-gradient(linear, left top, left bottom, color-stop(0%,#e0e0e0), color-stop(100%,#f7f7f7));background: -webkit-linear-gradient(top, #e0e0e0 0%,#f7f7f7 100%);background: -o-linear-gradient(top, #e0e0e0 0%,#f7f7f7 100%);background: -ms-linear-gradient(top, #e0e0e0 0%,#f7f7f7 100%);background: linear-gradient(to bottom, #e0e0e0 0%,#f7f7f7 100%);\"><\/div><\/div>[vc_column_text css=&#8221;.vc_custom_1638093465381{padding-top: 5% !important;padding-right: 5% !important;padding-bottom: 5% !important;padding-left: 5% !important;background-color: rgba(206,206,206,0.01) !important;*background-color: rgb(206,206,206) !important;border-radius: 1px !important;}&#8221;]Esta p\u00e1gina web est\u00e1 realizada por el GRUPO EDITORIAL P\u00c9REZ-AYALA para el escritor HASNAE MESBAHI porque acaba de publicar un libro en una de las siguientes <a href=\"https:\/\/editorialesdepoesia.com\">editoriales de poes\u00eda<\/a>:<br \/>\n<a href=\"https:\/\/poesiaerestu.com\">Editorial Poes\u00eda eres t\u00fa<\/a>: Una editorial para poetas contempor\u00e1neos, con un cat\u00e1logo diverso de las diferentes tendencias de la poes\u00eda.<br \/>\n<a href=\"https:\/\/edicionesrilke.com\">Ediciones Rilke<\/a>: Una colecci\u00f3n de poes\u00eda cl\u00e1sica con poetas contempor\u00e1neos de gran trayectoria.<br \/>\n<a href=\"https:\/\/edicionesazorin.com\">Ediciones Azor\u00edn<\/a>: Una editorial para escritores y temas de Alicante y Murcia, un sello regional a nivel nacional.<br \/>\nContamos tambi\u00e9n con editoriales de narrativa como <a href=\"https:\/\/edicionesamaniel.com\">Ediciones Amaniel<\/a> y una editorial de autoedici\u00f3n como la <a href=\"https:\/\/agenciadellibro.com\">Editorial Agencia del libro<\/a> y un sistema de <a href=\"https:\/\/crowdfundingdelibros.com\">crowdfunding de libros<\/a> para que los nuevos escritores puedan <a href=\"https:\/\/crowdfundingdelibros.com\/\">publicar un libro gratis<\/a>.<br \/>\nInformaci\u00f3n tras publicar un libro: SECANTES ENTRE EL EXILIO Y EL CONSUELO de HASNAE MESBAHI con la editorial de poes\u00eda Editorial Poes\u00eda eres t\u00fa.<br \/>\nHASNAE MESBAHI logra publicar un libro de poes\u00eda, SECANTES ENTRE EL EXILIO Y EL CONSUELO, tras un proceso de selecci\u00f3n de obras con la Editorial Poes\u00eda eres t\u00fa.<br \/>\nTodos los derechos del libro SECANTES ENTRE EL EXILIO Y EL CONSUELO pertenecen a HASNAE MESBAHI tras publicar un libro con la Editorial Poes\u00eda eres t\u00fa.<br \/>\nPublicar un libro de poes\u00eda como SECANTES ENTRE EL EXILIO Y EL CONSUELO de HASNAE MESBAHI es posible gracias al trabajo de todo el equipo de la Editorial Poes\u00eda eres t\u00fa.<br \/>\nToda la promoci\u00f3n del libro SECANTES ENTRE EL EXILIO Y EL CONSUELO la puedes ver en la p\u00e1gina de la Editorial Poes\u00eda eres t\u00fa y en la web que la editorial le hace a HASNAE MESBAHI tras publicar un libro.<br \/>\nHASNAE MESBAHI agradece a la Editorial Poes\u00eda eres t\u00fa y la Agencia del libro por facilitar el trabajo de <a href=\"https:\/\/agenciadellibro.com\">publicar un libro<\/a>: SECANTES ENTRE EL EXILIO Y EL CONSUELO.<br \/>\nLa Editorial Poes\u00eda eres t\u00fa y HASNAE MESBAHI agradecen la colaboraci\u00f3n de los poetas, que han conseguido publicar un libro, y lectores del libro SECANTES ENTRE EL EXILIO Y EL CONSUELO por su colaboraci\u00f3n en la promoci\u00f3n y difusi\u00f3n de la obra.[\/vc_column_text][\/vc_column][\/vc_row]\n<\/div>","protected":false},"excerpt":{"rendered":"<p>[vc_row full_width=&#8221;stretch_row_content_no_spaces&#8221;][vc_column extend=&#8221;false&#8221;][layerslider_vc id=&#8221;1&#8243;][\/vc_column][\/vc_row][vc_row extend=&#8221;false&#8221; design__empty_1=&#8221;&#8221; background=&#8221;&#8221; background_image_type=&#8221;static&#8221; background_image__effect=&#8221;&#8221; bg_size=&#8221;initial&#8221; bg_position=&#8221;center-center&#8221; row_bg_image=&#8221;&#8221; bg_repeat=&#8221;no-repeat&#8221; background_image_type__bg_color=&#8221;rgba(255, 255, 255, 1)&#8221; row_bg_parallax_images=&#8221;&#8221; row_bg_slideshow_images=&#8221;&#8221; background_video_type=&#8221;youtube&#8221; background_video__youtube__url=&#8221;&#8221; background_video__youtube__parallax=&#8221;&#8221; background_video__youtube__options=&#8221;&#8221; background_video__youtube__fallback_image=&#8221;&#8221; background_video__hosted__mp4=&#8221;&#8221; background_video__hosted__webm=&#8221;&#8221; background_video__hosted__ogv=&#8221;&#8221; background_video__hosted__parallax=&#8221;&#8221; background_video__hosted__options=&#8221;&#8221; background_video__hosted__fallback_image=&#8221;&#8221; background_color_type=&#8221;color&#8221; bg__empty_1=&#8221;&#8221; background_color_type__gradient_color1=&#8221;rgba(44, 74, 228, 1)&#8221; background_color_type__gradient_color2=&#8221;rgba(44, 74, 228, 1)&#8221; background_color_type__color_color1=&#8221;rgba(44, 74, 228, 1)&#8221; bg__empty_2=&#8221;&#8221; background_color__effect=&#8221;&#8221; background_color__direction=&#8221;left-to-right&#8221; settings__tag_1=&#8221;&#8221; viewport_lg=&#8221;&#8221; viewport_md=&#8221;&#8221; viewport_sm=&#8221;&#8221; viewport_xs=&#8221;&#8221; settings__empty_1=&#8221;&#8221; version=&#8221;1&#8243;][vc_column width=&#8221;1\/2&#8243; [&hellip;]<\/p>\n","protected":false},"author":1,"featured_media":0,"parent":0,"menu_order":0,"comment_status":"closed","ping_status":"closed","template":"","meta":{"_acf_changed":false,"footnotes":""},"class_list":["post-11","page","type-page","status-publish","hentry"],"acf":[],"yoast_head":"<!-- This site is optimized with the Yoast SEO Premium plugin v24.7 (Yoast SEO v27.4) - https:\/\/yoast.com\/product\/yoast-seo-premium-wordpress\/ -->\n<title>HASNAE MESBAHI - Hasnae Mesbahi<\/title>\n<meta name=\"description\" content=\"HASNAE MESBAHI es la escritora del libro de poes\u00eda SECANTES ENTRE EL EXILIO Y EL CONSUELO. Acaba de publicar un libro con Poes\u00eda eres t\u00fa.\" \/>\n<meta name=\"robots\" content=\"index, follow, max-snippet:-1, max-image-preview:large, max-video-preview:-1\" \/>\n<link rel=\"canonical\" href=\"https:\/\/nuestrosescritores.com\/hasnaemesbahi\/\" \/>\n<meta property=\"og:locale\" content=\"es_ES\" \/>\n<meta property=\"og:type\" content=\"article\" \/>\n<meta property=\"og:title\" content=\"HASNAE MESBAHI\" \/>\n<meta property=\"og:description\" content=\"HASNAE MESBAHI es la escritora del libro de poes\u00eda SECANTES ENTRE EL EXILIO Y EL CONSUELO. Acaba de publicar un libro con Poes\u00eda eres t\u00fa.\" \/>\n<meta property=\"og:url\" content=\"https:\/\/nuestrosescritores.com\/hasnaemesbahi\/\" \/>\n<meta property=\"og:site_name\" content=\"Hasnae Mesbahi\" \/>\n<meta property=\"article:modified_time\" content=\"2021-12-26T23:17:00+00:00\" \/>\n<meta name=\"twitter:card\" content=\"summary_large_image\" \/>\n<meta name=\"twitter:label1\" content=\"Tiempo de lectura\" \/>\n\t<meta name=\"twitter:data1\" content=\"4 minutos\" \/>\n<script type=\"application\/ld+json\" class=\"yoast-schema-graph\">{\"@context\":\"https:\\\/\\\/schema.org\",\"@graph\":[{\"@type\":\"WebPage\",\"@id\":\"https:\\\/\\\/nuestrosescritores.com\\\/hasnaemesbahi\\\/\",\"url\":\"https:\\\/\\\/nuestrosescritores.com\\\/hasnaemesbahi\\\/\",\"name\":\"HASNAE MESBAHI - Hasnae Mesbahi\",\"isPartOf\":{\"@id\":\"https:\\\/\\\/nuestrosescritores.com\\\/hasnaemesbahi\\\/#website\"},\"datePublished\":\"2021-12-26T17:26:03+00:00\",\"dateModified\":\"2021-12-26T23:17:00+00:00\",\"description\":\"HASNAE MESBAHI es la escritora del libro de poes\u00eda SECANTES ENTRE EL EXILIO Y EL CONSUELO. Acaba de publicar un libro con Poes\u00eda eres t\u00fa.\",\"breadcrumb\":{\"@id\":\"https:\\\/\\\/nuestrosescritores.com\\\/hasnaemesbahi\\\/#breadcrumb\"},\"inLanguage\":\"es\",\"potentialAction\":[{\"@type\":\"ReadAction\",\"target\":[\"https:\\\/\\\/nuestrosescritores.com\\\/hasnaemesbahi\\\/\"]}]},{\"@type\":\"BreadcrumbList\",\"@id\":\"https:\\\/\\\/nuestrosescritores.com\\\/hasnaemesbahi\\\/#breadcrumb\",\"itemListElement\":[{\"@type\":\"ListItem\",\"position\":1,\"name\":\"Portada\",\"item\":\"https:\\\/\\\/nuestrosescritores.com\\\/hasnaemesbahi\\\/\"},{\"@type\":\"ListItem\",\"position\":2,\"name\":\"HASNAE MESBAHI\"}]},{\"@type\":\"WebSite\",\"@id\":\"https:\\\/\\\/nuestrosescritores.com\\\/hasnaemesbahi\\\/#website\",\"url\":\"https:\\\/\\\/nuestrosescritores.com\\\/hasnaemesbahi\\\/\",\"name\":\"Nuestros escritores\",\"description\":\"Escritora\",\"potentialAction\":[{\"@type\":\"SearchAction\",\"target\":{\"@type\":\"EntryPoint\",\"urlTemplate\":\"https:\\\/\\\/nuestrosescritores.com\\\/hasnaemesbahi\\\/?s={search_term_string}\"},\"query-input\":{\"@type\":\"PropertyValueSpecification\",\"valueRequired\":true,\"valueName\":\"search_term_string\"}}],\"inLanguage\":\"es\"}]}<\/script>\n<!-- \/ Yoast SEO Premium plugin. -->","yoast_head_json":{"title":"HASNAE MESBAHI - Hasnae Mesbahi","description":"HASNAE MESBAHI es la escritora del libro de poes\u00eda SECANTES ENTRE EL EXILIO Y EL CONSUELO. Acaba de publicar un libro con Poes\u00eda eres t\u00fa.","robots":{"index":"index","follow":"follow","max-snippet":"max-snippet:-1","max-image-preview":"max-image-preview:large","max-video-preview":"max-video-preview:-1"},"canonical":"https:\/\/nuestrosescritores.com\/hasnaemesbahi\/","og_locale":"es_ES","og_type":"article","og_title":"HASNAE MESBAHI","og_description":"HASNAE MESBAHI es la escritora del libro de poes\u00eda SECANTES ENTRE EL EXILIO Y EL CONSUELO. Acaba de publicar un libro con Poes\u00eda eres t\u00fa.","og_url":"https:\/\/nuestrosescritores.com\/hasnaemesbahi\/","og_site_name":"Hasnae Mesbahi","article_modified_time":"2021-12-26T23:17:00+00:00","twitter_card":"summary_large_image","twitter_misc":{"Tiempo de lectura":"4 minutos"},"schema":{"@context":"https:\/\/schema.org","@graph":[{"@type":"WebPage","@id":"https:\/\/nuestrosescritores.com\/hasnaemesbahi\/","url":"https:\/\/nuestrosescritores.com\/hasnaemesbahi\/","name":"HASNAE MESBAHI - Hasnae Mesbahi","isPartOf":{"@id":"https:\/\/nuestrosescritores.com\/hasnaemesbahi\/#website"},"datePublished":"2021-12-26T17:26:03+00:00","dateModified":"2021-12-26T23:17:00+00:00","description":"HASNAE MESBAHI es la escritora del libro de poes\u00eda SECANTES ENTRE EL EXILIO Y EL CONSUELO. Acaba de publicar un libro con Poes\u00eda eres t\u00fa.","breadcrumb":{"@id":"https:\/\/nuestrosescritores.com\/hasnaemesbahi\/#breadcrumb"},"inLanguage":"es","potentialAction":[{"@type":"ReadAction","target":["https:\/\/nuestrosescritores.com\/hasnaemesbahi\/"]}]},{"@type":"BreadcrumbList","@id":"https:\/\/nuestrosescritores.com\/hasnaemesbahi\/#breadcrumb","itemListElement":[{"@type":"ListItem","position":1,"name":"Portada","item":"https:\/\/nuestrosescritores.com\/hasnaemesbahi\/"},{"@type":"ListItem","position":2,"name":"HASNAE MESBAHI"}]},{"@type":"WebSite","@id":"https:\/\/nuestrosescritores.com\/hasnaemesbahi\/#website","url":"https:\/\/nuestrosescritores.com\/hasnaemesbahi\/","name":"Nuestros escritores","description":"Escritora","potentialAction":[{"@type":"SearchAction","target":{"@type":"EntryPoint","urlTemplate":"https:\/\/nuestrosescritores.com\/hasnaemesbahi\/?s={search_term_string}"},"query-input":{"@type":"PropertyValueSpecification","valueRequired":true,"valueName":"search_term_string"}}],"inLanguage":"es"}]}},"_links":{"self":[{"href":"https:\/\/nuestrosescritores.com\/hasnaemesbahi\/wp-json\/wp\/v2\/pages\/11","targetHints":{"allow":["GET"]}}],"collection":[{"href":"https:\/\/nuestrosescritores.com\/hasnaemesbahi\/wp-json\/wp\/v2\/pages"}],"about":[{"href":"https:\/\/nuestrosescritores.com\/hasnaemesbahi\/wp-json\/wp\/v2\/types\/page"}],"author":[{"embeddable":true,"href":"https:\/\/nuestrosescritores.com\/hasnaemesbahi\/wp-json\/wp\/v2\/users\/1"}],"replies":[{"embeddable":true,"href":"https:\/\/nuestrosescritores.com\/hasnaemesbahi\/wp-json\/wp\/v2\/comments?post=11"}],"version-history":[{"count":0,"href":"https:\/\/nuestrosescritores.com\/hasnaemesbahi\/wp-json\/wp\/v2\/pages\/11\/revisions"}],"wp:attachment":[{"href":"https:\/\/nuestrosescritores.com\/hasnaemesbahi\/wp-json\/wp\/v2\/media?parent=11"}],"curies":[{"name":"wp","href":"https:\/\/api.w.org\/{rel}","templated":true}]}}