{"id":2328,"date":"2019-09-21T18:08:14","date_gmt":"2019-09-21T16:08:14","guid":{"rendered":"https:\/\/nuestrosescritores.com\/guiomaryruben\/?page_id=2328"},"modified":"2021-10-22T13:37:12","modified_gmt":"2021-10-22T11:37:12","slug":"guimar-banon-olivares-y-ruben-roca-manzano","status":"publish","type":"page","link":"https:\/\/nuestrosescritores.com\/guiomaryruben\/","title":{"rendered":"Guiomar Ba\u00f1\u00f3n Olivares y Rub\u00e9n Roca Manzano"},"content":{"rendered":"<div class=\"wpb-content-wrapper\"><p>[vc_row full_width=\u00bbstretch_row_content_no_spaces\u00bb][vc_column extend=\u00bbfalse\u00bb][rev_slider alias=\u00bbcopywriter\u00bb][\/vc_column][\/vc_row][vc_row extend=\u00bbfalse\u00bb design__empty_1=\u00bb\u00bb background=\u00bb\u00bb background_image_type=\u00bbstatic\u00bb background_image__effect=\u00bb\u00bb bg_size=\u00bbinitial\u00bb bg_position=\u00bbcenter-center\u00bb row_bg_image=\u00bb\u00bb bg_repeat=\u00bbno-repeat\u00bb background_image_type__bg_color=\u00bbrgba(255, 255, 255, 1)\u00bb row_bg_parallax_images=\u00bb\u00bb row_bg_slideshow_images=\u00bb\u00bb background_video_type=\u00bbyoutube\u00bb background_video__youtube__url=\u00bb\u00bb background_video__youtube__parallax=\u00bb\u00bb background_video__youtube__options=\u00bb\u00bb background_video__youtube__fallback_image=\u00bb\u00bb background_video__hosted__mp4=\u00bb\u00bb background_video__hosted__webm=\u00bb\u00bb background_video__hosted__ogv=\u00bb\u00bb background_video__hosted__parallax=\u00bb\u00bb background_video__hosted__options=\u00bb\u00bb background_video__hosted__fallback_image=\u00bb\u00bb background_color_type=\u00bbcolor\u00bb bg__empty_1=\u00bb\u00bb background_color_type__gradient_color1=\u00bbrgba(44, 74, 228, 1)\u00bb background_color_type__gradient_color2=\u00bbrgba(44, 74, 228, 1)\u00bb background_color_type__color_color1=\u00bbrgba(44, 74, 228, 1)\u00bb bg__empty_2=\u00bb\u00bb background_color__effect=\u00bb\u00bb background_color__direction=\u00bbleft-to-right\u00bb settings__tag_1=\u00bb\u00bb viewport_lg=\u00bb\u00bb viewport_md=\u00bb\u00bb viewport_sm=\u00bb\u00bb viewport_xs=\u00bb\u00bb settings__empty_1=\u00bb\u00bb version=\u00bb1&#8243;][vc_column width=\u00bb1\/2&#8243; extend=\u00bbfalse\u00bb]<div class=\"ult-content-box-container \" >\t\t<div class=\"ult-content-box\" style=\"background-color:rgba(255,255,255,0.49);box-shadow: px px 8px px #f2f2f2 none;border-style:none;-webkit-transition: all 700ms ease;-moz-transition: all 700ms ease;-ms-transition: all 700ms ease;-o-transition: all 700ms ease;transition: all 700ms ease;\"  data-hover_box_shadow=\"none\"     data-bg=\"rgba(255,255,255,0.49)\"  data-border_color=\"\" >[vc_column_text css=\u00bb.vc_custom_1569085494441{padding-top: 15% !important;padding-right: 15% !important;padding-bottom: 15% !important;padding-left: 15% !important;}\u00bb]<strong>Guiomar Ba\u00f1\u00f3n Olivares<\/strong><\/p>\n<p>Naci\u00f3 en Jumilla (Murcia) el 14 de Noviembre de 1986.<\/p>\n<p>Diplomada en Fisioterapia por la Universidad de Murcia en el a\u00f1o 2007.<\/p>\n<p>Experta universitaria en Fisioterapia Infantil por la Universidad de Murcia en el a\u00f1o 2008.<\/p>\n<p>Graduada en Fisioterapia por la Universidad de Salamanca en el a\u00f1o 2019.<\/p>\n<p>Ha trabajado durante 11 a\u00f1os en una cl\u00ednica privada y actualmente trabaja en el Servicio<\/p>\n<p>Murciano de Salud.<\/p>\n<p>&nbsp;<\/p>\n<p><strong>Rub\u00e9n Roca Manzano<\/strong><\/p>\n<p>Naci\u00f3 en Murcia el 18 de Diciembre de 1985.<\/p>\n<p>Diplomado en Fisioterapia por la Universidad de Murcia en el a\u00f1o 2006.<\/p>\n<p>Actualmente trabaja en una cl\u00ednica privada.<\/p>\n<p>&nbsp;<\/p>\n<p>&nbsp;<\/p>\n<p><span class='bctt-click-to-tweet'><span class='bctt-ctt-text'><a href='https:\/\/x.com\/intent\/tweet?url=https%3A%2F%2Fnuestrosescritores.com%2Fguiomaryruben%2F&#038;text=GUIOMAR%20BA%C3%91%C3%93N%20OLIVARES%20y%20RUB%C3%89N%20ROCA%20MANZANO.%20Escritores.&#038;related' target='_blank'rel=\"noopener noreferrer\">GUIOMAR BA\u00d1\u00d3N OLIVARES y RUB\u00c9N ROCA MANZANO. Escritores. <\/a><\/span><a href='https:\/\/x.com\/intent\/tweet?url=https%3A%2F%2Fnuestrosescritores.com%2Fguiomaryruben%2F&#038;text=GUIOMAR%20BA%C3%91%C3%93N%20OLIVARES%20y%20RUB%C3%89N%20ROCA%20MANZANO.%20Escritores.&#038;related' target='_blank' class='bctt-ctt-btn'rel=\"noopener noreferrer\">Compartir en X<\/a><\/span>[\/vc_column_text]\t\t<\/div><\/div>[\/vc_column][vc_column width=\u00bb1\/2&#8243; extend=\u00bbfalse\u00bb]<div class=\"gambit_fullheight_row\" data-content-location=\"center\" style=\"display: none\"><\/div><div id=\"rowvcpt-row-settings\" class=\"rowvcpt-row-set RowVcPt-row-setting69de884d82125 \" data-no=\"RowVcPt-row-setting69de884d82125\"><div  id=\"bgGallaryslide69de884d82129\" class=\"rowvcpt-slideshow \"><\/div><script type=\"text\/javascript\">\n(function($) {\n$(\"#bgGallaryslide69de884d82129\").vegas({\n        overlay: \"https:\/\/nuestrosescritores.com\/guiomaryruben\/wp-content\/plugins\/ultimate-row-background\/css\/overlays\/0'.esc_attr(1.png).'\",\n        transitionDuration: 4e3,\n        delay: 7000,\n        slides: [{src: \"https:\/\/nuestrosescritores.com\/guiomaryruben\/wp-content\/uploads\/sites\/5\/2019\/09\/cem52sahr80.jpg\",transition: \"fade2\",transitionDuration: 5000},{src: \"https:\/\/nuestrosescritores.com\/guiomaryruben\/wp-content\/uploads\/sites\/5\/2019\/09\/hblf2nvp-yc.jpg\",transition: \"fade2\",transitionDuration: 5000},{src: \"https:\/\/nuestrosescritores.com\/guiomaryruben\/wp-content\/uploads\/sites\/5\/2019\/09\/a9pfsc8dtlo.jpg\",transition: \"fade2\",transitionDuration: 5000},{src: \"https:\/\/nuestrosescritores.com\/guiomaryruben\/wp-content\/uploads\/sites\/5\/2019\/09\/_zd6conh5e8.jpg\",transition: \"fade2\",transitionDuration: 5000},{src: \"https:\/\/nuestrosescritores.com\/guiomaryruben\/wp-content\/uploads\/sites\/5\/2019\/09\/g0ptp89dumc.jpg\",transition: \"fade2\",transitionDuration: 5000},]\n    });\t\t\n})(jQuery);\n<\/script><div class=\"rowvcpt-overlay\" style=\"background:rgba(255,255,255,0.69)\"><\/div><\/div>[vc_single_image image=\u00bb2320&#8243; img_size=\u00bbfull\u00bb alignment=\u00bbcenter\u00bb][\/vc_column][\/vc_row][vc_row full_height=\u00bbyes\u00bb][vc_column extend=\u00bbfalse\u00bb]<div id=\"rowvcpt-row-settings\" class=\"rowvcpt-row-set RowVcPt-row-setting69de884d8324f \" data-no=\"RowVcPt-row-setting69de884d8324f\"><div class=\"columns-bg-wrap columns-bg-anim-colors columns-bg-image  columns_simple_image\" id=\"RowVcPt-image-bg-69de884d8324e\"   data-parallax_sense=\"30\" src=\"https:\/\/nuestrosescritores.com\/guiomaryruben\/wp-content\/uploads\/sites\/5\/2019\/09\/ifbsu53squs.jpg\" style=\"background-image: url(https:\/\/nuestrosescritores.com\/guiomaryruben\/wp-content\/uploads\/sites\/5\/2019\/09\/ifbsu53squs.jpg);background-size: cover;background-attachment: fixed;\"><\/div><\/div>[\/vc_column][\/vc_row][vc_row][vc_column extend=\u00bbfalse\u00bb]<div class=\"gambit_fullheight_row\" data-content-location=\"center\" style=\"display: none\"><\/div><div id=\"rowvcpt-row-settings\" class=\"rowvcpt-row-set RowVcPt-row-setting69de884d835f5 \" data-no=\"RowVcPt-row-setting69de884d835f5\"><div  id=\"bgGallaryslide69de884d835f9\" class=\"rowvcpt-slideshow \"><\/div><script type=\"text\/javascript\">\n(function($) {\n$(\"#bgGallaryslide69de884d835f9\").vegas({\n        overlay: \"https:\/\/nuestrosescritores.com\/guiomaryruben\/wp-content\/plugins\/ultimate-row-background\/css\/overlays\/0'.esc_attr(1.png).'\",\n        transitionDuration: 4e3,\n        delay: 7000,\n        slides: [{src: \"https:\/\/nuestrosescritores.com\/guiomaryruben\/wp-content\/uploads\/sites\/5\/2019\/09\/cem52sahr80.jpg\",transition: \"fade2\",transitionDuration: 5000},{src: \"https:\/\/nuestrosescritores.com\/guiomaryruben\/wp-content\/uploads\/sites\/5\/2019\/09\/hblf2nvp-yc.jpg\",transition: \"fade2\",transitionDuration: 5000},{src: \"https:\/\/nuestrosescritores.com\/guiomaryruben\/wp-content\/uploads\/sites\/5\/2019\/09\/_zd6conh5e8.jpg\",transition: \"fade2\",transitionDuration: 5000},{src: \"https:\/\/nuestrosescritores.com\/guiomaryruben\/wp-content\/uploads\/sites\/5\/2019\/09\/a9pfsc8dtlo.jpg\",transition: \"fade2\",transitionDuration: 5000},{src: \"https:\/\/nuestrosescritores.com\/guiomaryruben\/wp-content\/uploads\/sites\/5\/2019\/09\/g0ptp89dumc.jpg\",transition: \"fade2\",transitionDuration: 5000},]\n    });\t\t\n})(jQuery);\n<\/script><div class=\"rowvcpt-overlay\" style=\"background:rgba(255,255,255,0.69)\"><\/div><\/div><div id=\"uvc-type-wrap-6809\"  data-ultimate-target='#uvc-type-wrap-6809'  data-responsive-json-new='{\"font-size\":\"\",\"line-height\":\"\"}'  class=\"uvc-type-wrap vc_custom_1567077999398 ult-adjust-bottom-margin ult-responsive  uvc-type-align-center uvc-type-no-prefix uvc-wrap-175229611369de884d836fe\" style=\"text-align:center;\"><span id=\"typed-175229611369de884d836fe\" class=\"ultimate-typed-main \" style=\" font-weight:bold; text-transform: unset;\"><\/span><script type=\"text\/javascript\">\n\t\t\t\t\t\tjQuery(function($){ \n\t\t\t\t\t\t\t$(document).ready(function(){\n\t\t\t\t\t\t\t\tif( typeof jQuery(\"#typed-175229611369de884d836fe\").typed == \"function\"){\n\t\t\t\t\t\t\t\t\t$(\"#typed-175229611369de884d836fe\").typed({\n\t\t\t\t\t\t\t\t\t\tstrings: [\"Por aquellos que duelen de no saber querernos. Aquellos que no saben distinguir entre el amor y el dolor. Aquellos que el d\u00eda menos pensado se van para despu\u00e9s quedarse. O bien se quedan para estar muy lejos. Y por nosotros, los veteranos de la vida que vivimos para escribirla. Por lo bonita que es.\"],\n\t\t\t\t\t\t\t\t\t\ttypeSpeed: 35,\n\t\t\t\t\t\t\t\t\t\tbackSpeed: 0,\n\t\t\t\t\t\t\t\t\t\tstartDelay: \"200\",\n\t\t\t\t\t\t\t\t\t\tbackDelay: \"1500\",\n\t\t\t\t\t\t\t\t\t\tloop: true,\n\t\t\t\t\t\t\t\t\t\tloopCount: false,\n\t\t\t\t\t\t\t\t\t\tshowCursor: true,\n\t\t\t\t\t\t\t\t\t\tcursorChar: \"|\",\n\t\t\t\t\t\t\t\t\t\tattr: null\n\t\t\t\t\t\t\t\t\t});\n\t\t\t\t\t\t\t\t}\n\t\t\t\t\t\t\t});\n\t\t\t\t\t\t});\n\t\t\t\t\t<\/script><\/div>[\/vc_column][\/vc_row][vc_row full_height=\u00bbyes\u00bb][vc_column extend=\u00bbfalse\u00bb]<div id=\"rowvcpt-row-settings\" class=\"rowvcpt-row-set RowVcPt-row-setting69de884d839bb \" data-no=\"RowVcPt-row-setting69de884d839bb\"><div class=\"columns-bg-wrap columns-bg-anim-colors columns-bg-image  columns_simple_image\" id=\"RowVcPt-image-bg-69de884d839ba\"   data-parallax_sense=\"30\" src=\"https:\/\/nuestrosescritores.com\/guiomaryruben\/wp-content\/uploads\/sites\/5\/2019\/09\/AdobeStock_73625794-Mediano.jpeg\" style=\"background-image: url(https:\/\/nuestrosescritores.com\/guiomaryruben\/wp-content\/uploads\/sites\/5\/2019\/09\/AdobeStock_73625794-Mediano.jpeg);background-size: cover;background-attachment: fixed;\"><\/div><\/div>[vc_column_text]<\/p>\n<p style=\"text-align: center;\"><a class=\"fasc-button fasc-size-xlarge fasc-type-glossy fasc-rounded-medium fasc-style-bold\" style=\"background-color: #339e5a; color: #ffffff;\" href=\"https:\/\/gepa.es\/producto\/abordaje-fisioterapeutico-en-una-paciente-con-disfuncion-temporomandibular-guiomar-banon-olivares-y-ruben-roca-manzano\/\">COMPRA SUS LIBROS<\/a><\/p>\n<p>[\/vc_column_text][\/vc_column][\/vc_row]<\/p>\n<\/div>","protected":false},"excerpt":{"rendered":"<p>[vc_row full_width=\u00bbstretch_row_content_no_spaces\u00bb][vc_column extend=\u00bbfalse\u00bb][rev_slider alias=\u00bbcopywriter\u00bb][\/vc_column][\/vc_row][vc_row extend=\u00bbfalse\u00bb design__empty_1=\u00bb\u00bb background=\u00bb\u00bb background_image_type=\u00bbstatic\u00bb background_image__effect=\u00bb\u00bb bg_size=\u00bbinitial\u00bb bg_position=\u00bbcenter-center\u00bb row_bg_image=\u00bb\u00bb bg_repeat=\u00bbno-repeat\u00bb background_image_type__bg_color=\u00bbrgba(255, 255, 255, 1)\u00bb row_bg_parallax_images=\u00bb\u00bb row_bg_slideshow_images=\u00bb\u00bb background_video_type=\u00bbyoutube\u00bb background_video__youtube__url=\u00bb\u00bb background_video__youtube__parallax=\u00bb\u00bb background_video__youtube__options=\u00bb\u00bb background_video__youtube__fallback_image=\u00bb\u00bb background_video__hosted__mp4=\u00bb\u00bb background_video__hosted__webm=\u00bb\u00bb<span class=\"excerpt-hellip\"> [\u2026]<\/span><\/p>\n","protected":false},"author":1,"featured_media":0,"parent":0,"menu_order":0,"comment_status":"closed","ping_status":"closed","template":"","meta":{"_acf_changed":false,"footnotes":""},"class_list":["post-2328","page","type-page","status-publish","hentry"],"acf":[],"yoast_head":"<!-- This site is optimized with the Yoast SEO Premium plugin v24.7 (Yoast SEO v27.4) - https:\/\/yoast.com\/product\/yoast-seo-premium-wordpress\/ -->\n<title>Guiomar Ba\u00f1\u00f3n Olivares y Rub\u00e9n Roca Manzano - Guiomar Ba\u00f1\u00f3n Olivares y Rub\u00e9n Roca Manzano<\/title>\n<meta name=\"description\" content=\"GUIOMAR BA\u00d1\u00d3N OLIVARES Y RUB\u00c9N ROCA MANZANO son los autores del libro ABORDAJE FISIOTERAP\u00c9UTICO EN UNA PACIENTE CONDISFUNCI\u00d3N EMPOROMANDIBULAR\" \/>\n<meta name=\"robots\" content=\"index, follow, max-snippet:-1, max-image-preview:large, max-video-preview:-1\" \/>\n<link rel=\"canonical\" href=\"https:\/\/nuestrosescritores.com\/guiomaryruben\/\" \/>\n<meta property=\"og:locale\" content=\"es_ES\" \/>\n<meta property=\"og:type\" content=\"article\" \/>\n<meta property=\"og:title\" content=\"Guiomar Ba\u00f1\u00f3n Olivares y Rub\u00e9n Roca Manzano\" \/>\n<meta property=\"og:description\" content=\"GUIOMAR BA\u00d1\u00d3N OLIVARES Y RUB\u00c9N ROCA MANZANO son los autores del libro ABORDAJE FISIOTERAP\u00c9UTICO EN UNA PACIENTE CONDISFUNCI\u00d3N EMPOROMANDIBULAR\" \/>\n<meta property=\"og:url\" content=\"https:\/\/nuestrosescritores.com\/guiomaryruben\/\" \/>\n<meta property=\"og:site_name\" content=\"Guiomar Ba\u00f1\u00f3n Olivares y Rub\u00e9n Roca Manzano\" \/>\n<meta property=\"article:modified_time\" content=\"2021-10-22T11:37:12+00:00\" \/>\n<meta name=\"twitter:card\" content=\"summary_large_image\" \/>\n<meta name=\"twitter:label1\" content=\"Tiempo de lectura\" \/>\n\t<meta name=\"twitter:data1\" content=\"2 minutos\" \/>\n<script type=\"application\/ld+json\" class=\"yoast-schema-graph\">{\"@context\":\"https:\\\/\\\/schema.org\",\"@graph\":[{\"@type\":\"WebPage\",\"@id\":\"https:\\\/\\\/nuestrosescritores.com\\\/guiomaryruben\\\/\",\"url\":\"https:\\\/\\\/nuestrosescritores.com\\\/guiomaryruben\\\/\",\"name\":\"Guiomar Ba\u00f1\u00f3n Olivares y Rub\u00e9n Roca Manzano - Guiomar Ba\u00f1\u00f3n Olivares y Rub\u00e9n Roca Manzano\",\"isPartOf\":{\"@id\":\"https:\\\/\\\/nuestrosescritores.com\\\/guiomaryruben\\\/#website\"},\"datePublished\":\"2019-09-21T16:08:14+00:00\",\"dateModified\":\"2021-10-22T11:37:12+00:00\",\"description\":\"GUIOMAR BA\u00d1\u00d3N OLIVARES Y RUB\u00c9N ROCA MANZANO son los autores del libro ABORDAJE FISIOTERAP\u00c9UTICO EN UNA PACIENTE CONDISFUNCI\u00d3N EMPOROMANDIBULAR\",\"breadcrumb\":{\"@id\":\"https:\\\/\\\/nuestrosescritores.com\\\/guiomaryruben\\\/#breadcrumb\"},\"inLanguage\":\"es\",\"potentialAction\":[{\"@type\":\"ReadAction\",\"target\":[\"https:\\\/\\\/nuestrosescritores.com\\\/guiomaryruben\\\/\"]}]},{\"@type\":\"BreadcrumbList\",\"@id\":\"https:\\\/\\\/nuestrosescritores.com\\\/guiomaryruben\\\/#breadcrumb\",\"itemListElement\":[{\"@type\":\"ListItem\",\"position\":1,\"name\":\"Portada\",\"item\":\"https:\\\/\\\/nuestrosescritores.com\\\/guiomaryruben\\\/\"},{\"@type\":\"ListItem\",\"position\":2,\"name\":\"Guiomar Ba\u00f1\u00f3n Olivares y Rub\u00e9n Roca Manzano\"}]},{\"@type\":\"WebSite\",\"@id\":\"https:\\\/\\\/nuestrosescritores.com\\\/guiomaryruben\\\/#website\",\"url\":\"https:\\\/\\\/nuestrosescritores.com\\\/guiomaryruben\\\/\",\"name\":\"Nuestros escritores\",\"description\":\"Otro sitio m\u00e1s de Nuestros escritores\",\"potentialAction\":[{\"@type\":\"SearchAction\",\"target\":{\"@type\":\"EntryPoint\",\"urlTemplate\":\"https:\\\/\\\/nuestrosescritores.com\\\/guiomaryruben\\\/?s={search_term_string}\"},\"query-input\":{\"@type\":\"PropertyValueSpecification\",\"valueRequired\":true,\"valueName\":\"search_term_string\"}}],\"inLanguage\":\"es\"}]}<\/script>\n<!-- \/ Yoast SEO Premium plugin. -->","yoast_head_json":{"title":"Guiomar Ba\u00f1\u00f3n Olivares y Rub\u00e9n Roca Manzano - Guiomar Ba\u00f1\u00f3n Olivares y Rub\u00e9n Roca Manzano","description":"GUIOMAR BA\u00d1\u00d3N OLIVARES Y RUB\u00c9N ROCA MANZANO son los autores del libro ABORDAJE FISIOTERAP\u00c9UTICO EN UNA PACIENTE CONDISFUNCI\u00d3N EMPOROMANDIBULAR","robots":{"index":"index","follow":"follow","max-snippet":"max-snippet:-1","max-image-preview":"max-image-preview:large","max-video-preview":"max-video-preview:-1"},"canonical":"https:\/\/nuestrosescritores.com\/guiomaryruben\/","og_locale":"es_ES","og_type":"article","og_title":"Guiomar Ba\u00f1\u00f3n Olivares y Rub\u00e9n Roca Manzano","og_description":"GUIOMAR BA\u00d1\u00d3N OLIVARES Y RUB\u00c9N ROCA MANZANO son los autores del libro ABORDAJE FISIOTERAP\u00c9UTICO EN UNA PACIENTE CONDISFUNCI\u00d3N EMPOROMANDIBULAR","og_url":"https:\/\/nuestrosescritores.com\/guiomaryruben\/","og_site_name":"Guiomar Ba\u00f1\u00f3n Olivares y Rub\u00e9n Roca Manzano","article_modified_time":"2021-10-22T11:37:12+00:00","twitter_card":"summary_large_image","twitter_misc":{"Tiempo de lectura":"2 minutos"},"schema":{"@context":"https:\/\/schema.org","@graph":[{"@type":"WebPage","@id":"https:\/\/nuestrosescritores.com\/guiomaryruben\/","url":"https:\/\/nuestrosescritores.com\/guiomaryruben\/","name":"Guiomar Ba\u00f1\u00f3n Olivares y Rub\u00e9n Roca Manzano - Guiomar Ba\u00f1\u00f3n Olivares y Rub\u00e9n Roca Manzano","isPartOf":{"@id":"https:\/\/nuestrosescritores.com\/guiomaryruben\/#website"},"datePublished":"2019-09-21T16:08:14+00:00","dateModified":"2021-10-22T11:37:12+00:00","description":"GUIOMAR BA\u00d1\u00d3N OLIVARES Y RUB\u00c9N ROCA MANZANO son los autores del libro ABORDAJE FISIOTERAP\u00c9UTICO EN UNA PACIENTE CONDISFUNCI\u00d3N EMPOROMANDIBULAR","breadcrumb":{"@id":"https:\/\/nuestrosescritores.com\/guiomaryruben\/#breadcrumb"},"inLanguage":"es","potentialAction":[{"@type":"ReadAction","target":["https:\/\/nuestrosescritores.com\/guiomaryruben\/"]}]},{"@type":"BreadcrumbList","@id":"https:\/\/nuestrosescritores.com\/guiomaryruben\/#breadcrumb","itemListElement":[{"@type":"ListItem","position":1,"name":"Portada","item":"https:\/\/nuestrosescritores.com\/guiomaryruben\/"},{"@type":"ListItem","position":2,"name":"Guiomar Ba\u00f1\u00f3n Olivares y Rub\u00e9n Roca Manzano"}]},{"@type":"WebSite","@id":"https:\/\/nuestrosescritores.com\/guiomaryruben\/#website","url":"https:\/\/nuestrosescritores.com\/guiomaryruben\/","name":"Nuestros escritores","description":"Otro sitio m\u00e1s de Nuestros escritores","potentialAction":[{"@type":"SearchAction","target":{"@type":"EntryPoint","urlTemplate":"https:\/\/nuestrosescritores.com\/guiomaryruben\/?s={search_term_string}"},"query-input":{"@type":"PropertyValueSpecification","valueRequired":true,"valueName":"search_term_string"}}],"inLanguage":"es"}]}},"_links":{"self":[{"href":"https:\/\/nuestrosescritores.com\/guiomaryruben\/wp-json\/wp\/v2\/pages\/2328","targetHints":{"allow":["GET"]}}],"collection":[{"href":"https:\/\/nuestrosescritores.com\/guiomaryruben\/wp-json\/wp\/v2\/pages"}],"about":[{"href":"https:\/\/nuestrosescritores.com\/guiomaryruben\/wp-json\/wp\/v2\/types\/page"}],"author":[{"embeddable":true,"href":"https:\/\/nuestrosescritores.com\/guiomaryruben\/wp-json\/wp\/v2\/users\/1"}],"replies":[{"embeddable":true,"href":"https:\/\/nuestrosescritores.com\/guiomaryruben\/wp-json\/wp\/v2\/comments?post=2328"}],"version-history":[{"count":0,"href":"https:\/\/nuestrosescritores.com\/guiomaryruben\/wp-json\/wp\/v2\/pages\/2328\/revisions"}],"wp:attachment":[{"href":"https:\/\/nuestrosescritores.com\/guiomaryruben\/wp-json\/wp\/v2\/media?parent=2328"}],"curies":[{"name":"wp","href":"https:\/\/api.w.org\/{rel}","templated":true}]}}