{"id":79,"date":"2021-03-20T17:12:49","date_gmt":"2021-03-20T17:12:49","guid":{"rendered":"https:\/\/nuestrosescritores.com\/guillermovalientealcaide\/?page_id=79"},"modified":"2021-03-20T17:52:09","modified_gmt":"2021-03-20T17:52:09","slug":"poesia","status":"publish","type":"page","link":"https:\/\/nuestrosescritores.com\/guillermovalientealcaide\/poesia\/","title":{"rendered":"POES\u00cdA"},"content":{"rendered":"<div class=\"wpb-content-wrapper\">[vc_row full_width=&#8221;stretch_row_content_no_spaces&#8221;][vc_column extend=&#8221;false&#8221;]<div class='gambit_parallax_row' data-bg-align='' data-direction='fixed' data-opacity='100' data-velocity='-0.3' data-mobile-enabled='' data-bg-height='2560' data-bg-width='2048' data-bg-image='https:\/\/nuestrosescritores.com\/guillermovalientealcaide\/wp-content\/uploads\/sites\/80\/2021\/03\/uzrogtupnxq-scaled.jpg' data-bg-repeat='false' data-id='' style='display: none'><\/div><div class=\"gambit_fullheight_row\" data-content-location=\"center\" style=\"display: none\"><\/div>[\/vc_column][\/vc_row][vc_row][vc_column extend=&#8221;false&#8221;][vc_column_text]\n<h1><a name=\"_Toc66292509\"><\/a><strong>Justo detr\u00e1s<\/strong><\/h1>\n<p>&nbsp;<\/p>\n<p>Apareciste justo detr\u00e1s,<\/p>\n<p>como una exhalaci\u00f3n demasiado guapa,<\/p>\n<p>pero no me confundas<\/p>\n<p>eras un caramelo con alma de cobra.<\/p>\n<p>&nbsp;<\/p>\n<p>&nbsp;<\/p>\n<p>&nbsp;<\/p>\n<span class='bctt-click-to-tweet'><span class='bctt-ctt-text'><a href='https:\/\/x.com\/intent\/tweet?url=https%3A%2F%2Fnuestrosescritores.com%2Fguillermovalientealcaide%2Fpoesia%2F&#038;text=Justo%20detr%C3%A1s%20del%20libro%20LOS%20OJOS%20de%20GUILLERMO%20VALIENTE%20ALCAIDE&#038;via=poesiaerestu&#038;related=poesiaerestu' target='_blank'rel=\"noopener noreferrer\">Justo detr\u00e1s del libro LOS OJOS de GUILLERMO VALIENTE ALCAIDE <\/a><\/span><a href='https:\/\/x.com\/intent\/tweet?url=https%3A%2F%2Fnuestrosescritores.com%2Fguillermovalientealcaide%2Fpoesia%2F&#038;text=Justo%20detr%C3%A1s%20del%20libro%20LOS%20OJOS%20de%20GUILLERMO%20VALIENTE%20ALCAIDE&#038;via=poesiaerestu&#038;related=poesiaerestu' target='_blank' class='bctt-ctt-btn'rel=\"noopener noreferrer\">Compartir en X<\/a><\/span>[\/vc_column_text][\/vc_column][\/vc_row][vc_row full_width=&#8221;stretch_row_content_no_spaces&#8221;][vc_column extend=&#8221;false&#8221;]<div class='gambit_parallax_row' data-bg-align='' data-direction='fixed' data-opacity='100' data-velocity='-0.3' data-mobile-enabled='' data-bg-height='1697' data-bg-width='2560' data-bg-image='https:\/\/nuestrosescritores.com\/guillermovalientealcaide\/wp-content\/uploads\/sites\/80\/2021\/03\/u9divbch2kk-scaled.jpg' data-bg-repeat='false' data-id='' style='display: none'><\/div><div class=\"gambit_fullheight_row\" data-content-location=\"center\" style=\"display: none\"><\/div>[\/vc_column][\/vc_row][vc_row][vc_column extend=&#8221;false&#8221;][vc_column_text]\n<h1><a name=\"_Toc66292511\"><\/a><strong>Soy<\/strong><\/h1>\n<p>&nbsp;<\/p>\n<p>Soy el conjunto de miradas en un vag\u00f3n,<\/p>\n<p>el silencio sobrecogedor interrumpido por las estaciones,<\/p>\n<p>soy un libro<\/p>\n<p>con las palabras m\u00e1s complicadas,<\/p>\n<p>soy un paseo<\/p>\n<p>una fr\u00eda noche de noviembre por cualquier calle de Madrid<\/p>\n<p>soy los edificios de Par\u00eds<\/p>\n<p>soy el muro de Berl\u00edn.<\/p>\n<p>&nbsp;<\/p>\n<span class='bctt-click-to-tweet'><span class='bctt-ctt-text'><a href='https:\/\/x.com\/intent\/tweet?url=https%3A%2F%2Fnuestrosescritores.com%2Fguillermovalientealcaide%2Fpoesia%2F&#038;text=Soy%20del%20libro%20LOS%20OJOS%20de%20GUILLERMO%20VALIENTE%20ALCAIDE&#038;via=poesiaerestu&#038;related=poesiaerestu' target='_blank'rel=\"noopener noreferrer\">Soy del libro LOS OJOS de GUILLERMO VALIENTE ALCAIDE <\/a><\/span><a href='https:\/\/x.com\/intent\/tweet?url=https%3A%2F%2Fnuestrosescritores.com%2Fguillermovalientealcaide%2Fpoesia%2F&#038;text=Soy%20del%20libro%20LOS%20OJOS%20de%20GUILLERMO%20VALIENTE%20ALCAIDE&#038;via=poesiaerestu&#038;related=poesiaerestu' target='_blank' class='bctt-ctt-btn'rel=\"noopener noreferrer\">Compartir en X<\/a><\/span>\n<p>&nbsp;<\/p>\n<p>&nbsp;[\/vc_column_text][\/vc_column][\/vc_row][vc_row][vc_column extend=&#8221;false&#8221;]<div class='gambit_parallax_row' data-bg-align='' data-direction='fixed' data-opacity='100' data-velocity='-0.3' data-mobile-enabled='' data-bg-height='1775' data-bg-width='2560' data-bg-image='https:\/\/nuestrosescritores.com\/guillermovalientealcaide\/wp-content\/uploads\/sites\/80\/2021\/03\/pnp-1e4ruka-scaled.jpg' data-bg-repeat='false' data-id='' style='display: none'><\/div><div class=\"gambit_fullheight_row\" data-content-location=\"center\" style=\"display: none\"><\/div>[\/vc_column][\/vc_row][vc_row][vc_column extend=&#8221;false&#8221;][vc_column_text]\n<h1><a name=\"_Toc66292523\"><\/a><strong>Ojos<\/strong><\/h1>\n<p>&nbsp;<\/p>\n<p>Te veo<\/p>\n<p>en cada caf\u00e9<\/p>\n<p>en cada reflejo de Sol<\/p>\n<p>en cada ma\u00f1ana de esperanza.<\/p>\n<p>Te veo en la luz<\/p>\n<p>en las sonrisas<\/p>\n<p>en las l\u00e1grimas,<\/p>\n<p>te veo en cada p\u00e1gina le\u00edda,<\/p>\n<p>te recuerdo sin prisa.<\/p>\n<p>&nbsp;<\/p>\n<p>&nbsp;<\/p>\n<p>&nbsp;<\/p>\n<p>&nbsp;<\/p>\n<span class='bctt-click-to-tweet'><span class='bctt-ctt-text'><a href='https:\/\/x.com\/intent\/tweet?url=https%3A%2F%2Fnuestrosescritores.com%2Fguillermovalientealcaide%2Fpoesia%2F&#038;text=Ojos%20del%20libro%20LOS%20OJOS%20de%20GUILLERMO%20VALIENTE%20ALCAIDE&#038;via=poesiaerestu&#038;related=poesiaerestu' target='_blank'rel=\"noopener noreferrer\">Ojos del libro LOS OJOS de GUILLERMO VALIENTE ALCAIDE <\/a><\/span><a href='https:\/\/x.com\/intent\/tweet?url=https%3A%2F%2Fnuestrosescritores.com%2Fguillermovalientealcaide%2Fpoesia%2F&#038;text=Ojos%20del%20libro%20LOS%20OJOS%20de%20GUILLERMO%20VALIENTE%20ALCAIDE&#038;via=poesiaerestu&#038;related=poesiaerestu' target='_blank' class='bctt-ctt-btn'rel=\"noopener noreferrer\">Compartir en X<\/a><\/span>[\/vc_column_text][\/vc_column][\/vc_row][vc_row][vc_column extend=&#8221;false&#8221;]<div class='gambit_parallax_row' data-bg-align='' data-direction='fixed' data-opacity='100' data-velocity='-0.3' data-mobile-enabled='' data-bg-height='2560' data-bg-width='1918' data-bg-image='https:\/\/nuestrosescritores.com\/guillermovalientealcaide\/wp-content\/uploads\/sites\/80\/2021\/03\/uuwurbthh18-scaled.jpg' data-bg-repeat='false' data-id='' style='display: none'><\/div><div class=\"gambit_fullheight_row\" data-content-location=\"center\" style=\"display: none\"><\/div>[\/vc_column][\/vc_row][vc_row][vc_column extend=&#8221;false&#8221;][vc_column_text]\n<h1><a name=\"_Toc66292537\"><\/a><strong>Amores fugaces<\/strong><\/h1>\n<p>&nbsp;<\/p>\n<p>En un abrir y cerrar de ojos te ves all\u00ed,<\/p>\n<p>totalmente expuesto ante una desconocida<\/p>\n<p>intentas no perderle la pista,<\/p>\n<p>un gesto<\/p>\n<p>un movimiento<\/p>\n<p>que pueda provocar su atenci\u00f3n,<\/p>\n<p>es complicado,<\/p>\n<p>muchos otros mejores que t\u00fa<\/p>\n<p>admiro a las mujeres que puedan fijarse en m\u00ed,<\/p>\n<p>en el hombre<\/p>\n<p>&nbsp;<\/p>\n<p>donde nostalgia y alegr\u00eda<\/p>\n<p>van unidas de la mano.<\/p>\n<p>&nbsp;<\/p>\n<p>&nbsp;<\/p>\n<p>&nbsp;<\/p>\n<p>&nbsp;<\/p>\n<span class='bctt-click-to-tweet'><span class='bctt-ctt-text'><a href='https:\/\/x.com\/intent\/tweet?url=https%3A%2F%2Fnuestrosescritores.com%2Fguillermovalientealcaide%2Fpoesia%2F&#038;text=Amores%20fugaces%C2%A0del%20libro%20LOS%20OJOS%20de%20GUILLERMO%20VALIENTE%20ALCAIDE&#038;via=poesiaerestu&#038;related=poesiaerestu' target='_blank'rel=\"noopener noreferrer\">Amores fugaces&nbsp;del libro LOS OJOS de GUILLERMO VALIENTE ALCAIDE <\/a><\/span><a href='https:\/\/x.com\/intent\/tweet?url=https%3A%2F%2Fnuestrosescritores.com%2Fguillermovalientealcaide%2Fpoesia%2F&#038;text=Amores%20fugaces%C2%A0del%20libro%20LOS%20OJOS%20de%20GUILLERMO%20VALIENTE%20ALCAIDE&#038;via=poesiaerestu&#038;related=poesiaerestu' target='_blank' class='bctt-ctt-btn'rel=\"noopener noreferrer\">Compartir en X<\/a><\/span>[\/vc_column_text][\/vc_column][\/vc_row][vc_row][vc_column extend=&#8221;false&#8221;]<div class='gambit_parallax_row' data-bg-align='' data-direction='fixed' data-opacity='100' data-velocity='-0.3' data-mobile-enabled='' data-bg-height='602' data-bg-width='1366' data-bg-image='https:\/\/nuestrosescritores.com\/guillermovalientealcaide\/wp-content\/uploads\/sites\/80\/2021\/03\/Guillermo-Valiente-AlcaideSSquare_Alargado-Mediano.jpg' data-bg-repeat='false' data-id='' style='display: none'><\/div><div class=\"gambit_fullheight_row\" data-content-location=\"center\" style=\"display: none\"><\/div>[vc_column_text]\n<p style=\"text-align: center;\"><a class=\"fasc-button fasc-size-xlarge fasc-type-glossy fasc-rounded-medium\" style=\"background-color: #33809e; color: #ffffff;\" href=\"https:\/\/librodepoesia.com\/producto\/los-ojos-guillermo-valiente-alcaide\/\">Comprar el libro<\/a><\/p>\n[\/vc_column_text][\/vc_column][\/vc_row]\n<\/div>","protected":false},"excerpt":{"rendered":"<p>[vc_row full_width=&#8221;stretch_row_content_no_spaces&#8221;][vc_column extend=&#8221;false&#8221;][\/vc_column][\/vc_row][vc_row][vc_column extend=&#8221;false&#8221;][vc_column_text] Justo detr\u00e1s &nbsp; Apareciste justo detr\u00e1s, como una exhalaci\u00f3n demasiado guapa, pero no me confundas eras un caramelo con alma de cobra. &nbsp; &nbsp; &nbsp; [\/vc_column_text][\/vc_column][\/vc_row][vc_row full_width=&#8221;stretch_row_content_no_spaces&#8221;][vc_column extend=&#8221;false&#8221;][\/vc_column][\/vc_row][vc_row][vc_column extend=&#8221;false&#8221;][vc_column_text] Soy &nbsp; Soy el conjunto de miradas en un vag\u00f3n, el silencio sobrecogedor interrumpido por las estaciones, soy un libro con las [&hellip;]<\/p>\n","protected":false},"author":1,"featured_media":0,"parent":0,"menu_order":0,"comment_status":"closed","ping_status":"closed","template":"","meta":{"_acf_changed":false,"footnotes":""},"class_list":["post-79","page","type-page","status-publish","hentry"],"acf":[],"yoast_head":"<!-- This site is optimized with the Yoast SEO Premium plugin v24.7 (Yoast SEO v27.5) - https:\/\/yoast.com\/product\/yoast-seo-premium-wordpress\/ -->\n<title>POES\u00cdA - Guillermo Valiente Alcaide<\/title>\n<meta name=\"description\" content=\"Poes\u00eda del libro los Ojos de Guillermo Valiente Alcaide, el escritor nos da una muestra tras publicar un libro de poes\u00eda.\" \/>\n<meta name=\"robots\" content=\"index, follow, max-snippet:-1, max-image-preview:large, max-video-preview:-1\" \/>\n<link rel=\"canonical\" href=\"https:\/\/nuestrosescritores.com\/guillermovalientealcaide\/poesia\/\" \/>\n<meta property=\"og:locale\" content=\"es_ES\" \/>\n<meta property=\"og:type\" content=\"article\" \/>\n<meta property=\"og:title\" content=\"POES\u00cdA\" \/>\n<meta property=\"og:description\" content=\"Poes\u00eda del libro los Ojos de Guillermo Valiente Alcaide, el escritor nos da una muestra tras publicar un libro de poes\u00eda.\" \/>\n<meta property=\"og:url\" content=\"https:\/\/nuestrosescritores.com\/guillermovalientealcaide\/poesia\/\" \/>\n<meta property=\"og:site_name\" content=\"Guillermo Valiente Alcaide\" \/>\n<meta property=\"article:modified_time\" content=\"2021-03-20T17:52:09+00:00\" \/>\n<meta name=\"twitter:card\" content=\"summary_large_image\" \/>\n<meta name=\"twitter:label1\" content=\"Tiempo de lectura\" \/>\n\t<meta name=\"twitter:data1\" content=\"2 minutos\" \/>\n<script type=\"application\/ld+json\" class=\"yoast-schema-graph\">{\"@context\":\"https:\\\/\\\/schema.org\",\"@graph\":[{\"@type\":\"WebPage\",\"@id\":\"https:\\\/\\\/nuestrosescritores.com\\\/guillermovalientealcaide\\\/poesia\\\/\",\"url\":\"https:\\\/\\\/nuestrosescritores.com\\\/guillermovalientealcaide\\\/poesia\\\/\",\"name\":\"POES\u00cdA - Guillermo Valiente Alcaide\",\"isPartOf\":{\"@id\":\"https:\\\/\\\/nuestrosescritores.com\\\/guillermovalientealcaide\\\/#website\"},\"datePublished\":\"2021-03-20T17:12:49+00:00\",\"dateModified\":\"2021-03-20T17:52:09+00:00\",\"description\":\"Poes\u00eda del libro los Ojos de Guillermo Valiente Alcaide, el escritor nos da una muestra tras publicar un libro de poes\u00eda.\",\"breadcrumb\":{\"@id\":\"https:\\\/\\\/nuestrosescritores.com\\\/guillermovalientealcaide\\\/poesia\\\/#breadcrumb\"},\"inLanguage\":\"es\",\"potentialAction\":[{\"@type\":\"ReadAction\",\"target\":[\"https:\\\/\\\/nuestrosescritores.com\\\/guillermovalientealcaide\\\/poesia\\\/\"]}]},{\"@type\":\"BreadcrumbList\",\"@id\":\"https:\\\/\\\/nuestrosescritores.com\\\/guillermovalientealcaide\\\/poesia\\\/#breadcrumb\",\"itemListElement\":[{\"@type\":\"ListItem\",\"position\":1,\"name\":\"Portada\",\"item\":\"https:\\\/\\\/nuestrosescritores.com\\\/guillermovalientealcaide\\\/\"},{\"@type\":\"ListItem\",\"position\":2,\"name\":\"POES\u00cdA\"}]},{\"@type\":\"WebSite\",\"@id\":\"https:\\\/\\\/nuestrosescritores.com\\\/guillermovalientealcaide\\\/#website\",\"url\":\"https:\\\/\\\/nuestrosescritores.com\\\/guillermovalientealcaide\\\/\",\"name\":\"Nuestros escritores\",\"description\":\"Escritor\",\"potentialAction\":[{\"@type\":\"SearchAction\",\"target\":{\"@type\":\"EntryPoint\",\"urlTemplate\":\"https:\\\/\\\/nuestrosescritores.com\\\/guillermovalientealcaide\\\/?s={search_term_string}\"},\"query-input\":{\"@type\":\"PropertyValueSpecification\",\"valueRequired\":true,\"valueName\":\"search_term_string\"}}],\"inLanguage\":\"es\"}]}<\/script>\n<!-- \/ Yoast SEO Premium plugin. -->","yoast_head_json":{"title":"POES\u00cdA - Guillermo Valiente Alcaide","description":"Poes\u00eda del libro los Ojos de Guillermo Valiente Alcaide, el escritor nos da una muestra tras publicar un libro de poes\u00eda.","robots":{"index":"index","follow":"follow","max-snippet":"max-snippet:-1","max-image-preview":"max-image-preview:large","max-video-preview":"max-video-preview:-1"},"canonical":"https:\/\/nuestrosescritores.com\/guillermovalientealcaide\/poesia\/","og_locale":"es_ES","og_type":"article","og_title":"POES\u00cdA","og_description":"Poes\u00eda del libro los Ojos de Guillermo Valiente Alcaide, el escritor nos da una muestra tras publicar un libro de poes\u00eda.","og_url":"https:\/\/nuestrosescritores.com\/guillermovalientealcaide\/poesia\/","og_site_name":"Guillermo Valiente Alcaide","article_modified_time":"2021-03-20T17:52:09+00:00","twitter_card":"summary_large_image","twitter_misc":{"Tiempo de lectura":"2 minutos"},"schema":{"@context":"https:\/\/schema.org","@graph":[{"@type":"WebPage","@id":"https:\/\/nuestrosescritores.com\/guillermovalientealcaide\/poesia\/","url":"https:\/\/nuestrosescritores.com\/guillermovalientealcaide\/poesia\/","name":"POES\u00cdA - Guillermo Valiente Alcaide","isPartOf":{"@id":"https:\/\/nuestrosescritores.com\/guillermovalientealcaide\/#website"},"datePublished":"2021-03-20T17:12:49+00:00","dateModified":"2021-03-20T17:52:09+00:00","description":"Poes\u00eda del libro los Ojos de Guillermo Valiente Alcaide, el escritor nos da una muestra tras publicar un libro de poes\u00eda.","breadcrumb":{"@id":"https:\/\/nuestrosescritores.com\/guillermovalientealcaide\/poesia\/#breadcrumb"},"inLanguage":"es","potentialAction":[{"@type":"ReadAction","target":["https:\/\/nuestrosescritores.com\/guillermovalientealcaide\/poesia\/"]}]},{"@type":"BreadcrumbList","@id":"https:\/\/nuestrosescritores.com\/guillermovalientealcaide\/poesia\/#breadcrumb","itemListElement":[{"@type":"ListItem","position":1,"name":"Portada","item":"https:\/\/nuestrosescritores.com\/guillermovalientealcaide\/"},{"@type":"ListItem","position":2,"name":"POES\u00cdA"}]},{"@type":"WebSite","@id":"https:\/\/nuestrosescritores.com\/guillermovalientealcaide\/#website","url":"https:\/\/nuestrosescritores.com\/guillermovalientealcaide\/","name":"Nuestros escritores","description":"Escritor","potentialAction":[{"@type":"SearchAction","target":{"@type":"EntryPoint","urlTemplate":"https:\/\/nuestrosescritores.com\/guillermovalientealcaide\/?s={search_term_string}"},"query-input":{"@type":"PropertyValueSpecification","valueRequired":true,"valueName":"search_term_string"}}],"inLanguage":"es"}]}},"_links":{"self":[{"href":"https:\/\/nuestrosescritores.com\/guillermovalientealcaide\/wp-json\/wp\/v2\/pages\/79","targetHints":{"allow":["GET"]}}],"collection":[{"href":"https:\/\/nuestrosescritores.com\/guillermovalientealcaide\/wp-json\/wp\/v2\/pages"}],"about":[{"href":"https:\/\/nuestrosescritores.com\/guillermovalientealcaide\/wp-json\/wp\/v2\/types\/page"}],"author":[{"embeddable":true,"href":"https:\/\/nuestrosescritores.com\/guillermovalientealcaide\/wp-json\/wp\/v2\/users\/1"}],"replies":[{"embeddable":true,"href":"https:\/\/nuestrosescritores.com\/guillermovalientealcaide\/wp-json\/wp\/v2\/comments?post=79"}],"version-history":[{"count":0,"href":"https:\/\/nuestrosescritores.com\/guillermovalientealcaide\/wp-json\/wp\/v2\/pages\/79\/revisions"}],"wp:attachment":[{"href":"https:\/\/nuestrosescritores.com\/guillermovalientealcaide\/wp-json\/wp\/v2\/media?parent=79"}],"curies":[{"name":"wp","href":"https:\/\/api.w.org\/{rel}","templated":true}]}}