{"id":95,"date":"2025-10-25T17:31:20","date_gmt":"2025-10-25T15:31:20","guid":{"rendered":"https:\/\/nuestrosescritores.com\/gemabautista\/?page_id=95"},"modified":"2025-10-25T17:32:14","modified_gmt":"2025-10-25T15:32:14","slug":"poesias","status":"publish","type":"page","link":"https:\/\/nuestrosescritores.com\/gemabautista\/poesias\/","title":{"rendered":"POES\u00cdAS"},"content":{"rendered":"<div class=\"wpb-content-wrapper\">[vc_row full_width=&#8221;stretch_row_content_no_spaces&#8221;][vc_column extend=&#8221;false&#8221;]<div class='gambit_parallax_row' data-bg-align='' data-direction='fixed' data-opacity='100' data-velocity='-0.3' data-mobile-enabled='' data-bg-height='1200' data-bg-width='800' data-bg-image='https:\/\/nuestrosescritores.com\/gemabautista\/wp-content\/uploads\/sites\/218\/2025\/10\/gudnfuqgvpc.jpg' data-bg-repeat='false' data-id='' style='display: none'><\/div><div class=\"gambit_fullheight_row\" data-content-location=\"center\" style=\"display: none\"><\/div>[\/vc_column][\/vc_row][vc_row css=&#8221;.vc_custom_1761406152245{padding: 5% !important;}&#8221;][vc_column extend=&#8221;false&#8221;][vc_column_text css=&#8221;&#8221;]\n<h1><a name=\"_Toc203301672\"><\/a><strong>Todos los d\u00edas<\/strong><\/h1>\n<p>&nbsp;<\/p>\n<p>Todos los d\u00edas recuerdo tu amor,<\/p>\n<p>y esa sensaci\u00f3n,<\/p>\n<p>de sentirme viva<\/p>\n<p>con tan solo admirar tu sonrisa.<\/p>\n<p>Esos buenos d\u00edas,<\/p>\n<p>que me despertaban sin prisa.<\/p>\n<p>Esas buenas noches,<\/p>\n<p>que me hac\u00edan dormir sin reproches.<\/p>\n<p>&nbsp;<\/p>\n<p>D\u00edas en los que todo me recuerda a ti,<\/p>\n<p>aunque yo misma un d\u00eda jur\u00e9,<\/p>\n<p>que jam\u00e1s podr\u00eda vivir sin ti.<\/p>\n<p>Estar a tu lado me hizo feliz,<\/p>\n<p>y fue tu presencia<\/p>\n<p>la que me hizo volver a vivir,<\/p>\n<p>pero tambi\u00e9n ten\u00edas derecho a llev\u00e1rtelas,<\/p>\n<p>y no dudaste ni un segundo en arrebat\u00e1rmelas.<\/p>\n<p>&nbsp;<\/p>\n<p>Todav\u00eda te veo y me dan escalofr\u00edos<\/p>\n<p>que hacen que se revuelvan todos mis sentidos.<\/p>\n<p>Me pongo feliz de verte cumplir tus logros,<\/p>\n<p>aunque a veces me invada el enojo,<\/p>\n<p>y me ponga a pensar en lo que pudo ser,<\/p>\n<p>que ahora es tan solo una ilusi\u00f3n<\/p>\n<p>que nunca habit\u00f3 en tu coraz\u00f3n.<\/p>\n<p>&nbsp;<\/p>\n<p>&nbsp;<\/p>\n<span class='bctt-click-to-tweet'><span class='bctt-ctt-text'><a href='https:\/\/x.com\/intent\/tweet?url=https%3A%2F%2Fnuestrosescritores.com%2Fgemabautista%2Fpoesias%2F&#038;text=Todos%20los%20d%C3%ADas%C2%A0del%20libro%20MIS%20RUINAS%2C%20MI%20POES%C3%8DA%20de%20GEMA%20BAUTISTA&#038;via=poesiaerestu&#038;related=poesiaerestu' target='_blank'rel=\"noopener noreferrer\">Todos los d\u00edas&nbsp;del libro MIS RUINAS, MI POES\u00cdA de GEMA BAUTISTA <\/a><\/span><a href='https:\/\/x.com\/intent\/tweet?url=https%3A%2F%2Fnuestrosescritores.com%2Fgemabautista%2Fpoesias%2F&#038;text=Todos%20los%20d%C3%ADas%C2%A0del%20libro%20MIS%20RUINAS%2C%20MI%20POES%C3%8DA%20de%20GEMA%20BAUTISTA&#038;via=poesiaerestu&#038;related=poesiaerestu' target='_blank' class='bctt-ctt-btn'rel=\"noopener noreferrer\">Compartir en X<\/a><\/span>\n<p>&nbsp;[\/vc_column_text][\/vc_column][\/vc_row][vc_row full_width=&#8221;stretch_row_content_no_spaces&#8221;][vc_column extend=&#8221;false&#8221;]<div class='gambit_parallax_row' data-bg-align='' data-direction='fixed' data-opacity='100' data-velocity='-0.3' data-mobile-enabled='' data-bg-height='1200' data-bg-width='800' data-bg-image='https:\/\/nuestrosescritores.com\/gemabautista\/wp-content\/uploads\/sites\/218\/2025\/10\/wgxdjk8gkum.jpg' data-bg-repeat='false' data-id='' style='display: none'><\/div><div class=\"gambit_fullheight_row\" data-content-location=\"center\" style=\"display: none\"><\/div>[\/vc_column][\/vc_row][vc_row css=&#8221;.vc_custom_1761406163229{padding: 5% !important;}&#8221;][vc_column extend=&#8221;false&#8221;][vc_column_text css=&#8221;&#8221;]\n<h1><a name=\"_Toc50565515\"><\/a><\/h1>\n<h1><a name=\"_Toc203301690\"><\/a><strong>Retroceder<\/strong><\/h1>\n<p>&nbsp;<\/p>\n<p>Si pudiera retroceder<\/p>\n<p>no cambiar\u00eda nada,<\/p>\n<p>porque eso me hizo reflexionar.<\/p>\n<p>Y si tan solo pudiera avanzar<\/p>\n<p>har\u00eda todo por cambiar.<\/p>\n<p>&nbsp;<\/p>\n<p>Quisiera volver a ti<\/p>\n<p>caer en tu amor,<\/p>\n<p>girar entre tus brazos,<\/p>\n<p>renacer de entre nuestras cenizas.<\/p>\n<p>Quisiera retroceder,<\/p>\n<p>ah\u00ed donde no hay nada escrito,<\/p>\n<p>ah\u00ed donde todav\u00eda no existes,<\/p>\n<p>para huir,<\/p>\n<p>lejos<\/p>\n<p>del aparecer de tu ser.<\/p>\n<p>&nbsp;<\/p>\n<p>Y si alg\u00fan d\u00eda vuelvo<\/p>\n<p>a ese lugar<\/p>\n<p>donde tu ser es sinigual<\/p>\n<p>espero hacerlo,<\/p>\n<p>con m\u00e1s fuerza que nunca,<\/p>\n<p>para poder explicar<\/p>\n<p>este sentimiento peculiar.<\/p>\n<p>&nbsp;<\/p>\n<span class='bctt-click-to-tweet'><span class='bctt-ctt-text'><a href='https:\/\/x.com\/intent\/tweet?url=https%3A%2F%2Fnuestrosescritores.com%2Fgemabautista%2Fpoesias%2F&#038;text=Retroceder%20del%20libro%20MIS%20RUINAS%2C%20MI%20POES%C3%8DA%20de%20GEMA%20BAUTISTA&#038;via=poesiaerestu&#038;related=poesiaerestu' target='_blank'rel=\"noopener noreferrer\">Retroceder del libro MIS RUINAS, MI POES\u00cdA de GEMA BAUTISTA <\/a><\/span><a href='https:\/\/x.com\/intent\/tweet?url=https%3A%2F%2Fnuestrosescritores.com%2Fgemabautista%2Fpoesias%2F&#038;text=Retroceder%20del%20libro%20MIS%20RUINAS%2C%20MI%20POES%C3%8DA%20de%20GEMA%20BAUTISTA&#038;via=poesiaerestu&#038;related=poesiaerestu' target='_blank' class='bctt-ctt-btn'rel=\"noopener noreferrer\">Compartir en X<\/a><\/span>\n<p>&nbsp;<\/p>\n<p>&nbsp;[\/vc_column_text][\/vc_column][\/vc_row][vc_row][vc_column extend=&#8221;false&#8221;]<div class='gambit_parallax_row' data-bg-align='' data-direction='fixed' data-opacity='100' data-velocity='-0.3' data-mobile-enabled='' data-bg-height='1200' data-bg-width='800' data-bg-image='https:\/\/nuestrosescritores.com\/gemabautista\/wp-content\/uploads\/sites\/218\/2025\/10\/6bsufhdda4k.jpg' data-bg-repeat='false' data-id='' style='display: none'><\/div><div class=\"gambit_fullheight_row\" data-content-location=\"center\" style=\"display: none\"><\/div>[\/vc_column][\/vc_row][vc_row css=&#8221;.vc_custom_1761406173917{padding: 5% !important;}&#8221;][vc_column extend=&#8221;false&#8221;][vc_column_text css=&#8221;&#8221;]\n<h1><a name=\"_Toc50565520\"><\/a><\/h1>\n<h1><a name=\"_Toc203301694\"><\/a><strong>Sin perd\u00f3n<\/strong><\/h1>\n<p>&nbsp;<\/p>\n<p>Yo te am\u00e9,<\/p>\n<p>lo hice con fuerza,<\/p>\n<p>y t\u00fa te decidiste por ella.<\/p>\n<p>Me dejaste sola,<\/p>\n<p>rota,<\/p>\n<p>desnuda,<\/p>\n<p>con un deseo abrumante;<\/p>\n<p>tan grande<\/p>\n<p>que la ansiedad logr\u00f3 atraparme.<\/p>\n<p>&nbsp;<\/p>\n<p>No me arrepiento de amarte,<\/p>\n<p>pero s\u00ed de la manera en que lo hice.<\/p>\n<p>Te confi\u00e9 mi coraz\u00f3n,<\/p>\n<p>y esper\u00e9 a que lo rompieras<\/p>\n<p>en mil pedazos sin perd\u00f3n.<\/p>\n<p>Fui una tonta,<\/p>\n<p>una ingenua,<\/p>\n<p>una est\u00fapida,<\/p>\n<p>uno m\u00e1s de tus trofeos;<\/p>\n<p>y ahora que me encuentro en tu vitrina,<\/p>\n<p>solo cojo polvo al lado de otras tantas chicas.<\/p>\n<p>&nbsp;<\/p>\n<p>&nbsp;<\/p>\n<p>&nbsp;<\/p>\n<span class='bctt-click-to-tweet'><span class='bctt-ctt-text'><a href='https:\/\/x.com\/intent\/tweet?url=https%3A%2F%2Fnuestrosescritores.com%2Fgemabautista%2Fpoesias%2F&#038;text=Sin%20perd%C3%B3n%20del%20libro%20MIS%20RUINAS%2C%20MI%20POES%C3%8DA%20de%20GEMA%20BAUTISTA&#038;via=poesiaerestu&#038;related=poesiaerestu' target='_blank'rel=\"noopener noreferrer\">Sin perd\u00f3n del libro MIS RUINAS, MI POES\u00cdA de GEMA BAUTISTA <\/a><\/span><a href='https:\/\/x.com\/intent\/tweet?url=https%3A%2F%2Fnuestrosescritores.com%2Fgemabautista%2Fpoesias%2F&#038;text=Sin%20perd%C3%B3n%20del%20libro%20MIS%20RUINAS%2C%20MI%20POES%C3%8DA%20de%20GEMA%20BAUTISTA&#038;via=poesiaerestu&#038;related=poesiaerestu' target='_blank' class='bctt-ctt-btn'rel=\"noopener noreferrer\">Compartir en X<\/a><\/span>[\/vc_column_text][\/vc_column][\/vc_row][vc_row][vc_column extend=&#8221;false&#8221;]<div class='gambit_parallax_row' data-bg-align='' data-direction='fixed' data-opacity='100' data-velocity='-0.3' data-mobile-enabled='' data-bg-height='1200' data-bg-width='800' data-bg-image='https:\/\/nuestrosescritores.com\/gemabautista\/wp-content\/uploads\/sites\/218\/2025\/10\/t_jsrdw5xpw.jpg' data-bg-repeat='false' data-id='' style='display: none'><\/div><div class=\"gambit_fullheight_row\" data-content-location=\"center\" style=\"display: none\"><\/div>[vc_column_text css=&#8221;&#8221;]\n<p style=\"text-align: center;\"><a class=\"fasc-button fasc-size-xlarge fasc-type-glossy fasc-rounded-medium\" style=\"background-color: #33809e; color: #ffffff;\" href=\"https:\/\/gepa.es\/producto\/mis-ruinas-mi-poesia-gema-bautista-2\/\">Comprar el libro<\/a><\/p>\n[\/vc_column_text][\/vc_column][\/vc_row]\n<\/div>","protected":false},"excerpt":{"rendered":"<p>[vc_row full_width=&#8221;stretch_row_content_no_spaces&#8221;][vc_column extend=&#8221;false&#8221;][\/vc_column][\/vc_row][vc_row css=&#8221;.vc_custom_1761406152245{padding: 5% !important;}&#8221;][vc_column extend=&#8221;false&#8221;][vc_column_text css=&#8221;&#8221;] Todos los d\u00edas &nbsp; Todos los d\u00edas recuerdo tu amor, y esa sensaci\u00f3n, de sentirme viva con tan solo admirar tu sonrisa. Esos buenos d\u00edas, que me despertaban sin prisa. Esas buenas noches, que me hac\u00edan dormir sin reproches. &nbsp; D\u00edas en los que todo me recuerda [&hellip;]<\/p>\n","protected":false},"author":1,"featured_media":46,"parent":0,"menu_order":0,"comment_status":"closed","ping_status":"closed","template":"","meta":{"_acf_changed":false,"footnotes":""},"class_list":["post-95","page","type-page","status-publish","has-post-thumbnail","hentry"],"acf":[],"yoast_head":"<!-- This site is optimized with the Yoast SEO Premium plugin v24.7 (Yoast SEO v27.5) - https:\/\/yoast.com\/product\/yoast-seo-premium-wordpress\/ -->\n<title>POES\u00cdAS - Gema Bautista<\/title>\n<meta name=\"robots\" content=\"index, follow, max-snippet:-1, max-image-preview:large, max-video-preview:-1\" \/>\n<link rel=\"canonical\" href=\"https:\/\/nuestrosescritores.com\/gemabautista\/poesias\/\" \/>\n<meta property=\"og:locale\" content=\"es_ES\" \/>\n<meta property=\"og:type\" content=\"article\" \/>\n<meta property=\"og:title\" content=\"POES\u00cdAS\" \/>\n<meta property=\"og:description\" content=\"[vc_row full_width=&#8221;stretch_row_content_no_spaces&#8221;][vc_column extend=&#8221;false&#8221;][\/vc_column][\/vc_row][vc_row css=&#8221;.vc_custom_1761406152245{padding: 5% !important;}&#8221;][vc_column extend=&#8221;false&#8221;][vc_column_text css=&#8221;&#8221;] Todos los d\u00edas &nbsp; Todos los d\u00edas recuerdo tu amor, y esa sensaci\u00f3n, de sentirme viva con tan solo admirar tu sonrisa. Esos buenos d\u00edas, que me despertaban sin prisa. Esas buenas noches, que me hac\u00edan dormir sin reproches. &nbsp; D\u00edas en los que todo me recuerda [&hellip;]\" \/>\n<meta property=\"og:url\" content=\"https:\/\/nuestrosescritores.com\/gemabautista\/poesias\/\" \/>\n<meta property=\"og:site_name\" content=\"Gema Bautista\" \/>\n<meta property=\"article:modified_time\" content=\"2025-10-25T15:32:14+00:00\" \/>\n<meta property=\"og:image\" content=\"http:\/\/nuestrosescritores.com\/gemabautista\/wp-content\/uploads\/sites\/218\/2025\/10\/book1.webp\" \/>\n\t<meta property=\"og:image:width\" content=\"839\" \/>\n\t<meta property=\"og:image:height\" content=\"794\" \/>\n\t<meta property=\"og:image:type\" content=\"image\/webp\" \/>\n<meta name=\"twitter:card\" content=\"summary_large_image\" \/>\n<meta name=\"twitter:label1\" content=\"Tiempo de lectura\" \/>\n\t<meta name=\"twitter:data1\" content=\"3 minutos\" \/>\n<script type=\"application\/ld+json\" class=\"yoast-schema-graph\">{\"@context\":\"https:\\\/\\\/schema.org\",\"@graph\":[{\"@type\":\"WebPage\",\"@id\":\"https:\\\/\\\/nuestrosescritores.com\\\/gemabautista\\\/poesias\\\/\",\"url\":\"https:\\\/\\\/nuestrosescritores.com\\\/gemabautista\\\/poesias\\\/\",\"name\":\"POES\u00cdAS - Gema Bautista\",\"isPartOf\":{\"@id\":\"https:\\\/\\\/nuestrosescritores.com\\\/gemabautista\\\/#website\"},\"primaryImageOfPage\":{\"@id\":\"https:\\\/\\\/nuestrosescritores.com\\\/gemabautista\\\/poesias\\\/#primaryimage\"},\"image\":{\"@id\":\"https:\\\/\\\/nuestrosescritores.com\\\/gemabautista\\\/poesias\\\/#primaryimage\"},\"thumbnailUrl\":\"https:\\\/\\\/nuestrosescritores.com\\\/gemabautista\\\/wp-content\\\/uploads\\\/sites\\\/218\\\/2025\\\/10\\\/book1.webp\",\"datePublished\":\"2025-10-25T15:31:20+00:00\",\"dateModified\":\"2025-10-25T15:32:14+00:00\",\"breadcrumb\":{\"@id\":\"https:\\\/\\\/nuestrosescritores.com\\\/gemabautista\\\/poesias\\\/#breadcrumb\"},\"inLanguage\":\"es\",\"potentialAction\":[{\"@type\":\"ReadAction\",\"target\":[\"https:\\\/\\\/nuestrosescritores.com\\\/gemabautista\\\/poesias\\\/\"]}]},{\"@type\":\"ImageObject\",\"inLanguage\":\"es\",\"@id\":\"https:\\\/\\\/nuestrosescritores.com\\\/gemabautista\\\/poesias\\\/#primaryimage\",\"url\":\"https:\\\/\\\/nuestrosescritores.com\\\/gemabautista\\\/wp-content\\\/uploads\\\/sites\\\/218\\\/2025\\\/10\\\/book1.webp\",\"contentUrl\":\"https:\\\/\\\/nuestrosescritores.com\\\/gemabautista\\\/wp-content\\\/uploads\\\/sites\\\/218\\\/2025\\\/10\\\/book1.webp\",\"width\":839,\"height\":794},{\"@type\":\"BreadcrumbList\",\"@id\":\"https:\\\/\\\/nuestrosescritores.com\\\/gemabautista\\\/poesias\\\/#breadcrumb\",\"itemListElement\":[{\"@type\":\"ListItem\",\"position\":1,\"name\":\"Portada\",\"item\":\"https:\\\/\\\/nuestrosescritores.com\\\/gemabautista\\\/\"},{\"@type\":\"ListItem\",\"position\":2,\"name\":\"POES\u00cdAS\"}]},{\"@type\":\"WebSite\",\"@id\":\"https:\\\/\\\/nuestrosescritores.com\\\/gemabautista\\\/#website\",\"url\":\"https:\\\/\\\/nuestrosescritores.com\\\/gemabautista\\\/\",\"name\":\"Nuestros escritores\",\"description\":\"Escritora\",\"potentialAction\":[{\"@type\":\"SearchAction\",\"target\":{\"@type\":\"EntryPoint\",\"urlTemplate\":\"https:\\\/\\\/nuestrosescritores.com\\\/gemabautista\\\/?s={search_term_string}\"},\"query-input\":{\"@type\":\"PropertyValueSpecification\",\"valueRequired\":true,\"valueName\":\"search_term_string\"}}],\"inLanguage\":\"es\"}]}<\/script>\n<!-- \/ Yoast SEO Premium plugin. -->","yoast_head_json":{"title":"POES\u00cdAS - Gema Bautista","robots":{"index":"index","follow":"follow","max-snippet":"max-snippet:-1","max-image-preview":"max-image-preview:large","max-video-preview":"max-video-preview:-1"},"canonical":"https:\/\/nuestrosescritores.com\/gemabautista\/poesias\/","og_locale":"es_ES","og_type":"article","og_title":"POES\u00cdAS","og_description":"[vc_row full_width=&#8221;stretch_row_content_no_spaces&#8221;][vc_column extend=&#8221;false&#8221;][\/vc_column][\/vc_row][vc_row css=&#8221;.vc_custom_1761406152245{padding: 5% !important;}&#8221;][vc_column extend=&#8221;false&#8221;][vc_column_text css=&#8221;&#8221;] Todos los d\u00edas &nbsp; Todos los d\u00edas recuerdo tu amor, y esa sensaci\u00f3n, de sentirme viva con tan solo admirar tu sonrisa. Esos buenos d\u00edas, que me despertaban sin prisa. Esas buenas noches, que me hac\u00edan dormir sin reproches. &nbsp; D\u00edas en los que todo me recuerda [&hellip;]","og_url":"https:\/\/nuestrosescritores.com\/gemabautista\/poesias\/","og_site_name":"Gema Bautista","article_modified_time":"2025-10-25T15:32:14+00:00","og_image":[{"width":839,"height":794,"url":"http:\/\/nuestrosescritores.com\/gemabautista\/wp-content\/uploads\/sites\/218\/2025\/10\/book1.webp","type":"image\/webp"}],"twitter_card":"summary_large_image","twitter_misc":{"Tiempo de lectura":"3 minutos"},"schema":{"@context":"https:\/\/schema.org","@graph":[{"@type":"WebPage","@id":"https:\/\/nuestrosescritores.com\/gemabautista\/poesias\/","url":"https:\/\/nuestrosescritores.com\/gemabautista\/poesias\/","name":"POES\u00cdAS - Gema Bautista","isPartOf":{"@id":"https:\/\/nuestrosescritores.com\/gemabautista\/#website"},"primaryImageOfPage":{"@id":"https:\/\/nuestrosescritores.com\/gemabautista\/poesias\/#primaryimage"},"image":{"@id":"https:\/\/nuestrosescritores.com\/gemabautista\/poesias\/#primaryimage"},"thumbnailUrl":"https:\/\/nuestrosescritores.com\/gemabautista\/wp-content\/uploads\/sites\/218\/2025\/10\/book1.webp","datePublished":"2025-10-25T15:31:20+00:00","dateModified":"2025-10-25T15:32:14+00:00","breadcrumb":{"@id":"https:\/\/nuestrosescritores.com\/gemabautista\/poesias\/#breadcrumb"},"inLanguage":"es","potentialAction":[{"@type":"ReadAction","target":["https:\/\/nuestrosescritores.com\/gemabautista\/poesias\/"]}]},{"@type":"ImageObject","inLanguage":"es","@id":"https:\/\/nuestrosescritores.com\/gemabautista\/poesias\/#primaryimage","url":"https:\/\/nuestrosescritores.com\/gemabautista\/wp-content\/uploads\/sites\/218\/2025\/10\/book1.webp","contentUrl":"https:\/\/nuestrosescritores.com\/gemabautista\/wp-content\/uploads\/sites\/218\/2025\/10\/book1.webp","width":839,"height":794},{"@type":"BreadcrumbList","@id":"https:\/\/nuestrosescritores.com\/gemabautista\/poesias\/#breadcrumb","itemListElement":[{"@type":"ListItem","position":1,"name":"Portada","item":"https:\/\/nuestrosescritores.com\/gemabautista\/"},{"@type":"ListItem","position":2,"name":"POES\u00cdAS"}]},{"@type":"WebSite","@id":"https:\/\/nuestrosescritores.com\/gemabautista\/#website","url":"https:\/\/nuestrosescritores.com\/gemabautista\/","name":"Nuestros escritores","description":"Escritora","potentialAction":[{"@type":"SearchAction","target":{"@type":"EntryPoint","urlTemplate":"https:\/\/nuestrosescritores.com\/gemabautista\/?s={search_term_string}"},"query-input":{"@type":"PropertyValueSpecification","valueRequired":true,"valueName":"search_term_string"}}],"inLanguage":"es"}]}},"_links":{"self":[{"href":"https:\/\/nuestrosescritores.com\/gemabautista\/wp-json\/wp\/v2\/pages\/95","targetHints":{"allow":["GET"]}}],"collection":[{"href":"https:\/\/nuestrosescritores.com\/gemabautista\/wp-json\/wp\/v2\/pages"}],"about":[{"href":"https:\/\/nuestrosescritores.com\/gemabautista\/wp-json\/wp\/v2\/types\/page"}],"author":[{"embeddable":true,"href":"https:\/\/nuestrosescritores.com\/gemabautista\/wp-json\/wp\/v2\/users\/1"}],"replies":[{"embeddable":true,"href":"https:\/\/nuestrosescritores.com\/gemabautista\/wp-json\/wp\/v2\/comments?post=95"}],"version-history":[{"count":0,"href":"https:\/\/nuestrosescritores.com\/gemabautista\/wp-json\/wp\/v2\/pages\/95\/revisions"}],"wp:featuredmedia":[{"embeddable":true,"href":"https:\/\/nuestrosescritores.com\/gemabautista\/wp-json\/wp\/v2\/media\/46"}],"wp:attachment":[{"href":"https:\/\/nuestrosescritores.com\/gemabautista\/wp-json\/wp\/v2\/media?parent=95"}],"curies":[{"name":"wp","href":"https:\/\/api.w.org\/{rel}","templated":true}]}}