{"id":77,"date":"2024-12-28T13:04:59","date_gmt":"2024-12-28T12:04:59","guid":{"rendered":"https:\/\/nuestrosescritores.com\/franciscomartinezizquierdo\/?page_id=77"},"modified":"2024-12-30T12:29:17","modified_gmt":"2024-12-30T11:29:17","slug":"poesia","status":"publish","type":"page","link":"https:\/\/nuestrosescritores.com\/franciscomartinezizquierdo\/poesia\/","title":{"rendered":"POES\u00cdA"},"content":{"rendered":"\t\t<div data-elementor-type=\"wp-page\" data-elementor-id=\"77\" class=\"elementor elementor-77\">\n\t\t\t\t\t\t<section class=\"elementor-section elementor-top-section elementor-element elementor-element-1d755dc7 elementor-section-full_width elementor-section-height-full elementor-section-content-middle back elementor-section-height-default elementor-section-items-middle\" data-id=\"1d755dc7\" data-element_type=\"section\" data-e-type=\"section\">\n\t\t\t\t\t\t\t<div class=\"elementor-background-overlay\"><\/div>\n\t\t\t\t\t\t\t<div class=\"elementor-container elementor-column-gap-no\">\n\t\t\t\t\t<div class=\"aux-parallax-section elementor-column elementor-col-100 elementor-top-column elementor-element elementor-element-67eba6d4\" data-id=\"67eba6d4\" data-element_type=\"column\" data-e-type=\"column\">\n\t\t\t<div class=\"elementor-widget-wrap\">\n\t\t\t\t\t\t\t<\/div>\n\t\t<\/div>\n\t\t\t\t\t<\/div>\n\t\t<\/section>\n\t\t\t\t<section class=\"elementor-section elementor-top-section elementor-element elementor-element-5937a6f4 elementor-section-boxed elementor-section-height-default elementor-section-height-default\" data-id=\"5937a6f4\" data-element_type=\"section\" data-e-type=\"section\">\n\t\t\t\t\t\t<div class=\"elementor-container elementor-column-gap-default\">\n\t\t\t\t\t<div class=\"aux-parallax-section elementor-column elementor-col-100 elementor-top-column elementor-element elementor-element-7126dcfe\" data-id=\"7126dcfe\" data-element_type=\"column\" data-e-type=\"column\">\n\t\t\t<div class=\"elementor-widget-wrap elementor-element-populated\">\n\t\t\t\t\t\t<div class=\"elementor-element elementor-element-52c659a4 elementor-widget elementor-widget-text-editor\" data-id=\"52c659a4\" data-element_type=\"widget\" data-e-type=\"widget\" data-widget_type=\"text-editor.default\">\n\t\t\t\t<div class=\"elementor-widget-container\">\n\t\t\t\t\t\t\t\t\t<h1><a name=\"_Toc132999983\"><\/a><\/h1><h1><a name=\"_Toc184286392\"><\/a>Uno<\/h1><p>Da igual<\/p><p>el lugar de origen,<\/p><p>ciudad o campo,<\/p><p>cielo o tierra.<\/p><p>Es igual<\/p><p>que sea rico o pobre,<\/p><p>espabilado o corto.<\/p><p>El sitio<\/p><p>de un hombre como yo<\/p><p>est\u00e1 bajo la suela de un zapato<\/p><p>de hombre o mujer<\/p><p>con el coraz\u00f3n apagado<\/p><p>y el esp\u00edritu durmiente.<\/p><p>He nacido<\/p><p>para que me hagan llorar<\/p><p>por dentro y por fuera.<\/p><p>He nacido para ser arrastrado,<\/p><p>para que me traicionen,<\/p><p>para ser mentido y enga\u00f1ado,<\/p><p>para ser tratado como lombriz.<\/p><p><em>\u00a0<\/em><\/p><p><em>\u00a0<\/em><\/p><p><em>Adaptado sobre Sandy Posey<\/em><\/p><p><em>\u201cBorn a woman\u201d<\/em><\/p><p><span class='bctt-click-to-tweet'><span class='bctt-ctt-text'><a href='https:\/\/x.com\/intent\/tweet?url=https%3A%2F%2Fnuestrosescritores.com%2Ffranciscomartinezizquierdo%2Fpoesia%2F&#038;text=Uno%20del%20libro%20POEMAS%20DE%20MEDIANOCHE%20de%20FRANCISCO%20MART%C3%8DNEZ%20IZQUIERDO.&#038;related' target='_blank'rel=\"noopener noreferrer\">Uno del libro POEMAS DE MEDIANOCHE de FRANCISCO MART\u00cdNEZ IZQUIERDO. <\/a><\/span><a href='https:\/\/x.com\/intent\/tweet?url=https%3A%2F%2Fnuestrosescritores.com%2Ffranciscomartinezizquierdo%2Fpoesia%2F&#038;text=Uno%20del%20libro%20POEMAS%20DE%20MEDIANOCHE%20de%20FRANCISCO%20MART%C3%8DNEZ%20IZQUIERDO.&#038;related' target='_blank' class='bctt-ctt-btn'rel=\"noopener noreferrer\">Compartir en X<\/a><\/span><\/p>\t\t\t\t\t\t\t\t<\/div>\n\t\t\t\t<\/div>\n\t\t\t\t\t<\/div>\n\t\t<\/div>\n\t\t\t\t\t<\/div>\n\t\t<\/section>\n\t\t\t\t<section class=\"elementor-section elementor-top-section elementor-element elementor-element-493799a8 elementor-section-height-full elementor-section-content-middle back elementor-section-boxed elementor-section-height-default elementor-section-items-middle\" data-id=\"493799a8\" data-element_type=\"section\" data-e-type=\"section\">\n\t\t\t\t\t\t\t<div class=\"elementor-background-overlay\"><\/div>\n\t\t\t\t\t\t\t<div class=\"elementor-container elementor-column-gap-no\">\n\t\t\t\t\t<div class=\"aux-parallax-section elementor-column elementor-col-100 elementor-top-column elementor-element elementor-element-1cfcc47a\" data-id=\"1cfcc47a\" data-element_type=\"column\" data-e-type=\"column\">\n\t\t\t<div class=\"elementor-widget-wrap\">\n\t\t\t\t\t\t\t<\/div>\n\t\t<\/div>\n\t\t\t\t\t<\/div>\n\t\t<\/section>\n\t\t\t\t<section class=\"elementor-section elementor-top-section elementor-element elementor-element-6fe01b3a elementor-section-full_width elementor-section-height-full elementor-section-height-default elementor-section-items-middle\" data-id=\"6fe01b3a\" data-element_type=\"section\" data-e-type=\"section\">\n\t\t\t\t\t\t<div class=\"elementor-container elementor-column-gap-default\">\n\t\t\t\t\t<div class=\"aux-parallax-section elementor-column elementor-col-100 elementor-top-column elementor-element elementor-element-1a4577fb\" data-id=\"1a4577fb\" data-element_type=\"column\" data-e-type=\"column\">\n\t\t\t<div class=\"elementor-widget-wrap elementor-element-populated\">\n\t\t\t\t\t\t<div class=\"elementor-element elementor-element-7890e8b3 elementor-widget elementor-widget-text-editor\" data-id=\"7890e8b3\" data-element_type=\"widget\" data-e-type=\"widget\" data-widget_type=\"text-editor.default\">\n\t\t\t\t<div class=\"elementor-widget-container\">\n\t\t\t\t\t\t\t\t\t<h1><a name=\"_Toc132999983\"><\/a><\/h1><h1><a name=\"_Toc132999987\"><\/a><\/h1><h1><a name=\"_Toc184286400\"><\/a>Nueve<\/h1><p>T\u00fa, madre, que viste<\/p><p>tus entra\u00f1as arder,<\/p><p>y que a lo mejor merec\u00edas<\/p><p>el fuego. Pero que hiciste prender<\/p><p>la vida con tu llama.<\/p><p>A lo mejor los dioses<\/p><p>te premian con luz,<\/p><p>fulgor de los rayos<\/p><p>del \u00e9ter eterno.<\/p><p><span class='bctt-click-to-tweet'><span class='bctt-ctt-text'><a href='https:\/\/x.com\/intent\/tweet?url=https%3A%2F%2Fnuestrosescritores.com%2Ffranciscomartinezizquierdo%2Fpoesia%2F&#038;text=Nueve%20del%20libro%20POEMAS%20DE%20MEDIANOCHE%20de%20FRANCISCO%20MART%C3%8DNEZ%20IZQUIERDO.&#038;related' target='_blank'rel=\"noopener noreferrer\">Nueve del libro POEMAS DE MEDIANOCHE de FRANCISCO MART\u00cdNEZ IZQUIERDO. <\/a><\/span><a href='https:\/\/x.com\/intent\/tweet?url=https%3A%2F%2Fnuestrosescritores.com%2Ffranciscomartinezizquierdo%2Fpoesia%2F&#038;text=Nueve%20del%20libro%20POEMAS%20DE%20MEDIANOCHE%20de%20FRANCISCO%20MART%C3%8DNEZ%20IZQUIERDO.&#038;related' target='_blank' class='bctt-ctt-btn'rel=\"noopener noreferrer\">Compartir en X<\/a><\/span><\/p>\t\t\t\t\t\t\t\t<\/div>\n\t\t\t\t<\/div>\n\t\t\t\t\t<\/div>\n\t\t<\/div>\n\t\t\t\t\t<\/div>\n\t\t<\/section>\n\t\t\t\t<section class=\"elementor-section elementor-top-section elementor-element elementor-element-674d5364 elementor-section-full_width elementor-section-height-full elementor-section-content-middle back elementor-section-height-default elementor-section-items-middle\" data-id=\"674d5364\" data-element_type=\"section\" data-e-type=\"section\">\n\t\t\t\t\t\t\t<div class=\"elementor-background-overlay\"><\/div>\n\t\t\t\t\t\t\t<div class=\"elementor-container elementor-column-gap-no\">\n\t\t\t\t\t<div class=\"aux-parallax-section elementor-column elementor-col-100 elementor-top-column elementor-element elementor-element-6af01a00\" data-id=\"6af01a00\" data-element_type=\"column\" data-e-type=\"column\">\n\t\t\t<div class=\"elementor-widget-wrap\">\n\t\t\t\t\t\t\t<\/div>\n\t\t<\/div>\n\t\t\t\t\t<\/div>\n\t\t<\/section>\n\t\t\t\t<section class=\"elementor-section elementor-top-section elementor-element elementor-element-26f5d63a elementor-section-boxed elementor-section-height-default elementor-section-height-default\" data-id=\"26f5d63a\" data-element_type=\"section\" data-e-type=\"section\">\n\t\t\t\t\t\t<div class=\"elementor-container elementor-column-gap-default\">\n\t\t\t\t\t<div class=\"aux-parallax-section elementor-column elementor-col-100 elementor-top-column elementor-element elementor-element-418d019\" data-id=\"418d019\" data-element_type=\"column\" data-e-type=\"column\">\n\t\t\t<div class=\"elementor-widget-wrap elementor-element-populated\">\n\t\t\t\t\t\t<div class=\"elementor-element elementor-element-f1f5920 elementor-widget elementor-widget-text-editor\" data-id=\"f1f5920\" data-element_type=\"widget\" data-e-type=\"widget\" data-widget_type=\"text-editor.default\">\n\t\t\t\t<div class=\"elementor-widget-container\">\n\t\t\t\t\t\t\t\t\t<h1><a name=\"_Toc132999983\"><\/a><\/h1><h1><a name=\"_Toc132999987\"><\/a><\/h1><h1><a name=\"_Toc184286401\"><\/a>Diez<\/h1><p><em>Para Bea.<\/em><\/p><p>Aunque es tu rostro<\/p><p>bello, tierno,<\/p><p>como capullo de rosa,<\/p><p>mirada espabilada, limpia,<\/p><p>tu esp\u00edritu aspira<\/p><p>a lo noble, sublime,<\/p><p>coraz\u00f3n que sue\u00f1a lo bueno.<\/p><p>No se sabe<\/p><p>en este triste<\/p><p>terrenal mundo<\/p><p>qu\u00e9 dioses,<\/p><p>hombres,<\/p><p>mujeres primigenias<\/p><p>te forjaron cuerpo,<\/p><p>alma.<\/p><p>\u00a1Oh, Dios!<\/p><p>Aprehende alas<\/p><p>que se estrellar\u00e1n con lo real.<\/p><p><span class='bctt-click-to-tweet'><span class='bctt-ctt-text'><a href='https:\/\/x.com\/intent\/tweet?url=https%3A%2F%2Fnuestrosescritores.com%2Ffranciscomartinezizquierdo%2Fpoesia%2F&#038;text=Diez%20del%20libro%20POEMAS%20DE%20MEDIANOCHE%20de%20FRANCISCO%20MART%C3%8DNEZ%20IZQUIERDO.&#038;related' target='_blank'rel=\"noopener noreferrer\">Diez del libro POEMAS DE MEDIANOCHE de FRANCISCO MART\u00cdNEZ IZQUIERDO. <\/a><\/span><a href='https:\/\/x.com\/intent\/tweet?url=https%3A%2F%2Fnuestrosescritores.com%2Ffranciscomartinezizquierdo%2Fpoesia%2F&#038;text=Diez%20del%20libro%20POEMAS%20DE%20MEDIANOCHE%20de%20FRANCISCO%20MART%C3%8DNEZ%20IZQUIERDO.&#038;related' target='_blank' class='bctt-ctt-btn'rel=\"noopener noreferrer\">Compartir en X<\/a><\/span><\/p>\t\t\t\t\t\t\t\t<\/div>\n\t\t\t\t<\/div>\n\t\t\t\t\t<\/div>\n\t\t<\/div>\n\t\t\t\t\t<\/div>\n\t\t<\/section>\n\t\t\t\t<section class=\"elementor-section elementor-top-section elementor-element elementor-element-4a562963 elementor-section-full_width elementor-section-height-full elementor-section-content-middle back elementor-section-height-default elementor-section-items-middle\" data-id=\"4a562963\" data-element_type=\"section\" data-e-type=\"section\">\n\t\t\t\t\t\t\t<div class=\"elementor-background-overlay\"><\/div>\n\t\t\t\t\t\t\t<div class=\"elementor-container elementor-column-gap-no\">\n\t\t\t\t\t<div class=\"aux-parallax-section elementor-column elementor-col-100 elementor-top-column elementor-element elementor-element-6299bd01\" data-id=\"6299bd01\" data-element_type=\"column\" data-e-type=\"column\">\n\t\t\t<div class=\"elementor-widget-wrap\">\n\t\t\t\t\t\t\t<\/div>\n\t\t<\/div>\n\t\t\t\t\t<\/div>\n\t\t<\/section>\n\t\t\t\t<section class=\"elementor-section elementor-top-section elementor-element elementor-element-3295f99 elementor-section-boxed elementor-section-height-default elementor-section-height-default\" data-id=\"3295f99\" data-element_type=\"section\" data-e-type=\"section\">\n\t\t\t\t\t\t<div class=\"elementor-container elementor-column-gap-default\">\n\t\t\t\t\t<div class=\"aux-parallax-section elementor-column elementor-col-100 elementor-top-column elementor-element elementor-element-3be2368f\" data-id=\"3be2368f\" data-element_type=\"column\" data-e-type=\"column\">\n\t\t\t<div class=\"elementor-widget-wrap elementor-element-populated\">\n\t\t\t\t\t\t<div class=\"elementor-element elementor-element-41c97022 elementor-widget elementor-widget-text-editor\" data-id=\"41c97022\" data-element_type=\"widget\" data-e-type=\"widget\" data-widget_type=\"text-editor.default\">\n\t\t\t\t<div class=\"elementor-widget-container\">\n\t\t\t\t\t\t\t\t\t<h1><a name=\"_Toc133000005\"><\/a><\/h1><h1><a name=\"_Toc133000014\"><\/a><\/h1><h1><a name=\"_Toc184286405\"><\/a>Catorce<\/h1><p>Lo \u00fanico<\/p><p>que hay que alabar<\/p><p>del creador<\/p><p>es su buena voluntad<\/p><p>no su error de c\u00e1lculo.<\/p><p>Mucho s\u00e9 del mundo<\/p><p>y cuanto s\u00e9 del mundo<\/p><p>y he visto de \u00e9l<\/p><p>ES NADA Y TODO.<\/p><p><span class='bctt-click-to-tweet'><span class='bctt-ctt-text'><a href='https:\/\/x.com\/intent\/tweet?url=https%3A%2F%2Fnuestrosescritores.com%2Ffranciscomartinezizquierdo%2Fpoesia%2F&#038;text=Catorce%20del%20libro%20POEMAS%20DE%20MEDIANOCHE%20de%20FRANCISCO%20MART%C3%8DNEZ%20IZQUIERDO.&#038;related' target='_blank'rel=\"noopener noreferrer\">Catorce del libro POEMAS DE MEDIANOCHE de FRANCISCO MART\u00cdNEZ IZQUIERDO. <\/a><\/span><a href='https:\/\/x.com\/intent\/tweet?url=https%3A%2F%2Fnuestrosescritores.com%2Ffranciscomartinezizquierdo%2Fpoesia%2F&#038;text=Catorce%20del%20libro%20POEMAS%20DE%20MEDIANOCHE%20de%20FRANCISCO%20MART%C3%8DNEZ%20IZQUIERDO.&#038;related' target='_blank' class='bctt-ctt-btn'rel=\"noopener noreferrer\">Compartir en X<\/a><\/span><\/p>\t\t\t\t\t\t\t\t<\/div>\n\t\t\t\t<\/div>\n\t\t\t\t\t<\/div>\n\t\t<\/div>\n\t\t\t\t\t<\/div>\n\t\t<\/section>\n\t\t\t\t<section class=\"elementor-section elementor-top-section elementor-element elementor-element-4400de56 elementor-section-full_width elementor-section-height-full elementor-section-content-middle back elementor-section-height-default elementor-section-items-middle\" data-id=\"4400de56\" data-element_type=\"section\" data-e-type=\"section\">\n\t\t\t\t\t\t\t<div class=\"elementor-background-overlay\"><\/div>\n\t\t\t\t\t\t\t<div class=\"elementor-container elementor-column-gap-no\">\n\t\t\t\t\t<div class=\"aux-parallax-section elementor-column elementor-col-100 elementor-top-column elementor-element elementor-element-28f6bb92\" data-id=\"28f6bb92\" data-element_type=\"column\" data-e-type=\"column\">\n\t\t\t<div class=\"elementor-widget-wrap\">\n\t\t\t\t\t\t\t<\/div>\n\t\t<\/div>\n\t\t\t\t\t<\/div>\n\t\t<\/section>\n\t\t\t\t<section class=\"elementor-section elementor-top-section elementor-element elementor-element-8b11ed elementor-section-boxed elementor-section-height-default elementor-section-height-default\" data-id=\"8b11ed\" data-element_type=\"section\" data-e-type=\"section\">\n\t\t\t\t\t\t<div class=\"elementor-container elementor-column-gap-default\">\n\t\t\t\t\t<div class=\"aux-parallax-section elementor-column elementor-col-100 elementor-top-column elementor-element elementor-element-181ad219\" data-id=\"181ad219\" data-element_type=\"column\" data-e-type=\"column\">\n\t\t\t<div class=\"elementor-widget-wrap elementor-element-populated\">\n\t\t\t\t\t\t<div class=\"elementor-element elementor-element-50d9d5cb elementor-widget elementor-widget-text-editor\" data-id=\"50d9d5cb\" data-element_type=\"widget\" data-e-type=\"widget\" data-widget_type=\"text-editor.default\">\n\t\t\t\t<div class=\"elementor-widget-container\">\n\t\t\t\t\t\t\t\t\t<h1><a name=\"_Toc133000005\"><\/a><\/h1><h1><a name=\"_Toc133000031\"><\/a><\/h1><h1><a name=\"_Toc184286408\"><\/a>Diecisiete<\/h1><p>Lo primero que hice al nacer,<\/p><p>para lo que fui creado<\/p><p>y pens\u00e9 iba a ser ineludible,<\/p><p>fue creer en que iba a sufrir,<\/p><p>y que me querr\u00eda ir pronto<\/p><p>de la vida y del mundo.<\/p><p>Y as\u00ed es como sucedi\u00f3.<\/p><p>Se agreg\u00f3 mucho polvo<\/p><p>a mis espaldas,<\/p><p>losas enteras de cemento<\/p><p>de piedras gigantes,<\/p><p>que de forma asombrosa<\/p><p>se iban acumulando<\/p><p>en venas y huesos.<\/p><p>Y as\u00ed sobrevino un d\u00eda<\/p><p>la locura; se estacion\u00f3<\/p><p>en mi vida,<\/p><p>al final de todo<\/p><p>me quise marchar para siempre.<\/p><p>El destino caprichoso<\/p><p>misericordioso, cruel o sabio<\/p><p>evit\u00f3 el final,<\/p><p>donde mi espalda ya molida<\/p><p>habr\u00eda reposado en el universo<\/p><p>de la NADA.<\/p><p><span class='bctt-click-to-tweet'><span class='bctt-ctt-text'><a href='https:\/\/x.com\/intent\/tweet?url=https%3A%2F%2Fnuestrosescritores.com%2Ffranciscomartinezizquierdo%2Fpoesia%2F&#038;text=Diecisiete%20del%20libro%20POEMAS%20DE%20MEDIANOCHE%20de%20FRANCISCO%20MART%C3%8DNEZ%20IZQUIERDO.&#038;related' target='_blank'rel=\"noopener noreferrer\">Diecisiete del libro POEMAS DE MEDIANOCHE de FRANCISCO MART\u00cdNEZ IZQUIERDO. <\/a><\/span><a href='https:\/\/x.com\/intent\/tweet?url=https%3A%2F%2Fnuestrosescritores.com%2Ffranciscomartinezizquierdo%2Fpoesia%2F&#038;text=Diecisiete%20del%20libro%20POEMAS%20DE%20MEDIANOCHE%20de%20FRANCISCO%20MART%C3%8DNEZ%20IZQUIERDO.&#038;related' target='_blank' class='bctt-ctt-btn'rel=\"noopener noreferrer\">Compartir en X<\/a><\/span><\/p>\t\t\t\t\t\t\t\t<\/div>\n\t\t\t\t<\/div>\n\t\t\t\t\t<\/div>\n\t\t<\/div>\n\t\t\t\t\t<\/div>\n\t\t<\/section>\n\t\t\t\t<section class=\"elementor-section elementor-top-section elementor-element elementor-element-4c4814f9 elementor-section-full_width elementor-section-height-full elementor-section-content-middle back elementor-section-height-default elementor-section-items-middle\" data-id=\"4c4814f9\" data-element_type=\"section\" data-e-type=\"section\">\n\t\t\t\t\t\t\t<div class=\"elementor-background-overlay\"><\/div>\n\t\t\t\t\t\t\t<div class=\"elementor-container elementor-column-gap-no\">\n\t\t\t\t\t<div class=\"aux-parallax-section elementor-column elementor-col-100 elementor-top-column elementor-element elementor-element-40807ea\" data-id=\"40807ea\" data-element_type=\"column\" data-e-type=\"column\">\n\t\t\t<div class=\"elementor-widget-wrap elementor-element-populated\">\n\t\t\t\t\t\t<div class=\"elementor-element elementor-element-4ceaa8cd elementor-button-success elementor-align-center elementor-widget elementor-widget-button\" data-id=\"4ceaa8cd\" data-element_type=\"widget\" data-e-type=\"widget\" data-widget_type=\"button.default\">\n\t\t\t\t<div class=\"elementor-widget-container\">\n\t\t\t\t\t\t\t\t\t<div class=\"elementor-button-wrapper\">\n\t\t\t\t\t<a class=\"elementor-button elementor-button-link elementor-size-xl\" href=\"https:\/\/librodepoesia.com\/libro\/poemas-de-medianoche-a-bea-de-un-asexual-francisco-martinez-izquierdo\/\">\n\t\t\t\t\t\t<span class=\"elementor-button-content-wrapper\">\n\t\t\t\t\t\t\t\t\t<span class=\"elementor-button-text\">COMPRAR EL LIBRO<\/span>\n\t\t\t\t\t<\/span>\n\t\t\t\t\t<\/a>\n\t\t\t\t<\/div>\n\t\t\t\t\t\t\t\t<\/div>\n\t\t\t\t<\/div>\n\t\t\t\t\t<\/div>\n\t\t<\/div>\n\t\t\t\t\t<\/div>\n\t\t<\/section>\n\t\t\t\t<\/div>\n\t\t","protected":false},"excerpt":{"rendered":"<p>Uno Da igual el lugar de origen, ciudad o campo, cielo o tierra. Es igual que sea rico o pobre, espabilado o corto. El sitio de un hombre como yo est\u00e1 bajo la suela de un zapato de hombre o mujer con el coraz\u00f3n apagado y el esp\u00edritu durmiente. He nacido para que me hagan [&hellip;]<\/p>\n","protected":false},"author":1,"featured_media":0,"parent":0,"menu_order":0,"comment_status":"closed","ping_status":"closed","template":"","meta":{"_acf_changed":false,"footnotes":""},"class_list":["post-77","page","type-page","status-publish","hentry"],"acf":[],"yoast_head":"<!-- This site is optimized with the Yoast SEO Premium plugin v24.7 (Yoast SEO v27.4) - https:\/\/yoast.com\/product\/yoast-seo-premium-wordpress\/ -->\n<title>POES\u00cdA - Francisco Mart\u00ednez Izquierdo<\/title>\n<meta name=\"robots\" content=\"index, follow, max-snippet:-1, max-image-preview:large, max-video-preview:-1\" \/>\n<link rel=\"canonical\" href=\"https:\/\/nuestrosescritores.com\/franciscomartinezizquierdo\/poesia\/\" \/>\n<meta property=\"og:locale\" content=\"es_ES\" \/>\n<meta property=\"og:type\" content=\"article\" \/>\n<meta property=\"og:title\" content=\"POES\u00cdA\" \/>\n<meta property=\"og:description\" content=\"Uno Da igual el lugar de origen, ciudad o campo, cielo o tierra. Es igual que sea rico o pobre, espabilado o corto. El sitio de un hombre como yo est\u00e1 bajo la suela de un zapato de hombre o mujer con el coraz\u00f3n apagado y el esp\u00edritu durmiente. He nacido para que me hagan [&hellip;]\" \/>\n<meta property=\"og:url\" content=\"https:\/\/nuestrosescritores.com\/franciscomartinezizquierdo\/poesia\/\" \/>\n<meta property=\"og:site_name\" content=\"Francisco Mart\u00ednez Izquierdo\" \/>\n<meta property=\"article:modified_time\" content=\"2024-12-30T11:29:17+00:00\" \/>\n<meta name=\"twitter:card\" content=\"summary_large_image\" \/>\n<meta name=\"twitter:label1\" content=\"Tiempo de lectura\" \/>\n\t<meta name=\"twitter:data1\" content=\"2 minutos\" \/>\n<script type=\"application\/ld+json\" class=\"yoast-schema-graph\">{\"@context\":\"https:\\\/\\\/schema.org\",\"@graph\":[{\"@type\":\"WebPage\",\"@id\":\"https:\\\/\\\/nuestrosescritores.com\\\/franciscomartinezizquierdo\\\/poesia\\\/\",\"url\":\"https:\\\/\\\/nuestrosescritores.com\\\/franciscomartinezizquierdo\\\/poesia\\\/\",\"name\":\"POES\u00cdA - Francisco Mart\u00ednez Izquierdo\",\"isPartOf\":{\"@id\":\"https:\\\/\\\/nuestrosescritores.com\\\/franciscomartinezizquierdo\\\/#website\"},\"datePublished\":\"2024-12-28T12:04:59+00:00\",\"dateModified\":\"2024-12-30T11:29:17+00:00\",\"breadcrumb\":{\"@id\":\"https:\\\/\\\/nuestrosescritores.com\\\/franciscomartinezizquierdo\\\/poesia\\\/#breadcrumb\"},\"inLanguage\":\"es\",\"potentialAction\":[{\"@type\":\"ReadAction\",\"target\":[\"https:\\\/\\\/nuestrosescritores.com\\\/franciscomartinezizquierdo\\\/poesia\\\/\"]}]},{\"@type\":\"BreadcrumbList\",\"@id\":\"https:\\\/\\\/nuestrosescritores.com\\\/franciscomartinezizquierdo\\\/poesia\\\/#breadcrumb\",\"itemListElement\":[{\"@type\":\"ListItem\",\"position\":1,\"name\":\"Portada\",\"item\":\"https:\\\/\\\/nuestrosescritores.com\\\/franciscomartinezizquierdo\\\/\"},{\"@type\":\"ListItem\",\"position\":2,\"name\":\"POES\u00cdA\"}]},{\"@type\":\"WebSite\",\"@id\":\"https:\\\/\\\/nuestrosescritores.com\\\/franciscomartinezizquierdo\\\/#website\",\"url\":\"https:\\\/\\\/nuestrosescritores.com\\\/franciscomartinezizquierdo\\\/\",\"name\":\"Nuestros escritores\",\"description\":\"Escritor\",\"potentialAction\":[{\"@type\":\"SearchAction\",\"target\":{\"@type\":\"EntryPoint\",\"urlTemplate\":\"https:\\\/\\\/nuestrosescritores.com\\\/franciscomartinezizquierdo\\\/?s={search_term_string}\"},\"query-input\":{\"@type\":\"PropertyValueSpecification\",\"valueRequired\":true,\"valueName\":\"search_term_string\"}}],\"inLanguage\":\"es\"}]}<\/script>\n<!-- \/ Yoast SEO Premium plugin. -->","yoast_head_json":{"title":"POES\u00cdA - Francisco Mart\u00ednez Izquierdo","robots":{"index":"index","follow":"follow","max-snippet":"max-snippet:-1","max-image-preview":"max-image-preview:large","max-video-preview":"max-video-preview:-1"},"canonical":"https:\/\/nuestrosescritores.com\/franciscomartinezizquierdo\/poesia\/","og_locale":"es_ES","og_type":"article","og_title":"POES\u00cdA","og_description":"Uno Da igual el lugar de origen, ciudad o campo, cielo o tierra. Es igual que sea rico o pobre, espabilado o corto. El sitio de un hombre como yo est\u00e1 bajo la suela de un zapato de hombre o mujer con el coraz\u00f3n apagado y el esp\u00edritu durmiente. He nacido para que me hagan [&hellip;]","og_url":"https:\/\/nuestrosescritores.com\/franciscomartinezizquierdo\/poesia\/","og_site_name":"Francisco Mart\u00ednez Izquierdo","article_modified_time":"2024-12-30T11:29:17+00:00","twitter_card":"summary_large_image","twitter_misc":{"Tiempo de lectura":"2 minutos"},"schema":{"@context":"https:\/\/schema.org","@graph":[{"@type":"WebPage","@id":"https:\/\/nuestrosescritores.com\/franciscomartinezizquierdo\/poesia\/","url":"https:\/\/nuestrosescritores.com\/franciscomartinezizquierdo\/poesia\/","name":"POES\u00cdA - Francisco Mart\u00ednez Izquierdo","isPartOf":{"@id":"https:\/\/nuestrosescritores.com\/franciscomartinezizquierdo\/#website"},"datePublished":"2024-12-28T12:04:59+00:00","dateModified":"2024-12-30T11:29:17+00:00","breadcrumb":{"@id":"https:\/\/nuestrosescritores.com\/franciscomartinezizquierdo\/poesia\/#breadcrumb"},"inLanguage":"es","potentialAction":[{"@type":"ReadAction","target":["https:\/\/nuestrosescritores.com\/franciscomartinezizquierdo\/poesia\/"]}]},{"@type":"BreadcrumbList","@id":"https:\/\/nuestrosescritores.com\/franciscomartinezizquierdo\/poesia\/#breadcrumb","itemListElement":[{"@type":"ListItem","position":1,"name":"Portada","item":"https:\/\/nuestrosescritores.com\/franciscomartinezizquierdo\/"},{"@type":"ListItem","position":2,"name":"POES\u00cdA"}]},{"@type":"WebSite","@id":"https:\/\/nuestrosescritores.com\/franciscomartinezizquierdo\/#website","url":"https:\/\/nuestrosescritores.com\/franciscomartinezizquierdo\/","name":"Nuestros escritores","description":"Escritor","potentialAction":[{"@type":"SearchAction","target":{"@type":"EntryPoint","urlTemplate":"https:\/\/nuestrosescritores.com\/franciscomartinezizquierdo\/?s={search_term_string}"},"query-input":{"@type":"PropertyValueSpecification","valueRequired":true,"valueName":"search_term_string"}}],"inLanguage":"es"}]}},"_links":{"self":[{"href":"https:\/\/nuestrosescritores.com\/franciscomartinezizquierdo\/wp-json\/wp\/v2\/pages\/77","targetHints":{"allow":["GET"]}}],"collection":[{"href":"https:\/\/nuestrosescritores.com\/franciscomartinezizquierdo\/wp-json\/wp\/v2\/pages"}],"about":[{"href":"https:\/\/nuestrosescritores.com\/franciscomartinezizquierdo\/wp-json\/wp\/v2\/types\/page"}],"author":[{"embeddable":true,"href":"https:\/\/nuestrosescritores.com\/franciscomartinezizquierdo\/wp-json\/wp\/v2\/users\/1"}],"replies":[{"embeddable":true,"href":"https:\/\/nuestrosescritores.com\/franciscomartinezizquierdo\/wp-json\/wp\/v2\/comments?post=77"}],"version-history":[{"count":0,"href":"https:\/\/nuestrosescritores.com\/franciscomartinezizquierdo\/wp-json\/wp\/v2\/pages\/77\/revisions"}],"wp:attachment":[{"href":"https:\/\/nuestrosescritores.com\/franciscomartinezizquierdo\/wp-json\/wp\/v2\/media?parent=77"}],"curies":[{"name":"wp","href":"https:\/\/api.w.org\/{rel}","templated":true}]}}