{"id":55,"date":"2021-12-05T18:06:02","date_gmt":"2021-12-05T18:06:02","guid":{"rendered":"https:\/\/nuestrosescritores.com\/franciscocardesnaspolonio\/?page_id=55"},"modified":"2021-12-05T18:06:02","modified_gmt":"2021-12-05T18:06:02","slug":"poesia","status":"publish","type":"page","link":"https:\/\/nuestrosescritores.com\/franciscocardesnaspolonio\/poesia\/","title":{"rendered":"Poes\u00eda"},"content":{"rendered":"<div class=\"wpb-content-wrapper\">[vc_row full_width=&#8221;stretch_row_content_no_spaces&#8221; full_height=&#8221;yes&#8221; equal_height=&#8221;yes&#8221;][vc_column extend=&#8221;false&#8221;]<div id=\"rowvcpt-row-settings\" class=\"rowvcpt-row-set RowVcPt-row-setting69dedcdbb9032 \" data-no=\"RowVcPt-row-setting69dedcdbb9032\"><div class=\"columns-bg-wrap columns-bg-anim-colors columns-bg-image  columns_simple_image\" id=\"RowVcPt-image-bg-69dedcdbb9031\"   data-parallax_sense=\"30\" src=\"https:\/\/nuestrosescritores.com\/franciscocardesnaspolonio\/wp-content\/uploads\/sites\/113\/2021\/12\/4lpkxneucu8.jpg\" style=\"background-image: url(https:\/\/nuestrosescritores.com\/franciscocardesnaspolonio\/wp-content\/uploads\/sites\/113\/2021\/12\/4lpkxneucu8.jpg);background-position: center center;background-size: cover;background-attachment: fixed;\"><\/div><\/div>[\/vc_column][\/vc_row][vc_row][vc_column extend=&#8221;false&#8221;][vc_column_text]\n<h1>&nbsp;<\/h1>\n<h1><a name=\"_Toc72690508\"><\/a><\/h1>\n<h1><a name=\"_Toc77778611\"><\/a><\/h1>\n<p><a name=\"_Toc79672692\"><\/a><a name=\"_Toc85047620\"><\/a><\/p>\n<h1><a name=\"_Toc86081162\"><\/a><\/h1>\n<h1><a name=\"_Toc87903018\"><\/a><strong>Soneto N\u00ba1<\/strong><\/h1>\n<p>&nbsp;<\/p>\n<p>\u00bfPor qu\u00e9 en el camino conmigo no has coincidido?<\/p>\n<p>Dime por qu\u00e9 de tu bondad no me has aleccionado<\/p>\n<p>Dime cu\u00e1ntos d\u00edas desde la aurora habr\u00e1n pasado<\/p>\n<p>Dime por qu\u00e9 las noches sobre los d\u00edas han perseverado.<\/p>\n<p>&nbsp;<\/p>\n<p>Como un mar que bordea al sol y sue\u00f1a con la luna<\/p>\n<p>Como presente hasta alcanzar de tu luz los confines<\/p>\n<p>Como un ni\u00f1o que de s\u00f3lo obedecerte se afana<\/p>\n<p>As\u00ed es la distancia que me separa de tus manos afines.<\/p>\n<p>&nbsp;<\/p>\n<p>Si quiera aquel d\u00eda que el tiempo nunca alcanzar\u00e1<\/p>\n<p>Si quiera aquella aurora que en m\u00ed te esperaba<\/p>\n<p>&nbsp;<\/p>\n<p>As\u00ed la tierra en tus manos hablar\u00e1 y brotar\u00e1<\/p>\n<p>Desque en aquella estaci\u00f3n s\u00f3lo a ti te necesitaba.<\/p>\n<p>&nbsp;<\/p>\n<p>\u00bfPor qu\u00e9 rueda del destino no nos hace coincidir?<\/p>\n<p>\u00bfAcaso la luna de nuevo nos va a sorprender y apercibir?<\/p>\n<p>&nbsp;<\/p>\n<span class='bctt-click-to-tweet'><span class='bctt-ctt-text'><a href='https:\/\/x.com\/intent\/tweet?url=https%3A%2F%2Fnuestrosescritores.com%2Ffranciscocardesnaspolonio%2Fpoesia%2F&#038;text=Soneto%20N%C2%BA1%20del%20libro%20LA%20FLOR%20DEL%20TRIGO%20de%20FRANCISCO%20C%C3%81RDENAS%20POLONIO&#038;via=poesiaerestu&#038;related=poesiaerestu' target='_blank'rel=\"noopener noreferrer\">Soneto N\u00ba1 del libro LA FLOR DEL TRIGO de FRANCISCO C\u00c1RDENAS POLONIO <\/a><\/span><a href='https:\/\/x.com\/intent\/tweet?url=https%3A%2F%2Fnuestrosescritores.com%2Ffranciscocardesnaspolonio%2Fpoesia%2F&#038;text=Soneto%20N%C2%BA1%20del%20libro%20LA%20FLOR%20DEL%20TRIGO%20de%20FRANCISCO%20C%C3%81RDENAS%20POLONIO&#038;via=poesiaerestu&#038;related=poesiaerestu' target='_blank' class='bctt-ctt-btn'rel=\"noopener noreferrer\">Compartir en X<\/a><\/span>[\/vc_column_text][\/vc_column][\/vc_row][vc_row full_width=&#8221;stretch_row_content_no_spaces&#8221; full_height=&#8221;yes&#8221; equal_height=&#8221;yes&#8221;][vc_column extend=&#8221;false&#8221;]<div id=\"rowvcpt-row-settings\" class=\"rowvcpt-row-set RowVcPt-row-setting69dedcdbb99e5 \" data-no=\"RowVcPt-row-setting69dedcdbb99e5\"><div class=\"columns-bg-wrap columns-bg-anim-colors columns-bg-image  columns_simple_image\" id=\"RowVcPt-image-bg-69dedcdbb99e4\"   data-parallax_sense=\"30\" src=\"https:\/\/nuestrosescritores.com\/franciscocardesnaspolonio\/wp-content\/uploads\/sites\/113\/2021\/12\/03ezo77axdg.jpg\" style=\"background-image: url(https:\/\/nuestrosescritores.com\/franciscocardesnaspolonio\/wp-content\/uploads\/sites\/113\/2021\/12\/03ezo77axdg.jpg);background-position: center center;background-size: cover;background-attachment: fixed;\"><\/div><\/div>[\/vc_column][\/vc_row][vc_row][vc_column extend=&#8221;false&#8221;][vc_column_text]\n<h1><a name=\"_Toc77778617\"><\/a><\/h1>\n<h1><a name=\"_Toc77014564\"><\/a><\/h1>\n<h1><a name=\"_Toc78567357\"><\/a><\/h1>\n<h1><a name=\"_Toc85385607\"><\/a><\/h1>\n<h1><a name=\"_Toc83400462\"><\/a><\/h1>\n<h1><a name=\"_Toc85047630\"><\/a><\/h1>\n<h1><a name=\"_Toc86081169\"><\/a><\/h1>\n<h1><a name=\"_Toc87903031\"><\/a><strong>Soneto N\u00ba14<\/strong><\/h1>\n<p>&nbsp;<\/p>\n<p>Naturaleza envuelve en tu mirada zafira<\/p>\n<p>Verte deseo y las ribas de tu apostura tornar<\/p>\n<p>Mirarte quiero si m\u00e1s ocasi\u00f3n no existiera<\/p>\n<p>Sentirte a moci\u00f3n que se para a contemplar.<\/p>\n<p>&nbsp;<\/p>\n<p>O\u00edrte deseo solo una palabra pronunciar<\/p>\n<p>Hablarte quiero como quien no ha conocido<\/p>\n<p>Lugar de tus motivos que se preste a mostrar<\/p>\n<p>Y en el erial de tu cintura alcanzar el sentido.<\/p>\n<p>&nbsp;<\/p>\n<p>Cifras del tiempo que de mirarte se deshacen<\/p>\n<p>Ventura de tu vida por m\u00e1s que resulte extra\u00f1a<\/p>\n<p>Un instante ac\u00e9rcate a momentos que obedecen<\/p>\n<p>Solo a tus ojos, quien vive, ama y contigo sue\u00f1a.<\/p>\n<p>&nbsp;<\/p>\n<p>Acercarte quiero a este sentido del verso libre<\/p>\n<p>De quien desea ordenar de la cestilla el mimbre\u2026<\/p>\n<p>&nbsp;<\/p>\n<p>&nbsp;<\/p>\n<h1><span style=\"font-size: 16px;\">.<\/span><\/h1>\n<p>&nbsp;<\/p>\n<span class='bctt-click-to-tweet'><span class='bctt-ctt-text'><a href='https:\/\/x.com\/intent\/tweet?url=https%3A%2F%2Fnuestrosescritores.com%2Ffranciscocardesnaspolonio%2Fpoesia%2F&#038;text=Soneto%20N%C2%BA14%20del%20libro%20LA%20FLOR%20DEL%20TRIGO%20de%20FRANCISCO%20C%C3%81RDENAS%20POLONIO&#038;via=poesiaerestu&#038;related=poesiaerestu' target='_blank'rel=\"noopener noreferrer\">Soneto N\u00ba14 del libro LA FLOR DEL TRIGO de FRANCISCO C\u00c1RDENAS POLONIO <\/a><\/span><a href='https:\/\/x.com\/intent\/tweet?url=https%3A%2F%2Fnuestrosescritores.com%2Ffranciscocardesnaspolonio%2Fpoesia%2F&#038;text=Soneto%20N%C2%BA14%20del%20libro%20LA%20FLOR%20DEL%20TRIGO%20de%20FRANCISCO%20C%C3%81RDENAS%20POLONIO&#038;via=poesiaerestu&#038;related=poesiaerestu' target='_blank' class='bctt-ctt-btn'rel=\"noopener noreferrer\">Compartir en X<\/a><\/span>\n<p>&nbsp;<\/p>\n<p>&nbsp;[\/vc_column_text][\/vc_column][\/vc_row][vc_row full_height=&#8221;yes&#8221;][vc_column extend=&#8221;false&#8221;]<div id=\"rowvcpt-row-settings\" class=\"rowvcpt-row-set RowVcPt-row-setting69dedcdbb9f85 \" data-no=\"RowVcPt-row-setting69dedcdbb9f85\"><div class=\"columns-bg-wrap columns-bg-anim-colors columns-bg-image  columns_simple_image\" id=\"RowVcPt-image-bg-69dedcdbb9f84\"   data-parallax_sense=\"30\" src=\"https:\/\/nuestrosescritores.com\/franciscocardesnaspolonio\/wp-content\/uploads\/sites\/113\/2021\/12\/jfrnzgm8ygm.jpg\" style=\"background-image: url(https:\/\/nuestrosescritores.com\/franciscocardesnaspolonio\/wp-content\/uploads\/sites\/113\/2021\/12\/jfrnzgm8ygm.jpg);background-position: center top;background-size: cover;background-attachment: fixed;\"><\/div><\/div>[\/vc_column][\/vc_row][vc_row][vc_column extend=&#8221;false&#8221;][vc_column_text]\n<h1><a name=\"_Toc77778628\"><\/a><\/h1>\n<h1><a name=\"_Toc78567364\"><\/a><\/h1>\n<h1><a name=\"_Toc85385623\"><\/a><\/h1>\n<h1><a name=\"_Toc83400468\"><\/a><\/h1>\n<h1><a name=\"_Toc87903054\"><\/a><strong>Soneto N\u00ba37<\/strong><\/h1>\n<p>&nbsp;<\/p>\n<p>Sin dejar completar a la noche te esperaba<\/p>\n<p>Sin dejar comenzar al d\u00eda acudiste<\/p>\n<p>Sin mediar palabra ya sab\u00eda que te amaba<\/p>\n<p>Sin m\u00e1s tiempo pasar, un adi\u00f3s me dedicaste.<\/p>\n<p>&nbsp;<\/p>\n<p>Extra\u00f1a aquella noche y extra\u00f1o aquel d\u00eda<\/p>\n<p>Distancia se ha hecho y todo su espacio<\/p>\n<p>Cuando otra vez verte, ni siquiera sab\u00eda<\/p>\n<p>Cuando ahora el tiempo transcurre despacio.<\/p>\n<p>&nbsp;<\/p>\n<p>Extra\u00f1a distancia que separa a tu vida y la m\u00eda<\/p>\n<p>Extra\u00f1as las horas que sin ti deven\u00edan<\/p>\n<p>Cuando no sab\u00eda entonces qu\u00e9 suceder\u00eda<\/p>\n<p>Distancia y horas, todas se parec\u00edan.<\/p>\n<p>&nbsp;<\/p>\n<p>Sin dejar pasar las horas, sab\u00eda que te ver\u00eda<\/p>\n<p>En los d\u00edas, en las noches, sab\u00eda que te quer\u00eda\u2026<\/p>\n<p>&nbsp;<\/p>\n<p>&nbsp;<\/p>\n<p>&nbsp;<\/p>\n<span class='bctt-click-to-tweet'><span class='bctt-ctt-text'><a href='https:\/\/x.com\/intent\/tweet?url=https%3A%2F%2Fnuestrosescritores.com%2Ffranciscocardesnaspolonio%2Fpoesia%2F&#038;text=Soneto%20N%C2%BA37%20del%20libro%20LA%20FLOR%20DEL%20TRIGO%20de%20FRANCISCO%20C%C3%81RDENAS%20POLONIO&#038;via=poesiaerestu&#038;related=poesiaerestu' target='_blank'rel=\"noopener noreferrer\">Soneto N\u00ba37 del libro LA FLOR DEL TRIGO de FRANCISCO C\u00c1RDENAS POLONIO <\/a><\/span><a href='https:\/\/x.com\/intent\/tweet?url=https%3A%2F%2Fnuestrosescritores.com%2Ffranciscocardesnaspolonio%2Fpoesia%2F&#038;text=Soneto%20N%C2%BA37%20del%20libro%20LA%20FLOR%20DEL%20TRIGO%20de%20FRANCISCO%20C%C3%81RDENAS%20POLONIO&#038;via=poesiaerestu&#038;related=poesiaerestu' target='_blank' class='bctt-ctt-btn'rel=\"noopener noreferrer\">Compartir en X<\/a><\/span>[\/vc_column_text][\/vc_column][\/vc_row][vc_row full_height=&#8221;yes&#8221; equal_height=&#8221;yes&#8221;][vc_column extend=&#8221;false&#8221;]<div id=\"rowvcpt-row-settings\" class=\"rowvcpt-row-set RowVcPt-row-setting69dedcdbba7a6 \" data-no=\"RowVcPt-row-setting69dedcdbba7a6\"><div class=\"columns-bg-wrap columns-bg-anim-colors columns-bg-image  columns_simple_image\" id=\"RowVcPt-image-bg-69dedcdbba7a5\"   data-parallax_sense=\"30\" src=\"https:\/\/nuestrosescritores.com\/franciscocardesnaspolonio\/wp-content\/uploads\/sites\/113\/2021\/12\/zukqa1nrrjk.jpg\" style=\"background-image: url(https:\/\/nuestrosescritores.com\/franciscocardesnaspolonio\/wp-content\/uploads\/sites\/113\/2021\/12\/zukqa1nrrjk.jpg);background-position: center center;background-size: cover;background-attachment: fixed;\"><\/div><\/div>[\/vc_column][\/vc_row][vc_row][vc_column extend=&#8221;false&#8221;][vc_column_text]\n<h1><a name=\"_Toc77778637\"><\/a><\/h1>\n<h1><a name=\"_Toc77014591\"><\/a><\/h1>\n<h1>&nbsp;<\/h1>\n<h1>&nbsp;<\/h1>\n<h1><a name=\"_Toc86081188\"><\/a><\/h1>\n<h1>Soneto N\u00ba72<\/h1>\n<p>Cuando un deseo se cumpla y te grate<br \/>\nEn la distancia que une y separa<br \/>\nA dos vidas con el sue\u00f1o envolvente<br \/>\nNo es tan distancia si de cerca procura.<\/p>\n<p>De horas que llenan los d\u00edas de pasi\u00f3n<br \/>\nRueda que gira de un sinf\u00edn la ilusi\u00f3n<br \/>\nVuelve a empezar el d\u00eda en la raz\u00f3n<br \/>\nQue falta a tu vera en la promisi\u00f3n.<\/p>\n<p>D\u00eda que franquea a la noche sin remisi\u00f3n<br \/>\nAntes del sur, antes del levante te quer\u00eda<br \/>\nNo encuentro m\u00e1s motivo ni ocasi\u00f3n<br \/>\nPara olvidar lo que contigo encontrar\u00eda.<\/p>\n<p>Distancia que une y separa tu vida y la m\u00eda<br \/>\nNo es tan desde que te dec\u00eda que te quer\u00eda\u2026<\/p>\n<p>&nbsp;<\/p>\n<p>&nbsp;<\/p>\n<span class='bctt-click-to-tweet'><span class='bctt-ctt-text'><a href='https:\/\/x.com\/intent\/tweet?url=https%3A%2F%2Fnuestrosescritores.com%2Ffranciscocardesnaspolonio%2Fpoesia%2F&#038;text=Soneto%20N%C2%BA72%20del%20libro%20LA%20FLOR%20DEL%20TRIGO%20de%20FRANCISCO%20C%C3%81RDENAS%20POLONIO&#038;via=poesiaerestu&#038;related=poesiaerestu' target='_blank'rel=\"noopener noreferrer\">Soneto N\u00ba72 del libro LA FLOR DEL TRIGO de FRANCISCO C\u00c1RDENAS POLONIO <\/a><\/span><a href='https:\/\/x.com\/intent\/tweet?url=https%3A%2F%2Fnuestrosescritores.com%2Ffranciscocardesnaspolonio%2Fpoesia%2F&#038;text=Soneto%20N%C2%BA72%20del%20libro%20LA%20FLOR%20DEL%20TRIGO%20de%20FRANCISCO%20C%C3%81RDENAS%20POLONIO&#038;via=poesiaerestu&#038;related=poesiaerestu' target='_blank' class='bctt-ctt-btn'rel=\"noopener noreferrer\">Compartir en X<\/a><\/span>[\/vc_column_text][\/vc_column][\/vc_row][vc_row full_height=&#8221;yes&#8221; equal_height=&#8221;yes&#8221;][vc_column extend=&#8221;false&#8221;]<div id=\"rowvcpt-row-settings\" class=\"rowvcpt-row-set RowVcPt-row-setting69dedcdbbae92 \" data-no=\"RowVcPt-row-setting69dedcdbbae92\"><div class=\"columns-bg-wrap columns-bg-anim-colors columns-bg-image  columns_simple_image\" id=\"RowVcPt-image-bg-69dedcdbbae91\"   data-parallax_sense=\"30\" src=\"https:\/\/nuestrosescritores.com\/franciscocardesnaspolonio\/wp-content\/uploads\/sites\/113\/2021\/12\/orav3btpmge.jpg\" style=\"background-image: url(https:\/\/nuestrosescritores.com\/franciscocardesnaspolonio\/wp-content\/uploads\/sites\/113\/2021\/12\/orav3btpmge.jpg);background-position: center center;background-size: cover;background-attachment: fixed;\"><\/div><\/div>[\/vc_column][\/vc_row][vc_row][vc_column extend=&#8221;false&#8221;][vc_column_text]\n<h1><a name=\"_Toc77778642\"><\/a><\/h1>\n<h1><a name=\"_Toc77014596\"><\/a><\/h1>\n<h1>&nbsp;<\/h1>\n<p><a name=\"_Toc85385695\"><\/a><\/p>\n<h1><a name=\"_Toc83400482\"><\/a><\/h1>\n<h1><a name=\"_Toc85047655\"><\/a><\/h1>\n<h1><a name=\"_Toc86081199\"><\/a><\/h1>\n<h1>Soneto N\u00ba111<\/h1>\n<p>Que apareces como una canci\u00f3n de serafines<br \/>\nTe sucedes como la luna en sus estadios<br \/>\nMe acompa\u00f1as como a la tierra la rosa y los jazmines<br \/>\nEres dif\u00edcil de interpretar como los n\u00fameros imaginarios.<\/p>\n<p>Si siempre en su voz tan dulce se anunciara<br \/>\nDe lo que final no conoce, t\u00e9rmino no se anticipar\u00eda<br \/>\nSi a este siglo, su verdad se pronunciara<br \/>\nSignatario de un \u00fanico Dios, afirmaci\u00f3n deducir\u00eda.<\/p>\n<p>Si nunca m\u00e1s yo te volviese a ver<br \/>\nOtro siglo esperar\u00eda pera esperar lo que esperaba<br \/>\nSi nunca m\u00e1s de ti volviese a saber<br \/>\nTe recordar\u00eda como la Mujer a quien s\u00f3lo amaba.<\/p>\n<p>Si en m\u00ed te revelas como una canci\u00f3n de amor<br \/>\nMe quedar\u00eda a contemplar tu belleza y todo su primor\u2026<\/p>\n<p>&nbsp;<\/p>\n<p>&nbsp;<\/p>\n<p>&nbsp;<\/p>\n<span class='bctt-click-to-tweet'><span class='bctt-ctt-text'><a href='https:\/\/x.com\/intent\/tweet?url=https%3A%2F%2Fnuestrosescritores.com%2Ffranciscocardesnaspolonio%2Fpoesia%2F&#038;text=Soneto%20N%C2%BA111%C2%A0del%20libro%20LA%20FLOR%20DEL%20TRIGO%20de%20FRANCISCO%20C%C3%81RDENAS%20POLONIO&#038;via=poesiaerestu&#038;related=poesiaerestu' target='_blank'rel=\"noopener noreferrer\">Soneto N\u00ba111&nbsp;del libro LA FLOR DEL TRIGO de FRANCISCO C\u00c1RDENAS POLONIO <\/a><\/span><a href='https:\/\/x.com\/intent\/tweet?url=https%3A%2F%2Fnuestrosescritores.com%2Ffranciscocardesnaspolonio%2Fpoesia%2F&#038;text=Soneto%20N%C2%BA111%C2%A0del%20libro%20LA%20FLOR%20DEL%20TRIGO%20de%20FRANCISCO%20C%C3%81RDENAS%20POLONIO&#038;via=poesiaerestu&#038;related=poesiaerestu' target='_blank' class='bctt-ctt-btn'rel=\"noopener noreferrer\">Compartir en X<\/a><\/span>[\/vc_column_text][\/vc_column][\/vc_row][vc_row full_height=&#8221;yes&#8221; equal_height=&#8221;yes&#8221;][vc_column extend=&#8221;false&#8221;]<div id=\"rowvcpt-row-settings\" class=\"rowvcpt-row-set RowVcPt-row-setting69dedcdbbb2ee \" data-no=\"RowVcPt-row-setting69dedcdbbb2ee\"><div class=\"columns-bg-wrap columns-bg-anim-colors columns-bg-image  columns_simple_image\" id=\"RowVcPt-image-bg-69dedcdbbb2ed\"   data-parallax_sense=\"30\" src=\"https:\/\/nuestrosescritores.com\/franciscocardesnaspolonio\/wp-content\/uploads\/sites\/113\/2021\/12\/FranciscoCardenasPolonio-Escritor.jpg\" style=\"background-image: url(https:\/\/nuestrosescritores.com\/franciscocardesnaspolonio\/wp-content\/uploads\/sites\/113\/2021\/12\/FranciscoCardenasPolonio-Escritor.jpg);background-position: center center;background-size: cover;background-attachment: fixed;\"><\/div><\/div><div class=\"ult-spacer spacer-69dedcdbbb6af\" data-id=\"69dedcdbbb6af\" data-height=\"150\" data-height-mobile=\"150\" data-height-tab=\"150\" data-height-tab-portrait=\"\" data-height-mobile-landscape=\"\" style=\"clear:both;display:block;\"><\/div>[vc_column_text]\n<p style=\"text-align: center;\"><a class=\"fasc-button fasc-size-xlarge fasc-type-glossy fasc-rounded-medium\" style=\"background-color: #33809e; color: #ffffff;\" href=\"https:\/\/librodepoesia.com\/libro\/la-flor-del-trigo-francisco-cardenas-polonio\/\">Comprar el libro<\/a><\/p>\n[\/vc_column_text][\/vc_column][\/vc_row][vc_row][vc_column][vc_column_text]\n<p><a name=\"_Toc85047636\"><\/a><\/p>\n<p><a name=\"_Toc85385647\"><\/a><\/p>\n<p><a name=\"_Toc83400473\"><\/a>[\/vc_column_text][\/vc_column][\/vc_row]\n<\/div>","protected":false},"excerpt":{"rendered":"<p>[vc_row full_width=&#8221;stretch_row_content_no_spaces&#8221; full_height=&#8221;yes&#8221; equal_height=&#8221;yes&#8221;][vc_column extend=&#8221;false&#8221;][\/vc_column][\/vc_row][vc_row][vc_column extend=&#8221;false&#8221;][vc_column_text] &nbsp; Soneto N\u00ba1 &nbsp; \u00bfPor qu\u00e9 en el camino conmigo no has coincidido? Dime por qu\u00e9 de tu bondad no me has aleccionado Dime cu\u00e1ntos d\u00edas desde la aurora habr\u00e1n pasado Dime por qu\u00e9 las noches sobre los d\u00edas han perseverado. &nbsp; Como un mar que bordea al sol [&hellip;]<\/p>\n","protected":false},"author":1,"featured_media":0,"parent":0,"menu_order":0,"comment_status":"closed","ping_status":"closed","template":"","meta":{"_acf_changed":false,"footnotes":""},"class_list":["post-55","page","type-page","status-publish","hentry"],"acf":[],"yoast_head":"<!-- This site is optimized with the Yoast SEO Premium plugin v24.7 (Yoast SEO v27.4) - https:\/\/yoast.com\/product\/yoast-seo-premium-wordpress\/ -->\n<title>Poes\u00eda - Francisco Cardenas Polonio<\/title>\n<meta name=\"robots\" content=\"index, follow, max-snippet:-1, max-image-preview:large, max-video-preview:-1\" \/>\n<link rel=\"canonical\" href=\"https:\/\/nuestrosescritores.com\/franciscocardesnaspolonio\/poesia\/\" \/>\n<meta property=\"og:locale\" content=\"es_ES\" \/>\n<meta property=\"og:type\" content=\"article\" \/>\n<meta property=\"og:title\" content=\"Poes\u00eda\" \/>\n<meta property=\"og:description\" content=\"[vc_row full_width=&#8221;stretch_row_content_no_spaces&#8221; full_height=&#8221;yes&#8221; equal_height=&#8221;yes&#8221;][vc_column extend=&#8221;false&#8221;][\/vc_column][\/vc_row][vc_row][vc_column extend=&#8221;false&#8221;][vc_column_text] &nbsp; Soneto N\u00ba1 &nbsp; \u00bfPor qu\u00e9 en el camino conmigo no has coincidido? Dime por qu\u00e9 de tu bondad no me has aleccionado Dime cu\u00e1ntos d\u00edas desde la aurora habr\u00e1n pasado Dime por qu\u00e9 las noches sobre los d\u00edas han perseverado. &nbsp; Como un mar que bordea al sol [&hellip;]\" \/>\n<meta property=\"og:url\" content=\"https:\/\/nuestrosescritores.com\/franciscocardesnaspolonio\/poesia\/\" \/>\n<meta property=\"og:site_name\" content=\"Francisco Cardenas Polonio\" \/>\n<meta name=\"twitter:card\" content=\"summary_large_image\" \/>\n<meta name=\"twitter:label1\" content=\"Tiempo de lectura\" \/>\n\t<meta name=\"twitter:data1\" content=\"4 minutos\" \/>\n<script type=\"application\/ld+json\" class=\"yoast-schema-graph\">{\"@context\":\"https:\\\/\\\/schema.org\",\"@graph\":[{\"@type\":\"WebPage\",\"@id\":\"https:\\\/\\\/nuestrosescritores.com\\\/franciscocardesnaspolonio\\\/poesia\\\/\",\"url\":\"https:\\\/\\\/nuestrosescritores.com\\\/franciscocardesnaspolonio\\\/poesia\\\/\",\"name\":\"Poes\u00eda - Francisco Cardenas Polonio\",\"isPartOf\":{\"@id\":\"https:\\\/\\\/nuestrosescritores.com\\\/franciscocardesnaspolonio\\\/#website\"},\"datePublished\":\"2021-12-05T18:06:02+00:00\",\"breadcrumb\":{\"@id\":\"https:\\\/\\\/nuestrosescritores.com\\\/franciscocardesnaspolonio\\\/poesia\\\/#breadcrumb\"},\"inLanguage\":\"es\",\"potentialAction\":[{\"@type\":\"ReadAction\",\"target\":[\"https:\\\/\\\/nuestrosescritores.com\\\/franciscocardesnaspolonio\\\/poesia\\\/\"]}]},{\"@type\":\"BreadcrumbList\",\"@id\":\"https:\\\/\\\/nuestrosescritores.com\\\/franciscocardesnaspolonio\\\/poesia\\\/#breadcrumb\",\"itemListElement\":[{\"@type\":\"ListItem\",\"position\":1,\"name\":\"Portada\",\"item\":\"https:\\\/\\\/nuestrosescritores.com\\\/franciscocardesnaspolonio\\\/\"},{\"@type\":\"ListItem\",\"position\":2,\"name\":\"Poes\u00eda\"}]},{\"@type\":\"WebSite\",\"@id\":\"https:\\\/\\\/nuestrosescritores.com\\\/franciscocardesnaspolonio\\\/#website\",\"url\":\"https:\\\/\\\/nuestrosescritores.com\\\/franciscocardesnaspolonio\\\/\",\"name\":\"Nuestros escritores\",\"description\":\"Escritor\",\"potentialAction\":[{\"@type\":\"SearchAction\",\"target\":{\"@type\":\"EntryPoint\",\"urlTemplate\":\"https:\\\/\\\/nuestrosescritores.com\\\/franciscocardesnaspolonio\\\/?s={search_term_string}\"},\"query-input\":{\"@type\":\"PropertyValueSpecification\",\"valueRequired\":true,\"valueName\":\"search_term_string\"}}],\"inLanguage\":\"es\"}]}<\/script>\n<!-- \/ Yoast SEO Premium plugin. -->","yoast_head_json":{"title":"Poes\u00eda - Francisco Cardenas Polonio","robots":{"index":"index","follow":"follow","max-snippet":"max-snippet:-1","max-image-preview":"max-image-preview:large","max-video-preview":"max-video-preview:-1"},"canonical":"https:\/\/nuestrosescritores.com\/franciscocardesnaspolonio\/poesia\/","og_locale":"es_ES","og_type":"article","og_title":"Poes\u00eda","og_description":"[vc_row full_width=&#8221;stretch_row_content_no_spaces&#8221; full_height=&#8221;yes&#8221; equal_height=&#8221;yes&#8221;][vc_column extend=&#8221;false&#8221;][\/vc_column][\/vc_row][vc_row][vc_column extend=&#8221;false&#8221;][vc_column_text] &nbsp; Soneto N\u00ba1 &nbsp; \u00bfPor qu\u00e9 en el camino conmigo no has coincidido? Dime por qu\u00e9 de tu bondad no me has aleccionado Dime cu\u00e1ntos d\u00edas desde la aurora habr\u00e1n pasado Dime por qu\u00e9 las noches sobre los d\u00edas han perseverado. &nbsp; Como un mar que bordea al sol [&hellip;]","og_url":"https:\/\/nuestrosescritores.com\/franciscocardesnaspolonio\/poesia\/","og_site_name":"Francisco Cardenas Polonio","twitter_card":"summary_large_image","twitter_misc":{"Tiempo de lectura":"4 minutos"},"schema":{"@context":"https:\/\/schema.org","@graph":[{"@type":"WebPage","@id":"https:\/\/nuestrosescritores.com\/franciscocardesnaspolonio\/poesia\/","url":"https:\/\/nuestrosescritores.com\/franciscocardesnaspolonio\/poesia\/","name":"Poes\u00eda - Francisco Cardenas Polonio","isPartOf":{"@id":"https:\/\/nuestrosescritores.com\/franciscocardesnaspolonio\/#website"},"datePublished":"2021-12-05T18:06:02+00:00","breadcrumb":{"@id":"https:\/\/nuestrosescritores.com\/franciscocardesnaspolonio\/poesia\/#breadcrumb"},"inLanguage":"es","potentialAction":[{"@type":"ReadAction","target":["https:\/\/nuestrosescritores.com\/franciscocardesnaspolonio\/poesia\/"]}]},{"@type":"BreadcrumbList","@id":"https:\/\/nuestrosescritores.com\/franciscocardesnaspolonio\/poesia\/#breadcrumb","itemListElement":[{"@type":"ListItem","position":1,"name":"Portada","item":"https:\/\/nuestrosescritores.com\/franciscocardesnaspolonio\/"},{"@type":"ListItem","position":2,"name":"Poes\u00eda"}]},{"@type":"WebSite","@id":"https:\/\/nuestrosescritores.com\/franciscocardesnaspolonio\/#website","url":"https:\/\/nuestrosescritores.com\/franciscocardesnaspolonio\/","name":"Nuestros escritores","description":"Escritor","potentialAction":[{"@type":"SearchAction","target":{"@type":"EntryPoint","urlTemplate":"https:\/\/nuestrosescritores.com\/franciscocardesnaspolonio\/?s={search_term_string}"},"query-input":{"@type":"PropertyValueSpecification","valueRequired":true,"valueName":"search_term_string"}}],"inLanguage":"es"}]}},"_links":{"self":[{"href":"https:\/\/nuestrosescritores.com\/franciscocardesnaspolonio\/wp-json\/wp\/v2\/pages\/55","targetHints":{"allow":["GET"]}}],"collection":[{"href":"https:\/\/nuestrosescritores.com\/franciscocardesnaspolonio\/wp-json\/wp\/v2\/pages"}],"about":[{"href":"https:\/\/nuestrosescritores.com\/franciscocardesnaspolonio\/wp-json\/wp\/v2\/types\/page"}],"author":[{"embeddable":true,"href":"https:\/\/nuestrosescritores.com\/franciscocardesnaspolonio\/wp-json\/wp\/v2\/users\/1"}],"replies":[{"embeddable":true,"href":"https:\/\/nuestrosescritores.com\/franciscocardesnaspolonio\/wp-json\/wp\/v2\/comments?post=55"}],"version-history":[{"count":0,"href":"https:\/\/nuestrosescritores.com\/franciscocardesnaspolonio\/wp-json\/wp\/v2\/pages\/55\/revisions"}],"wp:attachment":[{"href":"https:\/\/nuestrosescritores.com\/franciscocardesnaspolonio\/wp-json\/wp\/v2\/media?parent=55"}],"curies":[{"name":"wp","href":"https:\/\/api.w.org\/{rel}","templated":true}]}}