{"id":203,"date":"2025-08-30T23:39:31","date_gmt":"2025-08-30T21:39:31","guid":{"rendered":"https:\/\/nuestrosescritores.com\/figugarcia\/?page_id=203"},"modified":"2025-08-30T23:41:44","modified_gmt":"2025-08-30T21:41:44","slug":"poesias","status":"publish","type":"page","link":"https:\/\/nuestrosescritores.com\/figugarcia\/poesias\/","title":{"rendered":"POES\u00cdAS"},"content":{"rendered":"<div class=\"wpb-content-wrapper\">[vc_row full_width=&#8221;stretch_row_content_no_spaces&#8221;][vc_column extend=&#8221;false&#8221;]<div class='gambit_parallax_row' data-bg-align='' data-direction='fixed' data-opacity='100' data-velocity='-0.3' data-mobile-enabled='' data-bg-height='768' data-bg-width='1344' data-bg-image='https:\/\/nuestrosescritores.com\/figugarcia\/wp-content\/uploads\/sites\/211\/2025\/08\/freepik__169-urgent-scene-typewriter-with-torn-shirt-sleeve__61658.png' data-bg-repeat='false' data-id='' style='display: none'><\/div><div class=\"gambit_fullheight_row\" data-content-location=\"center\" style=\"display: none\"><\/div>[\/vc_column][\/vc_row][vc_row css=&#8221;.vc_custom_1756590031124{padding: 10% !important;}&#8221;][vc_column extend=&#8221;false&#8221;][vc_column_text css=&#8221;&#8221;]\n<h1><a name=\"_Toc206341797\"><\/a><strong>PRENDAS \u00cdNTIMAS<\/strong><\/h1>\n<p>&nbsp;<\/p>\n<p>Ocurre que,<\/p>\n<p>no siempre s\u00e9 si escribo,<\/p>\n<p>o si me desvisto<\/p>\n<p>sobre una p\u00e1gina en blanco.<\/p>\n<p>&nbsp;<\/p>\n<p>Guardo versos en falsos bolsillos,<\/p>\n<p>entre costuras abiertas<\/p>\n<p>y forros vencidos,<\/p>\n<p>en los dobleces del pecho,<\/p>\n<p>entre latidos inquietos.<\/p>\n<p>Tejiendo, sobre jir\u00f3n y tachones,<\/p>\n<p>con hilos de Cachemir.<\/p>\n<p>&nbsp;<\/p>\n<p>Algunos d\u00edas me visto<\/p>\n<p>con met\u00e1foras suaves,<\/p>\n<p>me insin\u00fao con estrofas<\/p>\n<p>de escritura febril<\/p>\n<p>y botones sin rima,<\/p>\n<p>arrancados \u2014todos bajo premura\u2014<\/p>\n<p>mientras la luz, a\u00fan sigue en su sombra.<\/p>\n<p>&nbsp;<\/p>\n<p>Hay poemas que rozan,<\/p>\n<p>como si ellos mismos supieran<\/p>\n<p>el lugar donde m\u00e1s incomodan,<\/p>\n<p>otros aprietan el alma<\/p>\n<p>entrecortan la respiraci\u00f3n,<\/p>\n<p>deslizan su encaje de humo, all\u00e1,<\/p>\n<p>donde el grafo es gemido y la sal,<\/p>\n<p>bocanada de versos y verbo,<\/p>\n<p>de arterias y lenguas sedientas<\/p>\n<p>trenzadas, sobre su propio azar.<\/p>\n<p>&nbsp;<\/p>\n<p>Y no, esto no es sexual<\/p>\n<p>esto es po\u00e9tico,<\/p>\n<p>es tinta que arde,<\/p>\n<p>aunque huela a lascivia<\/p>\n<p>y suene a jadeo,<\/p>\n<p>aunque los labios saliven<\/p>\n<p>y los instintos se cieguen.<\/p>\n<p>&nbsp;<\/p>\n<p>La palabra m\u00e1s \u00edntima<\/p>\n<p>no se escribe, ni duerme,<\/p>\n<p>se deja caer,<\/p>\n<p>como prenda que estorba al amor.<\/p>\n<p>Se respira, se invoca<\/p>\n<p>se enhebra y recita,<\/p>\n<p>hilvanando de entre los labios<\/p>\n<p>ecos al contraluz,<\/p>\n<p>teselas,<\/p>\n<p>buscando su propia voz.<\/p>\n<p>&nbsp;<\/p>\n<p>Y si me desnudo en el papel<\/p>\n<p>no es por exhibici\u00f3n,<\/p>\n<p>es por urgencia, por necesidad,<\/p>\n<p>por la imperiosa necesidad<\/p>\n<p>de poner algo entre mi piel<\/p>\n<p>y este mundo absurdo.<\/p>\n<p>Una tela acorazada,<\/p>\n<p>una mentira sincera,<\/p>\n<p>una verdad que no ofenda<\/p>\n<p>al ser dicha de frente.<\/p>\n<p>&nbsp;<\/p>\n<p>Y es que, todo lo que soy<\/p>\n<p>lo llevo encima.<\/p>\n<p>Como quien escribe<\/p>\n<p>sin saber si es piel<\/p>\n<p>o palabra lo que tiembla.<\/p>\n<p>Como quien no sabe, a\u00fan,<\/p>\n<p>donde termina el cuerpo<\/p>\n<p>y donde comienza el poema.<\/p>\n<p>&nbsp;<\/p>\n<p>All\u00ed, donde me pierdo,<\/p>\n<p>all\u00ed donde me visto.<\/p>\n<p>All\u00e1,<\/p>\n<p>donde late apelmazada mi voz.<\/p>\n<p>&nbsp;<\/p>\n<p>&nbsp;<\/p>\n<span class='bctt-click-to-tweet'><span class='bctt-ctt-text'><a href='https:\/\/x.com\/intent\/tweet?url=https%3A%2F%2Fnuestrosescritores.com%2Ffigugarcia%2Fpoesias%2F&#038;text=PRENDAS%20%C3%8DNTIMAS%20del%20confinamiento%C2%A0del%20libro%20PRENDAS%20%C3%8DNTIMAS.%20%28CAT%C3%81LOGO%20UNISEX%29%20de%20FIGU%20GARC%C3%8DA&#038;via=poesiaerestu&#038;related=poesiaerestu' target='_blank'rel=\"noopener noreferrer\">PRENDAS \u00cdNTIMAS del confinamiento&nbsp;del libro PRENDAS \u00cdNTIMAS. (CAT\u00c1LOGO UNISEX) de FIGU GARC\u00cdA <\/a><\/span><a href='https:\/\/x.com\/intent\/tweet?url=https%3A%2F%2Fnuestrosescritores.com%2Ffigugarcia%2Fpoesias%2F&#038;text=PRENDAS%20%C3%8DNTIMAS%20del%20confinamiento%C2%A0del%20libro%20PRENDAS%20%C3%8DNTIMAS.%20%28CAT%C3%81LOGO%20UNISEX%29%20de%20FIGU%20GARC%C3%8DA&#038;via=poesiaerestu&#038;related=poesiaerestu' target='_blank' class='bctt-ctt-btn'rel=\"noopener noreferrer\">Compartir en X<\/a><\/span>\n<p>&nbsp;[\/vc_column_text][\/vc_column][\/vc_row][vc_row full_width=&#8221;stretch_row_content_no_spaces&#8221;][vc_column extend=&#8221;false&#8221;]<div class='gambit_parallax_row' data-bg-align='' data-direction='fixed' data-opacity='100' data-velocity='-0.3' data-mobile-enabled='' data-bg-height='768' data-bg-width='1344' data-bg-image='https:\/\/nuestrosescritores.com\/figugarcia\/wp-content\/uploads\/sites\/211\/2025\/08\/freepik__169-contemplative-scene-two-lovers-holding-each-ot__61656.png' data-bg-repeat='false' data-id='' style='display: none'><\/div><div class=\"gambit_fullheight_row\" data-content-location=\"center\" style=\"display: none\"><\/div>[\/vc_column][\/vc_row][vc_row css=&#8221;.vc_custom_1756590045968{padding: 10% !important;}&#8221;][vc_column extend=&#8221;false&#8221;][vc_column_text]\n<h1><a name=\"_Toc50565515\"><\/a><\/h1>\n<h1><a name=\"_Toc206341802\"><\/a><strong>ABRAZO ENTRE ALMAS<\/strong><\/h1>\n<p><strong>&nbsp;<\/strong><\/p>\n<p>Abr\u00e1zame,<\/p>\n<p>por favor, abr\u00e1zame.<\/p>\n<p>No busques heridas<\/p>\n<p>no indagues mi ser,<\/p>\n<p>de mis ojos no esperes respuesta,<\/p>\n<p>quedaron atr\u00e1s,<\/p>\n<p>all\u00e1, donde nacen abismos<\/p>\n<p>y muere el amor.<\/p>\n<p>&nbsp;<\/p>\n<p>Ac\u00f3geme sin preguntas<\/p>\n<p>envu\u00e9lveme de tu ser,<\/p>\n<p>no quieras extirpar mi dolor,<\/p>\n<p>ni compartirlo,<\/p>\n<p>menos a\u00fan, hacerlo tuyo.<\/p>\n<p>&nbsp;<\/p>\n<p>No me empujes al div\u00e1n<\/p>\n<p>ni agites tus labios sin voz,<\/p>\n<p>no hay forma de explicar<\/p>\n<p>no hay nada que entender,<\/p>\n<p>nada que cambiar<\/p>\n<p>nada que no quepa<\/p>\n<p>nada que no sepan;<\/p>\n<p>nada que no pueda<\/p>\n<p>sanar,<\/p>\n<p>el abrazo entre dos almas,<\/p>\n<p>abr\u00e1zame, solo abr\u00e1zame,<\/p>\n<p>y dejemos que se encuentren<\/p>\n<p>que ya ellas se dir\u00e1n.<\/p>\n<p>&nbsp;<\/p>\n<p>Abr\u00e1zame, por favor,<\/p>\n<p>solo abr\u00e1zame.<\/p>\n<p>&nbsp;<\/p>\n<span class='bctt-click-to-tweet'><span class='bctt-ctt-text'><a href='https:\/\/x.com\/intent\/tweet?url=https%3A%2F%2Fnuestrosescritores.com%2Ffigugarcia%2Fpoesias%2F&#038;text=ABRAZO%20ENTRE%20ALMAS%20del%20libro%20PRENDAS%20%C3%8DNTIMAS.%20%28CAT%C3%81LOGO%20UNISEX%29%20de%20FIGU%20GARC%C3%8DA&#038;via=poesiaerestu&#038;related=poesiaerestu' target='_blank'rel=\"noopener noreferrer\">ABRAZO ENTRE ALMAS del libro PRENDAS \u00cdNTIMAS. (CAT\u00c1LOGO UNISEX) de FIGU GARC\u00cdA <\/a><\/span><a href='https:\/\/x.com\/intent\/tweet?url=https%3A%2F%2Fnuestrosescritores.com%2Ffigugarcia%2Fpoesias%2F&#038;text=ABRAZO%20ENTRE%20ALMAS%20del%20libro%20PRENDAS%20%C3%8DNTIMAS.%20%28CAT%C3%81LOGO%20UNISEX%29%20de%20FIGU%20GARC%C3%8DA&#038;via=poesiaerestu&#038;related=poesiaerestu' target='_blank' class='bctt-ctt-btn'rel=\"noopener noreferrer\">Compartir en X<\/a><\/span>\n<p>&nbsp;<\/p>\n<p>&nbsp;[\/vc_column_text][\/vc_column][\/vc_row][vc_row][vc_column extend=&#8221;false&#8221;]<div class='gambit_parallax_row' data-bg-align='' data-direction='fixed' data-opacity='100' data-velocity='-0.3' data-mobile-enabled='' data-bg-height='768' data-bg-width='1344' data-bg-image='https:\/\/nuestrosescritores.com\/figugarcia\/wp-content\/uploads\/sites\/211\/2025\/08\/freepik__169-evocative-scene-two-bodies-in-silhouette-separ__61652.png' data-bg-repeat='false' data-id='' style='display: none'><\/div><div class=\"gambit_fullheight_row\" data-content-location=\"center\" style=\"display: none\"><\/div>[\/vc_column][\/vc_row][vc_row css=&#8221;.vc_custom_1756590083793{padding: 10% !important;}&#8221;][vc_column extend=&#8221;false&#8221;][vc_column_text css=&#8221;&#8221;]\n<h1><a name=\"_Toc50565520\"><\/a><\/h1>\n<h1><a name=\"_Toc206341824\"><\/a><strong>EL FUEGO NUNCA DUERME<\/strong><\/h1>\n<p>&nbsp;<\/p>\n<p>En lo m\u00e1s hondo del mundo, all\u00e1,<\/p>\n<p>donde el silencio es un dios dormido,<\/p>\n<p>un temblor sacude las sombras:<\/p>\n<p>hierve la sangre, ruge la entra\u00f1a,<\/p>\n<p>cicatrices de fuego sin luz.<\/p>\n<p>Magma ciego, hambriento y brutal,<\/p>\n<p>devorando el abismo<\/p>\n<p>hacia su libertad.<\/p>\n<p>&nbsp;<\/p>\n<p>El oc\u00e9ano grita,<\/p>\n<p>el oc\u00e9ano se quiebra y retuerce,<\/p>\n<p>una isla se alza orgullosa<\/p>\n<p>presentando sus lomos al cielo.<\/p>\n<p>&nbsp;<\/p>\n<p>No hay calma en su piel de basalto,<\/p>\n<p>ni olvido en su sangre candente.<\/p>\n<p>Solo late, respira y espera,<\/p>\n<p>porque el fuego nunca duerme,<\/p>\n<p>porque el fuego siempre vuelve.<\/p>\n<p>&nbsp;<\/p>\n<p>&nbsp;<\/p>\n<p>&nbsp;<\/p>\n<p>&nbsp;<\/p>\n<p>&nbsp;<\/p>\n<p>&nbsp;<\/p>\n<span class='bctt-click-to-tweet'><span class='bctt-ctt-text'><a href='https:\/\/x.com\/intent\/tweet?url=https%3A%2F%2Fnuestrosescritores.com%2Ffigugarcia%2Fpoesias%2F&#038;text=EL%20FUEGO%20NUNCA%20DUERME%20del%20libro%20PRENDAS%20%C3%8DNTIMAS.%20%28CAT%C3%81LOGO%20UNISEX%29%20de%20FIGU%20GARC%C3%8DA&#038;via=poesiaerestu&#038;related=poesiaerestu' target='_blank'rel=\"noopener noreferrer\">EL FUEGO NUNCA DUERME del libro PRENDAS \u00cdNTIMAS. (CAT\u00c1LOGO UNISEX) de FIGU GARC\u00cdA <\/a><\/span><a href='https:\/\/x.com\/intent\/tweet?url=https%3A%2F%2Fnuestrosescritores.com%2Ffigugarcia%2Fpoesias%2F&#038;text=EL%20FUEGO%20NUNCA%20DUERME%20del%20libro%20PRENDAS%20%C3%8DNTIMAS.%20%28CAT%C3%81LOGO%20UNISEX%29%20de%20FIGU%20GARC%C3%8DA&#038;via=poesiaerestu&#038;related=poesiaerestu' target='_blank' class='bctt-ctt-btn'rel=\"noopener noreferrer\">Compartir en X<\/a><\/span>[\/vc_column_text][\/vc_column][\/vc_row][vc_row][vc_column extend=&#8221;false&#8221;]<div class='gambit_parallax_row' data-bg-align='' data-direction='fixed' data-opacity='100' data-velocity='-0.3' data-mobile-enabled='' data-bg-height='516' data-bg-width='1024' data-bg-image='https:\/\/nuestrosescritores.com\/figugarcia\/wp-content\/uploads\/sites\/211\/2025\/08\/Editor_prueba-de-Contraportada_1-1.webp' data-bg-repeat='false' data-id='' style='display: none'><\/div><div class=\"gambit_fullheight_row\" data-content-location=\"center\" style=\"display: none\"><\/div>[vc_column_text css=&#8221;&#8221;]\n<p style=\"text-align: center;\"><a class=\"fasc-button fasc-size-xlarge fasc-type-glossy fasc-rounded-medium\" style=\"background-color: #33809e; color: #ffffff;\" href=\"https:\/\/gepa.es\/producto\/prendas-intimas-catalogo-unisex-figu-garcia\/\">Comprar el libro<\/a><\/p>\n[\/vc_column_text][\/vc_column][\/vc_row]\n<\/div>","protected":false},"excerpt":{"rendered":"<p>[vc_row full_width=&#8221;stretch_row_content_no_spaces&#8221;][vc_column extend=&#8221;false&#8221;][\/vc_column][\/vc_row][vc_row css=&#8221;.vc_custom_1756590031124{padding: 10% !important;}&#8221;][vc_column extend=&#8221;false&#8221;][vc_column_text css=&#8221;&#8221;] PRENDAS \u00cdNTIMAS &nbsp; Ocurre que, no siempre s\u00e9 si escribo, o si me desvisto sobre una p\u00e1gina en blanco. &nbsp; Guardo versos en falsos bolsillos, entre costuras abiertas y forros vencidos, en los dobleces del pecho, entre latidos inquietos. Tejiendo, sobre jir\u00f3n y tachones, con hilos de [&hellip;]<\/p>\n","protected":false},"author":1,"featured_media":204,"parent":0,"menu_order":0,"comment_status":"closed","ping_status":"closed","template":"","meta":{"_acf_changed":false,"footnotes":""},"class_list":["post-203","page","type-page","status-publish","has-post-thumbnail","hentry"],"acf":[],"yoast_head":"<!-- This site is optimized with the Yoast SEO Premium plugin v24.7 (Yoast SEO v27.4) - https:\/\/yoast.com\/product\/yoast-seo-premium-wordpress\/ -->\n<title>POES\u00cdAS - Figu Garc\u00eda<\/title>\n<meta name=\"description\" content=\"Poes\u00edas del libro Prendas \u00edntimas (Cat\u00e1logo Unisex). El escritor Figu Garc\u00eda nos da una muestra tras publicar un libro de poes\u00edas.\" \/>\n<meta name=\"robots\" content=\"index, follow, max-snippet:-1, max-image-preview:large, max-video-preview:-1\" \/>\n<link rel=\"canonical\" href=\"https:\/\/nuestrosescritores.com\/figugarcia\/poesias\/\" \/>\n<meta property=\"og:locale\" content=\"es_ES\" \/>\n<meta property=\"og:type\" content=\"article\" \/>\n<meta property=\"og:title\" content=\"POES\u00cdAS\" \/>\n<meta property=\"og:description\" content=\"Poes\u00edas del libro Prendas \u00edntimas (Cat\u00e1logo Unisex). El escritor Figu Garc\u00eda nos da una muestra tras publicar un libro de poes\u00edas.\" \/>\n<meta property=\"og:url\" content=\"https:\/\/nuestrosescritores.com\/figugarcia\/poesias\/\" \/>\n<meta property=\"og:site_name\" content=\"Figu Garc\u00eda\" \/>\n<meta property=\"article:modified_time\" content=\"2025-08-30T21:41:44+00:00\" \/>\n<meta property=\"og:image\" content=\"http:\/\/nuestrosescritores.com\/figugarcia\/wp-content\/uploads\/sites\/211\/2025\/08\/Editor_prueba-de-Contraportada_1-1.webp\" \/>\n\t<meta property=\"og:image:width\" content=\"1024\" \/>\n\t<meta property=\"og:image:height\" content=\"516\" \/>\n\t<meta property=\"og:image:type\" content=\"image\/webp\" \/>\n<meta name=\"twitter:card\" content=\"summary_large_image\" \/>\n<meta name=\"twitter:label1\" content=\"Tiempo de lectura\" \/>\n\t<meta name=\"twitter:data1\" content=\"4 minutos\" \/>\n<script type=\"application\/ld+json\" class=\"yoast-schema-graph\">{\"@context\":\"https:\\\/\\\/schema.org\",\"@graph\":[{\"@type\":\"WebPage\",\"@id\":\"https:\\\/\\\/nuestrosescritores.com\\\/figugarcia\\\/poesias\\\/\",\"url\":\"https:\\\/\\\/nuestrosescritores.com\\\/figugarcia\\\/poesias\\\/\",\"name\":\"POES\u00cdAS - Figu Garc\u00eda\",\"isPartOf\":{\"@id\":\"https:\\\/\\\/nuestrosescritores.com\\\/figugarcia\\\/#website\"},\"primaryImageOfPage\":{\"@id\":\"https:\\\/\\\/nuestrosescritores.com\\\/figugarcia\\\/poesias\\\/#primaryimage\"},\"image\":{\"@id\":\"https:\\\/\\\/nuestrosescritores.com\\\/figugarcia\\\/poesias\\\/#primaryimage\"},\"thumbnailUrl\":\"https:\\\/\\\/nuestrosescritores.com\\\/figugarcia\\\/wp-content\\\/uploads\\\/sites\\\/211\\\/2025\\\/08\\\/Editor_prueba-de-Contraportada_1-1.webp\",\"datePublished\":\"2025-08-30T21:39:31+00:00\",\"dateModified\":\"2025-08-30T21:41:44+00:00\",\"description\":\"Poes\u00edas del libro Prendas \u00edntimas (Cat\u00e1logo Unisex). El escritor Figu Garc\u00eda nos da una muestra tras publicar un libro de poes\u00edas.\",\"breadcrumb\":{\"@id\":\"https:\\\/\\\/nuestrosescritores.com\\\/figugarcia\\\/poesias\\\/#breadcrumb\"},\"inLanguage\":\"es\",\"potentialAction\":[{\"@type\":\"ReadAction\",\"target\":[\"https:\\\/\\\/nuestrosescritores.com\\\/figugarcia\\\/poesias\\\/\"]}]},{\"@type\":\"ImageObject\",\"inLanguage\":\"es\",\"@id\":\"https:\\\/\\\/nuestrosescritores.com\\\/figugarcia\\\/poesias\\\/#primaryimage\",\"url\":\"https:\\\/\\\/nuestrosescritores.com\\\/figugarcia\\\/wp-content\\\/uploads\\\/sites\\\/211\\\/2025\\\/08\\\/Editor_prueba-de-Contraportada_1-1.webp\",\"contentUrl\":\"https:\\\/\\\/nuestrosescritores.com\\\/figugarcia\\\/wp-content\\\/uploads\\\/sites\\\/211\\\/2025\\\/08\\\/Editor_prueba-de-Contraportada_1-1.webp\",\"width\":1024,\"height\":516},{\"@type\":\"BreadcrumbList\",\"@id\":\"https:\\\/\\\/nuestrosescritores.com\\\/figugarcia\\\/poesias\\\/#breadcrumb\",\"itemListElement\":[{\"@type\":\"ListItem\",\"position\":1,\"name\":\"Portada\",\"item\":\"https:\\\/\\\/nuestrosescritores.com\\\/figugarcia\\\/\"},{\"@type\":\"ListItem\",\"position\":2,\"name\":\"POES\u00cdAS\"}]},{\"@type\":\"WebSite\",\"@id\":\"https:\\\/\\\/nuestrosescritores.com\\\/figugarcia\\\/#website\",\"url\":\"https:\\\/\\\/nuestrosescritores.com\\\/figugarcia\\\/\",\"name\":\"Nuestros escritores\",\"description\":\"Escritor\",\"potentialAction\":[{\"@type\":\"SearchAction\",\"target\":{\"@type\":\"EntryPoint\",\"urlTemplate\":\"https:\\\/\\\/nuestrosescritores.com\\\/figugarcia\\\/?s={search_term_string}\"},\"query-input\":{\"@type\":\"PropertyValueSpecification\",\"valueRequired\":true,\"valueName\":\"search_term_string\"}}],\"inLanguage\":\"es\"}]}<\/script>\n<!-- \/ Yoast SEO Premium plugin. -->","yoast_head_json":{"title":"POES\u00cdAS - Figu Garc\u00eda","description":"Poes\u00edas del libro Prendas \u00edntimas (Cat\u00e1logo Unisex). El escritor Figu Garc\u00eda nos da una muestra tras publicar un libro de poes\u00edas.","robots":{"index":"index","follow":"follow","max-snippet":"max-snippet:-1","max-image-preview":"max-image-preview:large","max-video-preview":"max-video-preview:-1"},"canonical":"https:\/\/nuestrosescritores.com\/figugarcia\/poesias\/","og_locale":"es_ES","og_type":"article","og_title":"POES\u00cdAS","og_description":"Poes\u00edas del libro Prendas \u00edntimas (Cat\u00e1logo Unisex). El escritor Figu Garc\u00eda nos da una muestra tras publicar un libro de poes\u00edas.","og_url":"https:\/\/nuestrosescritores.com\/figugarcia\/poesias\/","og_site_name":"Figu Garc\u00eda","article_modified_time":"2025-08-30T21:41:44+00:00","og_image":[{"width":1024,"height":516,"url":"http:\/\/nuestrosescritores.com\/figugarcia\/wp-content\/uploads\/sites\/211\/2025\/08\/Editor_prueba-de-Contraportada_1-1.webp","type":"image\/webp"}],"twitter_card":"summary_large_image","twitter_misc":{"Tiempo de lectura":"4 minutos"},"schema":{"@context":"https:\/\/schema.org","@graph":[{"@type":"WebPage","@id":"https:\/\/nuestrosescritores.com\/figugarcia\/poesias\/","url":"https:\/\/nuestrosescritores.com\/figugarcia\/poesias\/","name":"POES\u00cdAS - Figu Garc\u00eda","isPartOf":{"@id":"https:\/\/nuestrosescritores.com\/figugarcia\/#website"},"primaryImageOfPage":{"@id":"https:\/\/nuestrosescritores.com\/figugarcia\/poesias\/#primaryimage"},"image":{"@id":"https:\/\/nuestrosescritores.com\/figugarcia\/poesias\/#primaryimage"},"thumbnailUrl":"https:\/\/nuestrosescritores.com\/figugarcia\/wp-content\/uploads\/sites\/211\/2025\/08\/Editor_prueba-de-Contraportada_1-1.webp","datePublished":"2025-08-30T21:39:31+00:00","dateModified":"2025-08-30T21:41:44+00:00","description":"Poes\u00edas del libro Prendas \u00edntimas (Cat\u00e1logo Unisex). El escritor Figu Garc\u00eda nos da una muestra tras publicar un libro de poes\u00edas.","breadcrumb":{"@id":"https:\/\/nuestrosescritores.com\/figugarcia\/poesias\/#breadcrumb"},"inLanguage":"es","potentialAction":[{"@type":"ReadAction","target":["https:\/\/nuestrosescritores.com\/figugarcia\/poesias\/"]}]},{"@type":"ImageObject","inLanguage":"es","@id":"https:\/\/nuestrosescritores.com\/figugarcia\/poesias\/#primaryimage","url":"https:\/\/nuestrosescritores.com\/figugarcia\/wp-content\/uploads\/sites\/211\/2025\/08\/Editor_prueba-de-Contraportada_1-1.webp","contentUrl":"https:\/\/nuestrosescritores.com\/figugarcia\/wp-content\/uploads\/sites\/211\/2025\/08\/Editor_prueba-de-Contraportada_1-1.webp","width":1024,"height":516},{"@type":"BreadcrumbList","@id":"https:\/\/nuestrosescritores.com\/figugarcia\/poesias\/#breadcrumb","itemListElement":[{"@type":"ListItem","position":1,"name":"Portada","item":"https:\/\/nuestrosescritores.com\/figugarcia\/"},{"@type":"ListItem","position":2,"name":"POES\u00cdAS"}]},{"@type":"WebSite","@id":"https:\/\/nuestrosescritores.com\/figugarcia\/#website","url":"https:\/\/nuestrosescritores.com\/figugarcia\/","name":"Nuestros escritores","description":"Escritor","potentialAction":[{"@type":"SearchAction","target":{"@type":"EntryPoint","urlTemplate":"https:\/\/nuestrosescritores.com\/figugarcia\/?s={search_term_string}"},"query-input":{"@type":"PropertyValueSpecification","valueRequired":true,"valueName":"search_term_string"}}],"inLanguage":"es"}]}},"_links":{"self":[{"href":"https:\/\/nuestrosescritores.com\/figugarcia\/wp-json\/wp\/v2\/pages\/203","targetHints":{"allow":["GET"]}}],"collection":[{"href":"https:\/\/nuestrosescritores.com\/figugarcia\/wp-json\/wp\/v2\/pages"}],"about":[{"href":"https:\/\/nuestrosescritores.com\/figugarcia\/wp-json\/wp\/v2\/types\/page"}],"author":[{"embeddable":true,"href":"https:\/\/nuestrosescritores.com\/figugarcia\/wp-json\/wp\/v2\/users\/1"}],"replies":[{"embeddable":true,"href":"https:\/\/nuestrosescritores.com\/figugarcia\/wp-json\/wp\/v2\/comments?post=203"}],"version-history":[{"count":0,"href":"https:\/\/nuestrosescritores.com\/figugarcia\/wp-json\/wp\/v2\/pages\/203\/revisions"}],"wp:featuredmedia":[{"embeddable":true,"href":"https:\/\/nuestrosescritores.com\/figugarcia\/wp-json\/wp\/v2\/media\/204"}],"wp:attachment":[{"href":"https:\/\/nuestrosescritores.com\/figugarcia\/wp-json\/wp\/v2\/media?parent=203"}],"curies":[{"name":"wp","href":"https:\/\/api.w.org\/{rel}","templated":true}]}}