{"id":87,"date":"2024-11-10T11:19:27","date_gmt":"2024-11-10T10:19:27","guid":{"rendered":"https:\/\/nuestrosescritores.com\/fernandoleondeaguiar\/?page_id=87"},"modified":"2024-11-10T11:30:27","modified_gmt":"2024-11-10T10:30:27","slug":"poesia","status":"publish","type":"page","link":"https:\/\/nuestrosescritores.com\/fernandoleondeaguiar\/poesia\/","title":{"rendered":"POES\u00cdA"},"content":{"rendered":"\t\t<div data-elementor-type=\"wp-page\" data-elementor-id=\"87\" class=\"elementor elementor-87\">\n\t\t\t\t\t\t<section class=\"elementor-section elementor-top-section elementor-element elementor-element-56968c9b elementor-section-full_width elementor-section-height-full elementor-section-content-middle back elementor-section-height-default elementor-section-items-middle\" data-id=\"56968c9b\" data-element_type=\"section\" data-e-type=\"section\">\n\t\t\t\t\t\t\t<div class=\"elementor-background-overlay\"><\/div>\n\t\t\t\t\t\t\t<div class=\"elementor-container elementor-column-gap-no\">\n\t\t\t\t\t<div class=\"aux-parallax-section elementor-column elementor-col-100 elementor-top-column elementor-element elementor-element-392a003d\" data-id=\"392a003d\" data-element_type=\"column\" data-e-type=\"column\">\n\t\t\t<div class=\"elementor-widget-wrap\">\n\t\t\t\t\t\t\t<\/div>\n\t\t<\/div>\n\t\t\t\t\t<\/div>\n\t\t<\/section>\n\t\t\t\t<section class=\"elementor-section elementor-top-section elementor-element elementor-element-6cf26203 elementor-section-boxed elementor-section-height-default elementor-section-height-default\" data-id=\"6cf26203\" data-element_type=\"section\" data-e-type=\"section\">\n\t\t\t\t\t\t<div class=\"elementor-container elementor-column-gap-default\">\n\t\t\t\t\t<div class=\"aux-parallax-section elementor-column elementor-col-100 elementor-top-column elementor-element elementor-element-7f3c236\" data-id=\"7f3c236\" data-element_type=\"column\" data-e-type=\"column\">\n\t\t\t<div class=\"elementor-widget-wrap elementor-element-populated\">\n\t\t\t\t\t\t<div class=\"elementor-element elementor-element-7d43cc13 elementor-widget elementor-widget-text-editor\" data-id=\"7d43cc13\" data-element_type=\"widget\" data-e-type=\"widget\" data-widget_type=\"text-editor.default\">\n\t\t\t\t<div class=\"elementor-widget-container\">\n\t\t\t\t\t\t\t\t\t<h1><a name=\"_Toc171006040\"><\/a><strong>CAZADOR DE TORMENTAS<\/strong><\/h1><p>Tras varios a\u00f1os de esos vac\u00edos,<\/p><p>de esos a\u00f1os en que no te dejas sentir,<\/p><p>que vas de una cama a otra, y a otra,<\/p><p>de esos a\u00f1os sobre los que prefieres mentir,<\/p><p>y que solo t\u00fa sabes cu\u00e1nto dolieron.<\/p><p>Pero si esos a\u00f1os para algo sirvieron,<\/p><p>es para saber que no me gustan las mujeres sombrero,<\/p><p>esos romances de una estaci\u00f3n como los vaqueros,<\/p><p>de esas pasiones sin sentimientos,<\/p><p>vamos que no me van los amores calmado,<\/p><p>de esas vidas sumidas en lo mon\u00f3tono,<\/p><p>vamos que todos hemos tenido el coraz\u00f3n roto.<\/p><p>Digamos entonces que viene de Venus,<\/p><p>o que ataca con los rayos de Zeus,<\/p><p>Venga que te apetece quedarte es esa tormenta.<\/p><p>Sucede cada tres semanas,<\/p><p>dura dicen los expertos que tres d\u00edas,<\/p><p>si me preguntas a mi parecer,<\/p><p>dura 3 d\u00edas en M\u00e1laga,<\/p><p>y otros 20 la sigo sintiendo en Barcelona.<\/p><p>Pues s\u00ed&#8230;<\/p><p>\u00a0\u00a0\u00a0\u00a0\u00a0\u00a0\u00a0 Creo que me convertir\u00e9&#8230;<\/p><p>\u00a0\u00a0\u00a0\u00a0\u00a0\u00a0\u00a0\u00a0\u00a0\u00a0\u00a0\u00a0\u00a0\u00a0\u00a0\u00a0\u00a0\u00a0\u00a0\u00a0\u00a0\u00a0\u00a0\u00a0\u00a0\u00a0\u00a0\u00a0\u00a0\u00a0\u00a0 En el cazador sus tormentas&#8230;<\/p><p><span class='bctt-click-to-tweet'><span class='bctt-ctt-text'><a href='https:\/\/x.com\/intent\/tweet?url=https%3A%2F%2Fnuestrosescritores.com%2Ffernandoleondeaguiar%2Fpoesia%2F&#038;text=CAZADOR%20DE%20TORMENTAS%20del%20libro%20UN%20CAZADOR%20DE%20TORMENTAS%20de%20FERNANDO%20LE%C3%93N%20DE%20AGUIAR.&#038;related' target='_blank'rel=\"noopener noreferrer\">CAZADOR DE TORMENTAS del libro UN CAZADOR DE TORMENTAS de FERNANDO LE\u00d3N DE AGUIAR. <\/a><\/span><a href='https:\/\/x.com\/intent\/tweet?url=https%3A%2F%2Fnuestrosescritores.com%2Ffernandoleondeaguiar%2Fpoesia%2F&#038;text=CAZADOR%20DE%20TORMENTAS%20del%20libro%20UN%20CAZADOR%20DE%20TORMENTAS%20de%20FERNANDO%20LE%C3%93N%20DE%20AGUIAR.&#038;related' target='_blank' class='bctt-ctt-btn'rel=\"noopener noreferrer\">Compartir en X<\/a><\/span><\/p>\t\t\t\t\t\t\t\t<\/div>\n\t\t\t\t<\/div>\n\t\t\t\t\t<\/div>\n\t\t<\/div>\n\t\t\t\t\t<\/div>\n\t\t<\/section>\n\t\t\t\t<section class=\"elementor-section elementor-top-section elementor-element elementor-element-4c637ff8 elementor-section-height-full elementor-section-content-middle back elementor-section-boxed elementor-section-height-default elementor-section-items-middle\" data-id=\"4c637ff8\" data-element_type=\"section\" data-e-type=\"section\">\n\t\t\t\t\t\t\t<div class=\"elementor-background-overlay\"><\/div>\n\t\t\t\t\t\t\t<div class=\"elementor-container elementor-column-gap-no\">\n\t\t\t\t\t<div class=\"aux-parallax-section elementor-column elementor-col-100 elementor-top-column elementor-element elementor-element-44f1914b\" data-id=\"44f1914b\" data-element_type=\"column\" data-e-type=\"column\">\n\t\t\t<div class=\"elementor-widget-wrap\">\n\t\t\t\t\t\t\t<\/div>\n\t\t<\/div>\n\t\t\t\t\t<\/div>\n\t\t<\/section>\n\t\t\t\t<section class=\"elementor-section elementor-top-section elementor-element elementor-element-6ceccdee elementor-section-full_width elementor-section-height-full elementor-section-height-default elementor-section-items-middle\" data-id=\"6ceccdee\" data-element_type=\"section\" data-e-type=\"section\">\n\t\t\t\t\t\t<div class=\"elementor-container elementor-column-gap-default\">\n\t\t\t\t\t<div class=\"aux-parallax-section elementor-column elementor-col-100 elementor-top-column elementor-element elementor-element-5ba78d01\" data-id=\"5ba78d01\" data-element_type=\"column\" data-e-type=\"column\">\n\t\t\t<div class=\"elementor-widget-wrap elementor-element-populated\">\n\t\t\t\t\t\t<div class=\"elementor-element elementor-element-3c7bc90a elementor-widget elementor-widget-text-editor\" data-id=\"3c7bc90a\" data-element_type=\"widget\" data-e-type=\"widget\" data-widget_type=\"text-editor.default\">\n\t\t\t\t<div class=\"elementor-widget-container\">\n\t\t\t\t\t\t\t\t\t<h1><a name=\"_Toc132999983\"><\/a><\/h1><h1><a name=\"_Toc132999987\"><\/a><\/h1><h1><a name=\"_Toc171006045\"><\/a><strong>Motivos para huir y una verdad para quedarse<\/strong><\/h1><p>El miedo a intentarlo te rompe,<\/p><p>a no ser suficiente para ella,<\/p><p>o quiz\u00e1s que te cambie por otra boca,<\/p><p>puede que no querer volver a llorar,<\/p><p>temor a qu\u00e9 pasar\u00e1 si te enamoras,<\/p><p>\u00bfc\u00f3mo quererla a la distancia?,<\/p><p>pero es que te aterra,<\/p><p>despertar ma\u00f1ana por la ma\u00f1ana,<\/p><p>sin haber podido siquiera so\u00f1arla,<\/p><p>lo que llamamos motivos para huir&#8230;<\/p><p>son solo miedos de perderla,<\/p><p>y es que en el fondo conoces la verdad,<\/p><p>no es m\u00e1s que todas tus heridas,<\/p><p>sinti\u00e9ndola pasar de cuclillas,<\/p><p>directamente al centro de ti,<\/p><p>y tus motivos no soy m\u00e1s que el miedo de tu piel,<\/p><p>a otra herida, a volver a sentir,<\/p><p>y la verdad es que tienes miedo de perderla,<\/p><p>son naturales tus ganas de huir,<\/p><p>al igual que tus ganas de besarla.<\/p><p>Resumen de la verdad para quedarte<\/p><p>\u00a0\u00a0\u00a0\u00a0\u00a0\u00a0\u00a0\u00a0\u00a0\u00a0\u00a0 Ella.<\/p><p><span class='bctt-click-to-tweet'><span class='bctt-ctt-text'><a href='https:\/\/x.com\/intent\/tweet?url=https%3A%2F%2Fnuestrosescritores.com%2Ffernandoleondeaguiar%2Fpoesia%2F&#038;text=Motivos%20para%20huir%20y%20una%20verdad%20para%20quedarse%20del%20libro%20UN%20CAZADOR%20DE%20TORMENTAS%20de%20FERNANDO%20LE%C3%93N%20DE%20AGUIAR.&#038;related' target='_blank'rel=\"noopener noreferrer\">Motivos para huir y una verdad para quedarse del libro UN CAZADOR DE TORMENTAS de FERNANDO LE\u00d3N DE AGUIAR. <\/a><\/span><a href='https:\/\/x.com\/intent\/tweet?url=https%3A%2F%2Fnuestrosescritores.com%2Ffernandoleondeaguiar%2Fpoesia%2F&#038;text=Motivos%20para%20huir%20y%20una%20verdad%20para%20quedarse%20del%20libro%20UN%20CAZADOR%20DE%20TORMENTAS%20de%20FERNANDO%20LE%C3%93N%20DE%20AGUIAR.&#038;related' target='_blank' class='bctt-ctt-btn'rel=\"noopener noreferrer\">Compartir en X<\/a><\/span><\/p>\t\t\t\t\t\t\t\t<\/div>\n\t\t\t\t<\/div>\n\t\t\t\t\t<\/div>\n\t\t<\/div>\n\t\t\t\t\t<\/div>\n\t\t<\/section>\n\t\t\t\t<section class=\"elementor-section elementor-top-section elementor-element elementor-element-7f0ceeb2 elementor-section-full_width elementor-section-height-full elementor-section-content-middle back elementor-section-height-default elementor-section-items-middle\" data-id=\"7f0ceeb2\" data-element_type=\"section\" data-e-type=\"section\">\n\t\t\t\t\t\t\t<div class=\"elementor-background-overlay\"><\/div>\n\t\t\t\t\t\t\t<div class=\"elementor-container elementor-column-gap-no\">\n\t\t\t\t\t<div class=\"aux-parallax-section elementor-column elementor-col-100 elementor-top-column elementor-element elementor-element-5b6e371f\" data-id=\"5b6e371f\" data-element_type=\"column\" data-e-type=\"column\">\n\t\t\t<div class=\"elementor-widget-wrap\">\n\t\t\t\t\t\t\t<\/div>\n\t\t<\/div>\n\t\t\t\t\t<\/div>\n\t\t<\/section>\n\t\t\t\t<section class=\"elementor-section elementor-top-section elementor-element elementor-element-d60f485 elementor-section-boxed elementor-section-height-default elementor-section-height-default\" data-id=\"d60f485\" data-element_type=\"section\" data-e-type=\"section\">\n\t\t\t\t\t\t<div class=\"elementor-container elementor-column-gap-default\">\n\t\t\t\t\t<div class=\"aux-parallax-section elementor-column elementor-col-100 elementor-top-column elementor-element elementor-element-64a25c81\" data-id=\"64a25c81\" data-element_type=\"column\" data-e-type=\"column\">\n\t\t\t<div class=\"elementor-widget-wrap elementor-element-populated\">\n\t\t\t\t\t\t<div class=\"elementor-element elementor-element-209de285 elementor-widget elementor-widget-text-editor\" data-id=\"209de285\" data-element_type=\"widget\" data-e-type=\"widget\" data-widget_type=\"text-editor.default\">\n\t\t\t\t<div class=\"elementor-widget-container\">\n\t\t\t\t\t\t\t\t\t<h1><a name=\"_Toc132999983\"><\/a><\/h1><h1><a name=\"_Toc132999987\"><\/a><\/h1><h1><a name=\"_Toc133000005\"><\/a><\/h1><h1><a name=\"_Toc171006066\"><\/a><strong>A VECES QUIERO<\/strong><\/h1><p>A veces quiero que sepas,<\/p><p>que me despierto por las noches,<\/p><p>so\u00f1ando con tus caricias,<\/p><p>escuchando la melod\u00eda de tu sonrisa,<\/p><p>con las ganas en la piel de que me beses.<\/p><p>A veces quiero contarte,<\/p><p>que tu silencio a mi lado suena a melod\u00eda,<\/p><p>que cuando me hablas le pones color a mi d\u00eda,<\/p><p>que admiro c\u00f3mo lograste vencer mi cobard\u00eda,<\/p><p>que dejarme ser parte de la historia de tu vida,<\/p><p>ha sido el mejor regalo que me han dado.<\/p><p>A veces quiero decirte,<\/p><p>que acaricio las marcas de tus u\u00f1as dentro de m\u00ed,<\/p><p>que siento tus caricias por debajo de mi piel,<\/p><p>que llevo noches intent\u00e1ndolas llevar al papel,<\/p><p>que mis mejores d\u00edas siempre son esos en los que te vi.<\/p><p>A veces tambi\u00e9n deber\u00edas saber,<\/p><p>que hace d\u00edas duermo con la ventana abierta,<\/p><p>que he dejado de pasarle las llaves a mi puerta,<\/p><p>por si alguna noche quieres volar a mis sue\u00f1os,<\/p><p>as\u00ed ser\u00eda mucho m\u00e1s bonito el despertar ma\u00f1ana.<\/p><p>Gracias por dejarme quererte,<\/p><p>por dejarme ser parte de tu historia,<\/p><p>por darle color a mi poes\u00eda,<\/p><p>por no dejarte vencer por la cobard\u00eda.<\/p><p><span class='bctt-click-to-tweet'><span class='bctt-ctt-text'><a href='https:\/\/x.com\/intent\/tweet?url=https%3A%2F%2Fnuestrosescritores.com%2Ffernandoleondeaguiar%2Fpoesia%2F&#038;text=A%20VECES%20QUIERO%20del%20libro%20UN%20CAZADOR%20DE%20TORMENTAS%20de%20FERNANDO%20LE%C3%93N%20DE%20AGUIAR.&#038;related' target='_blank'rel=\"noopener noreferrer\">A VECES QUIERO del libro UN CAZADOR DE TORMENTAS de FERNANDO LE\u00d3N DE AGUIAR. <\/a><\/span><a href='https:\/\/x.com\/intent\/tweet?url=https%3A%2F%2Fnuestrosescritores.com%2Ffernandoleondeaguiar%2Fpoesia%2F&#038;text=A%20VECES%20QUIERO%20del%20libro%20UN%20CAZADOR%20DE%20TORMENTAS%20de%20FERNANDO%20LE%C3%93N%20DE%20AGUIAR.&#038;related' target='_blank' class='bctt-ctt-btn'rel=\"noopener noreferrer\">Compartir en X<\/a><\/span><\/p>\t\t\t\t\t\t\t\t<\/div>\n\t\t\t\t<\/div>\n\t\t\t\t\t<\/div>\n\t\t<\/div>\n\t\t\t\t\t<\/div>\n\t\t<\/section>\n\t\t\t\t<section class=\"elementor-section elementor-top-section elementor-element elementor-element-71501189 elementor-section-full_width elementor-section-height-full elementor-section-content-middle back elementor-section-height-default elementor-section-items-middle\" data-id=\"71501189\" data-element_type=\"section\" data-e-type=\"section\">\n\t\t\t\t\t\t\t<div class=\"elementor-background-overlay\"><\/div>\n\t\t\t\t\t\t\t<div class=\"elementor-container elementor-column-gap-no\">\n\t\t\t\t\t<div class=\"aux-parallax-section elementor-column elementor-col-100 elementor-top-column elementor-element elementor-element-9717059\" data-id=\"9717059\" data-element_type=\"column\" data-e-type=\"column\">\n\t\t\t<div class=\"elementor-widget-wrap\">\n\t\t\t\t\t\t\t<\/div>\n\t\t<\/div>\n\t\t\t\t\t<\/div>\n\t\t<\/section>\n\t\t\t\t<section class=\"elementor-section elementor-top-section elementor-element elementor-element-7cda50df elementor-section-boxed elementor-section-height-default elementor-section-height-default\" data-id=\"7cda50df\" data-element_type=\"section\" data-e-type=\"section\">\n\t\t\t\t\t\t<div class=\"elementor-container elementor-column-gap-default\">\n\t\t\t\t\t<div class=\"aux-parallax-section elementor-column elementor-col-100 elementor-top-column elementor-element elementor-element-33739b14\" data-id=\"33739b14\" data-element_type=\"column\" data-e-type=\"column\">\n\t\t\t<div class=\"elementor-widget-wrap elementor-element-populated\">\n\t\t\t\t\t\t<div class=\"elementor-element elementor-element-44b52038 elementor-widget elementor-widget-text-editor\" data-id=\"44b52038\" data-element_type=\"widget\" data-e-type=\"widget\" data-widget_type=\"text-editor.default\">\n\t\t\t\t<div class=\"elementor-widget-container\">\n\t\t\t\t\t\t\t\t\t<h1><a name=\"_Toc133000005\"><\/a><\/h1><h1><a name=\"_Toc133000014\"><\/a><\/h1><h1><a name=\"_Toc171006072\"><\/a><strong>Despedida<\/strong><\/h1><p>Me desped\u00ed de ti con l\u00e1grimas en los ojos,<\/p><p>rumbo a coger un vuelo a otros mares,<\/p><p>con el alma llena de temores,<\/p><p>sin saber si alg\u00fan d\u00eda volver\u00edamos a vernos,<\/p><p>hoy miro con nostalgia los d\u00edas que vivimos,<\/p><p>las noches que a tu lado tocaban lo ut\u00f3pico,<\/p><p>met\u00ed en mi equipaje,<\/p><p>en olor del atardecer en su mar,<\/p><p>la sal que la humedad dej\u00f3 en mi cuerpo,<\/p><p>el sonido de su voz por si la olvido,<\/p><p>mis ganas de volver a estar contigo,<\/p><p>porque s\u00e9 que volveremos a vernos,<\/p><p>ya sea en esta vida o en la siguiente,<\/p><p>me desped\u00ed de ti con el alma ilusionada,<\/p><p>sonriendo como cada vez que pienso en volver a verte,<\/p><p>aunque s\u00e9 que a final nada ser\u00e1 tan f\u00e1cil,<\/p><p>es que el mundo siempre lo hace m\u00e1s dif\u00edcil,<\/p><p>hoy espero con ansias el volver a abrazarte,<\/p><p>me calma sentirte tan cerca en cada llamada.<\/p><p>Hoy espero con ansias ese instante,<\/p><p>en que mandemos a la mierda,<\/p><p>a nuestros jefes,<\/p><p>a los pol\u00edticos,<\/p><p>a tu hermano,<\/p><p>a los gilipollas de nuestros ex,<\/p><p>a los polic\u00edas,<\/p><p>a cualquier subnormal,<\/p><p>que se lo ocurra intentar da\u00f1ar ese momento,<\/p><p>en que vuelvan a encontrarse nuestras miradas,<\/p><p>en el que mi piel vuelva a sentir tus caricias,<\/p><p>en el que pongamos en pausa el tiempo,<\/p><p>y para el mundo solo importemos nosotros.<\/p><p><span class='bctt-click-to-tweet'><span class='bctt-ctt-text'><a href='https:\/\/x.com\/intent\/tweet?url=https%3A%2F%2Fnuestrosescritores.com%2Ffernandoleondeaguiar%2Fpoesia%2F&#038;text=Despedida%20del%20libro%20UN%20CAZADOR%20DE%20TORMENTAS%20de%20FERNANDO%20LE%C3%93N%20DE%20AGUIAR.&#038;related' target='_blank'rel=\"noopener noreferrer\">Despedida del libro UN CAZADOR DE TORMENTAS de FERNANDO LE\u00d3N DE AGUIAR. <\/a><\/span><a href='https:\/\/x.com\/intent\/tweet?url=https%3A%2F%2Fnuestrosescritores.com%2Ffernandoleondeaguiar%2Fpoesia%2F&#038;text=Despedida%20del%20libro%20UN%20CAZADOR%20DE%20TORMENTAS%20de%20FERNANDO%20LE%C3%93N%20DE%20AGUIAR.&#038;related' target='_blank' class='bctt-ctt-btn'rel=\"noopener noreferrer\">Compartir en X<\/a><\/span><\/p>\t\t\t\t\t\t\t\t<\/div>\n\t\t\t\t<\/div>\n\t\t\t\t\t<\/div>\n\t\t<\/div>\n\t\t\t\t\t<\/div>\n\t\t<\/section>\n\t\t\t\t<section class=\"elementor-section elementor-top-section elementor-element elementor-element-6f76e929 elementor-section-full_width elementor-section-height-full elementor-section-content-middle back elementor-section-height-default elementor-section-items-middle\" data-id=\"6f76e929\" data-element_type=\"section\" data-e-type=\"section\">\n\t\t\t\t\t\t\t<div class=\"elementor-background-overlay\"><\/div>\n\t\t\t\t\t\t\t<div class=\"elementor-container elementor-column-gap-no\">\n\t\t\t\t\t<div class=\"aux-parallax-section elementor-column elementor-col-100 elementor-top-column elementor-element elementor-element-4640f18f\" data-id=\"4640f18f\" data-element_type=\"column\" data-e-type=\"column\">\n\t\t\t<div class=\"elementor-widget-wrap elementor-element-populated\">\n\t\t\t\t\t\t<div class=\"elementor-element elementor-element-6443e146 elementor-button-success elementor-align-center elementor-widget elementor-widget-button\" data-id=\"6443e146\" data-element_type=\"widget\" data-e-type=\"widget\" data-widget_type=\"button.default\">\n\t\t\t\t<div class=\"elementor-widget-container\">\n\t\t\t\t\t\t\t\t\t<div class=\"elementor-button-wrapper\">\n\t\t\t\t\t<a class=\"elementor-button elementor-button-link elementor-size-xl\" href=\"https:\/\/gepa.es\/producto\/un-cazador-de-tormentas-fernando-leon-de-aguiar\/\">\n\t\t\t\t\t\t<span class=\"elementor-button-content-wrapper\">\n\t\t\t\t\t\t\t\t\t<span class=\"elementor-button-text\">COMPRAR EL LIBRO<\/span>\n\t\t\t\t\t<\/span>\n\t\t\t\t\t<\/a>\n\t\t\t\t<\/div>\n\t\t\t\t\t\t\t\t<\/div>\n\t\t\t\t<\/div>\n\t\t\t\t\t<\/div>\n\t\t<\/div>\n\t\t\t\t\t<\/div>\n\t\t<\/section>\n\t\t\t\t<\/div>\n\t\t","protected":false},"excerpt":{"rendered":"<p>CAZADOR DE TORMENTAS Tras varios a\u00f1os de esos vac\u00edos, de esos a\u00f1os en que no te dejas sentir, que vas de una cama a otra, y a otra, de esos a\u00f1os sobre los que prefieres mentir, y que solo t\u00fa sabes cu\u00e1nto dolieron. Pero si esos a\u00f1os para algo sirvieron, es para saber que no [&hellip;]<\/p>\n","protected":false},"author":1,"featured_media":0,"parent":0,"menu_order":0,"comment_status":"closed","ping_status":"closed","template":"","meta":{"_acf_changed":false,"footnotes":""},"class_list":["post-87","page","type-page","status-publish","hentry"],"acf":[],"yoast_head":"<!-- This site is optimized with the Yoast SEO Premium plugin v24.7 (Yoast SEO v27.5) - https:\/\/yoast.com\/product\/yoast-seo-premium-wordpress\/ -->\n<title>POES\u00cdA - Fernando Le\u00f3n de Aguiar<\/title>\n<meta name=\"description\" content=\"Poes\u00eda del libro UN CAZADOR DE TORMENTAS, el escritor nos da una muestra tras publicar un libro con la Editorial Poes\u00eda eres t\u00fa.\" \/>\n<meta name=\"robots\" content=\"index, follow, max-snippet:-1, max-image-preview:large, max-video-preview:-1\" \/>\n<link rel=\"canonical\" href=\"https:\/\/nuestrosescritores.com\/fernandoleondeaguiar\/poesia\/\" \/>\n<meta property=\"og:locale\" content=\"es_ES\" \/>\n<meta property=\"og:type\" content=\"article\" \/>\n<meta property=\"og:title\" content=\"POES\u00cdA\" \/>\n<meta property=\"og:description\" content=\"Poes\u00eda del libro UN CAZADOR DE TORMENTAS, el escritor nos da una muestra tras publicar un libro con la Editorial Poes\u00eda eres t\u00fa.\" \/>\n<meta property=\"og:url\" content=\"https:\/\/nuestrosescritores.com\/fernandoleondeaguiar\/poesia\/\" \/>\n<meta property=\"og:site_name\" content=\"Fernando Le\u00f3n de Aguiar\" \/>\n<meta property=\"article:modified_time\" content=\"2024-11-10T10:30:27+00:00\" \/>\n<meta name=\"twitter:card\" content=\"summary_large_image\" \/>\n<meta name=\"twitter:label1\" content=\"Tiempo de lectura\" \/>\n\t<meta name=\"twitter:data1\" content=\"4 minutos\" \/>\n<script type=\"application\/ld+json\" class=\"yoast-schema-graph\">{\"@context\":\"https:\\\/\\\/schema.org\",\"@graph\":[{\"@type\":\"WebPage\",\"@id\":\"https:\\\/\\\/nuestrosescritores.com\\\/fernandoleondeaguiar\\\/poesia\\\/\",\"url\":\"https:\\\/\\\/nuestrosescritores.com\\\/fernandoleondeaguiar\\\/poesia\\\/\",\"name\":\"POES\u00cdA - Fernando Le\u00f3n de Aguiar\",\"isPartOf\":{\"@id\":\"https:\\\/\\\/nuestrosescritores.com\\\/fernandoleondeaguiar\\\/#website\"},\"datePublished\":\"2024-11-10T10:19:27+00:00\",\"dateModified\":\"2024-11-10T10:30:27+00:00\",\"description\":\"Poes\u00eda del libro UN CAZADOR DE TORMENTAS, el escritor nos da una muestra tras publicar un libro con la Editorial Poes\u00eda eres t\u00fa.\",\"breadcrumb\":{\"@id\":\"https:\\\/\\\/nuestrosescritores.com\\\/fernandoleondeaguiar\\\/poesia\\\/#breadcrumb\"},\"inLanguage\":\"es\",\"potentialAction\":[{\"@type\":\"ReadAction\",\"target\":[\"https:\\\/\\\/nuestrosescritores.com\\\/fernandoleondeaguiar\\\/poesia\\\/\"]}]},{\"@type\":\"BreadcrumbList\",\"@id\":\"https:\\\/\\\/nuestrosescritores.com\\\/fernandoleondeaguiar\\\/poesia\\\/#breadcrumb\",\"itemListElement\":[{\"@type\":\"ListItem\",\"position\":1,\"name\":\"Portada\",\"item\":\"https:\\\/\\\/nuestrosescritores.com\\\/fernandoleondeaguiar\\\/\"},{\"@type\":\"ListItem\",\"position\":2,\"name\":\"POES\u00cdA\"}]},{\"@type\":\"WebSite\",\"@id\":\"https:\\\/\\\/nuestrosescritores.com\\\/fernandoleondeaguiar\\\/#website\",\"url\":\"https:\\\/\\\/nuestrosescritores.com\\\/fernandoleondeaguiar\\\/\",\"name\":\"Nuestros escritores\",\"description\":\"Escritor\",\"potentialAction\":[{\"@type\":\"SearchAction\",\"target\":{\"@type\":\"EntryPoint\",\"urlTemplate\":\"https:\\\/\\\/nuestrosescritores.com\\\/fernandoleondeaguiar\\\/?s={search_term_string}\"},\"query-input\":{\"@type\":\"PropertyValueSpecification\",\"valueRequired\":true,\"valueName\":\"search_term_string\"}}],\"inLanguage\":\"es\"}]}<\/script>\n<!-- \/ Yoast SEO Premium plugin. -->","yoast_head_json":{"title":"POES\u00cdA - Fernando Le\u00f3n de Aguiar","description":"Poes\u00eda del libro UN CAZADOR DE TORMENTAS, el escritor nos da una muestra tras publicar un libro con la Editorial Poes\u00eda eres t\u00fa.","robots":{"index":"index","follow":"follow","max-snippet":"max-snippet:-1","max-image-preview":"max-image-preview:large","max-video-preview":"max-video-preview:-1"},"canonical":"https:\/\/nuestrosescritores.com\/fernandoleondeaguiar\/poesia\/","og_locale":"es_ES","og_type":"article","og_title":"POES\u00cdA","og_description":"Poes\u00eda del libro UN CAZADOR DE TORMENTAS, el escritor nos da una muestra tras publicar un libro con la Editorial Poes\u00eda eres t\u00fa.","og_url":"https:\/\/nuestrosescritores.com\/fernandoleondeaguiar\/poesia\/","og_site_name":"Fernando Le\u00f3n de Aguiar","article_modified_time":"2024-11-10T10:30:27+00:00","twitter_card":"summary_large_image","twitter_misc":{"Tiempo de lectura":"4 minutos"},"schema":{"@context":"https:\/\/schema.org","@graph":[{"@type":"WebPage","@id":"https:\/\/nuestrosescritores.com\/fernandoleondeaguiar\/poesia\/","url":"https:\/\/nuestrosescritores.com\/fernandoleondeaguiar\/poesia\/","name":"POES\u00cdA - Fernando Le\u00f3n de Aguiar","isPartOf":{"@id":"https:\/\/nuestrosescritores.com\/fernandoleondeaguiar\/#website"},"datePublished":"2024-11-10T10:19:27+00:00","dateModified":"2024-11-10T10:30:27+00:00","description":"Poes\u00eda del libro UN CAZADOR DE TORMENTAS, el escritor nos da una muestra tras publicar un libro con la Editorial Poes\u00eda eres t\u00fa.","breadcrumb":{"@id":"https:\/\/nuestrosescritores.com\/fernandoleondeaguiar\/poesia\/#breadcrumb"},"inLanguage":"es","potentialAction":[{"@type":"ReadAction","target":["https:\/\/nuestrosescritores.com\/fernandoleondeaguiar\/poesia\/"]}]},{"@type":"BreadcrumbList","@id":"https:\/\/nuestrosescritores.com\/fernandoleondeaguiar\/poesia\/#breadcrumb","itemListElement":[{"@type":"ListItem","position":1,"name":"Portada","item":"https:\/\/nuestrosescritores.com\/fernandoleondeaguiar\/"},{"@type":"ListItem","position":2,"name":"POES\u00cdA"}]},{"@type":"WebSite","@id":"https:\/\/nuestrosescritores.com\/fernandoleondeaguiar\/#website","url":"https:\/\/nuestrosescritores.com\/fernandoleondeaguiar\/","name":"Nuestros escritores","description":"Escritor","potentialAction":[{"@type":"SearchAction","target":{"@type":"EntryPoint","urlTemplate":"https:\/\/nuestrosescritores.com\/fernandoleondeaguiar\/?s={search_term_string}"},"query-input":{"@type":"PropertyValueSpecification","valueRequired":true,"valueName":"search_term_string"}}],"inLanguage":"es"}]}},"_links":{"self":[{"href":"https:\/\/nuestrosescritores.com\/fernandoleondeaguiar\/wp-json\/wp\/v2\/pages\/87","targetHints":{"allow":["GET"]}}],"collection":[{"href":"https:\/\/nuestrosescritores.com\/fernandoleondeaguiar\/wp-json\/wp\/v2\/pages"}],"about":[{"href":"https:\/\/nuestrosescritores.com\/fernandoleondeaguiar\/wp-json\/wp\/v2\/types\/page"}],"author":[{"embeddable":true,"href":"https:\/\/nuestrosescritores.com\/fernandoleondeaguiar\/wp-json\/wp\/v2\/users\/1"}],"replies":[{"embeddable":true,"href":"https:\/\/nuestrosescritores.com\/fernandoleondeaguiar\/wp-json\/wp\/v2\/comments?post=87"}],"version-history":[{"count":0,"href":"https:\/\/nuestrosescritores.com\/fernandoleondeaguiar\/wp-json\/wp\/v2\/pages\/87\/revisions"}],"wp:attachment":[{"href":"https:\/\/nuestrosescritores.com\/fernandoleondeaguiar\/wp-json\/wp\/v2\/media?parent=87"}],"curies":[{"name":"wp","href":"https:\/\/api.w.org\/{rel}","templated":true}]}}