{"id":121,"date":"2023-02-05T08:15:49","date_gmt":"2023-02-05T08:15:49","guid":{"rendered":"https:\/\/nuestrosescritores.com\/felipeherreroboton\/?page_id=121"},"modified":"2023-02-05T08:18:27","modified_gmt":"2023-02-05T08:18:27","slug":"poesia","status":"publish","type":"page","link":"https:\/\/nuestrosescritores.com\/felipeherreroboton\/poesia\/","title":{"rendered":"Poes\u00eda"},"content":{"rendered":"<div class=\"wpb-content-wrapper\">[vc_row full_width=&#8221;stretch_row_content_no_spaces&#8221;][vc_column extend=&#8221;false&#8221;]<div class='gambit_parallax_row' data-bg-align='' data-direction='fixed' data-opacity='100' data-velocity='-0.3' data-mobile-enabled='' data-bg-height='1200' data-bg-width='900' data-bg-image='https:\/\/nuestrosescritores.com\/felipeherreroboton\/wp-content\/uploads\/sites\/144\/2023\/02\/chjdsiac9fo.jpg' data-bg-repeat='false' data-id='' style='display: none'><\/div><div class=\"gambit_fullheight_row\" data-content-location=\"center\" style=\"display: none\"><\/div>[\/vc_column][\/vc_row][vc_row][vc_column extend=&#8221;false&#8221;][vc_column_text]\n<h1><a name=\"_Toc121246069\"><\/a><strong>Bosques calcinados<\/strong><\/h1>\n<p>&nbsp;<\/p>\n<p>Esta sociedad de exc\u00e9ntricas penurias<\/p>\n<p>despierta bajo un cielo marfil<\/p>\n<p>y comparte sonrisas desencajadas<\/p>\n<p>removiendo el caf\u00e9 de cada ma\u00f1ana.<\/p>\n<p>&nbsp;<\/p>\n<p>Tratando el presente de t\u00fa<\/p>\n<p>esclavizan sus cuerpos,<\/p>\n<p>encaden\u00e1ndolos a televisores<\/p>\n<p>que iluminan en el crep\u00fasculo<\/p>\n<p>los salones.<\/p>\n<p>&nbsp;<\/p>\n<p>Como vejestorios, roban, palpan<\/p>\n<p>y mezclan c\u00edtricos pensares<\/p>\n<p>con lej\u00eda nueva de ayer.<\/p>\n<p>&nbsp;<\/p>\n<p>Es gente deleble de lengua leve<\/p>\n<p>y barnizada de ret\u00f3rica mercantil.<\/p>\n<p>&nbsp;<\/p>\n<p>Cansados de calcar sobre los mismos contornos<\/p>\n<p>y coronar solo peque\u00f1as colinas.<\/p>\n<p>&nbsp;<\/p>\n<p>Una sociedad que desayuna con su muerte de mascota,<\/p>\n<p>que graba en sus agostadas frentes<\/p>\n<p>lemas de grandiosidad bacanal.<\/p>\n<p>&nbsp;<\/p>\n<p>Que, inconscientes, siguen pasos que no han trazado,<\/p>\n<p>que doblan esquinas sin incertidumbre,<\/p>\n<p>que no transcienden el cuerpo<\/p>\n<p>atormentados por los gusanos de su ombligo.<\/p>\n<p>&nbsp;<\/p>\n<p>&nbsp;<\/p>\n<p>Reniegan de la realidad<\/p>\n<p>de sus fluidos circulantes,<\/p>\n<p>y saltan de ciudad en ciudad<\/p>\n<p>saciando sus corazones,<\/p>\n<p>anidando en hostales,<\/p>\n<p>animando sus copas<\/p>\n<p>con un l\u00edquido vol\u00e1til.<\/p>\n<p>&nbsp;<\/p>\n<p>Sus actos contingentes son haza\u00f1as,<\/p>\n<p>son manjar digno de mortales.<\/p>\n<p>&nbsp;<\/p>\n<p>Sus gargantas retuercen en ladridos<\/p>\n<p>lo que en sus adentros susurran.<\/p>\n<p>&nbsp;<\/p>\n<p>Y han so\u00f1ado tanto\u2026,<\/p>\n<p>y creen que el pan sube en sus vidas,<\/p>\n<p>creen que alg\u00fan d\u00eda subi\u00f3&#8230;<\/p>\n<p>&nbsp;<\/p>\n<p>Oxidan sus complejos levantando muros<\/p>\n<p>y aprendiendo de sus cong\u00e9neres la felicidad enlatada.<\/p>\n<p>&nbsp;<\/p>\n<p>Huyen agachados del halc\u00f3n vespertino<\/p>\n<p>como entom\u00f3logos sudorosos.<\/p>\n<p>&nbsp;<\/p>\n<p>Aun sabiendo de su inminente aniversario,<\/p>\n<p>cumplen las costumbres<\/p>\n<p>que les salvan de una nueva vida.<\/p>\n<p>&nbsp;<\/p>\n<p>&nbsp;<\/p>\n<span class='bctt-click-to-tweet'><span class='bctt-ctt-text'><a href='https:\/\/x.com\/intent\/tweet?url=https%3A%2F%2Fnuestrosescritores.com%2Ffelipeherreroboton%2Fpoesia%2F&#038;text=Bosques%20calcinados%C2%A0del%20libro%20LA%20ESTANCIA%20de%20FELIPE%20HERRERO%20BOTON&#038;via=poesiaerestu&#038;related=poesiaerestu' target='_blank'rel=\"noopener noreferrer\">Bosques calcinados&nbsp;del libro LA ESTANCIA de FELIPE HERRERO BOTON <\/a><\/span><a href='https:\/\/x.com\/intent\/tweet?url=https%3A%2F%2Fnuestrosescritores.com%2Ffelipeherreroboton%2Fpoesia%2F&#038;text=Bosques%20calcinados%C2%A0del%20libro%20LA%20ESTANCIA%20de%20FELIPE%20HERRERO%20BOTON&#038;via=poesiaerestu&#038;related=poesiaerestu' target='_blank' class='bctt-ctt-btn'rel=\"noopener noreferrer\">Compartir en X<\/a><\/span>\n<p>&nbsp;[\/vc_column_text][\/vc_column][\/vc_row][vc_row full_width=&#8221;stretch_row_content_no_spaces&#8221;][vc_column extend=&#8221;false&#8221;]<div class='gambit_parallax_row' data-bg-align='' data-direction='fixed' data-opacity='100' data-velocity='-0.3' data-mobile-enabled='' data-bg-height='1200' data-bg-width='900' data-bg-image='https:\/\/nuestrosescritores.com\/felipeherreroboton\/wp-content\/uploads\/sites\/144\/2023\/02\/c2kwrvtg4aa.jpg' data-bg-repeat='false' data-id='' style='display: none'><\/div><div class=\"gambit_fullheight_row\" data-content-location=\"center\" style=\"display: none\"><\/div>[\/vc_column][\/vc_row][vc_row][vc_column extend=&#8221;false&#8221;][vc_column_text]\n<h1><a name=\"_Toc121246080\"><\/a><strong>Mi pa\u00eds escarlata<\/strong><\/h1>\n<p>&nbsp;<\/p>\n<p>Violentado por el seductor<\/p>\n<p>anzuelo vital,<\/p>\n<p>se me lanz\u00f3, cual despojo,<\/p>\n<p>cuando me ahogaba ya<\/p>\n<p>en mi propia secreci\u00f3n.<\/p>\n<p>&nbsp;<\/p>\n<p>Cuando embalsamaba<\/p>\n<p>mi cuerpo en ideales<\/p>\n<p>humanamente ins\u00edpidos<\/p>\n<p>de gigantes arrinconados.<\/p>\n<p>&nbsp;<\/p>\n<p>Reino de salvaje dictadura<\/p>\n<p>donde mi harapiento ropaje<\/p>\n<p>muta en una escafandra brillante<\/p>\n<p>desarraigada del suelo.<\/p>\n<p>&nbsp;<\/p>\n<span class='bctt-click-to-tweet'><span class='bctt-ctt-text'><a href='https:\/\/x.com\/intent\/tweet?url=https%3A%2F%2Fnuestrosescritores.com%2Ffelipeherreroboton%2Fpoesia%2F&#038;text=Mi%20pa%C3%ADs%20escarlata%20del%20libro%20LA%20ESTANCIA%20de%20FELIPE%20HERRERO%20BOTON&#038;via=poesiaerestu&#038;related=poesiaerestu' target='_blank'rel=\"noopener noreferrer\">Mi pa\u00eds escarlata del libro LA ESTANCIA de FELIPE HERRERO BOTON <\/a><\/span><a href='https:\/\/x.com\/intent\/tweet?url=https%3A%2F%2Fnuestrosescritores.com%2Ffelipeherreroboton%2Fpoesia%2F&#038;text=Mi%20pa%C3%ADs%20escarlata%20del%20libro%20LA%20ESTANCIA%20de%20FELIPE%20HERRERO%20BOTON&#038;via=poesiaerestu&#038;related=poesiaerestu' target='_blank' class='bctt-ctt-btn'rel=\"noopener noreferrer\">Compartir en X<\/a><\/span>\n<p>&nbsp;<\/p>\n<p>&nbsp;[\/vc_column_text][\/vc_column][\/vc_row][vc_row][vc_column extend=&#8221;false&#8221;]<div class='gambit_parallax_row' data-bg-align='' data-direction='fixed' data-opacity='100' data-velocity='-0.3' data-mobile-enabled='' data-bg-height='900' data-bg-width='1600' data-bg-image='https:\/\/nuestrosescritores.com\/felipeherreroboton\/wp-content\/uploads\/sites\/144\/2023\/02\/j6iewwmiwtk.jpg' data-bg-repeat='false' data-id='' style='display: none'><\/div><div class=\"gambit_fullheight_row\" data-content-location=\"center\" style=\"display: none\"><\/div>[\/vc_column][\/vc_row][vc_row][vc_column extend=&#8221;false&#8221;][vc_column_text]\n<h1><a name=\"_Toc121246101\"><\/a><strong>Medianoche<\/strong><\/h1>\n<p>&nbsp;<\/p>\n<p>La luz impresa por las ranuras de la persiana<\/p>\n<p>es todo lo que creo saber hasta ahora.<\/p>\n<p>&nbsp;<\/p>\n<p>Soy el espectador<\/p>\n<p>que comparte con noct\u00e1mbulos y traficantes<\/p>\n<p>el juego cubista<\/p>\n<p>del crep\u00fasculo sint\u00e9tico y constante.<\/p>\n<p>&nbsp;<\/p>\n<p>Es sombr\u00eda y adivinadora la estancia,<\/p>\n<p>y los murmullos parecen cr\u00f3nica de<\/p>\n<p>nacimientos y defunciones prontas.<\/p>\n<p>&nbsp;<\/p>\n<p>Mi cuerpo sudoroso<\/p>\n<p>se trama sobre nacarado pedestal,<\/p>\n<p>por hoy cesan los demonios del pecho<\/p>\n<p>que giran en torno a un \u00ednfimo ardor.<\/p>\n<p>&nbsp;<\/p>\n<p>Solo te acunan los sabuesos y los golpes de calor,<\/p>\n<p>los pensamientos se disuelven<\/p>\n<p>y canonizan en otros entes.<\/p>\n<p>&nbsp;<\/p>\n<p>La noche magn\u00e9tica<\/p>\n<p>las asperezas alisa<\/p>\n<p>y absorbe los rayos que el cuerpo emite,<\/p>\n<p>para vacunarte y arroparte<\/p>\n<p>en oleaje que cesa la mendicidad.<\/p>\n<p>&nbsp;<\/p>\n<p>&nbsp;<\/p>\n<p>&nbsp;<\/p>\n<p>&nbsp;<\/p>\n<p>&nbsp;<\/p>\n<span class='bctt-click-to-tweet'><span class='bctt-ctt-text'><a href='https:\/\/x.com\/intent\/tweet?url=https%3A%2F%2Fnuestrosescritores.com%2Ffelipeherreroboton%2Fpoesia%2F&#038;text=Medianoche%20del%20libro%20LA%20ESTANCIA%20de%20FELIPE%20HERRERO%20BOTON&#038;via=poesiaerestu&#038;related=poesiaerestu' target='_blank'rel=\"noopener noreferrer\">Medianoche del libro LA ESTANCIA de FELIPE HERRERO BOTON <\/a><\/span><a href='https:\/\/x.com\/intent\/tweet?url=https%3A%2F%2Fnuestrosescritores.com%2Ffelipeherreroboton%2Fpoesia%2F&#038;text=Medianoche%20del%20libro%20LA%20ESTANCIA%20de%20FELIPE%20HERRERO%20BOTON&#038;via=poesiaerestu&#038;related=poesiaerestu' target='_blank' class='bctt-ctt-btn'rel=\"noopener noreferrer\">Compartir en X<\/a><\/span>[\/vc_column_text][\/vc_column][\/vc_row][vc_row][vc_column extend=&#8221;false&#8221;]<div class='gambit_parallax_row' data-bg-align='' data-direction='fixed' data-opacity='100' data-velocity='-0.3' data-mobile-enabled='' data-bg-height='1200' data-bg-width='800' data-bg-image='https:\/\/nuestrosescritores.com\/felipeherreroboton\/wp-content\/uploads\/sites\/144\/2023\/02\/v9jmyoymbwm.jpg' data-bg-repeat='false' data-id='' style='display: none'><\/div><div class=\"gambit_fullheight_row\" data-content-location=\"center\" style=\"display: none\"><\/div>[\/vc_column][\/vc_row][vc_row][vc_column extend=&#8221;false&#8221;][vc_column_text]\n<h1><a name=\"_Toc121246107\"><\/a><strong>Hombre<\/strong><\/h1>\n<p>&nbsp;<\/p>\n<p>No tienes idea del poco alcance<\/p>\n<p>de nuestras vivencias,<\/p>\n<p>cubiertas las necesidades b\u00e1sicas<\/p>\n<p>el hombre muere,<\/p>\n<p>el hombre pierde la noci\u00f3n<\/p>\n<p>estricta.<\/p>\n<p>&nbsp;<\/p>\n<p>Mi cuerpo necesita<\/p>\n<p>pinchazos, sacudidas, golpes,<\/p>\n<p>para saber hasta d\u00f3nde abarca<\/p>\n<p>su piel y eje,<\/p>\n<p>para no desordenarse<\/p>\n<p>y derramarse de comodidad.<\/p>\n<p>&nbsp;<\/p>\n<span class='bctt-click-to-tweet'><span class='bctt-ctt-text'><a href='https:\/\/x.com\/intent\/tweet?url=https%3A%2F%2Fnuestrosescritores.com%2Ffelipeherreroboton%2Fpoesia%2F&#038;text=Hombre%20del%20libro%20LA%20ESTANCIA%20de%20FELIPE%20HERRERO%20BOTON&#038;via=poesiaerestu&#038;related=poesiaerestu' target='_blank'rel=\"noopener noreferrer\">Hombre del libro LA ESTANCIA de FELIPE HERRERO BOTON <\/a><\/span><a href='https:\/\/x.com\/intent\/tweet?url=https%3A%2F%2Fnuestrosescritores.com%2Ffelipeherreroboton%2Fpoesia%2F&#038;text=Hombre%20del%20libro%20LA%20ESTANCIA%20de%20FELIPE%20HERRERO%20BOTON&#038;via=poesiaerestu&#038;related=poesiaerestu' target='_blank' class='bctt-ctt-btn'rel=\"noopener noreferrer\">Compartir en X<\/a><\/span>[\/vc_column_text][\/vc_column][\/vc_row][vc_row][vc_column extend=&#8221;false&#8221;]<div class='gambit_parallax_row' data-bg-align='' data-direction='fixed' data-opacity='100' data-velocity='-0.3' data-mobile-enabled='' data-bg-height='1200' data-bg-width='800' data-bg-image='https:\/\/nuestrosescritores.com\/felipeherreroboton\/wp-content\/uploads\/sites\/144\/2023\/02\/bvppbme0xzk.jpg' data-bg-repeat='false' data-id='' style='display: none'><\/div><div class=\"gambit_fullheight_row\" data-content-location=\"center\" style=\"display: none\"><\/div>[\/vc_column][\/vc_row][vc_row][vc_column extend=&#8221;false&#8221;][vc_column_text]\n<h1><a name=\"_Toc121246125\"><\/a><strong>\u00bfQu\u00e9?<\/strong><\/h1>\n<p>&nbsp;<\/p>\n<p>\u00bfQu\u00e9 es del ni\u00f1o sin el viejo?,<\/p>\n<p>\u00bfqu\u00e9 del placer de la piel<\/p>\n<p>sin todo lo que alberga?<\/p>\n<p>&nbsp;<\/p>\n<p>\u00bfQu\u00e9 es del amor sin la guerra?,<\/p>\n<p>\u00bfqu\u00e9 del encuentro sin la espera?,<\/p>\n<p>sin la espera&#8230;<\/p>\n<p>&nbsp;<\/p>\n<p>&nbsp;<\/p>\n<p>&nbsp;<\/p>\n<p>&nbsp;<\/p>\n<p>&nbsp;<\/p>\n<p>&nbsp;<\/p>\n<span class='bctt-click-to-tweet'><span class='bctt-ctt-text'><a href='https:\/\/x.com\/intent\/tweet?url=https%3A%2F%2Fnuestrosescritores.com%2Ffelipeherreroboton%2Fpoesia%2F&#038;text=%C2%BFQu%C3%A9%3F%20del%20libro%20LA%20ESTANCIA%20de%20FELIPE%20HERRERO%20BOTON&#038;via=poesiaerestu&#038;related=poesiaerestu' target='_blank'rel=\"noopener noreferrer\">\u00bfQu\u00e9? del libro LA ESTANCIA de FELIPE HERRERO BOTON <\/a><\/span><a href='https:\/\/x.com\/intent\/tweet?url=https%3A%2F%2Fnuestrosescritores.com%2Ffelipeherreroboton%2Fpoesia%2F&#038;text=%C2%BFQu%C3%A9%3F%20del%20libro%20LA%20ESTANCIA%20de%20FELIPE%20HERRERO%20BOTON&#038;via=poesiaerestu&#038;related=poesiaerestu' target='_blank' class='bctt-ctt-btn'rel=\"noopener noreferrer\">Compartir en X<\/a><\/span>[\/vc_column_text][\/vc_column][\/vc_row][vc_row][vc_column extend=&#8221;false&#8221;]<div class='gambit_parallax_row' data-bg-align='' data-direction='fixed' data-opacity='100' data-velocity='-0.3' data-mobile-enabled='' data-bg-height='635' data-bg-width='1366' data-bg-image='https:\/\/nuestrosescritores.com\/felipeherreroboton\/wp-content\/uploads\/sites\/144\/2023\/02\/FelipeHerreroBoton_SSquare_Alargado-Mediano.png' data-bg-repeat='false' data-id='' style='display: none'><\/div><div class=\"gambit_fullheight_row\" data-content-location=\"center\" style=\"display: none\"><\/div>[vc_column_text]\n<p style=\"text-align: center;\"><a class=\"fasc-button fasc-size-xlarge fasc-type-glossy fasc-rounded-medium\" style=\"background-color: #33809e; color: #ffffff;\" href=\"https:\/\/librodepoesia.com\/producto\/este-juego-es-infinito-64-sonetos-ajedrecisticos-francisco-delgado-iribarren-cruz\/\">Comprar el libro<\/a><\/p>\n[\/vc_column_text][\/vc_column][\/vc_row]\n<\/div>","protected":false},"excerpt":{"rendered":"<p>[vc_row full_width=&#8221;stretch_row_content_no_spaces&#8221;][vc_column extend=&#8221;false&#8221;][\/vc_column][\/vc_row][vc_row][vc_column extend=&#8221;false&#8221;][vc_column_text] Bosques calcinados &nbsp; Esta sociedad de exc\u00e9ntricas penurias despierta bajo un cielo marfil y comparte sonrisas desencajadas removiendo el caf\u00e9 de cada ma\u00f1ana. &nbsp; Tratando el presente de t\u00fa esclavizan sus cuerpos, encaden\u00e1ndolos a televisores que iluminan en el crep\u00fasculo los salones. &nbsp; Como vejestorios, roban, palpan y mezclan c\u00edtricos pensares [&hellip;]<\/p>\n","protected":false},"author":1,"featured_media":0,"parent":0,"menu_order":0,"comment_status":"closed","ping_status":"closed","template":"","meta":{"_acf_changed":false,"footnotes":""},"class_list":["post-121","page","type-page","status-publish","hentry"],"acf":[],"yoast_head":"<!-- This site is optimized with the Yoast SEO Premium plugin v24.7 (Yoast SEO v27.4) - https:\/\/yoast.com\/product\/yoast-seo-premium-wordpress\/ -->\n<title>Poes\u00eda - Felipe Herrero Boton<\/title>\n<meta name=\"robots\" content=\"index, follow, max-snippet:-1, max-image-preview:large, max-video-preview:-1\" \/>\n<link rel=\"canonical\" href=\"https:\/\/nuestrosescritores.com\/felipeherreroboton\/poesia\/\" \/>\n<meta property=\"og:locale\" content=\"es_ES\" \/>\n<meta property=\"og:type\" content=\"article\" \/>\n<meta property=\"og:title\" content=\"Poes\u00eda\" \/>\n<meta property=\"og:description\" content=\"[vc_row full_width=&#8221;stretch_row_content_no_spaces&#8221;][vc_column extend=&#8221;false&#8221;][\/vc_column][\/vc_row][vc_row][vc_column extend=&#8221;false&#8221;][vc_column_text] Bosques calcinados &nbsp; Esta sociedad de exc\u00e9ntricas penurias despierta bajo un cielo marfil y comparte sonrisas desencajadas removiendo el caf\u00e9 de cada ma\u00f1ana. &nbsp; Tratando el presente de t\u00fa esclavizan sus cuerpos, encaden\u00e1ndolos a televisores que iluminan en el crep\u00fasculo los salones. &nbsp; Como vejestorios, roban, palpan y mezclan c\u00edtricos pensares [&hellip;]\" \/>\n<meta property=\"og:url\" content=\"https:\/\/nuestrosescritores.com\/felipeherreroboton\/poesia\/\" \/>\n<meta property=\"og:site_name\" content=\"Felipe Herrero Boton\" \/>\n<meta property=\"article:modified_time\" content=\"2023-02-05T08:18:27+00:00\" \/>\n<meta name=\"twitter:card\" content=\"summary_large_image\" \/>\n<meta name=\"twitter:label1\" content=\"Tiempo de lectura\" \/>\n\t<meta name=\"twitter:data1\" content=\"3 minutos\" \/>\n<script type=\"application\/ld+json\" class=\"yoast-schema-graph\">{\"@context\":\"https:\\\/\\\/schema.org\",\"@graph\":[{\"@type\":\"WebPage\",\"@id\":\"https:\\\/\\\/nuestrosescritores.com\\\/felipeherreroboton\\\/poesia\\\/\",\"url\":\"https:\\\/\\\/nuestrosescritores.com\\\/felipeherreroboton\\\/poesia\\\/\",\"name\":\"Poes\u00eda - Felipe Herrero Boton\",\"isPartOf\":{\"@id\":\"https:\\\/\\\/nuestrosescritores.com\\\/felipeherreroboton\\\/#website\"},\"datePublished\":\"2023-02-05T08:15:49+00:00\",\"dateModified\":\"2023-02-05T08:18:27+00:00\",\"breadcrumb\":{\"@id\":\"https:\\\/\\\/nuestrosescritores.com\\\/felipeherreroboton\\\/poesia\\\/#breadcrumb\"},\"inLanguage\":\"es\",\"potentialAction\":[{\"@type\":\"ReadAction\",\"target\":[\"https:\\\/\\\/nuestrosescritores.com\\\/felipeherreroboton\\\/poesia\\\/\"]}]},{\"@type\":\"BreadcrumbList\",\"@id\":\"https:\\\/\\\/nuestrosescritores.com\\\/felipeherreroboton\\\/poesia\\\/#breadcrumb\",\"itemListElement\":[{\"@type\":\"ListItem\",\"position\":1,\"name\":\"Portada\",\"item\":\"https:\\\/\\\/nuestrosescritores.com\\\/felipeherreroboton\\\/\"},{\"@type\":\"ListItem\",\"position\":2,\"name\":\"Poes\u00eda\"}]},{\"@type\":\"WebSite\",\"@id\":\"https:\\\/\\\/nuestrosescritores.com\\\/felipeherreroboton\\\/#website\",\"url\":\"https:\\\/\\\/nuestrosescritores.com\\\/felipeherreroboton\\\/\",\"name\":\"Nuestros escritores\",\"description\":\"Escritor\",\"potentialAction\":[{\"@type\":\"SearchAction\",\"target\":{\"@type\":\"EntryPoint\",\"urlTemplate\":\"https:\\\/\\\/nuestrosescritores.com\\\/felipeherreroboton\\\/?s={search_term_string}\"},\"query-input\":{\"@type\":\"PropertyValueSpecification\",\"valueRequired\":true,\"valueName\":\"search_term_string\"}}],\"inLanguage\":\"es\"}]}<\/script>\n<!-- \/ Yoast SEO Premium plugin. -->","yoast_head_json":{"title":"Poes\u00eda - Felipe Herrero Boton","robots":{"index":"index","follow":"follow","max-snippet":"max-snippet:-1","max-image-preview":"max-image-preview:large","max-video-preview":"max-video-preview:-1"},"canonical":"https:\/\/nuestrosescritores.com\/felipeherreroboton\/poesia\/","og_locale":"es_ES","og_type":"article","og_title":"Poes\u00eda","og_description":"[vc_row full_width=&#8221;stretch_row_content_no_spaces&#8221;][vc_column extend=&#8221;false&#8221;][\/vc_column][\/vc_row][vc_row][vc_column extend=&#8221;false&#8221;][vc_column_text] Bosques calcinados &nbsp; Esta sociedad de exc\u00e9ntricas penurias despierta bajo un cielo marfil y comparte sonrisas desencajadas removiendo el caf\u00e9 de cada ma\u00f1ana. &nbsp; Tratando el presente de t\u00fa esclavizan sus cuerpos, encaden\u00e1ndolos a televisores que iluminan en el crep\u00fasculo los salones. &nbsp; Como vejestorios, roban, palpan y mezclan c\u00edtricos pensares [&hellip;]","og_url":"https:\/\/nuestrosescritores.com\/felipeherreroboton\/poesia\/","og_site_name":"Felipe Herrero Boton","article_modified_time":"2023-02-05T08:18:27+00:00","twitter_card":"summary_large_image","twitter_misc":{"Tiempo de lectura":"3 minutos"},"schema":{"@context":"https:\/\/schema.org","@graph":[{"@type":"WebPage","@id":"https:\/\/nuestrosescritores.com\/felipeherreroboton\/poesia\/","url":"https:\/\/nuestrosescritores.com\/felipeherreroboton\/poesia\/","name":"Poes\u00eda - Felipe Herrero Boton","isPartOf":{"@id":"https:\/\/nuestrosescritores.com\/felipeherreroboton\/#website"},"datePublished":"2023-02-05T08:15:49+00:00","dateModified":"2023-02-05T08:18:27+00:00","breadcrumb":{"@id":"https:\/\/nuestrosescritores.com\/felipeherreroboton\/poesia\/#breadcrumb"},"inLanguage":"es","potentialAction":[{"@type":"ReadAction","target":["https:\/\/nuestrosescritores.com\/felipeherreroboton\/poesia\/"]}]},{"@type":"BreadcrumbList","@id":"https:\/\/nuestrosescritores.com\/felipeherreroboton\/poesia\/#breadcrumb","itemListElement":[{"@type":"ListItem","position":1,"name":"Portada","item":"https:\/\/nuestrosescritores.com\/felipeherreroboton\/"},{"@type":"ListItem","position":2,"name":"Poes\u00eda"}]},{"@type":"WebSite","@id":"https:\/\/nuestrosescritores.com\/felipeherreroboton\/#website","url":"https:\/\/nuestrosescritores.com\/felipeherreroboton\/","name":"Nuestros escritores","description":"Escritor","potentialAction":[{"@type":"SearchAction","target":{"@type":"EntryPoint","urlTemplate":"https:\/\/nuestrosescritores.com\/felipeherreroboton\/?s={search_term_string}"},"query-input":{"@type":"PropertyValueSpecification","valueRequired":true,"valueName":"search_term_string"}}],"inLanguage":"es"}]}},"_links":{"self":[{"href":"https:\/\/nuestrosescritores.com\/felipeherreroboton\/wp-json\/wp\/v2\/pages\/121","targetHints":{"allow":["GET"]}}],"collection":[{"href":"https:\/\/nuestrosescritores.com\/felipeherreroboton\/wp-json\/wp\/v2\/pages"}],"about":[{"href":"https:\/\/nuestrosescritores.com\/felipeherreroboton\/wp-json\/wp\/v2\/types\/page"}],"author":[{"embeddable":true,"href":"https:\/\/nuestrosescritores.com\/felipeherreroboton\/wp-json\/wp\/v2\/users\/1"}],"replies":[{"embeddable":true,"href":"https:\/\/nuestrosescritores.com\/felipeherreroboton\/wp-json\/wp\/v2\/comments?post=121"}],"version-history":[{"count":0,"href":"https:\/\/nuestrosescritores.com\/felipeherreroboton\/wp-json\/wp\/v2\/pages\/121\/revisions"}],"wp:attachment":[{"href":"https:\/\/nuestrosescritores.com\/felipeherreroboton\/wp-json\/wp\/v2\/media?parent=121"}],"curies":[{"name":"wp","href":"https:\/\/api.w.org\/{rel}","templated":true}]}}