{"id":76,"date":"2021-07-11T10:38:46","date_gmt":"2021-07-11T10:38:46","guid":{"rendered":"https:\/\/nuestrosescritores.com\/esperanzareyes\/?page_id=76"},"modified":"2021-07-11T10:42:08","modified_gmt":"2021-07-11T10:42:08","slug":"poesia","status":"publish","type":"page","link":"https:\/\/nuestrosescritores.com\/esperanzareyes\/poesia\/","title":{"rendered":"POES\u00cdA"},"content":{"rendered":"<div class=\"wpb-content-wrapper\">[vc_row full_width=&#8221;stretch_row_content_no_spaces&#8221;][vc_column extend=&#8221;false&#8221;]<div class='gambit_parallax_row' data-bg-align='' data-direction='fixed' data-opacity='100' data-velocity='-0.3' data-mobile-enabled='' data-bg-height='1067' data-bg-width='1600' data-bg-image='https:\/\/nuestrosescritores.com\/esperanzareyes\/wp-content\/uploads\/sites\/99\/2021\/07\/rx3jxv41ljo.jpg' data-bg-repeat='false' data-id='' style='display: none'><\/div><div class=\"gambit_fullheight_row\" data-content-location=\"center\" style=\"display: none\"><\/div>[\/vc_column][\/vc_row][vc_row][vc_column extend=&#8221;false&#8221;][vc_column_text]\n<h1>&nbsp;<\/h1>\n<h1><a name=\"_Toc72690508\"><\/a><\/h1>\n<h1><a name=\"_Toc73472051\"><\/a><strong>Jaque Mate<\/strong><\/h1>\n<p>&nbsp;<\/p>\n<p>Buscaban mi sonrisa<\/p>\n<p>quienes quebraron mi br\u00fajula.<\/p>\n<p>&nbsp;<\/p>\n<p>Nunca me sent\u00ed dama,<\/p>\n<p>prefer\u00eda el ajedrez.<\/p>\n<p>&nbsp;<\/p>\n<p>Desamparo como una daga clavada,<\/p>\n<p>pu\u00f1al que manchado de sue\u00f1os<\/p>\n<p>que alg\u00fan d\u00eda<\/p>\n<p>ocuparon mi alma.<\/p>\n<p>Poes\u00eda entre tanta guerra,<\/p>\n<p>coraz\u00f3n puro entre tanta maldad.<\/p>\n<p>&nbsp;<\/p>\n<p>Sinfon\u00edas,<\/p>\n<p>letan\u00edas llenas de versos<\/p>\n<p>&nbsp;a\u00fan por descifrar.<\/p>\n<p>&nbsp;<\/p>\n<p>Oculta tras un disfraz<\/p>\n<p>alabando a todo aquel que tuvo ocasi\u00f3n de derrotarme<\/p>\n<p>y no lo logr\u00f3.<\/p>\n<p>&nbsp;<\/p>\n<p>Valor\u00e9 la vida como oro<\/p>\n<p>cuando todos hablaban de plata.<\/p>\n<p>&nbsp;<\/p>\n<span class='bctt-click-to-tweet'><span class='bctt-ctt-text'><a href='https:\/\/x.com\/intent\/tweet?url=https%3A%2F%2Fnuestrosescritores.com%2Fesperanzareyes%2Fpoesia%2F&#038;text=BAJO%20MIRADAS%C2%A0del%20libro%20EN%20LLAMAS%20de%20ESPERANZA%20REYES&#038;via=poesiaerestu&#038;related=poesiaerestu' target='_blank'rel=\"noopener noreferrer\">BAJO MIRADAS&nbsp;del libro EN LLAMAS de ESPERANZA REYES <\/a><\/span><a href='https:\/\/x.com\/intent\/tweet?url=https%3A%2F%2Fnuestrosescritores.com%2Fesperanzareyes%2Fpoesia%2F&#038;text=BAJO%20MIRADAS%C2%A0del%20libro%20EN%20LLAMAS%20de%20ESPERANZA%20REYES&#038;via=poesiaerestu&#038;related=poesiaerestu' target='_blank' class='bctt-ctt-btn'rel=\"noopener noreferrer\">Compartir en X<\/a><\/span>[\/vc_column_text][\/vc_column][\/vc_row][vc_row full_width=&#8221;stretch_row_content_no_spaces&#8221;][vc_column extend=&#8221;false&#8221;]<div class='gambit_parallax_row' data-bg-align='' data-direction='fixed' data-opacity='100' data-velocity='-0.3' data-mobile-enabled='' data-bg-height='1200' data-bg-width='1032' data-bg-image='https:\/\/nuestrosescritores.com\/esperanzareyes\/wp-content\/uploads\/sites\/99\/2021\/07\/wx3gvn51ane.jpg' data-bg-repeat='false' data-id='' style='display: none'><\/div><div class=\"gambit_fullheight_row\" data-content-location=\"center\" style=\"display: none\"><\/div>[\/vc_column][\/vc_row][vc_row][vc_column extend=&#8221;false&#8221;][vc_column_text]\n<h1>&nbsp;<\/h1>\n<h1><a name=\"_Toc71223738\"><\/a><\/h1>\n<h1><a name=\"_Toc74754287\"><\/a><\/h1>\n<h1><a name=\"_Toc72690514\"><\/a><\/h1>\n<h1><a name=\"_Toc73472056\"><\/a><strong>Libertad de expresi\u00f3n<\/strong><\/h1>\n<p>&nbsp;<\/p>\n<p>Nac\u00e9is y os hac\u00e9is llamar diestros.<\/p>\n<p>Nac\u00e9is libres y os prefer\u00eds esclavos.<\/p>\n<p>&nbsp;<\/p>\n<p>Mano en el pecho para despu\u00e9s al cielo llevarla.<\/p>\n<p>\u00bfQui\u00e9n fue el mentecato que os ilusion\u00f3<\/p>\n<p>con que tendr\u00edais en ella un \u00e1guila?<\/p>\n<p>&nbsp;<\/p>\n<p>\u00bfDe verdad pens\u00e1is que el mundo<\/p>\n<p>acabar\u00e1 en vuestras manos?<\/p>\n<p>Mucho ladrido para tan pocos mordiscos.<\/p>\n<p>&nbsp;<\/p>\n<p>La sangre que portas es roja,<\/p>\n<p>\u00bfes m\u00e1s importante la bandera que ella?<\/p>\n<p>&nbsp;<\/p>\n<p>Eres solo un cebo,<\/p>\n<p>general,<\/p>\n<p>pero no general\u00edsimo.<\/p>\n<span class='bctt-click-to-tweet'><span class='bctt-ctt-text'><a href='https:\/\/x.com\/intent\/tweet?url=https%3A%2F%2Fnuestrosescritores.com%2Fesperanzareyes%2Fpoesia%2F&#038;text=Libertad%20de%20expresi%C3%B3n%20del%20libro%20EN%20LLAMAS%20de%20ESPERANZA%20REYES&#038;via=poesiaerestu&#038;related=poesiaerestu' target='_blank'rel=\"noopener noreferrer\">Libertad de expresi\u00f3n del libro EN LLAMAS de ESPERANZA REYES <\/a><\/span><a href='https:\/\/x.com\/intent\/tweet?url=https%3A%2F%2Fnuestrosescritores.com%2Fesperanzareyes%2Fpoesia%2F&#038;text=Libertad%20de%20expresi%C3%B3n%20del%20libro%20EN%20LLAMAS%20de%20ESPERANZA%20REYES&#038;via=poesiaerestu&#038;related=poesiaerestu' target='_blank' class='bctt-ctt-btn'rel=\"noopener noreferrer\">Compartir en X<\/a><\/span>\n<p>&nbsp;<\/p>\n<p>&nbsp;[\/vc_column_text][\/vc_column][\/vc_row][vc_row][vc_column extend=&#8221;false&#8221;]<div class='gambit_parallax_row' data-bg-align='' data-direction='fixed' data-opacity='100' data-velocity='-0.3' data-mobile-enabled='' data-bg-height='1093' data-bg-width='1600' data-bg-image='https:\/\/nuestrosescritores.com\/esperanzareyes\/wp-content\/uploads\/sites\/99\/2021\/07\/p_o87eu83qg.jpg' data-bg-repeat='false' data-id='' style='display: none'><\/div><div class=\"gambit_fullheight_row\" data-content-location=\"center\" style=\"display: none\"><\/div>[\/vc_column][\/vc_row][vc_row][vc_column extend=&#8221;false&#8221;][vc_column_text]\n<h1><a name=\"_Toc68808797\"><\/a><\/h1>\n<h1><a name=\"_Toc69056939\"><\/a><\/h1>\n<h1><a name=\"_Toc74754292\"><\/a><\/h1>\n<h1><a name=\"_Toc73472063\"><\/a><strong>Lienzo<\/strong><\/h1>\n<p>&nbsp;<\/p>\n<p>Escrib\u00edas con l\u00e1pices de cera<\/p>\n<p>porque se ve\u00eda m\u00e1s bonito,<\/p>\n<p>no ca\u00edste en que sus trazos<\/p>\n<p>dejan huecos blancos.<\/p>\n<p>&nbsp;<\/p>\n<p>Mi pluma firme creaba l\u00edneas ef\u00edmeras,<\/p>\n<p>capaz de tallar mi nombre en la oscura madera.<\/p>\n<p>&nbsp;<\/p>\n<p>Dej\u00e9 de hacerlo en corazones,<\/p>\n<p>he vuelto a rayar a los parques sus bancos.<\/p>\n<p>&nbsp;<\/p>\n<p>&nbsp;<\/p>\n<p>&nbsp;<\/p>\n<span class='bctt-click-to-tweet'><span class='bctt-ctt-text'><a href='https:\/\/x.com\/intent\/tweet?url=https%3A%2F%2Fnuestrosescritores.com%2Fesperanzareyes%2Fpoesia%2F&#038;text=LEJAN%C3%8DA%20EN%20EL%20TIEMPO%20del%20libro%20EN%20LLAMAS%20de%20ESPERANZA%20REYES&#038;via=poesiaerestu&#038;related=poesiaerestu' target='_blank'rel=\"noopener noreferrer\">LEJAN\u00cdA EN EL TIEMPO del libro EN LLAMAS de ESPERANZA REYES <\/a><\/span><a href='https:\/\/x.com\/intent\/tweet?url=https%3A%2F%2Fnuestrosescritores.com%2Fesperanzareyes%2Fpoesia%2F&#038;text=LEJAN%C3%8DA%20EN%20EL%20TIEMPO%20del%20libro%20EN%20LLAMAS%20de%20ESPERANZA%20REYES&#038;via=poesiaerestu&#038;related=poesiaerestu' target='_blank' class='bctt-ctt-btn'rel=\"noopener noreferrer\">Compartir en X<\/a><\/span>[\/vc_column_text][\/vc_column][\/vc_row][vc_row][vc_column extend=&#8221;false&#8221;]<div class='gambit_parallax_row' data-bg-align='' data-direction='fixed' data-opacity='100' data-velocity='-0.3' data-mobile-enabled='' data-bg-height='1061' data-bg-width='1600' data-bg-image='https:\/\/nuestrosescritores.com\/esperanzareyes\/wp-content\/uploads\/sites\/99\/2021\/07\/jsqrsrtjb80.jpg' data-bg-repeat='false' data-id='' style='display: none'><\/div><div class=\"gambit_fullheight_row\" data-content-location=\"center\" style=\"display: none\"><\/div>[\/vc_column][\/vc_row][vc_row][vc_column extend=&#8221;false&#8221;][vc_column_text]<a name=\"_Toc67933181\"><\/a><\/p>\n<h1><a name=\"_Toc71223746\"><\/a><\/h1>\n<h1><a name=\"_Toc74754308\"><\/a><\/h1>\n<h1><a name=\"_Toc72690523\"><\/a><\/h1>\n<h1><a name=\"_Toc73472083\"><\/a><strong>Reloj de arena<\/strong><\/h1>\n<p>&nbsp;<\/p>\n<p>De ser musa la cara le pesa.<\/p>\n<p>Cu\u00e1nto cari\u00f1o guardado en una despensa.<\/p>\n<p>&nbsp;<\/p>\n<p>Alma que se despereza,<\/p>\n<p>el Cristiano reza<\/p>\n<p>Cada ma\u00f1ana<\/p>\n<p>comida en la mesa.<\/p>\n<p>&nbsp;<\/p>\n<p>Pa\u00f1uelo blanco,<\/p>\n<p>pies descalzos.<\/p>\n<p>Chaval con nueva novia<\/p>\n<p>agarra\u00edta del brazo.<\/p>\n<p>&nbsp;<\/p>\n<p>El vecindario cantando,<\/p>\n<p>ma\u00f1ana lloviendo.<\/p>\n<p>No tardes en hacer recados<\/p>\n<p>que el tiempo pasa volando.<\/p>\n<p>&nbsp;<\/p>\n<p>Ancianos besando<\/p>\n<p>arrugados labios se encuentran,<\/p>\n<p>no pudieron apagar esa llama<\/p>\n<p>ni cuando lleg\u00f3 la guerra.<\/p>\n<p>&nbsp;<\/p>\n<p>&nbsp;<\/p>\n<span class='bctt-click-to-tweet'><span class='bctt-ctt-text'><a href='https:\/\/x.com\/intent\/tweet?url=https%3A%2F%2Fnuestrosescritores.com%2Fesperanzareyes%2Fpoesia%2F&#038;text=Reloj%20de%20arena%20del%20libro%20EN%20LLAMAS%20de%20ESPERANZA%20REYES&#038;via=poesiaerestu&#038;related=poesiaerestu' target='_blank'rel=\"noopener noreferrer\">Reloj de arena del libro EN LLAMAS de ESPERANZA REYES <\/a><\/span><a href='https:\/\/x.com\/intent\/tweet?url=https%3A%2F%2Fnuestrosescritores.com%2Fesperanzareyes%2Fpoesia%2F&#038;text=Reloj%20de%20arena%20del%20libro%20EN%20LLAMAS%20de%20ESPERANZA%20REYES&#038;via=poesiaerestu&#038;related=poesiaerestu' target='_blank' class='bctt-ctt-btn'rel=\"noopener noreferrer\">Compartir en X<\/a><\/span>[\/vc_column_text][\/vc_column][\/vc_row][vc_row][vc_column extend=&#8221;false&#8221;]<div class='gambit_parallax_row' data-bg-align='' data-direction='fixed' data-opacity='100' data-velocity='-0.3' data-mobile-enabled='' data-bg-height='1066' data-bg-width='1600' data-bg-image='https:\/\/nuestrosescritores.com\/esperanzareyes\/wp-content\/uploads\/sites\/99\/2021\/07\/3lopoqjrlfm.jpg' data-bg-repeat='false' data-id='' style='display: none'><\/div><div class=\"gambit_fullheight_row\" data-content-location=\"center\" style=\"display: none\"><\/div>[\/vc_column][\/vc_row][vc_row][vc_column extend=&#8221;false&#8221;][vc_column_text]\n<h1>&nbsp;<\/h1>\n<h1><a name=\"_Toc67238204\"><\/a><a name=\"_Toc68029894\"><\/a><\/h1>\n<h1>&nbsp;<\/h1>\n<h1>&nbsp;<\/h1>\n<h1><a name=\"_Toc71223749\"><\/a><\/h1>\n<h1><a name=\"_Toc74754334\"><\/a><\/h1>\n<h1><a name=\"_Toc72690527\"><\/a><\/h1>\n<h1><a name=\"_Toc73472105\"><\/a><strong>Miradas<\/strong><\/h1>\n<p>&nbsp;<\/p>\n<p>Eres de los que sube los hombros cuando no quiere<\/p>\n<p>dar respuesta.<\/p>\n<p>No aceptas las gracias,<\/p>\n<p>pero las tienes todo el d\u00eda en la boca.<\/p>\n<p>Y no regalas cari\u00f1o a cualquiera, menos mal.<\/p>\n<p>&nbsp;<\/p>\n<p>Nadie merece romperse por alguien que no lo valora,<\/p>\n<p>y menos por el que lo hace y lo desprecia.<\/p>\n<p>&nbsp;<\/p>\n<p>Las despedidas dejaron de ser dolorosas,<\/p>\n<p>conocen el \u201cnos vemos pronto\u201d.<\/p>\n<p>Y nosotros siempre lo cumplimos.<\/p>\n<p>&nbsp;<\/p>\n<p>&nbsp;<\/p>\n<p>Cu\u00eddate,<\/p>\n<p>cu\u00eddate mucho.<\/p>\n<p>&nbsp;<\/p>\n<p>Y ahora que solo sabemos estudiar los ojos<\/p>\n<p>sigue achin\u00e1ndolos,<\/p>\n<p>que con eso le das la vuelta al mundo.<\/p>\n<p>&nbsp;<\/p>\n<span class='bctt-click-to-tweet'><span class='bctt-ctt-text'><a href='https:\/\/x.com\/intent\/tweet?url=https%3A%2F%2Fnuestrosescritores.com%2Fesperanzareyes%2Fpoesia%2F&#038;text=Miradas%C2%A0del%20libro%20EN%20LLAMAS%20de%20ESPERANZA%20REYES&#038;via=poesiaerestu&#038;related=poesiaerestu' target='_blank'rel=\"noopener noreferrer\">Miradas&nbsp;del libro EN LLAMAS de ESPERANZA REYES <\/a><\/span><a href='https:\/\/x.com\/intent\/tweet?url=https%3A%2F%2Fnuestrosescritores.com%2Fesperanzareyes%2Fpoesia%2F&#038;text=Miradas%C2%A0del%20libro%20EN%20LLAMAS%20de%20ESPERANZA%20REYES&#038;via=poesiaerestu&#038;related=poesiaerestu' target='_blank' class='bctt-ctt-btn'rel=\"noopener noreferrer\">Compartir en X<\/a><\/span>[\/vc_column_text][\/vc_column][\/vc_row][vc_row][vc_column extend=&#8221;false&#8221;]<div class='gambit_parallax_row' data-bg-align='' data-direction='fixed' data-opacity='100' data-velocity='-0.3' data-mobile-enabled='' data-bg-height='2488' data-bg-width='1745' data-bg-image='https:\/\/nuestrosescritores.com\/esperanzareyes\/wp-content\/uploads\/sites\/99\/2021\/07\/PortadaCrowdfunding.jpg' data-bg-repeat='false' data-id='' style='display: none'><\/div><div class=\"gambit_fullheight_row\" data-content-location=\"center\" style=\"display: none\"><\/div>[vc_column_text]\n<p style=\"text-align: center;\"><a class=\"fasc-button fasc-size-xlarge fasc-type-glossy fasc-rounded-medium\" style=\"background-color: #33809e; color: #ffffff;\" href=\"https:\/\/librodepoesia.com\/producto\/en-llamas-esperanza-reyes\/\">Comprar el libro<\/a><\/p>\n[\/vc_column_text][\/vc_column][\/vc_row]\n<\/div>","protected":false},"excerpt":{"rendered":"<p>[vc_row full_width=&#8221;stretch_row_content_no_spaces&#8221;][vc_column extend=&#8221;false&#8221;][\/vc_column][\/vc_row][vc_row][vc_column extend=&#8221;false&#8221;][vc_column_text] &nbsp; Jaque Mate &nbsp; Buscaban mi sonrisa quienes quebraron mi br\u00fajula. &nbsp; Nunca me sent\u00ed dama, prefer\u00eda el ajedrez. &nbsp; Desamparo como una daga clavada, pu\u00f1al que manchado de sue\u00f1os que alg\u00fan d\u00eda ocuparon mi alma. Poes\u00eda entre tanta guerra, coraz\u00f3n puro entre tanta maldad. &nbsp; Sinfon\u00edas, letan\u00edas llenas de versos [&hellip;]<\/p>\n","protected":false},"author":1,"featured_media":0,"parent":0,"menu_order":0,"comment_status":"closed","ping_status":"closed","template":"","meta":{"_acf_changed":false,"footnotes":""},"class_list":["post-76","page","type-page","status-publish","hentry"],"acf":[],"yoast_head":"<!-- This site is optimized with the Yoast SEO Premium plugin v24.7 (Yoast SEO v27.4) - https:\/\/yoast.com\/product\/yoast-seo-premium-wordpress\/ -->\n<title>POES\u00cdA - Esperanza Reyes<\/title>\n<meta name=\"description\" content=\"Poes\u00eda del libro EN LLAMAS, la escritora ESPERANZA REYES nos da una muestra tras publicar un libro con la Editorial Poes\u00eda eres t\u00fa.\" \/>\n<meta name=\"robots\" content=\"index, follow, max-snippet:-1, max-image-preview:large, max-video-preview:-1\" \/>\n<link rel=\"canonical\" href=\"https:\/\/nuestrosescritores.com\/esperanzareyes\/poesia\/\" \/>\n<meta property=\"og:locale\" content=\"es_ES\" \/>\n<meta property=\"og:type\" content=\"article\" \/>\n<meta property=\"og:title\" content=\"POES\u00cdA\" \/>\n<meta property=\"og:description\" content=\"Poes\u00eda del libro EN LLAMAS, la escritora ESPERANZA REYES nos da una muestra tras publicar un libro con la Editorial Poes\u00eda eres t\u00fa.\" \/>\n<meta property=\"og:url\" content=\"https:\/\/nuestrosescritores.com\/esperanzareyes\/poesia\/\" \/>\n<meta property=\"og:site_name\" content=\"Esperanza Reyes\" \/>\n<meta property=\"article:modified_time\" content=\"2021-07-11T10:42:08+00:00\" \/>\n<meta name=\"twitter:card\" content=\"summary_large_image\" \/>\n<meta name=\"twitter:label1\" content=\"Tiempo de lectura\" \/>\n\t<meta name=\"twitter:data1\" content=\"3 minutos\" \/>\n<script type=\"application\/ld+json\" class=\"yoast-schema-graph\">{\"@context\":\"https:\\\/\\\/schema.org\",\"@graph\":[{\"@type\":\"WebPage\",\"@id\":\"https:\\\/\\\/nuestrosescritores.com\\\/esperanzareyes\\\/poesia\\\/\",\"url\":\"https:\\\/\\\/nuestrosescritores.com\\\/esperanzareyes\\\/poesia\\\/\",\"name\":\"POES\u00cdA - Esperanza Reyes\",\"isPartOf\":{\"@id\":\"https:\\\/\\\/nuestrosescritores.com\\\/esperanzareyes\\\/#website\"},\"datePublished\":\"2021-07-11T10:38:46+00:00\",\"dateModified\":\"2021-07-11T10:42:08+00:00\",\"description\":\"Poes\u00eda del libro EN LLAMAS, la escritora ESPERANZA REYES nos da una muestra tras publicar un libro con la Editorial Poes\u00eda eres t\u00fa.\",\"breadcrumb\":{\"@id\":\"https:\\\/\\\/nuestrosescritores.com\\\/esperanzareyes\\\/poesia\\\/#breadcrumb\"},\"inLanguage\":\"es\",\"potentialAction\":[{\"@type\":\"ReadAction\",\"target\":[\"https:\\\/\\\/nuestrosescritores.com\\\/esperanzareyes\\\/poesia\\\/\"]}]},{\"@type\":\"BreadcrumbList\",\"@id\":\"https:\\\/\\\/nuestrosescritores.com\\\/esperanzareyes\\\/poesia\\\/#breadcrumb\",\"itemListElement\":[{\"@type\":\"ListItem\",\"position\":1,\"name\":\"Portada\",\"item\":\"https:\\\/\\\/nuestrosescritores.com\\\/esperanzareyes\\\/\"},{\"@type\":\"ListItem\",\"position\":2,\"name\":\"POES\u00cdA\"}]},{\"@type\":\"WebSite\",\"@id\":\"https:\\\/\\\/nuestrosescritores.com\\\/esperanzareyes\\\/#website\",\"url\":\"https:\\\/\\\/nuestrosescritores.com\\\/esperanzareyes\\\/\",\"name\":\"Nuestros escritores\",\"description\":\"Escritora\",\"potentialAction\":[{\"@type\":\"SearchAction\",\"target\":{\"@type\":\"EntryPoint\",\"urlTemplate\":\"https:\\\/\\\/nuestrosescritores.com\\\/esperanzareyes\\\/?s={search_term_string}\"},\"query-input\":{\"@type\":\"PropertyValueSpecification\",\"valueRequired\":true,\"valueName\":\"search_term_string\"}}],\"inLanguage\":\"es\"}]}<\/script>\n<!-- \/ Yoast SEO Premium plugin. -->","yoast_head_json":{"title":"POES\u00cdA - Esperanza Reyes","description":"Poes\u00eda del libro EN LLAMAS, la escritora ESPERANZA REYES nos da una muestra tras publicar un libro con la Editorial Poes\u00eda eres t\u00fa.","robots":{"index":"index","follow":"follow","max-snippet":"max-snippet:-1","max-image-preview":"max-image-preview:large","max-video-preview":"max-video-preview:-1"},"canonical":"https:\/\/nuestrosescritores.com\/esperanzareyes\/poesia\/","og_locale":"es_ES","og_type":"article","og_title":"POES\u00cdA","og_description":"Poes\u00eda del libro EN LLAMAS, la escritora ESPERANZA REYES nos da una muestra tras publicar un libro con la Editorial Poes\u00eda eres t\u00fa.","og_url":"https:\/\/nuestrosescritores.com\/esperanzareyes\/poesia\/","og_site_name":"Esperanza Reyes","article_modified_time":"2021-07-11T10:42:08+00:00","twitter_card":"summary_large_image","twitter_misc":{"Tiempo de lectura":"3 minutos"},"schema":{"@context":"https:\/\/schema.org","@graph":[{"@type":"WebPage","@id":"https:\/\/nuestrosescritores.com\/esperanzareyes\/poesia\/","url":"https:\/\/nuestrosescritores.com\/esperanzareyes\/poesia\/","name":"POES\u00cdA - Esperanza Reyes","isPartOf":{"@id":"https:\/\/nuestrosescritores.com\/esperanzareyes\/#website"},"datePublished":"2021-07-11T10:38:46+00:00","dateModified":"2021-07-11T10:42:08+00:00","description":"Poes\u00eda del libro EN LLAMAS, la escritora ESPERANZA REYES nos da una muestra tras publicar un libro con la Editorial Poes\u00eda eres t\u00fa.","breadcrumb":{"@id":"https:\/\/nuestrosescritores.com\/esperanzareyes\/poesia\/#breadcrumb"},"inLanguage":"es","potentialAction":[{"@type":"ReadAction","target":["https:\/\/nuestrosescritores.com\/esperanzareyes\/poesia\/"]}]},{"@type":"BreadcrumbList","@id":"https:\/\/nuestrosescritores.com\/esperanzareyes\/poesia\/#breadcrumb","itemListElement":[{"@type":"ListItem","position":1,"name":"Portada","item":"https:\/\/nuestrosescritores.com\/esperanzareyes\/"},{"@type":"ListItem","position":2,"name":"POES\u00cdA"}]},{"@type":"WebSite","@id":"https:\/\/nuestrosescritores.com\/esperanzareyes\/#website","url":"https:\/\/nuestrosescritores.com\/esperanzareyes\/","name":"Nuestros escritores","description":"Escritora","potentialAction":[{"@type":"SearchAction","target":{"@type":"EntryPoint","urlTemplate":"https:\/\/nuestrosescritores.com\/esperanzareyes\/?s={search_term_string}"},"query-input":{"@type":"PropertyValueSpecification","valueRequired":true,"valueName":"search_term_string"}}],"inLanguage":"es"}]}},"_links":{"self":[{"href":"https:\/\/nuestrosescritores.com\/esperanzareyes\/wp-json\/wp\/v2\/pages\/76","targetHints":{"allow":["GET"]}}],"collection":[{"href":"https:\/\/nuestrosescritores.com\/esperanzareyes\/wp-json\/wp\/v2\/pages"}],"about":[{"href":"https:\/\/nuestrosescritores.com\/esperanzareyes\/wp-json\/wp\/v2\/types\/page"}],"author":[{"embeddable":true,"href":"https:\/\/nuestrosescritores.com\/esperanzareyes\/wp-json\/wp\/v2\/users\/1"}],"replies":[{"embeddable":true,"href":"https:\/\/nuestrosescritores.com\/esperanzareyes\/wp-json\/wp\/v2\/comments?post=76"}],"version-history":[{"count":0,"href":"https:\/\/nuestrosescritores.com\/esperanzareyes\/wp-json\/wp\/v2\/pages\/76\/revisions"}],"wp:attachment":[{"href":"https:\/\/nuestrosescritores.com\/esperanzareyes\/wp-json\/wp\/v2\/media?parent=76"}],"curies":[{"name":"wp","href":"https:\/\/api.w.org\/{rel}","templated":true}]}}