{"id":10,"date":"2021-07-10T15:52:24","date_gmt":"2021-07-10T15:52:24","guid":{"rendered":"https:\/\/nuestrosescritores.com\/esperanzareyes\/?page_id=10"},"modified":"2021-07-11T10:50:20","modified_gmt":"2021-07-11T10:50:20","slug":"escritora","status":"publish","type":"page","link":"https:\/\/nuestrosescritores.com\/esperanzareyes\/","title":{"rendered":"ESCRITORA"},"content":{"rendered":"<div class=\"wpb-content-wrapper\">[vc_row][vc_column extend=&#8221;false&#8221;][vc_column_text css=&#8221;.vc_custom_1617387623105{margin-top: -30000px !important;}&#8221;]\n<h1>ESPERANZA REYES es el escritor de EN LLAMAS&nbsp; el escritor y poeta acaba de publicar un libro de poes\u00eda con la Editorial Poes\u00eda eres t\u00fa. Considerado como una de las mejores poetas espa\u00f1olas.<\/h1>\n<p>EN LLAMAS ha sido escrito por ESPERANZA REYES Considerado como uno de los mejores poetas espa\u00f1oles, algunos afirman que es el mejor poeta espa\u00f1ol. el escritor sabe como publicar un libro de poes\u00eda con la Editorial Poes\u00eda eres t\u00fa<br \/>\nTrabajamos con distribuidoras de libros que acercan los libros a las librer\u00edas, pero contamos tambi\u00e9n con las siguientes librerias de apoyo en internet para que ning\u00fan lector se quede sin su libro de poes\u00eda: Libreria GEPA, Libreria Website, La librer\u00eda del escritor, El rinc\u00f3n de los libros.<\/p>\n<p>Informamos de como publicar un libro y el precio de publicar un libro<\/p>\n<p>As\u00ed mismo colaboramos con la Asociaci\u00f3n de editores de poes\u00eda y la Asociaci\u00f3n Madrile\u00f1a de escritores y cr\u00edticos literarios (Cr\u00edtica de Madrid).<\/p>\n<p>Trabajamos con varias imprentas y contamos con nuestra propia imprenta Herederos de Izquierdo y Madrid impresores.<\/p>\n<p>Puedes conocernos en nuestra p\u00e1gina del Grupo Editorial. Contamos con una sede en Madrid y otra en Jumilla (Murcia)<\/p>\n<p>Somos especialitas en la edici\u00f3n del libro de poes\u00eda<\/p>\n<h2>ESPERANZA REYES Considerado como uno de los mejores poetas espa\u00f1oles, algunos afirman que es el mejor poeta espa\u00f1oles es el escritor de EN LLAMAS. El poeta conoce el precio de publicar un libro de poes\u00eda con la Editorial Poes\u00eda eres t\u00fa<\/h2>\n<h3>ESPERANZA REYES Considerado como uno de los mejores poetas espa\u00f1oles, algunos afirman que es el mejor poeta espa\u00f1oles es el escritor de EN LLAMAS . La poeta sabe como publicar un libro de poes\u00eda con la Editorial Poes\u00eda eres t\u00fa<\/h3>\n<h4>ESPERANZA REYES considerado como uno de los mejores poetas espa\u00f1oles, algunos afirman que es el mejor poeta espa\u00f1ol es el escritor de EN LLAMAS . La poeta sabe el precio de publicar un libro de poes\u00eda con la Editorial Poes\u00eda eres t\u00fa<\/h4>\n<p>El Grupo Editorial P\u00e9rez-Ayala, est\u00e1 formado por los siguientes sellos editoriales: Editorial Poes\u00eda eres t\u00fa, Ediciones Rilke Editorial poes\u00eda, Editorial Ediciones Amaniel, Editorial Ediciones Azor\u00edn un sello regional para Alicante y Murcia.<\/p>\n<p>Para ayudar a la promoci\u00f3n de los libros contamos con diferentes plataformas en internet como Poes\u00eda Televisi\u00f3n, libro de poes\u00eda, Club de poes\u00eda, Blog de escritor, Blog de poes\u00eda, Agencia del libro, Nuestras librerias, Publicar libro &#8211; Publicar un libro, Revista Poes\u00eda eres t\u00fa, Antolog\u00edas po\u00e9ticas, Poes\u00eda y poetas.[\/vc_column_text][\/vc_column][\/vc_row][vc_row full_width=&#8221;stretch_row_content_no_spaces&#8221;][vc_column extend=&#8221;false&#8221;][layerslider_vc id=&#8221;1&#8243;][\/vc_column][\/vc_row][vc_row extend=&#8221;false&#8221; design__empty_1=&#8221;&#8221; background=&#8221;&#8221; background_image_type=&#8221;static&#8221; background_image__effect=&#8221;&#8221; bg_size=&#8221;initial&#8221; bg_position=&#8221;center-center&#8221; row_bg_image=&#8221;&#8221; bg_repeat=&#8221;no-repeat&#8221; background_image_type__bg_color=&#8221;rgba(255, 255, 255, 1)&#8221; row_bg_parallax_images=&#8221;&#8221; row_bg_slideshow_images=&#8221;&#8221; background_video_type=&#8221;youtube&#8221; background_video__youtube__url=&#8221;&#8221; background_video__youtube__parallax=&#8221;&#8221; background_video__youtube__options=&#8221;&#8221; background_video__youtube__fallback_image=&#8221;&#8221; background_video__hosted__mp4=&#8221;&#8221; background_video__hosted__webm=&#8221;&#8221; background_video__hosted__ogv=&#8221;&#8221; background_video__hosted__parallax=&#8221;&#8221; background_video__hosted__options=&#8221;&#8221; background_video__hosted__fallback_image=&#8221;&#8221; background_color_type=&#8221;color&#8221; bg__empty_1=&#8221;&#8221; background_color_type__gradient_color1=&#8221;rgba(44, 74, 228, 1)&#8221; background_color_type__gradient_color2=&#8221;rgba(44, 74, 228, 1)&#8221; background_color_type__color_color1=&#8221;rgba(44, 74, 228, 1)&#8221; bg__empty_2=&#8221;&#8221; background_color__effect=&#8221;&#8221; background_color__direction=&#8221;left-to-right&#8221; settings__tag_1=&#8221;&#8221; viewport_lg=&#8221;&#8221; viewport_md=&#8221;&#8221; viewport_sm=&#8221;&#8221; viewport_xs=&#8221;&#8221; settings__empty_1=&#8221;&#8221; version=&#8221;1&#8243;][vc_column width=&#8221;1\/2&#8243; extend=&#8221;false&#8221;]<div class=\"ult-content-box-container \" >\t\t<div class=\"ult-content-box\" style=\"background-color:rgba(255,255,255,0.49);box-shadow: px px 8px px #f2f2f2 none;border-style:none;-webkit-transition: all 700ms ease;-moz-transition: all 700ms ease;-ms-transition: all 700ms ease;-o-transition: all 700ms ease;transition: all 700ms ease;\"  data-hover_box_shadow=\"none\"     data-bg=\"rgba(255,255,255,0.49)\"  data-border_color=\"\" >[vc_column_text css=&#8221;.vc_custom_1625931840084{padding-top: 15% !important;padding-right: 15% !important;padding-bottom: 15% !important;padding-left: 15% !important;}&#8221;]\n<h1>Esperanza Reyes<\/h1>\n<p>Nac\u00ed en uno de los barrios m\u00e1s caracter\u00edsticos de Sevilla, en el a\u00f1o 2000.<\/p>\n<p>Mis primeros recuerdos con las letras est\u00e1n guardados en una carpeta del colegio, despu\u00e9s de suspender literatura en secundaria y pensando que alg\u00fan d\u00eda mis versos acariciar\u00edan la luz.<\/p>\n<p>En el a\u00f1o 2019 lanc\u00e9 mi primer libro al aire, V\u00e9rtigo, que fue abrazado con un cari\u00f1o inmenso.<\/p>\n<p>Ahora vuelvo a quebrarme para que renazcan todas las cenizas. Haz ruido si lo necesitas.<\/p>\n<p>&nbsp;<\/p>\n<p>&nbsp;<\/p>\n<span class='bctt-click-to-tweet'><span class='bctt-ctt-text'><a href='https:\/\/x.com\/intent\/tweet?url=https%3A%2F%2Fnuestrosescritores.com%2Fesperanzareyes%2F&#038;text=Esperanza%20Reyes.%20Escritora.&#038;related' target='_blank'rel=\"noopener noreferrer\">Esperanza Reyes. Escritora. <\/a><\/span><a href='https:\/\/x.com\/intent\/tweet?url=https%3A%2F%2Fnuestrosescritores.com%2Fesperanzareyes%2F&#038;text=Esperanza%20Reyes.%20Escritora.&#038;related' target='_blank' class='bctt-ctt-btn'rel=\"noopener noreferrer\">Compartir en X<\/a><\/span>[\/vc_column_text]\t\t<\/div><\/div>[\/vc_column][vc_column width=&#8221;1\/2&#8243; extend=&#8221;false&#8221;]<div class=\"gambit_fullheight_row\" data-content-location=\"center\" style=\"display: none\"><\/div><div id=\"rowvcpt-row-settings\" class=\"rowvcpt-row-set RowVcPt-row-setting69deb2fbd879e \" data-no=\"RowVcPt-row-setting69deb2fbd879e\"><div  id=\"bgGallaryslide69deb2fbd87a2\" class=\"rowvcpt-slideshow \"><\/div><script type=\"text\/javascript\">\n(function($) {\n$(\"#bgGallaryslide69deb2fbd87a2\").vegas({\n        overlay: \"https:\/\/nuestrosescritores.com\/esperanzareyes\/wp-content\/plugins\/ultimate-row-background\/css\/overlays\/0'.esc_attr(1.png).'\",\n        transitionDuration: 4e3,\n        delay: 7000,\n        slides: [{src: \"https:\/\/nuestrosescritores.com\/esperanzareyes\/wp-content\/uploads\/sites\/99\/2021\/07\/sndawkvn1q0.jpg\",transition: \"fade2\",transitionDuration: 5000},{src: \"https:\/\/nuestrosescritores.com\/esperanzareyes\/wp-content\/uploads\/sites\/99\/2021\/07\/bmkq4oxhgru.jpg\",transition: \"fade2\",transitionDuration: 5000},{src: \"https:\/\/nuestrosescritores.com\/esperanzareyes\/wp-content\/uploads\/sites\/99\/2021\/07\/zv-5yb5hnru.jpg\",transition: \"fade2\",transitionDuration: 5000},{src: \"https:\/\/nuestrosescritores.com\/esperanzareyes\/wp-content\/uploads\/sites\/99\/2021\/07\/wx3gvn51ane.jpg\",transition: \"fade2\",transitionDuration: 5000},{src: \"https:\/\/nuestrosescritores.com\/esperanzareyes\/wp-content\/uploads\/sites\/99\/2021\/07\/abnsfv9qhfk.jpg\",transition: \"fade2\",transitionDuration: 5000},{src: \"https:\/\/nuestrosescritores.com\/esperanzareyes\/wp-content\/uploads\/sites\/99\/2021\/07\/kvyg5elbwtq.jpg\",transition: \"fade2\",transitionDuration: 5000},{src: \"https:\/\/nuestrosescritores.com\/esperanzareyes\/wp-content\/uploads\/sites\/99\/2021\/07\/c7tn8ombdfw.jpg\",transition: \"fade2\",transitionDuration: 5000},]\n    });\t\t\n})(jQuery);\n<\/script><div class=\"rowvcpt-overlay\" style=\"background:rgba(255,255,255,0.69)\"><\/div><\/div>[vc_single_image image=&#8221;39&#8243; img_size=&#8221;full&#8221; alignment=&#8221;center&#8221;][\/vc_column][\/vc_row][vc_row][vc_column extend=&#8221;false&#8221;]<div class=\"gambit_fullheight_row\" data-content-location=\"center\" style=\"display: none\"><\/div><div class='gambit_parallax_row' data-bg-align='' data-direction='fixed' data-opacity='100' data-velocity='-0.3' data-mobile-enabled='parallax-enable-mobile' data-bg-height='1200' data-bg-width='900' data-bg-image='https:\/\/nuestrosescritores.com\/esperanzareyes\/wp-content\/uploads\/sites\/99\/2021\/07\/ktpjsfomzuk.jpg' data-bg-repeat='false' data-id='' style='display: none'><\/div>[\/vc_column][\/vc_row][vc_row][vc_column extend=&#8221;false&#8221;]<div class=\"gambit_fullheight_row\" data-content-location=\"center\" style=\"display: none\"><\/div><div id=\"rowvcpt-row-settings\" class=\"rowvcpt-row-set RowVcPt-row-setting69deb2fbd9ecc \" data-no=\"RowVcPt-row-setting69deb2fbd9ecc\"><div  id=\"bgGallaryslide69deb2fbd9ecf\" class=\"rowvcpt-slideshow \"><\/div><script type=\"text\/javascript\">\n(function($) {\n$(\"#bgGallaryslide69deb2fbd9ecf\").vegas({\n        overlay: \"https:\/\/nuestrosescritores.com\/esperanzareyes\/wp-content\/plugins\/ultimate-row-background\/css\/overlays\/0'.esc_attr(2.png).'\",\n        transitionDuration: 4e3,\n        delay: 7000,\n        slides: [{src: \"https:\/\/nuestrosescritores.com\/esperanzareyes\/wp-content\/uploads\/sites\/99\/2021\/07\/kvyg5elbwtq.jpg\",transition: \"fade2\",transitionDuration: 5000},{src: \"https:\/\/nuestrosescritores.com\/esperanzareyes\/wp-content\/uploads\/sites\/99\/2021\/07\/c7tn8ombdfw.jpg\",transition: \"fade2\",transitionDuration: 5000},{src: \"https:\/\/nuestrosescritores.com\/esperanzareyes\/wp-content\/uploads\/sites\/99\/2021\/07\/ftww8bsmo_g.jpg\",transition: \"fade2\",transitionDuration: 5000},{src: \"https:\/\/nuestrosescritores.com\/esperanzareyes\/wp-content\/uploads\/sites\/99\/2021\/07\/7rgadyeu76w.jpg\",transition: \"fade2\",transitionDuration: 5000},{src: \"https:\/\/nuestrosescritores.com\/esperanzareyes\/wp-content\/uploads\/sites\/99\/2021\/07\/p_o87eu83qg.jpg\",transition: \"fade2\",transitionDuration: 5000},{src: \"https:\/\/nuestrosescritores.com\/esperanzareyes\/wp-content\/uploads\/sites\/99\/2021\/07\/jxgxa5sbq0w.jpg\",transition: \"fade2\",transitionDuration: 5000},]\n    });\t\t\n})(jQuery);\n<\/script><div class=\"rowvcpt-overlay\" style=\"background:rgba(255,255,255,0.69)\"><\/div><\/div><div id=\"uvc-type-wrap-8048\"  data-ultimate-target='#uvc-type-wrap-8048'  data-responsive-json-new='{\"font-size\":\"\",\"line-height\":\"\"}'  class=\"uvc-type-wrap vc_custom_1625932174400 ult-adjust-bottom-margin ult-responsive  uvc-type-align-center uvc-type-no-prefix uvc-wrap-360344927869deb2fbdab50\" style=\"text-align:center;\"><span id=\"typed-360344927869deb2fbdab50\" class=\"ultimate-typed-main \" style=\" font-weight:bold; text-transform: unset;\"><\/span><script type=\"text\/javascript\">\n\t\t\t\t\t\tjQuery(function($){ \n\t\t\t\t\t\t\t$(document).ready(function(){\n\t\t\t\t\t\t\t\tif( typeof jQuery(\"#typed-360344927869deb2fbdab50\").typed == \"function\"){\n\t\t\t\t\t\t\t\t\t$(\"#typed-360344927869deb2fbdab50\").typed({\n\t\t\t\t\t\t\t\t\t\tstrings: [\"Una llama no hace sombra, una hoguera crea revoluci\u00f3n. Provocaron la misma sensaci\u00f3n en la caza de brujas, pero las cenizas volvieron a renacer. Unas manos limpias dejan de estarlo en medio de un crimen, una mirada siendo c\u00f3mplice de tanta guerra, tambi\u00e9n. No necesitar\u00edamos tomar justicia por nuestra mano si una toga demostrara ser fiel a sus principios. \u00bfDe qu\u00e9 parte de la balanza est\u00e1s?\"],\n\t\t\t\t\t\t\t\t\t\ttypeSpeed: 35,\n\t\t\t\t\t\t\t\t\t\tbackSpeed: 0,\n\t\t\t\t\t\t\t\t\t\tstartDelay: \"200\",\n\t\t\t\t\t\t\t\t\t\tbackDelay: \"1500\",\n\t\t\t\t\t\t\t\t\t\tloop: true,\n\t\t\t\t\t\t\t\t\t\tloopCount: false,\n\t\t\t\t\t\t\t\t\t\tshowCursor: true,\n\t\t\t\t\t\t\t\t\t\tcursorChar: \"|\",\n\t\t\t\t\t\t\t\t\t\tattr: null\n\t\t\t\t\t\t\t\t\t});\n\t\t\t\t\t\t\t\t}\n\t\t\t\t\t\t\t});\n\t\t\t\t\t\t});\n\t\t\t\t\t<\/script><\/div>[\/vc_column][\/vc_row][vc_row][vc_column extend=&#8221;false&#8221;]<div class=\"gambit_fullheight_row\" data-content-location=\"center\" style=\"display: none\"><\/div><div class='gambit_parallax_row' data-bg-align='' data-direction='fixed' data-opacity='50' data-velocity='-0.3' data-mobile-enabled='parallax-enable-mobile' data-bg-height='431' data-bg-width='1366' data-bg-image='https:\/\/nuestrosescritores.com\/esperanzareyes\/wp-content\/uploads\/sites\/99\/2021\/07\/EsperanzaReyesEscritora.png' data-bg-repeat='false' data-id='' style='display: none'><\/div>[vc_column_text]\n<p style=\"text-align: center;\"><a class=\"fasc-button fasc-size-xlarge fasc-type-glossy fasc-rounded-medium\" style=\"background-color: #2b3336; color: #ffffff;\" href=\"https:\/\/librodepoesia.com\/producto\/en-llamas-esperanza-reyes\/\">COMPRA SUS LIBROS<\/a><\/p>\n[\/vc_column_text][\/vc_column][\/vc_row][vc_row][vc_column extend=&#8221;false&#8221;][vc_column_text css=&#8221;.vc_custom_1617387623105{margin-top: -30000px !important;}&#8221;]\n<h1>ESPERANZA REYES es el escritor de EN LLAMAS &nbsp;el escritor y poeta acaba de publicar un libro de poes\u00eda con la Editorial Poes\u00eda eres t\u00fa. Considerado como una de las mejores poetas espa\u00f1olas.<\/h1>\n<p>EN LLAMAS ha sido escrito por ESPERANZA REYES Considerado como uno de los mejores poetas espa\u00f1oles, algunos afirman que es el mejor poeta espa\u00f1ol. el escritor sabe como publicar un libro de poes\u00eda con la Editorial Poes\u00eda eres t\u00fa<br \/>\nTrabajamos con distribuidoras de libros que acercan los libros a las librer\u00edas, pero contamos tambi\u00e9n con las siguientes librerias de apoyo en internet para que ning\u00fan lector se quede sin su libro de poes\u00eda: Libreria GEPA, Libreria Website, La librer\u00eda del escritor, El rinc\u00f3n de los libros.<\/p>\n<p>Informamos de como publicar un libro y el precio de publicar un libro<\/p>\n<p>As\u00ed mismo colaboramos con la Asociaci\u00f3n de editores de poes\u00eda y la Asociaci\u00f3n Madrile\u00f1a de escritores y cr\u00edticos literarios (Cr\u00edtica de Madrid).<\/p>\n<p>Trabajamos con varias imprentas y contamos con nuestra propia imprenta Herederos de Izquierdo y Madrid impresores.<\/p>\n<p>Puedes conocernos en nuestra p\u00e1gina del Grupo Editorial. Contamos con una sede en Madrid y otra en Jumilla (Murcia)<\/p>\n<p>Somos especialitas en la edici\u00f3n del libro de poes\u00eda<\/p>\n<h2>ESPERANZA REYES Considerado como uno de los mejores poetas espa\u00f1oles, algunos afirman que es el mejor poeta espa\u00f1oles es el escritor de EN LLAMAS . El poeta conoce el precio de publicar un libro de poes\u00eda con la Editorial Poes\u00eda eres t\u00fa<\/h2>\n<h3>ESPERANZA REYES Considerado como uno de los mejores poetas espa\u00f1oles, algunos afirman que es el mejor poeta espa\u00f1oles es el escritor de EN LLAMAS . La poeta sabe como publicar un libro de poes\u00eda con la Editorial Poes\u00eda eres t\u00fa<\/h3>\n<h4>ESPERANZA REYES considerado como uno de los mejores poetas espa\u00f1oles, algunos afirman que es el mejor poeta espa\u00f1ol es el escritor de EN LLAMAS . La poeta sabe el precio de publicar un libro de poes\u00eda con la Editorial Poes\u00eda eres t\u00fa<\/h4>\n<p>El Grupo Editorial P\u00e9rez-Ayala, est\u00e1 formado por los siguientes sellos editoriales: Editorial Poes\u00eda eres t\u00fa, Ediciones Rilke Editorial poes\u00eda, Editorial Ediciones Amaniel, Editorial Ediciones Azor\u00edn un sello regional para Alicante y Murcia.<\/p>\n<p>Para ayudar a la promoci\u00f3n de los libros contamos con diferentes plataformas en internet como Poes\u00eda Televisi\u00f3n, libro de poes\u00eda, Club de poes\u00eda, Blog de escritor, Blog de poes\u00eda, Agencia del libro, Nuestras librerias, Publicar libro &#8211; Publicar un libro, Revista Poes\u00eda eres t\u00fa, Antolog\u00edas po\u00e9ticas, Poes\u00eda y poetas.[\/vc_column_text][\/vc_column][\/vc_row]\n<\/div>","protected":false},"excerpt":{"rendered":"<p>[vc_row][vc_column extend=&#8221;false&#8221;][vc_column_text css=&#8221;.vc_custom_1617387623105{margin-top: -30000px !important;}&#8221;] ESPERANZA REYES es el escritor de EN LLAMAS&nbsp; el escritor y poeta acaba de publicar un libro de poes\u00eda con la Editorial Poes\u00eda eres t\u00fa. Considerado como una de las mejores poetas espa\u00f1olas. EN LLAMAS ha sido escrito por ESPERANZA REYES Considerado como uno de los mejores poetas espa\u00f1oles, algunos [&hellip;]<\/p>\n","protected":false},"author":1,"featured_media":0,"parent":0,"menu_order":0,"comment_status":"closed","ping_status":"closed","template":"","meta":{"_acf_changed":false,"footnotes":""},"class_list":["post-10","page","type-page","status-publish","hentry"],"acf":[],"yoast_head":"<!-- This site is optimized with the Yoast SEO Premium plugin v24.7 (Yoast SEO v27.4) - https:\/\/yoast.com\/product\/yoast-seo-premium-wordpress\/ -->\n<title>ESCRITORA - Esperanza Reyes<\/title>\n<meta name=\"description\" content=\"Esperanza Reyes es la escritora del libro EN LLAMAS. Acaba de publicar un libro con la Editorial Poes\u00eda eres t\u00fa en el a\u00f1o 2021.\" \/>\n<meta name=\"robots\" content=\"index, follow, max-snippet:-1, max-image-preview:large, max-video-preview:-1\" \/>\n<link rel=\"canonical\" href=\"https:\/\/nuestrosescritores.com\/esperanzareyes\/\" \/>\n<meta property=\"og:locale\" content=\"es_ES\" \/>\n<meta property=\"og:type\" content=\"article\" \/>\n<meta property=\"og:title\" content=\"ESCRITORA\" \/>\n<meta property=\"og:description\" content=\"Esperanza Reyes es la escritora del libro EN LLAMAS. Acaba de publicar un libro con la Editorial Poes\u00eda eres t\u00fa en el a\u00f1o 2021.\" \/>\n<meta property=\"og:url\" content=\"https:\/\/nuestrosescritores.com\/esperanzareyes\/\" \/>\n<meta property=\"og:site_name\" content=\"Esperanza Reyes\" \/>\n<meta property=\"article:modified_time\" content=\"2021-07-11T10:50:20+00:00\" \/>\n<meta name=\"twitter:card\" content=\"summary_large_image\" \/>\n<meta name=\"twitter:label1\" content=\"Tiempo de lectura\" \/>\n\t<meta name=\"twitter:data1\" content=\"5 minutos\" \/>\n<script type=\"application\/ld+json\" class=\"yoast-schema-graph\">{\"@context\":\"https:\\\/\\\/schema.org\",\"@graph\":[{\"@type\":\"WebPage\",\"@id\":\"https:\\\/\\\/nuestrosescritores.com\\\/esperanzareyes\\\/\",\"url\":\"https:\\\/\\\/nuestrosescritores.com\\\/esperanzareyes\\\/\",\"name\":\"ESCRITORA - Esperanza Reyes\",\"isPartOf\":{\"@id\":\"https:\\\/\\\/nuestrosescritores.com\\\/esperanzareyes\\\/#website\"},\"datePublished\":\"2021-07-10T15:52:24+00:00\",\"dateModified\":\"2021-07-11T10:50:20+00:00\",\"description\":\"Esperanza Reyes es la escritora del libro EN LLAMAS. Acaba de publicar un libro con la Editorial Poes\u00eda eres t\u00fa en el a\u00f1o 2021.\",\"breadcrumb\":{\"@id\":\"https:\\\/\\\/nuestrosescritores.com\\\/esperanzareyes\\\/#breadcrumb\"},\"inLanguage\":\"es\",\"potentialAction\":[{\"@type\":\"ReadAction\",\"target\":[\"https:\\\/\\\/nuestrosescritores.com\\\/esperanzareyes\\\/\"]}]},{\"@type\":\"BreadcrumbList\",\"@id\":\"https:\\\/\\\/nuestrosescritores.com\\\/esperanzareyes\\\/#breadcrumb\",\"itemListElement\":[{\"@type\":\"ListItem\",\"position\":1,\"name\":\"Portada\",\"item\":\"https:\\\/\\\/nuestrosescritores.com\\\/esperanzareyes\\\/\"},{\"@type\":\"ListItem\",\"position\":2,\"name\":\"ESCRITORA\"}]},{\"@type\":\"WebSite\",\"@id\":\"https:\\\/\\\/nuestrosescritores.com\\\/esperanzareyes\\\/#website\",\"url\":\"https:\\\/\\\/nuestrosescritores.com\\\/esperanzareyes\\\/\",\"name\":\"Nuestros escritores\",\"description\":\"Escritora\",\"potentialAction\":[{\"@type\":\"SearchAction\",\"target\":{\"@type\":\"EntryPoint\",\"urlTemplate\":\"https:\\\/\\\/nuestrosescritores.com\\\/esperanzareyes\\\/?s={search_term_string}\"},\"query-input\":{\"@type\":\"PropertyValueSpecification\",\"valueRequired\":true,\"valueName\":\"search_term_string\"}}],\"inLanguage\":\"es\"}]}<\/script>\n<!-- \/ Yoast SEO Premium plugin. -->","yoast_head_json":{"title":"ESCRITORA - Esperanza Reyes","description":"Esperanza Reyes es la escritora del libro EN LLAMAS. Acaba de publicar un libro con la Editorial Poes\u00eda eres t\u00fa en el a\u00f1o 2021.","robots":{"index":"index","follow":"follow","max-snippet":"max-snippet:-1","max-image-preview":"max-image-preview:large","max-video-preview":"max-video-preview:-1"},"canonical":"https:\/\/nuestrosescritores.com\/esperanzareyes\/","og_locale":"es_ES","og_type":"article","og_title":"ESCRITORA","og_description":"Esperanza Reyes es la escritora del libro EN LLAMAS. Acaba de publicar un libro con la Editorial Poes\u00eda eres t\u00fa en el a\u00f1o 2021.","og_url":"https:\/\/nuestrosescritores.com\/esperanzareyes\/","og_site_name":"Esperanza Reyes","article_modified_time":"2021-07-11T10:50:20+00:00","twitter_card":"summary_large_image","twitter_misc":{"Tiempo de lectura":"5 minutos"},"schema":{"@context":"https:\/\/schema.org","@graph":[{"@type":"WebPage","@id":"https:\/\/nuestrosescritores.com\/esperanzareyes\/","url":"https:\/\/nuestrosescritores.com\/esperanzareyes\/","name":"ESCRITORA - Esperanza Reyes","isPartOf":{"@id":"https:\/\/nuestrosescritores.com\/esperanzareyes\/#website"},"datePublished":"2021-07-10T15:52:24+00:00","dateModified":"2021-07-11T10:50:20+00:00","description":"Esperanza Reyes es la escritora del libro EN LLAMAS. Acaba de publicar un libro con la Editorial Poes\u00eda eres t\u00fa en el a\u00f1o 2021.","breadcrumb":{"@id":"https:\/\/nuestrosescritores.com\/esperanzareyes\/#breadcrumb"},"inLanguage":"es","potentialAction":[{"@type":"ReadAction","target":["https:\/\/nuestrosescritores.com\/esperanzareyes\/"]}]},{"@type":"BreadcrumbList","@id":"https:\/\/nuestrosescritores.com\/esperanzareyes\/#breadcrumb","itemListElement":[{"@type":"ListItem","position":1,"name":"Portada","item":"https:\/\/nuestrosescritores.com\/esperanzareyes\/"},{"@type":"ListItem","position":2,"name":"ESCRITORA"}]},{"@type":"WebSite","@id":"https:\/\/nuestrosescritores.com\/esperanzareyes\/#website","url":"https:\/\/nuestrosescritores.com\/esperanzareyes\/","name":"Nuestros escritores","description":"Escritora","potentialAction":[{"@type":"SearchAction","target":{"@type":"EntryPoint","urlTemplate":"https:\/\/nuestrosescritores.com\/esperanzareyes\/?s={search_term_string}"},"query-input":{"@type":"PropertyValueSpecification","valueRequired":true,"valueName":"search_term_string"}}],"inLanguage":"es"}]}},"_links":{"self":[{"href":"https:\/\/nuestrosescritores.com\/esperanzareyes\/wp-json\/wp\/v2\/pages\/10","targetHints":{"allow":["GET"]}}],"collection":[{"href":"https:\/\/nuestrosescritores.com\/esperanzareyes\/wp-json\/wp\/v2\/pages"}],"about":[{"href":"https:\/\/nuestrosescritores.com\/esperanzareyes\/wp-json\/wp\/v2\/types\/page"}],"author":[{"embeddable":true,"href":"https:\/\/nuestrosescritores.com\/esperanzareyes\/wp-json\/wp\/v2\/users\/1"}],"replies":[{"embeddable":true,"href":"https:\/\/nuestrosescritores.com\/esperanzareyes\/wp-json\/wp\/v2\/comments?post=10"}],"version-history":[{"count":0,"href":"https:\/\/nuestrosescritores.com\/esperanzareyes\/wp-json\/wp\/v2\/pages\/10\/revisions"}],"wp:attachment":[{"href":"https:\/\/nuestrosescritores.com\/esperanzareyes\/wp-json\/wp\/v2\/media?parent=10"}],"curies":[{"name":"wp","href":"https:\/\/api.w.org\/{rel}","templated":true}]}}