{"id":9,"date":"2022-03-12T08:34:27","date_gmt":"2022-03-12T08:34:27","guid":{"rendered":"https:\/\/nuestrosescritores.com\/enriquegamezclemente\/?page_id=9"},"modified":"2022-03-12T11:24:51","modified_gmt":"2022-03-12T11:24:51","slug":"escritor","status":"publish","type":"page","link":"https:\/\/nuestrosescritores.com\/enriquegamezclemente\/","title":{"rendered":"Escritor"},"content":{"rendered":"<div class=\"wpb-content-wrapper\">[vc_row full_width=&#8221;stretch_row_content_no_spaces&#8221;][vc_column extend=&#8221;false&#8221;][layerslider_vc id=&#8221;1&#8243;][\/vc_column][\/vc_row][vc_row extend=&#8221;false&#8221; design__empty_1=&#8221;&#8221; background=&#8221;&#8221; background_image_type=&#8221;static&#8221; background_image__effect=&#8221;&#8221; bg_size=&#8221;initial&#8221; bg_position=&#8221;center-center&#8221; row_bg_image=&#8221;&#8221; bg_repeat=&#8221;no-repeat&#8221; background_image_type__bg_color=&#8221;rgba(255, 255, 255, 1)&#8221; row_bg_parallax_images=&#8221;&#8221; row_bg_slideshow_images=&#8221;&#8221; background_video_type=&#8221;youtube&#8221; background_video__youtube__url=&#8221;&#8221; background_video__youtube__parallax=&#8221;&#8221; background_video__youtube__options=&#8221;&#8221; background_video__youtube__fallback_image=&#8221;&#8221; background_video__hosted__mp4=&#8221;&#8221; background_video__hosted__webm=&#8221;&#8221; background_video__hosted__ogv=&#8221;&#8221; background_video__hosted__parallax=&#8221;&#8221; background_video__hosted__options=&#8221;&#8221; background_video__hosted__fallback_image=&#8221;&#8221; background_color_type=&#8221;color&#8221; bg__empty_1=&#8221;&#8221; background_color_type__gradient_color1=&#8221;rgba(44, 74, 228, 1)&#8221; background_color_type__gradient_color2=&#8221;rgba(44, 74, 228, 1)&#8221; background_color_type__color_color1=&#8221;rgba(44, 74, 228, 1)&#8221; bg__empty_2=&#8221;&#8221; background_color__effect=&#8221;&#8221; background_color__direction=&#8221;left-to-right&#8221; settings__tag_1=&#8221;&#8221; viewport_lg=&#8221;&#8221; viewport_md=&#8221;&#8221; viewport_sm=&#8221;&#8221; viewport_xs=&#8221;&#8221; settings__empty_1=&#8221;&#8221; version=&#8221;1&#8243;][vc_column width=&#8221;1\/2&#8243; extend=&#8221;false&#8221;]<div class=\"ult-content-box-container \" >\t\t<div class=\"ult-content-box\" style=\"background-color:rgba(255,255,255,0.49);box-shadow: px px 8px px #f2f2f2 none;border-style:none;-webkit-transition: all 700ms ease;-moz-transition: all 700ms ease;-ms-transition: all 700ms ease;-o-transition: all 700ms ease;transition: all 700ms ease;\"  data-hover_box_shadow=\"none\"     data-bg=\"rgba(255,255,255,0.49)\"  data-border_color=\"\" >[vc_column_text css=&#8221;.vc_custom_1647074109982{padding-top: 15% !important;padding-right: 15% !important;padding-bottom: 15% !important;padding-left: 15% !important;}&#8221;]Enrique G\u00e1mez Clemente. Nace en Granada el 12-08-1998. Reside en J\u00f3dar, Ja\u00e9n.<\/p>\n<p>Curs\u00f3 dos a\u00f1os Finanzas y Contabilidad, pero desisti\u00f3 por el tedio que inundaba todo aquello.<\/p>\n<p>Durante un tiempo estuvo trabajando como comerciante de seguros y tuvo que dejarlo porque no ten\u00eda las capacidades sociales adecuadas para ello.<\/p>\n<p>Volvi\u00f3 a la universidad para estudiar Derecho. \u00bfAcert\u00f3 en el cambio de carrera?<\/p>\n<p>Qui\u00e9n sabe.<\/p>\n<p>Le publicaron hace un a\u00f1o un libro de poes\u00eda.<\/p>\n<span class='bctt-click-to-tweet'><span class='bctt-ctt-text'><a href='https:\/\/x.com\/intent\/tweet?url=https%3A%2F%2Fnuestrosescritores.com%2Fenriquegamezclemente%2F&#038;text=ENRIQUE%20G%C3%81MEZ%20CLEMENTE.%20Escritor.&#038;related' target='_blank'rel=\"noopener noreferrer\">ENRIQUE G\u00c1MEZ CLEMENTE. Escritor. <\/a><\/span><a href='https:\/\/x.com\/intent\/tweet?url=https%3A%2F%2Fnuestrosescritores.com%2Fenriquegamezclemente%2F&#038;text=ENRIQUE%20G%C3%81MEZ%20CLEMENTE.%20Escritor.&#038;related' target='_blank' class='bctt-ctt-btn'rel=\"noopener noreferrer\">Compartir en X<\/a><\/span>[\/vc_column_text]\t\t<\/div><\/div>[\/vc_column][vc_column width=&#8221;1\/2&#8243; extend=&#8221;false&#8221;]<div class=\"gambit_fullheight_row\" data-content-location=\"center\" style=\"display: none\"><\/div><div id=\"rowvcpt-row-settings\" class=\"rowvcpt-row-set RowVcPt-row-setting69f4e93ddd2b0 \" data-no=\"RowVcPt-row-setting69f4e93ddd2b0\"><div  id=\"bgGallaryslide69f4e93ddd2b4\" class=\"rowvcpt-slideshow \"><\/div><script type=\"text\/javascript\">\n(function($) {\n$(\"#bgGallaryslide69f4e93ddd2b4\").vegas({\n        overlay: \"https:\/\/nuestrosescritores.com\/enriquegamezclemente\/wp-content\/plugins\/ultimate-row-background\/css\/overlays\/0'.esc_attr(1.png).'\",\n        transitionDuration: 4e3,\n        delay: 7000,\n        slides: [{src: \"https:\/\/nuestrosescritores.com\/enriquegamezclemente\/wp-content\/uploads\/sites\/125\/2022\/03\/6911736.jpg\",transition: \"fade2\",transitionDuration: 5000},{src: \"https:\/\/nuestrosescritores.com\/enriquegamezclemente\/wp-content\/uploads\/sites\/125\/2022\/03\/6881040.jpg\",transition: \"fade2\",transitionDuration: 5000},{src: \"https:\/\/nuestrosescritores.com\/enriquegamezclemente\/wp-content\/uploads\/sites\/125\/2022\/03\/7022041.jpg\",transition: \"fade2\",transitionDuration: 5000},{src: \"https:\/\/nuestrosescritores.com\/enriquegamezclemente\/wp-content\/uploads\/sites\/125\/2022\/03\/7037967.jpg\",transition: \"fade2\",transitionDuration: 5000},{src: \"https:\/\/nuestrosescritores.com\/enriquegamezclemente\/wp-content\/uploads\/sites\/125\/2022\/03\/6574455.jpg\",transition: \"fade2\",transitionDuration: 5000},{src: \"https:\/\/nuestrosescritores.com\/enriquegamezclemente\/wp-content\/uploads\/sites\/125\/2022\/03\/6792528.jpg\",transition: \"fade2\",transitionDuration: 5000},{src: \"https:\/\/nuestrosescritores.com\/enriquegamezclemente\/wp-content\/uploads\/sites\/125\/2022\/03\/10890520.jpg\",transition: \"fade2\",transitionDuration: 5000},{src: \"https:\/\/nuestrosescritores.com\/enriquegamezclemente\/wp-content\/uploads\/sites\/125\/2022\/03\/10885389.jpg\",transition: \"fade2\",transitionDuration: 5000},]\n    });\t\t\n})(jQuery);\n<\/script><div class=\"rowvcpt-overlay\" style=\"background:rgba(255,255,255,0.69)\"><\/div><\/div>[\/vc_column][\/vc_row][vc_row full_height=&#8221;yes&#8221; equal_height=&#8221;yes&#8221; content_placement=&#8221;middle&#8221; css_animation=&#8221;appear&#8221; css=&#8221;.vc_custom_1638093275611{background-position: center !important;background-repeat: no-repeat !important;background-size: cover !important;}&#8221;][vc_column extend=&#8221;false&#8221;]<div class=\"ult-spacer spacer-69f4e93de04df\" data-id=\"69f4e93de04df\" data-height=\"500\" data-height-mobile=\"500\" data-height-tab=\"500\" data-height-tab-portrait=\"\" data-height-mobile-landscape=\"\" style=\"clear:both;display:block;\"><\/div><div id=\"rowvcpt-row-settings\" class=\"rowvcpt-row-set RowVcPt-row-setting69f4e93de04f7 \" data-no=\"RowVcPt-row-setting69f4e93de04f7\"><div class=\"columns-bg-wrap columns-bg-anim-colors columns-bg-image  columns_simple_image\" id=\"RowVcPt-image-bg-69f4e93de04f6\"   data-parallax_sense=\"30\" src=\"https:\/\/nuestrosescritores.com\/enriquegamezclemente\/wp-content\/uploads\/sites\/125\/2022\/03\/11022402.jpg\" style=\"background-image: url(https:\/\/nuestrosescritores.com\/enriquegamezclemente\/wp-content\/uploads\/sites\/125\/2022\/03\/11022402.jpg);background-position: center center;background-size: cover;background-attachment: fixed;\"><\/div><\/div>[\/vc_column][\/vc_row][vc_row full_width=&#8221;stretch_row_content_no_spaces&#8221; full_height=&#8221;yes&#8221; content_placement=&#8221;middle&#8221;][vc_column extend=&#8221;false&#8221;]<div class=\"gambit_fullheight_row\" data-content-location=\"center\" style=\"display: none\"><\/div><div id=\"rowvcpt-row-settings\" class=\"rowvcpt-row-set RowVcPt-row-setting69f4e93de08c8 \" data-no=\"RowVcPt-row-setting69f4e93de08c8\"><div  id=\"bgGallaryslide69f4e93de08cb\" class=\"rowvcpt-slideshow \"><\/div><script type=\"text\/javascript\">\n(function($) {\n$(\"#bgGallaryslide69f4e93de08cb\").vegas({\n        overlay: \"https:\/\/nuestrosescritores.com\/enriquegamezclemente\/wp-content\/plugins\/ultimate-row-background\/css\/overlays\/0'.esc_attr(2.png).'\",\n        transitionDuration: 4e3,\n        delay: 7000,\n        slides: [{src: \"https:\/\/nuestrosescritores.com\/enriquegamezclemente\/wp-content\/uploads\/sites\/125\/2022\/03\/11195461.jpg\",transition: \"fade2\",transitionDuration: 5000},{src: \"https:\/\/nuestrosescritores.com\/enriquegamezclemente\/wp-content\/uploads\/sites\/125\/2022\/03\/11210402.jpg\",transition: \"fade2\",transitionDuration: 5000},{src: \"https:\/\/nuestrosescritores.com\/enriquegamezclemente\/wp-content\/uploads\/sites\/125\/2022\/03\/4869123.jpg\",transition: \"fade2\",transitionDuration: 5000},{src: \"https:\/\/nuestrosescritores.com\/enriquegamezclemente\/wp-content\/uploads\/sites\/125\/2022\/03\/11330281.jpg\",transition: \"fade2\",transitionDuration: 5000},]\n    });\t\t\n})(jQuery);\n<\/script><div class=\"rowvcpt-overlay\" style=\"background:rgba(255,255,255,0.69)\"><\/div><\/div><div id=\"uvc-type-wrap-2317\"  data-ultimate-target='#uvc-type-wrap-2317'  data-responsive-json-new='{\"font-size\":\"\",\"line-height\":\"\"}'  class=\"uvc-type-wrap vc_custom_1647074963429 ult-adjust-bottom-margin ult-responsive  uvc-type-align-center uvc-type-no-prefix uvc-wrap-55133114069f4e93de18e3\" style=\"text-align:center;\"><span id=\"typed-55133114069f4e93de18e3\" class=\"ultimate-typed-main \" style=\" font-weight:bold; text-transform: unset;\"><\/span><script type=\"text\/javascript\">\n\t\t\t\t\t\tjQuery(function($){ \n\t\t\t\t\t\t\t$(document).ready(function(){\n\t\t\t\t\t\t\t\tif( typeof jQuery(\"#typed-55133114069f4e93de18e3\").typed == \"function\"){\n\t\t\t\t\t\t\t\t\t$(\"#typed-55133114069f4e93de18e3\").typed({\n\t\t\t\t\t\t\t\t\t\tstrings: [\"Das la vuelta al libro,\",\"lees la cubierta trasera.\",\"\u00bfQu\u00e9 quieres?\",\"\u00bfQu\u00e9 santo esperas?\",\"\u00bfUna Coca-Cola y su f\u00f3rmula secreta?\",\"\u00bfEl misterio sin descubrir de la vida eterna?\",\"No perder\u00e9 energ\u00eda\",\"en captar la atenci\u00f3n\",\"de reba\u00f1os que aguardan\",\"en cavernas.\",\"En general:\",\"si te gusta la poes\u00eda actual,\",\"si te gusta el cine actual,\",\"si te gusta la m\u00fasica actual,\",\"si te gusta nuestra existencia moderna,\",\"suelta mi libro.\",\"\u00a1Vamos!\",\"\u00a1Sal por piernas!\",\"Abre Twitter, Instagram o Facebook\",\"y \u00e9chate una foto en las cejas\",\"o en las tetas, o en la tableta,\",\"o donde co\u00f1o quieras.\",\"No s\u00e9 si me explico...\",\"Yo\",\"escribo para humanos\",\"y no para ovejas.\"],\n\t\t\t\t\t\t\t\t\t\ttypeSpeed: 35,\n\t\t\t\t\t\t\t\t\t\tbackSpeed: 0,\n\t\t\t\t\t\t\t\t\t\tstartDelay: \"200\",\n\t\t\t\t\t\t\t\t\t\tbackDelay: \"1500\",\n\t\t\t\t\t\t\t\t\t\tloop: true,\n\t\t\t\t\t\t\t\t\t\tloopCount: false,\n\t\t\t\t\t\t\t\t\t\tshowCursor: true,\n\t\t\t\t\t\t\t\t\t\tcursorChar: \"|\",\n\t\t\t\t\t\t\t\t\t\tattr: null\n\t\t\t\t\t\t\t\t\t});\n\t\t\t\t\t\t\t\t}\n\t\t\t\t\t\t\t});\n\t\t\t\t\t\t});\n\t\t\t\t\t<\/script><\/div>[\/vc_column][\/vc_row][vc_row full_height=&#8221;yes&#8221; content_placement=&#8221;middle&#8221; parallax=&#8221;content-moving&#8221; parallax_image=&#8221;86&#8243; css_animation=&#8221;appear&#8221; bg_type=&#8221;image&#8221; css=&#8221;.vc_custom_1634746787147{background-image: url(https:\/\/nuestrosescritores.com\/tinahernandezherrero\/wp-content\/uploads\/sites\/107\/2021\/10\/TinaHernandezHerrero-Mediano.jpg?id=86) !important;}&#8221;][vc_column extend=&#8221;false&#8221;][vc_empty_space height=&#8221;150px&#8221;]<div id=\"rowvcpt-row-settings\" class=\"rowvcpt-row-set RowVcPt-row-setting69f4e93de1d26 \" data-no=\"RowVcPt-row-setting69f4e93de1d26\"><div class=\"columns-bg-wrap columns-bg-anim-colors columns-bg-image  columns_simple_image\" id=\"RowVcPt-image-bg-69f4e93de1d25\"   data-parallax_sense=\"30\" src=\"https:\/\/nuestrosescritores.com\/enriquegamezclemente\/wp-content\/uploads\/sites\/125\/2022\/03\/shutterstock_1941377842-Mediano-1.jpg\" style=\"background-image: url(https:\/\/nuestrosescritores.com\/enriquegamezclemente\/wp-content\/uploads\/sites\/125\/2022\/03\/shutterstock_1941377842-Mediano-1.jpg);background-position: center center;background-size: cover;background-attachment: fixed;\"><\/div><\/div>[vc_column_text]\n<p style=\"text-align: center;\"><a class=\"fasc-button fasc-size-xlarge fasc-type-glossy fasc-rounded-medium\" style=\"background-color: #48565c; color: #ffffff;\" href=\"https:\/\/librodepoesia.com\/libro\/en-el-patibulo-enrique-gamez-clemente\/\">COMPRA SUS LIBROS<\/a><\/p>\n[\/vc_column_text][\/vc_column][\/vc_row][vc_row][vc_column]<div id=\"rowvcpt-row-settings\" class=\"rowvcpt-row-set RowVcPt-row-setting69f4e93de20af \" data-no=\"RowVcPt-row-setting69f4e93de20af\"><div class=\"columns-bg-wrap columns-bg-anim-colors\" style=\"opacity: 1;background: -moz-linear-gradient(top, #e0e0e0 0%, #f7f7f7 100%);background: -webkit-gradient(linear, left top, left bottom, color-stop(0%,#e0e0e0), color-stop(100%,#f7f7f7));background: -webkit-linear-gradient(top, #e0e0e0 0%,#f7f7f7 100%);background: -o-linear-gradient(top, #e0e0e0 0%,#f7f7f7 100%);background: -ms-linear-gradient(top, #e0e0e0 0%,#f7f7f7 100%);background: linear-gradient(to bottom, #e0e0e0 0%,#f7f7f7 100%);\"><\/div><\/div>[vc_column_text css=&#8221;.vc_custom_1643365975895{padding-top: 5% !important;padding-right: 5% !important;padding-bottom: 5% !important;padding-left: 5% !important;background-color: rgba(206,206,206,0.01) !important;*background-color: rgb(206,206,206) !important;border-radius: 1px !important;}&#8221;]Esta p\u00e1gina web est\u00e1 realizada por el GRUPO EDITORIAL P\u00c9REZ-AYALA para el escritor ENRIQUE G\u00c1MEZ CLEMENTE porque acaba de publicar un libro en una de las siguientes editoriales de poes\u00eda:<br \/>\nEditorial Poes\u00eda eres t\u00fa: Una editorial para poetas contempor\u00e1neos, con un cat\u00e1logo diverso de las diferentes tendencias de la poes\u00eda.<br \/>\nEdiciones Rilke: Una colecci\u00f3n de poes\u00eda cl\u00e1sica con poetas contempor\u00e1neos de gran trayectoria.<br \/>\nEdiciones Azor\u00edn: Una editorial para escritores y temas de Alicante y Murcia, un sello regional a nivel nacional.<br \/>\nContamos tambi\u00e9n con editoriales de narrativa como Ediciones Amaniel y una editorial de autoedici\u00f3n como la Editorial Agencia del libro y un sistema de crowdfunding de libros para que los nuevos escritores puedan publicar un libro gratis.<br \/>\nInformaci\u00f3n tras publicar un libro: EN EL PAT\u00cdBULO de ENRIQUE G\u00c1MEZ CLEMENTE con la editorial de poes\u00eda Editorial Poes\u00eda eres t\u00fa.<br \/>\nENRIQUE G\u00c1MEZ CLEMENTE logra publicar un libro de poes\u00eda, EN EL PAT\u00cdBULO, tras un proceso de selecci\u00f3n de obras con la Editorial Poes\u00eda eres t\u00fa.<br \/>\nTodos los derechos del libro EN EL PAT\u00cdBULO pertenecen a ENRIQUE G\u00c1MEZ CLEMENTE tras publicar un libro con la Editorial Poes\u00eda eres t\u00fa.<br \/>\nPublicar un libro de poes\u00eda como EN EL PAT\u00cdBULO de ENRIQUE G\u00c1MEZ CLEMENTE es posible gracias al trabajo de todo el equipo de la Editorial Poes\u00eda eres t\u00fa.<br \/>\nToda la promoci\u00f3n del libro EN EL PAT\u00cdBULO la puedes ver en la p\u00e1gina de la Editorial Poes\u00eda eres t\u00fa y en la web que la editorial le hace a ENRIQUE G\u00c1MEZ CLEMENTE tras publicar un libro.<br \/>\nENRIQUE G\u00c1MEZ CLEMENTE agradece a la Editorial Poes\u00eda eres t\u00fa y la Agencia del libro por facilitar el trabajo de publicar un libro: EN EL PAT\u00cdBULO.<br \/>\nLa Editorial Poes\u00eda eres t\u00fa y ENRIQUE G\u00c1MEZ CLEMENTE agradecen la colaboraci\u00f3n de los poetas, que han conseguido publicar un libro, y lectores del libro EN EL PAT\u00cdBULO por su colaboraci\u00f3n en la promoci\u00f3n y difusi\u00f3n de la obra.[\/vc_column_text][\/vc_column][\/vc_row]\n<\/div>","protected":false},"excerpt":{"rendered":"<p>[vc_row full_width=&#8221;stretch_row_content_no_spaces&#8221;][vc_column extend=&#8221;false&#8221;][layerslider_vc id=&#8221;1&#8243;][\/vc_column][\/vc_row][vc_row extend=&#8221;false&#8221; design__empty_1=&#8221;&#8221; background=&#8221;&#8221; background_image_type=&#8221;static&#8221; background_image__effect=&#8221;&#8221; bg_size=&#8221;initial&#8221; bg_position=&#8221;center-center&#8221; row_bg_image=&#8221;&#8221; bg_repeat=&#8221;no-repeat&#8221; background_image_type__bg_color=&#8221;rgba(255, 255, 255, 1)&#8221; row_bg_parallax_images=&#8221;&#8221; row_bg_slideshow_images=&#8221;&#8221; background_video_type=&#8221;youtube&#8221; background_video__youtube__url=&#8221;&#8221; background_video__youtube__parallax=&#8221;&#8221; background_video__youtube__options=&#8221;&#8221; background_video__youtube__fallback_image=&#8221;&#8221; background_video__hosted__mp4=&#8221;&#8221; background_video__hosted__webm=&#8221;&#8221; background_video__hosted__ogv=&#8221;&#8221; background_video__hosted__parallax=&#8221;&#8221; background_video__hosted__options=&#8221;&#8221; background_video__hosted__fallback_image=&#8221;&#8221; background_color_type=&#8221;color&#8221; bg__empty_1=&#8221;&#8221; background_color_type__gradient_color1=&#8221;rgba(44, 74, 228, 1)&#8221; background_color_type__gradient_color2=&#8221;rgba(44, 74, 228, 1)&#8221; background_color_type__color_color1=&#8221;rgba(44, 74, 228, 1)&#8221; bg__empty_2=&#8221;&#8221; background_color__effect=&#8221;&#8221; background_color__direction=&#8221;left-to-right&#8221; settings__tag_1=&#8221;&#8221; viewport_lg=&#8221;&#8221; viewport_md=&#8221;&#8221; viewport_sm=&#8221;&#8221; viewport_xs=&#8221;&#8221; settings__empty_1=&#8221;&#8221; version=&#8221;1&#8243;][vc_column width=&#8221;1\/2&#8243; [&hellip;]<\/p>\n","protected":false},"author":1,"featured_media":0,"parent":0,"menu_order":0,"comment_status":"closed","ping_status":"closed","template":"","meta":{"_acf_changed":false,"footnotes":""},"class_list":["post-9","page","type-page","status-publish","hentry"],"acf":[],"yoast_head":"<!-- This site is optimized with the Yoast SEO Premium plugin v24.7 (Yoast SEO v27.5) - https:\/\/yoast.com\/product\/yoast-seo-premium-wordpress\/ -->\n<title>Escritor - Enrique G\u00e1mez Clemente<\/title>\n<meta name=\"description\" content=\"ENRIQUE G\u00c1MEZ CLEMENTE acaba de publicar un libro de poes\u00eda EN EL PAT\u00cdBULO con la Editorial Poes\u00eda eres t\u00fa.\" \/>\n<meta name=\"robots\" content=\"index, follow, max-snippet:-1, max-image-preview:large, max-video-preview:-1\" \/>\n<link rel=\"canonical\" href=\"https:\/\/nuestrosescritores.com\/enriquegamezclemente\/\" \/>\n<meta property=\"og:locale\" content=\"es_ES\" \/>\n<meta property=\"og:type\" content=\"article\" \/>\n<meta property=\"og:title\" content=\"Escritor\" \/>\n<meta property=\"og:description\" content=\"ENRIQUE G\u00c1MEZ CLEMENTE acaba de publicar un libro de poes\u00eda EN EL PAT\u00cdBULO con la Editorial Poes\u00eda eres t\u00fa.\" \/>\n<meta property=\"og:url\" content=\"https:\/\/nuestrosescritores.com\/enriquegamezclemente\/\" \/>\n<meta property=\"og:site_name\" content=\"Enrique G\u00e1mez Clemente\" \/>\n<meta property=\"article:modified_time\" content=\"2022-03-12T11:24:51+00:00\" \/>\n<meta name=\"twitter:card\" content=\"summary_large_image\" \/>\n<meta name=\"twitter:label1\" content=\"Tiempo de lectura\" \/>\n\t<meta name=\"twitter:data1\" content=\"4 minutos\" \/>\n<script type=\"application\/ld+json\" class=\"yoast-schema-graph\">{\"@context\":\"https:\\\/\\\/schema.org\",\"@graph\":[{\"@type\":\"WebPage\",\"@id\":\"https:\\\/\\\/nuestrosescritores.com\\\/enriquegamezclemente\\\/\",\"url\":\"https:\\\/\\\/nuestrosescritores.com\\\/enriquegamezclemente\\\/\",\"name\":\"Escritor - Enrique G\u00e1mez Clemente\",\"isPartOf\":{\"@id\":\"https:\\\/\\\/nuestrosescritores.com\\\/enriquegamezclemente\\\/#website\"},\"datePublished\":\"2022-03-12T08:34:27+00:00\",\"dateModified\":\"2022-03-12T11:24:51+00:00\",\"description\":\"ENRIQUE G\u00c1MEZ CLEMENTE acaba de publicar un libro de poes\u00eda EN EL PAT\u00cdBULO con la Editorial Poes\u00eda eres t\u00fa.\",\"breadcrumb\":{\"@id\":\"https:\\\/\\\/nuestrosescritores.com\\\/enriquegamezclemente\\\/#breadcrumb\"},\"inLanguage\":\"es\",\"potentialAction\":[{\"@type\":\"ReadAction\",\"target\":[\"https:\\\/\\\/nuestrosescritores.com\\\/enriquegamezclemente\\\/\"]}]},{\"@type\":\"BreadcrumbList\",\"@id\":\"https:\\\/\\\/nuestrosescritores.com\\\/enriquegamezclemente\\\/#breadcrumb\",\"itemListElement\":[{\"@type\":\"ListItem\",\"position\":1,\"name\":\"Portada\",\"item\":\"https:\\\/\\\/nuestrosescritores.com\\\/enriquegamezclemente\\\/\"},{\"@type\":\"ListItem\",\"position\":2,\"name\":\"Escritor\"}]},{\"@type\":\"WebSite\",\"@id\":\"https:\\\/\\\/nuestrosescritores.com\\\/enriquegamezclemente\\\/#website\",\"url\":\"https:\\\/\\\/nuestrosescritores.com\\\/enriquegamezclemente\\\/\",\"name\":\"Nuestros escritores\",\"description\":\"Escritor\",\"potentialAction\":[{\"@type\":\"SearchAction\",\"target\":{\"@type\":\"EntryPoint\",\"urlTemplate\":\"https:\\\/\\\/nuestrosescritores.com\\\/enriquegamezclemente\\\/?s={search_term_string}\"},\"query-input\":{\"@type\":\"PropertyValueSpecification\",\"valueRequired\":true,\"valueName\":\"search_term_string\"}}],\"inLanguage\":\"es\"}]}<\/script>\n<!-- \/ Yoast SEO Premium plugin. -->","yoast_head_json":{"title":"Escritor - Enrique G\u00e1mez Clemente","description":"ENRIQUE G\u00c1MEZ CLEMENTE acaba de publicar un libro de poes\u00eda EN EL PAT\u00cdBULO con la Editorial Poes\u00eda eres t\u00fa.","robots":{"index":"index","follow":"follow","max-snippet":"max-snippet:-1","max-image-preview":"max-image-preview:large","max-video-preview":"max-video-preview:-1"},"canonical":"https:\/\/nuestrosescritores.com\/enriquegamezclemente\/","og_locale":"es_ES","og_type":"article","og_title":"Escritor","og_description":"ENRIQUE G\u00c1MEZ CLEMENTE acaba de publicar un libro de poes\u00eda EN EL PAT\u00cdBULO con la Editorial Poes\u00eda eres t\u00fa.","og_url":"https:\/\/nuestrosescritores.com\/enriquegamezclemente\/","og_site_name":"Enrique G\u00e1mez Clemente","article_modified_time":"2022-03-12T11:24:51+00:00","twitter_card":"summary_large_image","twitter_misc":{"Tiempo de lectura":"4 minutos"},"schema":{"@context":"https:\/\/schema.org","@graph":[{"@type":"WebPage","@id":"https:\/\/nuestrosescritores.com\/enriquegamezclemente\/","url":"https:\/\/nuestrosescritores.com\/enriquegamezclemente\/","name":"Escritor - Enrique G\u00e1mez Clemente","isPartOf":{"@id":"https:\/\/nuestrosescritores.com\/enriquegamezclemente\/#website"},"datePublished":"2022-03-12T08:34:27+00:00","dateModified":"2022-03-12T11:24:51+00:00","description":"ENRIQUE G\u00c1MEZ CLEMENTE acaba de publicar un libro de poes\u00eda EN EL PAT\u00cdBULO con la Editorial Poes\u00eda eres t\u00fa.","breadcrumb":{"@id":"https:\/\/nuestrosescritores.com\/enriquegamezclemente\/#breadcrumb"},"inLanguage":"es","potentialAction":[{"@type":"ReadAction","target":["https:\/\/nuestrosescritores.com\/enriquegamezclemente\/"]}]},{"@type":"BreadcrumbList","@id":"https:\/\/nuestrosescritores.com\/enriquegamezclemente\/#breadcrumb","itemListElement":[{"@type":"ListItem","position":1,"name":"Portada","item":"https:\/\/nuestrosescritores.com\/enriquegamezclemente\/"},{"@type":"ListItem","position":2,"name":"Escritor"}]},{"@type":"WebSite","@id":"https:\/\/nuestrosescritores.com\/enriquegamezclemente\/#website","url":"https:\/\/nuestrosescritores.com\/enriquegamezclemente\/","name":"Nuestros escritores","description":"Escritor","potentialAction":[{"@type":"SearchAction","target":{"@type":"EntryPoint","urlTemplate":"https:\/\/nuestrosescritores.com\/enriquegamezclemente\/?s={search_term_string}"},"query-input":{"@type":"PropertyValueSpecification","valueRequired":true,"valueName":"search_term_string"}}],"inLanguage":"es"}]}},"_links":{"self":[{"href":"https:\/\/nuestrosescritores.com\/enriquegamezclemente\/wp-json\/wp\/v2\/pages\/9","targetHints":{"allow":["GET"]}}],"collection":[{"href":"https:\/\/nuestrosescritores.com\/enriquegamezclemente\/wp-json\/wp\/v2\/pages"}],"about":[{"href":"https:\/\/nuestrosescritores.com\/enriquegamezclemente\/wp-json\/wp\/v2\/types\/page"}],"author":[{"embeddable":true,"href":"https:\/\/nuestrosescritores.com\/enriquegamezclemente\/wp-json\/wp\/v2\/users\/1"}],"replies":[{"embeddable":true,"href":"https:\/\/nuestrosescritores.com\/enriquegamezclemente\/wp-json\/wp\/v2\/comments?post=9"}],"version-history":[{"count":0,"href":"https:\/\/nuestrosescritores.com\/enriquegamezclemente\/wp-json\/wp\/v2\/pages\/9\/revisions"}],"wp:attachment":[{"href":"https:\/\/nuestrosescritores.com\/enriquegamezclemente\/wp-json\/wp\/v2\/media?parent=9"}],"curies":[{"name":"wp","href":"https:\/\/api.w.org\/{rel}","templated":true}]}}