{"id":7,"date":"2021-03-06T16:29:46","date_gmt":"2021-03-06T16:29:46","guid":{"rendered":"https:\/\/nuestrosescritores.com\/elenamarzo\/?page_id=7"},"modified":"2021-03-07T10:58:50","modified_gmt":"2021-03-07T10:58:50","slug":"elena-marzo","status":"publish","type":"page","link":"https:\/\/nuestrosescritores.com\/elenamarzo\/","title":{"rendered":"Elena Marzo"},"content":{"rendered":"<div class=\"wpb-content-wrapper\">[vc_row][vc_column extend=&#8221;false&#8221;][vc_column_text css=&#8221;.vc_custom_1609672078213{margin-top: -30000px !important;}&#8221;]ELENA MARZO es el escritor de NO ES INSPIRACI\u00d3N (10 poemas, 1 historia). &nbsp;el escritor y poeta acaba de publicar un libro de poes\u00eda con la Editorial Poes\u00eda eres t\u00fa. Considerado como una de las mejores poetas espa\u00f1olas.<\/p>\n<p>NO ES INSPIRACI\u00d3N (10 poemas, 1 historia). ha sido escrito por ELENA MARZO Considerado como uno de los mejores poetas espa\u00f1oles, algunos afirman que es el mejor poeta espa\u00f1ol. el escritor sabe como publicar un libro de poes\u00eda con la Editorial Poes\u00eda eres t\u00fa<br \/>\nTrabajamos con distribuidoras de libros que acercan los libros a las librer\u00edas, pero contamos tambi\u00e9n con las siguientes librerias de apoyo en internet para que ning\u00fan lector se quede sin su libro de poes\u00eda: Libreria GEPA, Libreria Website, La librer\u00eda del escritor, El rinc\u00f3n de los libros.<\/p>\n<p>Informamos de como publicar un libro y el precio de publicar un libro<\/p>\n<p>As\u00ed mismo colaboramos con la Asociaci\u00f3n de editores de poes\u00eda y la Asociaci\u00f3n Madrile\u00f1a de escritores y cr\u00edticos literarios (Cr\u00edtica de Madrid).<\/p>\n<p>Trabajamos con varias imprentas y contamos con nuestra propia imprenta Herederos de Izquierdo y Vigo impresores.<\/p>\n<p>Puedes conocernos en nuestra p\u00e1gina del Grupo Editorial. Contamos con una sede en Vigo y otra en Jumilla (Murcia)<\/p>\n<p>Somos especialitas en la edici\u00f3n del libro de poes\u00eda<\/p>\n<p>ELENA MARZO Considerado como uno de los mejores poetas espa\u00f1oles, algunos afirman que es el mejor poeta espa\u00f1oles es el escritor de NO ES INSPIRACI\u00d3N (10 poemas, 1 historia). . El poeta conoce el precio de publicar un libro de poes\u00eda con la Editorial Poes\u00eda eres t\u00fa<\/p>\n<p>ELENA MARZO Considerado como uno de los mejores poetas espa\u00f1oles, algunos afirman que es el mejor poeta espa\u00f1oles es el escritor de NO ES INSPIRACI\u00d3N (10 poemas, 1 historia). . La poeta sabe como publicar un libro de poes\u00eda con la Editorial Poes\u00eda eres t\u00fa<br \/>\nELENA MARZO considerado como uno de los mejores poetas espa\u00f1oles, algunos afirman que es el mejor poeta espa\u00f1ol es el escritor de NO ES INSPIRACI\u00d3N (10 poemas, 1 historia). . La poeta sabe el precio de publicar un libro de poes\u00eda con la Editorial Poes\u00eda eres t\u00fa<\/p>\n<p>El Grupo Editorial P\u00e9rez-Ayala, est\u00e1 formado por los siguientes sellos editoriales: Editorial Poes\u00eda eres t\u00fa, Ediciones Rilke Editorial poes\u00eda, Editorial Ediciones Amaniel, Editorial Ediciones Azor\u00edn un sello regional para Alicante y Murcia.<\/p>\n<p>Para ayudar a la promoci\u00f3n de los libros contamos con diferentes plataformas en internet como Poes\u00eda Televisi\u00f3n, libro de poes\u00eda, Club de poes\u00eda, Blog de escritor, Blog de poes\u00eda, Agencia del libro, Nuestras librerias, Publicar libro &#8211; Publicar un libro, Revista Poes\u00eda eres t\u00fa, Antolog\u00edas po\u00e9ticas, Poes\u00eda y poetas.[\/vc_column_text][\/vc_column][\/vc_row][vc_row full_width=&#8221;stretch_row_content_no_spaces&#8221;][vc_column extend=&#8221;false&#8221;][layerslider_vc id=&#8221;1&#8243;][\/vc_column][\/vc_row][vc_row extend=&#8221;false&#8221; design__empty_1=&#8221;&#8221; background=&#8221;&#8221; background_image_type=&#8221;static&#8221; background_image__effect=&#8221;&#8221; bg_size=&#8221;initial&#8221; bg_position=&#8221;center-center&#8221; row_bg_image=&#8221;&#8221; bg_repeat=&#8221;no-repeat&#8221; background_image_type__bg_color=&#8221;rgba(255, 255, 255, 1)&#8221; row_bg_parallax_images=&#8221;&#8221; row_bg_slideshow_images=&#8221;&#8221; background_video_type=&#8221;youtube&#8221; background_video__youtube__url=&#8221;&#8221; background_video__youtube__parallax=&#8221;&#8221; background_video__youtube__options=&#8221;&#8221; background_video__youtube__fallback_image=&#8221;&#8221; background_video__hosted__mp4=&#8221;&#8221; background_video__hosted__webm=&#8221;&#8221; background_video__hosted__ogv=&#8221;&#8221; background_video__hosted__parallax=&#8221;&#8221; background_video__hosted__options=&#8221;&#8221; background_video__hosted__fallback_image=&#8221;&#8221; background_color_type=&#8221;color&#8221; bg__empty_1=&#8221;&#8221; background_color_type__gradient_color1=&#8221;rgba(44, 74, 228, 1)&#8221; background_color_type__gradient_color2=&#8221;rgba(44, 74, 228, 1)&#8221; background_color_type__color_color1=&#8221;rgba(44, 74, 228, 1)&#8221; bg__empty_2=&#8221;&#8221; background_color__effect=&#8221;&#8221; background_color__direction=&#8221;left-to-right&#8221; settings__tag_1=&#8221;&#8221; viewport_lg=&#8221;&#8221; viewport_md=&#8221;&#8221; viewport_sm=&#8221;&#8221; viewport_xs=&#8221;&#8221; settings__empty_1=&#8221;&#8221; version=&#8221;1&#8243;][vc_column width=&#8221;1\/2&#8243; extend=&#8221;false&#8221;]<div class=\"ult-content-box-container \" >\t\t<div class=\"ult-content-box\" style=\"background-color:rgba(255,255,255,0.49);box-shadow: px px 8px px #f2f2f2 none;border-style:none;-webkit-transition: all 700ms ease;-moz-transition: all 700ms ease;-ms-transition: all 700ms ease;-o-transition: all 700ms ease;transition: all 700ms ease;\"  data-hover_box_shadow=\"none\"     data-bg=\"rgba(255,255,255,0.49)\"  data-border_color=\"\" >[vc_column_text css=&#8221;.vc_custom_1615047588130{padding-top: 15% !important;padding-right: 15% !important;padding-bottom: 15% !important;padding-left: 15% !important;}&#8221;]Elena Marzo (Barcelona, 1971) es autora de la novela <em>Golinda (Escribir o morir)<\/em>. Es licenciada en Ciencias de la Informaci\u00f3n por la Universidad Aut\u00f3noma de Barcelona (UAB). Algunos de sus relatos se han recogido en antolog\u00edas literarias (<em>La intrusa<\/em>, <em>Barcelona G\u00f3tica<\/em>) y en revistas (<em>El ojo<\/em>, <em>Letralia<\/em>).<\/p>\n<p>&nbsp;<\/p>\n<p>Contacto: eee.marzo@gmail.com<\/p>\n<p>&nbsp;<\/p>\n<p><em>No es inspiraci\u00f3n<\/em> es su primer poemario publicado. Una historia compuesta por diez poemas que proyecta una singular visi\u00f3n del mundo y que no deja indiferente.<\/p>\n<span class='bctt-click-to-tweet'><span class='bctt-ctt-text'><a href='https:\/\/x.com\/intent\/tweet?url=https%3A%2F%2Fnuestrosescritores.com%2Felenamarzo%2F&#038;text=ELENA%20MARZO.%20Escritor%2C%20poeta.&#038;related' target='_blank'rel=\"noopener noreferrer\">ELENA MARZO. Escritor, poeta. <\/a><\/span><a href='https:\/\/x.com\/intent\/tweet?url=https%3A%2F%2Fnuestrosescritores.com%2Felenamarzo%2F&#038;text=ELENA%20MARZO.%20Escritor%2C%20poeta.&#038;related' target='_blank' class='bctt-ctt-btn'rel=\"noopener noreferrer\">Compartir en X<\/a><\/span>[\/vc_column_text]\t\t<\/div><\/div>[\/vc_column][vc_column width=&#8221;1\/2&#8243; extend=&#8221;false&#8221;]<div class=\"gambit_fullheight_row\" data-content-location=\"center\" style=\"display: none\"><\/div><div id=\"rowvcpt-row-settings\" class=\"rowvcpt-row-set RowVcPt-row-setting69e74f9d5edb1 \" data-no=\"RowVcPt-row-setting69e74f9d5edb1\"><div  id=\"bgGallaryslide69e74f9d5edb5\" class=\"rowvcpt-slideshow \"><\/div><script type=\"text\/javascript\">\n(function($) {\n$(\"#bgGallaryslide69e74f9d5edb5\").vegas({\n        overlay: \"https:\/\/nuestrosescritores.com\/elenamarzo\/wp-content\/plugins\/ultimate-row-background\/css\/overlays\/0'.esc_attr(1.png).'\",\n        transitionDuration: 4e3,\n        delay: 7000,\n        slides: [{src: \"https:\/\/nuestrosescritores.com\/elenamarzo\/wp-content\/uploads\/sites\/78\/2021\/03\/wplrl-qg2-c-scaled.jpg\",transition: \"fade2\",transitionDuration: 5000},{src: \"https:\/\/nuestrosescritores.com\/elenamarzo\/wp-content\/uploads\/sites\/78\/2021\/03\/9lfoi_vzmro-scaled.jpg\",transition: \"fade2\",transitionDuration: 5000},{src: \"https:\/\/nuestrosescritores.com\/elenamarzo\/wp-content\/uploads\/sites\/78\/2021\/03\/5dcixj6fi-scaled.jpg\",transition: \"fade2\",transitionDuration: 5000},{src: \"https:\/\/nuestrosescritores.com\/elenamarzo\/wp-content\/uploads\/sites\/78\/2021\/03\/0xvk6uykwc-scaled.jpg\",transition: \"fade2\",transitionDuration: 5000},{src: \"https:\/\/nuestrosescritores.com\/elenamarzo\/wp-content\/uploads\/sites\/78\/2021\/03\/cnx_4bqrkoq-scaled.jpg\",transition: \"fade2\",transitionDuration: 5000},]\n    });\t\t\n})(jQuery);\n<\/script><div class=\"rowvcpt-overlay\" style=\"background:rgba(255,255,255,0.69)\"><\/div><\/div>[vc_single_image image=&#8221;57&#8243; img_size=&#8221;full&#8221; alignment=&#8221;center&#8221;][\/vc_column][\/vc_row][vc_row][vc_column extend=&#8221;false&#8221;]<div class=\"gambit_fullheight_row\" data-content-location=\"center\" style=\"display: none\"><\/div><div class='gambit_parallax_row' data-bg-align='' data-direction='fixed' data-opacity='100' data-velocity='-0.3' data-mobile-enabled='parallax-enable-mobile' data-bg-height='2560' data-bg-width='1707' data-bg-image='https:\/\/nuestrosescritores.com\/elenamarzo\/wp-content\/uploads\/sites\/78\/2021\/03\/0xvk6uykwc-scaled.jpg' data-bg-repeat='false' data-id='' style='display: none'><\/div>[\/vc_column][\/vc_row][vc_row][vc_column extend=&#8221;false&#8221;]<div class=\"gambit_fullheight_row\" data-content-location=\"center\" style=\"display: none\"><\/div><div id=\"rowvcpt-row-settings\" class=\"rowvcpt-row-set RowVcPt-row-setting69e74f9d6002a \" data-no=\"RowVcPt-row-setting69e74f9d6002a\"><div  id=\"bgGallaryslide69e74f9d6002d\" class=\"rowvcpt-slideshow \"><\/div><script type=\"text\/javascript\">\n(function($) {\n$(\"#bgGallaryslide69e74f9d6002d\").vegas({\n        overlay: \"https:\/\/nuestrosescritores.com\/elenamarzo\/wp-content\/plugins\/ultimate-row-background\/css\/overlays\/0'.esc_attr(1.png).'\",\n        transitionDuration: 4e3,\n        delay: 7000,\n        slides: [{src: \"https:\/\/nuestrosescritores.com\/elenamarzo\/wp-content\/uploads\/sites\/78\/2021\/03\/cnx_4bqrkoq-scaled.jpg\",transition: \"fade2\",transitionDuration: 5000},{src: \"https:\/\/nuestrosescritores.com\/elenamarzo\/wp-content\/uploads\/sites\/78\/2021\/03\/gk-1f7_smp4-scaled.jpg\",transition: \"fade2\",transitionDuration: 5000},{src: \"https:\/\/nuestrosescritores.com\/elenamarzo\/wp-content\/uploads\/sites\/78\/2021\/03\/w4k5ozortca-scaled.jpg\",transition: \"fade2\",transitionDuration: 5000},{src: \"https:\/\/nuestrosescritores.com\/elenamarzo\/wp-content\/uploads\/sites\/78\/2021\/03\/rjiacqc-uys-scaled.jpg\",transition: \"fade2\",transitionDuration: 5000},]\n    });\t\t\n})(jQuery);\n<\/script><div class=\"rowvcpt-overlay\" style=\"background:rgba(255,255,255,0.69)\"><\/div><\/div><div id=\"uvc-type-wrap-2751\"  data-ultimate-target='#uvc-type-wrap-2751'  data-responsive-json-new='{\"font-size\":\"\",\"line-height\":\"\"}'  class=\"uvc-type-wrap vc_custom_1615048176205 ult-adjust-bottom-margin ult-responsive  uvc-type-align-center uvc-type-no-prefix uvc-wrap-305805765269e74f9d609bc\" style=\"text-align:center;\"><span id=\"typed-305805765269e74f9d609bc\" class=\"ultimate-typed-main \" style=\" font-weight:bold; text-transform: unset;\"><\/span><script type=\"text\/javascript\">\n\t\t\t\t\t\tjQuery(function($){ \n\t\t\t\t\t\t\t$(document).ready(function(){\n\t\t\t\t\t\t\t\tif( typeof jQuery(\"#typed-305805765269e74f9d609bc\").typed == \"function\"){\n\t\t\t\t\t\t\t\t\t$(\"#typed-305805765269e74f9d609bc\").typed({\n\t\t\t\t\t\t\t\t\t\tstrings: [\"\u201cLos poemas de Elena son tristes y evocadores. Tanto que su presencia es casi f\u00edsica, material, imponente. Al menos en un principio, porque luego queda una sensaci\u00f3n de alivio, de peligro superado, de haber subido otro nivel. Pero incluso cuando uno se salva pierde algo. Uno comienza adelantando la mano como si tanteara en la oscuridad hasta que las pupilas se dilatan y el paso se afianza. Uno lee y se siente seguro. Las im\u00e1genes no cuelgan de un clavo, flotan en el aire, ligeras y consistentes. Las evocaciones reconfortan esa melancol\u00eda, despiertan como un pellizco, destilan vida como una ilusi\u00f3n, como un recuerdo que no se puede olvidar del todo, que te recuerda lo que fuiste, lo que pudiste ser, lo que ser\u00e1s, lo que imaginaste ser, lo que cre\u00edste que ser\u00edas, lo que pareci\u00f3 ser y no fue, lo que nunca cre\u00edste ser y sin embargo eras: la historia siempre sorprendente del devenir. Un cristal roto que devuelve infinidad de reflejos, fragmentos de esa verdad que Borges dec\u00eda era hija de la historia, de nuestra interpretaci\u00f3n de la historia, tan humana, tan fr\u00e1gil, tan real y tan m\u00edtica. Todo cabe en los poemas de Elena. Sobre todo esperanza\u201d.\",\"Borja Poo\"],\n\t\t\t\t\t\t\t\t\t\ttypeSpeed: 35,\n\t\t\t\t\t\t\t\t\t\tbackSpeed: 0,\n\t\t\t\t\t\t\t\t\t\tstartDelay: \"200\",\n\t\t\t\t\t\t\t\t\t\tbackDelay: \"1500\",\n\t\t\t\t\t\t\t\t\t\tloop: true,\n\t\t\t\t\t\t\t\t\t\tloopCount: false,\n\t\t\t\t\t\t\t\t\t\tshowCursor: true,\n\t\t\t\t\t\t\t\t\t\tcursorChar: \"|\",\n\t\t\t\t\t\t\t\t\t\tattr: null\n\t\t\t\t\t\t\t\t\t});\n\t\t\t\t\t\t\t\t}\n\t\t\t\t\t\t\t});\n\t\t\t\t\t\t});\n\t\t\t\t\t<\/script><\/div>[\/vc_column][\/vc_row][vc_row][vc_column extend=&#8221;false&#8221;]<div class=\"gambit_fullheight_row\" data-content-location=\"center\" style=\"display: none\"><\/div><div class='gambit_parallax_row' data-bg-align='' data-direction='fixed' data-opacity='50' data-velocity='-0.3' data-mobile-enabled='parallax-enable-mobile' data-bg-height='485' data-bg-width='1366' data-bg-image='https:\/\/nuestrosescritores.com\/elenamarzo\/wp-content\/uploads\/sites\/78\/2021\/03\/Elena-MarzoSSquare_Alargado-Medium.jpg' data-bg-repeat='false' data-id='' style='display: none'><\/div>[vc_column_text]\n<p style=\"text-align: center;\"><a class=\"fasc-button fasc-size-xlarge fasc-type-glossy fasc-rounded-medium\" style=\"background-color: #2b3336; color: #ffffff;\" href=\"https:\/\/librodepoesia.com\/producto\/no-es-inspiracion-10-poemas-1-historia-elena-marzo\/\">COMPRA SUS LIBROS<\/a><\/p>\n[\/vc_column_text][\/vc_column][\/vc_row][vc_row][vc_column extend=&#8221;false&#8221;][vc_column_text css=&#8221;.vc_custom_1541094574844{margin-top: -30000px !important;}&#8221;]\n<p>ELENA MARZO es el escritor de NO ES INSPIRACI\u00d3N (10 poemas, 1 historia). . el escritor y poeta acaba de publicar un libro de poes\u00eda con la Editorial Poes\u00eda eres t\u00fa. Considerado como uno de los mejores poetas espa\u00f1oles.<br \/>\nNO ES INSPIRACI\u00d3N (10 poemas, 1 historia). ha sido escrito por ELENA MARZO Considerado como uno de los mejores poetas espa\u00f1oles, algunos afirman que es el mejor poeta espa\u00f1ol. el escritor sabe como publicar un libro de poes\u00eda con la Editorial Poes\u00eda eres t\u00fa<br \/>\nTrabajamos con distribuidoras de libros que acercan los libros a las librer\u00edas, pero contamos tambi\u00e9n con las siguientes librerias de apoyo en internet para que ning\u00fan lector se quede sin su libro de poes\u00eda: Libreria GEPA, Libreria Website, La librer\u00eda del escritor, El rinc\u00f3n de los libros.<\/p>\n<p>Informamos de como publicar un libro y el precio de publicar un libro<\/p>\n<p>As\u00ed mismo colaboramos con la Asociaci\u00f3n de editores de poes\u00eda y la Asociaci\u00f3n Madrile\u00f1a de escritores y cr\u00edticos literarios (Cr\u00edtica de Vigo).<\/p>\n<p>Trabajamos con varias imprentas y contamos con nuestra propia imprenta Herederos de Izquierdo y Vigo impresores.<\/p>\n<p>Puedes conocernos en nuestra p\u00e1gina del Grupo Editorial. Contamos con una sede en Vigo y otra en Jumilla (Murcia)<\/p>\n<p>Somos especialitas en la edici\u00f3n del libro de poes\u00eda<\/p>\n<p>ELENA MARZO Considerado como uno de los mejores poetas espa\u00f1oles, algunos afirman que es el mejor poeta espa\u00f1oles es el escritor de NO ES INSPIRACI\u00d3N (10 poemas, 1 historia). . El poeta conoce el precio de publicar un libro de poes\u00eda con la Editorial Poes\u00eda eres t\u00fa<\/p>\n<p>ELENA MARZO Considerado como uno de los mejores poetas espa\u00f1oles, algunos afirman que es el mejor poeta espa\u00f1oles es el escritor de NO ES INSPIRACI\u00d3N (10 poemas, 1 historia). . La poeta sabe como publicar un libro de poes\u00eda con la Editorial Poes\u00eda eres t\u00fa<br \/>\nELENA MARZO considerado como uno de los mejores poetas espa\u00f1oles, algunos afirman que es el mejor poeta espa\u00f1ol es el escritor de NO ES INSPIRACI\u00d3N (10 poemas, 1 historia). . La poeta sabe el precio de publicar un libro de poes\u00eda con la Editorial Poes\u00eda eres t\u00fa<\/p>\n<p>El Grupo Editorial P\u00e9rez-Ayala, est\u00e1 formado por los siguientes sellos editoriales: Editorial Poes\u00eda eres t\u00fa, Ediciones Rilke Editorial poes\u00eda, Editorial Ediciones Amaniel, Editorial Ediciones Azor\u00edn un sello regional para Alicante y Murcia.<\/p>\n<p>Para ayudar a la promoci\u00f3n de los libros contamos con diferentes plataformas en internet como Poes\u00eda Televisi\u00f3n, libro de poes\u00eda, Club de poes\u00eda, Blog de escritor, Blog de poes\u00eda, Agencia del libro, Nuestras librerias, Publicar libro &#8211; Publicar un libro, Revista Poes\u00eda eres t\u00fa, Antolog\u00edas po\u00e9ticas, Poes\u00eda y poetas.[\/vc_column_text][\/vc_column][\/vc_row]\n<\/div>","protected":false},"excerpt":{"rendered":"<p>[vc_row][vc_column extend=&#8221;false&#8221;][vc_column_text css=&#8221;.vc_custom_1609672078213{margin-top: -30000px !important;}&#8221;]ELENA MARZO es el escritor de NO ES INSPIRACI\u00d3N (10 poemas, 1 historia). &nbsp;el escritor y poeta acaba de publicar un libro de poes\u00eda con la Editorial Poes\u00eda eres t\u00fa. Considerado como una de las mejores poetas espa\u00f1olas. NO ES INSPIRACI\u00d3N (10 poemas, 1 historia). ha sido escrito por ELENA MARZO [&hellip;]<\/p>\n","protected":false},"author":1,"featured_media":0,"parent":0,"menu_order":0,"comment_status":"closed","ping_status":"closed","template":"","meta":{"_acf_changed":false,"footnotes":""},"class_list":["post-7","page","type-page","status-publish","hentry"],"acf":[],"yoast_head":"<!-- This site is optimized with the Yoast SEO Premium plugin v24.7 (Yoast SEO v27.4) - https:\/\/yoast.com\/product\/yoast-seo-premium-wordpress\/ -->\n<title>Elena Marzo - Elena Marzo<\/title>\n<meta name=\"description\" content=\"Elena Marzo es la escritora del libro de poes\u00eda NO ES INSPIRACI\u00d3N acaba de publicar un libro con la Editorial Poes\u00eda eres t\u00fa 2020.\" \/>\n<meta name=\"robots\" content=\"index, follow, max-snippet:-1, max-image-preview:large, max-video-preview:-1\" \/>\n<link rel=\"canonical\" href=\"https:\/\/nuestrosescritores.com\/elenamarzo\/\" \/>\n<meta property=\"og:locale\" content=\"es_ES\" \/>\n<meta property=\"og:type\" content=\"article\" \/>\n<meta property=\"og:title\" content=\"Elena Marzo\" \/>\n<meta property=\"og:description\" content=\"Elena Marzo es la escritora del libro de poes\u00eda NO ES INSPIRACI\u00d3N acaba de publicar un libro con la Editorial Poes\u00eda eres t\u00fa 2020.\" \/>\n<meta property=\"og:url\" content=\"https:\/\/nuestrosescritores.com\/elenamarzo\/\" \/>\n<meta property=\"og:site_name\" content=\"Elena Marzo\" \/>\n<meta property=\"article:modified_time\" content=\"2021-03-07T10:58:50+00:00\" \/>\n<meta name=\"twitter:card\" content=\"summary_large_image\" \/>\n<meta name=\"twitter:label1\" content=\"Tiempo de lectura\" \/>\n\t<meta name=\"twitter:data1\" content=\"6 minutos\" \/>\n<script type=\"application\/ld+json\" class=\"yoast-schema-graph\">{\"@context\":\"https:\\\/\\\/schema.org\",\"@graph\":[{\"@type\":\"WebPage\",\"@id\":\"https:\\\/\\\/nuestrosescritores.com\\\/elenamarzo\\\/\",\"url\":\"https:\\\/\\\/nuestrosescritores.com\\\/elenamarzo\\\/\",\"name\":\"Elena Marzo - Elena Marzo\",\"isPartOf\":{\"@id\":\"https:\\\/\\\/nuestrosescritores.com\\\/elenamarzo\\\/#website\"},\"datePublished\":\"2021-03-06T16:29:46+00:00\",\"dateModified\":\"2021-03-07T10:58:50+00:00\",\"description\":\"Elena Marzo es la escritora del libro de poes\u00eda NO ES INSPIRACI\u00d3N acaba de publicar un libro con la Editorial Poes\u00eda eres t\u00fa 2020.\",\"breadcrumb\":{\"@id\":\"https:\\\/\\\/nuestrosescritores.com\\\/elenamarzo\\\/#breadcrumb\"},\"inLanguage\":\"es\",\"potentialAction\":[{\"@type\":\"ReadAction\",\"target\":[\"https:\\\/\\\/nuestrosescritores.com\\\/elenamarzo\\\/\"]}]},{\"@type\":\"BreadcrumbList\",\"@id\":\"https:\\\/\\\/nuestrosescritores.com\\\/elenamarzo\\\/#breadcrumb\",\"itemListElement\":[{\"@type\":\"ListItem\",\"position\":1,\"name\":\"Portada\",\"item\":\"https:\\\/\\\/nuestrosescritores.com\\\/elenamarzo\\\/\"},{\"@type\":\"ListItem\",\"position\":2,\"name\":\"Elena Marzo\"}]},{\"@type\":\"WebSite\",\"@id\":\"https:\\\/\\\/nuestrosescritores.com\\\/elenamarzo\\\/#website\",\"url\":\"https:\\\/\\\/nuestrosescritores.com\\\/elenamarzo\\\/\",\"name\":\"Nuestros escritores\",\"description\":\"Escritora\",\"potentialAction\":[{\"@type\":\"SearchAction\",\"target\":{\"@type\":\"EntryPoint\",\"urlTemplate\":\"https:\\\/\\\/nuestrosescritores.com\\\/elenamarzo\\\/?s={search_term_string}\"},\"query-input\":{\"@type\":\"PropertyValueSpecification\",\"valueRequired\":true,\"valueName\":\"search_term_string\"}}],\"inLanguage\":\"es\"}]}<\/script>\n<!-- \/ Yoast SEO Premium plugin. -->","yoast_head_json":{"title":"Elena Marzo - Elena Marzo","description":"Elena Marzo es la escritora del libro de poes\u00eda NO ES INSPIRACI\u00d3N acaba de publicar un libro con la Editorial Poes\u00eda eres t\u00fa 2020.","robots":{"index":"index","follow":"follow","max-snippet":"max-snippet:-1","max-image-preview":"max-image-preview:large","max-video-preview":"max-video-preview:-1"},"canonical":"https:\/\/nuestrosescritores.com\/elenamarzo\/","og_locale":"es_ES","og_type":"article","og_title":"Elena Marzo","og_description":"Elena Marzo es la escritora del libro de poes\u00eda NO ES INSPIRACI\u00d3N acaba de publicar un libro con la Editorial Poes\u00eda eres t\u00fa 2020.","og_url":"https:\/\/nuestrosescritores.com\/elenamarzo\/","og_site_name":"Elena Marzo","article_modified_time":"2021-03-07T10:58:50+00:00","twitter_card":"summary_large_image","twitter_misc":{"Tiempo de lectura":"6 minutos"},"schema":{"@context":"https:\/\/schema.org","@graph":[{"@type":"WebPage","@id":"https:\/\/nuestrosescritores.com\/elenamarzo\/","url":"https:\/\/nuestrosescritores.com\/elenamarzo\/","name":"Elena Marzo - Elena Marzo","isPartOf":{"@id":"https:\/\/nuestrosescritores.com\/elenamarzo\/#website"},"datePublished":"2021-03-06T16:29:46+00:00","dateModified":"2021-03-07T10:58:50+00:00","description":"Elena Marzo es la escritora del libro de poes\u00eda NO ES INSPIRACI\u00d3N acaba de publicar un libro con la Editorial Poes\u00eda eres t\u00fa 2020.","breadcrumb":{"@id":"https:\/\/nuestrosescritores.com\/elenamarzo\/#breadcrumb"},"inLanguage":"es","potentialAction":[{"@type":"ReadAction","target":["https:\/\/nuestrosescritores.com\/elenamarzo\/"]}]},{"@type":"BreadcrumbList","@id":"https:\/\/nuestrosescritores.com\/elenamarzo\/#breadcrumb","itemListElement":[{"@type":"ListItem","position":1,"name":"Portada","item":"https:\/\/nuestrosescritores.com\/elenamarzo\/"},{"@type":"ListItem","position":2,"name":"Elena Marzo"}]},{"@type":"WebSite","@id":"https:\/\/nuestrosescritores.com\/elenamarzo\/#website","url":"https:\/\/nuestrosescritores.com\/elenamarzo\/","name":"Nuestros escritores","description":"Escritora","potentialAction":[{"@type":"SearchAction","target":{"@type":"EntryPoint","urlTemplate":"https:\/\/nuestrosescritores.com\/elenamarzo\/?s={search_term_string}"},"query-input":{"@type":"PropertyValueSpecification","valueRequired":true,"valueName":"search_term_string"}}],"inLanguage":"es"}]}},"_links":{"self":[{"href":"https:\/\/nuestrosescritores.com\/elenamarzo\/wp-json\/wp\/v2\/pages\/7","targetHints":{"allow":["GET"]}}],"collection":[{"href":"https:\/\/nuestrosescritores.com\/elenamarzo\/wp-json\/wp\/v2\/pages"}],"about":[{"href":"https:\/\/nuestrosescritores.com\/elenamarzo\/wp-json\/wp\/v2\/types\/page"}],"author":[{"embeddable":true,"href":"https:\/\/nuestrosescritores.com\/elenamarzo\/wp-json\/wp\/v2\/users\/1"}],"replies":[{"embeddable":true,"href":"https:\/\/nuestrosescritores.com\/elenamarzo\/wp-json\/wp\/v2\/comments?post=7"}],"version-history":[{"count":0,"href":"https:\/\/nuestrosescritores.com\/elenamarzo\/wp-json\/wp\/v2\/pages\/7\/revisions"}],"wp:attachment":[{"href":"https:\/\/nuestrosescritores.com\/elenamarzo\/wp-json\/wp\/v2\/media?parent=7"}],"curies":[{"name":"wp","href":"https:\/\/api.w.org\/{rel}","templated":true}]}}