{"id":61,"date":"2021-03-07T10:47:54","date_gmt":"2021-03-07T10:47:54","guid":{"rendered":"https:\/\/nuestrosescritores.com\/elenamarzo\/?page_id=61"},"modified":"2021-03-07T10:59:59","modified_gmt":"2021-03-07T10:59:59","slug":"poesia","status":"publish","type":"page","link":"https:\/\/nuestrosescritores.com\/elenamarzo\/poesia\/","title":{"rendered":"Poes\u00eda"},"content":{"rendered":"<div class=\"wpb-content-wrapper\">[vc_row full_width=&#8221;stretch_row_content_no_spaces&#8221;][vc_column extend=&#8221;false&#8221;]<div class='gambit_parallax_row' data-bg-align='' data-direction='fixed' data-opacity='100' data-velocity='-0.3' data-mobile-enabled='' data-bg-height='2560' data-bg-width='1707' data-bg-image='https:\/\/nuestrosescritores.com\/elenamarzo\/wp-content\/uploads\/sites\/78\/2021\/03\/wplrl-qg2-c-scaled.jpg' data-bg-repeat='false' data-id='' style='display: none'><\/div><div class=\"gambit_fullheight_row\" data-content-location=\"center\" style=\"display: none\"><\/div>[\/vc_column][\/vc_row][vc_row][vc_column extend=&#8221;false&#8221;][vc_column_text]\n<h1><a name=\"_Toc63101367\"><\/a><strong>1.<br \/>\nNO ES INSPIRACI\u00d3N<\/strong><\/h1>\n<p>&nbsp;<\/p>\n<p>No es inspiraci\u00f3n,<\/p>\n<p>es bilis.<\/p>\n<p>&nbsp;<\/p>\n<p>El h\u00edgado escupe,<\/p>\n<p>tiempo despu\u00e9s<\/p>\n<p>y en forma de verso,<\/p>\n<p>las l\u00e1grimas que no soltaron,<\/p>\n<p>en su momento,<\/p>\n<p>mis ojos.<\/p>\n<p>&nbsp;<\/p>\n<p>&nbsp;<\/p>\n<p>&nbsp;<\/p>\n<span class='bctt-click-to-tweet'><span class='bctt-ctt-text'><a href='https:\/\/x.com\/intent\/tweet?url=https%3A%2F%2Fnuestrosescritores.com%2Felenamarzo%2Fpoesia%2F&#038;text=1.%20NO%20ES%20INSPIRACI%C3%93N%20del%20libro%20NO%20ES%20INSPIRACI%C3%93N%20de%20ELENA%20MARZO&#038;via=poesiaerestu&#038;related=poesiaerestu' target='_blank'rel=\"noopener noreferrer\">1. NO ES INSPIRACI\u00d3N del libro NO ES INSPIRACI\u00d3N de ELENA MARZO <\/a><\/span><a href='https:\/\/x.com\/intent\/tweet?url=https%3A%2F%2Fnuestrosescritores.com%2Felenamarzo%2Fpoesia%2F&#038;text=1.%20NO%20ES%20INSPIRACI%C3%93N%20del%20libro%20NO%20ES%20INSPIRACI%C3%93N%20de%20ELENA%20MARZO&#038;via=poesiaerestu&#038;related=poesiaerestu' target='_blank' class='bctt-ctt-btn'rel=\"noopener noreferrer\">Compartir en X<\/a><\/span>[\/vc_column_text][\/vc_column][\/vc_row][vc_row full_width=&#8221;stretch_row_content_no_spaces&#8221;][vc_column extend=&#8221;false&#8221;]<div class='gambit_parallax_row' data-bg-align='' data-direction='fixed' data-opacity='100' data-velocity='-0.3' data-mobile-enabled='' data-bg-height='2560' data-bg-width='1707' data-bg-image='https:\/\/nuestrosescritores.com\/elenamarzo\/wp-content\/uploads\/sites\/78\/2021\/03\/0xvk6uykwc-scaled.jpg' data-bg-repeat='false' data-id='' style='display: none'><\/div><div class=\"gambit_fullheight_row\" data-content-location=\"center\" style=\"display: none\"><\/div>[\/vc_column][\/vc_row][vc_row][vc_column extend=&#8221;false&#8221;][vc_column_text]\n<h1><a name=\"_Toc63101370\"><\/a><strong>4.<br \/>\nSIN PARAGUAS<\/strong><\/h1>\n<p>&nbsp;<\/p>\n<p>Noche de lluvia,<\/p>\n<p>la calle desierta.<\/p>\n<p>No llevo paraguas.<\/p>\n<p>&nbsp;<\/p>\n<p>La lluvia me sacude el pelo<\/p>\n<p>y las ideas.<\/p>\n<p>La actitud se vuelve otra,<\/p>\n<p>melena al viento,<\/p>\n<p>y todo puede suceder.<\/p>\n<p>&nbsp;<\/p>\n<p>La lluvia que lo limpia todo,<\/p>\n<p>trapos sucios, horas muertas.<\/p>\n<p>E invita a los caracoles,<\/p>\n<p>seres lentos como yo,<\/p>\n<p>a refrescarse asomando la cabeza.<\/p>\n<p>&nbsp;<\/p>\n<p>La lluvia moja los adoquines<\/p>\n<p>y resplandece la flor del suelo de Barcelona.<\/p>\n<p>Calles que tan bien conozco,<\/p>\n<p>en las que todo es posible.<\/p>\n<p>Y me abandono a una posibilidad remota.<\/p>\n<p>&nbsp;<\/p>\n<p>Una noche de lluvia,<\/p>\n<p>has venido a buscarme,<\/p>\n<p>con un libro en las manos,<\/p>\n<p>a mi mundo sombr\u00edo,<\/p>\n<p>que ahora se abre de golpe,<\/p>\n<p>como lo hacen las flores,<\/p>\n<p>a esos ojos con brillo,<\/p>\n<p>y mostrar mis colores.<\/p>\n<p>&nbsp;<\/p>\n<p>Mi color era el negro,<\/p>\n<p>noche negra de invierno.<\/p>\n<p>Me he encontrado contigo,<\/p>\n<p>noche blanca en mi nido.<\/p>\n<p>&nbsp;<\/p>\n<p>Nos vemos las caras<\/p>\n<p>y el peso se esfuma.<\/p>\n<p>Me he encontrado contigo<\/p>\n<p>y el veneno se ha ido.<\/p>\n<p>&nbsp;<\/p>\n<p>La amistad no te cura.<\/p>\n<p>Solo te cura el amor.<\/p>\n<p>&nbsp;<\/p>\n<span class='bctt-click-to-tweet'><span class='bctt-ctt-text'><a href='https:\/\/x.com\/intent\/tweet?url=https%3A%2F%2Fnuestrosescritores.com%2Felenamarzo%2Fpoesia%2F&#038;text=4.%20SIN%20PARAGUAS%C2%A0del%20libro%20NO%20ES%20INSPIRACI%C3%93N%20de%20ELENA%20MARZO&#038;via=poesiaerestu&#038;related=poesiaerestu' target='_blank'rel=\"noopener noreferrer\">4. SIN PARAGUAS&nbsp;del libro NO ES INSPIRACI\u00d3N de ELENA MARZO <\/a><\/span><a href='https:\/\/x.com\/intent\/tweet?url=https%3A%2F%2Fnuestrosescritores.com%2Felenamarzo%2Fpoesia%2F&#038;text=4.%20SIN%20PARAGUAS%C2%A0del%20libro%20NO%20ES%20INSPIRACI%C3%93N%20de%20ELENA%20MARZO&#038;via=poesiaerestu&#038;related=poesiaerestu' target='_blank' class='bctt-ctt-btn'rel=\"noopener noreferrer\">Compartir en X<\/a><\/span>\n<p>&nbsp;<\/p>\n<p>&nbsp;[\/vc_column_text][\/vc_column][\/vc_row][vc_row][vc_column extend=&#8221;false&#8221;]<div class='gambit_parallax_row' data-bg-align='' data-direction='fixed' data-opacity='100' data-velocity='-0.3' data-mobile-enabled='' data-bg-height='2560' data-bg-width='1707' data-bg-image='https:\/\/nuestrosescritores.com\/elenamarzo\/wp-content\/uploads\/sites\/78\/2021\/03\/9lfoi_vzmro-scaled.jpg' data-bg-repeat='false' data-id='' style='display: none'><\/div><div class=\"gambit_fullheight_row\" data-content-location=\"center\" style=\"display: none\"><\/div>[\/vc_column][\/vc_row][vc_row][vc_column extend=&#8221;false&#8221;][vc_column_text]\n<h1><a name=\"_Toc63101376\"><\/a><strong>10.<br \/>\nDESDE EL H\u00cdGADO<\/strong><\/h1>\n<p>&nbsp;<\/p>\n<p>Aqu\u00ed estoy de nuevo contigo,<\/p>\n<p>dios de las peque\u00f1as teclas,<\/p>\n<p>deber\u00eda sentarme frente a ti,<\/p>\n<p>desgastar tus letras<\/p>\n<p>y llegar al estado milagroso<\/p>\n<p>en que los dedos se mueven solos,<\/p>\n<p>posesos,<\/p>\n<p>sometidos a una orden que no viene del cerebro,<\/p>\n<p>un mandato que obedezco sin excusas,<\/p>\n<p>un delirio que aporrea este teclado.<\/p>\n<p>&nbsp;<\/p>\n<p>Abriendo compuertas,<\/p>\n<p>que mantuve cerradas.<\/p>\n<p>Que corra el aire<\/p>\n<p>y se ventilen las neuronas,<\/p>\n<p>que entren las letras.<\/p>\n<p>&nbsp;<\/p>\n<p>Existe gente como yo,<\/p>\n<p>s\u00ed la hay,<\/p>\n<p>los he le\u00eddo.<\/p>\n<p>&nbsp;<\/p>\n<p>Abandono la prosa.<\/p>\n<p>La paja fuera,<\/p>\n<p>y ante la duda,<\/p>\n<p>tijera.<\/p>\n<p>Que no chirr\u00ede.<\/p>\n<p>&nbsp;<\/p>\n<p>El poeta es farsante,<\/p>\n<p>el poeta es murci\u00e9lago,<\/p>\n<p>te chupa la sangre<\/p>\n<p>y no tiene bastante.<\/p>\n<p>&nbsp;<\/p>\n<p>Es impostor.<\/p>\n<p>El poeta no es poeta.<\/p>\n<p>El poeta soy yo.<\/p>\n<p>&nbsp;<\/p>\n<p>No es inspiraci\u00f3n,<\/p>\n<p>es bilis.<\/p>\n<p>&nbsp;<\/p>\n<p>El h\u00edgado escupe,<\/p>\n<p>tiempo despu\u00e9s<\/p>\n<p>y en forma de verso,<\/p>\n<p>las l\u00e1grimas que no soltaron,<\/p>\n<p>en su momento,<\/p>\n<p>mis ojos.<\/p>\n<p>&nbsp;<\/p>\n<p>Y los mismos de siempre s\u00ed est\u00e1n.<\/p>\n<p>Son mis poemas.<\/p>\n<p>&nbsp;<\/p>\n<p>&nbsp;<\/p>\n<p>&nbsp;<\/p>\n<p>&nbsp;<\/p>\n<span class='bctt-click-to-tweet'><span class='bctt-ctt-text'><a href='https:\/\/x.com\/intent\/tweet?url=https%3A%2F%2Fnuestrosescritores.com%2Felenamarzo%2Fpoesia%2F&#038;text=10.%20DESDE%20EL%20H%C3%8DGADO%C2%A0del%20libro%20NO%20ES%20INSPIRACI%C3%93N%20de%20ELENA%20MARZO&#038;via=poesiaerestu&#038;related=poesiaerestu' target='_blank'rel=\"noopener noreferrer\">10. DESDE EL H\u00cdGADO&nbsp;del libro NO ES INSPIRACI\u00d3N de ELENA MARZO <\/a><\/span><a href='https:\/\/x.com\/intent\/tweet?url=https%3A%2F%2Fnuestrosescritores.com%2Felenamarzo%2Fpoesia%2F&#038;text=10.%20DESDE%20EL%20H%C3%8DGADO%C2%A0del%20libro%20NO%20ES%20INSPIRACI%C3%93N%20de%20ELENA%20MARZO&#038;via=poesiaerestu&#038;related=poesiaerestu' target='_blank' class='bctt-ctt-btn'rel=\"noopener noreferrer\">Compartir en X<\/a><\/span>[\/vc_column_text][\/vc_column][\/vc_row][vc_row][vc_column extend=&#8221;false&#8221;]<div class='gambit_parallax_row' data-bg-align='' data-direction='fixed' data-opacity='100' data-velocity='-0.3' data-mobile-enabled='' data-bg-height='485' data-bg-width='1366' data-bg-image='https:\/\/nuestrosescritores.com\/elenamarzo\/wp-content\/uploads\/sites\/78\/2021\/03\/Elena-MarzoSSquare_Alargado-Medium.jpg' data-bg-repeat='false' data-id='' style='display: none'><\/div><div class=\"gambit_fullheight_row\" data-content-location=\"center\" style=\"display: none\"><\/div>[vc_column_text]\n<p style=\"text-align: center;\"><a class=\"fasc-button fasc-size-xlarge fasc-type-glossy fasc-rounded-medium\" style=\"background-color: #33809e; color: #ffffff;\" href=\"https:\/\/librodepoesia.com\/producto\/no-es-inspiracion-10-poemas-1-historia-elena-marzo\/\">Comprar el libro<\/a><\/p>\n[\/vc_column_text][\/vc_column][\/vc_row]\n<\/div>","protected":false},"excerpt":{"rendered":"<p>[vc_row full_width=&#8221;stretch_row_content_no_spaces&#8221;][vc_column extend=&#8221;false&#8221;][\/vc_column][\/vc_row][vc_row][vc_column extend=&#8221;false&#8221;][vc_column_text] 1. NO ES INSPIRACI\u00d3N &nbsp; No es inspiraci\u00f3n, es bilis. &nbsp; El h\u00edgado escupe, tiempo despu\u00e9s y en forma de verso, las l\u00e1grimas que no soltaron, en su momento, mis ojos. &nbsp; &nbsp; &nbsp; [\/vc_column_text][\/vc_column][\/vc_row][vc_row full_width=&#8221;stretch_row_content_no_spaces&#8221;][vc_column extend=&#8221;false&#8221;][\/vc_column][\/vc_row][vc_row][vc_column extend=&#8221;false&#8221;][vc_column_text] 4. SIN PARAGUAS &nbsp; Noche de lluvia, la calle desierta. No llevo paraguas. [&hellip;]<\/p>\n","protected":false},"author":1,"featured_media":0,"parent":0,"menu_order":0,"comment_status":"closed","ping_status":"closed","template":"","meta":{"_acf_changed":false,"footnotes":""},"class_list":["post-61","page","type-page","status-publish","hentry"],"acf":[],"yoast_head":"<!-- This site is optimized with the Yoast SEO Premium plugin v24.7 (Yoast SEO v27.4) - https:\/\/yoast.com\/product\/yoast-seo-premium-wordpress\/ -->\n<title>Poes\u00eda - Elena Marzo<\/title>\n<meta name=\"description\" content=\"Poes\u00eda del libro NO ES INSPIRACI\u00d3N de Elena Marzo, la autora nos da una muestra tras publicar un libro con la Editorial Poes\u00eda eres t\u00fa.\" \/>\n<meta name=\"robots\" content=\"index, follow, max-snippet:-1, max-image-preview:large, max-video-preview:-1\" \/>\n<link rel=\"canonical\" href=\"https:\/\/nuestrosescritores.com\/elenamarzo\/poesia\/\" \/>\n<meta property=\"og:locale\" content=\"es_ES\" \/>\n<meta property=\"og:type\" content=\"article\" \/>\n<meta property=\"og:title\" content=\"Poes\u00eda\" \/>\n<meta property=\"og:description\" content=\"Poes\u00eda del libro NO ES INSPIRACI\u00d3N de Elena Marzo, la autora nos da una muestra tras publicar un libro con la Editorial Poes\u00eda eres t\u00fa.\" \/>\n<meta property=\"og:url\" content=\"https:\/\/nuestrosescritores.com\/elenamarzo\/poesia\/\" \/>\n<meta property=\"og:site_name\" content=\"Elena Marzo\" \/>\n<meta property=\"article:modified_time\" content=\"2021-03-07T10:59:59+00:00\" \/>\n<meta name=\"twitter:card\" content=\"summary_large_image\" \/>\n<meta name=\"twitter:label1\" content=\"Tiempo de lectura\" \/>\n\t<meta name=\"twitter:data1\" content=\"2 minutos\" \/>\n<script type=\"application\/ld+json\" class=\"yoast-schema-graph\">{\"@context\":\"https:\\\/\\\/schema.org\",\"@graph\":[{\"@type\":\"WebPage\",\"@id\":\"https:\\\/\\\/nuestrosescritores.com\\\/elenamarzo\\\/poesia\\\/\",\"url\":\"https:\\\/\\\/nuestrosescritores.com\\\/elenamarzo\\\/poesia\\\/\",\"name\":\"Poes\u00eda - Elena Marzo\",\"isPartOf\":{\"@id\":\"https:\\\/\\\/nuestrosescritores.com\\\/elenamarzo\\\/#website\"},\"datePublished\":\"2021-03-07T10:47:54+00:00\",\"dateModified\":\"2021-03-07T10:59:59+00:00\",\"description\":\"Poes\u00eda del libro NO ES INSPIRACI\u00d3N de Elena Marzo, la autora nos da una muestra tras publicar un libro con la Editorial Poes\u00eda eres t\u00fa.\",\"breadcrumb\":{\"@id\":\"https:\\\/\\\/nuestrosescritores.com\\\/elenamarzo\\\/poesia\\\/#breadcrumb\"},\"inLanguage\":\"es\",\"potentialAction\":[{\"@type\":\"ReadAction\",\"target\":[\"https:\\\/\\\/nuestrosescritores.com\\\/elenamarzo\\\/poesia\\\/\"]}]},{\"@type\":\"BreadcrumbList\",\"@id\":\"https:\\\/\\\/nuestrosescritores.com\\\/elenamarzo\\\/poesia\\\/#breadcrumb\",\"itemListElement\":[{\"@type\":\"ListItem\",\"position\":1,\"name\":\"Portada\",\"item\":\"https:\\\/\\\/nuestrosescritores.com\\\/elenamarzo\\\/\"},{\"@type\":\"ListItem\",\"position\":2,\"name\":\"Poes\u00eda\"}]},{\"@type\":\"WebSite\",\"@id\":\"https:\\\/\\\/nuestrosescritores.com\\\/elenamarzo\\\/#website\",\"url\":\"https:\\\/\\\/nuestrosescritores.com\\\/elenamarzo\\\/\",\"name\":\"Nuestros escritores\",\"description\":\"Escritora\",\"potentialAction\":[{\"@type\":\"SearchAction\",\"target\":{\"@type\":\"EntryPoint\",\"urlTemplate\":\"https:\\\/\\\/nuestrosescritores.com\\\/elenamarzo\\\/?s={search_term_string}\"},\"query-input\":{\"@type\":\"PropertyValueSpecification\",\"valueRequired\":true,\"valueName\":\"search_term_string\"}}],\"inLanguage\":\"es\"}]}<\/script>\n<!-- \/ Yoast SEO Premium plugin. -->","yoast_head_json":{"title":"Poes\u00eda - Elena Marzo","description":"Poes\u00eda del libro NO ES INSPIRACI\u00d3N de Elena Marzo, la autora nos da una muestra tras publicar un libro con la Editorial Poes\u00eda eres t\u00fa.","robots":{"index":"index","follow":"follow","max-snippet":"max-snippet:-1","max-image-preview":"max-image-preview:large","max-video-preview":"max-video-preview:-1"},"canonical":"https:\/\/nuestrosescritores.com\/elenamarzo\/poesia\/","og_locale":"es_ES","og_type":"article","og_title":"Poes\u00eda","og_description":"Poes\u00eda del libro NO ES INSPIRACI\u00d3N de Elena Marzo, la autora nos da una muestra tras publicar un libro con la Editorial Poes\u00eda eres t\u00fa.","og_url":"https:\/\/nuestrosescritores.com\/elenamarzo\/poesia\/","og_site_name":"Elena Marzo","article_modified_time":"2021-03-07T10:59:59+00:00","twitter_card":"summary_large_image","twitter_misc":{"Tiempo de lectura":"2 minutos"},"schema":{"@context":"https:\/\/schema.org","@graph":[{"@type":"WebPage","@id":"https:\/\/nuestrosescritores.com\/elenamarzo\/poesia\/","url":"https:\/\/nuestrosescritores.com\/elenamarzo\/poesia\/","name":"Poes\u00eda - Elena Marzo","isPartOf":{"@id":"https:\/\/nuestrosescritores.com\/elenamarzo\/#website"},"datePublished":"2021-03-07T10:47:54+00:00","dateModified":"2021-03-07T10:59:59+00:00","description":"Poes\u00eda del libro NO ES INSPIRACI\u00d3N de Elena Marzo, la autora nos da una muestra tras publicar un libro con la Editorial Poes\u00eda eres t\u00fa.","breadcrumb":{"@id":"https:\/\/nuestrosescritores.com\/elenamarzo\/poesia\/#breadcrumb"},"inLanguage":"es","potentialAction":[{"@type":"ReadAction","target":["https:\/\/nuestrosescritores.com\/elenamarzo\/poesia\/"]}]},{"@type":"BreadcrumbList","@id":"https:\/\/nuestrosescritores.com\/elenamarzo\/poesia\/#breadcrumb","itemListElement":[{"@type":"ListItem","position":1,"name":"Portada","item":"https:\/\/nuestrosescritores.com\/elenamarzo\/"},{"@type":"ListItem","position":2,"name":"Poes\u00eda"}]},{"@type":"WebSite","@id":"https:\/\/nuestrosescritores.com\/elenamarzo\/#website","url":"https:\/\/nuestrosescritores.com\/elenamarzo\/","name":"Nuestros escritores","description":"Escritora","potentialAction":[{"@type":"SearchAction","target":{"@type":"EntryPoint","urlTemplate":"https:\/\/nuestrosescritores.com\/elenamarzo\/?s={search_term_string}"},"query-input":{"@type":"PropertyValueSpecification","valueRequired":true,"valueName":"search_term_string"}}],"inLanguage":"es"}]}},"_links":{"self":[{"href":"https:\/\/nuestrosescritores.com\/elenamarzo\/wp-json\/wp\/v2\/pages\/61","targetHints":{"allow":["GET"]}}],"collection":[{"href":"https:\/\/nuestrosescritores.com\/elenamarzo\/wp-json\/wp\/v2\/pages"}],"about":[{"href":"https:\/\/nuestrosescritores.com\/elenamarzo\/wp-json\/wp\/v2\/types\/page"}],"author":[{"embeddable":true,"href":"https:\/\/nuestrosescritores.com\/elenamarzo\/wp-json\/wp\/v2\/users\/1"}],"replies":[{"embeddable":true,"href":"https:\/\/nuestrosescritores.com\/elenamarzo\/wp-json\/wp\/v2\/comments?post=61"}],"version-history":[{"count":0,"href":"https:\/\/nuestrosescritores.com\/elenamarzo\/wp-json\/wp\/v2\/pages\/61\/revisions"}],"wp:attachment":[{"href":"https:\/\/nuestrosescritores.com\/elenamarzo\/wp-json\/wp\/v2\/media?parent=61"}],"curies":[{"name":"wp","href":"https:\/\/api.w.org\/{rel}","templated":true}]}}