{"id":9,"date":"2020-12-06T11:16:47","date_gmt":"2020-12-06T11:16:47","guid":{"rendered":"https:\/\/nuestrosescritores.com\/edithchahin\/?page_id=9"},"modified":"2020-12-06T22:45:58","modified_gmt":"2020-12-06T22:45:58","slug":"edith-chahin","status":"publish","type":"page","link":"https:\/\/nuestrosescritores.com\/edithchahin\/","title":{"rendered":"EDITH CHAH\u00cdN"},"content":{"rendered":"<div class=\"wpb-content-wrapper\">[vc_row][vc_column extend=&#8221;false&#8221;][vc_column_text css=&#8221;.vc_custom_1577876218477{margin-top: -30000px !important;}&#8221;]\n<p>EDITH CHAH\u00cdN es el escritor de NOSTALGIAS L\u00cdRICAS&nbsp;el escritor y poeta acaba de publicar un libro de poes\u00eda con la Editorial Poes\u00eda eres t\u00fa. Considerado como una de las mejores poetas espa\u00f1olas.<br \/>\nNOSTALGIAS L\u00cdRICAS ha sido escrito por EDITH CHAH\u00cdN Considerado como uno de los mejores poetas espa\u00f1oles, algunos afirman que es el mejor poeta espa\u00f1ol. el escritor sabe como publicar un libro de poes\u00eda con la Editorial Poes\u00eda eres t\u00fa<br \/>\nTrabajamos con distribuidoras de libros que acercan los libros a las librer\u00edas, pero contamos tambi\u00e9n con las siguientes librerias de apoyo en internet para que ning\u00fan lector se quede sin su libro de poes\u00eda: Libreria GEPA, Libreria Website, La librer\u00eda del escritor, El rinc\u00f3n de los libros.<\/p>\n<p>Informamos de como publicar un libro y el precio de publicar un libro<\/p>\n<p>As\u00ed mismo colaboramos con la Asociaci\u00f3n de editores de poes\u00eda y la Asociaci\u00f3n Madrile\u00f1a de escritores y cr\u00edticos literarios (Cr\u00edtica de Vigo).<\/p>\n<p>Trabajamos con varias imprentas y contamos con nuestra propia imprenta Herederos de Izquierdo y Vigo impresores.<\/p>\n<p>Puedes conocernos en nuestra p\u00e1gina del Grupo Editorial. Contamos con una sede en Vigo y otra en Jumilla (Murcia)<\/p>\n<p>Somos especialitas en la edici\u00f3n del libro de poes\u00eda<\/p>\n<p>EDITH CHAH\u00cdN Considerado como uno de los mejores poetas espa\u00f1oles, algunos afirman que es el mejor poeta espa\u00f1oles es el escritor de NOSTALGIAS L\u00cdRICAS. El poeta conoce el precio de publicar un libro de poes\u00eda con la Editorial Poes\u00eda eres t\u00fa<\/p>\n<p>EDITH CHAH\u00cdN Considerado como uno de los mejores poetas espa\u00f1oles, algunos afirman que es el mejor poeta espa\u00f1oles es el escritor de NOSTALGIAS L\u00cdRICAS. La poeta sabe como publicar un libro de poes\u00eda con la Editorial Poes\u00eda eres t\u00fa<br \/>\nEDITH CHAH\u00cdN considerado como uno de los mejores poetas espa\u00f1oles, algunos afirman que es el mejor poeta espa\u00f1ol es el escritor de NOSTALGIAS L\u00cdRICAS. La poeta sabe el precio de publicar un libro de poes\u00eda con la Editorial Poes\u00eda eres t\u00fa<\/p>\n<p>El Grupo Editorial P\u00e9rez-Ayala, est\u00e1 formado por los siguientes sellos editoriales: Editorial Poes\u00eda eres t\u00fa, Ediciones Rilke Editorial poes\u00eda, Editorial Ediciones Amaniel, Editorial Ediciones Azor\u00edn un sello regional para Alicante y Murcia.<\/p>\n<p>Para ayudar a la promoci\u00f3n de los libros contamos con diferentes plataformas en internet como Poes\u00eda Televisi\u00f3n, libro de poes\u00eda, Club de poes\u00eda, Blog de escritor, Blog de poes\u00eda, Agencia del libro, Nuestras librerias, Publicar libro &#8211; Publicar un libro, Revista Poes\u00eda eres t\u00fa, Antolog\u00edas po\u00e9ticas, Poes\u00eda y poetas.[\/vc_column_text][\/vc_column][\/vc_row][vc_row full_width=&#8221;stretch_row_content_no_spaces&#8221;][vc_column extend=&#8221;false&#8221;][layerslider_vc id=&#8221;1&#8243;][\/vc_column][\/vc_row][vc_row extend=&#8221;false&#8221; design__empty_1=&#8221;&#8221; background=&#8221;&#8221; background_image_type=&#8221;static&#8221; background_image__effect=&#8221;&#8221; bg_size=&#8221;initial&#8221; bg_position=&#8221;center-center&#8221; row_bg_image=&#8221;&#8221; bg_repeat=&#8221;no-repeat&#8221; background_image_type__bg_color=&#8221;rgba(255, 255, 255, 1)&#8221; row_bg_parallax_images=&#8221;&#8221; row_bg_slideshow_images=&#8221;&#8221; background_video_type=&#8221;youtube&#8221; background_video__youtube__url=&#8221;&#8221; background_video__youtube__parallax=&#8221;&#8221; background_video__youtube__options=&#8221;&#8221; background_video__youtube__fallback_image=&#8221;&#8221; background_video__hosted__mp4=&#8221;&#8221; background_video__hosted__webm=&#8221;&#8221; background_video__hosted__ogv=&#8221;&#8221; background_video__hosted__parallax=&#8221;&#8221; background_video__hosted__options=&#8221;&#8221; background_video__hosted__fallback_image=&#8221;&#8221; background_color_type=&#8221;color&#8221; bg__empty_1=&#8221;&#8221; background_color_type__gradient_color1=&#8221;rgba(44, 74, 228, 1)&#8221; background_color_type__gradient_color2=&#8221;rgba(44, 74, 228, 1)&#8221; background_color_type__color_color1=&#8221;rgba(44, 74, 228, 1)&#8221; bg__empty_2=&#8221;&#8221; background_color__effect=&#8221;&#8221; background_color__direction=&#8221;left-to-right&#8221; settings__tag_1=&#8221;&#8221; viewport_lg=&#8221;&#8221; viewport_md=&#8221;&#8221; viewport_sm=&#8221;&#8221; viewport_xs=&#8221;&#8221; settings__empty_1=&#8221;&#8221; version=&#8221;1&#8243;][vc_column width=&#8221;1\/2&#8243; extend=&#8221;false&#8221;]<div class=\"ult-content-box-container \" >\t\t<div class=\"ult-content-box\" style=\"background-color:rgba(255,255,255,0.49);box-shadow: px px 8px px #f2f2f2 none;border-style:none;-webkit-transition: all 700ms ease;-moz-transition: all 700ms ease;-ms-transition: all 700ms ease;-o-transition: all 700ms ease;transition: all 700ms ease;\"  data-hover_box_shadow=\"none\"     data-bg=\"rgba(255,255,255,0.49)\"  data-border_color=\"\" >[vc_column_text css=&#8221;.vc_custom_1607252816211{padding-top: 15% !important;padding-right: 15% !important;padding-bottom: 15% !important;padding-left: 15% !important;}&#8221;]EDITH CHAH\u00cdN CUR\u00cd, escritora chilena-espa\u00f1ola, lleg\u00f3 a Espa\u00f1a en Noviembre de 1973 y desde hace 46 a\u00f1os vive en la misma calle de un barrio madrile\u00f1o, junto con su marido Jos\u00e9 Luis Casta\u00f1eda Cagigas, fallecido hace 4 a\u00f1os, y con su hijo Francisco que ahora vive en un pueblo de la sierra de Madrid.<\/p>\n<p>Posee tres t\u00edtulos: Magisterio, Pedagog\u00eda y Ciencias Religiosas, Universidad Cat\u00f3lica de Chile y de M\u00fanich, Alemania. En Espa\u00f1a consigui\u00f3 el t\u00edtulo de T\u00e9cnico en Radio y TV, y Diplomas de Edici\u00f3n y Lenguaje en el \u00c1mbito Cultural de El Corte Ingl\u00e9s.<\/p>\n<p>Sus obras editadas en Espa\u00f1a: \u201cLa Pasi\u00f3n del Pueblo\u201d, Audiomontaje, Audiprol, 1983. \u201cLos Tapices de la Difamaci\u00f3n\u201d, Acc\u00e9sit Premio Vida Nueva, 1983. M\u00e1s de 500 guiones radiof\u00f3nicos para la COPE y tres para Radio Nacional. NOVELAS: Biogr\u00e1fica: \u201cNahima, la larga historia de mi madre\u201d, Ed. Debate 2001, 2002, 2003, e.book 2011, traducida al \u00e1rabe por el Profesor sirio Rifaat Atf\u00e9 y editado en 2014, en la Edit. Dar el Uarak de Dubai. Se encuentra en la Biblioteca Virtual gratuita Miguel de Cervantes. Ficci\u00f3n: \u201cFadua, la impetuosa doncella de Homs\u201d, Tabla Rasa 2004, traducida al \u00e1rabe en el Centro Cultural de la Embajada de Egipto en Madrid. Tambi\u00e9n se encuentra en la Biblioteca Virtual Miguel de Cervantes. Epistolar: \u201cCartas Ocultas\u201d, Edici\u00f3n Personal, 2008. Hist\u00f3rica: \u201cLa trovadora de Jerusal\u00e9n\u201d Edit. Endymion, 2012.<\/p>\n<span class='bctt-click-to-tweet'><span class='bctt-ctt-text'><a href='https:\/\/x.com\/intent\/tweet?url=https%3A%2F%2Fnuestrosescritores.com%2Fedithchahin%2F&#038;text=EDITH%20CHAH%C3%8DN%20.%20Escritor%2C%20poeta.&#038;related' target='_blank'rel=\"noopener noreferrer\">EDITH CHAH\u00cdN . Escritor, poeta. <\/a><\/span><a href='https:\/\/x.com\/intent\/tweet?url=https%3A%2F%2Fnuestrosescritores.com%2Fedithchahin%2F&#038;text=EDITH%20CHAH%C3%8DN%20.%20Escritor%2C%20poeta.&#038;related' target='_blank' class='bctt-ctt-btn'rel=\"noopener noreferrer\">Compartir en X<\/a><\/span>[\/vc_column_text]\t\t<\/div><\/div>[\/vc_column][vc_column width=&#8221;1\/2&#8243; extend=&#8221;false&#8221;]<div class=\"gambit_fullheight_row\" data-content-location=\"center\" style=\"display: none\"><\/div><div id=\"rowvcpt-row-settings\" class=\"rowvcpt-row-set RowVcPt-row-setting69e4aef590034 \" data-no=\"RowVcPt-row-setting69e4aef590034\"><div  id=\"bgGallaryslide69e4aef590038\" class=\"rowvcpt-slideshow \"><\/div><script type=\"text\/javascript\">\n(function($) {\n$(\"#bgGallaryslide69e4aef590038\").vegas({\n        overlay: \"https:\/\/nuestrosescritores.com\/edithchahin\/wp-content\/plugins\/ultimate-row-background\/css\/overlays\/0'.esc_attr(1.png).'\",\n        transitionDuration: 4e3,\n        delay: 7000,\n        slides: [{src: \"https:\/\/nuestrosescritores.com\/edithchahin\/wp-content\/uploads\/sites\/68\/2020\/12\/1_cmofspfso-scaled.jpg\",transition: \"fade2\",transitionDuration: 5000},{src: \"https:\/\/nuestrosescritores.com\/edithchahin\/wp-content\/uploads\/sites\/68\/2020\/12\/iicyiapyggi-scaled.jpg\",transition: \"fade2\",transitionDuration: 5000},{src: \"https:\/\/nuestrosescritores.com\/edithchahin\/wp-content\/uploads\/sites\/68\/2020\/12\/m6xc789hle8-scaled.jpg\",transition: \"fade2\",transitionDuration: 5000},{src: \"https:\/\/nuestrosescritores.com\/edithchahin\/wp-content\/uploads\/sites\/68\/2020\/12\/mnvcsnlsse-scaled.jpg\",transition: \"fade2\",transitionDuration: 5000},]\n    });\t\t\n})(jQuery);\n<\/script><div class=\"rowvcpt-overlay\" style=\"background:rgba(255,255,255,0.69)\"><\/div><\/div>[vc_single_image image=&#8221;36&#8243; img_size=&#8221;full&#8221; alignment=&#8221;center&#8221;][\/vc_column][\/vc_row][vc_row][vc_column extend=&#8221;false&#8221;]<div class=\"gambit_fullheight_row\" data-content-location=\"center\" style=\"display: none\"><\/div><div class='gambit_parallax_row' data-bg-align='' data-direction='fixed' data-opacity='100' data-velocity='-0.3' data-mobile-enabled='parallax-enable-mobile' data-bg-height='2560' data-bg-width='1920' data-bg-image='https:\/\/nuestrosescritores.com\/edithchahin\/wp-content\/uploads\/sites\/68\/2020\/12\/bbq15bncpcc-scaled.jpg' data-bg-repeat='false' data-id='' style='display: none'><\/div>[\/vc_column][\/vc_row][vc_row][vc_column extend=&#8221;false&#8221;]<div class=\"gambit_fullheight_row\" data-content-location=\"center\" style=\"display: none\"><\/div><div id=\"rowvcpt-row-settings\" class=\"rowvcpt-row-set RowVcPt-row-setting69e4aef59134c \" data-no=\"RowVcPt-row-setting69e4aef59134c\"><div  id=\"bgGallaryslide69e4aef591350\" class=\"rowvcpt-slideshow \"><\/div><script type=\"text\/javascript\">\n(function($) {\n$(\"#bgGallaryslide69e4aef591350\").vegas({\n        overlay: \"https:\/\/nuestrosescritores.com\/edithchahin\/wp-content\/plugins\/ultimate-row-background\/css\/overlays\/0'.esc_attr(1.png).'\",\n        transitionDuration: 4e3,\n        delay: 7000,\n        slides: [{src: \"https:\/\/nuestrosescritores.com\/edithchahin\/wp-content\/uploads\/sites\/68\/2020\/12\/od9eozfsoh0-scaled.jpg\",transition: \"fade2\",transitionDuration: 5000},{src: \"https:\/\/nuestrosescritores.com\/edithchahin\/wp-content\/uploads\/sites\/68\/2020\/12\/iicyiapyggi-scaled.jpg\",transition: \"fade2\",transitionDuration: 5000},{src: \"https:\/\/nuestrosescritores.com\/edithchahin\/wp-content\/uploads\/sites\/68\/2020\/12\/1_cmofspfso-scaled.jpg\",transition: \"fade2\",transitionDuration: 5000},{src: \"https:\/\/nuestrosescritores.com\/edithchahin\/wp-content\/uploads\/sites\/68\/2020\/12\/qrpqgp-sg8w-scaled.jpg\",transition: \"fade2\",transitionDuration: 5000},{src: \"https:\/\/nuestrosescritores.com\/edithchahin\/wp-content\/uploads\/sites\/68\/2020\/12\/mnvcsnlsse-scaled.jpg\",transition: \"fade2\",transitionDuration: 5000},{src: \"https:\/\/nuestrosescritores.com\/edithchahin\/wp-content\/uploads\/sites\/68\/2020\/12\/m6xc789hle8-scaled.jpg\",transition: \"fade2\",transitionDuration: 5000},]\n    });\t\t\n})(jQuery);\n<\/script><div class=\"rowvcpt-overlay\" style=\"background:rgba(255,255,255,0.69)\"><\/div><\/div><div id=\"uvc-type-wrap-1088\"  data-ultimate-target='#uvc-type-wrap-1088'  data-responsive-json-new='{\"font-size\":\"\",\"line-height\":\"\"}'  class=\"uvc-type-wrap vc_custom_1607253352304 ult-adjust-bottom-margin ult-responsive  uvc-type-align-center uvc-type-no-prefix uvc-wrap-302464760769e4aef591d72\" style=\"text-align:center;\"><span id=\"typed-302464760769e4aef591d72\" class=\"ultimate-typed-main \" style=\" font-weight:bold; text-transform: unset;\"><\/span><script type=\"text\/javascript\">\n\t\t\t\t\t\tjQuery(function($){ \n\t\t\t\t\t\t\t$(document).ready(function(){\n\t\t\t\t\t\t\t\tif( typeof jQuery(\"#typed-302464760769e4aef591d72\").typed == \"function\"){\n\t\t\t\t\t\t\t\t\t$(\"#typed-302464760769e4aef591d72\").typed({\n\t\t\t\t\t\t\t\t\t\tstrings: [\"\u201cNOSTALGIAS L\u00cdRICAS\u201d es la edici\u00f3n de un conjunto de poemas que EDITH CHAH\u00cdN escribi\u00f3 durante los primeros a\u00f1os de su vida en Madrid. Mientras escrib\u00eda guiones radiof\u00f3nicos, su esp\u00edritu po\u00e9tico iba derramando en el papel sus m\u00e1s \u00edntimos secretos, mezclados con sus anhelos (expresado en quince poemas titulados \u201cQuisiera\u2026\u201d), y tambi\u00e9n con el sufrimiento que le causaba la inmensa distancia que la separaba de su madre, de sus hermanos y de sus amigos y amigas, que continuaban viviendo en Santiago de Chile, soportando las insensateces y los trastornos provocados por la Dictadura.\",\"\u201c\u2026 Y, en esa paz, obsesi\u00f3n constante, quise envolver a todo el universo. Por eso, por la paz, mi mano amanecida escribe hoy estos versos\u201d.\"],\n\t\t\t\t\t\t\t\t\t\ttypeSpeed: 35,\n\t\t\t\t\t\t\t\t\t\tbackSpeed: 0,\n\t\t\t\t\t\t\t\t\t\tstartDelay: \"200\",\n\t\t\t\t\t\t\t\t\t\tbackDelay: \"1500\",\n\t\t\t\t\t\t\t\t\t\tloop: true,\n\t\t\t\t\t\t\t\t\t\tloopCount: false,\n\t\t\t\t\t\t\t\t\t\tshowCursor: true,\n\t\t\t\t\t\t\t\t\t\tcursorChar: \"|\",\n\t\t\t\t\t\t\t\t\t\tattr: null\n\t\t\t\t\t\t\t\t\t});\n\t\t\t\t\t\t\t\t}\n\t\t\t\t\t\t\t});\n\t\t\t\t\t\t});\n\t\t\t\t\t<\/script><\/div>[\/vc_column][\/vc_row][vc_row][vc_column extend=&#8221;false&#8221;]<div class=\"gambit_fullheight_row\" data-content-location=\"center\" style=\"display: none\"><\/div><div class='gambit_parallax_row' data-bg-align='' data-direction='fixed' data-opacity='50' data-velocity='-0.3' data-mobile-enabled='parallax-enable-mobile' data-bg-height='538' data-bg-width='1366' data-bg-image='https:\/\/nuestrosescritores.com\/edithchahin\/wp-content\/uploads\/sites\/68\/2020\/12\/74066-copy_SSquare2-Alargado-Medium.jpg' data-bg-repeat='false' data-id='' style='display: none'><\/div>[vc_column_text]\n<p style=\"text-align: center;\"><a class=\"fasc-button fasc-size-xlarge fasc-type-glossy fasc-rounded-medium\" style=\"background-color: #313536; color: #ffffff;\" href=\"https:\/\/librodepoesia.com\/producto\/nostalgias-liricas-edith-chahin\/\">COMPRA SUS LIBROS<\/a><\/p>\n[\/vc_column_text][\/vc_column][\/vc_row][vc_row][vc_column extend=&#8221;false&#8221;][vc_column_text css=&#8221;.vc_custom_1541094574844{margin-top: -30000px !important;}&#8221;]\n<p>EDITH CHAH\u00cdN es el escritor de NOSTALGIAS L\u00cdRICAS. el escritor y poeta acaba de publicar un libro de poes\u00eda con la Editorial Poes\u00eda eres t\u00fa. Considerado como uno de los mejores poetas espa\u00f1oles.<br \/>\nNOSTALGIAS L\u00cdRICAS ha sido escrito por EDITH CHAH\u00cdN Considerado como uno de los mejores poetas espa\u00f1oles, algunos afirman que es el mejor poeta espa\u00f1ol. el escritor sabe como publicar un libro de poes\u00eda con la Editorial Poes\u00eda eres t\u00fa<br \/>\nTrabajamos con distribuidoras de libros que acercan los libros a las librer\u00edas, pero contamos tambi\u00e9n con las siguientes librerias de apoyo en internet para que ning\u00fan lector se quede sin su libro de poes\u00eda: Libreria GEPA, Libreria Website, La librer\u00eda del escritor, El rinc\u00f3n de los libros.<\/p>\n<p>Informamos de como publicar un libro y el precio de publicar un libro<\/p>\n<p>As\u00ed mismo colaboramos con la Asociaci\u00f3n de editores de poes\u00eda y la Asociaci\u00f3n Madrile\u00f1a de escritores y cr\u00edticos literarios (Cr\u00edtica de Vigo).<\/p>\n<p>Trabajamos con varias imprentas y contamos con nuestra propia imprenta Herederos de Izquierdo y Vigo impresores.<\/p>\n<p>Puedes conocernos en nuestra p\u00e1gina del Grupo Editorial. Contamos con una sede en Vigo y otra en Jumilla (Murcia)<\/p>\n<p>Somos especialitas en la edici\u00f3n del libro de poes\u00eda<\/p>\n<p>EDITH CHAH\u00cdN Considerado como uno de los mejores poetas espa\u00f1oles, algunos afirman que es el mejor poeta espa\u00f1oles es el escritor de NOSTALGIAS L\u00cdRICAS. El poeta conoce el precio de publicar un libro de poes\u00eda con la Editorial Poes\u00eda eres t\u00fa<\/p>\n<p>EDITH CHAH\u00cdN Considerado como uno de los mejores poetas espa\u00f1oles, algunos afirman que es el mejor poeta espa\u00f1oles es el escritor de NOSTALGIAS L\u00cdRICAS. La poeta sabe como publicar un libro de poes\u00eda con la Editorial Poes\u00eda eres t\u00fa<br \/>\nEDITH CHAH\u00cdN considerado como uno de los mejores poetas espa\u00f1oles, algunos afirman que es el mejor poeta espa\u00f1ol es el escritor de NOSTALGIAS L\u00cdRICAS. La poeta sabe el precio de publicar un libro de poes\u00eda con la Editorial Poes\u00eda eres t\u00fa<\/p>\n<p>El Grupo Editorial P\u00e9rez-Ayala, est\u00e1 formado por los siguientes sellos editoriales: Editorial Poes\u00eda eres t\u00fa, Ediciones Rilke Editorial poes\u00eda, Editorial Ediciones Amaniel, Editorial Ediciones Azor\u00edn un sello regional para Alicante y Murcia.<\/p>\n<p>Para ayudar a la promoci\u00f3n de los libros contamos con diferentes plataformas en internet como Poes\u00eda Televisi\u00f3n, libro de poes\u00eda, Club de poes\u00eda, Blog de escritor, Blog de poes\u00eda, Agencia del libro, Nuestras librerias, Publicar libro &#8211; Publicar un libro, Revista Poes\u00eda eres t\u00fa, Antolog\u00edas po\u00e9ticas, Poes\u00eda y poetas.[\/vc_column_text][\/vc_column][\/vc_row]\n<\/div>","protected":false},"excerpt":{"rendered":"<p>[vc_row][vc_column extend=&#8221;false&#8221;][vc_column_text css=&#8221;.vc_custom_1577876218477{margin-top: -30000px !important;}&#8221;] EDITH CHAH\u00cdN es el escritor de NOSTALGIAS L\u00cdRICAS&nbsp;el escritor y poeta acaba de publicar un libro de poes\u00eda con la Editorial Poes\u00eda eres t\u00fa. Considerado como una de las mejores poetas espa\u00f1olas. NOSTALGIAS L\u00cdRICAS ha sido escrito por EDITH CHAH\u00cdN Considerado como uno de los mejores poetas espa\u00f1oles, algunos afirman [&hellip;]<\/p>\n","protected":false},"author":1,"featured_media":0,"parent":0,"menu_order":0,"comment_status":"closed","ping_status":"closed","template":"","meta":{"_acf_changed":false,"footnotes":""},"class_list":["post-9","page","type-page","status-publish","hentry"],"acf":[],"yoast_head":"<!-- This site is optimized with the Yoast SEO Premium plugin v24.7 (Yoast SEO v27.4) - https:\/\/yoast.com\/product\/yoast-seo-premium-wordpress\/ -->\n<title>EDITH CHAH\u00cdN - Edith Chah\u00edn<\/title>\n<meta name=\"description\" content=\"EDITH CHAH\u00cdN es la autora del libro de poes\u00eda NOSTALGIAS L\u00cdRICAS. Ediciones Rilke 2020.\" \/>\n<meta name=\"robots\" content=\"index, follow, max-snippet:-1, max-image-preview:large, max-video-preview:-1\" \/>\n<link rel=\"canonical\" href=\"https:\/\/nuestrosescritores.com\/edithchahin\/\" \/>\n<meta property=\"og:locale\" content=\"es_ES\" \/>\n<meta property=\"og:type\" content=\"article\" \/>\n<meta property=\"og:title\" content=\"EDITH CHAH\u00cdN\" \/>\n<meta property=\"og:description\" content=\"EDITH CHAH\u00cdN es la autora del libro de poes\u00eda NOSTALGIAS L\u00cdRICAS. Ediciones Rilke 2020.\" \/>\n<meta property=\"og:url\" content=\"https:\/\/nuestrosescritores.com\/edithchahin\/\" \/>\n<meta property=\"og:site_name\" content=\"Edith Chah\u00edn\" \/>\n<meta property=\"article:modified_time\" content=\"2020-12-06T22:45:58+00:00\" \/>\n<meta name=\"twitter:card\" content=\"summary_large_image\" \/>\n<meta name=\"twitter:label1\" content=\"Tiempo de lectura\" \/>\n\t<meta name=\"twitter:data1\" content=\"9 minutos\" \/>\n<script type=\"application\/ld+json\" class=\"yoast-schema-graph\">{\"@context\":\"https:\\\/\\\/schema.org\",\"@graph\":[{\"@type\":\"WebPage\",\"@id\":\"https:\\\/\\\/nuestrosescritores.com\\\/edithchahin\\\/\",\"url\":\"https:\\\/\\\/nuestrosescritores.com\\\/edithchahin\\\/\",\"name\":\"EDITH CHAH\u00cdN - Edith Chah\u00edn\",\"isPartOf\":{\"@id\":\"https:\\\/\\\/nuestrosescritores.com\\\/edithchahin\\\/#website\"},\"datePublished\":\"2020-12-06T11:16:47+00:00\",\"dateModified\":\"2020-12-06T22:45:58+00:00\",\"description\":\"EDITH CHAH\u00cdN es la autora del libro de poes\u00eda NOSTALGIAS L\u00cdRICAS. Ediciones Rilke 2020.\",\"breadcrumb\":{\"@id\":\"https:\\\/\\\/nuestrosescritores.com\\\/edithchahin\\\/#breadcrumb\"},\"inLanguage\":\"es\",\"potentialAction\":[{\"@type\":\"ReadAction\",\"target\":[\"https:\\\/\\\/nuestrosescritores.com\\\/edithchahin\\\/\"]}]},{\"@type\":\"BreadcrumbList\",\"@id\":\"https:\\\/\\\/nuestrosescritores.com\\\/edithchahin\\\/#breadcrumb\",\"itemListElement\":[{\"@type\":\"ListItem\",\"position\":1,\"name\":\"Portada\",\"item\":\"https:\\\/\\\/nuestrosescritores.com\\\/edithchahin\\\/\"},{\"@type\":\"ListItem\",\"position\":2,\"name\":\"EDITH CHAH\u00cdN\"}]},{\"@type\":\"WebSite\",\"@id\":\"https:\\\/\\\/nuestrosescritores.com\\\/edithchahin\\\/#website\",\"url\":\"https:\\\/\\\/nuestrosescritores.com\\\/edithchahin\\\/\",\"name\":\"Nuestros escritores\",\"description\":\"Escritora\",\"potentialAction\":[{\"@type\":\"SearchAction\",\"target\":{\"@type\":\"EntryPoint\",\"urlTemplate\":\"https:\\\/\\\/nuestrosescritores.com\\\/edithchahin\\\/?s={search_term_string}\"},\"query-input\":{\"@type\":\"PropertyValueSpecification\",\"valueRequired\":true,\"valueName\":\"search_term_string\"}}],\"inLanguage\":\"es\"}]}<\/script>\n<!-- \/ Yoast SEO Premium plugin. -->","yoast_head_json":{"title":"EDITH CHAH\u00cdN - Edith Chah\u00edn","description":"EDITH CHAH\u00cdN es la autora del libro de poes\u00eda NOSTALGIAS L\u00cdRICAS. Ediciones Rilke 2020.","robots":{"index":"index","follow":"follow","max-snippet":"max-snippet:-1","max-image-preview":"max-image-preview:large","max-video-preview":"max-video-preview:-1"},"canonical":"https:\/\/nuestrosescritores.com\/edithchahin\/","og_locale":"es_ES","og_type":"article","og_title":"EDITH CHAH\u00cdN","og_description":"EDITH CHAH\u00cdN es la autora del libro de poes\u00eda NOSTALGIAS L\u00cdRICAS. Ediciones Rilke 2020.","og_url":"https:\/\/nuestrosescritores.com\/edithchahin\/","og_site_name":"Edith Chah\u00edn","article_modified_time":"2020-12-06T22:45:58+00:00","twitter_card":"summary_large_image","twitter_misc":{"Tiempo de lectura":"9 minutos"},"schema":{"@context":"https:\/\/schema.org","@graph":[{"@type":"WebPage","@id":"https:\/\/nuestrosescritores.com\/edithchahin\/","url":"https:\/\/nuestrosescritores.com\/edithchahin\/","name":"EDITH CHAH\u00cdN - Edith Chah\u00edn","isPartOf":{"@id":"https:\/\/nuestrosescritores.com\/edithchahin\/#website"},"datePublished":"2020-12-06T11:16:47+00:00","dateModified":"2020-12-06T22:45:58+00:00","description":"EDITH CHAH\u00cdN es la autora del libro de poes\u00eda NOSTALGIAS L\u00cdRICAS. Ediciones Rilke 2020.","breadcrumb":{"@id":"https:\/\/nuestrosescritores.com\/edithchahin\/#breadcrumb"},"inLanguage":"es","potentialAction":[{"@type":"ReadAction","target":["https:\/\/nuestrosescritores.com\/edithchahin\/"]}]},{"@type":"BreadcrumbList","@id":"https:\/\/nuestrosescritores.com\/edithchahin\/#breadcrumb","itemListElement":[{"@type":"ListItem","position":1,"name":"Portada","item":"https:\/\/nuestrosescritores.com\/edithchahin\/"},{"@type":"ListItem","position":2,"name":"EDITH CHAH\u00cdN"}]},{"@type":"WebSite","@id":"https:\/\/nuestrosescritores.com\/edithchahin\/#website","url":"https:\/\/nuestrosescritores.com\/edithchahin\/","name":"Nuestros escritores","description":"Escritora","potentialAction":[{"@type":"SearchAction","target":{"@type":"EntryPoint","urlTemplate":"https:\/\/nuestrosescritores.com\/edithchahin\/?s={search_term_string}"},"query-input":{"@type":"PropertyValueSpecification","valueRequired":true,"valueName":"search_term_string"}}],"inLanguage":"es"}]}},"_links":{"self":[{"href":"https:\/\/nuestrosescritores.com\/edithchahin\/wp-json\/wp\/v2\/pages\/9","targetHints":{"allow":["GET"]}}],"collection":[{"href":"https:\/\/nuestrosescritores.com\/edithchahin\/wp-json\/wp\/v2\/pages"}],"about":[{"href":"https:\/\/nuestrosescritores.com\/edithchahin\/wp-json\/wp\/v2\/types\/page"}],"author":[{"embeddable":true,"href":"https:\/\/nuestrosescritores.com\/edithchahin\/wp-json\/wp\/v2\/users\/1"}],"replies":[{"embeddable":true,"href":"https:\/\/nuestrosescritores.com\/edithchahin\/wp-json\/wp\/v2\/comments?post=9"}],"version-history":[{"count":0,"href":"https:\/\/nuestrosescritores.com\/edithchahin\/wp-json\/wp\/v2\/pages\/9\/revisions"}],"wp:attachment":[{"href":"https:\/\/nuestrosescritores.com\/edithchahin\/wp-json\/wp\/v2\/media?parent=9"}],"curies":[{"name":"wp","href":"https:\/\/api.w.org\/{rel}","templated":true}]}}