{"id":10,"date":"2022-01-22T09:19:50","date_gmt":"2022-01-22T09:19:50","guid":{"rendered":"https:\/\/nuestrosescritores.com\/danielpinedanovo\/?page_id=10"},"modified":"2022-01-22T17:17:49","modified_gmt":"2022-01-22T17:17:49","slug":"escritor","status":"publish","type":"page","link":"https:\/\/nuestrosescritores.com\/danielpinedanovo\/","title":{"rendered":"Escritor"},"content":{"rendered":"<div class=\"wpb-content-wrapper\">[vc_row full_width=&#8221;stretch_row_content_no_spaces&#8221;][vc_column extend=&#8221;false&#8221;][layerslider_vc id=&#8221;1&#8243;][\/vc_column][\/vc_row][vc_row extend=&#8221;false&#8221; design__empty_1=&#8221;&#8221; background=&#8221;&#8221; background_image_type=&#8221;static&#8221; background_image__effect=&#8221;&#8221; bg_size=&#8221;initial&#8221; bg_position=&#8221;center-center&#8221; row_bg_image=&#8221;&#8221; bg_repeat=&#8221;no-repeat&#8221; background_image_type__bg_color=&#8221;rgba(255, 255, 255, 1)&#8221; row_bg_parallax_images=&#8221;&#8221; row_bg_slideshow_images=&#8221;&#8221; background_video_type=&#8221;youtube&#8221; background_video__youtube__url=&#8221;&#8221; background_video__youtube__parallax=&#8221;&#8221; background_video__youtube__options=&#8221;&#8221; background_video__youtube__fallback_image=&#8221;&#8221; background_video__hosted__mp4=&#8221;&#8221; background_video__hosted__webm=&#8221;&#8221; background_video__hosted__ogv=&#8221;&#8221; background_video__hosted__parallax=&#8221;&#8221; background_video__hosted__options=&#8221;&#8221; background_video__hosted__fallback_image=&#8221;&#8221; background_color_type=&#8221;color&#8221; bg__empty_1=&#8221;&#8221; background_color_type__gradient_color1=&#8221;rgba(44, 74, 228, 1)&#8221; background_color_type__gradient_color2=&#8221;rgba(44, 74, 228, 1)&#8221; background_color_type__color_color1=&#8221;rgba(44, 74, 228, 1)&#8221; bg__empty_2=&#8221;&#8221; background_color__effect=&#8221;&#8221; background_color__direction=&#8221;left-to-right&#8221; settings__tag_1=&#8221;&#8221; viewport_lg=&#8221;&#8221; viewport_md=&#8221;&#8221; viewport_sm=&#8221;&#8221; viewport_xs=&#8221;&#8221; settings__empty_1=&#8221;&#8221; version=&#8221;1&#8243;][vc_column width=&#8221;1\/2&#8243; extend=&#8221;false&#8221;]<div class=\"ult-content-box-container \" >\t\t<div class=\"ult-content-box\" style=\"background-color:rgba(255,255,255,0.49);box-shadow: px px 8px px #f2f2f2 none;border-style:none;-webkit-transition: all 700ms ease;-moz-transition: all 700ms ease;-ms-transition: all 700ms ease;-o-transition: all 700ms ease;transition: all 700ms ease;\"  data-hover_box_shadow=\"none\"     data-bg=\"rgba(255,255,255,0.49)\"  data-border_color=\"\" >[vc_column_text css=&#8221;.vc_custom_1642842571125{padding-top: 15% !important;padding-right: 15% !important;padding-bottom: 15% !important;padding-left: 15% !important;}&#8221;]Daniel Pineda Novo es investigador, ensayista y cr\u00edtico literario. Doctor en Filosof\u00eda y Letras por la Universidad de Sevilla. Pertenece a las Reales Academias de Sevilla, C\u00f3rdoba y M\u00e1laga; a la Real Academia Alfonso X \u201cEl Sabio\u201d, de Murcia; a la Real Academia de Bellas Artes de Santa Isabel de Hungr\u00eda, de Sevilla, a la \u201cV\u00e9lez de Guevara\u201d, de \u00c9cija, a la Real Academia Hispano-Americana de C\u00e1diz y a las Internacionales de M\u00e9xico, Palermo, Lisboa, Rep\u00fablica Dominicana y a la Academia Norteamericana de la Lengua Espa\u00f1ola, con sede en Nueva York.<\/p>\n<p>&nbsp;<\/p>\n<p>Es autor de m\u00e1s de 90 libros, de entre los que destacan: <em>Antonio Machado y el Guadalquivir (1974); Bajo la piel del amor, <\/em>con una carta del premio Nobel, Miguel \u00c1ngel Asturias (1979); <em>Tierra y aire del Sur, <\/em>con un pr\u00f3logo del hispanista Jacques Isorel (1981); <em>Poemas con nombre (Generaciones) (1998), <\/em>con pr\u00f3logo de Leopoldo de Luis; <em>Letras del viento (Cantes Flamencos) (<\/em>2001); <em>\u201cAntonio Machado y \u00c1lvarez \u201cDem\u00f3filo\u201d, vida y obra del primer flamenc\u00f3logo espa\u00f1ol\u201d <\/em>(1991) y <em>\u201cAntonio Machado N\u00fa\u00f1ez, naturalista y pol\u00edtico\u201d, <\/em>(2010).<\/p>\n<p>Es colaborador de las prestigiosas Revistas Archivo Hispalense y Cuadernos Hispano-americanos.<\/p>\n<p>Daniel Pineda Novo est\u00e1 incluido en importantes Antolog\u00edas Po\u00e9ticas y algunos de sus poemas han sido traducidos al franc\u00e9s, al italiano y al euskera.<\/p>\n<p>&nbsp;<\/p>\n<span class='bctt-click-to-tweet'><span class='bctt-ctt-text'><a href='https:\/\/x.com\/intent\/tweet?url=https%3A%2F%2Fnuestrosescritores.com%2Fdanielpinedanovo%2F&#038;text=DANIEL%20PINEDA%20NOVO.%20Escritor.&#038;related' target='_blank'rel=\"noopener noreferrer\">DANIEL PINEDA NOVO. Escritor. <\/a><\/span><a href='https:\/\/x.com\/intent\/tweet?url=https%3A%2F%2Fnuestrosescritores.com%2Fdanielpinedanovo%2F&#038;text=DANIEL%20PINEDA%20NOVO.%20Escritor.&#038;related' target='_blank' class='bctt-ctt-btn'rel=\"noopener noreferrer\">Compartir en X<\/a><\/span>[\/vc_column_text]\t\t<\/div><\/div>[\/vc_column][vc_column width=&#8221;1\/2&#8243; extend=&#8221;false&#8221;]<div class=\"gambit_fullheight_row\" data-content-location=\"center\" style=\"display: none\"><\/div><div id=\"rowvcpt-row-settings\" class=\"rowvcpt-row-set RowVcPt-row-setting69e2baef0a101 \" data-no=\"RowVcPt-row-setting69e2baef0a101\"><div  id=\"bgGallaryslide69e2baef0a106\" class=\"rowvcpt-slideshow \"><\/div><script type=\"text\/javascript\">\n(function($) {\n$(\"#bgGallaryslide69e2baef0a106\").vegas({\n        overlay: \"https:\/\/nuestrosescritores.com\/danielpinedanovo\/wp-content\/plugins\/ultimate-row-background\/css\/overlays\/0'.esc_attr(1.png).'\",\n        transitionDuration: 4e3,\n        delay: 7000,\n        slides: [{src: \"https:\/\/nuestrosescritores.com\/danielpinedanovo\/wp-content\/uploads\/sites\/118\/2022\/01\/y3tl-cbu-cu.jpg\",transition: \"fade2\",transitionDuration: 5000},{src: \"https:\/\/nuestrosescritores.com\/danielpinedanovo\/wp-content\/uploads\/sites\/118\/2022\/01\/qdrnzlzyjpa.jpg\",transition: \"fade2\",transitionDuration: 5000},{src: \"https:\/\/nuestrosescritores.com\/danielpinedanovo\/wp-content\/uploads\/sites\/118\/2022\/01\/bbq15bncpcc.jpg\",transition: \"fade2\",transitionDuration: 5000},{src: \"https:\/\/nuestrosescritores.com\/danielpinedanovo\/wp-content\/uploads\/sites\/118\/2022\/01\/koqna0a0yzo.jpg\",transition: \"fade2\",transitionDuration: 5000},]\n    });\t\t\n})(jQuery);\n<\/script><div class=\"rowvcpt-overlay\" style=\"background:rgba(255,255,255,0.69)\"><\/div><\/div>[vc_single_image image=&#8221;11&#8243; img_size=&#8221;full&#8221; alignment=&#8221;center&#8221;][\/vc_column][\/vc_row][vc_row full_height=&#8221;yes&#8221; equal_height=&#8221;yes&#8221; content_placement=&#8221;middle&#8221; css_animation=&#8221;appear&#8221; css=&#8221;.vc_custom_1638093275611{background-position: center !important;background-repeat: no-repeat !important;background-size: cover !important;}&#8221;][vc_column extend=&#8221;false&#8221;]<div class=\"ult-spacer spacer-69e2baef0ac39\" data-id=\"69e2baef0ac39\" data-height=\"500\" data-height-mobile=\"500\" data-height-tab=\"500\" data-height-tab-portrait=\"\" data-height-mobile-landscape=\"\" style=\"clear:both;display:block;\"><\/div><div id=\"rowvcpt-row-settings\" class=\"rowvcpt-row-set RowVcPt-row-setting69e2baef0ac52 \" data-no=\"RowVcPt-row-setting69e2baef0ac52\"><div class=\"columns-bg-wrap columns-bg-anim-colors columns-bg-image  columns_animated_bg columns-right-animation\" id=\"RowVcPt-image-bg-69e2baef0ac51\"   data-direction=\"right\" data-parallax_sense=\"30\" src=\"https:\/\/nuestrosescritores.com\/danielpinedanovo\/wp-content\/uploads\/sites\/118\/2022\/01\/dq5fphe4hmw.jpg\" style=\"background-image: url(https:\/\/nuestrosescritores.com\/danielpinedanovo\/wp-content\/uploads\/sites\/118\/2022\/01\/dq5fphe4hmw.jpg);background-position: center center;background-size: cover;background-attachment: fixed;\"><\/div><\/div>[\/vc_column][\/vc_row][vc_row full_width=&#8221;stretch_row_content_no_spaces&#8221; full_height=&#8221;yes&#8221; content_placement=&#8221;middle&#8221;][vc_column extend=&#8221;false&#8221;]<div class=\"gambit_fullheight_row\" data-content-location=\"center\" style=\"display: none\"><\/div><div id=\"rowvcpt-row-settings\" class=\"rowvcpt-row-set RowVcPt-row-setting69e2baef0aed9 \" data-no=\"RowVcPt-row-setting69e2baef0aed9\"><div  id=\"bgGallaryslide69e2baef0aedc\" class=\"rowvcpt-slideshow \"><\/div><script type=\"text\/javascript\">\n(function($) {\n$(\"#bgGallaryslide69e2baef0aedc\").vegas({\n        overlay: \"https:\/\/nuestrosescritores.com\/danielpinedanovo\/wp-content\/plugins\/ultimate-row-background\/css\/overlays\/0'.esc_attr(2.png).'\",\n        transitionDuration: 4e3,\n        delay: 7000,\n        slides: [{src: \"https:\/\/nuestrosescritores.com\/danielpinedanovo\/wp-content\/uploads\/sites\/118\/2022\/01\/qdrnzlzyjpa.jpg\",transition: \"fade2\",transitionDuration: 5000},{src: \"https:\/\/nuestrosescritores.com\/danielpinedanovo\/wp-content\/uploads\/sites\/118\/2022\/01\/y3tl-cbu-cu.jpg\",transition: \"fade2\",transitionDuration: 5000},{src: \"https:\/\/nuestrosescritores.com\/danielpinedanovo\/wp-content\/uploads\/sites\/118\/2022\/01\/koqna0a0yzo.jpg\",transition: \"fade2\",transitionDuration: 5000},{src: \"https:\/\/nuestrosescritores.com\/danielpinedanovo\/wp-content\/uploads\/sites\/118\/2022\/01\/hjwkmkehbco.jpg\",transition: \"fade2\",transitionDuration: 5000},]\n    });\t\t\n})(jQuery);\n<\/script><div class=\"rowvcpt-overlay\" style=\"background:rgba(255,255,255,0.69)\"><\/div><\/div><div id=\"uvc-type-wrap-6479\"  data-ultimate-target='#uvc-type-wrap-6479'  data-responsive-json-new='{\"font-size\":\"\",\"line-height\":\"\"}'  class=\"uvc-type-wrap vc_custom_1642842984436 ult-adjust-bottom-margin ult-responsive  uvc-type-align-center uvc-type-no-prefix uvc-wrap-175858872169e2baef0b1f7\" style=\"text-align:center;\"><span id=\"typed-175858872169e2baef0b1f7\" class=\"ultimate-typed-main \" style=\" font-weight:bold; text-transform: unset;\"><\/span><script type=\"text\/javascript\">\n\t\t\t\t\t\tjQuery(function($){ \n\t\t\t\t\t\t\t$(document).ready(function(){\n\t\t\t\t\t\t\t\tif( typeof jQuery(\"#typed-175858872169e2baef0b1f7\").typed == \"function\"){\n\t\t\t\t\t\t\t\t\t$(\"#typed-175858872169e2baef0b1f7\").typed({\n\t\t\t\t\t\t\t\t\t\tstrings: [\"Daniel Pineda Novo, en este amplio y documentado trabajo, traza la biograf\u00eda de Manuel Machado Ruiz enlazando las diferentes fases de su vida de forma arm\u00f3nica e intensa. Comienza con sus primeros e infantiles a\u00f1os en su ciudad natal de Sevilla para seguir con sus a\u00f1os de juventud en Madrid, brevemente intercalados en su vuelta a Sevilla para estudiar Filosof\u00eda y Letras entre los a\u00f1os de 1894 a 1896. De regreso a Madrid inicia sus breves pero frecuentes viajes a Par\u00eds, donde frecuentar\u00e1 y conocer\u00e1 a escritores como R. Dar\u00edo, J. Moreas y Oscar Wilde. En esta ciudad francesa escribir\u00e1 su poemario Alma, iniciando su gran camino literario.\",\"Nuevamente en Madrid participa intensamente en la vida bohemia madrile\u00f1a, acompa\u00f1ado de Villaespesa, Dar\u00edo, G\u00f3mez Carrillo, Juan Ram\u00f3n Jim\u00e9nez y Valle Incl\u00e1n, entre otros poetas y escritores.\",\"Entra en el cuerpo de bibliotecarios, llegando a la direcci\u00f3n de la Municipal de Madrid, donde trabaja hasta el final de sus d\u00edas, con la interrupci\u00f3n de los a\u00f1os de la guerra civil, que tuvo que vivirla en Burgos.\",\"Fue un importante periodista siendo sus art\u00edculos buscados por numerosos diarios y revistas.\",\"Con su hermano Antonio Machado escribi\u00f3 m\u00e1s de nueve obras de teatro, entre las cuales destac\u00f3, con notable \u00e9xito La Lola se va a los puertos, y siendo La diosa raz\u00f3n la \u00faltima publicada, este a\u00f1o de 2021, 82 a\u00f1os despu\u00e9s de la muerte de su hermano Antonio y 75 a\u00f1os despu\u00e9s de la suya.\",\"Su presencia en Burgos, durante la guerra civil, ha sido mayoritariamente mal entendida en el mundo literario y pol\u00edtico. Esperemos que en breve su correcta imagen sea restablecida.\"],\n\t\t\t\t\t\t\t\t\t\ttypeSpeed: 35,\n\t\t\t\t\t\t\t\t\t\tbackSpeed: 0,\n\t\t\t\t\t\t\t\t\t\tstartDelay: \"200\",\n\t\t\t\t\t\t\t\t\t\tbackDelay: \"1500\",\n\t\t\t\t\t\t\t\t\t\tloop: true,\n\t\t\t\t\t\t\t\t\t\tloopCount: false,\n\t\t\t\t\t\t\t\t\t\tshowCursor: true,\n\t\t\t\t\t\t\t\t\t\tcursorChar: \"|\",\n\t\t\t\t\t\t\t\t\t\tattr: null\n\t\t\t\t\t\t\t\t\t});\n\t\t\t\t\t\t\t\t}\n\t\t\t\t\t\t\t});\n\t\t\t\t\t\t});\n\t\t\t\t\t<\/script><\/div>[\/vc_column][\/vc_row][vc_row full_height=&#8221;yes&#8221; content_placement=&#8221;middle&#8221; parallax=&#8221;content-moving&#8221; parallax_image=&#8221;86&#8243; css_animation=&#8221;appear&#8221; bg_type=&#8221;image&#8221; css=&#8221;.vc_custom_1634746787147{background-image: url(https:\/\/nuestrosescritores.com\/tinahernandezherrero\/wp-content\/uploads\/sites\/107\/2021\/10\/TinaHernandezHerrero-Mediano.jpg?id=86) !important;}&#8221;][vc_column extend=&#8221;false&#8221;][vc_empty_space height=&#8221;150px&#8221;]<div id=\"rowvcpt-row-settings\" class=\"rowvcpt-row-set RowVcPt-row-setting69e2baef0b4ca \" data-no=\"RowVcPt-row-setting69e2baef0b4ca\"><div class=\"columns-bg-wrap columns-bg-anim-colors columns-bg-image  columns_simple_image\" id=\"RowVcPt-image-bg-69e2baef0b4c9\"   data-parallax_sense=\"30\" src=\"https:\/\/nuestrosescritores.com\/danielpinedanovo\/wp-content\/uploads\/sites\/118\/2022\/01\/DanielPinedaNovoESCRITOR.png\" style=\"background-image: url(https:\/\/nuestrosescritores.com\/danielpinedanovo\/wp-content\/uploads\/sites\/118\/2022\/01\/DanielPinedaNovoESCRITOR.png);background-position: center center;background-size: cover;background-attachment: fixed;\"><\/div><\/div>[vc_column_text]\n<p style=\"text-align: center;\"><a class=\"fasc-button fasc-size-xlarge fasc-type-glossy fasc-rounded-medium\" style=\"background-color: #2b3336; color: #ffffff;\" href=\"https:\/\/librodepoesia.com\/autor\/daniel-pineda-novo\/\">COMPRA SUS LIBROS<\/a><\/p>\n[\/vc_column_text][\/vc_column][\/vc_row][vc_row][vc_column]<div id=\"rowvcpt-row-settings\" class=\"rowvcpt-row-set RowVcPt-row-setting69e2baef0b82a \" data-no=\"RowVcPt-row-setting69e2baef0b82a\"><div class=\"columns-bg-wrap columns-bg-anim-colors\" style=\"opacity: 1;background: -moz-linear-gradient(top, #e0e0e0 0%, #f7f7f7 100%);background: -webkit-gradient(linear, left top, left bottom, color-stop(0%,#e0e0e0), color-stop(100%,#f7f7f7));background: -webkit-linear-gradient(top, #e0e0e0 0%,#f7f7f7 100%);background: -o-linear-gradient(top, #e0e0e0 0%,#f7f7f7 100%);background: -ms-linear-gradient(top, #e0e0e0 0%,#f7f7f7 100%);background: linear-gradient(to bottom, #e0e0e0 0%,#f7f7f7 100%);\"><\/div><\/div>[vc_column_text css=&#8221;.vc_custom_1642845748510{padding-top: 5% !important;padding-right: 5% !important;padding-bottom: 5% !important;padding-left: 5% !important;background-color: rgba(206,206,206,0.01) !important;*background-color: rgb(206,206,206) !important;border-radius: 1px !important;}&#8221;]Esta p\u00e1gina web est\u00e1 realizada por el GRUPO EDITORIAL P\u00c9REZ-AYALA para el escritor DANIEL PINEDA NOVO porque acaba de publicar un libro en una de las siguientes <a href=\"https:\/\/editorialesdepoesia.com\">editoriales de poes\u00eda<\/a>:<br \/>\n<a href=\"https:\/\/poesiaerestu.com\">Editorial Poes\u00eda eres t\u00fa<\/a>: Una editorial para poetas contempor\u00e1neos, con un cat\u00e1logo diverso de las diferentes tendencias de la poes\u00eda.<br \/>\n<a href=\"https:\/\/edicionesrilke.com\">Ediciones Rilke<\/a>: Una colecci\u00f3n de poes\u00eda cl\u00e1sica con poetas contempor\u00e1neos de gran trayectoria.<br \/>\n<a href=\"https:\/\/edicionesazorin.com\">Ediciones Azor\u00edn<\/a>: Una editorial para escritores y temas de Alicante y Murcia, un sello regional a nivel nacional.<br \/>\nContamos tambi\u00e9n con editoriales de narrativa como <a href=\"https:\/\/edicionesamaniel.com\">Ediciones Amaniel<\/a> y una editorial de autoedici\u00f3n como la <a href=\"https:\/\/agenciadellibro.com\">Editorial Agencia del libro<\/a> y un sistema de <a href=\"https:\/\/crowdfundingdelibros.com\">crowdfunding de libros<\/a> para que los nuevos escritores puedan <a href=\"https:\/\/crowdfundingdelibros.com\/\">publicar un libro gratis<\/a>.<br \/>\nInformaci\u00f3n tras publicar un libro: MANUEL MACHADO. EL GRAN DESCONOCIDO de DANIEL PINEDA NOVO con la editorial de poes\u00eda Editorial Poes\u00eda eres t\u00fa.<br \/>\nDANIEL PINEDA NOVO logra publicar un libro de poes\u00eda, MANUEL MACHADO. EL GRAN DESCONOCIDO, tras un proceso de selecci\u00f3n de obras con la Editorial Poes\u00eda eres t\u00fa.<br \/>\nTodos los derechos del libro MANUEL MACHADO. EL GRAN DESCONOCIDO pertenecen a DANIEL PINEDA NOVO tras publicar un libro con la Editorial Poes\u00eda eres t\u00fa.<br \/>\nPublicar un libro de poes\u00eda como MANUEL MACHADO. EL GRAN DESCONOCIDO de DANIEL PINEDA NOVO es posible gracias al trabajo de todo el equipo de la Editorial Poes\u00eda eres t\u00fa.<br \/>\nToda la promoci\u00f3n del libro MANUEL MACHADO. EL GRAN DESCONOCIDO la puedes ver en la p\u00e1gina de la Editorial Poes\u00eda eres t\u00fa y en la web que la editorial le hace a DANIEL PINEDA NOVO tras publicar un libro.<br \/>\nDANIEL PINEDA NOVO agradece a la Editorial Poes\u00eda eres t\u00fa y la Agencia del libro por facilitar el trabajo de <a href=\"https:\/\/agenciadellibro.com\">publicar un libro<\/a>: MANUEL MACHADO. EL GRAN DESCONOCIDO.<br \/>\nLa Editorial Poes\u00eda eres t\u00fa y DANIEL PINEDA NOVO agradecen la colaboraci\u00f3n de los poetas, que han conseguido publicar un libro, y lectores del libro MANUEL MACHADO. EL GRAN DESCONOCIDO por su colaboraci\u00f3n en la promoci\u00f3n y difusi\u00f3n de la obra.[\/vc_column_text][\/vc_column][\/vc_row]\n<\/div>","protected":false},"excerpt":{"rendered":"<p>[vc_row full_width=&#8221;stretch_row_content_no_spaces&#8221;][vc_column extend=&#8221;false&#8221;][layerslider_vc id=&#8221;1&#8243;][\/vc_column][\/vc_row][vc_row extend=&#8221;false&#8221; design__empty_1=&#8221;&#8221; background=&#8221;&#8221; background_image_type=&#8221;static&#8221; background_image__effect=&#8221;&#8221; bg_size=&#8221;initial&#8221; bg_position=&#8221;center-center&#8221; row_bg_image=&#8221;&#8221; bg_repeat=&#8221;no-repeat&#8221; background_image_type__bg_color=&#8221;rgba(255, 255, 255, 1)&#8221; row_bg_parallax_images=&#8221;&#8221; row_bg_slideshow_images=&#8221;&#8221; background_video_type=&#8221;youtube&#8221; background_video__youtube__url=&#8221;&#8221; background_video__youtube__parallax=&#8221;&#8221; background_video__youtube__options=&#8221;&#8221; background_video__youtube__fallback_image=&#8221;&#8221; background_video__hosted__mp4=&#8221;&#8221; background_video__hosted__webm=&#8221;&#8221; background_video__hosted__ogv=&#8221;&#8221; background_video__hosted__parallax=&#8221;&#8221; background_video__hosted__options=&#8221;&#8221; background_video__hosted__fallback_image=&#8221;&#8221; background_color_type=&#8221;color&#8221; bg__empty_1=&#8221;&#8221; background_color_type__gradient_color1=&#8221;rgba(44, 74, 228, 1)&#8221; background_color_type__gradient_color2=&#8221;rgba(44, 74, 228, 1)&#8221; background_color_type__color_color1=&#8221;rgba(44, 74, 228, 1)&#8221; bg__empty_2=&#8221;&#8221; background_color__effect=&#8221;&#8221; background_color__direction=&#8221;left-to-right&#8221; settings__tag_1=&#8221;&#8221; viewport_lg=&#8221;&#8221; viewport_md=&#8221;&#8221; viewport_sm=&#8221;&#8221; viewport_xs=&#8221;&#8221; settings__empty_1=&#8221;&#8221; version=&#8221;1&#8243;][vc_column width=&#8221;1\/2&#8243; [&hellip;]<\/p>\n","protected":false},"author":1,"featured_media":0,"parent":0,"menu_order":0,"comment_status":"closed","ping_status":"closed","template":"","meta":{"_acf_changed":false,"footnotes":""},"class_list":["post-10","page","type-page","status-publish","hentry"],"acf":[],"yoast_head":"<!-- This site is optimized with the Yoast SEO Premium plugin v24.7 (Yoast SEO v27.4) - https:\/\/yoast.com\/product\/yoast-seo-premium-wordpress\/ -->\n<title>Escritor - Daniel Pineda Novo<\/title>\n<meta name=\"description\" content=\"Daniel Pineda Novo es el escritor del libro Manuel Machado el gran desconocido publicado por la editorial Ediciones Rilke.\" \/>\n<meta name=\"robots\" content=\"index, follow, max-snippet:-1, max-image-preview:large, max-video-preview:-1\" \/>\n<link rel=\"canonical\" href=\"https:\/\/nuestrosescritores.com\/danielpinedanovo\/\" \/>\n<meta property=\"og:locale\" content=\"es_ES\" \/>\n<meta property=\"og:type\" content=\"article\" \/>\n<meta property=\"og:title\" content=\"Escritor\" \/>\n<meta property=\"og:description\" content=\"Daniel Pineda Novo es el escritor del libro Manuel Machado el gran desconocido publicado por la editorial Ediciones Rilke.\" \/>\n<meta property=\"og:url\" content=\"https:\/\/nuestrosescritores.com\/danielpinedanovo\/\" \/>\n<meta property=\"og:site_name\" content=\"Daniel Pineda Novo\" \/>\n<meta property=\"article:modified_time\" content=\"2022-01-22T17:17:49+00:00\" \/>\n<meta name=\"twitter:card\" content=\"summary_large_image\" \/>\n<meta name=\"twitter:label1\" content=\"Tiempo de lectura\" \/>\n\t<meta name=\"twitter:data1\" content=\"5 minutos\" \/>\n<script type=\"application\/ld+json\" class=\"yoast-schema-graph\">{\"@context\":\"https:\\\/\\\/schema.org\",\"@graph\":[{\"@type\":\"WebPage\",\"@id\":\"https:\\\/\\\/nuestrosescritores.com\\\/danielpinedanovo\\\/\",\"url\":\"https:\\\/\\\/nuestrosescritores.com\\\/danielpinedanovo\\\/\",\"name\":\"Escritor - Daniel Pineda Novo\",\"isPartOf\":{\"@id\":\"https:\\\/\\\/nuestrosescritores.com\\\/danielpinedanovo\\\/#website\"},\"datePublished\":\"2022-01-22T09:19:50+00:00\",\"dateModified\":\"2022-01-22T17:17:49+00:00\",\"description\":\"Daniel Pineda Novo es el escritor del libro Manuel Machado el gran desconocido publicado por la editorial Ediciones Rilke.\",\"breadcrumb\":{\"@id\":\"https:\\\/\\\/nuestrosescritores.com\\\/danielpinedanovo\\\/#breadcrumb\"},\"inLanguage\":\"es\",\"potentialAction\":[{\"@type\":\"ReadAction\",\"target\":[\"https:\\\/\\\/nuestrosescritores.com\\\/danielpinedanovo\\\/\"]}]},{\"@type\":\"BreadcrumbList\",\"@id\":\"https:\\\/\\\/nuestrosescritores.com\\\/danielpinedanovo\\\/#breadcrumb\",\"itemListElement\":[{\"@type\":\"ListItem\",\"position\":1,\"name\":\"Portada\",\"item\":\"https:\\\/\\\/nuestrosescritores.com\\\/danielpinedanovo\\\/\"},{\"@type\":\"ListItem\",\"position\":2,\"name\":\"Escritor\"}]},{\"@type\":\"WebSite\",\"@id\":\"https:\\\/\\\/nuestrosescritores.com\\\/danielpinedanovo\\\/#website\",\"url\":\"https:\\\/\\\/nuestrosescritores.com\\\/danielpinedanovo\\\/\",\"name\":\"Nuestros escritores\",\"description\":\"Escritorio\",\"potentialAction\":[{\"@type\":\"SearchAction\",\"target\":{\"@type\":\"EntryPoint\",\"urlTemplate\":\"https:\\\/\\\/nuestrosescritores.com\\\/danielpinedanovo\\\/?s={search_term_string}\"},\"query-input\":{\"@type\":\"PropertyValueSpecification\",\"valueRequired\":true,\"valueName\":\"search_term_string\"}}],\"inLanguage\":\"es\"}]}<\/script>\n<!-- \/ Yoast SEO Premium plugin. -->","yoast_head_json":{"title":"Escritor - Daniel Pineda Novo","description":"Daniel Pineda Novo es el escritor del libro Manuel Machado el gran desconocido publicado por la editorial Ediciones Rilke.","robots":{"index":"index","follow":"follow","max-snippet":"max-snippet:-1","max-image-preview":"max-image-preview:large","max-video-preview":"max-video-preview:-1"},"canonical":"https:\/\/nuestrosescritores.com\/danielpinedanovo\/","og_locale":"es_ES","og_type":"article","og_title":"Escritor","og_description":"Daniel Pineda Novo es el escritor del libro Manuel Machado el gran desconocido publicado por la editorial Ediciones Rilke.","og_url":"https:\/\/nuestrosescritores.com\/danielpinedanovo\/","og_site_name":"Daniel Pineda Novo","article_modified_time":"2022-01-22T17:17:49+00:00","twitter_card":"summary_large_image","twitter_misc":{"Tiempo de lectura":"5 minutos"},"schema":{"@context":"https:\/\/schema.org","@graph":[{"@type":"WebPage","@id":"https:\/\/nuestrosescritores.com\/danielpinedanovo\/","url":"https:\/\/nuestrosescritores.com\/danielpinedanovo\/","name":"Escritor - Daniel Pineda Novo","isPartOf":{"@id":"https:\/\/nuestrosescritores.com\/danielpinedanovo\/#website"},"datePublished":"2022-01-22T09:19:50+00:00","dateModified":"2022-01-22T17:17:49+00:00","description":"Daniel Pineda Novo es el escritor del libro Manuel Machado el gran desconocido publicado por la editorial Ediciones Rilke.","breadcrumb":{"@id":"https:\/\/nuestrosescritores.com\/danielpinedanovo\/#breadcrumb"},"inLanguage":"es","potentialAction":[{"@type":"ReadAction","target":["https:\/\/nuestrosescritores.com\/danielpinedanovo\/"]}]},{"@type":"BreadcrumbList","@id":"https:\/\/nuestrosescritores.com\/danielpinedanovo\/#breadcrumb","itemListElement":[{"@type":"ListItem","position":1,"name":"Portada","item":"https:\/\/nuestrosescritores.com\/danielpinedanovo\/"},{"@type":"ListItem","position":2,"name":"Escritor"}]},{"@type":"WebSite","@id":"https:\/\/nuestrosescritores.com\/danielpinedanovo\/#website","url":"https:\/\/nuestrosescritores.com\/danielpinedanovo\/","name":"Nuestros escritores","description":"Escritorio","potentialAction":[{"@type":"SearchAction","target":{"@type":"EntryPoint","urlTemplate":"https:\/\/nuestrosescritores.com\/danielpinedanovo\/?s={search_term_string}"},"query-input":{"@type":"PropertyValueSpecification","valueRequired":true,"valueName":"search_term_string"}}],"inLanguage":"es"}]}},"_links":{"self":[{"href":"https:\/\/nuestrosescritores.com\/danielpinedanovo\/wp-json\/wp\/v2\/pages\/10","targetHints":{"allow":["GET"]}}],"collection":[{"href":"https:\/\/nuestrosescritores.com\/danielpinedanovo\/wp-json\/wp\/v2\/pages"}],"about":[{"href":"https:\/\/nuestrosescritores.com\/danielpinedanovo\/wp-json\/wp\/v2\/types\/page"}],"author":[{"embeddable":true,"href":"https:\/\/nuestrosescritores.com\/danielpinedanovo\/wp-json\/wp\/v2\/users\/1"}],"replies":[{"embeddable":true,"href":"https:\/\/nuestrosescritores.com\/danielpinedanovo\/wp-json\/wp\/v2\/comments?post=10"}],"version-history":[{"count":0,"href":"https:\/\/nuestrosescritores.com\/danielpinedanovo\/wp-json\/wp\/v2\/pages\/10\/revisions"}],"wp:attachment":[{"href":"https:\/\/nuestrosescritores.com\/danielpinedanovo\/wp-json\/wp\/v2\/media?parent=10"}],"curies":[{"name":"wp","href":"https:\/\/api.w.org\/{rel}","templated":true}]}}