{"id":100,"date":"2021-04-24T17:09:39","date_gmt":"2021-04-24T17:09:39","guid":{"rendered":"https:\/\/nuestrosescritores.com\/cristinareyescerezuela\/?page_id=100"},"modified":"2021-04-25T10:28:31","modified_gmt":"2021-04-25T10:28:31","slug":"poesia","status":"publish","type":"page","link":"https:\/\/nuestrosescritores.com\/cristinareyescerezuela\/poesia\/","title":{"rendered":"Poes\u00eda"},"content":{"rendered":"<div class=\"wpb-content-wrapper\">[vc_row full_width=&#8221;stretch_row_content_no_spaces&#8221;][vc_column extend=&#8221;false&#8221;]<div class='gambit_parallax_row' data-bg-align='' data-direction='fixed' data-opacity='100' data-velocity='-0.3' data-mobile-enabled='' data-bg-height='1200' data-bg-width='800' data-bg-image='https:\/\/nuestrosescritores.com\/cristinareyescerezuela\/wp-content\/uploads\/sites\/85\/2021\/04\/hvbiobu1qla.jpg' data-bg-repeat='false' data-id='' style='display: none'><\/div><div class=\"gambit_fullheight_row\" data-content-location=\"center\" style=\"display: none\"><\/div>[\/vc_column][\/vc_row][vc_row][vc_column extend=&#8221;false&#8221;][vc_column_text]\n<h1>&nbsp;<\/h1>\n<h1><a name=\"_Toc69141032\"><\/a><strong>I<\/strong><\/h1>\n<p>&nbsp;<\/p>\n<p>Me gustar\u00eda poder dar un paso atr\u00e1s.<\/p>\n<p>Y que me desconocieras.<br \/>\nTe ahorrar\u00eda las l\u00e1grimas.<br \/>\nTe evitar\u00eda el dolor.<br \/>\nTe devolver\u00eda la capacidad de ser feliz en la ignorancia.<br \/>\nTe llevar\u00eda de la mano hacia alguien mejor que yo<\/p>\n<p>y te dejar\u00eda entre sus brazos para que pudieras<\/p>\n<p>contarle lo que nunca viviste conmigo.<br \/>\nTe dejar\u00eda ajeno a m\u00ed y propio a ti mismo,<\/p>\n<p>exactamente como antes de tropezarnos.<br \/>\nMe pondr\u00eda un par de guantes<\/p>\n<p>y te borrar\u00eda mis huellas para no dejar rastro alguno del delito.<\/p>\n<p>Y luego saldr\u00eda corriendo, como hago siempre.<\/p>\n<p>&nbsp;<\/p>\n<p>&nbsp;<\/p>\n<span class='bctt-click-to-tweet'><span class='bctt-ctt-text'><a href='https:\/\/x.com\/intent\/tweet?url=https%3A%2F%2Fnuestrosescritores.com%2Fcristinareyescerezuela%2Fpoesia%2F&#038;text=I%20del%20libro%20TODOS%20LOS%20CAMINOS%20LLEVAN%20A%20ROMA%E2%80%A6%20EXCEPTO%20EL%20NUESTRO%20QUE%20LO%20ANDAMOS%20AL%20REV%C3%89S%20de%20CRISTINA%20REYES%20CEREZUELA&#038;via=poesiaerestu&#038;related=poesiaerestu' target='_blank'rel=\"noopener noreferrer\">I del libro TODOS LOS CAMINOS LLEVAN A ROMA\u2026 EXCEPTO EL NUESTRO QUE LO ANDAMOS AL REV\u00c9S de CRISTINA REYES CEREZUELA <\/a><\/span><a href='https:\/\/x.com\/intent\/tweet?url=https%3A%2F%2Fnuestrosescritores.com%2Fcristinareyescerezuela%2Fpoesia%2F&#038;text=I%20del%20libro%20TODOS%20LOS%20CAMINOS%20LLEVAN%20A%20ROMA%E2%80%A6%20EXCEPTO%20EL%20NUESTRO%20QUE%20LO%20ANDAMOS%20AL%20REV%C3%89S%20de%20CRISTINA%20REYES%20CEREZUELA&#038;via=poesiaerestu&#038;related=poesiaerestu' target='_blank' class='bctt-ctt-btn'rel=\"noopener noreferrer\">Compartir en X<\/a><\/span>[\/vc_column_text][\/vc_column][\/vc_row][vc_row full_width=&#8221;stretch_row_content_no_spaces&#8221;][vc_column extend=&#8221;false&#8221;]<div class='gambit_parallax_row' data-bg-align='' data-direction='fixed' data-opacity='100' data-velocity='-0.3' data-mobile-enabled='' data-bg-height='1200' data-bg-width='960' data-bg-image='https:\/\/nuestrosescritores.com\/cristinareyescerezuela\/wp-content\/uploads\/sites\/85\/2021\/04\/gsylqp78drk.jpg' data-bg-repeat='false' data-id='' style='display: none'><\/div><div class=\"gambit_fullheight_row\" data-content-location=\"center\" style=\"display: none\"><\/div>[\/vc_column][\/vc_row][vc_row][vc_column extend=&#8221;false&#8221;][vc_column_text]\n<h1><a name=\"_Toc66730071\"><\/a><\/h1>\n<h1><a name=\"_Toc69141033\"><\/a><strong>II<\/strong><\/h1>\n<p>&nbsp;<\/p>\n<p>Hice con mi intento de olvidarte<\/p>\n<p>lo mismo que hago cuando tengo un morat\u00f3n,<\/p>\n<p>que lo toco de vez en cuando<\/p>\n<p>solo para saber si sigue doliendo.<\/p>\n<p>A ti te pensaba solo para ver si segu\u00edas doli\u00e9ndome;<\/p>\n<p>lo hac\u00eda por instinto,<\/p>\n<p>porque necesitamos saber que a\u00fan podemos sentir dolor<\/p>\n<p>y por puro masoquismo.<\/p>\n<p>&nbsp;<\/p>\n<p>&nbsp;<\/p>\n<span class='bctt-click-to-tweet'><span class='bctt-ctt-text'><a href='https:\/\/x.com\/intent\/tweet?url=https%3A%2F%2Fnuestrosescritores.com%2Fcristinareyescerezuela%2Fpoesia%2F&#038;text=II%20del%20libro%20TODOS%20LOS%20CAMINOS%20LLEVAN%20A%20ROMA%E2%80%A6%20EXCEPTO%20EL%20NUESTRO%20QUE%20LO%20ANDAMOS%20AL%20REV%C3%89S%20de%20CRISTINA%20REYES%20CEREZUELA&#038;via=poesiaerestu&#038;related=poesiaerestu' target='_blank'rel=\"noopener noreferrer\">II del libro TODOS LOS CAMINOS LLEVAN A ROMA\u2026 EXCEPTO EL NUESTRO QUE LO ANDAMOS AL REV\u00c9S de CRISTINA REYES CEREZUELA <\/a><\/span><a href='https:\/\/x.com\/intent\/tweet?url=https%3A%2F%2Fnuestrosescritores.com%2Fcristinareyescerezuela%2Fpoesia%2F&#038;text=II%20del%20libro%20TODOS%20LOS%20CAMINOS%20LLEVAN%20A%20ROMA%E2%80%A6%20EXCEPTO%20EL%20NUESTRO%20QUE%20LO%20ANDAMOS%20AL%20REV%C3%89S%20de%20CRISTINA%20REYES%20CEREZUELA&#038;via=poesiaerestu&#038;related=poesiaerestu' target='_blank' class='bctt-ctt-btn'rel=\"noopener noreferrer\">Compartir en X<\/a><\/span>\n<p>&nbsp;<\/p>\n<p>&nbsp;[\/vc_column_text][\/vc_column][\/vc_row][vc_row][vc_column extend=&#8221;false&#8221;]<div class='gambit_parallax_row' data-bg-align='' data-direction='fixed' data-opacity='100' data-velocity='-0.3' data-mobile-enabled='' data-bg-height='1060' data-bg-width='1600' data-bg-image='https:\/\/nuestrosescritores.com\/cristinareyescerezuela\/wp-content\/uploads\/sites\/85\/2021\/04\/7ybkmhdtcz0.jpg' data-bg-repeat='false' data-id='' style='display: none'><\/div><div class=\"gambit_fullheight_row\" data-content-location=\"center\" style=\"display: none\"><\/div>[\/vc_column][\/vc_row][vc_row][vc_column extend=&#8221;false&#8221;][vc_column_text]\n<h1><a name=\"_Toc66730089\"><\/a><\/h1>\n<h1><a name=\"_Toc69141039\"><\/a><strong>VIII<\/strong><\/h1>\n<p>&nbsp;<\/p>\n<p>Cu\u00e9ntame c\u00f3mo va tu olvido.<\/p>\n<p>Dime si te siguen saliendo las cuentas<\/p>\n<p>o sin m\u00ed ya solo restas.<br \/>\nQuiero saber cada cu\u00e1nto soy parte de tus pensamientos<\/p>\n<p>y qu\u00e9 trucos usas para evadirnos.<br \/>\nExpl\u00edcame en qu\u00e9 sue\u00f1as ahora<\/p>\n<p>y en qu\u00e9 piensas al despertar.<br \/>\nNecesito que me digas todo lo que callas por mi bien,<\/p>\n<p>que seas esclavo de tus palabras<\/p>\n<p>y no te dejes morir en tus silencios.<\/p>\n<p>&nbsp;<\/p>\n<p>&nbsp;<\/p>\n<p>&nbsp;<\/p>\n<p>&nbsp;<\/p>\n<p>&nbsp;<\/p>\n<p>&nbsp;<\/p>\n<span class='bctt-click-to-tweet'><span class='bctt-ctt-text'><a href='https:\/\/x.com\/intent\/tweet?url=https%3A%2F%2Fnuestrosescritores.com%2Fcristinareyescerezuela%2Fpoesia%2F&#038;text=VIII%20del%20libro%20TODOS%20LOS%20CAMINOS%20LLEVAN%20A%20ROMA%E2%80%A6%20EXCEPTO%20EL%20NUESTRO%20QUE%20LO%20ANDAMOS%20AL%20REV%C3%89S%20de%20CRISTINA%20REYES%20CEREZUELA&#038;via=poesiaerestu&#038;related=poesiaerestu' target='_blank'rel=\"noopener noreferrer\">VIII del libro TODOS LOS CAMINOS LLEVAN A ROMA\u2026 EXCEPTO EL NUESTRO QUE LO ANDAMOS AL REV\u00c9S de CRISTINA REYES CEREZUELA <\/a><\/span><a href='https:\/\/x.com\/intent\/tweet?url=https%3A%2F%2Fnuestrosescritores.com%2Fcristinareyescerezuela%2Fpoesia%2F&#038;text=VIII%20del%20libro%20TODOS%20LOS%20CAMINOS%20LLEVAN%20A%20ROMA%E2%80%A6%20EXCEPTO%20EL%20NUESTRO%20QUE%20LO%20ANDAMOS%20AL%20REV%C3%89S%20de%20CRISTINA%20REYES%20CEREZUELA&#038;via=poesiaerestu&#038;related=poesiaerestu' target='_blank' class='bctt-ctt-btn'rel=\"noopener noreferrer\">Compartir en X<\/a><\/span>[\/vc_column_text][\/vc_column][\/vc_row][vc_row][vc_column extend=&#8221;false&#8221;]<div class='gambit_parallax_row' data-bg-align='' data-direction='fixed' data-opacity='100' data-velocity='-0.3' data-mobile-enabled='' data-bg-height='1200' data-bg-width='800' data-bg-image='https:\/\/nuestrosescritores.com\/cristinareyescerezuela\/wp-content\/uploads\/sites\/85\/2021\/04\/dv1s_uksb6a.jpg' data-bg-repeat='false' data-id='' style='display: none'><\/div><div class=\"gambit_fullheight_row\" data-content-location=\"center\" style=\"display: none\"><\/div>[\/vc_column][\/vc_row][vc_row][vc_column extend=&#8221;false&#8221;][vc_column_text]<a name=\"_Toc67933181\"><\/a>Somos extra\u00f1os,<\/p>\n<p>&nbsp;<\/p>\n<h1><strong>IX<\/strong><\/h1>\n<p>&nbsp;<\/p>\n<p>Deseaba que fueras atemporal<\/p>\n<p>o como m\u00ednimo perenne,<\/p>\n<p>pero no,<\/p>\n<p>tuviste que ser un jodido \u00e1rbol de hoja caduca<\/p>\n<p>y desaparecer con el oto\u00f1o.<\/p>\n<p>&nbsp;<\/p>\n<p>&nbsp;<\/p>\n<p>&nbsp;<\/p>\n<p>&nbsp;<\/p>\n<span class='bctt-click-to-tweet'><span class='bctt-ctt-text'><a href='https:\/\/x.com\/intent\/tweet?url=https%3A%2F%2Fnuestrosescritores.com%2Fcristinareyescerezuela%2Fpoesia%2F&#038;text=Somos%20extra%C3%B1os%C2%A0del%20libro%20TODOS%20LOS%20CAMINOS%20LLEVAN%20A%20ROMA%E2%80%A6%20EXCEPTO%20EL%20NUESTRO%20QUE%20LO%20ANDAMOS%20AL%20REV%C3%89S%20de%20CRISTINA%20REYES%20CEREZUELA&#038;via=poesiaerestu&#038;related=poesiaerestu' target='_blank'rel=\"noopener noreferrer\">Somos extra\u00f1os&nbsp;del libro TODOS LOS CAMINOS LLEVAN A ROMA\u2026 EXCEPTO EL NUESTRO QUE LO ANDAMOS AL REV\u00c9S de CRISTINA REYES CEREZUELA <\/a><\/span><a href='https:\/\/x.com\/intent\/tweet?url=https%3A%2F%2Fnuestrosescritores.com%2Fcristinareyescerezuela%2Fpoesia%2F&#038;text=Somos%20extra%C3%B1os%C2%A0del%20libro%20TODOS%20LOS%20CAMINOS%20LLEVAN%20A%20ROMA%E2%80%A6%20EXCEPTO%20EL%20NUESTRO%20QUE%20LO%20ANDAMOS%20AL%20REV%C3%89S%20de%20CRISTINA%20REYES%20CEREZUELA&#038;via=poesiaerestu&#038;related=poesiaerestu' target='_blank' class='bctt-ctt-btn'rel=\"noopener noreferrer\">Compartir en X<\/a><\/span>[\/vc_column_text][\/vc_column][\/vc_row][vc_row][vc_column extend=&#8221;false&#8221;]<div class='gambit_parallax_row' data-bg-align='' data-direction='fixed' data-opacity='100' data-velocity='-0.3' data-mobile-enabled='' data-bg-height='347' data-bg-width='1366' data-bg-image='https:\/\/nuestrosescritores.com\/cristinareyescerezuela\/wp-content\/uploads\/sites\/85\/2021\/04\/CristinaReyes_2_Ssquare_Alargada-Mediano.jpg' data-bg-repeat='false' data-id='' style='display: none'><\/div><div class=\"gambit_fullheight_row\" data-content-location=\"center\" style=\"display: none\"><\/div>[vc_column_text]\n<p style=\"text-align: center;\"><a class=\"fasc-button fasc-size-xlarge fasc-type-glossy fasc-rounded-medium\" style=\"background-color: #33809e; color: #ffffff;\" href=\"https:\/\/librodepoesia.com\/producto\/todos-los-caminos-llevan-a-roma-excepto-el-nuestro-que-lo-andamos-al-reves-cristina-reyes-cerezuela\/\">Comprar el libro<\/a><\/p>\n[\/vc_column_text][\/vc_column][\/vc_row]\n<\/div>","protected":false},"excerpt":{"rendered":"<p>[vc_row full_width=&#8221;stretch_row_content_no_spaces&#8221;][vc_column extend=&#8221;false&#8221;][\/vc_column][\/vc_row][vc_row][vc_column extend=&#8221;false&#8221;][vc_column_text] &nbsp; I &nbsp; Me gustar\u00eda poder dar un paso atr\u00e1s. Y que me desconocieras. Te ahorrar\u00eda las l\u00e1grimas. Te evitar\u00eda el dolor. Te devolver\u00eda la capacidad de ser feliz en la ignorancia. Te llevar\u00eda de la mano hacia alguien mejor que yo y te dejar\u00eda entre sus brazos para que pudieras [&hellip;]<\/p>\n","protected":false},"author":1,"featured_media":0,"parent":0,"menu_order":0,"comment_status":"closed","ping_status":"closed","template":"","meta":{"_acf_changed":false,"footnotes":""},"class_list":["post-100","page","type-page","status-publish","hentry"],"acf":[],"yoast_head":"<!-- This site is optimized with the Yoast SEO Premium plugin v24.7 (Yoast SEO v27.5) - https:\/\/yoast.com\/product\/yoast-seo-premium-wordpress\/ -->\n<title>Poes\u00eda - Cristina Reyes Cerezuela<\/title>\n<meta name=\"robots\" content=\"index, follow, max-snippet:-1, max-image-preview:large, max-video-preview:-1\" \/>\n<link rel=\"canonical\" href=\"https:\/\/nuestrosescritores.com\/cristinareyescerezuela\/poesia\/\" \/>\n<meta property=\"og:locale\" content=\"es_ES\" \/>\n<meta property=\"og:type\" content=\"article\" \/>\n<meta property=\"og:title\" content=\"Poes\u00eda\" \/>\n<meta property=\"og:description\" content=\"[vc_row full_width=&#8221;stretch_row_content_no_spaces&#8221;][vc_column extend=&#8221;false&#8221;][\/vc_column][\/vc_row][vc_row][vc_column extend=&#8221;false&#8221;][vc_column_text] &nbsp; I &nbsp; Me gustar\u00eda poder dar un paso atr\u00e1s. Y que me desconocieras. Te ahorrar\u00eda las l\u00e1grimas. Te evitar\u00eda el dolor. Te devolver\u00eda la capacidad de ser feliz en la ignorancia. Te llevar\u00eda de la mano hacia alguien mejor que yo y te dejar\u00eda entre sus brazos para que pudieras [&hellip;]\" \/>\n<meta property=\"og:url\" content=\"https:\/\/nuestrosescritores.com\/cristinareyescerezuela\/poesia\/\" \/>\n<meta property=\"og:site_name\" content=\"Cristina Reyes Cerezuela\" \/>\n<meta property=\"article:modified_time\" content=\"2021-04-25T10:28:31+00:00\" \/>\n<meta name=\"twitter:card\" content=\"summary_large_image\" \/>\n<meta name=\"twitter:label1\" content=\"Tiempo de lectura\" \/>\n\t<meta name=\"twitter:data1\" content=\"2 minutos\" \/>\n<script type=\"application\/ld+json\" class=\"yoast-schema-graph\">{\"@context\":\"https:\\\/\\\/schema.org\",\"@graph\":[{\"@type\":\"WebPage\",\"@id\":\"https:\\\/\\\/nuestrosescritores.com\\\/cristinareyescerezuela\\\/poesia\\\/\",\"url\":\"https:\\\/\\\/nuestrosescritores.com\\\/cristinareyescerezuela\\\/poesia\\\/\",\"name\":\"Poes\u00eda - Cristina Reyes Cerezuela\",\"isPartOf\":{\"@id\":\"https:\\\/\\\/nuestrosescritores.com\\\/cristinareyescerezuela\\\/#website\"},\"datePublished\":\"2021-04-24T17:09:39+00:00\",\"dateModified\":\"2021-04-25T10:28:31+00:00\",\"breadcrumb\":{\"@id\":\"https:\\\/\\\/nuestrosescritores.com\\\/cristinareyescerezuela\\\/poesia\\\/#breadcrumb\"},\"inLanguage\":\"es\",\"potentialAction\":[{\"@type\":\"ReadAction\",\"target\":[\"https:\\\/\\\/nuestrosescritores.com\\\/cristinareyescerezuela\\\/poesia\\\/\"]}]},{\"@type\":\"BreadcrumbList\",\"@id\":\"https:\\\/\\\/nuestrosescritores.com\\\/cristinareyescerezuela\\\/poesia\\\/#breadcrumb\",\"itemListElement\":[{\"@type\":\"ListItem\",\"position\":1,\"name\":\"Portada\",\"item\":\"https:\\\/\\\/nuestrosescritores.com\\\/cristinareyescerezuela\\\/\"},{\"@type\":\"ListItem\",\"position\":2,\"name\":\"Poes\u00eda\"}]},{\"@type\":\"WebSite\",\"@id\":\"https:\\\/\\\/nuestrosescritores.com\\\/cristinareyescerezuela\\\/#website\",\"url\":\"https:\\\/\\\/nuestrosescritores.com\\\/cristinareyescerezuela\\\/\",\"name\":\"Nuestros escritores\",\"description\":\"Escritora\",\"potentialAction\":[{\"@type\":\"SearchAction\",\"target\":{\"@type\":\"EntryPoint\",\"urlTemplate\":\"https:\\\/\\\/nuestrosescritores.com\\\/cristinareyescerezuela\\\/?s={search_term_string}\"},\"query-input\":{\"@type\":\"PropertyValueSpecification\",\"valueRequired\":true,\"valueName\":\"search_term_string\"}}],\"inLanguage\":\"es\"}]}<\/script>\n<!-- \/ Yoast SEO Premium plugin. -->","yoast_head_json":{"title":"Poes\u00eda - Cristina Reyes Cerezuela","robots":{"index":"index","follow":"follow","max-snippet":"max-snippet:-1","max-image-preview":"max-image-preview:large","max-video-preview":"max-video-preview:-1"},"canonical":"https:\/\/nuestrosescritores.com\/cristinareyescerezuela\/poesia\/","og_locale":"es_ES","og_type":"article","og_title":"Poes\u00eda","og_description":"[vc_row full_width=&#8221;stretch_row_content_no_spaces&#8221;][vc_column extend=&#8221;false&#8221;][\/vc_column][\/vc_row][vc_row][vc_column extend=&#8221;false&#8221;][vc_column_text] &nbsp; I &nbsp; Me gustar\u00eda poder dar un paso atr\u00e1s. Y que me desconocieras. Te ahorrar\u00eda las l\u00e1grimas. Te evitar\u00eda el dolor. Te devolver\u00eda la capacidad de ser feliz en la ignorancia. Te llevar\u00eda de la mano hacia alguien mejor que yo y te dejar\u00eda entre sus brazos para que pudieras [&hellip;]","og_url":"https:\/\/nuestrosescritores.com\/cristinareyescerezuela\/poesia\/","og_site_name":"Cristina Reyes Cerezuela","article_modified_time":"2021-04-25T10:28:31+00:00","twitter_card":"summary_large_image","twitter_misc":{"Tiempo de lectura":"2 minutos"},"schema":{"@context":"https:\/\/schema.org","@graph":[{"@type":"WebPage","@id":"https:\/\/nuestrosescritores.com\/cristinareyescerezuela\/poesia\/","url":"https:\/\/nuestrosescritores.com\/cristinareyescerezuela\/poesia\/","name":"Poes\u00eda - Cristina Reyes Cerezuela","isPartOf":{"@id":"https:\/\/nuestrosescritores.com\/cristinareyescerezuela\/#website"},"datePublished":"2021-04-24T17:09:39+00:00","dateModified":"2021-04-25T10:28:31+00:00","breadcrumb":{"@id":"https:\/\/nuestrosescritores.com\/cristinareyescerezuela\/poesia\/#breadcrumb"},"inLanguage":"es","potentialAction":[{"@type":"ReadAction","target":["https:\/\/nuestrosescritores.com\/cristinareyescerezuela\/poesia\/"]}]},{"@type":"BreadcrumbList","@id":"https:\/\/nuestrosescritores.com\/cristinareyescerezuela\/poesia\/#breadcrumb","itemListElement":[{"@type":"ListItem","position":1,"name":"Portada","item":"https:\/\/nuestrosescritores.com\/cristinareyescerezuela\/"},{"@type":"ListItem","position":2,"name":"Poes\u00eda"}]},{"@type":"WebSite","@id":"https:\/\/nuestrosescritores.com\/cristinareyescerezuela\/#website","url":"https:\/\/nuestrosescritores.com\/cristinareyescerezuela\/","name":"Nuestros escritores","description":"Escritora","potentialAction":[{"@type":"SearchAction","target":{"@type":"EntryPoint","urlTemplate":"https:\/\/nuestrosescritores.com\/cristinareyescerezuela\/?s={search_term_string}"},"query-input":{"@type":"PropertyValueSpecification","valueRequired":true,"valueName":"search_term_string"}}],"inLanguage":"es"}]}},"_links":{"self":[{"href":"https:\/\/nuestrosescritores.com\/cristinareyescerezuela\/wp-json\/wp\/v2\/pages\/100","targetHints":{"allow":["GET"]}}],"collection":[{"href":"https:\/\/nuestrosescritores.com\/cristinareyescerezuela\/wp-json\/wp\/v2\/pages"}],"about":[{"href":"https:\/\/nuestrosescritores.com\/cristinareyescerezuela\/wp-json\/wp\/v2\/types\/page"}],"author":[{"embeddable":true,"href":"https:\/\/nuestrosescritores.com\/cristinareyescerezuela\/wp-json\/wp\/v2\/users\/1"}],"replies":[{"embeddable":true,"href":"https:\/\/nuestrosescritores.com\/cristinareyescerezuela\/wp-json\/wp\/v2\/comments?post=100"}],"version-history":[{"count":0,"href":"https:\/\/nuestrosescritores.com\/cristinareyescerezuela\/wp-json\/wp\/v2\/pages\/100\/revisions"}],"wp:attachment":[{"href":"https:\/\/nuestrosescritores.com\/cristinareyescerezuela\/wp-json\/wp\/v2\/media?parent=100"}],"curies":[{"name":"wp","href":"https:\/\/api.w.org\/{rel}","templated":true}]}}