{"id":72,"date":"2021-05-16T17:55:24","date_gmt":"2021-05-16T17:55:24","guid":{"rendered":"https:\/\/nuestrosescritores.com\/claragoas\/?page_id=72"},"modified":"2021-05-16T20:49:12","modified_gmt":"2021-05-16T20:49:12","slug":"poesia","status":"publish","type":"page","link":"https:\/\/nuestrosescritores.com\/claragoas\/poesia\/","title":{"rendered":"Poes\u00eda"},"content":{"rendered":"<div class=\"wpb-content-wrapper\">[vc_row full_width=&#8221;stretch_row_content_no_spaces&#8221;][vc_column extend=&#8221;false&#8221;]<div class='gambit_parallax_row' data-bg-align='' data-direction='fixed' data-opacity='100' data-velocity='-0.3' data-mobile-enabled='' data-bg-height='1200' data-bg-width='795' data-bg-image='https:\/\/nuestrosescritores.com\/claragoas\/wp-content\/uploads\/sites\/90\/2021\/05\/pozcgdudidu.jpg' data-bg-repeat='false' data-id='' style='display: none'><\/div><div class=\"gambit_fullheight_row\" data-content-location=\"center\" style=\"display: none\"><\/div>[\/vc_column][\/vc_row][vc_row][vc_column extend=&#8221;false&#8221;][vc_column_text]\n<h1>&nbsp;<\/h1>\n<h1><a name=\"_Toc69141032\"><\/a><\/h1>\n<p>&nbsp;<\/p>\n<h1><a name=\"_Toc68806677\"><\/a><\/h1>\n<h1><a name=\"_Toc68808787\"><\/a><strong>PERLA<\/strong><\/h1>\n<p>&nbsp;<\/p>\n<p>&nbsp;<\/p>\n<p>Si se va lo de fuera<\/p>\n<p>se ir\u00e1 lo de dentro<\/p>\n<p>pero la perla<\/p>\n<p>siempre permanece<\/p>\n<p>&nbsp;<\/p>\n<p>&nbsp;<\/p>\n<p>&nbsp;<\/p>\n<span class='bctt-click-to-tweet'><span class='bctt-ctt-text'><a href='https:\/\/x.com\/intent\/tweet?url=https%3A%2F%2Fnuestrosescritores.com%2Fclaragoas%2Fpoesia%2F&#038;text=PERLA%20del%20libro%20SEGUNDAS%20OPORTUNIDADES%20QUE%20NUNCA%20MERECIMOS%20de%20MART%C3%8DN%20N.%20LE%C3%93N&#038;via=poesiaerestu&#038;related=poesiaerestu' target='_blank'rel=\"noopener noreferrer\">PERLA del libro SEGUNDAS OPORTUNIDADES QUE NUNCA MERECIMOS de MART\u00cdN N. LE\u00d3N <\/a><\/span><a href='https:\/\/x.com\/intent\/tweet?url=https%3A%2F%2Fnuestrosescritores.com%2Fclaragoas%2Fpoesia%2F&#038;text=PERLA%20del%20libro%20SEGUNDAS%20OPORTUNIDADES%20QUE%20NUNCA%20MERECIMOS%20de%20MART%C3%8DN%20N.%20LE%C3%93N&#038;via=poesiaerestu&#038;related=poesiaerestu' target='_blank' class='bctt-ctt-btn'rel=\"noopener noreferrer\">Compartir en X<\/a><\/span>[\/vc_column_text][\/vc_column][\/vc_row][vc_row full_width=&#8221;stretch_row_content_no_spaces&#8221;][vc_column extend=&#8221;false&#8221;]<div class='gambit_parallax_row' data-bg-align='' data-direction='fixed' data-opacity='100' data-velocity='-0.3' data-mobile-enabled='' data-bg-height='1200' data-bg-width='1200' data-bg-image='https:\/\/nuestrosescritores.com\/claragoas\/wp-content\/uploads\/sites\/90\/2021\/05\/sajd-q4fnte-1.jpg' data-bg-repeat='false' data-id='' style='display: none'><\/div><div class=\"gambit_fullheight_row\" data-content-location=\"center\" style=\"display: none\"><\/div>[\/vc_column][\/vc_row][vc_row][vc_column extend=&#8221;false&#8221;][vc_column_text]\n<h1><a name=\"_Toc66730071\"><\/a><\/h1>\n<h1><a name=\"_Toc68806683\"><\/a><\/h1>\n<h1><a name=\"_Toc68808791\"><\/a><strong>FACRASAR\u2026<\/strong><\/h1>\n<p>&nbsp;<\/p>\n<p>&nbsp;<\/p>\n<p>\u201cFacrasar\u201d es el vuelo del ave<\/p>\n<p>que pasa bajito porque sabe<\/p>\n<p>que en la altura, su vida peligra.<\/p>\n<p><em>\u201cNo pienses que volar a ras<\/em><\/p>\n<p><em>es no levantar el vuelo\u2026<\/em><\/p>\n<p><em>es volar con la pericia<\/em><\/p>\n<p><em>del m\u00e1s viejo cuervo\u201d.<\/em><\/p>\n<p>&nbsp;<\/p>\n<span class='bctt-click-to-tweet'><span class='bctt-ctt-text'><a href='https:\/\/x.com\/intent\/tweet?url=https%3A%2F%2Fnuestrosescritores.com%2Fclaragoas%2Fpoesia%2F&#038;text=Anatom%C3%ADa%20de%20un%20cuerpo%20imprudente%20del%20libro%20SEGUNDAS%20OPORTUNIDADES%20QUE%20NUNCA%20MERECIMOS%20de%20MART%C3%8DN%20N.%20LE%C3%93N&#038;via=poesiaerestu&#038;related=poesiaerestu' target='_blank'rel=\"noopener noreferrer\">Anatom\u00eda de un cuerpo imprudente del libro SEGUNDAS OPORTUNIDADES QUE NUNCA MERECIMOS de MART\u00cdN N. LE\u00d3N <\/a><\/span><a href='https:\/\/x.com\/intent\/tweet?url=https%3A%2F%2Fnuestrosescritores.com%2Fclaragoas%2Fpoesia%2F&#038;text=Anatom%C3%ADa%20de%20un%20cuerpo%20imprudente%20del%20libro%20SEGUNDAS%20OPORTUNIDADES%20QUE%20NUNCA%20MERECIMOS%20de%20MART%C3%8DN%20N.%20LE%C3%93N&#038;via=poesiaerestu&#038;related=poesiaerestu' target='_blank' class='bctt-ctt-btn'rel=\"noopener noreferrer\">Compartir en X<\/a><\/span>\n<p>&nbsp;<\/p>\n<p>&nbsp;[\/vc_column_text][\/vc_column][\/vc_row][vc_row][vc_column extend=&#8221;false&#8221;]<div class='gambit_parallax_row' data-bg-align='' data-direction='fixed' data-opacity='100' data-velocity='-0.3' data-mobile-enabled='' data-bg-height='1200' data-bg-width='798' data-bg-image='https:\/\/nuestrosescritores.com\/claragoas\/wp-content\/uploads\/sites\/90\/2021\/05\/1etbssvjiau.jpg' data-bg-repeat='false' data-id='' style='display: none'><\/div><div class=\"gambit_fullheight_row\" data-content-location=\"center\" style=\"display: none\"><\/div>[\/vc_column][\/vc_row][vc_row][vc_column extend=&#8221;false&#8221;][vc_column_text]\n<h1><a name=\"_Toc66730089\"><\/a><\/h1>\n<h1>&nbsp;<\/h1>\n<p>&nbsp;<\/p>\n<h1>&nbsp;<\/h1>\n<h1><a name=\"_Toc68806697\"><\/a><\/h1>\n<h1><a name=\"_Toc68808797\"><\/a><strong>SER<\/strong><\/h1>\n<p>&nbsp;<\/p>\n<p>&nbsp;<\/p>\n<p>Para que tu ser pueda ser libremente\u2026 canta\u2026<\/p>\n<p>con dulzura, s\u00e9 una garganta<\/p>\n<p>que siempre que habla es magia<\/p>\n<p>y que encantada dice s\u00ed a lo que ama dentro\u2026<\/p>\n<p>porque sabe que no es nada<\/p>\n<p>sin su sencillo deseo<\/p>\n<p>de vibrar\u2026<\/p>\n<p>a cada momento<\/p>\n<p>&nbsp;<\/p>\n<p>&nbsp;<\/p>\n<p>&nbsp;<\/p>\n<p>&nbsp;<\/p>\n<span class='bctt-click-to-tweet'><span class='bctt-ctt-text'><a href='https:\/\/x.com\/intent\/tweet?url=https%3A%2F%2Fnuestrosescritores.com%2Fclaragoas%2Fpoesia%2F&#038;text=SER%20del%20libro%20SEGUNDAS%20OPORTUNIDADES%20QUE%20NUNCA%20MERECIMOS%20de%20MART%C3%8DN%20N.%20LE%C3%93N&#038;via=poesiaerestu&#038;related=poesiaerestu' target='_blank'rel=\"noopener noreferrer\">SER del libro SEGUNDAS OPORTUNIDADES QUE NUNCA MERECIMOS de MART\u00cdN N. LE\u00d3N <\/a><\/span><a href='https:\/\/x.com\/intent\/tweet?url=https%3A%2F%2Fnuestrosescritores.com%2Fclaragoas%2Fpoesia%2F&#038;text=SER%20del%20libro%20SEGUNDAS%20OPORTUNIDADES%20QUE%20NUNCA%20MERECIMOS%20de%20MART%C3%8DN%20N.%20LE%C3%93N&#038;via=poesiaerestu&#038;related=poesiaerestu' target='_blank' class='bctt-ctt-btn'rel=\"noopener noreferrer\">Compartir en X<\/a><\/span>[\/vc_column_text][\/vc_column][\/vc_row][vc_row][vc_column extend=&#8221;false&#8221;]<div class='gambit_parallax_row' data-bg-align='' data-direction='fixed' data-opacity='100' data-velocity='-0.3' data-mobile-enabled='' data-bg-height='1200' data-bg-width='900' data-bg-image='https:\/\/nuestrosescritores.com\/claragoas\/wp-content\/uploads\/sites\/90\/2021\/05\/nntgeoohoe4.jpg' data-bg-repeat='false' data-id='' style='display: none'><\/div><div class=\"gambit_fullheight_row\" data-content-location=\"center\" style=\"display: none\"><\/div>[\/vc_column][\/vc_row][vc_row][vc_column extend=&#8221;false&#8221;][vc_column_text]<a name=\"_Toc67933181\"><\/a>Somos extra\u00f1os,<\/p>\n<p>&nbsp;<\/p>\n<h1>&nbsp;<\/h1>\n<h1><a name=\"_Toc67238204\"><\/a><a name=\"_Toc68029894\"><\/a><\/h1>\n<h1><a name=\"_Toc68806707\"><\/a><\/h1>\n<h1><a name=\"_Toc68808799\"><\/a><strong>EL D\u00cdA DEL AMOR<\/strong><\/h1>\n<p>&nbsp;<\/p>\n<p>&nbsp;<\/p>\n<p>Trae el d\u00eda del amor\u2026<\/p>\n<p>tr\u00e1elo as\u00ed:<\/p>\n<p>\u201cBelleza eres cada d\u00eda:<\/p>\n<p>un halo de hermosura,<\/p>\n<p>una luz dorada-rosa\u2026<\/p>\n<p>Tocas con dulzura<\/p>\n<p>y tus ojos desvelan,<\/p>\n<p>salvaje y curiosa,<\/p>\n<p>que observas la vida<\/p>\n<p>con magia de diosa,<\/p>\n<p>transformas lo oscuro<\/p>\n<p>en piedra preciosa,<\/p>\n<p>en tu hogar eres hada<\/p>\n<p>de amor poderosa\u201d.<\/p>\n<p>&nbsp;<\/p>\n<p>&nbsp;<\/p>\n<span class='bctt-click-to-tweet'><span class='bctt-ctt-text'><a href='https:\/\/x.com\/intent\/tweet?url=https%3A%2F%2Fnuestrosescritores.com%2Fclaragoas%2Fpoesia%2F&#038;text=EL%20D%C3%8DA%20DEL%20AMOR%C2%A0del%20libro%20SEGUNDAS%20OPORTUNIDADES%20QUE%20NUNCA%20MERECIMOS%20de%20MART%C3%8DN%20N.%20LE%C3%93N&#038;via=poesiaerestu&#038;related=poesiaerestu' target='_blank'rel=\"noopener noreferrer\">EL D\u00cdA DEL AMOR&nbsp;del libro SEGUNDAS OPORTUNIDADES QUE NUNCA MERECIMOS de MART\u00cdN N. LE\u00d3N <\/a><\/span><a href='https:\/\/x.com\/intent\/tweet?url=https%3A%2F%2Fnuestrosescritores.com%2Fclaragoas%2Fpoesia%2F&#038;text=EL%20D%C3%8DA%20DEL%20AMOR%C2%A0del%20libro%20SEGUNDAS%20OPORTUNIDADES%20QUE%20NUNCA%20MERECIMOS%20de%20MART%C3%8DN%20N.%20LE%C3%93N&#038;via=poesiaerestu&#038;related=poesiaerestu' target='_blank' class='bctt-ctt-btn'rel=\"noopener noreferrer\">Compartir en X<\/a><\/span>[\/vc_column_text][\/vc_column][\/vc_row][vc_row][vc_column extend=&#8221;false&#8221;]<div class='gambit_parallax_row' data-bg-align='' data-direction='fixed' data-opacity='100' data-velocity='-0.3' data-mobile-enabled='' data-bg-height='1067' data-bg-width='1600' data-bg-image='https:\/\/nuestrosescritores.com\/claragoas\/wp-content\/uploads\/sites\/90\/2021\/05\/dryvy1cqqem-2.jpg' data-bg-repeat='false' data-id='' style='display: none'><\/div><div class=\"gambit_fullheight_row\" data-content-location=\"center\" style=\"display: none\"><\/div>[\/vc_column][\/vc_row][vc_row][vc_column extend=&#8221;false&#8221;][vc_column_text]\n<h1>&nbsp;<\/h1>\n<h1><a name=\"_Toc67238204\"><\/a><a name=\"_Toc68029894\"><\/a><\/h1>\n<h1><a name=\"_Toc68806714\"><\/a><\/h1>\n<h1>JUEGA<\/h1>\n<p>Siempre es temporada de risa<br \/>\nsi sabes jugar con la vida.<br \/>\nLa vida trae a cada momento algo nuevo.<br \/>\nNo intentes cazar un sue\u00f1o<br \/>\npasado o eterno.<br \/>\nEterno es el cambio.<br \/>\nEterno es lo eterno.<br \/>\nY la vida solo es juego<br \/>\nde lo eterno<br \/>\nque se disfraza de ef\u00edmero<br \/>\npara ver\u2026 su sue\u00f1o\u2026<br \/>\nhecho y deshecho.<br \/>\nUn juego.<\/p>\n<p>&nbsp;<\/p>\n<span class='bctt-click-to-tweet'><span class='bctt-ctt-text'><a href='https:\/\/x.com\/intent\/tweet?url=https%3A%2F%2Fnuestrosescritores.com%2Fclaragoas%2Fpoesia%2F&#038;text=JUEGA%C2%A0del%20libro%20SEGUNDAS%20OPORTUNIDADES%20QUE%20NUNCA%20MERECIMOS%20de%20MART%C3%8DN%20N.%20LE%C3%93N&#038;via=poesiaerestu&#038;related=poesiaerestu' target='_blank'rel=\"noopener noreferrer\">JUEGA&nbsp;del libro SEGUNDAS OPORTUNIDADES QUE NUNCA MERECIMOS de MART\u00cdN N. LE\u00d3N <\/a><\/span><a href='https:\/\/x.com\/intent\/tweet?url=https%3A%2F%2Fnuestrosescritores.com%2Fclaragoas%2Fpoesia%2F&#038;text=JUEGA%C2%A0del%20libro%20SEGUNDAS%20OPORTUNIDADES%20QUE%20NUNCA%20MERECIMOS%20de%20MART%C3%8DN%20N.%20LE%C3%93N&#038;via=poesiaerestu&#038;related=poesiaerestu' target='_blank' class='bctt-ctt-btn'rel=\"noopener noreferrer\">Compartir en X<\/a><\/span>[\/vc_column_text][\/vc_column][\/vc_row][vc_row][vc_column extend=&#8221;false&#8221;]<div class='gambit_parallax_row' data-bg-align='' data-direction='fixed' data-opacity='100' data-velocity='-0.3' data-mobile-enabled='' data-bg-height='610' data-bg-width='1366' data-bg-image='https:\/\/nuestrosescritores.com\/claragoas\/wp-content\/uploads\/sites\/90\/2021\/05\/ClaraGoas_Ssquare_Alargado-Mediano.jpg' data-bg-repeat='false' data-id='' style='display: none'><\/div><div class=\"gambit_fullheight_row\" data-content-location=\"center\" style=\"display: none\"><\/div>[vc_column_text]\n<p style=\"text-align: center;\"><a class=\"fasc-button fasc-size-xlarge fasc-type-glossy fasc-rounded-medium\" style=\"background-color: #33809e; color: #ffffff;\" href=\"https:\/\/librodepoesia.com\/producto\/cuando-habla-el-amor-clara-goas-vargas\/\">Comprar el libro<\/a><\/p>\n[\/vc_column_text][\/vc_column][\/vc_row]\n<\/div>","protected":false},"excerpt":{"rendered":"<p>[vc_row full_width=&#8221;stretch_row_content_no_spaces&#8221;][vc_column extend=&#8221;false&#8221;][\/vc_column][\/vc_row][vc_row][vc_column extend=&#8221;false&#8221;][vc_column_text] &nbsp; &nbsp; PERLA &nbsp; &nbsp; Si se va lo de fuera se ir\u00e1 lo de dentro pero la perla siempre permanece &nbsp; &nbsp; &nbsp; [\/vc_column_text][\/vc_column][\/vc_row][vc_row full_width=&#8221;stretch_row_content_no_spaces&#8221;][vc_column extend=&#8221;false&#8221;][\/vc_column][\/vc_row][vc_row][vc_column extend=&#8221;false&#8221;][vc_column_text] FACRASAR\u2026 &nbsp; &nbsp; \u201cFacrasar\u201d es el vuelo del ave que pasa bajito porque sabe que en la altura, su vida peligra. \u201cNo pienses [&hellip;]<\/p>\n","protected":false},"author":1,"featured_media":0,"parent":0,"menu_order":0,"comment_status":"closed","ping_status":"closed","template":"","meta":{"_acf_changed":false,"footnotes":""},"class_list":["post-72","page","type-page","status-publish","hentry"],"acf":[],"yoast_head":"<!-- This site is optimized with the Yoast SEO Premium plugin v24.7 (Yoast SEO v27.4) - https:\/\/yoast.com\/product\/yoast-seo-premium-wordpress\/ -->\n<title>Poes\u00eda - Clara Go\u00e1s Vargas<\/title>\n<meta name=\"description\" content=\"Poes\u00eda del libro CUANDO HABLA EL AMOR\u2026 de la escritora CLARA GO\u00c1S VARGAS. la autora nos da una muestra tras publicar un libro con la Editorial Poes\u00eda eres t\u00fa.\" \/>\n<meta name=\"robots\" content=\"index, follow, max-snippet:-1, max-image-preview:large, max-video-preview:-1\" \/>\n<link rel=\"canonical\" href=\"https:\/\/nuestrosescritores.com\/claragoas\/poesia\/\" \/>\n<meta property=\"og:locale\" content=\"es_ES\" \/>\n<meta property=\"og:type\" content=\"article\" \/>\n<meta property=\"og:title\" content=\"Poes\u00eda\" \/>\n<meta property=\"og:description\" content=\"&nbsp; &nbsp; PERLA &nbsp; &nbsp; Si se va lo de fuera se ir\u00e1 lo de dentro pero la perla siempre permanece &nbsp; &nbsp; &nbsp; FACRASAR\u2026 &nbsp; &nbsp;\" \/>\n<meta property=\"og:url\" content=\"https:\/\/nuestrosescritores.com\/claragoas\/poesia\/\" \/>\n<meta property=\"og:site_name\" content=\"Clara Go\u00e1s Vargas\" \/>\n<meta property=\"article:modified_time\" content=\"2021-05-16T20:49:12+00:00\" \/>\n<meta name=\"twitter:card\" content=\"summary_large_image\" \/>\n<meta name=\"twitter:label1\" content=\"Tiempo de lectura\" \/>\n\t<meta name=\"twitter:data1\" content=\"2 minutos\" \/>\n<script type=\"application\/ld+json\" class=\"yoast-schema-graph\">{\"@context\":\"https:\\\/\\\/schema.org\",\"@graph\":[{\"@type\":\"WebPage\",\"@id\":\"https:\\\/\\\/nuestrosescritores.com\\\/claragoas\\\/poesia\\\/\",\"url\":\"https:\\\/\\\/nuestrosescritores.com\\\/claragoas\\\/poesia\\\/\",\"name\":\"Poes\u00eda - Clara Go\u00e1s Vargas\",\"isPartOf\":{\"@id\":\"https:\\\/\\\/nuestrosescritores.com\\\/claragoas\\\/#website\"},\"datePublished\":\"2021-05-16T17:55:24+00:00\",\"dateModified\":\"2021-05-16T20:49:12+00:00\",\"description\":\"Poes\u00eda del libro CUANDO HABLA EL AMOR\u2026 de la escritora CLARA GO\u00c1S VARGAS. la autora nos da una muestra tras publicar un libro con la Editorial Poes\u00eda eres t\u00fa.\",\"breadcrumb\":{\"@id\":\"https:\\\/\\\/nuestrosescritores.com\\\/claragoas\\\/poesia\\\/#breadcrumb\"},\"inLanguage\":\"es\",\"potentialAction\":[{\"@type\":\"ReadAction\",\"target\":[\"https:\\\/\\\/nuestrosescritores.com\\\/claragoas\\\/poesia\\\/\"]}]},{\"@type\":\"BreadcrumbList\",\"@id\":\"https:\\\/\\\/nuestrosescritores.com\\\/claragoas\\\/poesia\\\/#breadcrumb\",\"itemListElement\":[{\"@type\":\"ListItem\",\"position\":1,\"name\":\"Portada\",\"item\":\"https:\\\/\\\/nuestrosescritores.com\\\/claragoas\\\/\"},{\"@type\":\"ListItem\",\"position\":2,\"name\":\"Poes\u00eda\"}]},{\"@type\":\"WebSite\",\"@id\":\"https:\\\/\\\/nuestrosescritores.com\\\/claragoas\\\/#website\",\"url\":\"https:\\\/\\\/nuestrosescritores.com\\\/claragoas\\\/\",\"name\":\"Nuestros escritores\",\"description\":\"Escritora\",\"potentialAction\":[{\"@type\":\"SearchAction\",\"target\":{\"@type\":\"EntryPoint\",\"urlTemplate\":\"https:\\\/\\\/nuestrosescritores.com\\\/claragoas\\\/?s={search_term_string}\"},\"query-input\":{\"@type\":\"PropertyValueSpecification\",\"valueRequired\":true,\"valueName\":\"search_term_string\"}}],\"inLanguage\":\"es\"}]}<\/script>\n<!-- \/ Yoast SEO Premium plugin. -->","yoast_head_json":{"title":"Poes\u00eda - Clara Go\u00e1s Vargas","description":"Poes\u00eda del libro CUANDO HABLA EL AMOR\u2026 de la escritora CLARA GO\u00c1S VARGAS. la autora nos da una muestra tras publicar un libro con la Editorial Poes\u00eda eres t\u00fa.","robots":{"index":"index","follow":"follow","max-snippet":"max-snippet:-1","max-image-preview":"max-image-preview:large","max-video-preview":"max-video-preview:-1"},"canonical":"https:\/\/nuestrosescritores.com\/claragoas\/poesia\/","og_locale":"es_ES","og_type":"article","og_title":"Poes\u00eda","og_description":"&nbsp; &nbsp; PERLA &nbsp; &nbsp; Si se va lo de fuera se ir\u00e1 lo de dentro pero la perla siempre permanece &nbsp; &nbsp; &nbsp; FACRASAR\u2026 &nbsp; &nbsp;","og_url":"https:\/\/nuestrosescritores.com\/claragoas\/poesia\/","og_site_name":"Clara Go\u00e1s Vargas","article_modified_time":"2021-05-16T20:49:12+00:00","twitter_card":"summary_large_image","twitter_misc":{"Tiempo de lectura":"2 minutos"},"schema":{"@context":"https:\/\/schema.org","@graph":[{"@type":"WebPage","@id":"https:\/\/nuestrosescritores.com\/claragoas\/poesia\/","url":"https:\/\/nuestrosescritores.com\/claragoas\/poesia\/","name":"Poes\u00eda - Clara Go\u00e1s Vargas","isPartOf":{"@id":"https:\/\/nuestrosescritores.com\/claragoas\/#website"},"datePublished":"2021-05-16T17:55:24+00:00","dateModified":"2021-05-16T20:49:12+00:00","description":"Poes\u00eda del libro CUANDO HABLA EL AMOR\u2026 de la escritora CLARA GO\u00c1S VARGAS. la autora nos da una muestra tras publicar un libro con la Editorial Poes\u00eda eres t\u00fa.","breadcrumb":{"@id":"https:\/\/nuestrosescritores.com\/claragoas\/poesia\/#breadcrumb"},"inLanguage":"es","potentialAction":[{"@type":"ReadAction","target":["https:\/\/nuestrosescritores.com\/claragoas\/poesia\/"]}]},{"@type":"BreadcrumbList","@id":"https:\/\/nuestrosescritores.com\/claragoas\/poesia\/#breadcrumb","itemListElement":[{"@type":"ListItem","position":1,"name":"Portada","item":"https:\/\/nuestrosescritores.com\/claragoas\/"},{"@type":"ListItem","position":2,"name":"Poes\u00eda"}]},{"@type":"WebSite","@id":"https:\/\/nuestrosescritores.com\/claragoas\/#website","url":"https:\/\/nuestrosescritores.com\/claragoas\/","name":"Nuestros escritores","description":"Escritora","potentialAction":[{"@type":"SearchAction","target":{"@type":"EntryPoint","urlTemplate":"https:\/\/nuestrosescritores.com\/claragoas\/?s={search_term_string}"},"query-input":{"@type":"PropertyValueSpecification","valueRequired":true,"valueName":"search_term_string"}}],"inLanguage":"es"}]}},"_links":{"self":[{"href":"https:\/\/nuestrosescritores.com\/claragoas\/wp-json\/wp\/v2\/pages\/72","targetHints":{"allow":["GET"]}}],"collection":[{"href":"https:\/\/nuestrosescritores.com\/claragoas\/wp-json\/wp\/v2\/pages"}],"about":[{"href":"https:\/\/nuestrosescritores.com\/claragoas\/wp-json\/wp\/v2\/types\/page"}],"author":[{"embeddable":true,"href":"https:\/\/nuestrosescritores.com\/claragoas\/wp-json\/wp\/v2\/users\/1"}],"replies":[{"embeddable":true,"href":"https:\/\/nuestrosescritores.com\/claragoas\/wp-json\/wp\/v2\/comments?post=72"}],"version-history":[{"count":0,"href":"https:\/\/nuestrosescritores.com\/claragoas\/wp-json\/wp\/v2\/pages\/72\/revisions"}],"wp:attachment":[{"href":"https:\/\/nuestrosescritores.com\/claragoas\/wp-json\/wp\/v2\/media?parent=72"}],"curies":[{"name":"wp","href":"https:\/\/api.w.org\/{rel}","templated":true}]}}