{"id":88,"date":"2021-04-11T11:35:45","date_gmt":"2021-04-11T11:35:45","guid":{"rendered":"https:\/\/nuestrosescritores.com\/carolinariera\/?page_id=88"},"modified":"2021-04-11T11:41:06","modified_gmt":"2021-04-11T11:41:06","slug":"extracto-hebe","status":"publish","type":"page","link":"https:\/\/nuestrosescritores.com\/carolinariera\/extracto-hebe\/","title":{"rendered":"EXTRACTO HEBE"},"content":{"rendered":"<div class=\"wpb-content-wrapper\">[vc_row full_width=&#8221;stretch_row_content_no_spaces&#8221;][vc_column extend=&#8221;false&#8221;]<div class='gambit_parallax_row' data-bg-align='' data-direction='fixed' data-opacity='100' data-velocity='-0.3' data-mobile-enabled='' data-bg-height='1200' data-bg-width='800' data-bg-image='https:\/\/nuestrosescritores.com\/carolinariera\/wp-content\/uploads\/sites\/83\/2021\/04\/xtpewxkgjh4.jpg' data-bg-repeat='false' data-id='' style='display: none'><\/div><div class=\"gambit_fullheight_row\" data-content-location=\"center\" style=\"display: none\"><\/div>[\/vc_column][\/vc_row][vc_row][vc_column extend=&#8221;false&#8221;][vc_column_text]\n<h1>&nbsp;<\/h1>\n<h1><a name=\"_Toc65693419\"><\/a><strong>I (una grieta en la pared)<\/strong><\/h1>\n<p>&nbsp;<\/p>\n<p>Voy en tren camino de Nantes. Un paisaje colmado de neblina se adhiere por un instante al cristal y en mi retina como si intentase arrancar sus ra\u00edces, borrar los caminos y desviar los senderos para participar, aunque solo fuera en un nuevo intento fallido, en la aventura de subirse a un tren que invade sin escr\u00fapulos su espacio.<\/p>\n<p>Dentro de m\u00ed, un anhelo de quietud. Albergo esperanzas contradictorias que con mejor fortuna han conseguido subir al tren y parecen dibujarme un gesto mucho m\u00e1s apacible que el de las \u00faltimas semanas, los \u00faltimos d\u00edas, las \u00faltimas horas y hasta el \u00faltimo segundo antes de abandonar el and\u00e9n y salir definitivamente de Par\u00eds.<\/p>\n<p>Un pitido agudo comparte mi vida en el interior de mi o\u00eddo; es una garrapata hambrienta: me pica, inflama puntos estrat\u00e9gicos de mi cuello. Es un dolor persistente.<\/p>\n<p>Desciendo del tren. Durante el trayecto la oscuridad me ha arropado y de un emergente estado de duermevela que me protege, solo resuena en el and\u00e9n algo de torpeza en mis movimientos. Un amable y risue\u00f1o taxista tarda apenas unos minutos en cubrir un corto recorrido sin que mi silencio consiga relajar esos hendidos p\u00f3mulos de aplastante simpat\u00eda. Mientras coloca las maletas sobre la acera, compruebo la direcci\u00f3n de la tarjeta que acaba de devolverme bajo las amarillentas luces que iluminan la entrada al hotel y que dice as\u00ed: \u00abH\u00f4tel Trianon. 43 Boulevard V\u00edctor Hugo, 44200 Nantes.\u00bb<\/p>\n<p>&nbsp;<\/p>\n<p>&nbsp;<\/p>\n<span class='bctt-click-to-tweet'><span class='bctt-ctt-text'><a href='https:\/\/x.com\/intent\/tweet?url=https%3A%2F%2Fnuestrosescritores.com%2Fcarolinariera%2Fextracto-hebe%2F&#038;text=I%20%28una%20grieta%20en%20la%20pared%29%20del%20libro%20HEBE%20de%20CAROLINA%20RIERA&#038;via=poesiaerestu&#038;related=poesiaerestu' target='_blank'rel=\"noopener noreferrer\">I (una grieta en la pared) del libro HEBE de CAROLINA RIERA <\/a><\/span><a href='https:\/\/x.com\/intent\/tweet?url=https%3A%2F%2Fnuestrosescritores.com%2Fcarolinariera%2Fextracto-hebe%2F&#038;text=I%20%28una%20grieta%20en%20la%20pared%29%20del%20libro%20HEBE%20de%20CAROLINA%20RIERA&#038;via=poesiaerestu&#038;related=poesiaerestu' target='_blank' class='bctt-ctt-btn'rel=\"noopener noreferrer\">Compartir en X<\/a><\/span>[\/vc_column_text][\/vc_column][\/vc_row][vc_row full_width=&#8221;stretch_row_content_no_spaces&#8221;][vc_column extend=&#8221;false&#8221;]<div class='gambit_parallax_row' data-bg-align='' data-direction='fixed' data-opacity='100' data-velocity='-0.3' data-mobile-enabled='' data-bg-height='1067' data-bg-width='1600' data-bg-image='https:\/\/nuestrosescritores.com\/carolinariera\/wp-content\/uploads\/sites\/83\/2021\/04\/eax_l2dy5a8.jpg' data-bg-repeat='false' data-id='' style='display: none'><\/div><div class=\"gambit_fullheight_row\" data-content-location=\"center\" style=\"display: none\"><\/div>[\/vc_column][\/vc_row][vc_row][vc_column extend=&#8221;false&#8221;][vc_column_text]El taxista se ha quedado mir\u00e1ndome como si esperase una imperiosa orden de traslado a otro hotel. Algo ha dejado de formar parte de su amable rutina y durante unos segundos, ha dejado de sonre\u00edr. Frente a los escaparates de una empresa de alquiler de bicicletas que linda con la entrada al hotel, me recomienda que acceda a una oferta novedosa que est\u00e1 promocionando la Oficina de Turismo de la ciudad de Nantes. Se trata del alquiler de una motocicleta que incluye el disfrute gratuito de una bicicleta. Con el brillo que ilumina los ojos de aquellos que \u2014aunque solo sea por un breve instante\u2014 olvidan que pertenecen a un gremio, me comenta que los residentes en Nantes tienen la costumbre, dependiendo de las distancias, de utilizar uno de esos veh\u00edculos y que, al fin y al cabo, los turistas siempre se sienten mejor participando de las costumbres propias de la regi\u00f3n que, por un motivo u otro, han decidido visitar. Le agradezco la publicidad de dicha oferta y sin m\u00e1s demora nos despedimos.<\/p>\n<p>&nbsp;<\/p>\n<span class='bctt-click-to-tweet'><span class='bctt-ctt-text'><a href='https:\/\/x.com\/intent\/tweet?url=https%3A%2F%2Fnuestrosescritores.com%2Fcarolinariera%2Fextracto-hebe%2F&#038;text=extracto%20del%20libro%20HEBE%20de%20CAROLINA%20RIERA&#038;via=poesiaerestu&#038;related=poesiaerestu' target='_blank'rel=\"noopener noreferrer\">extracto del libro HEBE de CAROLINA RIERA <\/a><\/span><a href='https:\/\/x.com\/intent\/tweet?url=https%3A%2F%2Fnuestrosescritores.com%2Fcarolinariera%2Fextracto-hebe%2F&#038;text=extracto%20del%20libro%20HEBE%20de%20CAROLINA%20RIERA&#038;via=poesiaerestu&#038;related=poesiaerestu' target='_blank' class='bctt-ctt-btn'rel=\"noopener noreferrer\">Compartir en X<\/a><\/span>\n<p>&nbsp;<\/p>\n<p>&nbsp;[\/vc_column_text][\/vc_column][\/vc_row][vc_row][vc_column extend=&#8221;false&#8221;]<div class='gambit_parallax_row' data-bg-align='' data-direction='fixed' data-opacity='100' data-velocity='-0.3' data-mobile-enabled='' data-bg-height='1200' data-bg-width='960' data-bg-image='https:\/\/nuestrosescritores.com\/carolinariera\/wp-content\/uploads\/sites\/83\/2021\/04\/zssm9fldhac.jpg' data-bg-repeat='false' data-id='' style='display: none'><\/div><div class=\"gambit_fullheight_row\" data-content-location=\"center\" style=\"display: none\"><\/div>[\/vc_column][\/vc_row][vc_row][vc_column extend=&#8221;false&#8221;][vc_column_text]Entro y avanzo por un pasillo estrecho, interrumpido por puertas que voy abriendo y cerrando a mi paso. Al fondo, un peque\u00f1o recibidor. No hay nadie. Una nota y unas llaves sobre la mesa parecen querer asegurarme que realic\u00e9 con \u00e9xito la reserva. Cojo el bomb\u00f3n de chocolate que parece actuar de cebo sobre la llave de la habitaci\u00f3n n\u00famero 103. Me decido a subir por las escaleras al primer piso mientras leo: \u00abBonjour. Voici la clef 103. Je passerai l\u2019aspirateur en rentrant. Merci<em>.<\/em>\u00bb<a href=\"#_ftn1\" name=\"_ftnref1\"><sup>[1]<\/sup><\/a><\/p>\n<p><a href=\"#_ftnref1\" name=\"_ftn1\">[1]<\/a> Buenos d\u00edas. Aqu\u00ed le dejo la llave de la habitaci\u00f3n 103. Pasar\u00e9 la aspiradora a la vuelta. Gracias.<\/p>\n<p>&nbsp;<\/p>\n<p>&nbsp;<\/p>\n<p>&nbsp;<\/p>\n<p>&nbsp;<\/p>\n<p>&nbsp;<\/p>\n<span class='bctt-click-to-tweet'><span class='bctt-ctt-text'><a href='https:\/\/x.com\/intent\/tweet?url=https%3A%2F%2Fnuestrosescritores.com%2Fcarolinariera%2Fextracto-hebe%2F&#038;text=extracto%20del%20libro%20HEBE%20de%20CAROLINA%20RIERA&#038;via=poesiaerestu&#038;related=poesiaerestu' target='_blank'rel=\"noopener noreferrer\">extracto del libro HEBE de CAROLINA RIERA <\/a><\/span><a href='https:\/\/x.com\/intent\/tweet?url=https%3A%2F%2Fnuestrosescritores.com%2Fcarolinariera%2Fextracto-hebe%2F&#038;text=extracto%20del%20libro%20HEBE%20de%20CAROLINA%20RIERA&#038;via=poesiaerestu&#038;related=poesiaerestu' target='_blank' class='bctt-ctt-btn'rel=\"noopener noreferrer\">Compartir en X<\/a><\/span>[\/vc_column_text][\/vc_column][\/vc_row][vc_row][vc_column extend=&#8221;false&#8221;]<div class='gambit_parallax_row' data-bg-align='' data-direction='fixed' data-opacity='100' data-velocity='-0.3' data-mobile-enabled='' data-bg-height='1067' data-bg-width='1600' data-bg-image='https:\/\/nuestrosescritores.com\/carolinariera\/wp-content\/uploads\/sites\/83\/2021\/04\/excrxtsrhg8.jpg' data-bg-repeat='false' data-id='' style='display: none'><\/div><div class=\"gambit_fullheight_row\" data-content-location=\"center\" style=\"display: none\"><\/div>[\/vc_column][\/vc_row][vc_row][vc_column extend=&#8221;false&#8221;][vc_column_text]\n<h1>&nbsp;<\/h1>\n<p>Mis ojos han encontrado en la pared una grieta donde refugiarse. Un apremiante y c\u00e1lido reposo me permite recordar una historia que me sorprendi\u00f3 desde el primer momento que supe de ella. Fue comunicada por el m\u00e9dico Jean Alexandre Barr\u00e9 en un congreso de los hospitales de Par\u00eds en 1916. Narraba la gesta de dos soldados, dos tenientes de h\u00fasares. De forma muy gr\u00e1fica, el informe describ\u00eda c\u00f3mo los reflejos de los tendones \u2014tanto en un caso como en el otro\u2014 hab\u00edan quedado reducidos y lentos. El doctor Barr\u00e9 deduc\u00eda que la conducci\u00f3n nerviosa hab\u00eda resultado deteriorada. El informe avanzaba a\u00f1adiendo que, cuando se daba esa situaci\u00f3n, los nervios no pod\u00edan enviar se\u00f1ales de forma eficaz y los m\u00fasculos empezaban a perder su capacidad de responder a los mandatos del cerebro que deb\u00edan ser transportados a trav\u00e9s de la red nerviosa. Llaman a la puerta y le dejo pasar. Sigo sobre la cama intentando no molestar con mis piernas mientras el joven de la aspiradora enturbia con sus provocativas genuflexiones la nitidez sorprendente que empezaban a adquirir esos dos soldados. No puedo evitar ver en uno al soldado d\u2019Hubert y en el otro, al oficial F\u00e9raud, que, v\u00edctimas de un c\u00edrculo de sinos y adversidades, acabaron enfrent\u00e1ndose en una eterna lid durante todas las campa\u00f1as del ej\u00e9rcito napole\u00f3nico. \u00bfC\u00f3mo no iban a perder la sensibilidad aquellos tendones tantas veces lastimados en los reiterados y ceremoniosos duelos? \u00bfAcaso no se hab\u00edan deteriorado los conductos nerviosos y eran incapaces de recordar el origen de ese rec\u00edproco instinto y de ese inacabado duelo?<\/p>\n<p>Vuelvo a la grieta de la pared. Ahora no veo, escucho. Son palabras adheridas a mi o\u00eddo desde hace un a\u00f1o, palabras que ofician de relleno y no me permiten celebrar el descanso que detiene y dulcifica la huida, cualquier huida: \u00abIl se peut qu\u2019il y ait quelque chose d\u2019int\u00e9ressant pour vous; mais je ne peux rien vous garantir. Je vous rapellerai. Au revoir, Madame.\u00bb<a href=\"#_ftn1\" name=\"_ftnref1\"><sup>[1]<\/sup><\/a><\/p>\n<p>Recuerdo aquella ficha en mis manos; una ficha aparentemente id\u00e9ntica a las otras, extra\u00edda de un envoltorio acartonado y h\u00famedo donde todav\u00eda se pod\u00eda leer: <em>\u00ab<\/em>Personnel de l\u2019H\u00f4pital qui a succomb\u00e9 dans cet \u00e9tablissement v\u00edctime de leur d\u00e9vouement au service des malades.\u00bb<a href=\"#_ftn2\" name=\"_ftnref2\"><sup>[2]<\/sup><\/a> Al evocar aquel instante, un fr\u00edo glacial vuelve a embalsamar un rostro con el que desear\u00eda descansar en cualquier grieta. Ahora no escucho, toco. Son las yemas de mis dedos las que recorren sin gemidos peque\u00f1os surcos agrietados en sus sienes. Aquel d\u00eda solo intent\u00e9 detener un proceso mec\u00e1nico de producci\u00f3n en cadena; estaba extenuada por lo que se hab\u00eda convertido en un fren\u00e9tico ritmo de trabajo y le mir\u00e9 con mirada de auxilio. \u00c9l se mantuvo impert\u00e9rrito pero con un noble gesto le comunic\u00f3 a Babette que comprend\u00eda la inc\u00f3moda situaci\u00f3n que nos invad\u00eda. Sent\u00ed que iba a producirse un estallido en aquel claustrof\u00f3bico palomar parisino y opt\u00e9 por distanciarme unos pasos. Fue entonces cuando le\u00ed por primera vez la ficha hospitalaria donde aparec\u00eda su nombre: \u00abMlle. Barr\u00e9 C\u00e9cile Berthe, I\u00e8re Infirmi\u00e8re. 30 Ans. D\u00e9c\u00e9d\u00e9e le 19 octobre 1918 (Grippe asiatique).\u00bb<a href=\"#_ftn3\" name=\"_ftnref3\"><sup>[3]<\/sup><\/a> Tambi\u00e9n aparec\u00edan los resultados de unos an\u00e1lisis de sangre realizados en 1909. No hab\u00eda duda de que se trataba de una enfermera que hab\u00eda prestado servicio en aquel centro hospitalario durante los \u00faltimos ocho a\u00f1os de su vida. Hab\u00eda muerto a los treinta y, si eran los an\u00e1lisis de ingreso, hab\u00eda empezado a los veintiuno y ten\u00eda veintitr\u00e9s cuando la jovenc\u00edsima Leonor ingres\u00f3 en una de aquellas habitaciones con seria hemoptisis. Desde aquel silencioso estallido en el <em>S\u00d4P<\/em> (\u201cH\u00f4pitaux de Paris\u201d) hasta la salida del tren en la Gare Montparnasse, camino de Nantes, hab\u00edan pasado siete d\u00edas de los que prefiero no recordar absolutamente nada. Fue un puzle de miles de piezas y solo pude inferir que deb\u00eda volver urgentemente a Nantes.<\/p>\n<p>Es muy posible que me equivoque y que lo m\u00e1s acertado fuese silenciar lo que pas\u00f3. Es m\u00e1s, si mir\u00e1semos aqu\u00ed y ahora al doctor Morel, ver\u00edamos que est\u00e1 jugando con su perro y nos parecer\u00eda ajeno a cualquier recuerdo; y qu\u00e9 decir del vecino de la <em>roulotte<\/em> que ahora estudia japon\u00e9s y sale al jard\u00edn con su quimono y su diccionario. Una paloma observa a Babette desde el ventanal del <em>S\u00d4P<\/em> y nada la conmueve.<\/p>\n<p>Berthe, mujer de la que todav\u00eda no sabemos nada, est\u00e1 regando las plantas en su balc\u00f3n, justo antes de que una desconocida se interne por ese callej\u00f3n olvidado.<\/p>\n<p><a href=\"#_ftnref1\" name=\"_ftn1\">[1]<\/a> Es posible que haya alguna informaci\u00f3n importante para usted, pero no se lo puedo garantizar. Volver\u00e9 a llamarla. Saludos.<\/p>\n<p><a href=\"#_ftnref2\" name=\"_ftn2\">[2]<\/a> <em>\u00abPersonal que ha fallecido en este hospital v\u00edctima de su desvelo al servicio de los enfermos.<\/em>\u00bb<\/p>\n<p><a href=\"#_ftnref3\" name=\"_ftn3\">[3]<\/a> Mlle. Barr\u00e9 C\u00e9cile Berthe, primera enfermera jefe. 30 a\u00f1os. Muri\u00f3 el 19 de octubre de 1918 (Gripe espa\u00f1ola).<\/p>\n<p>&nbsp;<\/p>\n<span class='bctt-click-to-tweet'><span class='bctt-ctt-text'><a href='https:\/\/x.com\/intent\/tweet?url=https%3A%2F%2Fnuestrosescritores.com%2Fcarolinariera%2Fextracto-hebe%2F&#038;text=Extracto%C2%A0del%20libro%20HEBE%20de%20CAROLINA%20RIERA&#038;via=poesiaerestu&#038;related=poesiaerestu' target='_blank'rel=\"noopener noreferrer\">Extracto&nbsp;del libro HEBE de CAROLINA RIERA <\/a><\/span><a href='https:\/\/x.com\/intent\/tweet?url=https%3A%2F%2Fnuestrosescritores.com%2Fcarolinariera%2Fextracto-hebe%2F&#038;text=Extracto%C2%A0del%20libro%20HEBE%20de%20CAROLINA%20RIERA&#038;via=poesiaerestu&#038;related=poesiaerestu' target='_blank' class='bctt-ctt-btn'rel=\"noopener noreferrer\">Compartir en X<\/a><\/span>[\/vc_column_text][\/vc_column][\/vc_row][vc_row][vc_column extend=&#8221;false&#8221;]<div class='gambit_parallax_row' data-bg-align='' data-direction='fixed' data-opacity='100' data-velocity='-0.3' data-mobile-enabled='' data-bg-height='587' data-bg-width='1366' data-bg-image='https:\/\/nuestrosescritores.com\/carolinariera\/wp-content\/uploads\/sites\/83\/2021\/04\/CarolinaRiera_SSquare_alargado-Mediano.jpg' data-bg-repeat='false' data-id='' style='display: none'><\/div><div class=\"gambit_fullheight_row\" data-content-location=\"center\" style=\"display: none\"><\/div>[vc_column_text]\n<p style=\"text-align: center;\"><a class=\"fasc-button fasc-size-xlarge fasc-type-glossy fasc-rounded-medium\" style=\"background-color: #33809e; color: #ffffff;\" href=\"https:\/\/librodepoesia.com\/producto\/hebe-leonor-izquierdo-cuevas-81894-1912-carolina-riera\/\">Comprar el libro<\/a><\/p>\n[\/vc_column_text][\/vc_column][\/vc_row]\n<\/div>","protected":false},"excerpt":{"rendered":"<p>[vc_row full_width=&#8221;stretch_row_content_no_spaces&#8221;][vc_column extend=&#8221;false&#8221;][\/vc_column][\/vc_row][vc_row][vc_column extend=&#8221;false&#8221;][vc_column_text] &nbsp; I (una grieta en la pared) &nbsp; Voy en tren camino de Nantes. Un paisaje colmado de neblina se adhiere por un instante al cristal y en mi retina como si intentase arrancar sus ra\u00edces, borrar los caminos y desviar los senderos para participar, aunque solo fuera en un nuevo [&hellip;]<\/p>\n","protected":false},"author":1,"featured_media":0,"parent":0,"menu_order":0,"comment_status":"closed","ping_status":"closed","template":"","meta":{"_acf_changed":false,"footnotes":""},"class_list":["post-88","page","type-page","status-publish","hentry"],"acf":[],"yoast_head":"<!-- This site is optimized with the Yoast SEO Premium plugin v24.7 (Yoast SEO v27.4) - https:\/\/yoast.com\/product\/yoast-seo-premium-wordpress\/ -->\n<title>EXTRACTO HEBE - Carolina Riera<\/title>\n<meta name=\"robots\" content=\"index, follow, max-snippet:-1, max-image-preview:large, max-video-preview:-1\" \/>\n<link rel=\"canonical\" href=\"https:\/\/nuestrosescritores.com\/carolinariera\/extracto-hebe\/\" \/>\n<meta property=\"og:locale\" content=\"es_ES\" \/>\n<meta property=\"og:type\" content=\"article\" \/>\n<meta property=\"og:title\" content=\"EXTRACTO HEBE\" \/>\n<meta property=\"og:description\" content=\"[vc_row full_width=&#8221;stretch_row_content_no_spaces&#8221;][vc_column extend=&#8221;false&#8221;][\/vc_column][\/vc_row][vc_row][vc_column extend=&#8221;false&#8221;][vc_column_text] &nbsp; I (una grieta en la pared) &nbsp; Voy en tren camino de Nantes. Un paisaje colmado de neblina se adhiere por un instante al cristal y en mi retina como si intentase arrancar sus ra\u00edces, borrar los caminos y desviar los senderos para participar, aunque solo fuera en un nuevo [&hellip;]\" \/>\n<meta property=\"og:url\" content=\"https:\/\/nuestrosescritores.com\/carolinariera\/extracto-hebe\/\" \/>\n<meta property=\"og:site_name\" content=\"Carolina Riera\" \/>\n<meta property=\"article:modified_time\" content=\"2021-04-11T11:41:06+00:00\" \/>\n<meta name=\"twitter:card\" content=\"summary_large_image\" \/>\n<meta name=\"twitter:label1\" content=\"Tiempo de lectura\" \/>\n\t<meta name=\"twitter:data1\" content=\"7 minutos\" \/>\n<script type=\"application\/ld+json\" class=\"yoast-schema-graph\">{\"@context\":\"https:\\\/\\\/schema.org\",\"@graph\":[{\"@type\":\"WebPage\",\"@id\":\"https:\\\/\\\/nuestrosescritores.com\\\/carolinariera\\\/extracto-hebe\\\/\",\"url\":\"https:\\\/\\\/nuestrosescritores.com\\\/carolinariera\\\/extracto-hebe\\\/\",\"name\":\"EXTRACTO HEBE - Carolina Riera\",\"isPartOf\":{\"@id\":\"https:\\\/\\\/nuestrosescritores.com\\\/carolinariera\\\/#website\"},\"datePublished\":\"2021-04-11T11:35:45+00:00\",\"dateModified\":\"2021-04-11T11:41:06+00:00\",\"breadcrumb\":{\"@id\":\"https:\\\/\\\/nuestrosescritores.com\\\/carolinariera\\\/extracto-hebe\\\/#breadcrumb\"},\"inLanguage\":\"es\",\"potentialAction\":[{\"@type\":\"ReadAction\",\"target\":[\"https:\\\/\\\/nuestrosescritores.com\\\/carolinariera\\\/extracto-hebe\\\/\"]}]},{\"@type\":\"BreadcrumbList\",\"@id\":\"https:\\\/\\\/nuestrosescritores.com\\\/carolinariera\\\/extracto-hebe\\\/#breadcrumb\",\"itemListElement\":[{\"@type\":\"ListItem\",\"position\":1,\"name\":\"Portada\",\"item\":\"https:\\\/\\\/nuestrosescritores.com\\\/carolinariera\\\/\"},{\"@type\":\"ListItem\",\"position\":2,\"name\":\"EXTRACTO HEBE\"}]},{\"@type\":\"WebSite\",\"@id\":\"https:\\\/\\\/nuestrosescritores.com\\\/carolinariera\\\/#website\",\"url\":\"https:\\\/\\\/nuestrosescritores.com\\\/carolinariera\\\/\",\"name\":\"Nuestros escritores\",\"description\":\"Escritora\",\"potentialAction\":[{\"@type\":\"SearchAction\",\"target\":{\"@type\":\"EntryPoint\",\"urlTemplate\":\"https:\\\/\\\/nuestrosescritores.com\\\/carolinariera\\\/?s={search_term_string}\"},\"query-input\":{\"@type\":\"PropertyValueSpecification\",\"valueRequired\":true,\"valueName\":\"search_term_string\"}}],\"inLanguage\":\"es\"}]}<\/script>\n<!-- \/ Yoast SEO Premium plugin. -->","yoast_head_json":{"title":"EXTRACTO HEBE - Carolina Riera","robots":{"index":"index","follow":"follow","max-snippet":"max-snippet:-1","max-image-preview":"max-image-preview:large","max-video-preview":"max-video-preview:-1"},"canonical":"https:\/\/nuestrosescritores.com\/carolinariera\/extracto-hebe\/","og_locale":"es_ES","og_type":"article","og_title":"EXTRACTO HEBE","og_description":"[vc_row full_width=&#8221;stretch_row_content_no_spaces&#8221;][vc_column extend=&#8221;false&#8221;][\/vc_column][\/vc_row][vc_row][vc_column extend=&#8221;false&#8221;][vc_column_text] &nbsp; I (una grieta en la pared) &nbsp; Voy en tren camino de Nantes. Un paisaje colmado de neblina se adhiere por un instante al cristal y en mi retina como si intentase arrancar sus ra\u00edces, borrar los caminos y desviar los senderos para participar, aunque solo fuera en un nuevo [&hellip;]","og_url":"https:\/\/nuestrosescritores.com\/carolinariera\/extracto-hebe\/","og_site_name":"Carolina Riera","article_modified_time":"2021-04-11T11:41:06+00:00","twitter_card":"summary_large_image","twitter_misc":{"Tiempo de lectura":"7 minutos"},"schema":{"@context":"https:\/\/schema.org","@graph":[{"@type":"WebPage","@id":"https:\/\/nuestrosescritores.com\/carolinariera\/extracto-hebe\/","url":"https:\/\/nuestrosescritores.com\/carolinariera\/extracto-hebe\/","name":"EXTRACTO HEBE - Carolina Riera","isPartOf":{"@id":"https:\/\/nuestrosescritores.com\/carolinariera\/#website"},"datePublished":"2021-04-11T11:35:45+00:00","dateModified":"2021-04-11T11:41:06+00:00","breadcrumb":{"@id":"https:\/\/nuestrosescritores.com\/carolinariera\/extracto-hebe\/#breadcrumb"},"inLanguage":"es","potentialAction":[{"@type":"ReadAction","target":["https:\/\/nuestrosescritores.com\/carolinariera\/extracto-hebe\/"]}]},{"@type":"BreadcrumbList","@id":"https:\/\/nuestrosescritores.com\/carolinariera\/extracto-hebe\/#breadcrumb","itemListElement":[{"@type":"ListItem","position":1,"name":"Portada","item":"https:\/\/nuestrosescritores.com\/carolinariera\/"},{"@type":"ListItem","position":2,"name":"EXTRACTO HEBE"}]},{"@type":"WebSite","@id":"https:\/\/nuestrosescritores.com\/carolinariera\/#website","url":"https:\/\/nuestrosescritores.com\/carolinariera\/","name":"Nuestros escritores","description":"Escritora","potentialAction":[{"@type":"SearchAction","target":{"@type":"EntryPoint","urlTemplate":"https:\/\/nuestrosescritores.com\/carolinariera\/?s={search_term_string}"},"query-input":{"@type":"PropertyValueSpecification","valueRequired":true,"valueName":"search_term_string"}}],"inLanguage":"es"}]}},"_links":{"self":[{"href":"https:\/\/nuestrosescritores.com\/carolinariera\/wp-json\/wp\/v2\/pages\/88","targetHints":{"allow":["GET"]}}],"collection":[{"href":"https:\/\/nuestrosescritores.com\/carolinariera\/wp-json\/wp\/v2\/pages"}],"about":[{"href":"https:\/\/nuestrosescritores.com\/carolinariera\/wp-json\/wp\/v2\/types\/page"}],"author":[{"embeddable":true,"href":"https:\/\/nuestrosescritores.com\/carolinariera\/wp-json\/wp\/v2\/users\/1"}],"replies":[{"embeddable":true,"href":"https:\/\/nuestrosescritores.com\/carolinariera\/wp-json\/wp\/v2\/comments?post=88"}],"version-history":[{"count":0,"href":"https:\/\/nuestrosescritores.com\/carolinariera\/wp-json\/wp\/v2\/pages\/88\/revisions"}],"wp:attachment":[{"href":"https:\/\/nuestrosescritores.com\/carolinariera\/wp-json\/wp\/v2\/media?parent=88"}],"curies":[{"name":"wp","href":"https:\/\/api.w.org\/{rel}","templated":true}]}}