{"id":11,"date":"2021-04-10T16:39:45","date_gmt":"2021-04-10T16:39:45","guid":{"rendered":"https:\/\/nuestrosescritores.com\/carolinariera\/?page_id=11"},"modified":"2021-04-13T10:50:54","modified_gmt":"2021-04-13T10:50:54","slug":"carolina-riera","status":"publish","type":"page","link":"https:\/\/nuestrosescritores.com\/carolinariera\/","title":{"rendered":"Carolina Riera"},"content":{"rendered":"<div class=\"wpb-content-wrapper\">[vc_row][vc_column extend=&#8221;false&#8221;][vc_column_text css=&#8221;.vc_custom_1617387623105{margin-top: -30000px !important;}&#8221;]\n<h1>CAROLINA RIERA es el escritor de HEBE. LEONOR IZQUIERDO CUEVAS (1894-1912)&nbsp; el escritor y poeta acaba de publicar un libro de poes\u00eda con la Editorial Poes\u00eda eres t\u00fa. Considerado como una de las mejores poetas espa\u00f1olas.<\/h1>\n<p>HEBE. LEONOR IZQUIERDO CUEVAS (1894-1912) ha sido escrito por CAROLINA RIERA Considerado como uno de los mejores poetas espa\u00f1oles, algunos afirman que es el mejor poeta espa\u00f1ol. el escritor sabe como publicar un libro de poes\u00eda con la Editorial Poes\u00eda eres t\u00fa<br \/>\nTrabajamos con distribuidoras de libros que acercan los libros a las librer\u00edas, pero contamos tambi\u00e9n con las siguientes librerias de apoyo en internet para que ning\u00fan lector se quede sin su libro de poes\u00eda: Libreria GEPA, Libreria Website, La librer\u00eda del escritor, El rinc\u00f3n de los libros.<\/p>\n<p>Informamos de como publicar un libro y el precio de publicar un libro<\/p>\n<p>As\u00ed mismo colaboramos con la Asociaci\u00f3n de editores de poes\u00eda y la Asociaci\u00f3n Madrile\u00f1a de escritores y cr\u00edticos literarios (Cr\u00edtica de Madrid).<\/p>\n<p>Trabajamos con varias imprentas y contamos con nuestra propia imprenta Herederos de Izquierdo y Madrid impresores.<\/p>\n<p>Puedes conocernos en nuestra p\u00e1gina del Grupo Editorial. Contamos con una sede en Madrid y otra en Jumilla (Murcia)<\/p>\n<p>Somos especialitas en la edici\u00f3n del libro de poes\u00eda<\/p>\n<h2>CAROLINA RIERA Considerado como uno de los mejores poetas espa\u00f1oles, algunos afirman que es el mejor poeta espa\u00f1oles es el escritor de HEBE. LEONOR IZQUIERDO CUEVAS (1894-1912) . El poeta conoce el precio de publicar un libro de poes\u00eda con la Editorial Poes\u00eda eres t\u00fa<\/h2>\n<h3>CAROLINA RIERA Considerado como uno de los mejores poetas espa\u00f1oles, algunos afirman que es el mejor poeta espa\u00f1oles es el escritor de HEBE. LEONOR IZQUIERDO CUEVAS (1894-1912) . La poeta sabe como publicar un libro de poes\u00eda con la Editorial Poes\u00eda eres t\u00fa<\/h3>\n<h4>CAROLINA RIERA considerado como uno de los mejores poetas espa\u00f1oles, algunos afirman que es el mejor poeta espa\u00f1ol es el escritor de HEBE. LEONOR IZQUIERDO CUEVAS (1894-1912) . La poeta sabe el precio de publicar un libro de poes\u00eda con la Editorial Poes\u00eda eres t\u00fa<\/h4>\n<p>El Grupo Editorial P\u00e9rez-Ayala, est\u00e1 formado por los siguientes sellos editoriales: Editorial Poes\u00eda eres t\u00fa, Ediciones Rilke Editorial poes\u00eda, Editorial Ediciones Amaniel, Editorial Ediciones Azor\u00edn un sello regional para Alicante y Murcia.<\/p>\n<p>Para ayudar a la promoci\u00f3n de los libros contamos con diferentes plataformas en internet como Poes\u00eda Televisi\u00f3n, libro de poes\u00eda, Club de poes\u00eda, Blog de escritor, Blog de poes\u00eda, Agencia del libro, Nuestras librerias, Publicar libro &#8211; Publicar un libro, Revista Poes\u00eda eres t\u00fa, Antolog\u00edas po\u00e9ticas, Poes\u00eda y poetas.[\/vc_column_text][\/vc_column][\/vc_row][vc_row full_width=&#8221;stretch_row_content_no_spaces&#8221;][vc_column extend=&#8221;false&#8221;][layerslider_vc id=&#8221;1&#8243;][\/vc_column][\/vc_row][vc_row extend=&#8221;false&#8221; design__empty_1=&#8221;&#8221; background=&#8221;&#8221; background_image_type=&#8221;static&#8221; background_image__effect=&#8221;&#8221; bg_size=&#8221;initial&#8221; bg_position=&#8221;center-center&#8221; row_bg_image=&#8221;&#8221; bg_repeat=&#8221;no-repeat&#8221; background_image_type__bg_color=&#8221;rgba(255, 255, 255, 1)&#8221; row_bg_parallax_images=&#8221;&#8221; row_bg_slideshow_images=&#8221;&#8221; background_video_type=&#8221;youtube&#8221; background_video__youtube__url=&#8221;&#8221; background_video__youtube__parallax=&#8221;&#8221; background_video__youtube__options=&#8221;&#8221; background_video__youtube__fallback_image=&#8221;&#8221; background_video__hosted__mp4=&#8221;&#8221; background_video__hosted__webm=&#8221;&#8221; background_video__hosted__ogv=&#8221;&#8221; background_video__hosted__parallax=&#8221;&#8221; background_video__hosted__options=&#8221;&#8221; background_video__hosted__fallback_image=&#8221;&#8221; background_color_type=&#8221;color&#8221; bg__empty_1=&#8221;&#8221; background_color_type__gradient_color1=&#8221;rgba(44, 74, 228, 1)&#8221; background_color_type__gradient_color2=&#8221;rgba(44, 74, 228, 1)&#8221; background_color_type__color_color1=&#8221;rgba(44, 74, 228, 1)&#8221; bg__empty_2=&#8221;&#8221; background_color__effect=&#8221;&#8221; background_color__direction=&#8221;left-to-right&#8221; settings__tag_1=&#8221;&#8221; viewport_lg=&#8221;&#8221; viewport_md=&#8221;&#8221; viewport_sm=&#8221;&#8221; viewport_xs=&#8221;&#8221; settings__empty_1=&#8221;&#8221; version=&#8221;1&#8243;][vc_column width=&#8221;1\/2&#8243; extend=&#8221;false&#8221;]<div class=\"ult-content-box-container \" >\t\t<div class=\"ult-content-box\" style=\"background-color:rgba(255,255,255,0.49);box-shadow: px px 8px px #f2f2f2 none;border-style:none;-webkit-transition: all 700ms ease;-moz-transition: all 700ms ease;-ms-transition: all 700ms ease;-o-transition: all 700ms ease;transition: all 700ms ease;\"  data-hover_box_shadow=\"none\"     data-bg=\"rgba(255,255,255,0.49)\"  data-border_color=\"\" >[vc_column_text css=&#8221;.vc_custom_1618253403853{padding-top: 15% !important;padding-right: 15% !important;padding-bottom: 15% !important;padding-left: 15% !important;}&#8221;]\n<h2 class=\"Standard\" style=\"text-align: justify;\"><b><span style=\"font-family: 'Times New Roman',serif;\">Carolina Riera <\/span><\/b><span style=\"font-family: 'Times New Roman',serif;\">(Ibiza, 1964)<\/span><\/h2>\n<p class=\"Standard\" style=\"text-align: justify;\"><span style=\"font-family: 'Times New Roman',serif;\">&nbsp;<\/span><\/p>\n<p class=\"Standard\" style=\"text-align: justify;\"><span style=\"font-family: 'Times New Roman',serif;\">Desde los 25 a\u00f1os empez\u00f3 a colaborar en diferentes peri\u00f3dicos de la prensa local de Ibiza, en la secci\u00f3n de cultura y en un suplemento cultural <i>La Miranda<\/i>. No tard\u00f3 en manifestar su inter\u00e9s por el tema de la mujer en la sociedad y en la literatura: \u201cMar\u00eda Teresa Le\u00f3n: una <i>femme de lettres<\/i>\u201d; \u201cEn la generaci\u00f3n del 98 hubo mujeres\u201d; \u201cSobre Carmen Baroja y su bi\u00f3grafa, Amparo Hurtado\u201d; \u201cAurore Dupin en una habitaci\u00f3n propia\u201d, etc.<\/span><\/p>\n<p class=\"Standard\" style=\"text-align: justify;\"><span style=\"font-family: 'Times New Roman',serif;\">&nbsp;<\/span><\/p>\n<p class=\"Standard\" style=\"text-align: justify;\"><span style=\"font-family: 'Times New Roman',serif;\">Tambi\u00e9n es autora de los ensayos que acompa\u00f1an a dos cat\u00e1logos publicados por la Obra Social y Cultural \u201cSa Nostra\u201d sobre el pintor y ceramista Antonio Tur Costa, <i>Gabrielet<\/i>: \u201cEsencias mitol\u00f3gicas en las Pitiusas\u201d (1989) y \u201cGabrielet: un artista, un p\u00edcaro y un m\u00edstico\u201d (2001). En 2007, inici\u00f3 una investigaci\u00f3n sobre la vida de Leonor Izquierdo Cuevas, esposa del poeta Antonio Machado. El resultado est\u00e1 en la base de \u201cHebe. Leonor Izquierdo Cuevas 1894-1912\u201d (1\u00aa edici\u00f3n, 2015). Es licenciada en Filolog\u00eda Hisp\u00e1nica por la Universidad Aut\u00f3noma de Madrid.<\/span><\/p>\n<span class='bctt-click-to-tweet'><span class='bctt-ctt-text'><a href='https:\/\/x.com\/intent\/tweet?url=https%3A%2F%2Fnuestrosescritores.com%2Fcarolinariera%2F&#038;text=CAROLINA%20RIERA.%20Escritora.&#038;related' target='_blank'rel=\"noopener noreferrer\">CAROLINA RIERA. Escritora. <\/a><\/span><a href='https:\/\/x.com\/intent\/tweet?url=https%3A%2F%2Fnuestrosescritores.com%2Fcarolinariera%2F&#038;text=CAROLINA%20RIERA.%20Escritora.&#038;related' target='_blank' class='bctt-ctt-btn'rel=\"noopener noreferrer\">Compartir en X<\/a><\/span>[\/vc_column_text]\t\t<\/div><\/div>[\/vc_column][vc_column width=&#8221;1\/2&#8243; extend=&#8221;false&#8221;]<div class=\"gambit_fullheight_row\" data-content-location=\"center\" style=\"display: none\"><\/div><div id=\"rowvcpt-row-settings\" class=\"rowvcpt-row-set RowVcPt-row-setting69decee1aa0c7 \" data-no=\"RowVcPt-row-setting69decee1aa0c7\"><div  id=\"bgGallaryslide69decee1aa0cc\" class=\"rowvcpt-slideshow \"><\/div><script type=\"text\/javascript\">\n(function($) {\n$(\"#bgGallaryslide69decee1aa0cc\").vegas({\n        overlay: \"https:\/\/nuestrosescritores.com\/carolinariera\/wp-content\/plugins\/ultimate-row-background\/css\/overlays\/0'.esc_attr(1.png).'\",\n        transitionDuration: 4e3,\n        delay: 7000,\n        slides: [{src: \"https:\/\/nuestrosescritores.com\/carolinariera\/wp-content\/uploads\/sites\/83\/2021\/04\/kswvltlztnk.jpg\",transition: \"fade2\",transitionDuration: 5000},{src: \"https:\/\/nuestrosescritores.com\/carolinariera\/wp-content\/uploads\/sites\/83\/2021\/04\/torw-mrydc.jpg\",transition: \"fade2\",transitionDuration: 5000},{src: \"https:\/\/nuestrosescritores.com\/carolinariera\/wp-content\/uploads\/sites\/83\/2021\/04\/xfjmder7p7e.jpg\",transition: \"fade2\",transitionDuration: 5000},{src: \"https:\/\/nuestrosescritores.com\/carolinariera\/wp-content\/uploads\/sites\/83\/2021\/04\/xtpewxkgjh4.jpg\",transition: \"fade2\",transitionDuration: 5000},{src: \"https:\/\/nuestrosescritores.com\/carolinariera\/wp-content\/uploads\/sites\/83\/2021\/04\/vuv08livxjo.jpg\",transition: \"fade2\",transitionDuration: 5000},]\n    });\t\t\n})(jQuery);\n<\/script><div class=\"rowvcpt-overlay\" style=\"background:rgba(255,255,255,0.69)\"><\/div><\/div>[vc_single_image image=&#8221;45&#8243; img_size=&#8221;full&#8221; alignment=&#8221;center&#8221;][\/vc_column][\/vc_row][vc_row][vc_column extend=&#8221;false&#8221;]<div class=\"gambit_fullheight_row\" data-content-location=\"center\" style=\"display: none\"><\/div><div class='gambit_parallax_row' data-bg-align='' data-direction='fixed' data-opacity='100' data-velocity='-0.3' data-mobile-enabled='parallax-enable-mobile' data-bg-height='1200' data-bg-width='800' data-bg-image='https:\/\/nuestrosescritores.com\/carolinariera\/wp-content\/uploads\/sites\/83\/2021\/04\/0g9aain3jsk.jpg' data-bg-repeat='false' data-id='' style='display: none'><\/div>[\/vc_column][\/vc_row][vc_row][vc_column extend=&#8221;false&#8221;]<div class=\"gambit_fullheight_row\" data-content-location=\"center\" style=\"display: none\"><\/div><div id=\"rowvcpt-row-settings\" class=\"rowvcpt-row-set RowVcPt-row-setting69decee1ab0f2 \" data-no=\"RowVcPt-row-setting69decee1ab0f2\"><div  id=\"bgGallaryslide69decee1ab0f5\" class=\"rowvcpt-slideshow \"><\/div><script type=\"text\/javascript\">\n(function($) {\n$(\"#bgGallaryslide69decee1ab0f5\").vegas({\n        overlay: \"https:\/\/nuestrosescritores.com\/carolinariera\/wp-content\/plugins\/ultimate-row-background\/css\/overlays\/0'.esc_attr(1.png).'\",\n        transitionDuration: 4e3,\n        delay: 7000,\n        slides: [{src: \"https:\/\/nuestrosescritores.com\/carolinariera\/wp-content\/uploads\/sites\/83\/2021\/04\/vuv08livxjo.jpg\",transition: \"fade2\",transitionDuration: 5000},{src: \"https:\/\/nuestrosescritores.com\/carolinariera\/wp-content\/uploads\/sites\/83\/2021\/04\/ts6-mqg_q5e.jpg\",transition: \"fade2\",transitionDuration: 5000},{src: \"https:\/\/nuestrosescritores.com\/carolinariera\/wp-content\/uploads\/sites\/83\/2021\/04\/0vweylaeewk.jpg\",transition: \"fade2\",transitionDuration: 5000},{src: \"https:\/\/nuestrosescritores.com\/carolinariera\/wp-content\/uploads\/sites\/83\/2021\/04\/excrxtsrhg8.jpg\",transition: \"fade2\",transitionDuration: 5000},]\n    });\t\t\n})(jQuery);\n<\/script><div class=\"rowvcpt-overlay\" style=\"background:rgba(255,255,255,0.69)\"><\/div><\/div><div id=\"uvc-type-wrap-2313\"  data-ultimate-target='#uvc-type-wrap-2313'  data-responsive-json-new='{\"font-size\":\"\",\"line-height\":\"\"}'  class=\"uvc-type-wrap vc_custom_1618072743368 ult-adjust-bottom-margin ult-responsive  uvc-type-align-center uvc-type-no-prefix uvc-wrap-96219977969decee1ab8a5\" style=\"text-align:center;\"><span id=\"typed-96219977969decee1ab8a5\" class=\"ultimate-typed-main \" style=\" font-weight:bold; text-transform: unset;\"><\/span><script type=\"text\/javascript\">\n\t\t\t\t\t\tjQuery(function($){ \n\t\t\t\t\t\t\t$(document).ready(function(){\n\t\t\t\t\t\t\t\tif( typeof jQuery(\"#typed-96219977969decee1ab8a5\").typed == \"function\"){\n\t\t\t\t\t\t\t\t\t$(\"#typed-96219977969decee1ab8a5\").typed({\n\t\t\t\t\t\t\t\t\t\tstrings: [\"Agn\u00e8s Casas, becaria del Consejo Superior de Investigaciones cient\u00edficas (CSIC), indaga en Par\u00eds, bajo la direcci\u00f3n del doctor em\u00e9rito Vincent Morel, la estancia de Leonor Izquierdo Cuevas \u2014esposa del poeta Antonio Machado\u2014 en el hospital de la Maison Municipale de Sant\u00e9, donde permaneci\u00f3 ingresada cincuenta y cinco d\u00edas, entre julio y septiembre de 1911.\",\"El hallazgo de una ficha con informaci\u00f3n significativa sobre C\u00e9cile Berthe Barr\u00e9 \u2014enfermera que habr\u00eda ejercido en dicho hospital en 1911\u2014 conducen a Agn\u00e8s Casas a la ciudad de Nantes, a orillas del r\u00edo Loira, para proseguir su investigaci\u00f3n en torno a Leonor. All\u00ed, localiza la casa donde, cien a\u00f1os atr\u00e1s, habit\u00f3 C\u00e9cile, la enfermera. Una constelaci\u00f3n de sabias e inolvidables mujeres dejaron y siguen dejando sus f\u00e9rtiles semillas en dicha casa, \u201cla casa de una mujer\u201d. Ser\u00e1 entonces, fruto de esa morosa investigaci\u00f3n y del emocional y sempiterno abono femenino, cuando podremos escuchar la voz de Leonor a trav\u00e9s de su \u201cDiario\u201d.\",\"Desde muy ni\u00f1a, la abuela Antonia (\u2026) insist\u00eda en que, al fin y al cabo, a una mujer solo la entiende de verdad otra mujer. Las mujeres son como las cuentas de un rosario. Te permiten avanzar. Para llegar a una cuenta has pasado por las otras.\",\"Diario de Leonor (lunes, 6 de marzo)\"],\n\t\t\t\t\t\t\t\t\t\ttypeSpeed: 35,\n\t\t\t\t\t\t\t\t\t\tbackSpeed: 0,\n\t\t\t\t\t\t\t\t\t\tstartDelay: \"200\",\n\t\t\t\t\t\t\t\t\t\tbackDelay: \"1500\",\n\t\t\t\t\t\t\t\t\t\tloop: true,\n\t\t\t\t\t\t\t\t\t\tloopCount: false,\n\t\t\t\t\t\t\t\t\t\tshowCursor: true,\n\t\t\t\t\t\t\t\t\t\tcursorChar: \"|\",\n\t\t\t\t\t\t\t\t\t\tattr: null\n\t\t\t\t\t\t\t\t\t});\n\t\t\t\t\t\t\t\t}\n\t\t\t\t\t\t\t});\n\t\t\t\t\t\t});\n\t\t\t\t\t<\/script><\/div>[\/vc_column][\/vc_row][vc_row][vc_column extend=&#8221;false&#8221;]<div class=\"gambit_fullheight_row\" data-content-location=\"center\" style=\"display: none\"><\/div><div class='gambit_parallax_row' data-bg-align='' data-direction='fixed' data-opacity='50' data-velocity='-0.3' data-mobile-enabled='parallax-enable-mobile' data-bg-height='587' data-bg-width='1366' data-bg-image='https:\/\/nuestrosescritores.com\/carolinariera\/wp-content\/uploads\/sites\/83\/2021\/04\/CarolinaRiera_SSquare_alargado-Mediano.jpg' data-bg-repeat='false' data-id='' style='display: none'><\/div>[vc_column_text]\n<p style=\"text-align: center;\"><a class=\"fasc-button fasc-size-xlarge fasc-type-glossy fasc-rounded-medium\" style=\"background-color: #2b3336; color: #ffffff;\" href=\"https:\/\/librodepoesia.com\/producto\/hebe-leonor-izquierdo-cuevas-81894-1912-carolina-riera\/\">COMPRA SUS LIBROS<\/a><\/p>\n[\/vc_column_text][\/vc_column][\/vc_row][vc_row][vc_column extend=&#8221;false&#8221;][vc_column_text css=&#8221;.vc_custom_1617387623105{margin-top: -30000px !important;}&#8221;]\n<h1>CAROLINA RIERA es el escritor de HEBE. LEONOR IZQUIERDO CUEVAS (1894-1912) &nbsp;el escritor y poeta acaba de publicar un libro de poes\u00eda con la Editorial Poes\u00eda eres t\u00fa. Considerado como una de las mejores poetas espa\u00f1olas.<\/h1>\n<p>HEBE. LEONOR IZQUIERDO CUEVAS (1894-1912) ha sido escrito por CAROLINA RIERA Considerado como uno de los mejores poetas espa\u00f1oles, algunos afirman que es el mejor poeta espa\u00f1ol. el escritor sabe como publicar un libro de poes\u00eda con la Editorial Poes\u00eda eres t\u00fa<br \/>\nTrabajamos con distribuidoras de libros que acercan los libros a las librer\u00edas, pero contamos tambi\u00e9n con las siguientes librerias de apoyo en internet para que ning\u00fan lector se quede sin su libro de poes\u00eda: Libreria GEPA, Libreria Website, La librer\u00eda del escritor, El rinc\u00f3n de los libros.<\/p>\n<p>Informamos de como publicar un libro y el precio de publicar un libro<\/p>\n<p>As\u00ed mismo colaboramos con la Asociaci\u00f3n de editores de poes\u00eda y la Asociaci\u00f3n Madrile\u00f1a de escritores y cr\u00edticos literarios (Cr\u00edtica de Madrid).<\/p>\n<p>Trabajamos con varias imprentas y contamos con nuestra propia imprenta Herederos de Izquierdo y Madrid impresores.<\/p>\n<p>Puedes conocernos en nuestra p\u00e1gina del Grupo Editorial. Contamos con una sede en Madrid y otra en Jumilla (Murcia)<\/p>\n<p>Somos especialitas en la edici\u00f3n del libro de poes\u00eda<\/p>\n<h2>CAROLINA RIERA Considerado como uno de los mejores poetas espa\u00f1oles, algunos afirman que es el mejor poeta espa\u00f1oles es el escritor de HEBE. LEONOR IZQUIERDO CUEVAS (1894-1912) . El poeta conoce el precio de publicar un libro de poes\u00eda con la Editorial Poes\u00eda eres t\u00fa<\/h2>\n<h3>CAROLINA RIERA Considerado como uno de los mejores poetas espa\u00f1oles, algunos afirman que es el mejor poeta espa\u00f1oles es el escritor de HEBE. LEONOR IZQUIERDO CUEVAS (1894-1912) . La poeta sabe como publicar un libro de poes\u00eda con la Editorial Poes\u00eda eres t\u00fa<\/h3>\n<h4>CAROLINA RIERA considerado como uno de los mejores poetas espa\u00f1oles, algunos afirman que es el mejor poeta espa\u00f1ol es el escritor de HEBE. LEONOR IZQUIERDO CUEVAS (1894-1912) . La poeta sabe el precio de publicar un libro de poes\u00eda con la Editorial Poes\u00eda eres t\u00fa<\/h4>\n<p>El Grupo Editorial P\u00e9rez-Ayala, est\u00e1 formado por los siguientes sellos editoriales: Editorial Poes\u00eda eres t\u00fa, Ediciones Rilke Editorial poes\u00eda, Editorial Ediciones Amaniel, Editorial Ediciones Azor\u00edn un sello regional para Alicante y Murcia.<\/p>\n<p>Para ayudar a la promoci\u00f3n de los libros contamos con diferentes plataformas en internet como Poes\u00eda Televisi\u00f3n, libro de poes\u00eda, Club de poes\u00eda, Blog de escritor, Blog de poes\u00eda, Agencia del libro, Nuestras librerias, Publicar libro &#8211; Publicar un libro, Revista Poes\u00eda eres t\u00fa, Antolog\u00edas po\u00e9ticas, Poes\u00eda y poetas.[\/vc_column_text][\/vc_column][\/vc_row]\n<\/div>","protected":false},"excerpt":{"rendered":"<p>[vc_row][vc_column extend=&#8221;false&#8221;][vc_column_text css=&#8221;.vc_custom_1617387623105{margin-top: -30000px !important;}&#8221;] CAROLINA RIERA es el escritor de HEBE. LEONOR IZQUIERDO CUEVAS (1894-1912)&nbsp; el escritor y poeta acaba de publicar un libro de poes\u00eda con la Editorial Poes\u00eda eres t\u00fa. Considerado como una de las mejores poetas espa\u00f1olas. HEBE. LEONOR IZQUIERDO CUEVAS (1894-1912) ha sido escrito por CAROLINA RIERA Considerado como uno [&hellip;]<\/p>\n","protected":false},"author":1,"featured_media":0,"parent":0,"menu_order":0,"comment_status":"closed","ping_status":"closed","template":"","meta":{"_acf_changed":false,"footnotes":""},"class_list":["post-11","page","type-page","status-publish","hentry"],"acf":[],"yoast_head":"<!-- This site is optimized with the Yoast SEO Premium plugin v24.7 (Yoast SEO v27.4) - https:\/\/yoast.com\/product\/yoast-seo-premium-wordpress\/ -->\n<title>Carolina Riera - Carolina Riera<\/title>\n<meta name=\"description\" content=\"Carolina Riera es la escritora del libro HEBE publicado por la Editorial Ediciones Rilke en el a\u00f1o 2021.\" \/>\n<meta name=\"robots\" content=\"index, follow, max-snippet:-1, max-image-preview:large, max-video-preview:-1\" \/>\n<link rel=\"canonical\" href=\"https:\/\/nuestrosescritores.com\/carolinariera\/\" \/>\n<meta property=\"og:locale\" content=\"es_ES\" \/>\n<meta property=\"og:type\" content=\"article\" \/>\n<meta property=\"og:title\" content=\"Carolina Riera\" \/>\n<meta property=\"og:description\" content=\"Carolina Riera es la escritora del libro HEBE publicado por la Editorial Ediciones Rilke en el a\u00f1o 2021.\" \/>\n<meta property=\"og:url\" content=\"https:\/\/nuestrosescritores.com\/carolinariera\/\" \/>\n<meta property=\"og:site_name\" content=\"Carolina Riera\" \/>\n<meta property=\"article:modified_time\" content=\"2021-04-13T10:50:54+00:00\" \/>\n<meta name=\"twitter:card\" content=\"summary_large_image\" \/>\n<meta name=\"twitter:label1\" content=\"Tiempo de lectura\" \/>\n\t<meta name=\"twitter:data1\" content=\"6 minutos\" \/>\n<script type=\"application\/ld+json\" class=\"yoast-schema-graph\">{\"@context\":\"https:\\\/\\\/schema.org\",\"@graph\":[{\"@type\":\"WebPage\",\"@id\":\"https:\\\/\\\/nuestrosescritores.com\\\/carolinariera\\\/\",\"url\":\"https:\\\/\\\/nuestrosescritores.com\\\/carolinariera\\\/\",\"name\":\"Carolina Riera - Carolina Riera\",\"isPartOf\":{\"@id\":\"https:\\\/\\\/nuestrosescritores.com\\\/carolinariera\\\/#website\"},\"datePublished\":\"2021-04-10T16:39:45+00:00\",\"dateModified\":\"2021-04-13T10:50:54+00:00\",\"description\":\"Carolina Riera es la escritora del libro HEBE publicado por la Editorial Ediciones Rilke en el a\u00f1o 2021.\",\"breadcrumb\":{\"@id\":\"https:\\\/\\\/nuestrosescritores.com\\\/carolinariera\\\/#breadcrumb\"},\"inLanguage\":\"es\",\"potentialAction\":[{\"@type\":\"ReadAction\",\"target\":[\"https:\\\/\\\/nuestrosescritores.com\\\/carolinariera\\\/\"]}]},{\"@type\":\"BreadcrumbList\",\"@id\":\"https:\\\/\\\/nuestrosescritores.com\\\/carolinariera\\\/#breadcrumb\",\"itemListElement\":[{\"@type\":\"ListItem\",\"position\":1,\"name\":\"Portada\",\"item\":\"https:\\\/\\\/nuestrosescritores.com\\\/carolinariera\\\/\"},{\"@type\":\"ListItem\",\"position\":2,\"name\":\"Carolina Riera\"}]},{\"@type\":\"WebSite\",\"@id\":\"https:\\\/\\\/nuestrosescritores.com\\\/carolinariera\\\/#website\",\"url\":\"https:\\\/\\\/nuestrosescritores.com\\\/carolinariera\\\/\",\"name\":\"Nuestros escritores\",\"description\":\"Escritora\",\"potentialAction\":[{\"@type\":\"SearchAction\",\"target\":{\"@type\":\"EntryPoint\",\"urlTemplate\":\"https:\\\/\\\/nuestrosescritores.com\\\/carolinariera\\\/?s={search_term_string}\"},\"query-input\":{\"@type\":\"PropertyValueSpecification\",\"valueRequired\":true,\"valueName\":\"search_term_string\"}}],\"inLanguage\":\"es\"}]}<\/script>\n<!-- \/ Yoast SEO Premium plugin. -->","yoast_head_json":{"title":"Carolina Riera - Carolina Riera","description":"Carolina Riera es la escritora del libro HEBE publicado por la Editorial Ediciones Rilke en el a\u00f1o 2021.","robots":{"index":"index","follow":"follow","max-snippet":"max-snippet:-1","max-image-preview":"max-image-preview:large","max-video-preview":"max-video-preview:-1"},"canonical":"https:\/\/nuestrosescritores.com\/carolinariera\/","og_locale":"es_ES","og_type":"article","og_title":"Carolina Riera","og_description":"Carolina Riera es la escritora del libro HEBE publicado por la Editorial Ediciones Rilke en el a\u00f1o 2021.","og_url":"https:\/\/nuestrosescritores.com\/carolinariera\/","og_site_name":"Carolina Riera","article_modified_time":"2021-04-13T10:50:54+00:00","twitter_card":"summary_large_image","twitter_misc":{"Tiempo de lectura":"6 minutos"},"schema":{"@context":"https:\/\/schema.org","@graph":[{"@type":"WebPage","@id":"https:\/\/nuestrosescritores.com\/carolinariera\/","url":"https:\/\/nuestrosescritores.com\/carolinariera\/","name":"Carolina Riera - Carolina Riera","isPartOf":{"@id":"https:\/\/nuestrosescritores.com\/carolinariera\/#website"},"datePublished":"2021-04-10T16:39:45+00:00","dateModified":"2021-04-13T10:50:54+00:00","description":"Carolina Riera es la escritora del libro HEBE publicado por la Editorial Ediciones Rilke en el a\u00f1o 2021.","breadcrumb":{"@id":"https:\/\/nuestrosescritores.com\/carolinariera\/#breadcrumb"},"inLanguage":"es","potentialAction":[{"@type":"ReadAction","target":["https:\/\/nuestrosescritores.com\/carolinariera\/"]}]},{"@type":"BreadcrumbList","@id":"https:\/\/nuestrosescritores.com\/carolinariera\/#breadcrumb","itemListElement":[{"@type":"ListItem","position":1,"name":"Portada","item":"https:\/\/nuestrosescritores.com\/carolinariera\/"},{"@type":"ListItem","position":2,"name":"Carolina Riera"}]},{"@type":"WebSite","@id":"https:\/\/nuestrosescritores.com\/carolinariera\/#website","url":"https:\/\/nuestrosescritores.com\/carolinariera\/","name":"Nuestros escritores","description":"Escritora","potentialAction":[{"@type":"SearchAction","target":{"@type":"EntryPoint","urlTemplate":"https:\/\/nuestrosescritores.com\/carolinariera\/?s={search_term_string}"},"query-input":{"@type":"PropertyValueSpecification","valueRequired":true,"valueName":"search_term_string"}}],"inLanguage":"es"}]}},"_links":{"self":[{"href":"https:\/\/nuestrosescritores.com\/carolinariera\/wp-json\/wp\/v2\/pages\/11","targetHints":{"allow":["GET"]}}],"collection":[{"href":"https:\/\/nuestrosescritores.com\/carolinariera\/wp-json\/wp\/v2\/pages"}],"about":[{"href":"https:\/\/nuestrosescritores.com\/carolinariera\/wp-json\/wp\/v2\/types\/page"}],"author":[{"embeddable":true,"href":"https:\/\/nuestrosescritores.com\/carolinariera\/wp-json\/wp\/v2\/users\/1"}],"replies":[{"embeddable":true,"href":"https:\/\/nuestrosescritores.com\/carolinariera\/wp-json\/wp\/v2\/comments?post=11"}],"version-history":[{"count":0,"href":"https:\/\/nuestrosescritores.com\/carolinariera\/wp-json\/wp\/v2\/pages\/11\/revisions"}],"wp:attachment":[{"href":"https:\/\/nuestrosescritores.com\/carolinariera\/wp-json\/wp\/v2\/media?parent=11"}],"curies":[{"name":"wp","href":"https:\/\/api.w.org\/{rel}","templated":true}]}}