{"id":47,"date":"2026-02-24T20:39:40","date_gmt":"2026-02-24T19:39:40","guid":{"rendered":"https:\/\/nuestrosescritores.com\/carlosmellado\/?page_id=47"},"modified":"2026-02-25T18:46:02","modified_gmt":"2026-02-25T17:46:02","slug":"j-carlos-mellado-fernandez","status":"publish","type":"page","link":"https:\/\/nuestrosescritores.com\/carlosmellado\/","title":{"rendered":"J. CARLOS MELLADO FERN\u00c1NDEZ"},"content":{"rendered":"<div class=\"wpb-content-wrapper\">[vc_row full_width=&#8221;stretch_row_content_no_spaces&#8221; full_height=&#8221;yes&#8221; equal_height=&#8221;yes&#8221;][vc_column extend=&#8221;false&#8221;][layerslider_vc id=&#8221;3&#8243;][layerslider_vc id=&#8221;2&#8243;][\/vc_column][\/vc_row][vc_row extend=&#8221;false&#8221; design__empty_1=&#8221;&#8221; background=&#8221;&#8221; background_image_type=&#8221;static&#8221; background_image__effect=&#8221;&#8221; bg_size=&#8221;initial&#8221; bg_position=&#8221;center-center&#8221; row_bg_image=&#8221;&#8221; bg_repeat=&#8221;no-repeat&#8221; background_image_type__bg_color=&#8221;rgba(255, 255, 255, 1)&#8221; row_bg_parallax_images=&#8221;&#8221; row_bg_slideshow_images=&#8221;&#8221; background_video_type=&#8221;youtube&#8221; background_video__youtube__url=&#8221;&#8221; background_video__youtube__parallax=&#8221;&#8221; background_video__youtube__options=&#8221;&#8221; background_video__youtube__fallback_image=&#8221;&#8221; background_video__hosted__mp4=&#8221;&#8221; background_video__hosted__webm=&#8221;&#8221; background_video__hosted__ogv=&#8221;&#8221; background_video__hosted__parallax=&#8221;&#8221; background_video__hosted__options=&#8221;&#8221; background_video__hosted__fallback_image=&#8221;&#8221; background_color_type=&#8221;color&#8221; bg__empty_1=&#8221;&#8221; background_color_type__gradient_color1=&#8221;rgba(44, 74, 228, 1)&#8221; background_color_type__gradient_color2=&#8221;rgba(44, 74, 228, 1)&#8221; background_color_type__color_color1=&#8221;rgba(44, 74, 228, 1)&#8221; bg__empty_2=&#8221;&#8221; background_color__effect=&#8221;&#8221; background_color__direction=&#8221;left-to-right&#8221; settings__tag_1=&#8221;&#8221; viewport_lg=&#8221;&#8221; viewport_md=&#8221;&#8221; viewport_sm=&#8221;&#8221; viewport_xs=&#8221;&#8221; settings__empty_1=&#8221;&#8221; version=&#8221;1&#8243;][vc_column width=&#8221;1\/2&#8243; extend=&#8221;false&#8221;]<div class=\"ult-content-box-container \" >\t\t<div class=\"ult-content-box\" style=\"background-color:rgba(255,255,255,0.49);box-shadow: px px 8px px #f2f2f2 none;border-style:none;-webkit-transition: all 700ms ease;-moz-transition: all 700ms ease;-ms-transition: all 700ms ease;-o-transition: all 700ms ease;transition: all 700ms ease;\"  data-hover_box_shadow=\"none\"     data-bg=\"rgba(255,255,255,0.49)\"  data-border_color=\"\" >[vc_column_text css=&#8221;.vc_custom_1772041084509{padding-top: 15% !important;padding-right: 15% !important;padding-bottom: 15% !important;padding-left: 15% !important;}&#8221;]<strong>SEMBLANZA DE J. CARLOS MELLADO FERN\u00c1NDEZ<\/strong><\/p>\n<p>Hay poetas que llegan con el tiempo. Y hay poetas que llegan con urgencia, como si el lenguaje fuera el \u00fanico instrumento disponible para soportar lo que est\u00e1n viviendo. J. Carlos Mellado Fern\u00e1ndez, nacido el 31 de octubre de 2002 en Esc\u00f3znar \u2014una peque\u00f1a localidad del coraz\u00f3n de Granada\u2014 pertenece sin duda a los segundos.<\/p>\n<p>Esc\u00f3znar no aparece en los mapas literarios espa\u00f1oles. Es un municipio del t\u00e9rmino de \u00cdllora, en la comarca de la Vega de Granada, territorio de agricultores y horizonte abierto. Crecer ah\u00ed con vocaci\u00f3n literaria exige algo m\u00e1s que talento: exige construir el propio universo cultural sin el andamiaje que ofrecen las capitales. Mellado lo hizo rode\u00e1ndose de libros desde ni\u00f1o, encontrando en la escritura, seg\u00fan sus propias palabras, &#8220;un espacio de refugio y expresi\u00f3n emocional&#8221; antes de que nadie le explicara que eso tambi\u00e9n pod\u00eda llamarse poes\u00eda.<\/p>\n<p>Pertenece a la Generaci\u00f3n Z espa\u00f1ola en su sentido m\u00e1s preciso: naci\u00f3 en 2002, lo que significa que vivi\u00f3 la crisis econ\u00f3mica de 2008 como aprendizaje familiar de la precariedad, que lleg\u00f3 a la adolescencia en la era de las redes sociales como escenario primario del deseo y del desamor, y que atraves\u00f3 la pandemia de 2020 \u2014diecisiete a\u00f1os, confinamiento\u2014 en el momento exacto en que una persona comienza a construir su identidad adulta. Ese conjunto de circunstancias no aparece en <em>Tempestades<\/em> como declaraci\u00f3n autobiogr\u00e1fica, sino como atm\u00f3sfera constitutiva: la sustancia emocional de la que est\u00e1 hecho el libro.<\/p>\n<p><em>Tempestades<\/em>, publicado en 2026 por Editorial Poes\u00eda eres t\u00fa con el ISBN 979-13-87806-33-0, es su primer poemario. Tiene veintitr\u00e9s a\u00f1os cuando lo publica. Pero la madurez de un libro no se mide en a\u00f1os de vida del autor sino en a\u00f1os de experiencia honestamente procesada, y en ese sentido <em>Tempestades<\/em> es un libro adulto. Sus cincuenta poemas, organizados en las secciones DESANGRE, ABISMO y RESISTENCIAS, trazan un arco completo: de la herida amorosa al colapso psicol\u00f3gico, y de ah\u00ed a la conciencia pol\u00edtica. No muchos primeros poemarios tienen arco. El de Mellado lo tiene, y esa arquitectura es la primera se\u00f1al de que estamos ante un autor que ya piensa en t\u00e9rminos de libro y no solo de poema.<\/p>\n<p>Su escritura nace, seg\u00fan confesi\u00f3n propia, &#8220;de los pensamientos que duelen, de las emociones que a menudo se callan y de las verdades que cuesta aceptar&#8221;. Esta declaraci\u00f3n podr\u00eda ser el pie de foto de cualquier poeta confesional del siglo XXI. Lo que la diferencia en el caso de Mellado es que el libro cumple exactamente esa promesa sin recurrir a la autocompasi\u00f3n ni al exhibicionismo sentimental. Cuando escribe <em>&#8220;Me susurra que me mate frente al cristal, \/ que me suba a la azotea y pruebe a volar&#8221;<\/em> (&#8220;Monstruo&#8221;), no est\u00e1 buscando la identificaci\u00f3n f\u00e1cil del lector: est\u00e1 documentando con precisi\u00f3n cl\u00ednica un estado que merece ser nombrado sin eufemismos.<\/p>\n<p>La voz que construye en <em>Tempestades<\/em> es h\u00edbrida de manera org\u00e1nica: convoca el concepto presocr\u00e1tico de <em>apeiron<\/em>, la ecuaci\u00f3n de Dirac y la biblioteca de Alejandr\u00eda en el mismo espacio en que dice <em>&#8220;se le ca\u00eda la baba&#8221;<\/em> o <em>&#8220;hablar por chat&#8221;<\/em>. No es incoherencia; es el retrato ling\u00fc\u00edstico de una generaci\u00f3n que consume filosof\u00eda en podcasts y declara amor en notas de voz. Que esa dualidad suene natural y no forzada en sus poemas es uno de los logros m\u00e1s dif\u00edciles de se\u00f1alar y m\u00e1s f\u00e1ciles de percibir en la lectura.<\/p>\n<p>Su campo sem\u00e1ntico dominante \u2014sangre, fuego, cuerpo, cosmos, animales\u2014 no cambia entre las tres secciones del libro: se transforma. La sangre del amor que consume en la Secci\u00f3n I se convierte en imagen de autodestrucci\u00f3n en la II y en denuncia pol\u00edtica en la III. El fuego de la pasi\u00f3n amorosa en &#8220;Inferno&#8221; es la enfermedad psicol\u00f3gica en &#8220;Lumbre&#8221; y la resistencia colectiva en &#8220;El pueblo salva al pueblo&#8221;. Un mismo sistema simb\u00f3lico atraviesa el libro entero sin agotarse. Eso exige una conciencia del conjunto que los primeros libros raramente poseen.<\/p>\n<p>Granada est\u00e1 en \u00e9l de maneras que no son folcl\u00f3ricas. No hay referencia expl\u00edcita a su tierra, pero hay algo en la manera en que Mellado escribe sobre la herida \u2014sin distancia, sin ironia que enfr\u00ede, con la intemperie como condici\u00f3n natural\u2014 que recuerda a esa tradici\u00f3n l\u00edrica andaluza que va de Lorca a los poetas de la Generaci\u00f3n del 50 granadina: la convicci\u00f3n de que el dolor es material po\u00e9tico suficiente y que no hace falta adornarlo para que dure.<\/p>\n<p>Lo que queda despu\u00e9s de leer <em>Tempestades<\/em> no es una colecci\u00f3n de versos memorables, aunque los hay. Queda la sensaci\u00f3n de haber acompa\u00f1ado a alguien desde la confusi\u00f3n hasta la lucidez; de haber le\u00eddo un libro escrito por alguien que todav\u00eda no sabe si saldr\u00e1 de la tormenta pero ha decidido, al menos, comprender qu\u00e9 clase de tormenta es. Eso, en poes\u00eda, es suficiente. A veces es todo.<\/p>\n<p><strong>&nbsp;<\/strong><\/p>\n<p><strong>&nbsp;<\/strong><\/p>\n<span class='bctt-click-to-tweet'><span class='bctt-ctt-text'><a href='https:\/\/x.com\/intent\/tweet?url=https%3A%2F%2Fnuestrosescritores.com%2Fcarlosmellado%2F&#038;text=J.%20CARLOS%20MELLADO%20FERN%C3%81NDEZ%20.%20Escritor%2C%20poeta.&#038;related' target='_blank'rel=\"noopener noreferrer\">J. CARLOS MELLADO FERN\u00c1NDEZ . Escritor, poeta. <\/a><\/span><a href='https:\/\/x.com\/intent\/tweet?url=https%3A%2F%2Fnuestrosescritores.com%2Fcarlosmellado%2F&#038;text=J.%20CARLOS%20MELLADO%20FERN%C3%81NDEZ%20.%20Escritor%2C%20poeta.&#038;related' target='_blank' class='bctt-ctt-btn'rel=\"noopener noreferrer\">Compartir en X<\/a><\/span>[\/vc_column_text]\t\t<\/div><\/div>[\/vc_column][vc_column width=&#8221;1\/2&#8243; extend=&#8221;false&#8221;]<div class=\"gambit_fullheight_row\" data-content-location=\"center\" style=\"display: none\"><\/div><div id=\"rowvcpt-row-settings\" class=\"rowvcpt-row-set RowVcPt-row-setting69dc172f23d8b \" data-no=\"RowVcPt-row-setting69dc172f23d8b\"><div  id=\"bgGallaryslide69dc172f23d8e\" class=\"rowvcpt-slideshow \"><\/div><script type=\"text\/javascript\">\n(function($) {\n$(\"#bgGallaryslide69dc172f23d8e\").vegas({\n        overlay: \"https:\/\/nuestrosescritores.com\/carlosmellado\/wp-content\/plugins\/ultimate-row-background\/css\/overlays\/0'.esc_attr(1.png).'\",\n        transitionDuration: 4e3,\n        delay: 7000,\n        slides: [{src: \"https:\/\/nuestrosescritores.com\/carlosmellado\/wp-content\/uploads\/sites\/232\/2026\/02\/Firefly_Urban-landscape-with-silhouetted-city-skyline-partially-obscured-by-red-tinted-fog-or-310193_resultado.webp\",transition: \"fade2\",transitionDuration: 5000},{src: \"https:\/\/nuestrosescritores.com\/carlosmellado\/wp-content\/uploads\/sites\/232\/2026\/02\/Editor_Firefly_-Close-up-photograph-of-a-single-dark-red-rose-with-prominent-sharp-thorns-droplets-534307_resultado.webp\",transition: \"fade2\",transitionDuration: 5000},{src: \"https:\/\/nuestrosescritores.com\/carlosmellado\/wp-content\/uploads\/sites\/232\/2026\/02\/Firefly_Abstract-portrait-where-human-face-is-fragmented-into-geometric-shapes-and-planes-cu-140703-1_resultado.webp\",transition: \"fade2\",transitionDuration: 5000},{src: \"https:\/\/nuestrosescritores.com\/carlosmellado\/wp-content\/uploads\/sites\/232\/2026\/02\/Firefly_Abstract-portrait-where-human-face-is-fragmented-into-geometric-shapes-and-planes-cu-231131-1_resultado.webp\",transition: \"fade2\",transitionDuration: 5000},{src: \"https:\/\/nuestrosescritores.com\/carlosmellado\/wp-content\/uploads\/sites\/232\/2026\/02\/Editor_Firefly_Surrealist-digital-illustration-of-an-anatomical-human-heart-with-delicate-flower-roo-310193-1_resultado.webp\",transition: \"fade2\",transitionDuration: 5000},]\n    });\t\t\n})(jQuery);\n<\/script><div class=\"rowvcpt-overlay\" style=\"background:rgba(255,255,255,0.69)\"><\/div><\/div>[vc_single_image image=&#8221;74&#8243; img_size=&#8221;full&#8221; alignment=&#8221;center&#8221; css=&#8221;&#8221;][\/vc_column][\/vc_row][vc_row][vc_column][vc_column_text css=&#8221;&#8221;]\n<audio class=\"wp-audio-shortcode\" id=\"audio-47-1\" preload=\"none\" style=\"width: 100%;\" controls=\"controls\"><source type=\"audio\/mpeg\" src=\"https:\/\/nuestrosescritores.com\/carlosmellado\/wp-content\/uploads\/sites\/232\/2026\/02\/Autor_Abismo_y_resistencia_en_Tempestades_de_Mellado.mp3?_=1\" \/><a href=\"https:\/\/nuestrosescritores.com\/carlosmellado\/wp-content\/uploads\/sites\/232\/2026\/02\/Autor_Abismo_y_resistencia_en_Tempestades_de_Mellado.mp3\">https:\/\/nuestrosescritores.com\/carlosmellado\/wp-content\/uploads\/sites\/232\/2026\/02\/Autor_Abismo_y_resistencia_en_Tempestades_de_Mellado.mp3<\/a><\/audio>\n[\/vc_column_text][\/vc_column][\/vc_row][vc_row full_height=&#8221;yes&#8221; equal_height=&#8221;yes&#8221;][vc_column extend=&#8221;false&#8221;]<div id=\"rowvcpt-row-settings\" class=\"rowvcpt-row-set RowVcPt-row-setting69dc172f24d31 \" data-no=\"RowVcPt-row-setting69dc172f24d31\"><div class=\"columns-bg-wrap columns-bg-anim-colors columns-bg-image  columns_simple_image\" id=\"RowVcPt-image-bg-69dc172f24d30\"   data-parallax_sense=\"30\" src=\"https:\/\/nuestrosescritores.com\/carlosmellado\/wp-content\/uploads\/sites\/232\/2026\/02\/Firefly_Abstract-typographic-art-with-the-word-TEMPESTADES-dissolving-into-liquid-or-water-231131-1_resultado.webp\" style=\"background-image: url(https:\/\/nuestrosescritores.com\/carlosmellado\/wp-content\/uploads\/sites\/232\/2026\/02\/Firefly_Abstract-typographic-art-with-the-word-TEMPESTADES-dissolving-into-liquid-or-water-231131-1_resultado.webp);background-size: cover;background-attachment: fixed;\"><\/div><\/div>[\/vc_column][\/vc_row][vc_row][vc_column extend=&#8221;false&#8221;]<div class=\"gambit_fullheight_row\" data-content-location=\"center\" style=\"display: none\"><\/div><div id=\"rowvcpt-row-settings\" class=\"rowvcpt-row-set RowVcPt-row-setting69dc172f25079 \" data-no=\"RowVcPt-row-setting69dc172f25079\"><div  id=\"bgGallaryslide69dc172f2507c\" class=\"rowvcpt-slideshow \"><\/div><script type=\"text\/javascript\">\n(function($) {\n$(\"#bgGallaryslide69dc172f2507c\").vegas({\n        overlay: \"https:\/\/nuestrosescritores.com\/carlosmellado\/wp-content\/plugins\/ultimate-row-background\/css\/overlays\/0'.esc_attr(1.png).'\",\n        transitionDuration: 4e3,\n        delay: 7000,\n        slides: [{src: \"https:\/\/nuestrosescritores.com\/carlosmellado\/wp-content\/uploads\/sites\/232\/2026\/02\/Firefly_Urban-landscape-with-silhouetted-city-skyline-partially-obscured-by-red-tinted-fog-or-534307-2_resultado.webp\",transition: \"fade2\",transitionDuration: 5000},]\n    });\t\t\n})(jQuery);\n<\/script><div class=\"rowvcpt-overlay\" style=\"background:rgba(255,255,255,0.69)\"><\/div><\/div><div id=\"uvc-type-wrap-3878\"  data-ultimate-target='#uvc-type-wrap-3878'  data-responsive-json-new='{\"font-size\":\"\",\"line-height\":\"\"}'  class=\"uvc-type-wrap vc_custom_1772041558813 ult-adjust-bottom-margin ult-responsive  uvc-type-align-center uvc-type-no-prefix uvc-wrap-74793513269dc172f25391\" style=\"text-align:center;\"><span id=\"typed-74793513269dc172f25391\" class=\"ultimate-typed-main \" style=\" font-weight:bold; text-transform: unset;\"><\/span><script type=\"text\/javascript\">\n\t\t\t\t\t\tjQuery(function($){ \n\t\t\t\t\t\t\t$(document).ready(function(){\n\t\t\t\t\t\t\t\tif( typeof jQuery(\"#typed-74793513269dc172f25391\").typed == \"function\"){\n\t\t\t\t\t\t\t\t\t$(\"#typed-74793513269dc172f25391\").typed({\n\t\t\t\t\t\t\t\t\t\tstrings: [\"J. Carlos Mellado Fern\u00e1ndez naci\u00f3 el 31 de octubre de 2002 en Esc\u00f3znar (Granada). Creci\u00f3 rodeado de libros y literatura, un entorno que despert\u00f3 su imaginaci\u00f3n y lo llev\u00f3 a encontrar en la escritura un espacio de refugio y expresi\u00f3n emocional.\",\"Su poes\u00eda nace de lo m\u00e1s profundo del ser humano: de los pensamientos que duelen, de las emociones que a menudo se callan y de las verdades que cuesta aceptar. Porque solo quien se atreve a mirar de frente su propia herida es capaz de seguir caminando sin miedo.\"],\n\t\t\t\t\t\t\t\t\t\ttypeSpeed: 35,\n\t\t\t\t\t\t\t\t\t\tbackSpeed: 0,\n\t\t\t\t\t\t\t\t\t\tstartDelay: \"200\",\n\t\t\t\t\t\t\t\t\t\tbackDelay: \"1500\",\n\t\t\t\t\t\t\t\t\t\tloop: true,\n\t\t\t\t\t\t\t\t\t\tloopCount: false,\n\t\t\t\t\t\t\t\t\t\tshowCursor: true,\n\t\t\t\t\t\t\t\t\t\tcursorChar: \"|\",\n\t\t\t\t\t\t\t\t\t\tattr: null\n\t\t\t\t\t\t\t\t\t});\n\t\t\t\t\t\t\t\t}\n\t\t\t\t\t\t\t});\n\t\t\t\t\t\t});\n\t\t\t\t\t<\/script><\/div>[\/vc_column][\/vc_row][vc_row full_height=&#8221;yes&#8221; equal_height=&#8221;yes&#8221;][vc_column extend=&#8221;false&#8221;]<div id=\"rowvcpt-row-settings\" class=\"rowvcpt-row-set RowVcPt-row-setting69dc172f25700 \" data-no=\"RowVcPt-row-setting69dc172f25700\"><div class=\"columns-bg-wrap columns-bg-anim-colors columns-bg-image  columns_simple_image\" id=\"RowVcPt-image-bg-69dc172f256e6\"   data-parallax_sense=\"30\" src=\"https:\/\/nuestrosescritores.com\/carlosmellado\/wp-content\/uploads\/sites\/232\/2026\/02\/Firefly_Abstract-typographic-art-with-the-word-TEMPESTADES-dissolving-into-liquid-or-water-231131_resultado.webp\" style=\"background-image: url(https:\/\/nuestrosescritores.com\/carlosmellado\/wp-content\/uploads\/sites\/232\/2026\/02\/Firefly_Abstract-typographic-art-with-the-word-TEMPESTADES-dissolving-into-liquid-or-water-231131_resultado.webp);background-position: left center;background-size: cover;background-attachment: fixed;\"><\/div><\/div>[vc_column_text css=&#8221;&#8221;]\n<p style=\"text-align: center;\"><a class=\"fasc-button fasc-size-xlarge fasc-type-glossy fasc-rounded-medium\" style=\"background-color: #2f9e38; color: #ffffff;\" href=\"https:\/\/gepa.es\/producto\/tempestades-j-carlos-mellado-fernandez\/\">COMPRA SUS LIBROS<\/a><\/p>\n[\/vc_column_text][\/vc_column][\/vc_row]\n<\/div>","protected":false},"excerpt":{"rendered":"<p>J. Carlos Mellado Fern\u00e1ndez (Esc\u00f3znar, Granada, 2002) es poeta de la Generaci\u00f3n Z y autor de Tempestades (Editorial Poes\u00eda eres t\u00fa, 2026), poemario en el que traza un arco desde la herida amorosa hasta la conciencia pol\u00edtica.<\/p>\n","protected":false},"author":1,"featured_media":74,"parent":0,"menu_order":0,"comment_status":"closed","ping_status":"closed","template":"","meta":{"_acf_changed":false,"footnotes":""},"class_list":["post-47","page","type-page","status-publish","has-post-thumbnail","hentry"],"acf":[],"yoast_head":"<!-- This site is optimized with the Yoast SEO Premium plugin v24.7 (Yoast SEO v27.3) - https:\/\/yoast.com\/product\/yoast-seo-premium-wordpress\/ -->\n<title>J. CARLOS MELLADO FERN\u00c1NDEZ - J. Carlos Mellado Fern\u00e1ndez<\/title>\n<meta name=\"description\" content=\"J. Carlos Mellado (Granada, 2002), poeta de la Generacion Z. Autor de Tempestades (2026), poesia de la herida, el abismo y la resistencia.\" \/>\n<meta name=\"robots\" content=\"index, follow, max-snippet:-1, max-image-preview:large, max-video-preview:-1\" \/>\n<link rel=\"canonical\" href=\"https:\/\/nuestrosescritores.com\/carlosmellado\/\" \/>\n<meta property=\"og:locale\" content=\"es_ES\" \/>\n<meta property=\"og:type\" content=\"article\" \/>\n<meta property=\"og:title\" content=\"J. CARLOS MELLADO FERN\u00c1NDEZ\" \/>\n<meta property=\"og:description\" content=\"J. Carlos Mellado (Granada, 2002), poeta de la Generacion Z. Autor de Tempestades (2026), poesia de la herida, el abismo y la resistencia.\" \/>\n<meta property=\"og:url\" content=\"https:\/\/nuestrosescritores.com\/carlosmellado\/\" \/>\n<meta property=\"og:site_name\" content=\"J. Carlos Mellado Fern\u00e1ndez\" \/>\n<meta property=\"article:modified_time\" content=\"2026-02-25T17:46:02+00:00\" \/>\n<meta property=\"og:image\" content=\"http:\/\/nuestrosescritores.com\/carlosmellado\/wp-content\/uploads\/sites\/232\/2026\/02\/WhatsApp-Image-2026-01-21-at-18.45.45.jpeg\" \/>\n\t<meta property=\"og:image:width\" content=\"720\" \/>\n\t<meta property=\"og:image:height\" content=\"1280\" \/>\n\t<meta property=\"og:image:type\" content=\"image\/jpeg\" \/>\n<meta name=\"twitter:card\" content=\"summary_large_image\" \/>\n<meta name=\"twitter:label1\" content=\"Tiempo de lectura\" \/>\n\t<meta name=\"twitter:data1\" content=\"5 minutos\" \/>\n<script type=\"application\/ld+json\" class=\"yoast-schema-graph\">{\"@context\":\"https:\\\/\\\/schema.org\",\"@graph\":[{\"@type\":\"WebPage\",\"@id\":\"https:\\\/\\\/nuestrosescritores.com\\\/carlosmellado\\\/\",\"url\":\"https:\\\/\\\/nuestrosescritores.com\\\/carlosmellado\\\/\",\"name\":\"J. CARLOS MELLADO FERN\u00c1NDEZ - J. Carlos Mellado Fern\u00e1ndez\",\"isPartOf\":{\"@id\":\"https:\\\/\\\/nuestrosescritores.com\\\/carlosmellado\\\/#website\"},\"primaryImageOfPage\":{\"@id\":\"https:\\\/\\\/nuestrosescritores.com\\\/carlosmellado\\\/#primaryimage\"},\"image\":{\"@id\":\"https:\\\/\\\/nuestrosescritores.com\\\/carlosmellado\\\/#primaryimage\"},\"thumbnailUrl\":\"https:\\\/\\\/nuestrosescritores.com\\\/carlosmellado\\\/wp-content\\\/uploads\\\/sites\\\/232\\\/2026\\\/02\\\/WhatsApp-Image-2026-01-21-at-18.45.45.jpeg\",\"datePublished\":\"2026-02-24T19:39:40+00:00\",\"dateModified\":\"2026-02-25T17:46:02+00:00\",\"description\":\"J. Carlos Mellado (Granada, 2002), poeta de la Generacion Z. Autor de Tempestades (2026), poesia de la herida, el abismo y la resistencia.\",\"breadcrumb\":{\"@id\":\"https:\\\/\\\/nuestrosescritores.com\\\/carlosmellado\\\/#breadcrumb\"},\"inLanguage\":\"es\",\"potentialAction\":[{\"@type\":\"ReadAction\",\"target\":[\"https:\\\/\\\/nuestrosescritores.com\\\/carlosmellado\\\/\"]}]},{\"@type\":\"ImageObject\",\"inLanguage\":\"es\",\"@id\":\"https:\\\/\\\/nuestrosescritores.com\\\/carlosmellado\\\/#primaryimage\",\"url\":\"https:\\\/\\\/nuestrosescritores.com\\\/carlosmellado\\\/wp-content\\\/uploads\\\/sites\\\/232\\\/2026\\\/02\\\/WhatsApp-Image-2026-01-21-at-18.45.45.jpeg\",\"contentUrl\":\"https:\\\/\\\/nuestrosescritores.com\\\/carlosmellado\\\/wp-content\\\/uploads\\\/sites\\\/232\\\/2026\\\/02\\\/WhatsApp-Image-2026-01-21-at-18.45.45.jpeg\",\"width\":720,\"height\":1280},{\"@type\":\"BreadcrumbList\",\"@id\":\"https:\\\/\\\/nuestrosescritores.com\\\/carlosmellado\\\/#breadcrumb\",\"itemListElement\":[{\"@type\":\"ListItem\",\"position\":1,\"name\":\"Portada\",\"item\":\"https:\\\/\\\/nuestrosescritores.com\\\/carlosmellado\\\/\"},{\"@type\":\"ListItem\",\"position\":2,\"name\":\"J. CARLOS MELLADO FERN\u00c1NDEZ\"}]},{\"@type\":\"WebSite\",\"@id\":\"https:\\\/\\\/nuestrosescritores.com\\\/carlosmellado\\\/#website\",\"url\":\"https:\\\/\\\/nuestrosescritores.com\\\/carlosmellado\\\/\",\"name\":\"Nuestros escritores\",\"description\":\"Escritor\",\"potentialAction\":[{\"@type\":\"SearchAction\",\"target\":{\"@type\":\"EntryPoint\",\"urlTemplate\":\"https:\\\/\\\/nuestrosescritores.com\\\/carlosmellado\\\/?s={search_term_string}\"},\"query-input\":{\"@type\":\"PropertyValueSpecification\",\"valueRequired\":true,\"valueName\":\"search_term_string\"}}],\"inLanguage\":\"es\"}]}<\/script>\n<!-- \/ Yoast SEO Premium plugin. -->","yoast_head_json":{"title":"J. CARLOS MELLADO FERN\u00c1NDEZ - J. Carlos Mellado Fern\u00e1ndez","description":"J. Carlos Mellado (Granada, 2002), poeta de la Generacion Z. Autor de Tempestades (2026), poesia de la herida, el abismo y la resistencia.","robots":{"index":"index","follow":"follow","max-snippet":"max-snippet:-1","max-image-preview":"max-image-preview:large","max-video-preview":"max-video-preview:-1"},"canonical":"https:\/\/nuestrosescritores.com\/carlosmellado\/","og_locale":"es_ES","og_type":"article","og_title":"J. CARLOS MELLADO FERN\u00c1NDEZ","og_description":"J. Carlos Mellado (Granada, 2002), poeta de la Generacion Z. Autor de Tempestades (2026), poesia de la herida, el abismo y la resistencia.","og_url":"https:\/\/nuestrosescritores.com\/carlosmellado\/","og_site_name":"J. Carlos Mellado Fern\u00e1ndez","article_modified_time":"2026-02-25T17:46:02+00:00","og_image":[{"width":720,"height":1280,"url":"http:\/\/nuestrosescritores.com\/carlosmellado\/wp-content\/uploads\/sites\/232\/2026\/02\/WhatsApp-Image-2026-01-21-at-18.45.45.jpeg","type":"image\/jpeg"}],"twitter_card":"summary_large_image","twitter_misc":{"Tiempo de lectura":"5 minutos"},"schema":{"@context":"https:\/\/schema.org","@graph":[{"@type":"WebPage","@id":"https:\/\/nuestrosescritores.com\/carlosmellado\/","url":"https:\/\/nuestrosescritores.com\/carlosmellado\/","name":"J. CARLOS MELLADO FERN\u00c1NDEZ - J. Carlos Mellado Fern\u00e1ndez","isPartOf":{"@id":"https:\/\/nuestrosescritores.com\/carlosmellado\/#website"},"primaryImageOfPage":{"@id":"https:\/\/nuestrosescritores.com\/carlosmellado\/#primaryimage"},"image":{"@id":"https:\/\/nuestrosescritores.com\/carlosmellado\/#primaryimage"},"thumbnailUrl":"https:\/\/nuestrosescritores.com\/carlosmellado\/wp-content\/uploads\/sites\/232\/2026\/02\/WhatsApp-Image-2026-01-21-at-18.45.45.jpeg","datePublished":"2026-02-24T19:39:40+00:00","dateModified":"2026-02-25T17:46:02+00:00","description":"J. Carlos Mellado (Granada, 2002), poeta de la Generacion Z. Autor de Tempestades (2026), poesia de la herida, el abismo y la resistencia.","breadcrumb":{"@id":"https:\/\/nuestrosescritores.com\/carlosmellado\/#breadcrumb"},"inLanguage":"es","potentialAction":[{"@type":"ReadAction","target":["https:\/\/nuestrosescritores.com\/carlosmellado\/"]}]},{"@type":"ImageObject","inLanguage":"es","@id":"https:\/\/nuestrosescritores.com\/carlosmellado\/#primaryimage","url":"https:\/\/nuestrosescritores.com\/carlosmellado\/wp-content\/uploads\/sites\/232\/2026\/02\/WhatsApp-Image-2026-01-21-at-18.45.45.jpeg","contentUrl":"https:\/\/nuestrosescritores.com\/carlosmellado\/wp-content\/uploads\/sites\/232\/2026\/02\/WhatsApp-Image-2026-01-21-at-18.45.45.jpeg","width":720,"height":1280},{"@type":"BreadcrumbList","@id":"https:\/\/nuestrosescritores.com\/carlosmellado\/#breadcrumb","itemListElement":[{"@type":"ListItem","position":1,"name":"Portada","item":"https:\/\/nuestrosescritores.com\/carlosmellado\/"},{"@type":"ListItem","position":2,"name":"J. CARLOS MELLADO FERN\u00c1NDEZ"}]},{"@type":"WebSite","@id":"https:\/\/nuestrosescritores.com\/carlosmellado\/#website","url":"https:\/\/nuestrosescritores.com\/carlosmellado\/","name":"Nuestros escritores","description":"Escritor","potentialAction":[{"@type":"SearchAction","target":{"@type":"EntryPoint","urlTemplate":"https:\/\/nuestrosescritores.com\/carlosmellado\/?s={search_term_string}"},"query-input":{"@type":"PropertyValueSpecification","valueRequired":true,"valueName":"search_term_string"}}],"inLanguage":"es"}]}},"_links":{"self":[{"href":"https:\/\/nuestrosescritores.com\/carlosmellado\/wp-json\/wp\/v2\/pages\/47","targetHints":{"allow":["GET"]}}],"collection":[{"href":"https:\/\/nuestrosescritores.com\/carlosmellado\/wp-json\/wp\/v2\/pages"}],"about":[{"href":"https:\/\/nuestrosescritores.com\/carlosmellado\/wp-json\/wp\/v2\/types\/page"}],"author":[{"embeddable":true,"href":"https:\/\/nuestrosescritores.com\/carlosmellado\/wp-json\/wp\/v2\/users\/1"}],"replies":[{"embeddable":true,"href":"https:\/\/nuestrosescritores.com\/carlosmellado\/wp-json\/wp\/v2\/comments?post=47"}],"version-history":[{"count":0,"href":"https:\/\/nuestrosescritores.com\/carlosmellado\/wp-json\/wp\/v2\/pages\/47\/revisions"}],"wp:featuredmedia":[{"embeddable":true,"href":"https:\/\/nuestrosescritores.com\/carlosmellado\/wp-json\/wp\/v2\/media\/74"}],"wp:attachment":[{"href":"https:\/\/nuestrosescritores.com\/carlosmellado\/wp-json\/wp\/v2\/media?parent=47"}],"curies":[{"name":"wp","href":"https:\/\/api.w.org\/{rel}","templated":true}]}}