{"id":90,"date":"2021-02-21T11:59:14","date_gmt":"2021-02-21T11:59:14","guid":{"rendered":"https:\/\/nuestrosescritores.com\/carlosjover\/?page_id=90"},"modified":"2021-02-21T12:19:19","modified_gmt":"2021-02-21T12:19:19","slug":"poesia","status":"publish","type":"page","link":"https:\/\/nuestrosescritores.com\/carlosjover\/poesia\/","title":{"rendered":"Poes\u00eda"},"content":{"rendered":"<div class=\"wpb-content-wrapper\">[vc_row full_width=&#8221;stretch_row_content_no_spaces&#8221;][vc_column extend=&#8221;false&#8221;]<div class='gambit_parallax_row' data-bg-align='' data-direction='fixed' data-opacity='100' data-velocity='-0.3' data-mobile-enabled='' data-bg-height='2560' data-bg-width='1707' data-bg-image='https:\/\/nuestrosescritores.com\/carlosjover\/wp-content\/uploads\/sites\/77\/2021\/02\/3zhx8cptkw4-scaled.jpg' data-bg-repeat='false' data-id='' style='display: none'><\/div><div class=\"gambit_fullheight_row\" data-content-location=\"center\" style=\"display: none\"><\/div>[\/vc_column][\/vc_row][vc_row][vc_column extend=&#8221;false&#8221;][vc_column_text]\n<h1><a name=\"_Toc63793334\"><\/a><strong>I.<\/strong><\/h1>\n<p>&nbsp;<\/p>\n<p>&nbsp;<\/p>\n<p>&nbsp;<\/p>\n<p>En la mesa unos dados callados<\/p>\n<p>acechan la ruina inevitable del azar.<\/p>\n<p>A\u00f1oranza del mundo antiguo, aquel<\/p>\n<p>en el que hasta las piedras aspiraban a la libertad.<\/p>\n<p>Tristeza extensa, p\u00e9trea, ya infinita,<\/p>\n<p>que nos mecer\u00e1 hasta que la \u00faltima sombra<\/p>\n<p>penetre en el cuerpo mudo y abatido.<\/p>\n<p>Sin remedio, sentenciado<\/p>\n<p>sin posibilidad de recurso alguno,<\/p>\n<p>crecen las argollas alrededor del cuello<\/p>\n<p>como d\u00e9biles amapolas<\/p>\n<p>en una primavera vestida de gris y de negro.<\/p>\n[&#8230;]\n<p>&nbsp;<\/p>\n<p>&nbsp;<\/p>\n<span class='bctt-click-to-tweet'><span class='bctt-ctt-text'><a href='https:\/\/x.com\/intent\/tweet?url=https%3A%2F%2Fnuestrosescritores.com%2Fcarlosjover%2Fpoesia%2F&#038;text=I%20del%20libro%20ESTADO%20DE%20EXCEPCI%C3%93N%20PERMANENTE%20de%20CARLOS%20JOVER&#038;via=poesiaerestu&#038;related=poesiaerestu' target='_blank'rel=\"noopener noreferrer\">I del libro ESTADO DE EXCEPCI\u00d3N PERMANENTE de CARLOS JOVER <\/a><\/span><a href='https:\/\/x.com\/intent\/tweet?url=https%3A%2F%2Fnuestrosescritores.com%2Fcarlosjover%2Fpoesia%2F&#038;text=I%20del%20libro%20ESTADO%20DE%20EXCEPCI%C3%93N%20PERMANENTE%20de%20CARLOS%20JOVER&#038;via=poesiaerestu&#038;related=poesiaerestu' target='_blank' class='bctt-ctt-btn'rel=\"noopener noreferrer\">Compartir en X<\/a><\/span>[\/vc_column_text][\/vc_column][\/vc_row][vc_row full_width=&#8221;stretch_row_content_no_spaces&#8221;][vc_column extend=&#8221;false&#8221;]<div class='gambit_parallax_row' data-bg-align='' data-direction='fixed' data-opacity='100' data-velocity='-0.3' data-mobile-enabled='' data-bg-height='1471' data-bg-width='2560' data-bg-image='https:\/\/nuestrosescritores.com\/carlosjover\/wp-content\/uploads\/sites\/77\/2021\/02\/5xzt1apiacc-scaled.jpg' data-bg-repeat='false' data-id='' style='display: none'><\/div><div class=\"gambit_fullheight_row\" data-content-location=\"center\" style=\"display: none\"><\/div>[\/vc_column][\/vc_row][vc_row][vc_column extend=&#8221;false&#8221;][vc_column_text]&nbsp;<\/p>\n[&#8230;]\n<p>El r\u00edo llevaba siglos bajando,<\/p>\n<p>a veces lento, otras veces excitado.<\/p>\n<p>La corriente causaba cosechas y destrozos<\/p>\n<p>dependiendo de su humor,<\/p>\n<p>&nbsp;<\/p>\n<p>pero todos conoc\u00edamos su cauce,<\/p>\n<p>e incluso los posibles desvar\u00edos de su cauce.<\/p>\n<p>Ahora no.<\/p>\n<p>Ahora la m\u00fasica la ponen otros.<\/p>\n<p>El gobierno del r\u00edo ha sido depuesto.<\/p>\n<p>Nadie sabe qui\u00e9n est\u00e1 detr\u00e1s del suceso,<\/p>\n<p>nadie conoce lo que las sombras esconden.<\/p>\n<p>Tan s\u00f3lo se percibe el hedor insoportable<\/p>\n<p>de las heridas abiertas,<\/p>\n<p>y ese dulzor febril de la gangrena.<\/p>\n<p>&nbsp;<\/p>\n<p>Hace mucho tiempo que los brujos castores<\/p>\n<p>comenzaron a fraguar su mal\u00e9volo plan.<\/p>\n<p>Las represas no pretend\u00edan tan s\u00f3lo<\/p>\n<p>almacenar el poder y la riqueza.<\/p>\n<p>Deponer a Dios no era m\u00e1s que una consecuencia<\/p>\n<p>de todo lo que hab\u00edan aprendido.<\/p>\n<p>La ciencia de la Historia les hab\u00eda ense\u00f1ado que el Mal es lo mejor.<\/p>\n<p>&nbsp;<\/p>\n<p>As\u00ed, el Castor Mayor se hab\u00eda recriminado,<\/p>\n<p>en un silencio pr\u00edstino<\/p>\n<p>s\u00f3lo escuchado por \u00e9l mismo:<\/p>\n[&#8230;]\n<span class='bctt-click-to-tweet'><span class='bctt-ctt-text'><a href='https:\/\/x.com\/intent\/tweet?url=https%3A%2F%2Fnuestrosescritores.com%2Fcarlosjover%2Fpoesia%2F&#038;text=I%C2%A0del%20libro%20ESTADO%20DE%20EXCEPCI%C3%93N%20PERMANENTE%20de%20CARLOS%20JOVER&#038;via=poesiaerestu&#038;related=poesiaerestu' target='_blank'rel=\"noopener noreferrer\">I&nbsp;del libro ESTADO DE EXCEPCI\u00d3N PERMANENTE de CARLOS JOVER <\/a><\/span><a href='https:\/\/x.com\/intent\/tweet?url=https%3A%2F%2Fnuestrosescritores.com%2Fcarlosjover%2Fpoesia%2F&#038;text=I%C2%A0del%20libro%20ESTADO%20DE%20EXCEPCI%C3%93N%20PERMANENTE%20de%20CARLOS%20JOVER&#038;via=poesiaerestu&#038;related=poesiaerestu' target='_blank' class='bctt-ctt-btn'rel=\"noopener noreferrer\">Compartir en X<\/a><\/span>\n<p>&nbsp;<\/p>\n<p>&nbsp;[\/vc_column_text][\/vc_column][\/vc_row][vc_row][vc_column extend=&#8221;false&#8221;]<div class='gambit_parallax_row' data-bg-align='' data-direction='fixed' data-opacity='100' data-velocity='-0.3' data-mobile-enabled='' data-bg-height='2560' data-bg-width='1707' data-bg-image='https:\/\/nuestrosescritores.com\/carlosjover\/wp-content\/uploads\/sites\/77\/2021\/02\/laduu9mnyrg-scaled.jpg' data-bg-repeat='false' data-id='' style='display: none'><\/div><div class=\"gambit_fullheight_row\" data-content-location=\"center\" style=\"display: none\"><\/div>[\/vc_column][\/vc_row][vc_row][vc_column extend=&#8221;false&#8221;][vc_column_text][&#8230;]\n<p>&nbsp;<\/p>\n<p><em>Ay, contempla las ruinas polvorientas de Palmira,<\/em><\/p>\n<p><em>el palacio de Cnosos bajo la tierra \u00e1rida de Creta,<\/em><\/p>\n<p><em>el templo funerario de Hatshepsut en Deir el Bahari,<\/em><\/p>\n<p><em>hueco, est\u00e9ril, violado y escupido,<\/em><\/p>\n<p><em>las tres columnas en pie del templo de C\u00e1stor y P\u00f3lux en Roma<\/em><\/p>\n<p><em>esperando el pr\u00f3ximo y definitivo temblor de tierra.<\/em><\/p>\n<p><em>Mira la devastaci\u00f3n que de la mano del tiempo<\/em><\/p>\n<p><em>causan las ratas humanas a lo largo de la Historia.<\/em><\/p>\n<p><em>El tesoro de Trajano que no lleg\u00f3 a sus descendientes.<\/em><\/p>\n<p><em>\u00a1Es m\u00e1s, no quedan descendientes!<\/em><\/p>\n<p><em>\u00a1No queda tesoro, ni poder, ni legado de sangre alguno!<\/em><\/p>\n<p><em>\u00bfQu\u00e9 poder fue aquel que no alcanz\u00f3 a atravesar<\/em><\/p>\n<p><em>las aguas turbias de los a\u00f1os?<\/em><\/p>\n<p><em>\u00bfQu\u00e9 riqueza es aquella que puede disolverse<\/em><\/p>\n<p><em>seg\u00fan el capricho de las guerras?<\/em><\/p>\n<p><em>\u00bfPuede un hombre de poder jugarse a los dados el destino de <\/em><\/p>\n<p><em>[su estirpe?<\/em><\/p>\n<p><em>\u00bfDebe aceptar que el futuro venga plagado de revueltas,<\/em><\/p>\n<p><em>de pugnas de religi\u00f3n,<\/em><\/p>\n<p><em>masacres en torno a los muchos becerros de oro,<\/em><\/p>\n<p><em>disputas para repartirse los huesos de su herencia?<\/em><\/p>\n<p><em>El verdadero poder es aquel que se perpet\u00faa en el tiempo.<\/em><\/p>\n<p><em>El futuro debiera ser una pieza m\u00e1s de mi personal riqueza.<\/em><\/p>\n<p><em>Entre Dios y yo no tiene que haber ninguna diferencia,<\/em><\/p>\n<p><em>entre otras cosas porque \u00c9l tambi\u00e9n,<\/em><\/p>\n<p><em>a su pesar incluso,<\/em><\/p>\n<p><em>debe formar parte de mi hacienda.<\/em><\/p>\n<p><em>A \u00c9l no lo invent\u00e9 yo, lo reconozco,<\/em><\/p>\n<p><em>pero lo he comprado ya en tantas ocasiones\u2026<\/em><\/p>\n<p>&nbsp;<\/p>\n[&#8230;]\n<p>&nbsp;<\/p>\n<span class='bctt-click-to-tweet'><span class='bctt-ctt-text'><a href='https:\/\/x.com\/intent\/tweet?url=https%3A%2F%2Fnuestrosescritores.com%2Fcarlosjover%2Fpoesia%2F&#038;text=I%C2%A0del%20libro%20ESTADO%20DE%20EXCEPCI%C3%93N%20PERMANENTE%20de%20CARLOS%20JOVER&#038;via=poesiaerestu&#038;related=poesiaerestu' target='_blank'rel=\"noopener noreferrer\">I&nbsp;del libro ESTADO DE EXCEPCI\u00d3N PERMANENTE de CARLOS JOVER <\/a><\/span><a href='https:\/\/x.com\/intent\/tweet?url=https%3A%2F%2Fnuestrosescritores.com%2Fcarlosjover%2Fpoesia%2F&#038;text=I%C2%A0del%20libro%20ESTADO%20DE%20EXCEPCI%C3%93N%20PERMANENTE%20de%20CARLOS%20JOVER&#038;via=poesiaerestu&#038;related=poesiaerestu' target='_blank' class='bctt-ctt-btn'rel=\"noopener noreferrer\">Compartir en X<\/a><\/span>[\/vc_column_text][\/vc_column][\/vc_row][vc_row][vc_column extend=&#8221;false&#8221;]<div class='gambit_parallax_row' data-bg-align='' data-direction='fixed' data-opacity='100' data-velocity='-0.3' data-mobile-enabled='' data-bg-height='1920' data-bg-width='2560' data-bg-image='https:\/\/nuestrosescritores.com\/carlosjover\/wp-content\/uploads\/sites\/77\/2021\/02\/hebo6sp6uju-scaled.jpg' data-bg-repeat='false' data-id='' style='display: none'><\/div><div class=\"gambit_fullheight_row\" data-content-location=\"center\" style=\"display: none\"><\/div>[\/vc_column][\/vc_row][vc_row][vc_column extend=&#8221;false&#8221;][vc_column_text][&#8230;]\n<p>&nbsp;<\/p>\n<p>Con el giro orbital del mundo detenido,<\/p>\n<p>como si todo el planeta al un\u00edsono<\/p>\n<p>hubiera contenido la respiraci\u00f3n<\/p>\n<p>durante las varias noches que duraba el d\u00eda,<\/p>\n<p>una s\u00fabita tristeza se extendi\u00f3 por doquier.<\/p>\n<p>Eso fue s\u00f3lo al principio,<\/p>\n<p>cuando todav\u00eda la perspectiva no exist\u00eda,<\/p>\n<p>cuando todo el encuadre parec\u00eda plano,<\/p>\n<p>como siempre,<\/p>\n<p>e inocente y sometido al juego de los dados.<\/p>\n<p>\u00a1Pero no, esta vez no era as\u00ed!<\/p>\n<p>La meditaci\u00f3n del Castor hab\u00eda fructificado en una gran cosecha.<\/p>\n<p>No hay mejor abono de la tierra que el Mal,<\/p>\n<p>porque la sangre es el fluido que arrastra todo lo culpable.<\/p>\n<p>&nbsp;<\/p>\n<p>Y la culpabilidad es el mejor nutriente de la tierra<\/p>\n<p>que cultivan los hombres.<\/p>\n<p>Con sangre el futuro crece como una fronda.<\/p>\n<p>Con sangre la tierra se desentumece en un feliz baile<\/p>\n<p>que manifiesta su ofrenda a lo que viene de la oscuridad.<\/p>\n<p>Con sangre todo adopta ese tono sanguinario<\/p>\n<p>que tanto enaltece la sangre de los hombres.<\/p>\n<p>&nbsp;<\/p>\n<p>La tristeza, sin embargo, era hu\u00e9rfana.<\/p>\n<p>No hab\u00eda sido engendrada por la previsi\u00f3n del Castor.<\/p>\n<p>Tan s\u00f3lo, abierta la mano, hab\u00eda dejado escapar las leyes,<\/p>\n<p>y el r\u00edo sigui\u00f3 bajando por su cauce, sin reparos.<\/p>\n<p>\u201c\u00a1No hay futuro!\u201d gritaban las bandas de punk rock,<\/p>\n<p>pero lo hac\u00edan desde una secreta desesperaci\u00f3n<\/p>\n<p>que ni ellas mismas reconoc\u00edan.<\/p>\n<p>Hijos de los hijos de los campos de concentraci\u00f3n,<\/p>\n<p>lo \u00fanico que les pertenec\u00eda era el pasado.<\/p>\n<p>Aun as\u00ed, la memoria no alcanzaba ni a las trincheras<\/p>\n<p>de la Primera Gran Guerra,<\/p>\n<p>y sus almas se debat\u00edan entre los colmillos de las hienas.<\/p>\n[&#8230;]\n<p>&nbsp;<\/p>\n<span class='bctt-click-to-tweet'><span class='bctt-ctt-text'><a href='https:\/\/x.com\/intent\/tweet?url=https%3A%2F%2Fnuestrosescritores.com%2Fcarlosjover%2Fpoesia%2F&#038;text=I%20del%20libro%20ESTADO%20DE%20EXCEPCI%C3%93N%20PERMANENTE%20de%20CARLOS%20JOVER&#038;via=poesiaerestu&#038;related=poesiaerestu' target='_blank'rel=\"noopener noreferrer\">I del libro ESTADO DE EXCEPCI\u00d3N PERMANENTE de CARLOS JOVER <\/a><\/span><a href='https:\/\/x.com\/intent\/tweet?url=https%3A%2F%2Fnuestrosescritores.com%2Fcarlosjover%2Fpoesia%2F&#038;text=I%20del%20libro%20ESTADO%20DE%20EXCEPCI%C3%93N%20PERMANENTE%20de%20CARLOS%20JOVER&#038;via=poesiaerestu&#038;related=poesiaerestu' target='_blank' class='bctt-ctt-btn'rel=\"noopener noreferrer\">Compartir en X<\/a><\/span>[\/vc_column_text][\/vc_column][\/vc_row][vc_row][vc_column extend=&#8221;false&#8221;]<div class='gambit_parallax_row' data-bg-align='' data-direction='fixed' data-opacity='100' data-velocity='-0.3' data-mobile-enabled='' data-bg-height='546' data-bg-width='1366' data-bg-image='https:\/\/nuestrosescritores.com\/carlosjover\/wp-content\/uploads\/sites\/77\/2021\/02\/CarlosJover_SSquare_Alargado-Medium.jpg' data-bg-repeat='false' data-id='' style='display: none'><\/div><div class=\"gambit_fullheight_row\" data-content-location=\"center\" style=\"display: none\"><\/div>[vc_column_text]\n<p style=\"text-align: center;\"><a class=\"fasc-button fasc-size-xlarge fasc-type-glossy fasc-rounded-medium\" style=\"background-color: #33809e; color: #ffffff;\" href=\"https:\/\/librodepoesia.com\/producto\/estado-de-excepcion-permanente-carlos-jover\/\">Comprar el libro<\/a><\/p>\n[\/vc_column_text][\/vc_column][\/vc_row]\n<\/div>","protected":false},"excerpt":{"rendered":"<p>[vc_row full_width=&#8221;stretch_row_content_no_spaces&#8221;][vc_column extend=&#8221;false&#8221;][\/vc_column][\/vc_row][vc_row][vc_column extend=&#8221;false&#8221;][vc_column_text] I. &nbsp; &nbsp; &nbsp; En la mesa unos dados callados acechan la ruina inevitable del azar. A\u00f1oranza del mundo antiguo, aquel en el que hasta las piedras aspiraban a la libertad. Tristeza extensa, p\u00e9trea, ya infinita, que nos mecer\u00e1 hasta que la \u00faltima sombra penetre en el cuerpo mudo y abatido. [&hellip;]<\/p>\n","protected":false},"author":1,"featured_media":0,"parent":0,"menu_order":0,"comment_status":"closed","ping_status":"closed","template":"","meta":{"_acf_changed":false,"footnotes":""},"class_list":["post-90","page","type-page","status-publish","hentry"],"acf":[],"yoast_head":"<!-- This site is optimized with the Yoast SEO Premium plugin v24.7 (Yoast SEO v27.3) - https:\/\/yoast.com\/product\/yoast-seo-premium-wordpress\/ -->\n<title>Poes\u00eda - Carlos Jover<\/title>\n<meta name=\"description\" content=\"Poes\u00eda del libro ESTADO DE EXCEPCI\u00d3N PERMANENTE del escritor CARLOS JOVER, el autor nos da una muestra de uno de sus poemas tras publicar un libro.\" \/>\n<meta name=\"robots\" content=\"index, follow, max-snippet:-1, max-image-preview:large, max-video-preview:-1\" \/>\n<link rel=\"canonical\" href=\"https:\/\/nuestrosescritores.com\/carlosjover\/poesia\/\" \/>\n<meta property=\"og:locale\" content=\"es_ES\" \/>\n<meta property=\"og:type\" content=\"article\" \/>\n<meta property=\"og:title\" content=\"Poes\u00eda\" \/>\n<meta property=\"og:description\" content=\"Poes\u00eda del libro ESTADO DE EXCEPCI\u00d3N PERMANENTE del escritor CARLOS JOVER, el autor nos da una muestra de uno de sus poemas tras publicar un libro.\" \/>\n<meta property=\"og:url\" content=\"https:\/\/nuestrosescritores.com\/carlosjover\/poesia\/\" \/>\n<meta property=\"og:site_name\" content=\"Carlos Jover\" \/>\n<meta property=\"article:modified_time\" content=\"2021-02-21T12:19:19+00:00\" \/>\n<meta name=\"twitter:card\" content=\"summary_large_image\" \/>\n<meta name=\"twitter:label1\" content=\"Tiempo de lectura\" \/>\n\t<meta name=\"twitter:data1\" content=\"4 minutos\" \/>\n<script type=\"application\/ld+json\" class=\"yoast-schema-graph\">{\"@context\":\"https:\\\/\\\/schema.org\",\"@graph\":[{\"@type\":\"WebPage\",\"@id\":\"https:\\\/\\\/nuestrosescritores.com\\\/carlosjover\\\/poesia\\\/\",\"url\":\"https:\\\/\\\/nuestrosescritores.com\\\/carlosjover\\\/poesia\\\/\",\"name\":\"Poes\u00eda - Carlos Jover\",\"isPartOf\":{\"@id\":\"https:\\\/\\\/nuestrosescritores.com\\\/carlosjover\\\/#website\"},\"datePublished\":\"2021-02-21T11:59:14+00:00\",\"dateModified\":\"2021-02-21T12:19:19+00:00\",\"description\":\"Poes\u00eda del libro ESTADO DE EXCEPCI\u00d3N PERMANENTE del escritor CARLOS JOVER, el autor nos da una muestra de uno de sus poemas tras publicar un libro.\",\"breadcrumb\":{\"@id\":\"https:\\\/\\\/nuestrosescritores.com\\\/carlosjover\\\/poesia\\\/#breadcrumb\"},\"inLanguage\":\"es\",\"potentialAction\":[{\"@type\":\"ReadAction\",\"target\":[\"https:\\\/\\\/nuestrosescritores.com\\\/carlosjover\\\/poesia\\\/\"]}]},{\"@type\":\"BreadcrumbList\",\"@id\":\"https:\\\/\\\/nuestrosescritores.com\\\/carlosjover\\\/poesia\\\/#breadcrumb\",\"itemListElement\":[{\"@type\":\"ListItem\",\"position\":1,\"name\":\"Portada\",\"item\":\"https:\\\/\\\/nuestrosescritores.com\\\/carlosjover\\\/\"},{\"@type\":\"ListItem\",\"position\":2,\"name\":\"Poes\u00eda\"}]},{\"@type\":\"WebSite\",\"@id\":\"https:\\\/\\\/nuestrosescritores.com\\\/carlosjover\\\/#website\",\"url\":\"https:\\\/\\\/nuestrosescritores.com\\\/carlosjover\\\/\",\"name\":\"Nuestros escritores\",\"description\":\"Escritor\",\"potentialAction\":[{\"@type\":\"SearchAction\",\"target\":{\"@type\":\"EntryPoint\",\"urlTemplate\":\"https:\\\/\\\/nuestrosescritores.com\\\/carlosjover\\\/?s={search_term_string}\"},\"query-input\":{\"@type\":\"PropertyValueSpecification\",\"valueRequired\":true,\"valueName\":\"search_term_string\"}}],\"inLanguage\":\"es\"}]}<\/script>\n<!-- \/ Yoast SEO Premium plugin. -->","yoast_head_json":{"title":"Poes\u00eda - Carlos Jover","description":"Poes\u00eda del libro ESTADO DE EXCEPCI\u00d3N PERMANENTE del escritor CARLOS JOVER, el autor nos da una muestra de uno de sus poemas tras publicar un libro.","robots":{"index":"index","follow":"follow","max-snippet":"max-snippet:-1","max-image-preview":"max-image-preview:large","max-video-preview":"max-video-preview:-1"},"canonical":"https:\/\/nuestrosescritores.com\/carlosjover\/poesia\/","og_locale":"es_ES","og_type":"article","og_title":"Poes\u00eda","og_description":"Poes\u00eda del libro ESTADO DE EXCEPCI\u00d3N PERMANENTE del escritor CARLOS JOVER, el autor nos da una muestra de uno de sus poemas tras publicar un libro.","og_url":"https:\/\/nuestrosescritores.com\/carlosjover\/poesia\/","og_site_name":"Carlos Jover","article_modified_time":"2021-02-21T12:19:19+00:00","twitter_card":"summary_large_image","twitter_misc":{"Tiempo de lectura":"4 minutos"},"schema":{"@context":"https:\/\/schema.org","@graph":[{"@type":"WebPage","@id":"https:\/\/nuestrosescritores.com\/carlosjover\/poesia\/","url":"https:\/\/nuestrosescritores.com\/carlosjover\/poesia\/","name":"Poes\u00eda - Carlos Jover","isPartOf":{"@id":"https:\/\/nuestrosescritores.com\/carlosjover\/#website"},"datePublished":"2021-02-21T11:59:14+00:00","dateModified":"2021-02-21T12:19:19+00:00","description":"Poes\u00eda del libro ESTADO DE EXCEPCI\u00d3N PERMANENTE del escritor CARLOS JOVER, el autor nos da una muestra de uno de sus poemas tras publicar un libro.","breadcrumb":{"@id":"https:\/\/nuestrosescritores.com\/carlosjover\/poesia\/#breadcrumb"},"inLanguage":"es","potentialAction":[{"@type":"ReadAction","target":["https:\/\/nuestrosescritores.com\/carlosjover\/poesia\/"]}]},{"@type":"BreadcrumbList","@id":"https:\/\/nuestrosescritores.com\/carlosjover\/poesia\/#breadcrumb","itemListElement":[{"@type":"ListItem","position":1,"name":"Portada","item":"https:\/\/nuestrosescritores.com\/carlosjover\/"},{"@type":"ListItem","position":2,"name":"Poes\u00eda"}]},{"@type":"WebSite","@id":"https:\/\/nuestrosescritores.com\/carlosjover\/#website","url":"https:\/\/nuestrosescritores.com\/carlosjover\/","name":"Nuestros escritores","description":"Escritor","potentialAction":[{"@type":"SearchAction","target":{"@type":"EntryPoint","urlTemplate":"https:\/\/nuestrosescritores.com\/carlosjover\/?s={search_term_string}"},"query-input":{"@type":"PropertyValueSpecification","valueRequired":true,"valueName":"search_term_string"}}],"inLanguage":"es"}]}},"_links":{"self":[{"href":"https:\/\/nuestrosescritores.com\/carlosjover\/wp-json\/wp\/v2\/pages\/90","targetHints":{"allow":["GET"]}}],"collection":[{"href":"https:\/\/nuestrosescritores.com\/carlosjover\/wp-json\/wp\/v2\/pages"}],"about":[{"href":"https:\/\/nuestrosescritores.com\/carlosjover\/wp-json\/wp\/v2\/types\/page"}],"author":[{"embeddable":true,"href":"https:\/\/nuestrosescritores.com\/carlosjover\/wp-json\/wp\/v2\/users\/1"}],"replies":[{"embeddable":true,"href":"https:\/\/nuestrosescritores.com\/carlosjover\/wp-json\/wp\/v2\/comments?post=90"}],"version-history":[{"count":0,"href":"https:\/\/nuestrosescritores.com\/carlosjover\/wp-json\/wp\/v2\/pages\/90\/revisions"}],"wp:attachment":[{"href":"https:\/\/nuestrosescritores.com\/carlosjover\/wp-json\/wp\/v2\/media?parent=90"}],"curies":[{"name":"wp","href":"https:\/\/api.w.org\/{rel}","templated":true}]}}