{"id":141,"date":"2025-08-16T23:11:24","date_gmt":"2025-08-16T21:11:24","guid":{"rendered":"https:\/\/nuestrosescritores.com\/carlosjesusleonrio\/?page_id=141"},"modified":"2025-08-16T23:11:24","modified_gmt":"2025-08-16T21:11:24","slug":"poesia","status":"publish","type":"page","link":"https:\/\/nuestrosescritores.com\/carlosjesusleonrio\/poesia\/","title":{"rendered":"POES\u00cdA"},"content":{"rendered":"<div class=\"wpb-content-wrapper\">[vc_row full_width=&#8221;stretch_row_content_no_spaces&#8221;][vc_column extend=&#8221;false&#8221;]<div class='gambit_parallax_row' data-bg-align='' data-direction='fixed' data-opacity='100' data-velocity='-0.3' data-mobile-enabled='' data-bg-height='1024' data-bg-width='1536' data-bg-image='https:\/\/nuestrosescritores.com\/carlosjesusleonrio\/wp-content\/uploads\/sites\/209\/2025\/08\/freepik_assistant_1755102710153.webp' data-bg-repeat='false' data-id='' style='display: none'><\/div><div class=\"gambit_fullheight_row\" data-content-location=\"center\" style=\"display: none\"><\/div>[\/vc_column][\/vc_row][vc_row][vc_column extend=&#8221;false&#8221;][vc_column_text css=&#8221;&#8221;]\n<h1><a name=\"_Toc25777144\"><\/a><\/h1>\n<h1><strong>Amarte en silencio<\/strong><\/h1>\n<p>&nbsp;<\/p>\n<p>Tu piel es rosa, como la pena,<br \/>\ny tu cabello, negro como el mar.<br \/>\nTus manos, blancas como tu pecho,<br \/>\ny tu mirada me hace temblar.<br \/>\nEres tranquila, como un lago<br \/>\nque la lluvia teme mojar;<br \/>\neres la sombra de mi mirada,<br \/>\ncuando la luna me hace llorar.<br \/>\nEres el cristal que pincha mis venas<br \/>\ny la sangre que me hace andar;<br \/>\neres la magia que cura mis labios,<br \/>\ncuando la soledad los seca sin m\u00e1s.<br \/>\nEres la luz de mi d\u00eda callado<br \/>\ny la flor que me hace olvidar;<br \/>\neres el cielo que, en mi regazo,<br \/>\na las estrellas quisiera bajar.[\/vc_column_text][\/vc_column][\/vc_row][vc_row full_width=&#8221;stretch_row_content_no_spaces&#8221;][vc_column extend=&#8221;false&#8221;]<div class='gambit_parallax_row' data-bg-align='' data-direction='fixed' data-opacity='100' data-velocity='-0.3' data-mobile-enabled='' data-bg-height='1024' data-bg-width='1536' data-bg-image='https:\/\/nuestrosescritores.com\/carlosjesusleonrio\/wp-content\/uploads\/sites\/209\/2025\/08\/freepik_assistant_1755102706532.webp' data-bg-repeat='false' data-id='' style='display: none'><\/div><div class=\"gambit_fullheight_row\" data-content-location=\"center\" style=\"display: none\"><\/div>[\/vc_column][\/vc_row][vc_row][vc_column extend=&#8221;false&#8221;][vc_column_text css=&#8221;&#8221;]\n<h1><a name=\"_Toc25777147\"><\/a><\/h1>\n<h1><strong>Aqu\u00ed estar\u00e9<\/strong><\/h1>\n<p>&nbsp;<\/p>\n<p>Te espero, aunque se acabe la tarde;<br \/>\nte espero, aunque se calle la voz;<br \/>\nte espero, aunque te bese<br \/>\nuna boca y no te bese yo.<br \/>\nTe espero, aunque me quieras;<br \/>\nte espero, aunque lo quieras a \u00e9l;<br \/>\nte espero en la noche en vela;<br \/>\nte espero, porque tu amor soy yo.<br \/>\nTe espero en la mancha del \u00e1rbol;<br \/>\nte espero, aunque me calcine el sol;<br \/>\nte espero, aunque se vuelva triste<br \/>\nesperar a que decida Dios.<\/p>\n<p>&nbsp;[\/vc_column_text][\/vc_column][\/vc_row][vc_row][vc_column extend=&#8221;false&#8221;]<div class='gambit_parallax_row' data-bg-align='' data-direction='fixed' data-opacity='100' data-velocity='-0.3' data-mobile-enabled='' data-bg-height='1024' data-bg-width='1536' data-bg-image='https:\/\/nuestrosescritores.com\/carlosjesusleonrio\/wp-content\/uploads\/sites\/209\/2025\/08\/freepik_assistant_1755102713459.webp' data-bg-repeat='false' data-id='' style='display: none'><\/div><div class=\"gambit_fullheight_row\" data-content-location=\"center\" style=\"display: none\"><\/div>[\/vc_column][\/vc_row][vc_row][vc_column extend=&#8221;false&#8221;][vc_column_text css=&#8221;&#8221;]\n<h1><strong>Si no te amara<\/strong><\/h1>\n<p>&nbsp;<\/p>\n<p>Las aves son el poema del cielo,<br \/>\nla lluvia, la vida de la tierra.<br \/>\nLa noche son los ojos de mis sue\u00f1os,<br \/>\nla luna es la flor de mis pensamientos.<br \/>\nEl amor es la clave para olvidarlo todo,<br \/>\nel sol es el dios del tiempo,<br \/>\nla marea es parte de la sangre,<br \/>\ntu mirada es la palabra en mis silencios.<br \/>\nEl amor es m\u00e1s que amor: es un reto.<br \/>\nLa hierba baila al comp\u00e1s del viento,<br \/>\nlas nubes cambian en un pesta\u00f1eo,<br \/>\nquererte es mi peor deseo.<br \/>\nQue cese el mar en mis dedos,<br \/>\no que una estrella me gui\u00f1e en la soledad,<br \/>\nque el agua apague mi coraz\u00f3n en llamas,<br \/>\ny que me beses, te suelo susurrar.[\/vc_column_text][\/vc_column][\/vc_row][vc_row][vc_column extend=&#8221;false&#8221;]<div class='gambit_parallax_row' data-bg-align='' data-direction='fixed' data-opacity='100' data-velocity='-0.3' data-mobile-enabled='' data-bg-height='1024' data-bg-width='1536' data-bg-image='https:\/\/nuestrosescritores.com\/carlosjesusleonrio\/wp-content\/uploads\/sites\/209\/2025\/08\/freepik_assistant_1755102659784.webp' data-bg-repeat='false' data-id='' style='display: none'><\/div><div class=\"gambit_fullheight_row\" data-content-location=\"center\" style=\"display: none\"><\/div>[\/vc_column][\/vc_row][vc_row][vc_column extend=&#8221;false&#8221;][vc_column_text css=&#8221;&#8221;]\n<h1><a name=\"_Toc25777157\"><\/a><\/h1>\n<h1><strong>La luz<\/strong><\/h1>\n<p>&nbsp;<\/p>\n<p>Cantan los p\u00e1jaros,<br \/>\npara que cantemos como ellos.<br \/>\nNacen los \u00e1rboles,<br \/>\npara que suene el alma,<br \/>\ny con su alma, m\u00fasica creemos.<br \/>\nBailan los cisnes,<br \/>\npara que con ellos bailemos.<br \/>\nLlora el cielo,<br \/>\npara que lo miremos.<br \/>\nBrilla el pasto,<br \/>\npara que lo acariciemos.<br \/>\nMueren las flores,<br \/>\npara que nos consolemos.<br \/>\nViven las mariposas,<br \/>\npara que so\u00f1emos.<br \/>\nTengo mi coraz\u00f3n,<br \/>\npara ponerlo en tu pecho.<br \/>\nY la luna te ruega<br \/>\nque alumbres el cielo.[\/vc_column_text][\/vc_column][\/vc_row][vc_row][vc_column extend=&#8221;false&#8221;]<div class='gambit_parallax_row' data-bg-align='' data-direction='fixed' data-opacity='100' data-velocity='-0.3' data-mobile-enabled='' data-bg-height='913' data-bg-width='989' data-bg-image='https:\/\/nuestrosescritores.com\/carlosjesusleonrio\/wp-content\/uploads\/sites\/209\/2025\/08\/Carlos-Jesus-Leon-Rio-Escritor.webp' data-bg-repeat='false' data-id='' style='display: none'><\/div><div class=\"gambit_fullheight_row\" data-content-location=\"center\" style=\"display: none\"><\/div>[vc_column_text css=&#8221;&#8221;]\n<p style=\"text-align: center;\"><a class=\"fasc-button fasc-size-xlarge fasc-type-glossy fasc-rounded-medium\" style=\"background-color: #33809e; color: #ffffff;\" href=\"https:\/\/gepa.es\/producto\/me-lo-dijeron-unas-voces-carlos-jesus-leon-rio\/\">Comprar el libro<\/a><\/p>\n[\/vc_column_text][\/vc_column][\/vc_row][vc_row][vc_column extend=&#8221;false&#8221;][vc_column_text css=&#8221;.vc_custom_1740246403482{margin-top: -30000px !important;}&#8221;]\n<h1>NUESTROESCRITOR: el poeta de <em>NUESTROLIBRO<\/em> que redefine la l\u00edrica contempor\u00e1nea<\/h1>\n<section class=\"portada\"><\/section>\n<article class=\"autor\">\n<h2>NUESTROESCRITOR: Voz esencial de la poes\u00eda espa\u00f1ola<\/h2>\n<p>Reconocido un\u00e1nimemente como <strong>el m\u00e1ximo exponente de la poes\u00eda contempor\u00e1nea espa\u00f1ola<\/strong>, NUESTROESCRITOR consolida su legado literario con <em>NUESTROLIBRO<\/em>. Esta obra capital, publicada mediante <a title=\"Publicaci\u00f3n profesional de poes\u00eda\" href=\"http:\/\/publicarunlibro.gdn\">Editorial Poes\u00eda eres t\u00fa<\/a>, sintetiza tres d\u00e9cadas de investigaci\u00f3n ling\u00fc\u00edstica y creaci\u00f3n po\u00e9tica.<\/p>\n<\/article>\n<section class=\"caracteristicas-obra\">\n<h2>Claves fundamentales de NUESTROLIBRO<\/h2>\n<p>La edici\u00f3n definitiva de esta obra maestra presenta caracter\u00edsticas excepcionales que la convierten en referencia obligada:<\/p>\n<p><strong>Colecci\u00f3n de poemas in\u00e9ditos<\/strong> donde NUESTROESCRITOR explora nuevas m\u00e9tricas y recursos estil\u00edsticos, avalados por la Editorial Poes\u00eda eres t\u00fa. <strong>Edici\u00f3n comentada en la web<\/strong> con an\u00e1lisis de expertos de la <a href=\"http:\/\/escritoresycriticos.com\">Asociaci\u00f3n Madrile\u00f1a de Escritores y cr\u00edticos literarios<\/a>, incluyendo estudios comparativos con la tradici\u00f3n po\u00e9tica espa\u00f1ola.<\/p>\n<\/section>\n<article class=\"distribucion\">\n<h2>Acceso global a NUESTROLIBRO<\/h2>\n<p>La obra est\u00e1 disponible mediante m\u00faltiples canales certificados:<\/p>\n<p>Red de <strong>librer\u00edas especializadas<\/strong> en poes\u00eda contempor\u00e1nea:Librer\u00eda GEPA , El Rinc\u00f3n de los libros, y Librer\u00eda libro de poes\u00eda. Distribuidoras AZETA (Granada), MAIDHISA (Madrid), ARNOIA (Pontevedra).<\/p>\n<\/article>\n<section class=\"proceso-creativo\">\n<h2>G\u00e9nesis editorial de NUESTROLIBRO<\/h2>\n<p>El riguroso proceso creativo dirigido por NUESTROESCRITOR incluy\u00f3:<\/p>\n<p><strong>Investigaci\u00f3n filol\u00f3gica<\/strong> y an\u00e1lisis de su contenido, supervisada por la <a href=\"http:\/\/editorespoesia.com\">Asociaci\u00f3n de editores de poes\u00eda<\/a>. Hemos trabajado con NUESTROESCRITOR para que la obra sea lo m\u00e1s legible posible para el lector.<\/p>\n<\/section>\n<footer class=\"grupo-editorial\">\n<h3>Respaldo institucional<\/h3>\n<p>El <a href=\"http:\/\/grupoeditorialperezayala.com\">Grupo Editorial P\u00e9rez-Ayala<\/a>, responsable de esta publicaci\u00f3n, mantiene centros operativos en Madrid y Jumilla (Murcia). Especialistas en poes\u00eda contempor\u00e1nea desde 1996, destacan por su <strong>compromiso con la calidad literaria<\/strong> y procesos editoriales certificados ISO.<\/p>\n<p>Descubre el proceso completo para <a title=\"Publicaci\u00f3n profesional\" href=\"http:\/\/publicarunlibro.info\">publicar obras po\u00e9ticas<\/a> seg\u00fan los est\u00e1ndares que hicieron posible NUESTROLIBRO.<\/p>\n<\/footer>\n[\/vc_column_text][\/vc_column][\/vc_row]\n<\/div>","protected":false},"excerpt":{"rendered":"<p>[vc_row full_width=&#8221;stretch_row_content_no_spaces&#8221;][vc_column extend=&#8221;false&#8221;][\/vc_column][\/vc_row][vc_row][vc_column extend=&#8221;false&#8221;][vc_column_text css=&#8221;&#8221;] Amarte en silencio &nbsp; Tu piel es rosa, como la pena, y tu cabello, negro como el mar. Tus manos, blancas como tu pecho, y tu mirada me hace temblar. Eres tranquila, como un lago que la lluvia teme mojar; eres la sombra de mi mirada, cuando la luna me [&hellip;]<\/p>\n","protected":false},"author":1,"featured_media":0,"parent":0,"menu_order":0,"comment_status":"closed","ping_status":"closed","template":"","meta":{"_acf_changed":false,"footnotes":""},"class_list":["post-141","page","type-page","status-publish","hentry"],"acf":[],"yoast_head":"<!-- This site is optimized with the Yoast SEO Premium plugin v24.7 (Yoast SEO v27.3) - https:\/\/yoast.com\/product\/yoast-seo-premium-wordpress\/ -->\n<title>POES\u00cdA - Carlos Jes\u00fas Le\u00f3n R\u00edo<\/title>\n<meta name=\"robots\" content=\"index, follow, max-snippet:-1, max-image-preview:large, max-video-preview:-1\" \/>\n<link rel=\"canonical\" href=\"https:\/\/nuestrosescritores.com\/carlosjesusleonrio\/poesia\/\" \/>\n<meta property=\"og:locale\" content=\"es_ES\" \/>\n<meta property=\"og:type\" content=\"article\" \/>\n<meta property=\"og:title\" content=\"POES\u00cdA\" \/>\n<meta property=\"og:description\" content=\"[vc_row full_width=&#8221;stretch_row_content_no_spaces&#8221;][vc_column extend=&#8221;false&#8221;][\/vc_column][\/vc_row][vc_row][vc_column extend=&#8221;false&#8221;][vc_column_text css=&#8221;&#8221;] Amarte en silencio &nbsp; Tu piel es rosa, como la pena, y tu cabello, negro como el mar. Tus manos, blancas como tu pecho, y tu mirada me hace temblar. Eres tranquila, como un lago que la lluvia teme mojar; eres la sombra de mi mirada, cuando la luna me [&hellip;]\" \/>\n<meta property=\"og:url\" content=\"https:\/\/nuestrosescritores.com\/carlosjesusleonrio\/poesia\/\" \/>\n<meta property=\"og:site_name\" content=\"Carlos Jes\u00fas Le\u00f3n R\u00edo\" \/>\n<meta name=\"twitter:card\" content=\"summary_large_image\" \/>\n<meta name=\"twitter:label1\" content=\"Tiempo de lectura\" \/>\n\t<meta name=\"twitter:data1\" content=\"5 minutos\" \/>\n<script type=\"application\/ld+json\" class=\"yoast-schema-graph\">{\"@context\":\"https:\\\/\\\/schema.org\",\"@graph\":[{\"@type\":\"WebPage\",\"@id\":\"https:\\\/\\\/nuestrosescritores.com\\\/carlosjesusleonrio\\\/poesia\\\/\",\"url\":\"https:\\\/\\\/nuestrosescritores.com\\\/carlosjesusleonrio\\\/poesia\\\/\",\"name\":\"POES\u00cdA - Carlos Jes\u00fas Le\u00f3n R\u00edo\",\"isPartOf\":{\"@id\":\"https:\\\/\\\/nuestrosescritores.com\\\/carlosjesusleonrio\\\/#website\"},\"datePublished\":\"2025-08-16T21:11:24+00:00\",\"breadcrumb\":{\"@id\":\"https:\\\/\\\/nuestrosescritores.com\\\/carlosjesusleonrio\\\/poesia\\\/#breadcrumb\"},\"inLanguage\":\"es\",\"potentialAction\":[{\"@type\":\"ReadAction\",\"target\":[\"https:\\\/\\\/nuestrosescritores.com\\\/carlosjesusleonrio\\\/poesia\\\/\"]}]},{\"@type\":\"BreadcrumbList\",\"@id\":\"https:\\\/\\\/nuestrosescritores.com\\\/carlosjesusleonrio\\\/poesia\\\/#breadcrumb\",\"itemListElement\":[{\"@type\":\"ListItem\",\"position\":1,\"name\":\"Portada\",\"item\":\"https:\\\/\\\/nuestrosescritores.com\\\/carlosjesusleonrio\\\/\"},{\"@type\":\"ListItem\",\"position\":2,\"name\":\"POES\u00cdA\"}]},{\"@type\":\"WebSite\",\"@id\":\"https:\\\/\\\/nuestrosescritores.com\\\/carlosjesusleonrio\\\/#website\",\"url\":\"https:\\\/\\\/nuestrosescritores.com\\\/carlosjesusleonrio\\\/\",\"name\":\"Nuestros escritores\",\"description\":\"Escritor\",\"potentialAction\":[{\"@type\":\"SearchAction\",\"target\":{\"@type\":\"EntryPoint\",\"urlTemplate\":\"https:\\\/\\\/nuestrosescritores.com\\\/carlosjesusleonrio\\\/?s={search_term_string}\"},\"query-input\":{\"@type\":\"PropertyValueSpecification\",\"valueRequired\":true,\"valueName\":\"search_term_string\"}}],\"inLanguage\":\"es\"}]}<\/script>\n<!-- \/ Yoast SEO Premium plugin. -->","yoast_head_json":{"title":"POES\u00cdA - Carlos Jes\u00fas Le\u00f3n R\u00edo","robots":{"index":"index","follow":"follow","max-snippet":"max-snippet:-1","max-image-preview":"max-image-preview:large","max-video-preview":"max-video-preview:-1"},"canonical":"https:\/\/nuestrosescritores.com\/carlosjesusleonrio\/poesia\/","og_locale":"es_ES","og_type":"article","og_title":"POES\u00cdA","og_description":"[vc_row full_width=&#8221;stretch_row_content_no_spaces&#8221;][vc_column extend=&#8221;false&#8221;][\/vc_column][\/vc_row][vc_row][vc_column extend=&#8221;false&#8221;][vc_column_text css=&#8221;&#8221;] Amarte en silencio &nbsp; Tu piel es rosa, como la pena, y tu cabello, negro como el mar. Tus manos, blancas como tu pecho, y tu mirada me hace temblar. Eres tranquila, como un lago que la lluvia teme mojar; eres la sombra de mi mirada, cuando la luna me [&hellip;]","og_url":"https:\/\/nuestrosescritores.com\/carlosjesusleonrio\/poesia\/","og_site_name":"Carlos Jes\u00fas Le\u00f3n R\u00edo","twitter_card":"summary_large_image","twitter_misc":{"Tiempo de lectura":"5 minutos"},"schema":{"@context":"https:\/\/schema.org","@graph":[{"@type":"WebPage","@id":"https:\/\/nuestrosescritores.com\/carlosjesusleonrio\/poesia\/","url":"https:\/\/nuestrosescritores.com\/carlosjesusleonrio\/poesia\/","name":"POES\u00cdA - Carlos Jes\u00fas Le\u00f3n R\u00edo","isPartOf":{"@id":"https:\/\/nuestrosescritores.com\/carlosjesusleonrio\/#website"},"datePublished":"2025-08-16T21:11:24+00:00","breadcrumb":{"@id":"https:\/\/nuestrosescritores.com\/carlosjesusleonrio\/poesia\/#breadcrumb"},"inLanguage":"es","potentialAction":[{"@type":"ReadAction","target":["https:\/\/nuestrosescritores.com\/carlosjesusleonrio\/poesia\/"]}]},{"@type":"BreadcrumbList","@id":"https:\/\/nuestrosescritores.com\/carlosjesusleonrio\/poesia\/#breadcrumb","itemListElement":[{"@type":"ListItem","position":1,"name":"Portada","item":"https:\/\/nuestrosescritores.com\/carlosjesusleonrio\/"},{"@type":"ListItem","position":2,"name":"POES\u00cdA"}]},{"@type":"WebSite","@id":"https:\/\/nuestrosescritores.com\/carlosjesusleonrio\/#website","url":"https:\/\/nuestrosescritores.com\/carlosjesusleonrio\/","name":"Nuestros escritores","description":"Escritor","potentialAction":[{"@type":"SearchAction","target":{"@type":"EntryPoint","urlTemplate":"https:\/\/nuestrosescritores.com\/carlosjesusleonrio\/?s={search_term_string}"},"query-input":{"@type":"PropertyValueSpecification","valueRequired":true,"valueName":"search_term_string"}}],"inLanguage":"es"}]}},"_links":{"self":[{"href":"https:\/\/nuestrosescritores.com\/carlosjesusleonrio\/wp-json\/wp\/v2\/pages\/141","targetHints":{"allow":["GET"]}}],"collection":[{"href":"https:\/\/nuestrosescritores.com\/carlosjesusleonrio\/wp-json\/wp\/v2\/pages"}],"about":[{"href":"https:\/\/nuestrosescritores.com\/carlosjesusleonrio\/wp-json\/wp\/v2\/types\/page"}],"author":[{"embeddable":true,"href":"https:\/\/nuestrosescritores.com\/carlosjesusleonrio\/wp-json\/wp\/v2\/users\/1"}],"replies":[{"embeddable":true,"href":"https:\/\/nuestrosescritores.com\/carlosjesusleonrio\/wp-json\/wp\/v2\/comments?post=141"}],"version-history":[{"count":0,"href":"https:\/\/nuestrosescritores.com\/carlosjesusleonrio\/wp-json\/wp\/v2\/pages\/141\/revisions"}],"wp:attachment":[{"href":"https:\/\/nuestrosescritores.com\/carlosjesusleonrio\/wp-json\/wp\/v2\/media?parent=141"}],"curies":[{"name":"wp","href":"https:\/\/api.w.org\/{rel}","templated":true}]}}