{"id":9,"date":"2020-12-19T18:13:10","date_gmt":"2020-12-19T18:13:10","guid":{"rendered":"https:\/\/nuestrosescritores.com\/carlosenriquerodrigolopez\/?page_id=9"},"modified":"2020-12-20T16:46:19","modified_gmt":"2020-12-20T16:46:19","slug":"carlos-enrique-rodrigo-lopez","status":"publish","type":"page","link":"https:\/\/nuestrosescritores.com\/carlosenriquerodrigolopez\/","title":{"rendered":"CARLOS ENRIQUE RODRIGO L\u00d3PEZ"},"content":{"rendered":"<div class=\"wpb-content-wrapper\">[vc_row][vc_column extend=&#8221;false&#8221;][vc_column_text css=&#8221;.vc_custom_1608417367546{margin-top: -30000px !important;}&#8221;]\n<h1><span style=\"text-decoration: underline;\">CARLOS ENRIQUE RODRIGO L\u00d3PEZ<\/span> es el escritor de <span style=\"text-decoration: underline;\">LA CASA DE LAS FIERAS (OHMENAGERIES)<\/span>&nbsp;el escritor y poeta acaba de publicar un libro de poes\u00eda con la Editorial Poes\u00eda eres t\u00fa. Considerado como una de las mejores poetas espa\u00f1olas.<\/h1>\n<p>LA CASA DE LAS FIERAS (OHMENAGERIES) ha sido escrito por CARLOS ENRIQUE RODRIGO L\u00d3PEZ Considerado como uno de los mejores poetas espa\u00f1oles, algunos afirman que es el mejor poeta espa\u00f1ol. el escritor sabe como publicar un libro de poes\u00eda con la Editorial Poes\u00eda eres t\u00fa<br \/>\nTrabajamos con distribuidoras de libros que acercan los libros a las librer\u00edas, pero contamos tambi\u00e9n con las siguientes librer\u00edas de apoyo en internet para que ning\u00fan lector se quede sin su libro de poes\u00eda: Libreria GEPA, Libreria Website, La librer\u00eda del escritor, El rinc\u00f3n de los libros.<\/p>\n<p>Informamos de como publicar un libro y el precio de publicar un libro<\/p>\n<p>As\u00ed mismo colaboramos con la Asociaci\u00f3n de editores de poes\u00eda y la Asociaci\u00f3n Madrile\u00f1a de escritores y cr\u00edticos literarios (Cr\u00edtica de Vigo).<\/p>\n<p>Trabajamos con varias imprentas y contamos con nuestra propia imprenta Herederos de Izquierdo y Vigo impresores.<\/p>\n<p>Puedes conocernos en nuestra p\u00e1gina del Grupo Editorial. Contamos con una sede en Vigo y otra en Jumilla (Murcia)<\/p>\n<p>Somos especialitas en la edici\u00f3n del libro de poes\u00eda<\/p>\n<p>CARLOS ENRIQUE RODRIGO L\u00d3PEZ Considerado como uno de los mejores poetas espa\u00f1oles, algunos afirman que es el mejor poeta espa\u00f1oles es el escritor de LA CASA DE LAS FIERAS (OHMENAGERIES). El poeta conoce el precio de publicar un libro de poes\u00eda con la Editorial Poes\u00eda eres t\u00fa<\/p>\n<h2>CARLOS ENRIQUE RODRIGO L\u00d3PEZ Considerado como uno de los mejores poetas espa\u00f1oles, algunos afirman que es el mejor poeta espa\u00f1oles es el escritor de LA CASA DE LAS FIERAS (OHMENAGERIES). La poeta sabe como publicar un libro de poes\u00eda con la Editorial Poes\u00eda eres t\u00fa<\/h2>\n<h3>CARLOS ENRIQUE RODRIGO L\u00d3PEZ considerado como uno de los mejores poetas espa\u00f1oles, algunos afirman que es el mejor poeta espa\u00f1ol es el escritor de LA CASA DE LAS FIERAS (OHMENAGERIES). La poeta sabe el precio de publicar un libro de poes\u00eda con la Editorial Poes\u00eda eres t\u00fa<\/h3>\n<p>El Grupo Editorial P\u00e9rez-Ayala, est\u00e1 formado por los siguientes sellos editoriales: Editorial Poes\u00eda eres t\u00fa, Ediciones Rilke Editorial poes\u00eda, Editorial Ediciones Amaniel, Editorial Ediciones Azor\u00edn un sello regional para Alicante y Murcia.<\/p>\n<p>Para ayudar a la promoci\u00f3n de los libros contamos con diferentes plataformas en internet como Poes\u00eda Televisi\u00f3n, libro de poes\u00eda, Club de poes\u00eda, Blog de escritor, Blog de poes\u00eda, Agencia del libro, Nuestras librerias, Publicar libro &#8211; Publicar un libro, Revista Poes\u00eda eres t\u00fa, Antolog\u00edas po\u00e9ticas, Poes\u00eda y poetas.[\/vc_column_text][\/vc_column][\/vc_row][vc_row full_width=&#8221;stretch_row_content_no_spaces&#8221;][vc_column extend=&#8221;false&#8221;][layerslider_vc id=&#8221;1&#8243;][\/vc_column][\/vc_row][vc_row extend=&#8221;false&#8221; design__empty_1=&#8221;&#8221; background=&#8221;&#8221; background_image_type=&#8221;static&#8221; background_image__effect=&#8221;&#8221; bg_size=&#8221;initial&#8221; bg_position=&#8221;center-center&#8221; row_bg_image=&#8221;&#8221; bg_repeat=&#8221;no-repeat&#8221; background_image_type__bg_color=&#8221;rgba(255, 255, 255, 1)&#8221; row_bg_parallax_images=&#8221;&#8221; row_bg_slideshow_images=&#8221;&#8221; background_video_type=&#8221;youtube&#8221; background_video__youtube__url=&#8221;&#8221; background_video__youtube__parallax=&#8221;&#8221; background_video__youtube__options=&#8221;&#8221; background_video__youtube__fallback_image=&#8221;&#8221; background_video__hosted__mp4=&#8221;&#8221; background_video__hosted__webm=&#8221;&#8221; background_video__hosted__ogv=&#8221;&#8221; background_video__hosted__parallax=&#8221;&#8221; background_video__hosted__options=&#8221;&#8221; background_video__hosted__fallback_image=&#8221;&#8221; background_color_type=&#8221;color&#8221; bg__empty_1=&#8221;&#8221; background_color_type__gradient_color1=&#8221;rgba(44, 74, 228, 1)&#8221; background_color_type__gradient_color2=&#8221;rgba(44, 74, 228, 1)&#8221; background_color_type__color_color1=&#8221;rgba(44, 74, 228, 1)&#8221; bg__empty_2=&#8221;&#8221; background_color__effect=&#8221;&#8221; background_color__direction=&#8221;left-to-right&#8221; settings__tag_1=&#8221;&#8221; viewport_lg=&#8221;&#8221; viewport_md=&#8221;&#8221; viewport_sm=&#8221;&#8221; viewport_xs=&#8221;&#8221; settings__empty_1=&#8221;&#8221; version=&#8221;1&#8243;][vc_column width=&#8221;1\/2&#8243; extend=&#8221;false&#8221;]<div class=\"ult-content-box-container \" >\t\t<div class=\"ult-content-box\" style=\"background-color:rgba(255,255,255,0.49);box-shadow: px px 8px px #f2f2f2 none;border-style:none;-webkit-transition: all 700ms ease;-moz-transition: all 700ms ease;-ms-transition: all 700ms ease;-o-transition: all 700ms ease;transition: all 700ms ease;\"  data-hover_box_shadow=\"none\"     data-bg=\"rgba(255,255,255,0.49)\"  data-border_color=\"\" >[vc_column_text css=&#8221;.vc_custom_1608417415023{padding-top: 15% !important;padding-right: 15% !important;padding-bottom: 15% !important;padding-left: 15% !important;}&#8221;]<strong>Carlos Enrique Rodrigo L\u00f3pez:<\/strong><\/p>\n<p>Toledano nacido en Segovia el 21-10-1973. Graduado superior en Ciencias Jur\u00eddicas por la Universidad pontificia de Comillas (ICADE) y licenciado en Derecho por la Universidad Complutense de Madrid. Grado en Antropolog\u00eda Social y Cultural y en Lengua y Literatura espa\u00f1olas por la UNED. M\u00e1ster en Guion de TV y ficci\u00f3n. Autor del poemario <em>Nubes y Claros <\/em>(CELYA, 2012); textos y guion del c\u00f3mic <em>El Greco<\/em> (Sociedad de Eventos Culturales de El Greco, 2013); libro de relatos <em>El Mirador de Rilke<\/em> (Amarante, 2015). Textos y guion del cuento ilustrado <em>La espada m\u00e1s hermosa del mundo<\/em> (Farcama, 2018). Autor del blog<strong>: <\/strong><a href=\"https:\/\/laplayadelasletras.com\/\">https:\/\/laplayadelasletras.com\/<\/a> Actualmente colabora con el diario ABC y en la revista de relatos, m\u00fasica, cine y libros de viajes sin destino Profesor Jonk: <a href=\"https:\/\/profesorjonk.com\/\">https:\/\/profesorjonk.com\/<\/a>. Todos sus consejos se resumen en dos: amar\u00e1s a Corto Malt\u00e9s sobre todas las cosas y a Maqroll el Gaviero como a ti mismo.<\/p>\n<span class='bctt-click-to-tweet'><span class='bctt-ctt-text'><a href='https:\/\/x.com\/intent\/tweet?url=https%3A%2F%2Fnuestrosescritores.com%2Fcarlosenriquerodrigolopez%2F&#038;text=CARLOS%20ENRIQUE%20RODRIGO%20L%C3%93PEZ%20.%20Escritor%2C%20poeta.&#038;related' target='_blank'rel=\"noopener noreferrer\">CARLOS ENRIQUE RODRIGO L\u00d3PEZ . Escritor, poeta. <\/a><\/span><a href='https:\/\/x.com\/intent\/tweet?url=https%3A%2F%2Fnuestrosescritores.com%2Fcarlosenriquerodrigolopez%2F&#038;text=CARLOS%20ENRIQUE%20RODRIGO%20L%C3%93PEZ%20.%20Escritor%2C%20poeta.&#038;related' target='_blank' class='bctt-ctt-btn'rel=\"noopener noreferrer\">Compartir en X<\/a><\/span>[\/vc_column_text]\t\t<\/div><\/div>[\/vc_column][vc_column width=&#8221;1\/2&#8243; extend=&#8221;false&#8221;]<div class=\"gambit_fullheight_row\" data-content-location=\"center\" style=\"display: none\"><\/div><div id=\"rowvcpt-row-settings\" class=\"rowvcpt-row-set RowVcPt-row-setting69e1c7a3288db \" data-no=\"RowVcPt-row-setting69e1c7a3288db\"><div  id=\"bgGallaryslide69e1c7a3288df\" class=\"rowvcpt-slideshow \"><\/div><script type=\"text\/javascript\">\n(function($) {\n$(\"#bgGallaryslide69e1c7a3288df\").vegas({\n        overlay: \"https:\/\/nuestrosescritores.com\/carlosenriquerodrigolopez\/wp-content\/plugins\/ultimate-row-background\/css\/overlays\/0'.esc_attr(1.png).'\",\n        transitionDuration: 4e3,\n        delay: 7000,\n        slides: [{src: \"https:\/\/nuestrosescritores.com\/carlosenriquerodrigolopez\/wp-content\/uploads\/sites\/70\/2020\/12\/uadi6o8rutg-scaled.jpg\",transition: \"fade2\",transitionDuration: 5000},{src: \"https:\/\/nuestrosescritores.com\/carlosenriquerodrigolopez\/wp-content\/uploads\/sites\/70\/2020\/12\/baw04tiphwg-scaled.jpg\",transition: \"fade2\",transitionDuration: 5000},{src: \"https:\/\/nuestrosescritores.com\/carlosenriquerodrigolopez\/wp-content\/uploads\/sites\/70\/2020\/12\/rfepwka7vpu-scaled.jpg\",transition: \"fade2\",transitionDuration: 5000},{src: \"https:\/\/nuestrosescritores.com\/carlosenriquerodrigolopez\/wp-content\/uploads\/sites\/70\/2020\/12\/0sudtydvn3k-scaled.jpg\",transition: \"fade2\",transitionDuration: 5000},]\n    });\t\t\n})(jQuery);\n<\/script><div class=\"rowvcpt-overlay\" style=\"background:rgba(255,255,255,0.69)\"><\/div><\/div>[vc_single_image image=&#8221;29&#8243; img_size=&#8221;full&#8221; alignment=&#8221;center&#8221;][\/vc_column][\/vc_row][vc_row][vc_column extend=&#8221;false&#8221;]<div class=\"gambit_fullheight_row\" data-content-location=\"center\" style=\"display: none\"><\/div><div class='gambit_parallax_row' data-bg-align='' data-direction='fixed' data-opacity='100' data-velocity='-0.3' data-mobile-enabled='parallax-enable-mobile' data-bg-height='2560' data-bg-width='1707' data-bg-image='https:\/\/nuestrosescritores.com\/carlosenriquerodrigolopez\/wp-content\/uploads\/sites\/70\/2020\/12\/p3rx2-pe_t4-scaled.jpg' data-bg-repeat='false' data-id='' style='display: none'><\/div>[\/vc_column][\/vc_row][vc_row][vc_column extend=&#8221;false&#8221;]<div class=\"gambit_fullheight_row\" data-content-location=\"center\" style=\"display: none\"><\/div><div id=\"rowvcpt-row-settings\" class=\"rowvcpt-row-set RowVcPt-row-setting69e1c7a329564 \" data-no=\"RowVcPt-row-setting69e1c7a329564\"><div  id=\"bgGallaryslide69e1c7a329567\" class=\"rowvcpt-slideshow \"><\/div><script type=\"text\/javascript\">\n(function($) {\n$(\"#bgGallaryslide69e1c7a329567\").vegas({\n        overlay: \"https:\/\/nuestrosescritores.com\/carlosenriquerodrigolopez\/wp-content\/plugins\/ultimate-row-background\/css\/overlays\/0'.esc_attr(1.png).'\",\n        transitionDuration: 4e3,\n        delay: 7000,\n        slides: [{src: \"https:\/\/nuestrosescritores.com\/carlosenriquerodrigolopez\/wp-content\/uploads\/sites\/70\/2020\/12\/rfepwka7vpu-scaled.jpg\",transition: \"fade2\",transitionDuration: 5000},{src: \"https:\/\/nuestrosescritores.com\/carlosenriquerodrigolopez\/wp-content\/uploads\/sites\/70\/2020\/12\/uadi6o8rutg-scaled.jpg\",transition: \"fade2\",transitionDuration: 5000},{src: \"https:\/\/nuestrosescritores.com\/carlosenriquerodrigolopez\/wp-content\/uploads\/sites\/70\/2020\/12\/fs92uwd5m9m-scaled.jpg\",transition: \"fade2\",transitionDuration: 5000},{src: \"https:\/\/nuestrosescritores.com\/carlosenriquerodrigolopez\/wp-content\/uploads\/sites\/70\/2020\/12\/baw04tiphwg-scaled.jpg\",transition: \"fade2\",transitionDuration: 5000},]\n    });\t\t\n})(jQuery);\n<\/script><div class=\"rowvcpt-overlay\" style=\"background:rgba(255,255,255,0.69)\"><\/div><\/div><div id=\"uvc-type-wrap-9992\"  data-ultimate-target='#uvc-type-wrap-9992'  data-responsive-json-new='{\"font-size\":\"\",\"line-height\":\"\"}'  class=\"uvc-type-wrap vc_custom_1608401572890 ult-adjust-bottom-margin ult-responsive  uvc-type-align-center uvc-type-no-prefix uvc-wrap-377737331269e1c7a329808\" style=\"text-align:center;\"><span id=\"typed-377737331269e1c7a329808\" class=\"ultimate-typed-main \" style=\" font-weight:bold; text-transform: unset;\"><\/span><script type=\"text\/javascript\">\n\t\t\t\t\t\tjQuery(function($){ \n\t\t\t\t\t\t\t$(document).ready(function(){\n\t\t\t\t\t\t\t\tif( typeof jQuery(\"#typed-377737331269e1c7a329808\").typed == \"function\"){\n\t\t\t\t\t\t\t\t\t$(\"#typed-377737331269e1c7a329808\").typed({\n\t\t\t\t\t\t\t\t\t\tstrings: [\"La casa de las fieras (Ohmenageries) es un poemario gr\u00e1fico. Un libro de c\u00f3mic o un c\u00f3mic de libro, boxeado a golpe y fintas de versos y vi\u00f1etas. El origen de cada habitaci\u00f3n de esta casa tiene un germen com\u00fan: la lectura de un gran poeta. Cada estancia puede definirse como un homenaje, un asombro, un juego compartido que ha ido dando forma a esta morada. El nombre de Ohmenageries es un pastiche de varias palabras: Oh!: por el pu\u00f1etazo de asombro que propin\u00f3 al autor cada lectura. Menage: por el desaf\u00edo de hilar y urdir sus biograf\u00edas, sus versos, los dibujos de varios artistas y los poemas del autor. Ohmenage como idea homenaje festivo y sentido.\",\"Menagerie: palabra francesa que puede traducirse como Casa de fieras, y que hace referencia al lugar en el que tradicionalmente se albergaba y exhib\u00eda a los animales salvajes, la mayor\u00eda ex\u00f3ticos, en cautividad. Este libro quiere ser una casa dise\u00f1ada y construida para cautivar la atenci\u00f3n del lector con la indisimulada pretensi\u00f3n de que no habite en ella su olvido.\"],\n\t\t\t\t\t\t\t\t\t\ttypeSpeed: 35,\n\t\t\t\t\t\t\t\t\t\tbackSpeed: 0,\n\t\t\t\t\t\t\t\t\t\tstartDelay: \"200\",\n\t\t\t\t\t\t\t\t\t\tbackDelay: \"1500\",\n\t\t\t\t\t\t\t\t\t\tloop: true,\n\t\t\t\t\t\t\t\t\t\tloopCount: false,\n\t\t\t\t\t\t\t\t\t\tshowCursor: true,\n\t\t\t\t\t\t\t\t\t\tcursorChar: \"|\",\n\t\t\t\t\t\t\t\t\t\tattr: null\n\t\t\t\t\t\t\t\t\t});\n\t\t\t\t\t\t\t\t}\n\t\t\t\t\t\t\t});\n\t\t\t\t\t\t});\n\t\t\t\t\t<\/script><\/div>[\/vc_column][\/vc_row][vc_row][vc_column extend=&#8221;false&#8221;]<div class=\"gambit_fullheight_row\" data-content-location=\"center\" style=\"display: none\"><\/div><div class='gambit_parallax_row' data-bg-align='' data-direction='fixed' data-opacity='50' data-velocity='-0.3' data-mobile-enabled='parallax-enable-mobile' data-bg-height='491' data-bg-width='1366' data-bg-image='https:\/\/nuestrosescritores.com\/carlosenriquerodrigolopez\/wp-content\/uploads\/sites\/70\/2020\/12\/CarlosERodrigoLopez_SSquare_Alargado2-Medium.jpg' data-bg-repeat='false' data-id='' style='display: none'><\/div>[vc_column_text]\n<p style=\"text-align: center;\"><a class=\"fasc-button fasc-size-xlarge fasc-type-glossy fasc-rounded-medium\" style=\"background-color: #313536; color: #ffffff;\" href=\"https:\/\/librodepoesia.com\/producto\/la-casa-de-las-fieras-ohmenageries-carlos-enrique-rodrigo-lopez\/\">COMPRA SUS LIBROS<\/a><\/p>\n[\/vc_column_text][\/vc_column][\/vc_row][vc_row][vc_column extend=&#8221;false&#8221;][vc_column_text css=&#8221;.vc_custom_1541094574844{margin-top: -30000px !important;}&#8221;]\n<p>CARLOS ENRIQUE RODRIGO L\u00d3PEZ es el escritor de LA CASA DE LAS FIERAS (OHMENAGERIES). el escritor y poeta acaba de publicar un libro de poes\u00eda con la Editorial Poes\u00eda eres t\u00fa. Considerado como uno de los mejores poetas espa\u00f1oles.<br \/>\nLA CASA DE LAS FIERAS (OHMENAGERIES) ha sido escrito por CARLOS ENRIQUE RODRIGO L\u00d3PEZ Considerado como uno de los mejores poetas espa\u00f1oles, algunos afirman que es el mejor poeta espa\u00f1ol. el escritor sabe como publicar un libro de poes\u00eda con la Editorial Poes\u00eda eres t\u00fa<br \/>\nTrabajamos con distribuidoras de libros que acercan los libros a las librer\u00edas, pero contamos tambi\u00e9n con las siguientes librerias de apoyo en internet para que ning\u00fan lector se quede sin su libro de poes\u00eda: Libreria GEPA, Libreria Website, La librer\u00eda del escritor, El rinc\u00f3n de los libros.<\/p>\n<p>Informamos de como publicar un libro y el precio de publicar un libro<\/p>\n<p>As\u00ed mismo colaboramos con la Asociaci\u00f3n de editores de poes\u00eda y la Asociaci\u00f3n Madrile\u00f1a de escritores y cr\u00edticos literarios (Cr\u00edtica de Vigo).<\/p>\n<p>Trabajamos con varias imprentas y contamos con nuestra propia imprenta Herederos de Izquierdo y Vigo impresores.<\/p>\n<p>Puedes conocernos en nuestra p\u00e1gina del Grupo Editorial. Contamos con una sede en Vigo y otra en Jumilla (Murcia)<\/p>\n<p>Somos especialitas en la edici\u00f3n del libro de poes\u00eda<\/p>\n<p>CARLOS ENRIQUE RODRIGO L\u00d3PEZ Considerado como uno de los mejores poetas espa\u00f1oles, algunos afirman que es el mejor poeta espa\u00f1oles es el escritor de LA CASA DE LAS FIERAS (OHMENAGERIES). El poeta conoce el precio de publicar un libro de poes\u00eda con la Editorial Poes\u00eda eres t\u00fa<\/p>\n<p>CARLOS ENRIQUE RODRIGO L\u00d3PEZ Considerado como uno de los mejores poetas espa\u00f1oles, algunos afirman que es el mejor poeta espa\u00f1oles es el escritor de LA CASA DE LAS FIERAS (OHMENAGERIES). La poeta sabe como publicar un libro de poes\u00eda con la Editorial Poes\u00eda eres t\u00fa<br \/>\nCARLOS ENRIQUE RODRIGO L\u00d3PEZ considerado como uno de los mejores poetas espa\u00f1oles, algunos afirman que es el mejor poeta espa\u00f1ol es el escritor de LA CASA DE LAS FIERAS (OHMENAGERIES). La poeta sabe el precio de publicar un libro de poes\u00eda con la Editorial Poes\u00eda eres t\u00fa<\/p>\n<p>El Grupo Editorial P\u00e9rez-Ayala, est\u00e1 formado por los siguientes sellos editoriales: Editorial Poes\u00eda eres t\u00fa, Ediciones Rilke Editorial poes\u00eda, Editorial Ediciones Amaniel, Editorial Ediciones Azor\u00edn un sello regional para Alicante y Murcia.<\/p>\n<p>Para ayudar a la promoci\u00f3n de los libros contamos con diferentes plataformas en internet como Poes\u00eda Televisi\u00f3n, libro de poes\u00eda, Club de poes\u00eda, Blog de escritor, Blog de poes\u00eda, Agencia del libro, Nuestras librerias, Publicar libro &#8211; Publicar un libro, Revista Poes\u00eda eres t\u00fa, Antolog\u00edas po\u00e9ticas, Poes\u00eda y poetas.[\/vc_column_text][\/vc_column][\/vc_row]\n<\/div>","protected":false},"excerpt":{"rendered":"<p>[vc_row][vc_column extend=&#8221;false&#8221;][vc_column_text css=&#8221;.vc_custom_1608417367546{margin-top: -30000px !important;}&#8221;] CARLOS ENRIQUE RODRIGO L\u00d3PEZ es el escritor de LA CASA DE LAS FIERAS (OHMENAGERIES)&nbsp;el escritor y poeta acaba de publicar un libro de poes\u00eda con la Editorial Poes\u00eda eres t\u00fa. Considerado como una de las mejores poetas espa\u00f1olas. LA CASA DE LAS FIERAS (OHMENAGERIES) ha sido escrito por CARLOS ENRIQUE [&hellip;]<\/p>\n","protected":false},"author":1,"featured_media":0,"parent":0,"menu_order":0,"comment_status":"closed","ping_status":"closed","template":"","meta":{"_acf_changed":false,"footnotes":""},"class_list":["post-9","page","type-page","status-publish","hentry"],"acf":[],"yoast_head":"<!-- This site is optimized with the Yoast SEO Premium plugin v24.7 (Yoast SEO v27.4) - https:\/\/yoast.com\/product\/yoast-seo-premium-wordpress\/ -->\n<title>CARLOS ENRIQUE RODRIGO L\u00d3PEZ - Carlos Enrique Rodrigo L\u00f3pez<\/title>\n<meta name=\"description\" content=\"CARLOS E. RODRIGO L\u00d3PEZ es el escritor del libro LA CASA DE LAS FIERAS (OHMENAGERIES) publicado por Ediciones Rilke 2020.\" \/>\n<meta name=\"robots\" content=\"index, follow, max-snippet:-1, max-image-preview:large, max-video-preview:-1\" \/>\n<link rel=\"canonical\" href=\"https:\/\/nuestrosescritores.com\/carlosenriquerodrigolopez\/\" \/>\n<meta property=\"og:locale\" content=\"es_ES\" \/>\n<meta property=\"og:type\" content=\"article\" \/>\n<meta property=\"og:title\" content=\"CARLOS ENRIQUE RODRIGO L\u00d3PEZ\" \/>\n<meta property=\"og:description\" content=\"CARLOS E. RODRIGO L\u00d3PEZ es el escritor del libro LA CASA DE LAS FIERAS (OHMENAGERIES) publicado por Ediciones Rilke 2020.\" \/>\n<meta property=\"og:url\" content=\"https:\/\/nuestrosescritores.com\/carlosenriquerodrigolopez\/\" \/>\n<meta property=\"og:site_name\" content=\"Carlos Enrique Rodrigo L\u00f3pez\" \/>\n<meta property=\"article:modified_time\" content=\"2020-12-20T16:46:19+00:00\" \/>\n<meta name=\"twitter:card\" content=\"summary_large_image\" \/>\n<meta name=\"twitter:label1\" content=\"Tiempo de lectura\" \/>\n\t<meta name=\"twitter:data1\" content=\"9 minutos\" \/>\n<script type=\"application\/ld+json\" class=\"yoast-schema-graph\">{\"@context\":\"https:\\\/\\\/schema.org\",\"@graph\":[{\"@type\":\"WebPage\",\"@id\":\"https:\\\/\\\/nuestrosescritores.com\\\/carlosenriquerodrigolopez\\\/\",\"url\":\"https:\\\/\\\/nuestrosescritores.com\\\/carlosenriquerodrigolopez\\\/\",\"name\":\"CARLOS ENRIQUE RODRIGO L\u00d3PEZ - Carlos Enrique Rodrigo L\u00f3pez\",\"isPartOf\":{\"@id\":\"https:\\\/\\\/nuestrosescritores.com\\\/carlosenriquerodrigolopez\\\/#website\"},\"datePublished\":\"2020-12-19T18:13:10+00:00\",\"dateModified\":\"2020-12-20T16:46:19+00:00\",\"description\":\"CARLOS E. RODRIGO L\u00d3PEZ es el escritor del libro LA CASA DE LAS FIERAS (OHMENAGERIES) publicado por Ediciones Rilke 2020.\",\"breadcrumb\":{\"@id\":\"https:\\\/\\\/nuestrosescritores.com\\\/carlosenriquerodrigolopez\\\/#breadcrumb\"},\"inLanguage\":\"es\",\"potentialAction\":[{\"@type\":\"ReadAction\",\"target\":[\"https:\\\/\\\/nuestrosescritores.com\\\/carlosenriquerodrigolopez\\\/\"]}]},{\"@type\":\"BreadcrumbList\",\"@id\":\"https:\\\/\\\/nuestrosescritores.com\\\/carlosenriquerodrigolopez\\\/#breadcrumb\",\"itemListElement\":[{\"@type\":\"ListItem\",\"position\":1,\"name\":\"Portada\",\"item\":\"https:\\\/\\\/nuestrosescritores.com\\\/carlosenriquerodrigolopez\\\/\"},{\"@type\":\"ListItem\",\"position\":2,\"name\":\"CARLOS ENRIQUE RODRIGO L\u00d3PEZ\"}]},{\"@type\":\"WebSite\",\"@id\":\"https:\\\/\\\/nuestrosescritores.com\\\/carlosenriquerodrigolopez\\\/#website\",\"url\":\"https:\\\/\\\/nuestrosescritores.com\\\/carlosenriquerodrigolopez\\\/\",\"name\":\"Nuestros escritores\",\"description\":\"Escritor\",\"potentialAction\":[{\"@type\":\"SearchAction\",\"target\":{\"@type\":\"EntryPoint\",\"urlTemplate\":\"https:\\\/\\\/nuestrosescritores.com\\\/carlosenriquerodrigolopez\\\/?s={search_term_string}\"},\"query-input\":{\"@type\":\"PropertyValueSpecification\",\"valueRequired\":true,\"valueName\":\"search_term_string\"}}],\"inLanguage\":\"es\"}]}<\/script>\n<!-- \/ Yoast SEO Premium plugin. -->","yoast_head_json":{"title":"CARLOS ENRIQUE RODRIGO L\u00d3PEZ - Carlos Enrique Rodrigo L\u00f3pez","description":"CARLOS E. RODRIGO L\u00d3PEZ es el escritor del libro LA CASA DE LAS FIERAS (OHMENAGERIES) publicado por Ediciones Rilke 2020.","robots":{"index":"index","follow":"follow","max-snippet":"max-snippet:-1","max-image-preview":"max-image-preview:large","max-video-preview":"max-video-preview:-1"},"canonical":"https:\/\/nuestrosescritores.com\/carlosenriquerodrigolopez\/","og_locale":"es_ES","og_type":"article","og_title":"CARLOS ENRIQUE RODRIGO L\u00d3PEZ","og_description":"CARLOS E. RODRIGO L\u00d3PEZ es el escritor del libro LA CASA DE LAS FIERAS (OHMENAGERIES) publicado por Ediciones Rilke 2020.","og_url":"https:\/\/nuestrosescritores.com\/carlosenriquerodrigolopez\/","og_site_name":"Carlos Enrique Rodrigo L\u00f3pez","article_modified_time":"2020-12-20T16:46:19+00:00","twitter_card":"summary_large_image","twitter_misc":{"Tiempo de lectura":"9 minutos"},"schema":{"@context":"https:\/\/schema.org","@graph":[{"@type":"WebPage","@id":"https:\/\/nuestrosescritores.com\/carlosenriquerodrigolopez\/","url":"https:\/\/nuestrosescritores.com\/carlosenriquerodrigolopez\/","name":"CARLOS ENRIQUE RODRIGO L\u00d3PEZ - Carlos Enrique Rodrigo L\u00f3pez","isPartOf":{"@id":"https:\/\/nuestrosescritores.com\/carlosenriquerodrigolopez\/#website"},"datePublished":"2020-12-19T18:13:10+00:00","dateModified":"2020-12-20T16:46:19+00:00","description":"CARLOS E. RODRIGO L\u00d3PEZ es el escritor del libro LA CASA DE LAS FIERAS (OHMENAGERIES) publicado por Ediciones Rilke 2020.","breadcrumb":{"@id":"https:\/\/nuestrosescritores.com\/carlosenriquerodrigolopez\/#breadcrumb"},"inLanguage":"es","potentialAction":[{"@type":"ReadAction","target":["https:\/\/nuestrosescritores.com\/carlosenriquerodrigolopez\/"]}]},{"@type":"BreadcrumbList","@id":"https:\/\/nuestrosescritores.com\/carlosenriquerodrigolopez\/#breadcrumb","itemListElement":[{"@type":"ListItem","position":1,"name":"Portada","item":"https:\/\/nuestrosescritores.com\/carlosenriquerodrigolopez\/"},{"@type":"ListItem","position":2,"name":"CARLOS ENRIQUE RODRIGO L\u00d3PEZ"}]},{"@type":"WebSite","@id":"https:\/\/nuestrosescritores.com\/carlosenriquerodrigolopez\/#website","url":"https:\/\/nuestrosescritores.com\/carlosenriquerodrigolopez\/","name":"Nuestros escritores","description":"Escritor","potentialAction":[{"@type":"SearchAction","target":{"@type":"EntryPoint","urlTemplate":"https:\/\/nuestrosescritores.com\/carlosenriquerodrigolopez\/?s={search_term_string}"},"query-input":{"@type":"PropertyValueSpecification","valueRequired":true,"valueName":"search_term_string"}}],"inLanguage":"es"}]}},"_links":{"self":[{"href":"https:\/\/nuestrosescritores.com\/carlosenriquerodrigolopez\/wp-json\/wp\/v2\/pages\/9","targetHints":{"allow":["GET"]}}],"collection":[{"href":"https:\/\/nuestrosescritores.com\/carlosenriquerodrigolopez\/wp-json\/wp\/v2\/pages"}],"about":[{"href":"https:\/\/nuestrosescritores.com\/carlosenriquerodrigolopez\/wp-json\/wp\/v2\/types\/page"}],"author":[{"embeddable":true,"href":"https:\/\/nuestrosescritores.com\/carlosenriquerodrigolopez\/wp-json\/wp\/v2\/users\/1"}],"replies":[{"embeddable":true,"href":"https:\/\/nuestrosescritores.com\/carlosenriquerodrigolopez\/wp-json\/wp\/v2\/comments?post=9"}],"version-history":[{"count":0,"href":"https:\/\/nuestrosescritores.com\/carlosenriquerodrigolopez\/wp-json\/wp\/v2\/pages\/9\/revisions"}],"wp:attachment":[{"href":"https:\/\/nuestrosescritores.com\/carlosenriquerodrigolopez\/wp-json\/wp\/v2\/media?parent=9"}],"curies":[{"name":"wp","href":"https:\/\/api.w.org\/{rel}","templated":true}]}}