{"id":71,"date":"2021-11-20T18:26:36","date_gmt":"2021-11-20T18:26:36","guid":{"rendered":"https:\/\/nuestrosescritores.com\/carlosbrunahernandez\/?page_id=71"},"modified":"2021-11-20T19:23:24","modified_gmt":"2021-11-20T19:23:24","slug":"poesia","status":"publish","type":"page","link":"https:\/\/nuestrosescritores.com\/carlosbrunahernandez\/poesia\/","title":{"rendered":"Poes\u00eda"},"content":{"rendered":"<div class=\"wpb-content-wrapper\">[vc_row full_width=&#8221;stretch_row_content_no_spaces&#8221; full_height=&#8221;yes&#8221; equal_height=&#8221;yes&#8221;][vc_column extend=&#8221;false&#8221;]<div id=\"rowvcpt-row-settings\" class=\"rowvcpt-row-set RowVcPt-row-setting69e1b0cd1ac88 \" data-no=\"RowVcPt-row-setting69e1b0cd1ac88\"><div class=\"columns-bg-wrap columns-bg-anim-colors columns-bg-image  columns_simple_image\" id=\"RowVcPt-image-bg-69e1b0cd1ac87\"   data-parallax_sense=\"30\" src=\"https:\/\/nuestrosescritores.com\/carlosbrunahernandez\/wp-content\/uploads\/sites\/111\/2021\/11\/pfqpmjykskq.jpg\" style=\"background-image: url(https:\/\/nuestrosescritores.com\/carlosbrunahernandez\/wp-content\/uploads\/sites\/111\/2021\/11\/pfqpmjykskq.jpg);background-position: center center;background-size: cover;background-attachment: fixed;\"><\/div><\/div>[\/vc_column][\/vc_row][vc_row][vc_column extend=&#8221;false&#8221;][vc_column_text]\n<h1>&nbsp;<\/h1>\n<h1><a name=\"_Toc72690508\"><\/a><\/h1>\n<h1><a name=\"_Toc77778611\"><\/a><\/h1>\n<p><a name=\"_Toc79672692\"><\/a><a name=\"_Toc85047620\"><\/a><strong>CORONA DE ESPINAS<\/strong><\/p>\n<p>&nbsp;<\/p>\n<p>Es la corona de espinas<br \/>\nde poeta del flagelo<br \/>\npor la que muere cada d\u00eda<br \/>\ny resucita del sepulcro eterno.<\/p>\n<p>A cada vez que fenece<br \/>\nsalen en procesi\u00f3n<br \/>\nlas moh\u00ednas palabras<br \/>\nllorando a su pastor.<\/p>\n<p>Las punzantes espinas<br \/>\nque en la sien le ahondan<br \/>\ndan color al verso<br \/>\nque de su entra\u00f1a brota.<\/p>\n<p>No encontrar\u00e1 consuelo,<br \/>\nrey de la nada;<br \/>\nalbatros en el suelo desterrado,<br \/>\npes\u00e1ndole sus grandes alas.<\/p>\n<p>&nbsp;<\/p>\n<p>&nbsp;<\/p>\n<p>Ab\u00falica ciudad de saberes,<br \/>\njoven ciudad tabernera,<br \/>\ncu\u00e1ntas veces he anhelado<br \/>\nescuchar, sentir y ver<br \/>\ncuanto han podido tus piedras.<\/p>\n<p>En soledad me arrojo a tus calles,<br \/>\nen soledad fumo tendido en la hierba;<br \/>\nen Anaya, hasta las nubes se detienen,<br \/>\na maravillarse de tan egregia belleza.<\/p>\n<p>Si tus calles labios tuvieren<br \/>\nbien mi historia contar\u00edan,<br \/>\nlas esquinas conversando me figuro,<br \/>\ntejiendo recuerdos de las correr\u00edas.<\/p>\n<p>Aunque de ciudades no guste,<br \/>\nsaber te hago, matrona m\u00eda,<br \/>\nque con cari\u00f1o abrazo la idea<br \/>\nde que me veas renacer cada d\u00eda.<\/p>\n<p>&nbsp;<\/p>\n<span class='bctt-click-to-tweet'><span class='bctt-ctt-text'><a href='https:\/\/x.com\/intent\/tweet?url=https%3A%2F%2Fnuestrosescritores.com%2Fcarlosbrunahernandez%2Fpoesia%2F&#038;text=CORONA%20DE%20ESPINAS%20del%20libro%20ICARIADAS%20de%20CARLOS%20BRUNA%20HERN%C3%81NDEZ&#038;via=poesiaerestu&#038;related=poesiaerestu' target='_blank'rel=\"noopener noreferrer\">CORONA DE ESPINAS del libro ICARIADAS de CARLOS BRUNA HERN\u00c1NDEZ <\/a><\/span><a href='https:\/\/x.com\/intent\/tweet?url=https%3A%2F%2Fnuestrosescritores.com%2Fcarlosbrunahernandez%2Fpoesia%2F&#038;text=CORONA%20DE%20ESPINAS%20del%20libro%20ICARIADAS%20de%20CARLOS%20BRUNA%20HERN%C3%81NDEZ&#038;via=poesiaerestu&#038;related=poesiaerestu' target='_blank' class='bctt-ctt-btn'rel=\"noopener noreferrer\">Compartir en X<\/a><\/span>[\/vc_column_text][\/vc_column][\/vc_row][vc_row full_width=&#8221;stretch_row_content_no_spaces&#8221; full_height=&#8221;yes&#8221; equal_height=&#8221;yes&#8221;][vc_column extend=&#8221;false&#8221;]<div id=\"rowvcpt-row-settings\" class=\"rowvcpt-row-set RowVcPt-row-setting69e1b0cd1b1c1 \" data-no=\"RowVcPt-row-setting69e1b0cd1b1c1\"><div class=\"columns-bg-wrap columns-bg-anim-colors columns-bg-image  columns_simple_image\" id=\"RowVcPt-image-bg-69e1b0cd1b1c0\"   data-parallax_sense=\"30\" src=\"https:\/\/nuestrosescritores.com\/carlosbrunahernandez\/wp-content\/uploads\/sites\/111\/2021\/11\/dtts04av1y4.jpg\" style=\"background-image: url(https:\/\/nuestrosescritores.com\/carlosbrunahernandez\/wp-content\/uploads\/sites\/111\/2021\/11\/dtts04av1y4.jpg);background-position: center center;background-size: cover;background-attachment: fixed;\"><\/div><\/div>[\/vc_column][\/vc_row][vc_row][vc_column extend=&#8221;false&#8221;][vc_column_text]\n<h1><a name=\"_Toc77778617\"><\/a><\/h1>\n<h1><a name=\"_Toc77014564\"><\/a><\/h1>\n<h1><a name=\"_Toc78567357\"><\/a><\/h1>\n<h1><a name=\"_Toc85385607\"><\/a><\/h1>\n<h1><a name=\"_Toc83400462\"><\/a><\/h1>\n<h1><a name=\"_Toc85047630\"><\/a><strong>AMORES INSATISFECHOS<\/strong><\/h1>\n<p>&nbsp;<\/p>\n<p>Resultan mis amores insatisfechos<br \/>\npor, muchas veces, el inconsciente desprecio<br \/>\nde las gentes; por la espalda del obrero,<br \/>\npor el alarido amaderado<br \/>\ndel \u00e1rbol entre el fuego.<\/p>\n<p>\u00a1Por la ausencia de puras verdades,<br \/>\npor flotantes cuerpos en los mares!<br \/>\nPor palabras que no se han escuchado<br \/>\ny que guardan sincero amor<br \/>\nde cualquier alguien.<\/p>\n<p>Por esta flor marchita que hoy describo<br \/>\nbeber\u00e9 del agua de tus manantiales,<br \/>\ny florecer, cada d\u00eda primavera,<br \/>\na orillas de tus lugares.<\/p>\n<p>&nbsp;<\/p>\n<h1><span style=\"font-size: 16px;\">.<\/span><\/h1>\n<p>&nbsp;<\/p>\n<span class='bctt-click-to-tweet'><span class='bctt-ctt-text'><a href='https:\/\/x.com\/intent\/tweet?url=https%3A%2F%2Fnuestrosescritores.com%2Fcarlosbrunahernandez%2Fpoesia%2F&#038;text=AMORES%20INSATISFECHOS%20del%20libro%20ICARIADAS%20de%20CARLOS%20BRUNA%20HERN%C3%81NDEZ&#038;via=poesiaerestu&#038;related=poesiaerestu' target='_blank'rel=\"noopener noreferrer\">AMORES INSATISFECHOS del libro ICARIADAS de CARLOS BRUNA HERN\u00c1NDEZ <\/a><\/span><a href='https:\/\/x.com\/intent\/tweet?url=https%3A%2F%2Fnuestrosescritores.com%2Fcarlosbrunahernandez%2Fpoesia%2F&#038;text=AMORES%20INSATISFECHOS%20del%20libro%20ICARIADAS%20de%20CARLOS%20BRUNA%20HERN%C3%81NDEZ&#038;via=poesiaerestu&#038;related=poesiaerestu' target='_blank' class='bctt-ctt-btn'rel=\"noopener noreferrer\">Compartir en X<\/a><\/span>\n<p>&nbsp;<\/p>\n<p>&nbsp;[\/vc_column_text][\/vc_column][\/vc_row][vc_row full_height=&#8221;yes&#8221;][vc_column extend=&#8221;false&#8221;]<div id=\"rowvcpt-row-settings\" class=\"rowvcpt-row-set RowVcPt-row-setting69e1b0cd1b506 \" data-no=\"RowVcPt-row-setting69e1b0cd1b506\"><div class=\"columns-bg-wrap columns-bg-anim-colors columns-bg-image  columns_simple_image\" id=\"RowVcPt-image-bg-69e1b0cd1b505\"   data-parallax_sense=\"30\" src=\"https:\/\/nuestrosescritores.com\/carlosbrunahernandez\/wp-content\/uploads\/sites\/111\/2021\/11\/vtjpszsy7gw.jpg\" style=\"background-image: url(https:\/\/nuestrosescritores.com\/carlosbrunahernandez\/wp-content\/uploads\/sites\/111\/2021\/11\/vtjpszsy7gw.jpg);background-position: center top;background-size: cover;background-attachment: fixed;\"><\/div><\/div>[\/vc_column][\/vc_row][vc_row][vc_column extend=&#8221;false&#8221;][vc_column_text]\n<h1><a name=\"_Toc77778628\"><\/a><\/h1>\n<h1><a name=\"_Toc78567364\"><\/a><\/h1>\n<h1><a name=\"_Toc85385623\"><\/a><\/h1>\n<h1><a name=\"_Toc83400468\"><\/a><\/h1>\n<h1><strong>\u00cdCARO<\/strong><\/h1>\n<p>&nbsp;<\/p>\n<p>En el valle, perdido,<br \/>\na la sombra del olivo,<br \/>\nard\u00eda m\u00e1s el suelo<br \/>\nque los rayos del cielo.<\/p>\n<p>El espl\u00edn lo corromp\u00eda,<br \/>\nnoble pecho le angustiaba,<br \/>\ndel mundanal ruido hu\u00eda<br \/>\npara pastorear a sus palabras.<\/p>\n<p>Cada d\u00eda, mirando al cielo,<br \/>\nsus ojos reflejaban<br \/>\na un libre esp\u00edritu<br \/>\nbatiendo sus alas blancas.<\/p>\n<p>El mundo de los sue\u00f1os,<br \/>\nque anhelos le brindaba,<br \/>\nle hizo creerse libre,<br \/>\nya la huida apresuraba.<\/p>\n<p>Cuanto m\u00e1s alto ascend\u00eda,<br \/>\nm\u00e1s aquel le gritaba:<br \/>\n\u201ccuanto m\u00e1s lejos del suelo,<br \/>\nm\u00e1s cercana la desgracia\u201d.<\/p>\n<p>Sus alas en humo se tornaron,<br \/>\nMorfeo as\u00ed lo quiso,<br \/>\nel vac\u00edo le engull\u00eda,<br \/>\nera presa del abismo.<\/p>\n<p>&nbsp;<\/p>\n<p>Cerca de ese suelo<br \/>\nse halla la frontera<br \/>\ndonde moran los sue\u00f1os,<br \/>\nse alimentan y barbechan.<\/p>\n<p>&nbsp;<\/p>\n<p>&nbsp;<\/p>\n<p>&nbsp;<\/p>\n<span class='bctt-click-to-tweet'><span class='bctt-ctt-text'><a href='https:\/\/x.com\/intent\/tweet?url=https%3A%2F%2Fnuestrosescritores.com%2Fcarlosbrunahernandez%2Fpoesia%2F&#038;text=XI%20del%20libro%20ICARIADAS%20de%20CARLOS%20BRUNA%20HERN%C3%81NDEZ&#038;via=poesiaerestu&#038;related=poesiaerestu' target='_blank'rel=\"noopener noreferrer\">XI del libro ICARIADAS de CARLOS BRUNA HERN\u00c1NDEZ <\/a><\/span><a href='https:\/\/x.com\/intent\/tweet?url=https%3A%2F%2Fnuestrosescritores.com%2Fcarlosbrunahernandez%2Fpoesia%2F&#038;text=XI%20del%20libro%20ICARIADAS%20de%20CARLOS%20BRUNA%20HERN%C3%81NDEZ&#038;via=poesiaerestu&#038;related=poesiaerestu' target='_blank' class='bctt-ctt-btn'rel=\"noopener noreferrer\">Compartir en X<\/a><\/span>[\/vc_column_text][\/vc_column][\/vc_row][vc_row full_height=&#8221;yes&#8221; equal_height=&#8221;yes&#8221;][vc_column extend=&#8221;false&#8221;]<div id=\"rowvcpt-row-settings\" class=\"rowvcpt-row-set RowVcPt-row-setting69e1b0cd1b82c \" data-no=\"RowVcPt-row-setting69e1b0cd1b82c\"><div class=\"columns-bg-wrap columns-bg-anim-colors columns-bg-image  columns_simple_image\" id=\"RowVcPt-image-bg-69e1b0cd1b82b\"   data-parallax_sense=\"30\" src=\"https:\/\/nuestrosescritores.com\/carlosbrunahernandez\/wp-content\/uploads\/sites\/111\/2021\/11\/gx8ehfx7hmc.jpg\" style=\"background-image: url(https:\/\/nuestrosescritores.com\/carlosbrunahernandez\/wp-content\/uploads\/sites\/111\/2021\/11\/gx8ehfx7hmc.jpg);background-position: center center;background-size: cover;background-attachment: fixed;\"><\/div><\/div>[\/vc_column][\/vc_row][vc_row][vc_column extend=&#8221;false&#8221;][vc_column_text]\n<h1><a name=\"_Toc77778637\"><\/a><\/h1>\n<h1><a name=\"_Toc77014591\"><\/a><\/h1>\n<h1>&nbsp;<\/h1>\n<h1>&nbsp;<\/h1>\n<h1><strong>NO ME DEJES MORIR<\/strong><\/h1>\n<p>&nbsp;<\/p>\n<p>T\u00f3mame.<br \/>\nHaz de m\u00ed todo lo que puedo llegar a ser<br \/>\nen este planeta vac\u00edo y sin verdadera vida.<br \/>\nHiende tus ra\u00edces en mi alma<br \/>\ncomo siempre has hecho,<br \/>\nhaz brotar de mis adentros<br \/>\ntan infinita gracia<br \/>\ny tan hondo consuelo.<br \/>\nExorciza mis males y defectos,<br \/>\nll\u00e9valos a su forma m\u00e1s pura,<br \/>\nhaz de m\u00ed poes\u00eda y no poeta;<br \/>\nno me dejes morir en vida.<\/p>\n<p>&nbsp;<\/p>\n<p>&nbsp;<\/p>\n<span class='bctt-click-to-tweet'><span class='bctt-ctt-text'><a href='https:\/\/x.com\/intent\/tweet?url=https%3A%2F%2Fnuestrosescritores.com%2Fcarlosbrunahernandez%2Fpoesia%2F&#038;text=NO%20ME%20DEJES%20MORIR%20del%20libro%20ICARIADAS%20de%20CARLOS%20BRUNA%20HERN%C3%81NDEZ&#038;via=poesiaerestu&#038;related=poesiaerestu' target='_blank'rel=\"noopener noreferrer\">NO ME DEJES MORIR del libro ICARIADAS de CARLOS BRUNA HERN\u00c1NDEZ <\/a><\/span><a href='https:\/\/x.com\/intent\/tweet?url=https%3A%2F%2Fnuestrosescritores.com%2Fcarlosbrunahernandez%2Fpoesia%2F&#038;text=NO%20ME%20DEJES%20MORIR%20del%20libro%20ICARIADAS%20de%20CARLOS%20BRUNA%20HERN%C3%81NDEZ&#038;via=poesiaerestu&#038;related=poesiaerestu' target='_blank' class='bctt-ctt-btn'rel=\"noopener noreferrer\">Compartir en X<\/a><\/span>[\/vc_column_text][\/vc_column][\/vc_row][vc_row full_height=&#8221;yes&#8221; equal_height=&#8221;yes&#8221;][vc_column extend=&#8221;false&#8221;]<div id=\"rowvcpt-row-settings\" class=\"rowvcpt-row-set RowVcPt-row-setting69e1b0cd1bb74 \" data-no=\"RowVcPt-row-setting69e1b0cd1bb74\"><div class=\"columns-bg-wrap columns-bg-anim-colors columns-bg-image  columns_simple_image\" id=\"RowVcPt-image-bg-69e1b0cd1bb73\"   data-parallax_sense=\"30\" src=\"https:\/\/nuestrosescritores.com\/carlosbrunahernandez\/wp-content\/uploads\/sites\/111\/2021\/11\/yr_odpyk954.jpg\" style=\"background-image: url(https:\/\/nuestrosescritores.com\/carlosbrunahernandez\/wp-content\/uploads\/sites\/111\/2021\/11\/yr_odpyk954.jpg);background-position: center center;background-size: cover;background-attachment: fixed;\"><\/div><\/div>[\/vc_column][\/vc_row][vc_row][vc_column extend=&#8221;false&#8221;][vc_column_text]\n<h1><a name=\"_Toc77778642\"><\/a><\/h1>\n<h1><a name=\"_Toc77014596\"><\/a><\/h1>\n<h1>&nbsp;<\/h1>\n<p><a name=\"_Toc85385695\"><\/a><\/p>\n<h1><a name=\"_Toc83400482\"><\/a><\/h1>\n<h1><a name=\"_Toc85047655\"><\/a><strong>CENIZAS<\/strong><\/h1>\n<p>&nbsp;<\/p>\n<p>Cae la ceniza de la pr\u00f3tesis de mis labios<br \/>\nal folio de infinito fondo,<br \/>\nno grita, no molesta,<br \/>\nsazona y se camufla,<br \/>\npues no destaca la ceniza entre la ceniza;<br \/>\nambas se juntan, as\u00ed manda la fiesta,<br \/>\npara celebrar la primigenia llama<br \/>\nde su procedencia.<\/p>\n<p>&nbsp;<\/p>\n<p>&nbsp;<\/p>\n<span class='bctt-click-to-tweet'><span class='bctt-ctt-text'><a href='https:\/\/x.com\/intent\/tweet?url=https%3A%2F%2Fnuestrosescritores.com%2Fcarlosbrunahernandez%2Fpoesia%2F&#038;text=CENIZAS%C2%A0del%20libro%20ICARIADAS%20de%20CARLOS%20BRUNA%20HERN%C3%81NDEZ&#038;via=poesiaerestu&#038;related=poesiaerestu' target='_blank'rel=\"noopener noreferrer\">CENIZAS&nbsp;del libro ICARIADAS de CARLOS BRUNA HERN\u00c1NDEZ <\/a><\/span><a href='https:\/\/x.com\/intent\/tweet?url=https%3A%2F%2Fnuestrosescritores.com%2Fcarlosbrunahernandez%2Fpoesia%2F&#038;text=CENIZAS%C2%A0del%20libro%20ICARIADAS%20de%20CARLOS%20BRUNA%20HERN%C3%81NDEZ&#038;via=poesiaerestu&#038;related=poesiaerestu' target='_blank' class='bctt-ctt-btn'rel=\"noopener noreferrer\">Compartir en X<\/a><\/span>[\/vc_column_text][\/vc_column][\/vc_row][vc_row full_height=&#8221;yes&#8221; equal_height=&#8221;yes&#8221;][vc_column extend=&#8221;false&#8221;]<div id=\"rowvcpt-row-settings\" class=\"rowvcpt-row-set RowVcPt-row-setting69e1b0cd1bf94 \" data-no=\"RowVcPt-row-setting69e1b0cd1bf94\"><div class=\"columns-bg-wrap columns-bg-anim-colors columns-bg-image  columns_simple_image\" id=\"RowVcPt-image-bg-69e1b0cd1bf93\"   data-parallax_sense=\"30\" src=\"https:\/\/nuestrosescritores.com\/carlosbrunahernandez\/wp-content\/uploads\/sites\/111\/2021\/11\/CarlosBrunaHernandezEscritor-1.jpg\" style=\"background-image: url(https:\/\/nuestrosescritores.com\/carlosbrunahernandez\/wp-content\/uploads\/sites\/111\/2021\/11\/CarlosBrunaHernandezEscritor-1.jpg);background-position: center center;background-size: cover;background-attachment: fixed;\"><\/div><\/div><div class=\"ult-spacer spacer-69e1b0cd1c274\" data-id=\"69e1b0cd1c274\" data-height=\"150\" data-height-mobile=\"150\" data-height-tab=\"150\" data-height-tab-portrait=\"\" data-height-mobile-landscape=\"\" style=\"clear:both;display:block;\"><\/div>[vc_column_text]\n<p style=\"text-align: center;\"><a class=\"fasc-button fasc-size-xlarge fasc-type-glossy fasc-rounded-medium\" style=\"background-color: #33809e; color: #ffffff;\" href=\"https:\/\/librodepoesia.com\/libro\/icariadas-carlos-bruna-hernandez\/\">Comprar el libro<\/a><\/p>\n[\/vc_column_text][\/vc_column][\/vc_row][vc_row][vc_column][vc_column_text]\n<p><a name=\"_Toc85047636\"><\/a><\/p>\n<p><a name=\"_Toc85385647\"><\/a><\/p>\n<p><a name=\"_Toc83400473\"><\/a>[\/vc_column_text][\/vc_column][\/vc_row]\n<\/div>","protected":false},"excerpt":{"rendered":"<p>[vc_row full_width=&#8221;stretch_row_content_no_spaces&#8221; full_height=&#8221;yes&#8221; equal_height=&#8221;yes&#8221;][vc_column extend=&#8221;false&#8221;][\/vc_column][\/vc_row][vc_row][vc_column extend=&#8221;false&#8221;][vc_column_text] &nbsp; CORONA DE ESPINAS &nbsp; Es la corona de espinas de poeta del flagelo por la que muere cada d\u00eda y resucita del sepulcro eterno. A cada vez que fenece salen en procesi\u00f3n las moh\u00ednas palabras llorando a su pastor. Las punzantes espinas que en la sien le ahondan [&hellip;]<\/p>\n","protected":false},"author":1,"featured_media":0,"parent":0,"menu_order":0,"comment_status":"closed","ping_status":"closed","template":"","meta":{"_acf_changed":false,"footnotes":""},"class_list":["post-71","page","type-page","status-publish","hentry"],"acf":[],"yoast_head":"<!-- This site is optimized with the Yoast SEO Premium plugin v24.7 (Yoast SEO v27.4) - https:\/\/yoast.com\/product\/yoast-seo-premium-wordpress\/ -->\n<title>Poes\u00eda - Carlos Bruna Hern\u00e1ndez<\/title>\n<meta name=\"description\" content=\"Poes\u00eda del libro ICARIADAS de Carlos Bruna Hern\u00e1ndez, el escritor nos da una muestra tras publicar un libro con la Editorial Poes\u00eda eres t\u00fa.\" \/>\n<meta name=\"robots\" content=\"index, follow, max-snippet:-1, max-image-preview:large, max-video-preview:-1\" \/>\n<link rel=\"canonical\" href=\"https:\/\/nuestrosescritores.com\/carlosbrunahernandez\/poesia\/\" \/>\n<meta property=\"og:locale\" content=\"es_ES\" \/>\n<meta property=\"og:type\" content=\"article\" \/>\n<meta property=\"og:title\" content=\"Poes\u00eda\" \/>\n<meta property=\"og:description\" content=\"Poes\u00eda del libro ICARIADAS de Carlos Bruna Hern\u00e1ndez, el escritor nos da una muestra tras publicar un libro con la Editorial Poes\u00eda eres t\u00fa.\" \/>\n<meta property=\"og:url\" content=\"https:\/\/nuestrosescritores.com\/carlosbrunahernandez\/poesia\/\" \/>\n<meta property=\"og:site_name\" content=\"Carlos Bruna Hern\u00e1ndez\" \/>\n<meta property=\"article:modified_time\" content=\"2021-11-20T19:23:24+00:00\" \/>\n<meta name=\"twitter:card\" content=\"summary_large_image\" \/>\n<meta name=\"twitter:label1\" content=\"Tiempo de lectura\" \/>\n\t<meta name=\"twitter:data1\" content=\"3 minutos\" \/>\n<script type=\"application\/ld+json\" class=\"yoast-schema-graph\">{\"@context\":\"https:\\\/\\\/schema.org\",\"@graph\":[{\"@type\":\"WebPage\",\"@id\":\"https:\\\/\\\/nuestrosescritores.com\\\/carlosbrunahernandez\\\/poesia\\\/\",\"url\":\"https:\\\/\\\/nuestrosescritores.com\\\/carlosbrunahernandez\\\/poesia\\\/\",\"name\":\"Poes\u00eda - Carlos Bruna Hern\u00e1ndez\",\"isPartOf\":{\"@id\":\"https:\\\/\\\/nuestrosescritores.com\\\/carlosbrunahernandez\\\/#website\"},\"datePublished\":\"2021-11-20T18:26:36+00:00\",\"dateModified\":\"2021-11-20T19:23:24+00:00\",\"description\":\"Poes\u00eda del libro ICARIADAS de Carlos Bruna Hern\u00e1ndez, el escritor nos da una muestra tras publicar un libro con la Editorial Poes\u00eda eres t\u00fa.\",\"breadcrumb\":{\"@id\":\"https:\\\/\\\/nuestrosescritores.com\\\/carlosbrunahernandez\\\/poesia\\\/#breadcrumb\"},\"inLanguage\":\"es\",\"potentialAction\":[{\"@type\":\"ReadAction\",\"target\":[\"https:\\\/\\\/nuestrosescritores.com\\\/carlosbrunahernandez\\\/poesia\\\/\"]}]},{\"@type\":\"BreadcrumbList\",\"@id\":\"https:\\\/\\\/nuestrosescritores.com\\\/carlosbrunahernandez\\\/poesia\\\/#breadcrumb\",\"itemListElement\":[{\"@type\":\"ListItem\",\"position\":1,\"name\":\"Portada\",\"item\":\"https:\\\/\\\/nuestrosescritores.com\\\/carlosbrunahernandez\\\/\"},{\"@type\":\"ListItem\",\"position\":2,\"name\":\"Poes\u00eda\"}]},{\"@type\":\"WebSite\",\"@id\":\"https:\\\/\\\/nuestrosescritores.com\\\/carlosbrunahernandez\\\/#website\",\"url\":\"https:\\\/\\\/nuestrosescritores.com\\\/carlosbrunahernandez\\\/\",\"name\":\"Nuestros escritores\",\"description\":\"Escritor\",\"potentialAction\":[{\"@type\":\"SearchAction\",\"target\":{\"@type\":\"EntryPoint\",\"urlTemplate\":\"https:\\\/\\\/nuestrosescritores.com\\\/carlosbrunahernandez\\\/?s={search_term_string}\"},\"query-input\":{\"@type\":\"PropertyValueSpecification\",\"valueRequired\":true,\"valueName\":\"search_term_string\"}}],\"inLanguage\":\"es\"}]}<\/script>\n<!-- \/ Yoast SEO Premium plugin. -->","yoast_head_json":{"title":"Poes\u00eda - Carlos Bruna Hern\u00e1ndez","description":"Poes\u00eda del libro ICARIADAS de Carlos Bruna Hern\u00e1ndez, el escritor nos da una muestra tras publicar un libro con la Editorial Poes\u00eda eres t\u00fa.","robots":{"index":"index","follow":"follow","max-snippet":"max-snippet:-1","max-image-preview":"max-image-preview:large","max-video-preview":"max-video-preview:-1"},"canonical":"https:\/\/nuestrosescritores.com\/carlosbrunahernandez\/poesia\/","og_locale":"es_ES","og_type":"article","og_title":"Poes\u00eda","og_description":"Poes\u00eda del libro ICARIADAS de Carlos Bruna Hern\u00e1ndez, el escritor nos da una muestra tras publicar un libro con la Editorial Poes\u00eda eres t\u00fa.","og_url":"https:\/\/nuestrosescritores.com\/carlosbrunahernandez\/poesia\/","og_site_name":"Carlos Bruna Hern\u00e1ndez","article_modified_time":"2021-11-20T19:23:24+00:00","twitter_card":"summary_large_image","twitter_misc":{"Tiempo de lectura":"3 minutos"},"schema":{"@context":"https:\/\/schema.org","@graph":[{"@type":"WebPage","@id":"https:\/\/nuestrosescritores.com\/carlosbrunahernandez\/poesia\/","url":"https:\/\/nuestrosescritores.com\/carlosbrunahernandez\/poesia\/","name":"Poes\u00eda - Carlos Bruna Hern\u00e1ndez","isPartOf":{"@id":"https:\/\/nuestrosescritores.com\/carlosbrunahernandez\/#website"},"datePublished":"2021-11-20T18:26:36+00:00","dateModified":"2021-11-20T19:23:24+00:00","description":"Poes\u00eda del libro ICARIADAS de Carlos Bruna Hern\u00e1ndez, el escritor nos da una muestra tras publicar un libro con la Editorial Poes\u00eda eres t\u00fa.","breadcrumb":{"@id":"https:\/\/nuestrosescritores.com\/carlosbrunahernandez\/poesia\/#breadcrumb"},"inLanguage":"es","potentialAction":[{"@type":"ReadAction","target":["https:\/\/nuestrosescritores.com\/carlosbrunahernandez\/poesia\/"]}]},{"@type":"BreadcrumbList","@id":"https:\/\/nuestrosescritores.com\/carlosbrunahernandez\/poesia\/#breadcrumb","itemListElement":[{"@type":"ListItem","position":1,"name":"Portada","item":"https:\/\/nuestrosescritores.com\/carlosbrunahernandez\/"},{"@type":"ListItem","position":2,"name":"Poes\u00eda"}]},{"@type":"WebSite","@id":"https:\/\/nuestrosescritores.com\/carlosbrunahernandez\/#website","url":"https:\/\/nuestrosescritores.com\/carlosbrunahernandez\/","name":"Nuestros escritores","description":"Escritor","potentialAction":[{"@type":"SearchAction","target":{"@type":"EntryPoint","urlTemplate":"https:\/\/nuestrosescritores.com\/carlosbrunahernandez\/?s={search_term_string}"},"query-input":{"@type":"PropertyValueSpecification","valueRequired":true,"valueName":"search_term_string"}}],"inLanguage":"es"}]}},"_links":{"self":[{"href":"https:\/\/nuestrosescritores.com\/carlosbrunahernandez\/wp-json\/wp\/v2\/pages\/71","targetHints":{"allow":["GET"]}}],"collection":[{"href":"https:\/\/nuestrosescritores.com\/carlosbrunahernandez\/wp-json\/wp\/v2\/pages"}],"about":[{"href":"https:\/\/nuestrosescritores.com\/carlosbrunahernandez\/wp-json\/wp\/v2\/types\/page"}],"author":[{"embeddable":true,"href":"https:\/\/nuestrosescritores.com\/carlosbrunahernandez\/wp-json\/wp\/v2\/users\/1"}],"replies":[{"embeddable":true,"href":"https:\/\/nuestrosescritores.com\/carlosbrunahernandez\/wp-json\/wp\/v2\/comments?post=71"}],"version-history":[{"count":0,"href":"https:\/\/nuestrosescritores.com\/carlosbrunahernandez\/wp-json\/wp\/v2\/pages\/71\/revisions"}],"wp:attachment":[{"href":"https:\/\/nuestrosescritores.com\/carlosbrunahernandez\/wp-json\/wp\/v2\/media?parent=71"}],"curies":[{"name":"wp","href":"https:\/\/api.w.org\/{rel}","templated":true}]}}