{"id":11,"date":"2021-11-20T17:51:37","date_gmt":"2021-11-20T17:51:37","guid":{"rendered":"https:\/\/nuestrosescritores.com\/carlosbrunahernandez\/?page_id=11"},"modified":"2021-11-20T19:12:33","modified_gmt":"2021-11-20T19:12:33","slug":"carlos-bruna-hernandez","status":"publish","type":"page","link":"https:\/\/nuestrosescritores.com\/carlosbrunahernandez\/","title":{"rendered":"ESCRITOR"},"content":{"rendered":"<div class=\"wpb-content-wrapper\">[vc_row full_width=&#8221;stretch_row_content_no_spaces&#8221;][vc_column extend=&#8221;false&#8221;][layerslider_vc id=&#8221;1&#8243;][\/vc_column][\/vc_row][vc_row extend=&#8221;false&#8221; design__empty_1=&#8221;&#8221; background=&#8221;&#8221; background_image_type=&#8221;static&#8221; background_image__effect=&#8221;&#8221; bg_size=&#8221;initial&#8221; bg_position=&#8221;center-center&#8221; row_bg_image=&#8221;&#8221; bg_repeat=&#8221;no-repeat&#8221; background_image_type__bg_color=&#8221;rgba(255, 255, 255, 1)&#8221; row_bg_parallax_images=&#8221;&#8221; row_bg_slideshow_images=&#8221;&#8221; background_video_type=&#8221;youtube&#8221; background_video__youtube__url=&#8221;&#8221; background_video__youtube__parallax=&#8221;&#8221; background_video__youtube__options=&#8221;&#8221; background_video__youtube__fallback_image=&#8221;&#8221; background_video__hosted__mp4=&#8221;&#8221; background_video__hosted__webm=&#8221;&#8221; background_video__hosted__ogv=&#8221;&#8221; background_video__hosted__parallax=&#8221;&#8221; background_video__hosted__options=&#8221;&#8221; background_video__hosted__fallback_image=&#8221;&#8221; background_color_type=&#8221;color&#8221; bg__empty_1=&#8221;&#8221; background_color_type__gradient_color1=&#8221;rgba(44, 74, 228, 1)&#8221; background_color_type__gradient_color2=&#8221;rgba(44, 74, 228, 1)&#8221; background_color_type__color_color1=&#8221;rgba(44, 74, 228, 1)&#8221; bg__empty_2=&#8221;&#8221; background_color__effect=&#8221;&#8221; background_color__direction=&#8221;left-to-right&#8221; settings__tag_1=&#8221;&#8221; viewport_lg=&#8221;&#8221; viewport_md=&#8221;&#8221; viewport_sm=&#8221;&#8221; viewport_xs=&#8221;&#8221; settings__empty_1=&#8221;&#8221; version=&#8221;1&#8243;][vc_column width=&#8221;1\/2&#8243; extend=&#8221;false&#8221;]<div class=\"ult-content-box-container \" >\t\t<div class=\"ult-content-box\" style=\"background-color:rgba(255,255,255,0.49);box-shadow: px px 8px px #f2f2f2 none;border-style:none;-webkit-transition: all 700ms ease;-moz-transition: all 700ms ease;-ms-transition: all 700ms ease;-o-transition: all 700ms ease;transition: all 700ms ease;\"  data-hover_box_shadow=\"none\"     data-bg=\"rgba(255,255,255,0.49)\"  data-border_color=\"\" >[vc_column_text css=&#8221;.vc_custom_1637430180363{padding-top: 15% !important;padding-right: 15% !important;padding-bottom: 15% !important;padding-left: 15% !important;}&#8221;]Nacido el 23 de abril de 1999 en Salamanca. De car\u00e1cter curioso, apasionado del saber y de vocaci\u00f3n autodidacta. Tambi\u00e9n autor del poemario <em>Quej\u00edo<\/em>, editado en 2017 y del que el presente incluye algunas modificaciones.<\/p>\n<p><strong>&nbsp;<\/strong><\/p>\n<p>&nbsp;<\/p>\n<p>&nbsp;<\/p>\n<span class='bctt-click-to-tweet'><span class='bctt-ctt-text'><a href='https:\/\/x.com\/intent\/tweet?url=https%3A%2F%2Fnuestrosescritores.com%2Fcarlosbrunahernandez%2F&#038;text=CARLOS%20BRUNA%20HERN%C3%81NDEZ.%20Escritor.&#038;related' target='_blank'rel=\"noopener noreferrer\">CARLOS BRUNA HERN\u00c1NDEZ. Escritor. <\/a><\/span><a href='https:\/\/x.com\/intent\/tweet?url=https%3A%2F%2Fnuestrosescritores.com%2Fcarlosbrunahernandez%2F&#038;text=CARLOS%20BRUNA%20HERN%C3%81NDEZ.%20Escritor.&#038;related' target='_blank' class='bctt-ctt-btn'rel=\"noopener noreferrer\">Compartir en X<\/a><\/span>[\/vc_column_text]\t\t<\/div><\/div>[\/vc_column][vc_column width=&#8221;1\/2&#8243; extend=&#8221;false&#8221;]<div class=\"gambit_fullheight_row\" data-content-location=\"center\" style=\"display: none\"><\/div><div id=\"rowvcpt-row-settings\" class=\"rowvcpt-row-set RowVcPt-row-setting69e2d17e47693 \" data-no=\"RowVcPt-row-setting69e2d17e47693\"><div  id=\"bgGallaryslide69e2d17e47697\" class=\"rowvcpt-slideshow \"><\/div><script type=\"text\/javascript\">\n(function($) {\n$(\"#bgGallaryslide69e2d17e47697\").vegas({\n        overlay: \"https:\/\/nuestrosescritores.com\/carlosbrunahernandez\/wp-content\/plugins\/ultimate-row-background\/css\/overlays\/0'.esc_attr(1.png).'\",\n        transitionDuration: 4e3,\n        delay: 7000,\n        slides: [{src: \"https:\/\/nuestrosescritores.com\/carlosbrunahernandez\/wp-content\/uploads\/sites\/111\/2021\/11\/xmqg9ncq2du-1.jpg\",transition: \"fade2\",transitionDuration: 5000},{src: \"https:\/\/nuestrosescritores.com\/carlosbrunahernandez\/wp-content\/uploads\/sites\/111\/2021\/11\/lemhqdc0qaq.jpg\",transition: \"fade2\",transitionDuration: 5000},{src: \"https:\/\/nuestrosescritores.com\/carlosbrunahernandez\/wp-content\/uploads\/sites\/111\/2021\/11\/glxg3vxf7ly.jpg\",transition: \"fade2\",transitionDuration: 5000},{src: \"https:\/\/nuestrosescritores.com\/carlosbrunahernandez\/wp-content\/uploads\/sites\/111\/2021\/11\/clhsxhsgndm.jpg\",transition: \"fade2\",transitionDuration: 5000},]\n    });\t\t\n})(jQuery);\n<\/script><div class=\"rowvcpt-overlay\" style=\"background:rgba(255,255,255,0.69)\"><\/div><\/div>[vc_single_image image=&#8221;13&#8243; img_size=&#8221;full&#8221; alignment=&#8221;center&#8221;][\/vc_column][\/vc_row][vc_row full_height=&#8221;yes&#8221; columns_placement=&#8221;stretch&#8221; content_placement=&#8221;middle&#8221; css_animation=&#8221;appear&#8221; css=&#8221;.vc_custom_1637433456505{background-position: center !important;background-repeat: no-repeat !important;background-size: cover !important;}&#8221;][vc_column extend=&#8221;false&#8221;]<div id=\"rowvcpt-row-settings\" class=\"rowvcpt-row-set RowVcPt-row-setting69e2d17e48cd2 \" data-no=\"RowVcPt-row-setting69e2d17e48cd2\"><div class=\"columns-bg-wrap columns-bg-anim-colors columns-bg-image  columns_animated_bg columns-right-animation\" id=\"RowVcPt-image-bg-69e2d17e48cd1\"   data-direction=\"right\" data-parallax_sense=\"30\" src=\"https:\/\/nuestrosescritores.com\/carlosbrunahernandez\/wp-content\/uploads\/sites\/111\/2021\/11\/vz1a7yqpnlq.jpg\" style=\"background-image: url(https:\/\/nuestrosescritores.com\/carlosbrunahernandez\/wp-content\/uploads\/sites\/111\/2021\/11\/vz1a7yqpnlq.jpg);background-position: center center;background-size: cover;background-attachment: fixed;\"><\/div><\/div>[\/vc_column][\/vc_row][vc_row][vc_column extend=&#8221;false&#8221;]<div class=\"gambit_fullheight_row\" data-content-location=\"center\" style=\"display: none\"><\/div><div id=\"rowvcpt-row-settings\" class=\"rowvcpt-row-set RowVcPt-row-setting69e2d17e491e0 \" data-no=\"RowVcPt-row-setting69e2d17e491e0\"><div  id=\"bgGallaryslide69e2d17e491e3\" class=\"rowvcpt-slideshow \"><\/div><script type=\"text\/javascript\">\n(function($) {\n$(\"#bgGallaryslide69e2d17e491e3\").vegas({\n        overlay: \"https:\/\/nuestrosescritores.com\/carlosbrunahernandez\/wp-content\/plugins\/ultimate-row-background\/css\/overlays\/0'.esc_attr(2.png).'\",\n        transitionDuration: 4e3,\n        delay: 7000,\n        slides: [{src: \"https:\/\/nuestrosescritores.com\/carlosbrunahernandez\/wp-content\/uploads\/sites\/111\/2021\/11\/pfqpmjykskq.jpg\",transition: \"fade2\",transitionDuration: 5000},]\n    });\t\t\n})(jQuery);\n<\/script><div class=\"rowvcpt-overlay\" style=\"background:rgba(255,255,255,0.69)\"><\/div><\/div><div id=\"uvc-type-wrap-3790\"  data-ultimate-target='#uvc-type-wrap-3790'  data-responsive-json-new='{\"font-size\":\"\",\"line-height\":\"\"}'  class=\"uvc-type-wrap vc_custom_1637430662712 ult-adjust-bottom-margin ult-responsive  uvc-type-align-center uvc-type-no-prefix uvc-wrap-74752106669e2d17e4988c\" style=\"text-align:center;\"><span id=\"typed-74752106669e2d17e4988c\" class=\"ultimate-typed-main \" style=\" font-weight:bold; text-transform: unset;\"><\/span><script type=\"text\/javascript\">\n\t\t\t\t\t\tjQuery(function($){ \n\t\t\t\t\t\t\t$(document).ready(function(){\n\t\t\t\t\t\t\t\tif( typeof jQuery(\"#typed-74752106669e2d17e4988c\").typed == \"function\"){\n\t\t\t\t\t\t\t\t\t$(\"#typed-74752106669e2d17e4988c\").typed({\n\t\t\t\t\t\t\t\t\t\tstrings: [\"El mito de \u00cdcaro, un mito arquet\u00edpico. En \u00e9l encontramos c\u00f3mo el encierro del rey Minos incita al genial D\u00e9dalo y a su v\u00e1stago a huir de Creta en unas alas funcionales dise\u00f1adas por el inventor. Demasiado hast\u00edo, inquietud y juvenil vehemencia hacen que \u00cdcaro desoiga los preceptos recibidos, tan del gusto de Arist\u00f3teles: \u201csi vuelas demasiado alto caer\u00e1s por el calor del sol, si lo haces demasiado bajo ser\u00e1 por la humedad de las aguas\u201d. Lo cierto es que \u00cdcaro conoce tanto las cimas como las profundidades. Icariadas pues.\"],\n\t\t\t\t\t\t\t\t\t\ttypeSpeed: 35,\n\t\t\t\t\t\t\t\t\t\tbackSpeed: 0,\n\t\t\t\t\t\t\t\t\t\tstartDelay: \"200\",\n\t\t\t\t\t\t\t\t\t\tbackDelay: \"1500\",\n\t\t\t\t\t\t\t\t\t\tloop: true,\n\t\t\t\t\t\t\t\t\t\tloopCount: false,\n\t\t\t\t\t\t\t\t\t\tshowCursor: true,\n\t\t\t\t\t\t\t\t\t\tcursorChar: \"|\",\n\t\t\t\t\t\t\t\t\t\tattr: null\n\t\t\t\t\t\t\t\t\t});\n\t\t\t\t\t\t\t\t}\n\t\t\t\t\t\t\t});\n\t\t\t\t\t\t});\n\t\t\t\t\t<\/script><\/div>[\/vc_column][\/vc_row][vc_row full_height=&#8221;yes&#8221; content_placement=&#8221;middle&#8221; parallax=&#8221;content-moving&#8221; parallax_image=&#8221;86&#8243; css_animation=&#8221;appear&#8221; bg_type=&#8221;image&#8221; css=&#8221;.vc_custom_1634746787147{background-image: url(https:\/\/nuestrosescritores.com\/tinahernandezherrero\/wp-content\/uploads\/sites\/107\/2021\/10\/TinaHernandezHerrero-Mediano.jpg?id=86) !important;}&#8221;][vc_column extend=&#8221;false&#8221;][vc_empty_space height=&#8221;150px&#8221;]<div id=\"rowvcpt-row-settings\" class=\"rowvcpt-row-set RowVcPt-row-setting69e2d17e49b71 \" data-no=\"RowVcPt-row-setting69e2d17e49b71\"><div class=\"columns-bg-wrap columns-bg-anim-colors columns-bg-image  columns_simple_image\" id=\"RowVcPt-image-bg-69e2d17e49b70\"   data-parallax_sense=\"30\" src=\"https:\/\/nuestrosescritores.com\/carlosbrunahernandez\/wp-content\/uploads\/sites\/111\/2021\/11\/CarlosBrunaHernandezEscritor-1.jpg\" style=\"background-image: url(https:\/\/nuestrosescritores.com\/carlosbrunahernandez\/wp-content\/uploads\/sites\/111\/2021\/11\/CarlosBrunaHernandezEscritor-1.jpg);background-position: center center;background-size: cover;background-attachment: fixed;\"><\/div><\/div>[vc_column_text]\n<p style=\"text-align: center;\"><a class=\"fasc-button fasc-size-xlarge fasc-type-glossy fasc-rounded-medium\" style=\"background-color: #2b3336; color: #ffffff;\" href=\"https:\/\/librodepoesia.com\/libro\/icariadas-carlos-bruna-hernandez\/\">COMPRA SUS LIBROS<\/a><\/p>\n[\/vc_column_text][\/vc_column][\/vc_row][vc_row][vc_column]<div id=\"rowvcpt-row-settings\" class=\"rowvcpt-row-set RowVcPt-row-setting69e2d17e49fac \" data-no=\"RowVcPt-row-setting69e2d17e49fac\"><div class=\"columns-bg-wrap columns-bg-anim-colors\" style=\"opacity: 1;background: -moz-linear-gradient(top, #e0e0e0 0%, #f7f7f7 100%);background: -webkit-gradient(linear, left top, left bottom, color-stop(0%,#e0e0e0), color-stop(100%,#f7f7f7));background: -webkit-linear-gradient(top, #e0e0e0 0%,#f7f7f7 100%);background: -o-linear-gradient(top, #e0e0e0 0%,#f7f7f7 100%);background: -ms-linear-gradient(top, #e0e0e0 0%,#f7f7f7 100%);background: linear-gradient(to bottom, #e0e0e0 0%,#f7f7f7 100%);\"><\/div><\/div>[vc_column_text css=&#8221;.vc_custom_1628419012210{padding-top: 5% !important;padding-right: 5% !important;padding-bottom: 5% !important;padding-left: 5% !important;background-color: rgba(206,206,206,0.01) !important;*background-color: rgb(206,206,206) !important;border-radius: 1px !important;}&#8221;]Esta p\u00e1gina web est\u00e1 realizada por el GRUPO EDITORIAL P\u00c9REZ-AYALA para el escritor CARLOS BRUNA HERN\u00c1NDEZ porque acaba de publicar un libro en una de las siguientes <a href=\"https:\/\/editorialesdepoesia.com\">editoriales de poes\u00eda<\/a>:<br \/>\n<a href=\"https:\/\/poesiaerestu.com\">Editorial Poes\u00eda eres t\u00fa<\/a>: Una editorial para poetas contempor\u00e1neos, con un cat\u00e1logo diverso de las diferentes tendencias de la poes\u00eda.<br \/>\n<a href=\"https:\/\/edicionesrilke.com\">Ediciones Rilke<\/a>: Una colecci\u00f3n de poes\u00eda cl\u00e1sica con poetas contempor\u00e1neos de gran trayectoria.<br \/>\n<a href=\"https:\/\/edicionesazorin.com\">Ediciones Azor\u00edn<\/a>: Una editorial para escritores y temas de Alicante y Murcia, un sello regional a nivel nacional.<br \/>\nContamos tambi\u00e9n con editoriales de narrativa como <a href=\"https:\/\/edicionesamaniel.com\">Ediciones Amaniel<\/a> y una editorial de autoedici\u00f3n como la <a href=\"https:\/\/agenciadellibro.com\">Editorial Agencia del libro<\/a> y un sistema de <a href=\"https:\/\/crowdfundingdelibros.com\">crowdfunding de libros<\/a> para que los nuevos escritores puedan <a href=\"https:\/\/crowdfundingdelibros.com\/\">publicar un libro gratis<\/a>.<br \/>\nInformaci\u00f3n tras publicar un libro: ICARIADAS de CARLOS BRUNA HERN\u00c1NDEZ con la editorial de poes\u00eda Editorial Poes\u00eda eres t\u00fa.<br \/>\nCARLOS BRUNA HERN\u00c1NDEZ logra publicar un libro de poes\u00eda, ICARIADAS, tras un proceso de selecci\u00f3n de obras con la Editorial Poes\u00eda eres t\u00fa.<br \/>\nTodos los derechos del libro ICARIADAS pertenecen a CARLOS BRUNA HERN\u00c1NDEZ tras publicar un libro con la Editorial Poes\u00eda eres t\u00fa.<br \/>\nPublicar un libro de poes\u00eda como ICARIADAS de CARLOS BRUNA HERN\u00c1NDEZ es posible gracias al trabajo de todo el equipo de la Editorial Poes\u00eda eres t\u00fa.<br \/>\nToda la promoci\u00f3n del libro ICARIADAS la puedes ver en la p\u00e1gina de la Editorial Poes\u00eda eres t\u00fa y en la web que la editorial le hace a CARLOS BRUNA HERN\u00c1NDEZ tras publicar un libro.<br \/>\nCARLOS BRUNA HERN\u00c1NDEZ agradece a la Editorial Poes\u00eda eres t\u00fa y la Agencia del libro por facilitar el trabajo de <a href=\"https:\/\/agenciadellibro.com\">publicar un libro<\/a>: ICARIADAS.<br \/>\nLa Editorial Poes\u00eda eres t\u00fa y CARLOS BRUNA HERN\u00c1NDEZ agradecen la colaboraci\u00f3n de los poetas, que han conseguido publicar un libro, y lectores del libro ICARIADAS por su colaboraci\u00f3n en la promoci\u00f3n y difusi\u00f3n de la obra.[\/vc_column_text][\/vc_column][\/vc_row]\n<\/div>","protected":false},"excerpt":{"rendered":"<p>[vc_row full_width=&#8221;stretch_row_content_no_spaces&#8221;][vc_column extend=&#8221;false&#8221;][layerslider_vc id=&#8221;1&#8243;][\/vc_column][\/vc_row][vc_row extend=&#8221;false&#8221; design__empty_1=&#8221;&#8221; background=&#8221;&#8221; background_image_type=&#8221;static&#8221; background_image__effect=&#8221;&#8221; bg_size=&#8221;initial&#8221; bg_position=&#8221;center-center&#8221; row_bg_image=&#8221;&#8221; bg_repeat=&#8221;no-repeat&#8221; background_image_type__bg_color=&#8221;rgba(255, 255, 255, 1)&#8221; row_bg_parallax_images=&#8221;&#8221; row_bg_slideshow_images=&#8221;&#8221; background_video_type=&#8221;youtube&#8221; background_video__youtube__url=&#8221;&#8221; background_video__youtube__parallax=&#8221;&#8221; background_video__youtube__options=&#8221;&#8221; background_video__youtube__fallback_image=&#8221;&#8221; background_video__hosted__mp4=&#8221;&#8221; background_video__hosted__webm=&#8221;&#8221; background_video__hosted__ogv=&#8221;&#8221; background_video__hosted__parallax=&#8221;&#8221; background_video__hosted__options=&#8221;&#8221; background_video__hosted__fallback_image=&#8221;&#8221; background_color_type=&#8221;color&#8221; bg__empty_1=&#8221;&#8221; background_color_type__gradient_color1=&#8221;rgba(44, 74, 228, 1)&#8221; background_color_type__gradient_color2=&#8221;rgba(44, 74, 228, 1)&#8221; background_color_type__color_color1=&#8221;rgba(44, 74, 228, 1)&#8221; bg__empty_2=&#8221;&#8221; background_color__effect=&#8221;&#8221; background_color__direction=&#8221;left-to-right&#8221; settings__tag_1=&#8221;&#8221; viewport_lg=&#8221;&#8221; viewport_md=&#8221;&#8221; viewport_sm=&#8221;&#8221; viewport_xs=&#8221;&#8221; settings__empty_1=&#8221;&#8221; version=&#8221;1&#8243;][vc_column width=&#8221;1\/2&#8243; [&hellip;]<\/p>\n","protected":false},"author":1,"featured_media":0,"parent":0,"menu_order":0,"comment_status":"closed","ping_status":"closed","template":"","meta":{"_acf_changed":false,"footnotes":""},"class_list":["post-11","page","type-page","status-publish","hentry"],"acf":[],"yoast_head":"<!-- This site is optimized with the Yoast SEO Premium plugin v24.7 (Yoast SEO v27.4) - https:\/\/yoast.com\/product\/yoast-seo-premium-wordpress\/ -->\n<title>ESCRITOR - Carlos Bruna Hern\u00e1ndez<\/title>\n<meta name=\"description\" content=\"CARLOS BRUNA HERN\u00c1NDEZ acaba de publicar un libro de poes\u00eda ICARIADAS con la Editorial Poes\u00eda eres t\u00fa en el a\u00f1o 2021.\" \/>\n<meta name=\"robots\" content=\"index, follow, max-snippet:-1, max-image-preview:large, max-video-preview:-1\" \/>\n<link rel=\"canonical\" href=\"https:\/\/nuestrosescritores.com\/carlosbrunahernandez\/\" \/>\n<meta property=\"og:locale\" content=\"es_ES\" \/>\n<meta property=\"og:type\" content=\"article\" \/>\n<meta property=\"og:title\" content=\"ESCRITOR\" \/>\n<meta property=\"og:description\" content=\"CARLOS BRUNA HERN\u00c1NDEZ acaba de publicar un libro de poes\u00eda ICARIADAS con la Editorial Poes\u00eda eres t\u00fa en el a\u00f1o 2021.\" \/>\n<meta property=\"og:url\" content=\"https:\/\/nuestrosescritores.com\/carlosbrunahernandez\/\" \/>\n<meta property=\"og:site_name\" content=\"Carlos Bruna Hern\u00e1ndez\" \/>\n<meta property=\"article:modified_time\" content=\"2021-11-20T19:12:33+00:00\" \/>\n<meta name=\"twitter:card\" content=\"summary_large_image\" \/>\n<meta name=\"twitter:label1\" content=\"Tiempo de lectura\" \/>\n\t<meta name=\"twitter:data1\" content=\"3 minutos\" \/>\n<script type=\"application\/ld+json\" class=\"yoast-schema-graph\">{\"@context\":\"https:\\\/\\\/schema.org\",\"@graph\":[{\"@type\":\"WebPage\",\"@id\":\"https:\\\/\\\/nuestrosescritores.com\\\/carlosbrunahernandez\\\/\",\"url\":\"https:\\\/\\\/nuestrosescritores.com\\\/carlosbrunahernandez\\\/\",\"name\":\"ESCRITOR - Carlos Bruna Hern\u00e1ndez\",\"isPartOf\":{\"@id\":\"https:\\\/\\\/nuestrosescritores.com\\\/carlosbrunahernandez\\\/#website\"},\"datePublished\":\"2021-11-20T17:51:37+00:00\",\"dateModified\":\"2021-11-20T19:12:33+00:00\",\"description\":\"CARLOS BRUNA HERN\u00c1NDEZ acaba de publicar un libro de poes\u00eda ICARIADAS con la Editorial Poes\u00eda eres t\u00fa en el a\u00f1o 2021.\",\"breadcrumb\":{\"@id\":\"https:\\\/\\\/nuestrosescritores.com\\\/carlosbrunahernandez\\\/#breadcrumb\"},\"inLanguage\":\"es\",\"potentialAction\":[{\"@type\":\"ReadAction\",\"target\":[\"https:\\\/\\\/nuestrosescritores.com\\\/carlosbrunahernandez\\\/\"]}]},{\"@type\":\"BreadcrumbList\",\"@id\":\"https:\\\/\\\/nuestrosescritores.com\\\/carlosbrunahernandez\\\/#breadcrumb\",\"itemListElement\":[{\"@type\":\"ListItem\",\"position\":1,\"name\":\"Portada\",\"item\":\"https:\\\/\\\/nuestrosescritores.com\\\/carlosbrunahernandez\\\/\"},{\"@type\":\"ListItem\",\"position\":2,\"name\":\"ESCRITOR\"}]},{\"@type\":\"WebSite\",\"@id\":\"https:\\\/\\\/nuestrosescritores.com\\\/carlosbrunahernandez\\\/#website\",\"url\":\"https:\\\/\\\/nuestrosescritores.com\\\/carlosbrunahernandez\\\/\",\"name\":\"Nuestros escritores\",\"description\":\"Escritor\",\"potentialAction\":[{\"@type\":\"SearchAction\",\"target\":{\"@type\":\"EntryPoint\",\"urlTemplate\":\"https:\\\/\\\/nuestrosescritores.com\\\/carlosbrunahernandez\\\/?s={search_term_string}\"},\"query-input\":{\"@type\":\"PropertyValueSpecification\",\"valueRequired\":true,\"valueName\":\"search_term_string\"}}],\"inLanguage\":\"es\"}]}<\/script>\n<!-- \/ Yoast SEO Premium plugin. -->","yoast_head_json":{"title":"ESCRITOR - Carlos Bruna Hern\u00e1ndez","description":"CARLOS BRUNA HERN\u00c1NDEZ acaba de publicar un libro de poes\u00eda ICARIADAS con la Editorial Poes\u00eda eres t\u00fa en el a\u00f1o 2021.","robots":{"index":"index","follow":"follow","max-snippet":"max-snippet:-1","max-image-preview":"max-image-preview:large","max-video-preview":"max-video-preview:-1"},"canonical":"https:\/\/nuestrosescritores.com\/carlosbrunahernandez\/","og_locale":"es_ES","og_type":"article","og_title":"ESCRITOR","og_description":"CARLOS BRUNA HERN\u00c1NDEZ acaba de publicar un libro de poes\u00eda ICARIADAS con la Editorial Poes\u00eda eres t\u00fa en el a\u00f1o 2021.","og_url":"https:\/\/nuestrosescritores.com\/carlosbrunahernandez\/","og_site_name":"Carlos Bruna Hern\u00e1ndez","article_modified_time":"2021-11-20T19:12:33+00:00","twitter_card":"summary_large_image","twitter_misc":{"Tiempo de lectura":"3 minutos"},"schema":{"@context":"https:\/\/schema.org","@graph":[{"@type":"WebPage","@id":"https:\/\/nuestrosescritores.com\/carlosbrunahernandez\/","url":"https:\/\/nuestrosescritores.com\/carlosbrunahernandez\/","name":"ESCRITOR - Carlos Bruna Hern\u00e1ndez","isPartOf":{"@id":"https:\/\/nuestrosescritores.com\/carlosbrunahernandez\/#website"},"datePublished":"2021-11-20T17:51:37+00:00","dateModified":"2021-11-20T19:12:33+00:00","description":"CARLOS BRUNA HERN\u00c1NDEZ acaba de publicar un libro de poes\u00eda ICARIADAS con la Editorial Poes\u00eda eres t\u00fa en el a\u00f1o 2021.","breadcrumb":{"@id":"https:\/\/nuestrosescritores.com\/carlosbrunahernandez\/#breadcrumb"},"inLanguage":"es","potentialAction":[{"@type":"ReadAction","target":["https:\/\/nuestrosescritores.com\/carlosbrunahernandez\/"]}]},{"@type":"BreadcrumbList","@id":"https:\/\/nuestrosescritores.com\/carlosbrunahernandez\/#breadcrumb","itemListElement":[{"@type":"ListItem","position":1,"name":"Portada","item":"https:\/\/nuestrosescritores.com\/carlosbrunahernandez\/"},{"@type":"ListItem","position":2,"name":"ESCRITOR"}]},{"@type":"WebSite","@id":"https:\/\/nuestrosescritores.com\/carlosbrunahernandez\/#website","url":"https:\/\/nuestrosescritores.com\/carlosbrunahernandez\/","name":"Nuestros escritores","description":"Escritor","potentialAction":[{"@type":"SearchAction","target":{"@type":"EntryPoint","urlTemplate":"https:\/\/nuestrosescritores.com\/carlosbrunahernandez\/?s={search_term_string}"},"query-input":{"@type":"PropertyValueSpecification","valueRequired":true,"valueName":"search_term_string"}}],"inLanguage":"es"}]}},"_links":{"self":[{"href":"https:\/\/nuestrosescritores.com\/carlosbrunahernandez\/wp-json\/wp\/v2\/pages\/11","targetHints":{"allow":["GET"]}}],"collection":[{"href":"https:\/\/nuestrosescritores.com\/carlosbrunahernandez\/wp-json\/wp\/v2\/pages"}],"about":[{"href":"https:\/\/nuestrosescritores.com\/carlosbrunahernandez\/wp-json\/wp\/v2\/types\/page"}],"author":[{"embeddable":true,"href":"https:\/\/nuestrosescritores.com\/carlosbrunahernandez\/wp-json\/wp\/v2\/users\/1"}],"replies":[{"embeddable":true,"href":"https:\/\/nuestrosescritores.com\/carlosbrunahernandez\/wp-json\/wp\/v2\/comments?post=11"}],"version-history":[{"count":0,"href":"https:\/\/nuestrosescritores.com\/carlosbrunahernandez\/wp-json\/wp\/v2\/pages\/11\/revisions"}],"wp:attachment":[{"href":"https:\/\/nuestrosescritores.com\/carlosbrunahernandez\/wp-json\/wp\/v2\/media?parent=11"}],"curies":[{"name":"wp","href":"https:\/\/api.w.org\/{rel}","templated":true}]}}