{"id":121,"date":"2025-11-02T17:51:51","date_gmt":"2025-11-02T16:51:51","guid":{"rendered":"https:\/\/nuestrosescritores.com\/carlosblanco\/?page_id=121"},"modified":"2025-11-02T17:54:12","modified_gmt":"2025-11-02T16:54:12","slug":"poesias","status":"publish","type":"page","link":"https:\/\/nuestrosescritores.com\/carlosblanco\/poesias\/","title":{"rendered":"POES\u00cdAS"},"content":{"rendered":"<div class=\"wpb-content-wrapper\">[vc_row full_width=&#8221;stretch_row_content_no_spaces&#8221;][vc_column extend=&#8221;false&#8221;]<div class='gambit_parallax_row' data-bg-align='' data-direction='fixed' data-opacity='100' data-velocity='-0.3' data-mobile-enabled='' data-bg-height='1024' data-bg-width='576' data-bg-image='https:\/\/nuestrosescritores.com\/carlosblanco\/wp-content\/uploads\/sites\/220\/2025\/11\/seedream-image-22.jpeg' data-bg-repeat='false' data-id='' style='display: none'><\/div><div class=\"gambit_fullheight_row\" data-content-location=\"center\" style=\"display: none\"><\/div>[\/vc_column][\/vc_row][vc_row][vc_column extend=&#8221;false&#8221;][vc_column_text]\n<h2><a name=\"_Toc209885046\"><\/a><strong>HIMNO A LA LUZ<\/strong><\/h2>\n<p>&nbsp;<\/p>\n<p>*<\/p>\n<p>&nbsp;<\/p>\n<p>El\u00e9vame al absoluto,<\/p>\n<p>hazme sentir lo infinito,<\/p>\n<p>expande mi coraz\u00f3n,<\/p>\n<p>mu\u00e9strame tu misterio.<\/p>\n<p>&nbsp;<\/p>\n<p>Inunda de claridad<\/p>\n<p>las profundidades de mi esp\u00edritu,<\/p>\n<p>para liberar<\/p>\n<p>toda fuerza y todo anhelo.<\/p>\n<p>Embri\u00e1game,<br \/>\nluz tan sublime<br \/>\nque de la oscuridad<br \/>\nextraes amor.<\/p>\n<p>Vierte sobre el c\u00e1liz de mi alma<\/p>\n<p>el roc\u00edo de una belleza eterna,<\/p>\n<p>imagen de esperanza, luz y vida,<\/p>\n<p>ala que aspira a Dios.<\/p>\n<p>&nbsp;<\/p>\n<p>\u00c1breme<\/p>\n<p>a lo ilimitado,<\/p>\n<p>a la m\u00e1s radiante<\/p>\n<p>de las intuiciones:<\/p>\n<p>la de alumbrar lo nuevo,<\/p>\n<p>para contemplar<\/p>\n<p>con ojos puros<\/p>\n<p>ad\u00f3nde asciende<\/p>\n<p>el intelecto humano.<\/p>\n<p>&nbsp;<\/p>\n<p>&nbsp;<\/p>\n<p>Rev\u00e9lame<\/p>\n<p>lo que no se agota,<\/p>\n<p>el ansia divina<\/p>\n<p>y la verdad incondicionada,<\/p>\n<p>t\u00fa que trasciendes<\/p>\n<p>todos los mundos<\/p>\n<p>y conoces<\/p>\n<p>todas las eternidades.<\/p>\n<p>&nbsp;<\/p>\n<p>Ay\u00fadame<\/p>\n<p>a pensar lo impensado,<\/p>\n<p>a bucear en lo profundo<\/p>\n<p>y a traspasar toda frontera,<\/p>\n<p>en el amanecer universal<\/p>\n<p>de una vida creadora.<\/p>\n<p>&nbsp;<\/p>\n<p>Insp\u00edrame<\/p>\n<p>ideas grandes,<\/p>\n<p>que eleven el alma<\/p>\n<p>a cielos nuevos<\/p>\n<p>mientras navegamos por la existencia.<\/p>\n<p>&nbsp;<\/p>\n<p>Ens\u00e9\u00f1ame lo necesario,<\/p>\n<p>para aprender a ser libre<\/p>\n<p>mediante el saber,<\/p>\n<p>y a reintegrar<\/p>\n<p>lo temporal en lo eterno.&nbsp;<\/p>\n<p>&nbsp;<\/p>\n<p>Dame esa luz nueva<\/p>\n<p>que me permita ver el mundo<\/p>\n<p>con ojos nuevos.<\/p>\n<p>&nbsp;<\/p>\n<p>Calma mi sed de amor,<\/p>\n<p>que es de sed de vida.<\/p>\n<p>Bendice mi rostro,<\/p>\n<p>luz de <em>Urlil<\/em>,<\/p>\n<p>fulgor primog\u00e9nito<\/p>\n<p>que despunt\u00f3<\/p>\n<p>en los espacios del ser,<\/p>\n<p>en la entra\u00f1a de lo posible,<\/p>\n<p>all\u00ed donde el saber<\/p>\n<p>se funde con el infinito.<\/p>\n<p>&nbsp;<\/p>\n<p>Pues quiero despertar<\/p>\n<p>a la belleza verdadera,<\/p>\n<p>al alba que no cesa de nacer,<\/p>\n<p>a la claridad que no se extingue.<\/p>\n<p>&nbsp;<\/p>\n<p>Quien busca, ama y crea<\/p>\n<p>merece descubrir<\/p>\n<p>un sentido<\/p>\n<p>en este mundo.<\/p>\n<p>&nbsp;<\/p>\n<p>Y tu luminosidad<\/p>\n<p>despliega ante m\u00ed<\/p>\n<p>atisbos de significado;<\/p>\n<p>es fuego suave<\/p>\n<p>que renueva el alma;<\/p>\n<p>la faz de lo inabarcable<\/p>\n<p>irrumpe<\/p>\n<p>cuando sigo tu estela,<\/p>\n<p>eco inocente de mundos fugados.<\/p>\n<p>&nbsp;<\/p>\n<p>Como vida sin ocaso<br \/>\nresplandeces sobre el coraz\u00f3n,<br \/>\ny abres el esp\u00edritu<\/p>\n<p>a los m\u00e1s bellos horizontes.<\/p>\n<p>&nbsp;<\/p>\n<p>Te contemplo,<\/p>\n<p>encaramado a cumbres insondables,<\/p>\n<p>y un \u00e9xtasis de luz y vida<\/p>\n<p>me enaltece,<\/p>\n<p>liberado de afanes pasajeros<\/p>\n<p>y de ansias caducas.<\/p>\n<p>&nbsp;<\/p>\n<p>Destello de un poder desconocido,<\/p>\n<p>creas y expandes<\/p>\n<p>las esferas del cosmos<\/p>\n<p>con tu luz tutelar,<\/p>\n<p>que desata potencias ocultas.<\/p>\n<p>&nbsp;<\/p>\n<p>Entronizada en tu crep\u00fasculo,<\/p>\n<p>renaces continuamente<\/p>\n<p>en la inmensidad del esp\u00edritu,<\/p>\n<p>porque no hay<\/p>\n<p>principio ni fin<\/p>\n<p>para el fundamento,<\/p>\n<p>que brilla sin l\u00edmite<\/p>\n<p>sobre todos los espacios.<\/p>\n<p>&nbsp;<\/p>\n<p>Al admirarte,<\/p>\n<p>los abismos<\/p>\n<p>se anegan de fulgor,<\/p>\n<p>y la verdad resplandece.<\/p>\n<p>&nbsp;<\/p>\n<p>Un vigor inescrutable<\/p>\n<p>me mueve a cruzarlos,<\/p>\n<p>y el ala de esperanzas nuevas<\/p>\n<p>me traslada a lo incognoscible.<\/p>\n<p>&nbsp;<\/p>\n<p>&nbsp;<\/p>\n<p>&nbsp;<\/p>\n<p>La belleza y el saber<\/p>\n<p>me consuelan<\/p>\n<p>frente al vac\u00edo del mundo.<\/p>\n<p>&nbsp;<\/p>\n<p>Abrazado a su esp\u00edritu,<\/p>\n<p>el dolor se convierte<\/p>\n<p>en fuerza creadora,<\/p>\n<p>y de la soledad<\/p>\n<p>emerge luz,<\/p>\n<p>la luz de una imaginaci\u00f3n libre.<\/p>\n<p>&nbsp;<\/p>\n<p>Mi mente cree<\/p>\n<p>haberlo sondeado todo.<\/p>\n<p>&nbsp;<\/p>\n<p>Tal es su saber<\/p>\n<p>que necesita deshacerse<\/p>\n<p>de conocimiento,<\/p>\n<p>para observar el mundo<\/p>\n<p>con mirada pura<\/p>\n<p>y sonrisa honesta,<\/p>\n<p>burlando as\u00ed<\/p>\n<p>los enga\u00f1os de esta tierra,<\/p>\n<p>donde lo que es<\/p>\n<p>aparenta no ser,<\/p>\n<p>y lo que no es<\/p>\n<p>aparenta ser.<\/p>\n<p>&nbsp;<\/p>\n<p>&nbsp;<\/p>\n<p>*<\/p>\n<p>&nbsp;<\/p>\n<p>&nbsp;<\/p>\n<p>Como una llama<\/p>\n<p>que jam\u00e1s se apaga,<\/p>\n<p>tu verdad arde<\/p>\n<p>en todos los mundos;<\/p>\n<p>t\u00fa, Posibilidad infinita,<\/p>\n<p>t\u00fa que eres antes y despu\u00e9s de todo,<\/p>\n<p>t\u00fa que eres fundamento y fin de todo,<\/p>\n<p>t\u00fa que eres universo de universos<\/p>\n<p>y raz\u00f3n de razones,<\/p>\n<p>t\u00fa que superas toda disyuntiva,<\/p>\n<p>e incluso trasciendes el ser<\/p>\n<p>y el no-ser<\/p>\n<p>en tu infinita grandeza,<\/p>\n<p>en tu infinito amor,<\/p>\n<p>en tu infinita belleza,<\/p>\n<p>en tu infinita sabidur\u00eda:<\/p>\n<p>T\u00fa me has salvado,<\/p>\n<p>porque eres ventana<\/p>\n<p>a un reino eterno,<\/p>\n<p>lleno de amor y vida,<\/p>\n<p>fuente que no cesa<\/p>\n<p>de derramar luz y esp\u00edritu.<\/p>\n<p>\u2026<\/p>\n<p>&nbsp;<\/p>\n<span class='bctt-click-to-tweet'><span class='bctt-ctt-text'><a href='https:\/\/x.com\/intent\/tweet?url=https%3A%2F%2Fnuestrosescritores.com%2Fcarlosblanco%2Fpoesias%2F&#038;text=HIMNO%20A%20LA%20LUZ%C2%A0del%20libro%20HIMNOS%20A%20URLIL%20de%20CARLOS%20BLANCO&#038;via=poesiaerestu&#038;related=poesiaerestu' target='_blank'rel=\"noopener noreferrer\">HIMNO A LA LUZ&nbsp;del libro HIMNOS A URLIL de CARLOS BLANCO <\/a><\/span><a href='https:\/\/x.com\/intent\/tweet?url=https%3A%2F%2Fnuestrosescritores.com%2Fcarlosblanco%2Fpoesias%2F&#038;text=HIMNO%20A%20LA%20LUZ%C2%A0del%20libro%20HIMNOS%20A%20URLIL%20de%20CARLOS%20BLANCO&#038;via=poesiaerestu&#038;related=poesiaerestu' target='_blank' class='bctt-ctt-btn'rel=\"noopener noreferrer\">Compartir en X<\/a><\/span>\n<p>&nbsp;[\/vc_column_text][\/vc_column][\/vc_row][vc_row][vc_column extend=&#8221;false&#8221;]<div class='gambit_parallax_row' data-bg-align='' data-direction='fixed' data-opacity='100' data-velocity='-0.3' data-mobile-enabled='' data-bg-height='794' data-bg-width='559' data-bg-image='https:\/\/nuestrosescritores.com\/carlosblanco\/wp-content\/uploads\/sites\/220\/2025\/11\/0_Portada_Himnos-a-Urlil.jpg' data-bg-repeat='false' data-id='' style='display: none'><\/div><div class=\"gambit_fullheight_row\" data-content-location=\"center\" style=\"display: none\"><\/div>[vc_column_text]\n<p style=\"text-align: center;\"><a class=\"fasc-button fasc-size-xlarge fasc-type-glossy fasc-rounded-medium\" style=\"background-color: #33809e; color: #ffffff;\" href=\"https:\/\/librodepoesia.com\/producto\/este-juego-es-infinito-64-sonetos-ajedrecisticos-francisco-delgado-iribarren-cruz\/\">Comprar el libro<\/a><\/p>\n[\/vc_column_text][\/vc_column][\/vc_row]\n<\/div>","protected":false},"excerpt":{"rendered":"<p>[vc_row full_width=&#8221;stretch_row_content_no_spaces&#8221;][vc_column extend=&#8221;false&#8221;][\/vc_column][\/vc_row][vc_row][vc_column extend=&#8221;false&#8221;][vc_column_text] HIMNO A LA LUZ &nbsp; * &nbsp; El\u00e9vame al absoluto, hazme sentir lo infinito, expande mi coraz\u00f3n, mu\u00e9strame tu misterio. &nbsp; Inunda de claridad las profundidades de mi esp\u00edritu, para liberar toda fuerza y todo anhelo. Embri\u00e1game, luz tan sublime que de la oscuridad extraes amor. Vierte sobre el c\u00e1liz de [&hellip;]<\/p>\n","protected":false},"author":1,"featured_media":100,"parent":0,"menu_order":0,"comment_status":"closed","ping_status":"closed","template":"","meta":{"_acf_changed":false,"footnotes":""},"class_list":["post-121","page","type-page","status-publish","has-post-thumbnail","hentry"],"acf":[],"yoast_head":"<!-- This site is optimized with the Yoast SEO Premium plugin v24.7 (Yoast SEO v27.5) - https:\/\/yoast.com\/product\/yoast-seo-premium-wordpress\/ -->\n<title>POES\u00cdAS - Carlos Blanco<\/title>\n<meta name=\"description\" content=\"Poes\u00eda del libro Himnos a Urlil, el escritor nos da una muestra tras publicar un libro de poes\u00eda con la editorial Ediciones Rilke.\" \/>\n<meta name=\"robots\" content=\"index, follow, max-snippet:-1, max-image-preview:large, max-video-preview:-1\" \/>\n<link rel=\"canonical\" href=\"https:\/\/nuestrosescritores.com\/carlosblanco\/poesias\/\" \/>\n<meta property=\"og:locale\" content=\"es_ES\" \/>\n<meta property=\"og:type\" content=\"article\" \/>\n<meta property=\"og:title\" content=\"POES\u00cdAS\" \/>\n<meta property=\"og:description\" content=\"Poes\u00eda del libro Himnos a Urlil, el escritor nos da una muestra tras publicar un libro de poes\u00eda con la editorial Ediciones Rilke.\" \/>\n<meta property=\"og:url\" content=\"https:\/\/nuestrosescritores.com\/carlosblanco\/poesias\/\" \/>\n<meta property=\"og:site_name\" content=\"Carlos Blanco\" \/>\n<meta property=\"article:modified_time\" content=\"2025-11-02T16:54:12+00:00\" \/>\n<meta property=\"og:image\" content=\"http:\/\/nuestrosescritores.com\/carlosblanco\/wp-content\/uploads\/sites\/220\/2025\/11\/book2.png\" \/>\n\t<meta property=\"og:image:width\" content=\"839\" \/>\n\t<meta property=\"og:image:height\" content=\"794\" \/>\n\t<meta property=\"og:image:type\" content=\"image\/png\" \/>\n<meta name=\"twitter:card\" content=\"summary_large_image\" \/>\n<meta name=\"twitter:label1\" content=\"Tiempo de lectura\" \/>\n\t<meta name=\"twitter:data1\" content=\"4 minutos\" \/>\n<script type=\"application\/ld+json\" class=\"yoast-schema-graph\">{\"@context\":\"https:\\\/\\\/schema.org\",\"@graph\":[{\"@type\":\"WebPage\",\"@id\":\"https:\\\/\\\/nuestrosescritores.com\\\/carlosblanco\\\/poesias\\\/\",\"url\":\"https:\\\/\\\/nuestrosescritores.com\\\/carlosblanco\\\/poesias\\\/\",\"name\":\"POES\u00cdAS - Carlos Blanco\",\"isPartOf\":{\"@id\":\"https:\\\/\\\/nuestrosescritores.com\\\/carlosblanco\\\/#website\"},\"primaryImageOfPage\":{\"@id\":\"https:\\\/\\\/nuestrosescritores.com\\\/carlosblanco\\\/poesias\\\/#primaryimage\"},\"image\":{\"@id\":\"https:\\\/\\\/nuestrosescritores.com\\\/carlosblanco\\\/poesias\\\/#primaryimage\"},\"thumbnailUrl\":\"https:\\\/\\\/nuestrosescritores.com\\\/carlosblanco\\\/wp-content\\\/uploads\\\/sites\\\/220\\\/2025\\\/11\\\/book2.png\",\"datePublished\":\"2025-11-02T16:51:51+00:00\",\"dateModified\":\"2025-11-02T16:54:12+00:00\",\"description\":\"Poes\u00eda del libro Himnos a Urlil, el escritor nos da una muestra tras publicar un libro de poes\u00eda con la editorial Ediciones Rilke.\",\"breadcrumb\":{\"@id\":\"https:\\\/\\\/nuestrosescritores.com\\\/carlosblanco\\\/poesias\\\/#breadcrumb\"},\"inLanguage\":\"es\",\"potentialAction\":[{\"@type\":\"ReadAction\",\"target\":[\"https:\\\/\\\/nuestrosescritores.com\\\/carlosblanco\\\/poesias\\\/\"]}]},{\"@type\":\"ImageObject\",\"inLanguage\":\"es\",\"@id\":\"https:\\\/\\\/nuestrosescritores.com\\\/carlosblanco\\\/poesias\\\/#primaryimage\",\"url\":\"https:\\\/\\\/nuestrosescritores.com\\\/carlosblanco\\\/wp-content\\\/uploads\\\/sites\\\/220\\\/2025\\\/11\\\/book2.png\",\"contentUrl\":\"https:\\\/\\\/nuestrosescritores.com\\\/carlosblanco\\\/wp-content\\\/uploads\\\/sites\\\/220\\\/2025\\\/11\\\/book2.png\",\"width\":839,\"height\":794},{\"@type\":\"BreadcrumbList\",\"@id\":\"https:\\\/\\\/nuestrosescritores.com\\\/carlosblanco\\\/poesias\\\/#breadcrumb\",\"itemListElement\":[{\"@type\":\"ListItem\",\"position\":1,\"name\":\"Portada\",\"item\":\"https:\\\/\\\/nuestrosescritores.com\\\/carlosblanco\\\/\"},{\"@type\":\"ListItem\",\"position\":2,\"name\":\"POES\u00cdAS\"}]},{\"@type\":\"WebSite\",\"@id\":\"https:\\\/\\\/nuestrosescritores.com\\\/carlosblanco\\\/#website\",\"url\":\"https:\\\/\\\/nuestrosescritores.com\\\/carlosblanco\\\/\",\"name\":\"Nuestros escritores\",\"description\":\"Escritor\",\"potentialAction\":[{\"@type\":\"SearchAction\",\"target\":{\"@type\":\"EntryPoint\",\"urlTemplate\":\"https:\\\/\\\/nuestrosescritores.com\\\/carlosblanco\\\/?s={search_term_string}\"},\"query-input\":{\"@type\":\"PropertyValueSpecification\",\"valueRequired\":true,\"valueName\":\"search_term_string\"}}],\"inLanguage\":\"es\"}]}<\/script>\n<!-- \/ Yoast SEO Premium plugin. -->","yoast_head_json":{"title":"POES\u00cdAS - Carlos Blanco","description":"Poes\u00eda del libro Himnos a Urlil, el escritor nos da una muestra tras publicar un libro de poes\u00eda con la editorial Ediciones Rilke.","robots":{"index":"index","follow":"follow","max-snippet":"max-snippet:-1","max-image-preview":"max-image-preview:large","max-video-preview":"max-video-preview:-1"},"canonical":"https:\/\/nuestrosescritores.com\/carlosblanco\/poesias\/","og_locale":"es_ES","og_type":"article","og_title":"POES\u00cdAS","og_description":"Poes\u00eda del libro Himnos a Urlil, el escritor nos da una muestra tras publicar un libro de poes\u00eda con la editorial Ediciones Rilke.","og_url":"https:\/\/nuestrosescritores.com\/carlosblanco\/poesias\/","og_site_name":"Carlos Blanco","article_modified_time":"2025-11-02T16:54:12+00:00","og_image":[{"width":839,"height":794,"url":"http:\/\/nuestrosescritores.com\/carlosblanco\/wp-content\/uploads\/sites\/220\/2025\/11\/book2.png","type":"image\/png"}],"twitter_card":"summary_large_image","twitter_misc":{"Tiempo de lectura":"4 minutos"},"schema":{"@context":"https:\/\/schema.org","@graph":[{"@type":"WebPage","@id":"https:\/\/nuestrosescritores.com\/carlosblanco\/poesias\/","url":"https:\/\/nuestrosescritores.com\/carlosblanco\/poesias\/","name":"POES\u00cdAS - Carlos Blanco","isPartOf":{"@id":"https:\/\/nuestrosescritores.com\/carlosblanco\/#website"},"primaryImageOfPage":{"@id":"https:\/\/nuestrosescritores.com\/carlosblanco\/poesias\/#primaryimage"},"image":{"@id":"https:\/\/nuestrosescritores.com\/carlosblanco\/poesias\/#primaryimage"},"thumbnailUrl":"https:\/\/nuestrosescritores.com\/carlosblanco\/wp-content\/uploads\/sites\/220\/2025\/11\/book2.png","datePublished":"2025-11-02T16:51:51+00:00","dateModified":"2025-11-02T16:54:12+00:00","description":"Poes\u00eda del libro Himnos a Urlil, el escritor nos da una muestra tras publicar un libro de poes\u00eda con la editorial Ediciones Rilke.","breadcrumb":{"@id":"https:\/\/nuestrosescritores.com\/carlosblanco\/poesias\/#breadcrumb"},"inLanguage":"es","potentialAction":[{"@type":"ReadAction","target":["https:\/\/nuestrosescritores.com\/carlosblanco\/poesias\/"]}]},{"@type":"ImageObject","inLanguage":"es","@id":"https:\/\/nuestrosescritores.com\/carlosblanco\/poesias\/#primaryimage","url":"https:\/\/nuestrosescritores.com\/carlosblanco\/wp-content\/uploads\/sites\/220\/2025\/11\/book2.png","contentUrl":"https:\/\/nuestrosescritores.com\/carlosblanco\/wp-content\/uploads\/sites\/220\/2025\/11\/book2.png","width":839,"height":794},{"@type":"BreadcrumbList","@id":"https:\/\/nuestrosescritores.com\/carlosblanco\/poesias\/#breadcrumb","itemListElement":[{"@type":"ListItem","position":1,"name":"Portada","item":"https:\/\/nuestrosescritores.com\/carlosblanco\/"},{"@type":"ListItem","position":2,"name":"POES\u00cdAS"}]},{"@type":"WebSite","@id":"https:\/\/nuestrosescritores.com\/carlosblanco\/#website","url":"https:\/\/nuestrosescritores.com\/carlosblanco\/","name":"Nuestros escritores","description":"Escritor","potentialAction":[{"@type":"SearchAction","target":{"@type":"EntryPoint","urlTemplate":"https:\/\/nuestrosescritores.com\/carlosblanco\/?s={search_term_string}"},"query-input":{"@type":"PropertyValueSpecification","valueRequired":true,"valueName":"search_term_string"}}],"inLanguage":"es"}]}},"_links":{"self":[{"href":"https:\/\/nuestrosescritores.com\/carlosblanco\/wp-json\/wp\/v2\/pages\/121","targetHints":{"allow":["GET"]}}],"collection":[{"href":"https:\/\/nuestrosescritores.com\/carlosblanco\/wp-json\/wp\/v2\/pages"}],"about":[{"href":"https:\/\/nuestrosescritores.com\/carlosblanco\/wp-json\/wp\/v2\/types\/page"}],"author":[{"embeddable":true,"href":"https:\/\/nuestrosescritores.com\/carlosblanco\/wp-json\/wp\/v2\/users\/1"}],"replies":[{"embeddable":true,"href":"https:\/\/nuestrosescritores.com\/carlosblanco\/wp-json\/wp\/v2\/comments?post=121"}],"version-history":[{"count":0,"href":"https:\/\/nuestrosescritores.com\/carlosblanco\/wp-json\/wp\/v2\/pages\/121\/revisions"}],"wp:featuredmedia":[{"embeddable":true,"href":"https:\/\/nuestrosescritores.com\/carlosblanco\/wp-json\/wp\/v2\/media\/100"}],"wp:attachment":[{"href":"https:\/\/nuestrosescritores.com\/carlosblanco\/wp-json\/wp\/v2\/media?parent=121"}],"curies":[{"name":"wp","href":"https:\/\/api.w.org\/{rel}","templated":true}]}}