{"id":71,"date":"2023-01-14T09:02:31","date_gmt":"2023-01-14T09:02:31","guid":{"rendered":"https:\/\/nuestrosescritores.com\/carlapastorlojo\/?page_id=71"},"modified":"2023-01-14T09:59:56","modified_gmt":"2023-01-14T09:59:56","slug":"poesia","status":"publish","type":"page","link":"https:\/\/nuestrosescritores.com\/carlapastorlojo\/poesia\/","title":{"rendered":"Poes\u00eda"},"content":{"rendered":"<div class=\"wpb-content-wrapper\">[vc_row full_width=&#8221;stretch_row_content_no_spaces&#8221;][vc_column extend=&#8221;false&#8221;]<div class='gambit_parallax_row' data-bg-align='' data-direction='fixed' data-opacity='100' data-velocity='-0.3' data-mobile-enabled='' data-bg-height='1200' data-bg-width='800' data-bg-image='https:\/\/nuestrosescritores.com\/carlapastorlojo\/wp-content\/uploads\/sites\/143\/2023\/01\/gf2yxobzmgk.jpg' data-bg-repeat='false' data-id='' style='display: none'><\/div><div class=\"gambit_fullheight_row\" data-content-location=\"center\" style=\"display: none\"><\/div>[\/vc_column][\/vc_row][vc_row][vc_column extend=&#8221;false&#8221;][vc_column_text]\n<h1><a name=\"_Toc120212711\"><\/a><strong>En estado de espera<\/strong><\/h1>\n<p>&nbsp;<\/p>\n<p>\u00bfSoy buena en esto?<\/p>\n<p>Es algo que siempre me he planteado y con lo que siempre he tenido dudas.<\/p>\n<p>\u00bfValgo para algo o es un simple hobbie?<\/p>\n<p>Quiero confiar y creer esas voces que me dicen que es bueno. Quiero lanzarme a la piscina sin comprobar antes si hay agua ya que si no lo hago nunca podr\u00e9 tener la certeza de ello.<\/p>\n<p>No voy a mentir, tengo miedo y sigo pensando que es una puta locura y se me est\u00e1 yendo la olla. Pero&#8230; si no apuesto yo por m\u00ed, nadie lo har\u00e1 nunca. Si no tengo fe yo misma, nadie la tendr\u00e1 nunca en m\u00ed. Por eso empieza el camino que tanto me ha costado decidirme a emprender.<\/p>\n<p>Con mis miedos y todo vamos a por ello. Con mi poca confianza en m\u00ed misma, vamos a por ello. Sola o acompa\u00f1ada, voy a por ello. Y supongo que lo lograr\u00e9.<\/p>\n<p>\u2026<\/p>\n<p>Y as\u00ed es como empieza mi historia, la historia de c\u00f3mo me decid\u00ed a poner en marcha este simple ejemplar que tienes en tus manos. La historia de c\u00f3mo despu\u00e9s de muchos a\u00f1os dedicando mi tiempo y esfuerzo a esto me atrev\u00ed a por fin confiar en que merec\u00eda ser le\u00eddo por alguien que no fuese yo misma.<\/p>\n<p>Espero que lo que est\u00e1s a punto de leer te transporte a esos sentimientos que quiz\u00e1 no sepas que tienes. Que lo que en estas p\u00e1ginas te muestro te identifique, te roce y te haga llevar tu mente y tu alma a esos lugares escondidos de tu coraz\u00f3n.<\/p>\n<p>Buen viaje, espero que sea el primero de muchos.<\/p>\n<p>&nbsp;<\/p>\n<p>&nbsp;<\/p>\n<p>&nbsp;<\/p>\n<span class='bctt-click-to-tweet'><span class='bctt-ctt-text'><a href='https:\/\/x.com\/intent\/tweet?url=https%3A%2F%2Fnuestrosescritores.com%2Fcarlapastorlojo%2Fpoesia%2F&#038;text=En%20estado%20de%20espera%C2%A0del%20libro%20EN%20ESTADO%20DE%20ESPERA%20de%20CARLA%20PASTOR%20LOJO&#038;via=poesiaerestu&#038;related=poesiaerestu' target='_blank'rel=\"noopener noreferrer\">En estado de espera&nbsp;del libro EN ESTADO DE ESPERA de CARLA PASTOR LOJO <\/a><\/span><a href='https:\/\/x.com\/intent\/tweet?url=https%3A%2F%2Fnuestrosescritores.com%2Fcarlapastorlojo%2Fpoesia%2F&#038;text=En%20estado%20de%20espera%C2%A0del%20libro%20EN%20ESTADO%20DE%20ESPERA%20de%20CARLA%20PASTOR%20LOJO&#038;via=poesiaerestu&#038;related=poesiaerestu' target='_blank' class='bctt-ctt-btn'rel=\"noopener noreferrer\">Compartir en X<\/a><\/span>\n<p>&nbsp;[\/vc_column_text][\/vc_column][\/vc_row][vc_row full_width=&#8221;stretch_row_content_no_spaces&#8221;][vc_column extend=&#8221;false&#8221;]<div class='gambit_parallax_row' data-bg-align='' data-direction='fixed' data-opacity='100' data-velocity='-0.3' data-mobile-enabled='' data-bg-height='1200' data-bg-width='800' data-bg-image='https:\/\/nuestrosescritores.com\/carlapastorlojo\/wp-content\/uploads\/sites\/143\/2023\/01\/qcadnk8igsk.jpg' data-bg-repeat='false' data-id='' style='display: none'><\/div><div class=\"gambit_fullheight_row\" data-content-location=\"center\" style=\"display: none\"><\/div>[\/vc_column][\/vc_row][vc_row][vc_column extend=&#8221;false&#8221;][vc_column_text]\n<h1><a name=\"_Toc50565515\"><\/a><\/h1>\n<h1><a name=\"_Toc120212720\"><\/a><strong>Novena<\/strong><\/h1>\n<p>&nbsp;<\/p>\n<p>Nos quedaban<br \/>\ndos calos<br \/>\npara terminar de consumir nuestra vida,<br \/>\npara arder en el infierno del que proven\u00edamos,<br \/>\npara echarle cara a la cruz de la moneda,<br \/>\npara hacer trucos si no sal\u00eda nuestra carta.<br \/>\nY consumimos esos dos calos,<br \/>\napostando todo al trece,<br \/>\npor si a la suerte se le ocurr\u00eda mirarnos,<br \/>\ncon sus ojos de tuerto,<br \/>\no por si el gato negro que cogimos de la calle,<br \/>\ndecid\u00eda no cruzarse por nuestro camino hoy.<br \/>\nQue he gastado,<br \/>\nel alma y las ganas,<br \/>\nen gente que, como t\u00fa,<br \/>\nno merec\u00eda mi espera.<br \/>\nY me he sangrado,<br \/>\nen honor a los que no est\u00e1n,<br \/>\npara visitarles pronto.<br \/>\nPorque un d\u00eda m\u00e1s,<br \/>\ncon mi compa\u00f1\u00eda,<br \/>\nsiempre ser\u00e1 un d\u00eda de menos.<\/p>\n<p>&nbsp;<\/p>\n<span class='bctt-click-to-tweet'><span class='bctt-ctt-text'><a href='https:\/\/x.com\/intent\/tweet?url=https%3A%2F%2Fnuestrosescritores.com%2Fcarlapastorlojo%2Fpoesia%2F&#038;text=Novena%20del%20libro%20EN%20ESTADO%20DE%20ESPERA%20de%20CARLA%20PASTOR%20LOJO&#038;via=poesiaerestu&#038;related=poesiaerestu' target='_blank'rel=\"noopener noreferrer\">Novena del libro EN ESTADO DE ESPERA de CARLA PASTOR LOJO <\/a><\/span><a href='https:\/\/x.com\/intent\/tweet?url=https%3A%2F%2Fnuestrosescritores.com%2Fcarlapastorlojo%2Fpoesia%2F&#038;text=Novena%20del%20libro%20EN%20ESTADO%20DE%20ESPERA%20de%20CARLA%20PASTOR%20LOJO&#038;via=poesiaerestu&#038;related=poesiaerestu' target='_blank' class='bctt-ctt-btn'rel=\"noopener noreferrer\">Compartir en X<\/a><\/span>\n<p>&nbsp;<\/p>\n<p>&nbsp;[\/vc_column_text][\/vc_column][\/vc_row][vc_row][vc_column extend=&#8221;false&#8221;]<div class='gambit_parallax_row' data-bg-align='' data-direction='fixed' data-opacity='100' data-velocity='-0.3' data-mobile-enabled='' data-bg-height='1200' data-bg-width='800' data-bg-image='https:\/\/nuestrosescritores.com\/carlapastorlojo\/wp-content\/uploads\/sites\/143\/2023\/01\/luahotfzt48.jpg' data-bg-repeat='false' data-id='' style='display: none'><\/div><div class=\"gambit_fullheight_row\" data-content-location=\"center\" style=\"display: none\"><\/div>[\/vc_column][\/vc_row][vc_row][vc_column extend=&#8221;false&#8221;][vc_column_text]\n<h1><a name=\"_Toc120212728\"><\/a><strong>Esa<\/strong><\/h1>\n<p>&nbsp;<\/p>\n<p>Esa sonrisa la inundaba la cara;<br \/>\nesa sonrisa era de felicidad;<br \/>\nesa sonrisa disimulaba sus llantos;<br \/>\nesa sonrisa ocultaba las noches en vela;<br \/>\nesa sonrisa ped\u00eda a gritos un abrazo;<br \/>\nesa sonrisa jugaba con fuego por un poco de calor;<br \/>\nesa sonrisa pod\u00eda con ella;<br \/>\nesa sonrisa pod\u00eda contigo;<br \/>\nesa sonrisa hac\u00eda que a ti se te perdiera la cabeza;<br \/>\nesa sonrisa necesitaba una raz\u00f3n;<br \/>\nesa sonrisa era llanto en la soledad;<br \/>\nesa sonrisa nadaba hasta ahogarse;<br \/>\nesa sonrisa busc\u00f3 hasta perderse;<br \/>\nesa sonrisa se sinti\u00f3 acompa\u00f1ada;<br \/>\nesa sonrisa estuvo sola;<br \/>\nesa sonrisa era poes\u00eda;<br \/>\nesa sonrisa era pintura;<br \/>\nesa sonrisa era vida;<br \/>\nesa sonrisa era la muerte;<br \/>\nesa sonrisa eran juegos de ni\u00f1os;<br \/>\nesa sonrisa estaba lejos del planeta;<br \/>\nesa sonrisa intent\u00f3 salir a flote;<br \/>\nesa sonrisa se tir\u00f3 por la borda;<br \/>\nesa sonrisa;<br \/>\nesa, era falsa.<\/p>\n<p>&nbsp;<\/p>\n<p>&nbsp;<\/p>\n<p>&nbsp;<\/p>\n<p>&nbsp;<\/p>\n<p>&nbsp;<\/p>\n<span class='bctt-click-to-tweet'><span class='bctt-ctt-text'><a href='https:\/\/x.com\/intent\/tweet?url=https%3A%2F%2Fnuestrosescritores.com%2Fcarlapastorlojo%2Fpoesia%2F&#038;text=Esa%20del%20libro%20EN%20ESTADO%20DE%20ESPERA%20de%20CARLA%20PASTOR%20LOJO&#038;via=poesiaerestu&#038;related=poesiaerestu' target='_blank'rel=\"noopener noreferrer\">Esa del libro EN ESTADO DE ESPERA de CARLA PASTOR LOJO <\/a><\/span><a href='https:\/\/x.com\/intent\/tweet?url=https%3A%2F%2Fnuestrosescritores.com%2Fcarlapastorlojo%2Fpoesia%2F&#038;text=Esa%20del%20libro%20EN%20ESTADO%20DE%20ESPERA%20de%20CARLA%20PASTOR%20LOJO&#038;via=poesiaerestu&#038;related=poesiaerestu' target='_blank' class='bctt-ctt-btn'rel=\"noopener noreferrer\">Compartir en X<\/a><\/span>[\/vc_column_text][\/vc_column][\/vc_row][vc_row][vc_column extend=&#8221;false&#8221;]<div class='gambit_parallax_row' data-bg-align='' data-direction='fixed' data-opacity='100' data-velocity='-0.3' data-mobile-enabled='' data-bg-height='1067' data-bg-width='1600' data-bg-image='https:\/\/nuestrosescritores.com\/carlapastorlojo\/wp-content\/uploads\/sites\/143\/2023\/01\/h_kizcd6zqs.jpg' data-bg-repeat='false' data-id='' style='display: none'><\/div><div class=\"gambit_fullheight_row\" data-content-location=\"center\" style=\"display: none\"><\/div>[\/vc_column][\/vc_row][vc_row][vc_column extend=&#8221;false&#8221;][vc_column_text]\n<h1><a name=\"_Toc120212750\"><\/a><strong>Hac\u00eda mucho<\/strong><\/h1>\n<p>&nbsp;<\/p>\n<p>Hac\u00eda, mucho.<\/p>\n<p>Hac\u00eda mucho tiempo que no me abr\u00eda en canal a un folio, sangraba la tinta que me quedaba despu\u00e9s de llorarlo todo y ahogarme e intentaba salir a flote con un salvavidas de papel.<\/p>\n<p>Hac\u00eda mucho que no sonre\u00eda hasta que llegaste, que no sonre\u00eda de felicidad, que no encontraba algo, alguien, donde perderme, y no querer que me encontrasen nunca.<\/p>\n<p>Hac\u00eda mucho que no quer\u00eda intentar vivir sin prisa, invirtiendo el tiempo que me quedaba en una sonrisa.<\/p>\n<p>Y hacia tanto tiempo que no me hund\u00eda, que ahora cualquier gota de agua me hace necesitar de salvavidas.<\/p>\n<p>Hac\u00eda tanto que no era de papel, que lo voy a aprovechar, y antes que deshacerme con los mares que me quedan por luchar, voy a escribir la carta de mi botella.<\/p>\n<p>&nbsp;<\/p>\n<span class='bctt-click-to-tweet'><span class='bctt-ctt-text'><a href='https:\/\/x.com\/intent\/tweet?url=https%3A%2F%2Fnuestrosescritores.com%2Fcarlapastorlojo%2Fpoesia%2F&#038;text=Hac%C3%ADa%20mucho%20del%20libro%20EN%20ESTADO%20DE%20ESPERA%20de%20CARLA%20PASTOR%20LOJO&#038;via=poesiaerestu&#038;related=poesiaerestu' target='_blank'rel=\"noopener noreferrer\">Hac\u00eda mucho del libro EN ESTADO DE ESPERA de CARLA PASTOR LOJO <\/a><\/span><a href='https:\/\/x.com\/intent\/tweet?url=https%3A%2F%2Fnuestrosescritores.com%2Fcarlapastorlojo%2Fpoesia%2F&#038;text=Hac%C3%ADa%20mucho%20del%20libro%20EN%20ESTADO%20DE%20ESPERA%20de%20CARLA%20PASTOR%20LOJO&#038;via=poesiaerestu&#038;related=poesiaerestu' target='_blank' class='bctt-ctt-btn'rel=\"noopener noreferrer\">Compartir en X<\/a><\/span>[\/vc_column_text][\/vc_column][\/vc_row][vc_row][vc_column extend=&#8221;false&#8221;]<div class='gambit_parallax_row' data-bg-align='' data-direction='fixed' data-opacity='100' data-velocity='-0.3' data-mobile-enabled='' data-bg-height='1200' data-bg-width='800' data-bg-image='https:\/\/nuestrosescritores.com\/carlapastorlojo\/wp-content\/uploads\/sites\/143\/2023\/01\/xh0zvcirn4g.jpg' data-bg-repeat='false' data-id='' style='display: none'><\/div><div class=\"gambit_fullheight_row\" data-content-location=\"center\" style=\"display: none\"><\/div>[\/vc_column][\/vc_row][vc_row][vc_column extend=&#8221;false&#8221;][vc_column_text]\n<h1><a name=\"_Toc29236770\"><\/a><\/h1>\n<h1><a name=\"_Toc120212761\"><\/a><strong>Necesito<\/strong><\/h1>\n<p>&nbsp;<\/p>\n<p>Necesito que vengas a darme un abrazo que me rompa las costillas. Necesito sentirlo. Necesito sentirte.<\/p>\n<p>&nbsp;<\/p>\n<p>Necesito ver que el sentimiento es mutuo. Que sin ti estoy perdida, que quiero perderme contigo.<\/p>\n<p>&nbsp;<\/p>\n<p>Necesito ver luz, ver que nada ha acabado, que estamos madurando y creciendo, que somos capaces de hacerlo juntos.<\/p>\n<p>&nbsp;<\/p>\n<p>Necesito ver en tus ojos la ilusi\u00f3n de tenerme cerca, las ganas de ir al fin del mundo.<\/p>\n<p>&nbsp;<\/p>\n<p>Necesito escapar, estar sola y que vengas a cuidarme, necesito que veas que soy fr\u00e1gil. Necesito no romperme m\u00e1s. Y si lo hago, que construyas un puzle con todos nuestros trozos.<\/p>\n<p>&nbsp;<\/p>\n<p>Necesito sentirlo.<\/p>\n<p>Necesito ver qu\u00e9 hacer.<\/p>\n<p>Nos necesito, otra vez.<\/p>\n<p>&nbsp;<\/p>\n<p>&nbsp;<\/p>\n<p>&nbsp;<\/p>\n<p>&nbsp;<\/p>\n<p>&nbsp;<\/p>\n<p>&nbsp;<\/p>\n<span class='bctt-click-to-tweet'><span class='bctt-ctt-text'><a href='https:\/\/x.com\/intent\/tweet?url=https%3A%2F%2Fnuestrosescritores.com%2Fcarlapastorlojo%2Fpoesia%2F&#038;text=Necesito%20del%20libro%20EN%20ESTADO%20DE%20ESPERA%20de%20CARLA%20PASTOR%20LOJO&#038;via=poesiaerestu&#038;related=poesiaerestu' target='_blank'rel=\"noopener noreferrer\">Necesito del libro EN ESTADO DE ESPERA de CARLA PASTOR LOJO <\/a><\/span><a href='https:\/\/x.com\/intent\/tweet?url=https%3A%2F%2Fnuestrosescritores.com%2Fcarlapastorlojo%2Fpoesia%2F&#038;text=Necesito%20del%20libro%20EN%20ESTADO%20DE%20ESPERA%20de%20CARLA%20PASTOR%20LOJO&#038;via=poesiaerestu&#038;related=poesiaerestu' target='_blank' class='bctt-ctt-btn'rel=\"noopener noreferrer\">Compartir en X<\/a><\/span>[\/vc_column_text][\/vc_column][\/vc_row][vc_row][vc_column extend=&#8221;false&#8221;]<div class='gambit_parallax_row' data-bg-align='' data-direction='fixed' data-opacity='100' data-velocity='-0.3' data-mobile-enabled='' data-bg-height='682' data-bg-width='1366' data-bg-image='https:\/\/nuestrosescritores.com\/carlapastorlojo\/wp-content\/uploads\/sites\/143\/2023\/01\/CarlaPastorLojo_Editor-SSquareAlargado-Mediano.png' data-bg-repeat='false' data-id='' style='display: none'><\/div><div class=\"gambit_fullheight_row\" data-content-location=\"center\" style=\"display: none\"><\/div>[vc_column_text]\n<p style=\"text-align: center;\"><a class=\"fasc-button fasc-size-xlarge fasc-type-glossy fasc-rounded-medium\" style=\"background-color: #33809e; color: #ffffff;\" href=\"https:\/\/librodepoesia.com\/libro\/en-estado-de-espera-carla-pastor-lojo\/\">Comprar el libro<\/a><\/p>\n[\/vc_column_text][\/vc_column][\/vc_row]\n<\/div>","protected":false},"excerpt":{"rendered":"<p>[vc_row full_width=&#8221;stretch_row_content_no_spaces&#8221;][vc_column extend=&#8221;false&#8221;][\/vc_column][\/vc_row][vc_row][vc_column extend=&#8221;false&#8221;][vc_column_text] En estado de espera &nbsp; \u00bfSoy buena en esto? Es algo que siempre me he planteado y con lo que siempre he tenido dudas. \u00bfValgo para algo o es un simple hobbie? Quiero confiar y creer esas voces que me dicen que es bueno. Quiero lanzarme a la piscina sin comprobar [&hellip;]<\/p>\n","protected":false},"author":1,"featured_media":0,"parent":0,"menu_order":0,"comment_status":"closed","ping_status":"closed","template":"","meta":{"_acf_changed":false,"footnotes":""},"class_list":["post-71","page","type-page","status-publish","hentry"],"acf":[],"yoast_head":"<!-- This site is optimized with the Yoast SEO Premium plugin v24.7 (Yoast SEO v27.4) - https:\/\/yoast.com\/product\/yoast-seo-premium-wordpress\/ -->\n<title>Poes\u00eda - Carla Pastor Lojo<\/title>\n<meta name=\"description\" content=\"Poes\u00eda del libro En estado de espera, la escritora acaba de publicar un libro con la Editorial Poes\u00eda eres t\u00fa en el a\u00f1o 2022.\" \/>\n<meta name=\"robots\" content=\"index, follow, max-snippet:-1, max-image-preview:large, max-video-preview:-1\" \/>\n<link rel=\"canonical\" href=\"https:\/\/nuestrosescritores.com\/carlapastorlojo\/poesia\/\" \/>\n<meta property=\"og:locale\" content=\"es_ES\" \/>\n<meta property=\"og:type\" content=\"article\" \/>\n<meta property=\"og:title\" content=\"Poes\u00eda\" \/>\n<meta property=\"og:description\" content=\"Poes\u00eda del libro En estado de espera, la escritora acaba de publicar un libro con la Editorial Poes\u00eda eres t\u00fa en el a\u00f1o 2022.\" \/>\n<meta property=\"og:url\" content=\"https:\/\/nuestrosescritores.com\/carlapastorlojo\/poesia\/\" \/>\n<meta property=\"og:site_name\" content=\"Carla Pastor Lojo\" \/>\n<meta property=\"article:modified_time\" content=\"2023-01-14T09:59:56+00:00\" \/>\n<meta name=\"twitter:card\" content=\"summary_large_image\" \/>\n<meta name=\"twitter:label1\" content=\"Tiempo de lectura\" \/>\n\t<meta name=\"twitter:data1\" content=\"5 minutos\" \/>\n<script type=\"application\/ld+json\" class=\"yoast-schema-graph\">{\"@context\":\"https:\\\/\\\/schema.org\",\"@graph\":[{\"@type\":\"WebPage\",\"@id\":\"https:\\\/\\\/nuestrosescritores.com\\\/carlapastorlojo\\\/poesia\\\/\",\"url\":\"https:\\\/\\\/nuestrosescritores.com\\\/carlapastorlojo\\\/poesia\\\/\",\"name\":\"Poes\u00eda - Carla Pastor Lojo\",\"isPartOf\":{\"@id\":\"https:\\\/\\\/nuestrosescritores.com\\\/carlapastorlojo\\\/#website\"},\"datePublished\":\"2023-01-14T09:02:31+00:00\",\"dateModified\":\"2023-01-14T09:59:56+00:00\",\"description\":\"Poes\u00eda del libro En estado de espera, la escritora acaba de publicar un libro con la Editorial Poes\u00eda eres t\u00fa en el a\u00f1o 2022.\",\"breadcrumb\":{\"@id\":\"https:\\\/\\\/nuestrosescritores.com\\\/carlapastorlojo\\\/poesia\\\/#breadcrumb\"},\"inLanguage\":\"es\",\"potentialAction\":[{\"@type\":\"ReadAction\",\"target\":[\"https:\\\/\\\/nuestrosescritores.com\\\/carlapastorlojo\\\/poesia\\\/\"]}]},{\"@type\":\"BreadcrumbList\",\"@id\":\"https:\\\/\\\/nuestrosescritores.com\\\/carlapastorlojo\\\/poesia\\\/#breadcrumb\",\"itemListElement\":[{\"@type\":\"ListItem\",\"position\":1,\"name\":\"Portada\",\"item\":\"https:\\\/\\\/nuestrosescritores.com\\\/carlapastorlojo\\\/\"},{\"@type\":\"ListItem\",\"position\":2,\"name\":\"Poes\u00eda\"}]},{\"@type\":\"WebSite\",\"@id\":\"https:\\\/\\\/nuestrosescritores.com\\\/carlapastorlojo\\\/#website\",\"url\":\"https:\\\/\\\/nuestrosescritores.com\\\/carlapastorlojo\\\/\",\"name\":\"Nuestros escritores\",\"description\":\"Escritora\",\"potentialAction\":[{\"@type\":\"SearchAction\",\"target\":{\"@type\":\"EntryPoint\",\"urlTemplate\":\"https:\\\/\\\/nuestrosescritores.com\\\/carlapastorlojo\\\/?s={search_term_string}\"},\"query-input\":{\"@type\":\"PropertyValueSpecification\",\"valueRequired\":true,\"valueName\":\"search_term_string\"}}],\"inLanguage\":\"es\"}]}<\/script>\n<!-- \/ Yoast SEO Premium plugin. -->","yoast_head_json":{"title":"Poes\u00eda - Carla Pastor Lojo","description":"Poes\u00eda del libro En estado de espera, la escritora acaba de publicar un libro con la Editorial Poes\u00eda eres t\u00fa en el a\u00f1o 2022.","robots":{"index":"index","follow":"follow","max-snippet":"max-snippet:-1","max-image-preview":"max-image-preview:large","max-video-preview":"max-video-preview:-1"},"canonical":"https:\/\/nuestrosescritores.com\/carlapastorlojo\/poesia\/","og_locale":"es_ES","og_type":"article","og_title":"Poes\u00eda","og_description":"Poes\u00eda del libro En estado de espera, la escritora acaba de publicar un libro con la Editorial Poes\u00eda eres t\u00fa en el a\u00f1o 2022.","og_url":"https:\/\/nuestrosescritores.com\/carlapastorlojo\/poesia\/","og_site_name":"Carla Pastor Lojo","article_modified_time":"2023-01-14T09:59:56+00:00","twitter_card":"summary_large_image","twitter_misc":{"Tiempo de lectura":"5 minutos"},"schema":{"@context":"https:\/\/schema.org","@graph":[{"@type":"WebPage","@id":"https:\/\/nuestrosescritores.com\/carlapastorlojo\/poesia\/","url":"https:\/\/nuestrosescritores.com\/carlapastorlojo\/poesia\/","name":"Poes\u00eda - Carla Pastor Lojo","isPartOf":{"@id":"https:\/\/nuestrosescritores.com\/carlapastorlojo\/#website"},"datePublished":"2023-01-14T09:02:31+00:00","dateModified":"2023-01-14T09:59:56+00:00","description":"Poes\u00eda del libro En estado de espera, la escritora acaba de publicar un libro con la Editorial Poes\u00eda eres t\u00fa en el a\u00f1o 2022.","breadcrumb":{"@id":"https:\/\/nuestrosescritores.com\/carlapastorlojo\/poesia\/#breadcrumb"},"inLanguage":"es","potentialAction":[{"@type":"ReadAction","target":["https:\/\/nuestrosescritores.com\/carlapastorlojo\/poesia\/"]}]},{"@type":"BreadcrumbList","@id":"https:\/\/nuestrosescritores.com\/carlapastorlojo\/poesia\/#breadcrumb","itemListElement":[{"@type":"ListItem","position":1,"name":"Portada","item":"https:\/\/nuestrosescritores.com\/carlapastorlojo\/"},{"@type":"ListItem","position":2,"name":"Poes\u00eda"}]},{"@type":"WebSite","@id":"https:\/\/nuestrosescritores.com\/carlapastorlojo\/#website","url":"https:\/\/nuestrosescritores.com\/carlapastorlojo\/","name":"Nuestros escritores","description":"Escritora","potentialAction":[{"@type":"SearchAction","target":{"@type":"EntryPoint","urlTemplate":"https:\/\/nuestrosescritores.com\/carlapastorlojo\/?s={search_term_string}"},"query-input":{"@type":"PropertyValueSpecification","valueRequired":true,"valueName":"search_term_string"}}],"inLanguage":"es"}]}},"_links":{"self":[{"href":"https:\/\/nuestrosescritores.com\/carlapastorlojo\/wp-json\/wp\/v2\/pages\/71","targetHints":{"allow":["GET"]}}],"collection":[{"href":"https:\/\/nuestrosescritores.com\/carlapastorlojo\/wp-json\/wp\/v2\/pages"}],"about":[{"href":"https:\/\/nuestrosescritores.com\/carlapastorlojo\/wp-json\/wp\/v2\/types\/page"}],"author":[{"embeddable":true,"href":"https:\/\/nuestrosescritores.com\/carlapastorlojo\/wp-json\/wp\/v2\/users\/1"}],"replies":[{"embeddable":true,"href":"https:\/\/nuestrosescritores.com\/carlapastorlojo\/wp-json\/wp\/v2\/comments?post=71"}],"version-history":[{"count":0,"href":"https:\/\/nuestrosescritores.com\/carlapastorlojo\/wp-json\/wp\/v2\/pages\/71\/revisions"}],"wp:attachment":[{"href":"https:\/\/nuestrosescritores.com\/carlapastorlojo\/wp-json\/wp\/v2\/media?parent=71"}],"curies":[{"name":"wp","href":"https:\/\/api.w.org\/{rel}","templated":true}]}}