{"id":9,"date":"2021-02-06T17:52:12","date_gmt":"2021-02-06T17:52:12","guid":{"rendered":"https:\/\/nuestrosescritores.com\/blasgonzalezdelafuente\/?page_id=9"},"modified":"2021-02-07T12:19:25","modified_gmt":"2021-02-07T12:19:25","slug":"blas-gonzalez-de-la-fuente","status":"publish","type":"page","link":"https:\/\/nuestrosescritores.com\/blasgonzalezdelafuente\/","title":{"rendered":"BLAS GONZ\u00c1LEZ DE LA FUENTE"},"content":{"rendered":"<div class=\"wpb-content-wrapper\">[vc_row][vc_column extend=&#8221;false&#8221;][vc_column_text css=&#8221;.vc_custom_1609672078213{margin-top: -30000px !important;}&#8221;]BLAS GONZ\u00c1LEZ DE LA FUENTE es el escritor de DESPEDIDAS. &nbsp;el escritor y poeta acaba de publicar un libro de poes\u00eda con la Editorial Poes\u00eda eres t\u00fa. Considerado como una de las mejores poetas espa\u00f1olas.<\/p>\n<p>DESPEDIDAS. ha sido escrito por BLAS GONZ\u00c1LEZ DE LA FUENTE Considerado como uno de los mejores poetas espa\u00f1oles, algunos afirman que es el mejor poeta espa\u00f1ol. el escritor sabe como publicar un libro de poes\u00eda con la Editorial Poes\u00eda eres t\u00fa<br \/>\nTrabajamos con distribuidoras de libros que acercan los libros a las librer\u00edas, pero contamos tambi\u00e9n con las siguientes librerias de apoyo en internet para que ning\u00fan lector se quede sin su libro de poes\u00eda: Libreria GEPA, Libreria Website, La librer\u00eda del escritor, El rinc\u00f3n de los libros.<\/p>\n<p>Informamos de como publicar un libro y el precio de publicar un libro<\/p>\n<p>As\u00ed mismo colaboramos con la Asociaci\u00f3n de editores de poes\u00eda y la Asociaci\u00f3n Madrile\u00f1a de escritores y cr\u00edticos literarios (Cr\u00edtica de Madrid).<\/p>\n<p>Trabajamos con varias imprentas y contamos con nuestra propia imprenta Herederos de Izquierdo y Vigo impresores.<\/p>\n<p>Puedes conocernos en nuestra p\u00e1gina del Grupo Editorial. Contamos con una sede en Vigo y otra en Jumilla (Murcia)<\/p>\n<p>Somos especialitas en la edici\u00f3n del libro de poes\u00eda<\/p>\n<p>BLAS GONZ\u00c1LEZ DE LA FUENTE Considerado como uno de los mejores poetas espa\u00f1oles, algunos afirman que es el mejor poeta espa\u00f1oles es el escritor de DESPEDIDAS. . El poeta conoce el precio de publicar un libro de poes\u00eda con la Editorial Poes\u00eda eres t\u00fa<\/p>\n<p>BLAS GONZ\u00c1LEZ DE LA FUENTE Considerado como uno de los mejores poetas espa\u00f1oles, algunos afirman que es el mejor poeta espa\u00f1oles es el escritor de DESPEDIDAS. . La poeta sabe como publicar un libro de poes\u00eda con la Editorial Poes\u00eda eres t\u00fa<br \/>\nBLAS GONZ\u00c1LEZ DE LA FUENTE considerado como uno de los mejores poetas espa\u00f1oles, algunos afirman que es el mejor poeta espa\u00f1ol es el escritor de DESPEDIDAS. . La poeta sabe el precio de publicar un libro de poes\u00eda con la Editorial Poes\u00eda eres t\u00fa<\/p>\n<p>El Grupo Editorial P\u00e9rez-Ayala, est\u00e1 formado por los siguientes sellos editoriales: Editorial Poes\u00eda eres t\u00fa, Ediciones Rilke Editorial poes\u00eda, Editorial Ediciones Amaniel, Editorial Ediciones Azor\u00edn un sello regional para Alicante y Murcia.<\/p>\n<p>Para ayudar a la promoci\u00f3n de los libros contamos con diferentes plataformas en internet como Poes\u00eda Televisi\u00f3n, libro de poes\u00eda, Club de poes\u00eda, Blog de escritor, Blog de poes\u00eda, Agencia del libro, Nuestras librerias, Publicar libro &#8211; Publicar un libro, Revista Poes\u00eda eres t\u00fa, Antolog\u00edas po\u00e9ticas, Poes\u00eda y poetas.[\/vc_column_text][\/vc_column][\/vc_row][vc_row full_width=&#8221;stretch_row_content_no_spaces&#8221;][vc_column extend=&#8221;false&#8221;][layerslider_vc id=&#8221;1&#8243;][\/vc_column][\/vc_row][vc_row extend=&#8221;false&#8221; design__empty_1=&#8221;&#8221; background=&#8221;&#8221; background_image_type=&#8221;static&#8221; background_image__effect=&#8221;&#8221; bg_size=&#8221;initial&#8221; bg_position=&#8221;center-center&#8221; row_bg_image=&#8221;&#8221; bg_repeat=&#8221;no-repeat&#8221; background_image_type__bg_color=&#8221;rgba(255, 255, 255, 1)&#8221; row_bg_parallax_images=&#8221;&#8221; row_bg_slideshow_images=&#8221;&#8221; background_video_type=&#8221;youtube&#8221; background_video__youtube__url=&#8221;&#8221; background_video__youtube__parallax=&#8221;&#8221; background_video__youtube__options=&#8221;&#8221; background_video__youtube__fallback_image=&#8221;&#8221; background_video__hosted__mp4=&#8221;&#8221; background_video__hosted__webm=&#8221;&#8221; background_video__hosted__ogv=&#8221;&#8221; background_video__hosted__parallax=&#8221;&#8221; background_video__hosted__options=&#8221;&#8221; background_video__hosted__fallback_image=&#8221;&#8221; background_color_type=&#8221;color&#8221; bg__empty_1=&#8221;&#8221; background_color_type__gradient_color1=&#8221;rgba(44, 74, 228, 1)&#8221; background_color_type__gradient_color2=&#8221;rgba(44, 74, 228, 1)&#8221; background_color_type__color_color1=&#8221;rgba(44, 74, 228, 1)&#8221; bg__empty_2=&#8221;&#8221; background_color__effect=&#8221;&#8221; background_color__direction=&#8221;left-to-right&#8221; settings__tag_1=&#8221;&#8221; viewport_lg=&#8221;&#8221; viewport_md=&#8221;&#8221; viewport_sm=&#8221;&#8221; viewport_xs=&#8221;&#8221; settings__empty_1=&#8221;&#8221; version=&#8221;1&#8243;][vc_column width=&#8221;1\/2&#8243; extend=&#8221;false&#8221;]<div class=\"ult-content-box-container \" >\t\t<div class=\"ult-content-box\" style=\"background-color:rgba(255,255,255,0.49);box-shadow: px px 8px px #f2f2f2 none;border-style:none;-webkit-transition: all 700ms ease;-moz-transition: all 700ms ease;-ms-transition: all 700ms ease;-o-transition: all 700ms ease;transition: all 700ms ease;\"  data-hover_box_shadow=\"none\"     data-bg=\"rgba(255,255,255,0.49)\"  data-border_color=\"\" >[vc_column_text css=&#8221;.vc_custom_1612633513679{padding-top: 15% !important;padding-right: 15% !important;padding-bottom: 15% !important;padding-left: 15% !important;}&#8221;]Mis or\u00edgenes est\u00e1n en el \u00e1mbito rural, en el pueblo de Mombeltr\u00e1n, situado al sur de \u00c1vila, parte bastante diferenciada del norte de la provincia. Tanto es as\u00ed que a este lugar se le conoce con el nombre de la \u201cAndaluc\u00eda de \u00c1vila\u201d. All\u00ed descubro que la observaci\u00f3n de la naturaleza es una gran biblioteca para la cual se requiere paciencia. Observo a las personas desde muy pronto porque estaban rodeadas de un aura que me atra\u00eda porque estas cosas no est\u00e1n en los libros.<\/p>\n<p>En mi juventud pas\u00e9 algunos a\u00f1os en Par\u00eds, Londres y Berl\u00edn antes de instalarme definitivamente en Madrid. Camino de los treinta a\u00f1os comenc\u00e9 a componer mis primeros versos. He participado en antolog\u00edas po\u00e9ticas y tengo publicados varios poemarios como \u201cDurante a\u00f1os\u201d, \u201cPrecisiones\u201d, \u201cSilogismos\u201d y \u201cDec\u00e1logo de Noes\u201d. En prosa he publicado \u201cRelatos imprevistos\u201d.<\/p>\n<span class='bctt-click-to-tweet'><span class='bctt-ctt-text'><a href='https:\/\/x.com\/intent\/tweet?url=https%3A%2F%2Fnuestrosescritores.com%2Fblasgonzalezdelafuente%2F&#038;text=BLAS%20GONZ%C3%81LEZ%20DE%20LA%20FUENTE.%20Escritor%2C%20poeta.&#038;related' target='_blank'rel=\"noopener noreferrer\">BLAS GONZ\u00c1LEZ DE LA FUENTE. Escritor, poeta. <\/a><\/span><a href='https:\/\/x.com\/intent\/tweet?url=https%3A%2F%2Fnuestrosescritores.com%2Fblasgonzalezdelafuente%2F&#038;text=BLAS%20GONZ%C3%81LEZ%20DE%20LA%20FUENTE.%20Escritor%2C%20poeta.&#038;related' target='_blank' class='bctt-ctt-btn'rel=\"noopener noreferrer\">Compartir en X<\/a><\/span>[\/vc_column_text]\t\t<\/div><\/div>[\/vc_column][vc_column width=&#8221;1\/2&#8243; extend=&#8221;false&#8221;]<div class=\"gambit_fullheight_row\" data-content-location=\"center\" style=\"display: none\"><\/div><div id=\"rowvcpt-row-settings\" class=\"rowvcpt-row-set RowVcPt-row-setting69e51526bfd18 \" data-no=\"RowVcPt-row-setting69e51526bfd18\"><div  id=\"bgGallaryslide69e51526bfd1c\" class=\"rowvcpt-slideshow \"><\/div><script type=\"text\/javascript\">\n(function($) {\n$(\"#bgGallaryslide69e51526bfd1c\").vegas({\n        overlay: \"https:\/\/nuestrosescritores.com\/blasgonzalezdelafuente\/wp-content\/plugins\/ultimate-row-background\/css\/overlays\/0'.esc_attr(1.png).'\",\n        transitionDuration: 4e3,\n        delay: 7000,\n        slides: [{src: \"https:\/\/nuestrosescritores.com\/blasgonzalezdelafuente\/wp-content\/uploads\/sites\/76\/2021\/02\/osf26kg2gsw-scaled.jpg\",transition: \"fade2\",transitionDuration: 5000},{src: \"https:\/\/nuestrosescritores.com\/blasgonzalezdelafuente\/wp-content\/uploads\/sites\/76\/2021\/02\/pjkazxqi8ku-scaled.jpg\",transition: \"fade2\",transitionDuration: 5000},{src: \"https:\/\/nuestrosescritores.com\/blasgonzalezdelafuente\/wp-content\/uploads\/sites\/76\/2021\/02\/kcexdkvv7vg-scaled.jpg\",transition: \"fade2\",transitionDuration: 5000},{src: \"https:\/\/nuestrosescritores.com\/blasgonzalezdelafuente\/wp-content\/uploads\/sites\/76\/2021\/02\/cc9o5b3cpu4-scaled.jpg\",transition: \"fade2\",transitionDuration: 5000},{src: \"https:\/\/nuestrosescritores.com\/blasgonzalezdelafuente\/wp-content\/uploads\/sites\/76\/2021\/02\/k6livhxyen0-scaled.jpg\",transition: \"fade2\",transitionDuration: 5000},]\n    });\t\t\n})(jQuery);\n<\/script><div class=\"rowvcpt-overlay\" style=\"background:rgba(255,255,255,0.69)\"><\/div><\/div>[vc_single_image image=&#8221;35&#8243; img_size=&#8221;full&#8221; alignment=&#8221;center&#8221;][\/vc_column][\/vc_row][vc_row][vc_column extend=&#8221;false&#8221;]<div class=\"gambit_fullheight_row\" data-content-location=\"center\" style=\"display: none\"><\/div><div class='gambit_parallax_row' data-bg-align='' data-direction='fixed' data-opacity='100' data-velocity='-0.3' data-mobile-enabled='parallax-enable-mobile' data-bg-height='2560' data-bg-width='1707' data-bg-image='https:\/\/nuestrosescritores.com\/blasgonzalezdelafuente\/wp-content\/uploads\/sites\/76\/2021\/02\/kcexdkvv7vg-scaled.jpg' data-bg-repeat='false' data-id='' style='display: none'><\/div>[\/vc_column][\/vc_row][vc_row][vc_column extend=&#8221;false&#8221;]<div class=\"gambit_fullheight_row\" data-content-location=\"center\" style=\"display: none\"><\/div><div id=\"rowvcpt-row-settings\" class=\"rowvcpt-row-set RowVcPt-row-setting69e51526c0a43 \" data-no=\"RowVcPt-row-setting69e51526c0a43\"><div  id=\"bgGallaryslide69e51526c0a46\" class=\"rowvcpt-slideshow \"><\/div><script type=\"text\/javascript\">\n(function($) {\n$(\"#bgGallaryslide69e51526c0a46\").vegas({\n        overlay: \"https:\/\/nuestrosescritores.com\/blasgonzalezdelafuente\/wp-content\/plugins\/ultimate-row-background\/css\/overlays\/0'.esc_attr(1.png).'\",\n        transitionDuration: 4e3,\n        delay: 7000,\n        slides: [{src: \"https:\/\/nuestrosescritores.com\/blasgonzalezdelafuente\/wp-content\/uploads\/sites\/76\/2021\/02\/k6livhxyen0-scaled.jpg\",transition: \"fade2\",transitionDuration: 5000},{src: \"https:\/\/nuestrosescritores.com\/blasgonzalezdelafuente\/wp-content\/uploads\/sites\/76\/2021\/02\/4j_ra-g2xkq-scaled.jpg\",transition: \"fade2\",transitionDuration: 5000},{src: \"https:\/\/nuestrosescritores.com\/blasgonzalezdelafuente\/wp-content\/uploads\/sites\/76\/2021\/02\/pjkazxqi8ku-scaled.jpg\",transition: \"fade2\",transitionDuration: 5000},{src: \"https:\/\/nuestrosescritores.com\/blasgonzalezdelafuente\/wp-content\/uploads\/sites\/76\/2021\/02\/kcexdkvv7vg-scaled.jpg\",transition: \"fade2\",transitionDuration: 5000},{src: \"https:\/\/nuestrosescritores.com\/blasgonzalezdelafuente\/wp-content\/uploads\/sites\/76\/2021\/02\/cc9o5b3cpu4-scaled.jpg\",transition: \"fade2\",transitionDuration: 5000},]\n    });\t\t\n})(jQuery);\n<\/script><div class=\"rowvcpt-overlay\" style=\"background:rgba(255,255,255,0.69)\"><\/div><\/div><div id=\"uvc-type-wrap-4297\"  data-ultimate-target='#uvc-type-wrap-4297'  data-responsive-json-new='{\"font-size\":\"\",\"line-height\":\"\"}'  class=\"uvc-type-wrap vc_custom_1612633793654 ult-adjust-bottom-margin ult-responsive  uvc-type-align-center uvc-type-no-prefix uvc-wrap-11325586169e51526c0d8c\" style=\"text-align:center;\"><span id=\"typed-11325586169e51526c0d8c\" class=\"ultimate-typed-main \" style=\" font-weight:bold; text-transform: unset;\"><\/span><script type=\"text\/javascript\">\n\t\t\t\t\t\tjQuery(function($){ \n\t\t\t\t\t\t\t$(document).ready(function(){\n\t\t\t\t\t\t\t\tif( typeof jQuery(\"#typed-11325586169e51526c0d8c\").typed == \"function\"){\n\t\t\t\t\t\t\t\t\t$(\"#typed-11325586169e51526c0d8c\").typed({\n\t\t\t\t\t\t\t\t\t\tstrings: [\"El comienzo de cualquier actividad es el inicio de una despedida. Esta m\u00e1xima puede llevar a la tristeza. Pero mirado desde una perspectiva ir\u00f3nica ayuda a sobrellevar los d\u00edas que se presentan duros de atravesar. Lo m\u00e1s importante del autor, cuando escribe, es encontrar diversi\u00f3n en lo que est\u00e1 escribiendo. Por eso pretendo (no s\u00e9, si lo consigo) que los lectores encuentren en mis versos dudas, inquietudes, filosof\u00eda e iron\u00eda.\"],\n\t\t\t\t\t\t\t\t\t\ttypeSpeed: 35,\n\t\t\t\t\t\t\t\t\t\tbackSpeed: 0,\n\t\t\t\t\t\t\t\t\t\tstartDelay: \"200\",\n\t\t\t\t\t\t\t\t\t\tbackDelay: \"1500\",\n\t\t\t\t\t\t\t\t\t\tloop: true,\n\t\t\t\t\t\t\t\t\t\tloopCount: false,\n\t\t\t\t\t\t\t\t\t\tshowCursor: true,\n\t\t\t\t\t\t\t\t\t\tcursorChar: \"|\",\n\t\t\t\t\t\t\t\t\t\tattr: null\n\t\t\t\t\t\t\t\t\t});\n\t\t\t\t\t\t\t\t}\n\t\t\t\t\t\t\t});\n\t\t\t\t\t\t});\n\t\t\t\t\t<\/script><\/div>[\/vc_column][\/vc_row][vc_row][vc_column extend=&#8221;false&#8221;]<div class=\"gambit_fullheight_row\" data-content-location=\"center\" style=\"display: none\"><\/div><div class='gambit_parallax_row' data-bg-align='' data-direction='fixed' data-opacity='50' data-velocity='-0.3' data-mobile-enabled='parallax-enable-mobile' data-bg-height='475' data-bg-width='1366' data-bg-image='https:\/\/nuestrosescritores.com\/blasgonzalezdelafuente\/wp-content\/uploads\/sites\/76\/2021\/02\/BlasGonzalez_SSquare_Enlarged-Medium.jpg' data-bg-repeat='false' data-id='' style='display: none'><\/div>[vc_column_text]\n<p style=\"text-align: center;\"><a class=\"fasc-button fasc-size-xlarge fasc-type-glossy fasc-rounded-medium\" style=\"background-color: #2b3336; color: #ffffff;\" href=\"https:\/\/librodepoesia.com\/producto\/despedidas-blas-gonzalez-de-la-fuente\/\">COMPRA SUS LIBROS<\/a><\/p>\n[\/vc_column_text][\/vc_column][\/vc_row][vc_row][vc_column extend=&#8221;false&#8221;][vc_column_text css=&#8221;.vc_custom_1541094574844{margin-top: -30000px !important;}&#8221;]\n<p>BLAS GONZ\u00c1LEZ DE LA FUENTE es el escritor de DESPEDIDAS. . el escritor y poeta acaba de publicar un libro de poes\u00eda con la Editorial Poes\u00eda eres t\u00fa. Considerado como uno de los mejores poetas espa\u00f1oles.<br \/>\nDESPEDIDAS. ha sido escrito por BLAS GONZ\u00c1LEZ DE LA FUENTE Considerado como uno de los mejores poetas espa\u00f1oles, algunos afirman que es el mejor poeta espa\u00f1ol. el escritor sabe como publicar un libro de poes\u00eda con la Editorial Poes\u00eda eres t\u00fa<br \/>\nTrabajamos con distribuidoras de libros que acercan los libros a las librer\u00edas, pero contamos tambi\u00e9n con las siguientes librerias de apoyo en internet para que ning\u00fan lector se quede sin su libro de poes\u00eda: Libreria GEPA, Libreria Website, La librer\u00eda del escritor, El rinc\u00f3n de los libros.<\/p>\n<p>Informamos de como publicar un libro y el precio de publicar un libro<\/p>\n<p>As\u00ed mismo colaboramos con la Asociaci\u00f3n de editores de poes\u00eda y la Asociaci\u00f3n Madrile\u00f1a de escritores y cr\u00edticos literarios (Cr\u00edtica de Vigo).<\/p>\n<p>Trabajamos con varias imprentas y contamos con nuestra propia imprenta Herederos de Izquierdo y Vigo impresores.<\/p>\n<p>Puedes conocernos en nuestra p\u00e1gina del Grupo Editorial. Contamos con una sede en Vigo y otra en Jumilla (Murcia)<\/p>\n<p>Somos especialitas en la edici\u00f3n del libro de poes\u00eda<\/p>\n<p>BLAS GONZ\u00c1LEZ DE LA FUENTE Considerado como uno de los mejores poetas espa\u00f1oles, algunos afirman que es el mejor poeta espa\u00f1oles es el escritor de DESPEDIDAS. . El poeta conoce el precio de publicar un libro de poes\u00eda con la Editorial Poes\u00eda eres t\u00fa<\/p>\n<p>BLAS GONZ\u00c1LEZ DE LA FUENTE Considerado como uno de los mejores poetas espa\u00f1oles, algunos afirman que es el mejor poeta espa\u00f1oles es el escritor de DESPEDIDAS. . La poeta sabe como publicar un libro de poes\u00eda con la Editorial Poes\u00eda eres t\u00fa<br \/>\nBLAS GONZ\u00c1LEZ DE LA FUENTE considerado como uno de los mejores poetas espa\u00f1oles, algunos afirman que es el mejor poeta espa\u00f1ol es el escritor de DESPEDIDAS. . La poeta sabe el precio de publicar un libro de poes\u00eda con la Editorial Poes\u00eda eres t\u00fa<\/p>\n<p>El Grupo Editorial P\u00e9rez-Ayala, est\u00e1 formado por los siguientes sellos editoriales: Editorial Poes\u00eda eres t\u00fa, Ediciones Rilke Editorial poes\u00eda, Editorial Ediciones Amaniel, Editorial Ediciones Azor\u00edn un sello regional para Alicante y Murcia.<\/p>\n<p>Para ayudar a la promoci\u00f3n de los libros contamos con diferentes plataformas en internet como Poes\u00eda Televisi\u00f3n, libro de poes\u00eda, Club de poes\u00eda, Blog de escritor, Blog de poes\u00eda, Agencia del libro, Nuestras librerias, Publicar libro &#8211; Publicar un libro, Revista Poes\u00eda eres t\u00fa, Antolog\u00edas po\u00e9ticas, Poes\u00eda y poetas.[\/vc_column_text][\/vc_column][\/vc_row]\n<\/div>","protected":false},"excerpt":{"rendered":"<p>[vc_row][vc_column extend=&#8221;false&#8221;][vc_column_text css=&#8221;.vc_custom_1609672078213{margin-top: -30000px !important;}&#8221;]BLAS GONZ\u00c1LEZ DE LA FUENTE es el escritor de DESPEDIDAS. &nbsp;el escritor y poeta acaba de publicar un libro de poes\u00eda con la Editorial Poes\u00eda eres t\u00fa. Considerado como una de las mejores poetas espa\u00f1olas. DESPEDIDAS. ha sido escrito por BLAS GONZ\u00c1LEZ DE LA FUENTE Considerado como uno de los mejores [&hellip;]<\/p>\n","protected":false},"author":1,"featured_media":0,"parent":0,"menu_order":0,"comment_status":"closed","ping_status":"closed","template":"","meta":{"_acf_changed":false,"footnotes":""},"class_list":["post-9","page","type-page","status-publish","hentry"],"acf":[],"yoast_head":"<!-- This site is optimized with the Yoast SEO Premium plugin v24.7 (Yoast SEO v27.4) - https:\/\/yoast.com\/product\/yoast-seo-premium-wordpress\/ -->\n<title>BLAS GONZ\u00c1LEZ DE LA FUENTE - Blas Gonz\u00e1lez de la Fuente<\/title>\n<meta name=\"description\" content=\"BLAS GONZ\u00c1LEZ DE LA FUENTE acaba de publicar un libro de poes\u00eda DESPEDIDAS con la editorial de poes\u00eda Ediciones Rilke en el a\u00f1o 2020.\" \/>\n<meta name=\"robots\" content=\"index, follow, max-snippet:-1, max-image-preview:large, max-video-preview:-1\" \/>\n<link rel=\"canonical\" href=\"https:\/\/nuestrosescritores.com\/blasgonzalezdelafuente\/\" \/>\n<meta property=\"og:locale\" content=\"es_ES\" \/>\n<meta property=\"og:type\" content=\"article\" \/>\n<meta property=\"og:title\" content=\"BLAS GONZ\u00c1LEZ DE LA FUENTE\" \/>\n<meta property=\"og:description\" content=\"BLAS GONZ\u00c1LEZ DE LA FUENTE acaba de publicar un libro de poes\u00eda DESPEDIDAS con la editorial de poes\u00eda Ediciones Rilke en el a\u00f1o 2020.\" \/>\n<meta property=\"og:url\" content=\"https:\/\/nuestrosescritores.com\/blasgonzalezdelafuente\/\" \/>\n<meta property=\"og:site_name\" content=\"Blas Gonz\u00e1lez de la Fuente\" \/>\n<meta property=\"article:modified_time\" content=\"2021-02-07T12:19:25+00:00\" \/>\n<meta name=\"twitter:card\" content=\"summary_large_image\" \/>\n<meta name=\"twitter:label1\" content=\"Tiempo de lectura\" \/>\n\t<meta name=\"twitter:data1\" content=\"6 minutos\" \/>\n<script type=\"application\/ld+json\" class=\"yoast-schema-graph\">{\"@context\":\"https:\\\/\\\/schema.org\",\"@graph\":[{\"@type\":\"WebPage\",\"@id\":\"https:\\\/\\\/nuestrosescritores.com\\\/blasgonzalezdelafuente\\\/\",\"url\":\"https:\\\/\\\/nuestrosescritores.com\\\/blasgonzalezdelafuente\\\/\",\"name\":\"BLAS GONZ\u00c1LEZ DE LA FUENTE - Blas Gonz\u00e1lez de la Fuente\",\"isPartOf\":{\"@id\":\"https:\\\/\\\/nuestrosescritores.com\\\/blasgonzalezdelafuente\\\/#website\"},\"datePublished\":\"2021-02-06T17:52:12+00:00\",\"dateModified\":\"2021-02-07T12:19:25+00:00\",\"description\":\"BLAS GONZ\u00c1LEZ DE LA FUENTE acaba de publicar un libro de poes\u00eda DESPEDIDAS con la editorial de poes\u00eda Ediciones Rilke en el a\u00f1o 2020.\",\"breadcrumb\":{\"@id\":\"https:\\\/\\\/nuestrosescritores.com\\\/blasgonzalezdelafuente\\\/#breadcrumb\"},\"inLanguage\":\"es\",\"potentialAction\":[{\"@type\":\"ReadAction\",\"target\":[\"https:\\\/\\\/nuestrosescritores.com\\\/blasgonzalezdelafuente\\\/\"]}]},{\"@type\":\"BreadcrumbList\",\"@id\":\"https:\\\/\\\/nuestrosescritores.com\\\/blasgonzalezdelafuente\\\/#breadcrumb\",\"itemListElement\":[{\"@type\":\"ListItem\",\"position\":1,\"name\":\"Portada\",\"item\":\"https:\\\/\\\/nuestrosescritores.com\\\/blasgonzalezdelafuente\\\/\"},{\"@type\":\"ListItem\",\"position\":2,\"name\":\"BLAS GONZ\u00c1LEZ DE LA FUENTE\"}]},{\"@type\":\"WebSite\",\"@id\":\"https:\\\/\\\/nuestrosescritores.com\\\/blasgonzalezdelafuente\\\/#website\",\"url\":\"https:\\\/\\\/nuestrosescritores.com\\\/blasgonzalezdelafuente\\\/\",\"name\":\"Nuestros escritores\",\"description\":\"Escritor\",\"potentialAction\":[{\"@type\":\"SearchAction\",\"target\":{\"@type\":\"EntryPoint\",\"urlTemplate\":\"https:\\\/\\\/nuestrosescritores.com\\\/blasgonzalezdelafuente\\\/?s={search_term_string}\"},\"query-input\":{\"@type\":\"PropertyValueSpecification\",\"valueRequired\":true,\"valueName\":\"search_term_string\"}}],\"inLanguage\":\"es\"}]}<\/script>\n<!-- \/ Yoast SEO Premium plugin. -->","yoast_head_json":{"title":"BLAS GONZ\u00c1LEZ DE LA FUENTE - Blas Gonz\u00e1lez de la Fuente","description":"BLAS GONZ\u00c1LEZ DE LA FUENTE acaba de publicar un libro de poes\u00eda DESPEDIDAS con la editorial de poes\u00eda Ediciones Rilke en el a\u00f1o 2020.","robots":{"index":"index","follow":"follow","max-snippet":"max-snippet:-1","max-image-preview":"max-image-preview:large","max-video-preview":"max-video-preview:-1"},"canonical":"https:\/\/nuestrosescritores.com\/blasgonzalezdelafuente\/","og_locale":"es_ES","og_type":"article","og_title":"BLAS GONZ\u00c1LEZ DE LA FUENTE","og_description":"BLAS GONZ\u00c1LEZ DE LA FUENTE acaba de publicar un libro de poes\u00eda DESPEDIDAS con la editorial de poes\u00eda Ediciones Rilke en el a\u00f1o 2020.","og_url":"https:\/\/nuestrosescritores.com\/blasgonzalezdelafuente\/","og_site_name":"Blas Gonz\u00e1lez de la Fuente","article_modified_time":"2021-02-07T12:19:25+00:00","twitter_card":"summary_large_image","twitter_misc":{"Tiempo de lectura":"6 minutos"},"schema":{"@context":"https:\/\/schema.org","@graph":[{"@type":"WebPage","@id":"https:\/\/nuestrosescritores.com\/blasgonzalezdelafuente\/","url":"https:\/\/nuestrosescritores.com\/blasgonzalezdelafuente\/","name":"BLAS GONZ\u00c1LEZ DE LA FUENTE - Blas Gonz\u00e1lez de la Fuente","isPartOf":{"@id":"https:\/\/nuestrosescritores.com\/blasgonzalezdelafuente\/#website"},"datePublished":"2021-02-06T17:52:12+00:00","dateModified":"2021-02-07T12:19:25+00:00","description":"BLAS GONZ\u00c1LEZ DE LA FUENTE acaba de publicar un libro de poes\u00eda DESPEDIDAS con la editorial de poes\u00eda Ediciones Rilke en el a\u00f1o 2020.","breadcrumb":{"@id":"https:\/\/nuestrosescritores.com\/blasgonzalezdelafuente\/#breadcrumb"},"inLanguage":"es","potentialAction":[{"@type":"ReadAction","target":["https:\/\/nuestrosescritores.com\/blasgonzalezdelafuente\/"]}]},{"@type":"BreadcrumbList","@id":"https:\/\/nuestrosescritores.com\/blasgonzalezdelafuente\/#breadcrumb","itemListElement":[{"@type":"ListItem","position":1,"name":"Portada","item":"https:\/\/nuestrosescritores.com\/blasgonzalezdelafuente\/"},{"@type":"ListItem","position":2,"name":"BLAS GONZ\u00c1LEZ DE LA FUENTE"}]},{"@type":"WebSite","@id":"https:\/\/nuestrosescritores.com\/blasgonzalezdelafuente\/#website","url":"https:\/\/nuestrosescritores.com\/blasgonzalezdelafuente\/","name":"Nuestros escritores","description":"Escritor","potentialAction":[{"@type":"SearchAction","target":{"@type":"EntryPoint","urlTemplate":"https:\/\/nuestrosescritores.com\/blasgonzalezdelafuente\/?s={search_term_string}"},"query-input":{"@type":"PropertyValueSpecification","valueRequired":true,"valueName":"search_term_string"}}],"inLanguage":"es"}]}},"_links":{"self":[{"href":"https:\/\/nuestrosescritores.com\/blasgonzalezdelafuente\/wp-json\/wp\/v2\/pages\/9","targetHints":{"allow":["GET"]}}],"collection":[{"href":"https:\/\/nuestrosescritores.com\/blasgonzalezdelafuente\/wp-json\/wp\/v2\/pages"}],"about":[{"href":"https:\/\/nuestrosescritores.com\/blasgonzalezdelafuente\/wp-json\/wp\/v2\/types\/page"}],"author":[{"embeddable":true,"href":"https:\/\/nuestrosescritores.com\/blasgonzalezdelafuente\/wp-json\/wp\/v2\/users\/1"}],"replies":[{"embeddable":true,"href":"https:\/\/nuestrosescritores.com\/blasgonzalezdelafuente\/wp-json\/wp\/v2\/comments?post=9"}],"version-history":[{"count":0,"href":"https:\/\/nuestrosescritores.com\/blasgonzalezdelafuente\/wp-json\/wp\/v2\/pages\/9\/revisions"}],"wp:attachment":[{"href":"https:\/\/nuestrosescritores.com\/blasgonzalezdelafuente\/wp-json\/wp\/v2\/media?parent=9"}],"curies":[{"name":"wp","href":"https:\/\/api.w.org\/{rel}","templated":true}]}}