{"id":70,"date":"2021-02-07T11:02:10","date_gmt":"2021-02-07T11:02:10","guid":{"rendered":"https:\/\/nuestrosescritores.com\/blasgonzalezdelafuente\/?page_id=70"},"modified":"2021-02-07T12:16:54","modified_gmt":"2021-02-07T12:16:54","slug":"poesia","status":"publish","type":"page","link":"https:\/\/nuestrosescritores.com\/blasgonzalezdelafuente\/poesia\/","title":{"rendered":"POES\u00cdA"},"content":{"rendered":"<div class=\"wpb-content-wrapper\">[vc_row full_width=&#8221;stretch_row_content_no_spaces&#8221;][vc_column extend=&#8221;false&#8221;]<div class='gambit_parallax_row' data-bg-align='' data-direction='fixed' data-opacity='100' data-velocity='-0.3' data-mobile-enabled='' data-bg-height='2560' data-bg-width='1920' data-bg-image='https:\/\/nuestrosescritores.com\/blasgonzalezdelafuente\/wp-content\/uploads\/sites\/76\/2021\/02\/cc9o5b3cpu4-scaled.jpg' data-bg-repeat='false' data-id='' style='display: none'><\/div><div class=\"gambit_fullheight_row\" data-content-location=\"center\" style=\"display: none\"><\/div>[\/vc_column][\/vc_row][vc_row][vc_column extend=&#8221;false&#8221;][vc_column_text]\n<h1><a name=\"_Toc61805185\"><\/a><strong>FALTA DE LUZ<\/strong><\/h1>\n<p>&nbsp;<\/p>\n<p>Quien no ha sucumbido<\/p>\n<p>al lienzo de los albas<\/p>\n<p>sin tener razones alternas,<\/p>\n<p>solo est\u00e1 libre<\/p>\n<p>para olvidar las exequias.<\/p>\n<p>Sale a la calle,<\/p>\n<p>cuando la luz tiene<\/p>\n<p>infinitos compradores.<\/p>\n<p>No entiende el litigio<\/p>\n<p>sosegado de las hesp\u00e9rides.<\/p>\n<p>Si come una fruta silvestre,<\/p>\n<p>no sabr\u00e1 despedirse<\/p>\n<p>del legado apuesto<\/p>\n<p>de la clorofila.<\/p>\n<p>&nbsp;<\/p>\n<p>&nbsp;<\/p>\n<p>&nbsp;<\/p>\n<span class='bctt-click-to-tweet'><span class='bctt-ctt-text'><a href='https:\/\/x.com\/intent\/tweet?url=https%3A%2F%2Fnuestrosescritores.com%2Fblasgonzalezdelafuente%2Fpoesia%2F&#038;text=FALTA%20DE%20LUZ%20del%20libro%20DESPEDIDAS%20de%20BLAS%20GONZ%C3%81LEZ%20DE%20LA%20FUENTE&#038;via=poesiaerestu&#038;related=poesiaerestu' target='_blank'rel=\"noopener noreferrer\">FALTA DE LUZ del libro DESPEDIDAS de BLAS GONZ\u00c1LEZ DE LA FUENTE <\/a><\/span><a href='https:\/\/x.com\/intent\/tweet?url=https%3A%2F%2Fnuestrosescritores.com%2Fblasgonzalezdelafuente%2Fpoesia%2F&#038;text=FALTA%20DE%20LUZ%20del%20libro%20DESPEDIDAS%20de%20BLAS%20GONZ%C3%81LEZ%20DE%20LA%20FUENTE&#038;via=poesiaerestu&#038;related=poesiaerestu' target='_blank' class='bctt-ctt-btn'rel=\"noopener noreferrer\">Compartir en X<\/a><\/span>[\/vc_column_text][\/vc_column][\/vc_row][vc_row full_width=&#8221;stretch_row_content_no_spaces&#8221;][vc_column extend=&#8221;false&#8221;]<div class='gambit_parallax_row' data-bg-align='' data-direction='fixed' data-opacity='100' data-velocity='-0.3' data-mobile-enabled='' data-bg-height='2560' data-bg-width='1707' data-bg-image='https:\/\/nuestrosescritores.com\/blasgonzalezdelafuente\/wp-content\/uploads\/sites\/76\/2021\/02\/79ep5ckf5fy-scaled.jpg' data-bg-repeat='false' data-id='' style='display: none'><\/div><div class=\"gambit_fullheight_row\" data-content-location=\"center\" style=\"display: none\"><\/div>[\/vc_column][\/vc_row][vc_row][vc_column extend=&#8221;false&#8221;][vc_column_text]\n<h1><a name=\"_Toc61805192\"><\/a><strong>ADI\u00d3S SIN PREMURA<\/strong><\/h1>\n<p>&nbsp;<\/p>\n<p>Son\u00f3 el tel\u00e9fono.<\/p>\n<p>Al lado una rosa<\/p>\n<p>reci\u00e9n cortada,<\/p>\n<p>metida en agua,<\/p>\n<p>empez\u00f3 a inquietarse.<\/p>\n<p>El agua se movi\u00f3.<\/p>\n<p>Pregunt\u00e9 qui\u00e9n era.<\/p>\n<p>Al otro lado son\u00f3<\/p>\n<p>una respiraci\u00f3n de anhelos<\/p>\n<p>y un c\u00f3digo de besos.<\/p>\n<p>Colgu\u00e9 pausadamente.<\/p>\n<p>La llamada, sin duda,<\/p>\n<p>no era para m\u00ed.<\/p>\n<p>&nbsp;<\/p>\n<span class='bctt-click-to-tweet'><span class='bctt-ctt-text'><a href='https:\/\/x.com\/intent\/tweet?url=https%3A%2F%2Fnuestrosescritores.com%2Fblasgonzalezdelafuente%2Fpoesia%2F&#038;text=ADI%C3%93S%20SIN%20PREMURA%C2%A0del%20libro%20DESPEDIDAS%20de%20BLAS%20GONZ%C3%81LEZ%20DE%20LA%20FUENTE&#038;via=poesiaerestu&#038;related=poesiaerestu' target='_blank'rel=\"noopener noreferrer\">ADI\u00d3S SIN PREMURA&nbsp;del libro DESPEDIDAS de BLAS GONZ\u00c1LEZ DE LA FUENTE <\/a><\/span><a href='https:\/\/x.com\/intent\/tweet?url=https%3A%2F%2Fnuestrosescritores.com%2Fblasgonzalezdelafuente%2Fpoesia%2F&#038;text=ADI%C3%93S%20SIN%20PREMURA%C2%A0del%20libro%20DESPEDIDAS%20de%20BLAS%20GONZ%C3%81LEZ%20DE%20LA%20FUENTE&#038;via=poesiaerestu&#038;related=poesiaerestu' target='_blank' class='bctt-ctt-btn'rel=\"noopener noreferrer\">Compartir en X<\/a><\/span>\n<p>&nbsp;<\/p>\n<p>&nbsp;[\/vc_column_text][\/vc_column][\/vc_row][vc_row][vc_column extend=&#8221;false&#8221;]<div class='gambit_parallax_row' data-bg-align='' data-direction='fixed' data-opacity='100' data-velocity='-0.3' data-mobile-enabled='' data-bg-height='2560' data-bg-width='1707' data-bg-image='https:\/\/nuestrosescritores.com\/blasgonzalezdelafuente\/wp-content\/uploads\/sites\/76\/2021\/02\/osf26kg2gsw-scaled.jpg' data-bg-repeat='false' data-id='' style='display: none'><\/div><div class=\"gambit_fullheight_row\" data-content-location=\"center\" style=\"display: none\"><\/div>[\/vc_column][\/vc_row][vc_row][vc_column extend=&#8221;false&#8221;][vc_column_text]\n<h1><a name=\"_Toc61805198\"><\/a><strong>FUE<\/strong><\/h1>\n<p>&nbsp;<\/p>\n<p>Perdido se fue lo fulgente<\/p>\n<p>que nos ilumin\u00f3<\/p>\n<p>las noches secas.<\/p>\n<p>Recorri\u00f3 los recovecos<\/p>\n<p>de nuestros deseos convictos.<\/p>\n<p>Se fueron de nosotros<\/p>\n<p>las soportables lindes luc\u00edferas.<\/p>\n<p>No volvieron.<\/p>\n<p>Anidaron en el env\u00e9s<\/p>\n<p>de las hojas caducas.<\/p>\n<p>Sencillamente<\/p>\n<p>como bacterias ahogadas<\/p>\n<p>e irrepetibles.<\/p>\n<p>&nbsp;<\/p>\n<p>&nbsp;<\/p>\n<p>&nbsp;<\/p>\n<span class='bctt-click-to-tweet'><span class='bctt-ctt-text'><a href='https:\/\/x.com\/intent\/tweet?url=https%3A%2F%2Fnuestrosescritores.com%2Fblasgonzalezdelafuente%2Fpoesia%2F&#038;text=FUE%C2%A0del%20libro%20DESPEDIDAS%20de%20BLAS%20GONZ%C3%81LEZ%20DE%20LA%20FUENTE&#038;via=poesiaerestu&#038;related=poesiaerestu' target='_blank'rel=\"noopener noreferrer\">FUE&nbsp;del libro DESPEDIDAS de BLAS GONZ\u00c1LEZ DE LA FUENTE <\/a><\/span><a href='https:\/\/x.com\/intent\/tweet?url=https%3A%2F%2Fnuestrosescritores.com%2Fblasgonzalezdelafuente%2Fpoesia%2F&#038;text=FUE%C2%A0del%20libro%20DESPEDIDAS%20de%20BLAS%20GONZ%C3%81LEZ%20DE%20LA%20FUENTE&#038;via=poesiaerestu&#038;related=poesiaerestu' target='_blank' class='bctt-ctt-btn'rel=\"noopener noreferrer\">Compartir en X<\/a><\/span>[\/vc_column_text][\/vc_column][\/vc_row][vc_row][vc_column extend=&#8221;false&#8221;]<div class='gambit_parallax_row' data-bg-align='' data-direction='fixed' data-opacity='100' data-velocity='-0.3' data-mobile-enabled='' data-bg-height='2560' data-bg-width='2048' data-bg-image='https:\/\/nuestrosescritores.com\/blasgonzalezdelafuente\/wp-content\/uploads\/sites\/76\/2021\/02\/k6livhxyen0-scaled.jpg' data-bg-repeat='false' data-id='' style='display: none'><\/div><div class=\"gambit_fullheight_row\" data-content-location=\"center\" style=\"display: none\"><\/div>[\/vc_column][\/vc_row][vc_row][vc_column extend=&#8221;false&#8221;][vc_column_text]\n<h1><a name=\"_Toc61805207\"><\/a><strong>ANTE EL R\u00cdO<\/strong><\/h1>\n<p>&nbsp;<\/p>\n<p>Delante de una ma\u00f1ana<\/p>\n<p>sin remedio a\u00fan no visto<\/p>\n<p>tras soltar cristales, tragos<\/p>\n<p>y venturas<\/p>\n<p>un hombre pasea<\/p>\n<p>por el lenguaje inequ\u00edvoco del r\u00edo.<\/p>\n<p>Ese hombre que ha vivido en las orillas<\/p>\n<p>dando la cara a lo muerto<\/p>\n<p>ha reducido la belleza<\/p>\n<p>a seducciones de una herencia<\/p>\n<p>mal escogida.<\/p>\n<p>Mira la corriente<\/p>\n<p>y no aparece el legado que lo har\u00eda<\/p>\n<p>evidente bajo una incubada ci\u00e9naga.<\/p>\n<p>\u00c9l se siente real como un proscrito<\/p>\n<p>de la suerte que le agasaj\u00f3<\/p>\n<p>bebiendo de una copa seca.<\/p>\n<p>Un ser asediado por vuelos nocturnos.<\/p>\n<p>Un ser envuelto en la similitud<\/p>\n<p>de los bordes.<\/p>\n<p>Donde recibe la voz de conchas marinas.<\/p>\n<p>Cuando el hombre examina el caudal,<\/p>\n<p>sabe en qu\u00e9 lugar<\/p>\n<p>no ha cumplido.<\/p>\n<p>&nbsp;<\/p>\n<p>&nbsp;<\/p>\n<span class='bctt-click-to-tweet'><span class='bctt-ctt-text'><a href='https:\/\/x.com\/intent\/tweet?url=https%3A%2F%2Fnuestrosescritores.com%2Fblasgonzalezdelafuente%2Fpoesia%2F&#038;text=ANTE%20EL%20R%C3%8DO%20del%20libro%20DESPEDIDAS%20de%20BLAS%20GONZ%C3%81LEZ%20DE%20LA%20FUENTE&#038;via=poesiaerestu&#038;related=poesiaerestu' target='_blank'rel=\"noopener noreferrer\">ANTE EL R\u00cdO del libro DESPEDIDAS de BLAS GONZ\u00c1LEZ DE LA FUENTE <\/a><\/span><a href='https:\/\/x.com\/intent\/tweet?url=https%3A%2F%2Fnuestrosescritores.com%2Fblasgonzalezdelafuente%2Fpoesia%2F&#038;text=ANTE%20EL%20R%C3%8DO%20del%20libro%20DESPEDIDAS%20de%20BLAS%20GONZ%C3%81LEZ%20DE%20LA%20FUENTE&#038;via=poesiaerestu&#038;related=poesiaerestu' target='_blank' class='bctt-ctt-btn'rel=\"noopener noreferrer\">Compartir en X<\/a><\/span>[\/vc_column_text][\/vc_column][\/vc_row][vc_row][vc_column extend=&#8221;false&#8221;]<div class='gambit_parallax_row' data-bg-align='' data-direction='fixed' data-opacity='100' data-velocity='-0.3' data-mobile-enabled='' data-bg-height='475' data-bg-width='1366' data-bg-image='https:\/\/nuestrosescritores.com\/blasgonzalezdelafuente\/wp-content\/uploads\/sites\/76\/2021\/02\/BlasGonzalez_SSquare_Enlarged-Medium.jpg' data-bg-repeat='false' data-id='' style='display: none'><\/div><div class=\"gambit_fullheight_row\" data-content-location=\"center\" style=\"display: none\"><\/div>[vc_column_text]\n<p style=\"text-align: center;\"><a class=\"fasc-button fasc-size-xlarge fasc-type-glossy fasc-rounded-medium\" style=\"background-color: #33809e; color: #ffffff;\" href=\"https:\/\/librodepoesia.com\/producto\/despedidas-blas-gonzalez-de-la-fuente\/\">Comprar el libro<\/a><\/p>\n[\/vc_column_text][\/vc_column][\/vc_row]\n<\/div>","protected":false},"excerpt":{"rendered":"<p>[vc_row full_width=&#8221;stretch_row_content_no_spaces&#8221;][vc_column extend=&#8221;false&#8221;][\/vc_column][\/vc_row][vc_row][vc_column extend=&#8221;false&#8221;][vc_column_text] FALTA DE LUZ &nbsp; Quien no ha sucumbido al lienzo de los albas sin tener razones alternas, solo est\u00e1 libre para olvidar las exequias. Sale a la calle, cuando la luz tiene infinitos compradores. No entiende el litigio sosegado de las hesp\u00e9rides. Si come una fruta silvestre, no sabr\u00e1 despedirse del [&hellip;]<\/p>\n","protected":false},"author":1,"featured_media":0,"parent":0,"menu_order":0,"comment_status":"closed","ping_status":"closed","template":"","meta":{"_acf_changed":false,"footnotes":""},"class_list":["post-70","page","type-page","status-publish","hentry"],"acf":[],"yoast_head":"<!-- This site is optimized with the Yoast SEO Premium plugin v24.7 (Yoast SEO v27.4) - https:\/\/yoast.com\/product\/yoast-seo-premium-wordpress\/ -->\n<title>POES\u00cdA - Blas Gonz\u00e1lez de la Fuente<\/title>\n<meta name=\"description\" content=\"Poes\u00eda del libro DESPEDIDAS, el autor BLAS GONZ\u00c1LEZ DE LA FUENTE nos da una muestra tras publicar un libro con la editorial de poes\u00eda Ed. Rilke\" \/>\n<meta name=\"robots\" content=\"index, follow, max-snippet:-1, max-image-preview:large, max-video-preview:-1\" \/>\n<link rel=\"canonical\" href=\"https:\/\/nuestrosescritores.com\/blasgonzalezdelafuente\/poesia\/\" \/>\n<meta property=\"og:locale\" content=\"es_ES\" \/>\n<meta property=\"og:type\" content=\"article\" \/>\n<meta property=\"og:title\" content=\"POES\u00cdA\" \/>\n<meta property=\"og:description\" content=\"Poes\u00eda del libro DESPEDIDAS, el autor BLAS GONZ\u00c1LEZ DE LA FUENTE nos da una muestra tras publicar un libro con la editorial de poes\u00eda Ed. Rilke\" \/>\n<meta property=\"og:url\" content=\"https:\/\/nuestrosescritores.com\/blasgonzalezdelafuente\/poesia\/\" \/>\n<meta property=\"og:site_name\" content=\"Blas Gonz\u00e1lez de la Fuente\" \/>\n<meta property=\"article:modified_time\" content=\"2021-02-07T12:16:54+00:00\" \/>\n<meta name=\"twitter:card\" content=\"summary_large_image\" \/>\n<meta name=\"twitter:label1\" content=\"Tiempo de lectura\" \/>\n\t<meta name=\"twitter:data1\" content=\"2 minutos\" \/>\n<script type=\"application\/ld+json\" class=\"yoast-schema-graph\">{\"@context\":\"https:\\\/\\\/schema.org\",\"@graph\":[{\"@type\":\"WebPage\",\"@id\":\"https:\\\/\\\/nuestrosescritores.com\\\/blasgonzalezdelafuente\\\/poesia\\\/\",\"url\":\"https:\\\/\\\/nuestrosescritores.com\\\/blasgonzalezdelafuente\\\/poesia\\\/\",\"name\":\"POES\u00cdA - Blas Gonz\u00e1lez de la Fuente\",\"isPartOf\":{\"@id\":\"https:\\\/\\\/nuestrosescritores.com\\\/blasgonzalezdelafuente\\\/#website\"},\"datePublished\":\"2021-02-07T11:02:10+00:00\",\"dateModified\":\"2021-02-07T12:16:54+00:00\",\"description\":\"Poes\u00eda del libro DESPEDIDAS, el autor BLAS GONZ\u00c1LEZ DE LA FUENTE nos da una muestra tras publicar un libro con la editorial de poes\u00eda Ed. Rilke\",\"breadcrumb\":{\"@id\":\"https:\\\/\\\/nuestrosescritores.com\\\/blasgonzalezdelafuente\\\/poesia\\\/#breadcrumb\"},\"inLanguage\":\"es\",\"potentialAction\":[{\"@type\":\"ReadAction\",\"target\":[\"https:\\\/\\\/nuestrosescritores.com\\\/blasgonzalezdelafuente\\\/poesia\\\/\"]}]},{\"@type\":\"BreadcrumbList\",\"@id\":\"https:\\\/\\\/nuestrosescritores.com\\\/blasgonzalezdelafuente\\\/poesia\\\/#breadcrumb\",\"itemListElement\":[{\"@type\":\"ListItem\",\"position\":1,\"name\":\"Portada\",\"item\":\"https:\\\/\\\/nuestrosescritores.com\\\/blasgonzalezdelafuente\\\/\"},{\"@type\":\"ListItem\",\"position\":2,\"name\":\"POES\u00cdA\"}]},{\"@type\":\"WebSite\",\"@id\":\"https:\\\/\\\/nuestrosescritores.com\\\/blasgonzalezdelafuente\\\/#website\",\"url\":\"https:\\\/\\\/nuestrosescritores.com\\\/blasgonzalezdelafuente\\\/\",\"name\":\"Nuestros escritores\",\"description\":\"Escritor\",\"potentialAction\":[{\"@type\":\"SearchAction\",\"target\":{\"@type\":\"EntryPoint\",\"urlTemplate\":\"https:\\\/\\\/nuestrosescritores.com\\\/blasgonzalezdelafuente\\\/?s={search_term_string}\"},\"query-input\":{\"@type\":\"PropertyValueSpecification\",\"valueRequired\":true,\"valueName\":\"search_term_string\"}}],\"inLanguage\":\"es\"}]}<\/script>\n<!-- \/ Yoast SEO Premium plugin. -->","yoast_head_json":{"title":"POES\u00cdA - Blas Gonz\u00e1lez de la Fuente","description":"Poes\u00eda del libro DESPEDIDAS, el autor BLAS GONZ\u00c1LEZ DE LA FUENTE nos da una muestra tras publicar un libro con la editorial de poes\u00eda Ed. Rilke","robots":{"index":"index","follow":"follow","max-snippet":"max-snippet:-1","max-image-preview":"max-image-preview:large","max-video-preview":"max-video-preview:-1"},"canonical":"https:\/\/nuestrosescritores.com\/blasgonzalezdelafuente\/poesia\/","og_locale":"es_ES","og_type":"article","og_title":"POES\u00cdA","og_description":"Poes\u00eda del libro DESPEDIDAS, el autor BLAS GONZ\u00c1LEZ DE LA FUENTE nos da una muestra tras publicar un libro con la editorial de poes\u00eda Ed. Rilke","og_url":"https:\/\/nuestrosescritores.com\/blasgonzalezdelafuente\/poesia\/","og_site_name":"Blas Gonz\u00e1lez de la Fuente","article_modified_time":"2021-02-07T12:16:54+00:00","twitter_card":"summary_large_image","twitter_misc":{"Tiempo de lectura":"2 minutos"},"schema":{"@context":"https:\/\/schema.org","@graph":[{"@type":"WebPage","@id":"https:\/\/nuestrosescritores.com\/blasgonzalezdelafuente\/poesia\/","url":"https:\/\/nuestrosescritores.com\/blasgonzalezdelafuente\/poesia\/","name":"POES\u00cdA - Blas Gonz\u00e1lez de la Fuente","isPartOf":{"@id":"https:\/\/nuestrosescritores.com\/blasgonzalezdelafuente\/#website"},"datePublished":"2021-02-07T11:02:10+00:00","dateModified":"2021-02-07T12:16:54+00:00","description":"Poes\u00eda del libro DESPEDIDAS, el autor BLAS GONZ\u00c1LEZ DE LA FUENTE nos da una muestra tras publicar un libro con la editorial de poes\u00eda Ed. Rilke","breadcrumb":{"@id":"https:\/\/nuestrosescritores.com\/blasgonzalezdelafuente\/poesia\/#breadcrumb"},"inLanguage":"es","potentialAction":[{"@type":"ReadAction","target":["https:\/\/nuestrosescritores.com\/blasgonzalezdelafuente\/poesia\/"]}]},{"@type":"BreadcrumbList","@id":"https:\/\/nuestrosescritores.com\/blasgonzalezdelafuente\/poesia\/#breadcrumb","itemListElement":[{"@type":"ListItem","position":1,"name":"Portada","item":"https:\/\/nuestrosescritores.com\/blasgonzalezdelafuente\/"},{"@type":"ListItem","position":2,"name":"POES\u00cdA"}]},{"@type":"WebSite","@id":"https:\/\/nuestrosescritores.com\/blasgonzalezdelafuente\/#website","url":"https:\/\/nuestrosescritores.com\/blasgonzalezdelafuente\/","name":"Nuestros escritores","description":"Escritor","potentialAction":[{"@type":"SearchAction","target":{"@type":"EntryPoint","urlTemplate":"https:\/\/nuestrosescritores.com\/blasgonzalezdelafuente\/?s={search_term_string}"},"query-input":{"@type":"PropertyValueSpecification","valueRequired":true,"valueName":"search_term_string"}}],"inLanguage":"es"}]}},"_links":{"self":[{"href":"https:\/\/nuestrosescritores.com\/blasgonzalezdelafuente\/wp-json\/wp\/v2\/pages\/70","targetHints":{"allow":["GET"]}}],"collection":[{"href":"https:\/\/nuestrosescritores.com\/blasgonzalezdelafuente\/wp-json\/wp\/v2\/pages"}],"about":[{"href":"https:\/\/nuestrosescritores.com\/blasgonzalezdelafuente\/wp-json\/wp\/v2\/types\/page"}],"author":[{"embeddable":true,"href":"https:\/\/nuestrosescritores.com\/blasgonzalezdelafuente\/wp-json\/wp\/v2\/users\/1"}],"replies":[{"embeddable":true,"href":"https:\/\/nuestrosescritores.com\/blasgonzalezdelafuente\/wp-json\/wp\/v2\/comments?post=70"}],"version-history":[{"count":0,"href":"https:\/\/nuestrosescritores.com\/blasgonzalezdelafuente\/wp-json\/wp\/v2\/pages\/70\/revisions"}],"wp:attachment":[{"href":"https:\/\/nuestrosescritores.com\/blasgonzalezdelafuente\/wp-json\/wp\/v2\/media?parent=70"}],"curies":[{"name":"wp","href":"https:\/\/api.w.org\/{rel}","templated":true}]}}