{"id":11,"date":"2022-02-26T09:00:44","date_gmt":"2022-02-26T09:00:44","guid":{"rendered":"https:\/\/nuestrosescritores.com\/beatrizratrorionda\/?page_id=11"},"modified":"2022-02-26T11:07:36","modified_gmt":"2022-02-26T11:07:36","slug":"escritora","status":"publish","type":"page","link":"https:\/\/nuestrosescritores.com\/beatrizratrorionda\/","title":{"rendered":"Escritora"},"content":{"rendered":"<div class=\"wpb-content-wrapper\">[vc_row full_width=&#8221;stretch_row_content_no_spaces&#8221;][vc_column extend=&#8221;false&#8221;][layerslider_vc id=&#8221;1&#8243;][\/vc_column][\/vc_row][vc_row extend=&#8221;false&#8221; design__empty_1=&#8221;&#8221; background=&#8221;&#8221; background_image_type=&#8221;static&#8221; background_image__effect=&#8221;&#8221; bg_size=&#8221;initial&#8221; bg_position=&#8221;center-center&#8221; row_bg_image=&#8221;&#8221; bg_repeat=&#8221;no-repeat&#8221; background_image_type__bg_color=&#8221;rgba(255, 255, 255, 1)&#8221; row_bg_parallax_images=&#8221;&#8221; row_bg_slideshow_images=&#8221;&#8221; background_video_type=&#8221;youtube&#8221; background_video__youtube__url=&#8221;&#8221; background_video__youtube__parallax=&#8221;&#8221; background_video__youtube__options=&#8221;&#8221; background_video__youtube__fallback_image=&#8221;&#8221; background_video__hosted__mp4=&#8221;&#8221; background_video__hosted__webm=&#8221;&#8221; background_video__hosted__ogv=&#8221;&#8221; background_video__hosted__parallax=&#8221;&#8221; background_video__hosted__options=&#8221;&#8221; background_video__hosted__fallback_image=&#8221;&#8221; background_color_type=&#8221;color&#8221; bg__empty_1=&#8221;&#8221; background_color_type__gradient_color1=&#8221;rgba(44, 74, 228, 1)&#8221; background_color_type__gradient_color2=&#8221;rgba(44, 74, 228, 1)&#8221; background_color_type__color_color1=&#8221;rgba(44, 74, 228, 1)&#8221; bg__empty_2=&#8221;&#8221; background_color__effect=&#8221;&#8221; background_color__direction=&#8221;left-to-right&#8221; settings__tag_1=&#8221;&#8221; viewport_lg=&#8221;&#8221; viewport_md=&#8221;&#8221; viewport_sm=&#8221;&#8221; viewport_xs=&#8221;&#8221; settings__empty_1=&#8221;&#8221; version=&#8221;1&#8243;][vc_column width=&#8221;1\/2&#8243; extend=&#8221;false&#8221;]<div class=\"ult-content-box-container \" >\t\t<div class=\"ult-content-box\" style=\"background-color:rgba(255,255,255,0.49);box-shadow: px px 8px px #f2f2f2 none;border-style:none;-webkit-transition: all 700ms ease;-moz-transition: all 700ms ease;-ms-transition: all 700ms ease;-o-transition: all 700ms ease;transition: all 700ms ease;\"  data-hover_box_shadow=\"none\"     data-bg=\"rgba(255,255,255,0.49)\"  data-border_color=\"\" >[vc_column_text css=&#8221;.vc_custom_1645865716789{padding-top: 15% !important;padding-right: 15% !important;padding-bottom: 15% !important;padding-left: 15% !important;}&#8221;]Nacida en Gij\u00f3n, Asturias y licenciada en Filolog\u00eda Hisp\u00e1nica por la Universidad de Oviedo (Especialidad en Lengua Espa\u00f1ola), Beatriz Rato inici\u00f3 su carrera laboral como profesora, redactora y traductora de franc\u00e9s, hasta que cambi\u00f3 su rumbo profesional y una oposici\u00f3n la convirti\u00f3 en oficial de Justicia.<\/p>\n<p>Por su formaci\u00f3n acad\u00e9mica y por su vocaci\u00f3n, siempre se ha mantenido cercana a la literatura, pero no fue hasta su regreso a Gij\u00f3n, tras varios destinos como funcionaria en otras provincias, cuando comenz\u00f3 su andadura como escritora.<\/p>\n<p>Ha publicado obras de distintos g\u00e9neros, en asturiano y en castellano. Su primer libro fue un estudio sociol\u00f3gico sobre el modo de vida en las ciudades asturianas, <em>Vida cotidiana urbana en Asturias de 1900 a 1950.<\/em><\/p>\n<p>Tambi\u00e9n ha publicado varias obras dirigidas al p\u00fablico infantil y juvenil: <em>Aventuras de un bol\u00edgrafo, Apuros en la playa, Jugando al escondite y Torimaki<\/em>; y se atrevi\u00f3 igualmente con un cuento para primeros lectores titulado <em>Galgu\u00edn y Veloz<\/em>.<\/p>\n<p>En un registro muy diferente, compil\u00f3 en un libro numerosas recetas de postres, publicado en asturiano con el t\u00edtulo de <em>Recetes Llambiones<\/em>.<\/p>\n<p>Regresando a la sociolog\u00eda y etnograf\u00eda asturianas, realiz\u00f3 el estudio <em>El cultivo del ma\u00edz en el concejo de Gij\u00f3n<\/em>, consistente en el an\u00e1lisis de la importancia social y econ\u00f3mica de este cereal en la cultura asturiana a lo largo del tiempo, vali\u00e9ndose para ello de un extenso trabajo de campo.<\/p>\n<p>Ha realizado trabajos de correcci\u00f3n de estilo de libros de poes\u00eda y narrativa, y colabora en jornadas y ferias literarias, siempre con el fin de ampliar sus horizontes y conocimientos como escritora.<\/p>\n<p>En 2012 public\u00f3 un exitoso y divertido libro de an\u00e9cdotas judiciales titulado <em>Juzgue Usted<\/em>.<\/p>\n<p>En el a\u00f1o 2013 p\u00fablico <em>Diario de un acoso<\/em>, un relato en forma de diario personal de una ni\u00f1a de 13 a\u00f1os acosada por su entorno escolar.<\/p>\n<p>En 2016 public\u00f3 el libro juvenil <em>Cu\u00e1nto va<\/em> y en 2017 su \u00faltima novela, <em>Como una gota de miel en mi coraz\u00f3n<\/em>, sobre el peso de la cultura en la vida de las mujeres \u00e1rabes, que tuvo mucho \u00e9xito en su versi\u00f3n ebook y fue superventas en Amazon.<\/p>\n<p>Adem\u00e1s de escribir, desde 2014 forma parte del equipo de organizaci\u00f3n del certamen literario Semana Negra de Gij\u00f3n.<\/p>\n<p>&nbsp;<\/p>\n<p>&nbsp;<\/p>\n<span class='bctt-click-to-tweet'><span class='bctt-ctt-text'><a href='https:\/\/x.com\/intent\/tweet?url=https%3A%2F%2Fnuestrosescritores.com%2Fbeatrizratrorionda%2F&#038;text=BEATRIZ%20RATO%20RIONDA.%20Escritor.&#038;related' target='_blank'rel=\"noopener noreferrer\">BEATRIZ RATO RIONDA. Escritor. <\/a><\/span><a href='https:\/\/x.com\/intent\/tweet?url=https%3A%2F%2Fnuestrosescritores.com%2Fbeatrizratrorionda%2F&#038;text=BEATRIZ%20RATO%20RIONDA.%20Escritor.&#038;related' target='_blank' class='bctt-ctt-btn'rel=\"noopener noreferrer\">Compartir en X<\/a><\/span>[\/vc_column_text]\t\t<\/div><\/div>[\/vc_column][vc_column width=&#8221;1\/2&#8243; extend=&#8221;false&#8221;]<div class=\"gambit_fullheight_row\" data-content-location=\"center\" style=\"display: none\"><\/div><div id=\"rowvcpt-row-settings\" class=\"rowvcpt-row-set RowVcPt-row-setting69e4af1b49fce \" data-no=\"RowVcPt-row-setting69e4af1b49fce\"><div  id=\"bgGallaryslide69e4af1b49fd2\" class=\"rowvcpt-slideshow \"><\/div><script type=\"text\/javascript\">\n(function($) {\n$(\"#bgGallaryslide69e4af1b49fd2\").vegas({\n        overlay: \"https:\/\/nuestrosescritores.com\/beatrizratrorionda\/wp-content\/plugins\/ultimate-row-background\/css\/overlays\/0'.esc_attr(1.png).'\",\n        transitionDuration: 4e3,\n        delay: 7000,\n        slides: [{src: \"https:\/\/nuestrosescritores.com\/beatrizratrorionda\/wp-content\/uploads\/sites\/124\/2022\/02\/6826687.jpg\",transition: \"fade2\",transitionDuration: 5000},{src: \"https:\/\/nuestrosescritores.com\/beatrizratrorionda\/wp-content\/uploads\/sites\/124\/2022\/02\/6881040.jpg\",transition: \"fade2\",transitionDuration: 5000},{src: \"https:\/\/nuestrosescritores.com\/beatrizratrorionda\/wp-content\/uploads\/sites\/124\/2022\/02\/6911736.jpg\",transition: \"fade2\",transitionDuration: 5000},{src: \"https:\/\/nuestrosescritores.com\/beatrizratrorionda\/wp-content\/uploads\/sites\/124\/2022\/02\/7000429.jpg\",transition: \"fade2\",transitionDuration: 5000},{src: \"https:\/\/nuestrosescritores.com\/beatrizratrorionda\/wp-content\/uploads\/sites\/124\/2022\/02\/6996789.jpg\",transition: \"fade2\",transitionDuration: 5000},]\n    });\t\t\n})(jQuery);\n<\/script><div class=\"rowvcpt-overlay\" style=\"background:rgba(255,255,255,0.69)\"><\/div><\/div>[vc_single_image image=&#8221;40&#8243; img_size=&#8221;full&#8221; alignment=&#8221;center&#8221;][\/vc_column][\/vc_row][vc_row full_height=&#8221;yes&#8221; equal_height=&#8221;yes&#8221; content_placement=&#8221;middle&#8221; css_animation=&#8221;appear&#8221; css=&#8221;.vc_custom_1638093275611{background-position: center !important;background-repeat: no-repeat !important;background-size: cover !important;}&#8221;][vc_column extend=&#8221;false&#8221;]<div class=\"ult-spacer spacer-69e4af1b4ac73\" data-id=\"69e4af1b4ac73\" data-height=\"500\" data-height-mobile=\"500\" data-height-tab=\"500\" data-height-tab-portrait=\"\" data-height-mobile-landscape=\"\" style=\"clear:both;display:block;\"><\/div><div id=\"rowvcpt-row-settings\" class=\"rowvcpt-row-set RowVcPt-row-setting69e4af1b4ac89 \" data-no=\"RowVcPt-row-setting69e4af1b4ac89\"><div class=\"columns-bg-wrap columns-bg-anim-colors columns-bg-image  columns_simple_image\" id=\"RowVcPt-image-bg-69e4af1b4ac88\"   data-parallax_sense=\"30\" src=\"https:\/\/nuestrosescritores.com\/beatrizratrorionda\/wp-content\/uploads\/sites\/124\/2022\/02\/6994245.jpg\" style=\"background-image: url(https:\/\/nuestrosescritores.com\/beatrizratrorionda\/wp-content\/uploads\/sites\/124\/2022\/02\/6994245.jpg);background-position: center center;background-size: cover;background-attachment: fixed;\"><\/div><\/div>[\/vc_column][\/vc_row][vc_row full_width=&#8221;stretch_row_content_no_spaces&#8221; full_height=&#8221;yes&#8221; content_placement=&#8221;middle&#8221;][vc_column extend=&#8221;false&#8221;]<div class=\"gambit_fullheight_row\" data-content-location=\"center\" style=\"display: none\"><\/div><div id=\"rowvcpt-row-settings\" class=\"rowvcpt-row-set RowVcPt-row-setting69e4af1b4aee7 \" data-no=\"RowVcPt-row-setting69e4af1b4aee7\"><div  id=\"bgGallaryslide69e4af1b4aeea\" class=\"rowvcpt-slideshow \"><\/div><script type=\"text\/javascript\">\n(function($) {\n$(\"#bgGallaryslide69e4af1b4aeea\").vegas({\n        overlay: \"https:\/\/nuestrosescritores.com\/beatrizratrorionda\/wp-content\/plugins\/ultimate-row-background\/css\/overlays\/0'.esc_attr(2.png).'\",\n        transitionDuration: 4e3,\n        delay: 7000,\n        slides: [{src: \"https:\/\/nuestrosescritores.com\/beatrizratrorionda\/wp-content\/uploads\/sites\/124\/2022\/02\/6921297.jpg\",transition: \"fade2\",transitionDuration: 5000},{src: \"https:\/\/nuestrosescritores.com\/beatrizratrorionda\/wp-content\/uploads\/sites\/124\/2022\/02\/6947538.jpg\",transition: \"fade2\",transitionDuration: 5000},{src: \"https:\/\/nuestrosescritores.com\/beatrizratrorionda\/wp-content\/uploads\/sites\/124\/2022\/02\/6862969.jpg\",transition: \"fade2\",transitionDuration: 5000},{src: \"https:\/\/nuestrosescritores.com\/beatrizratrorionda\/wp-content\/uploads\/sites\/124\/2022\/02\/7023487.jpg\",transition: \"fade2\",transitionDuration: 5000},]\n    });\t\t\n})(jQuery);\n<\/script><div class=\"rowvcpt-overlay\" style=\"background:rgba(255,255,255,0.69)\"><\/div><\/div><div id=\"uvc-type-wrap-5593\"  data-ultimate-target='#uvc-type-wrap-5593'  data-responsive-json-new='{\"font-size\":\"\",\"line-height\":\"\"}'  class=\"uvc-type-wrap vc_custom_1645865971987 ult-adjust-bottom-margin ult-responsive  uvc-type-align-center uvc-type-no-prefix uvc-wrap-200055316069e4af1b4b77d\" style=\"text-align:center;\"><span id=\"typed-200055316069e4af1b4b77d\" class=\"ultimate-typed-main \" style=\" font-weight:bold; text-transform: unset;\"><\/span><script type=\"text\/javascript\">\n\t\t\t\t\t\tjQuery(function($){ \n\t\t\t\t\t\t\t$(document).ready(function(){\n\t\t\t\t\t\t\t\tif( typeof jQuery(\"#typed-200055316069e4af1b4b77d\").typed == \"function\"){\n\t\t\t\t\t\t\t\t\t$(\"#typed-200055316069e4af1b4b77d\").typed({\n\t\t\t\t\t\t\t\t\t\tstrings: [\"Amalio Ferrer est\u00e1 a punto de recibir el \u201cPremio Nacional de Periodismo\u201d en un sal\u00f3n abarrotado de colegas, admiradores y personalidades destacadas. Ha cosechado un gran \u00e9xito gracias a un diario que hab\u00eda recibido de forma misteriosa meses antes en la redacci\u00f3n del peri\u00f3dico donde trabajaba y que tras su lectura decide publicar como suyo bajo el t\u00edtulo Diario de un acoso escolar.\",\"El \u00e9xito llega pronto y la sociedad valora su gran trabajo, la cr\u00edtica ensalza su obra y los lectores aguardan expectantes el momento de una posible siguiente entrega, porque ha conseguido trasmitir la angustia de una v\u00edctima de acoso escolar, su miedo a hacer p\u00fablica su situaci\u00f3n y el sufrimiento que todo ello conlleva.\",\"Pero, en realidad, Amalio ha mentido, la autora del manuscrito y los hechos que se relatan pertenecen a la vida real de una joven estudiante de trece a\u00f1os, \u00c1ngela. Y el padre de \u00c1ngela se encuentra esa noche en el sal\u00f3n.\",\"Diario de un acoso escolar es un relato sensible y realista, escrito a modo de historia dentro de una historia que va narrando el estremecedor d\u00eda a d\u00eda de \u00c1ngela, que sufre el acoso de su mejor amiga a lo largo de todo un curso escolar.\",\"Una novela que expone el martirio que viven algunos j\u00f3venes en silencio y que desencadena, no pocas veces, una tragedia en sus existencias.\",\"Adem\u00e1s, este libro muestra los pasos a seguir por los j\u00f3venes y sus familias en los protocolos de actuaci\u00f3n para alcanzar un final feliz.\",\"Una historia muy real que despierta en el lector sentimientos y emociones como el amor o la ira a trav\u00e9s de sus p\u00e1ginas.\"],\n\t\t\t\t\t\t\t\t\t\ttypeSpeed: 35,\n\t\t\t\t\t\t\t\t\t\tbackSpeed: 0,\n\t\t\t\t\t\t\t\t\t\tstartDelay: \"200\",\n\t\t\t\t\t\t\t\t\t\tbackDelay: \"1500\",\n\t\t\t\t\t\t\t\t\t\tloop: true,\n\t\t\t\t\t\t\t\t\t\tloopCount: false,\n\t\t\t\t\t\t\t\t\t\tshowCursor: true,\n\t\t\t\t\t\t\t\t\t\tcursorChar: \"|\",\n\t\t\t\t\t\t\t\t\t\tattr: null\n\t\t\t\t\t\t\t\t\t});\n\t\t\t\t\t\t\t\t}\n\t\t\t\t\t\t\t});\n\t\t\t\t\t\t});\n\t\t\t\t\t<\/script><\/div>[\/vc_column][\/vc_row][vc_row full_height=&#8221;yes&#8221; content_placement=&#8221;middle&#8221; parallax=&#8221;content-moving&#8221; parallax_image=&#8221;86&#8243; css_animation=&#8221;appear&#8221; bg_type=&#8221;image&#8221; css=&#8221;.vc_custom_1634746787147{background-image: url(https:\/\/nuestrosescritores.com\/tinahernandezherrero\/wp-content\/uploads\/sites\/107\/2021\/10\/TinaHernandezHerrero-Mediano.jpg?id=86) !important;}&#8221;][vc_column extend=&#8221;false&#8221;][vc_empty_space height=&#8221;150px&#8221;]<div id=\"rowvcpt-row-settings\" class=\"rowvcpt-row-set RowVcPt-row-setting69e4af1b4b9a4 \" data-no=\"RowVcPt-row-setting69e4af1b4b9a4\"><div class=\"columns-bg-wrap columns-bg-anim-colors columns-bg-image  columns_simple_image\" id=\"RowVcPt-image-bg-69e4af1b4b9a3\"   data-parallax_sense=\"30\" src=\"https:\/\/nuestrosescritores.com\/beatrizratrorionda\/wp-content\/uploads\/sites\/124\/2022\/02\/BeatrizRatoRiondaEscritora.jpg\" style=\"background-image: url(https:\/\/nuestrosescritores.com\/beatrizratrorionda\/wp-content\/uploads\/sites\/124\/2022\/02\/BeatrizRatoRiondaEscritora.jpg);background-position: center center;background-size: cover;background-attachment: fixed;\"><\/div><\/div>[vc_column_text]\n<p style=\"text-align: center;\"><a class=\"fasc-button fasc-size-xlarge fasc-type-glossy fasc-rounded-medium\" style=\"background-color: #2b3336; color: #ffffff;\" href=\"https:\/\/gepa.es\/producto\/diario-de-un-acoso-escolar-beatriz-rato-rionda\/\">COMPRA SUS LIBROS<\/a><\/p>\n[\/vc_column_text][\/vc_column][\/vc_row][vc_row][vc_column]<div id=\"rowvcpt-row-settings\" class=\"rowvcpt-row-set RowVcPt-row-setting69e4af1b4bc1c \" data-no=\"RowVcPt-row-setting69e4af1b4bc1c\"><div class=\"columns-bg-wrap columns-bg-anim-colors\" style=\"opacity: 1;background: -moz-linear-gradient(top, #e0e0e0 0%, #f7f7f7 100%);background: -webkit-gradient(linear, left top, left bottom, color-stop(0%,#e0e0e0), color-stop(100%,#f7f7f7));background: -webkit-linear-gradient(top, #e0e0e0 0%,#f7f7f7 100%);background: -o-linear-gradient(top, #e0e0e0 0%,#f7f7f7 100%);background: -ms-linear-gradient(top, #e0e0e0 0%,#f7f7f7 100%);background: linear-gradient(to bottom, #e0e0e0 0%,#f7f7f7 100%);\"><\/div><\/div>[vc_column_text css=&#8221;.vc_custom_1643365975895{padding-top: 5% !important;padding-right: 5% !important;padding-bottom: 5% !important;padding-left: 5% !important;background-color: rgba(206,206,206,0.01) !important;*background-color: rgb(206,206,206) !important;border-radius: 1px !important;}&#8221;]Esta p\u00e1gina web est\u00e1 realizada por el GRUPO EDITORIAL P\u00c9REZ-AYALA para el escritor BEATRIZ RATO RIONDA porque acaba de publicar un libro en una de las siguientes <a href=\"https:\/\/editorialesdepoesia.com\">editoriales de poes\u00eda<\/a>:<br \/>\n<a href=\"https:\/\/poesiaerestu.com\">Editorial Poes\u00eda eres t\u00fa<\/a>: Una editorial para poetas contempor\u00e1neos, con un cat\u00e1logo diverso de las diferentes tendencias de la poes\u00eda.<br \/>\n<a href=\"https:\/\/edicionesrilke.com\">Ediciones Rilke<\/a>: Una colecci\u00f3n de poes\u00eda cl\u00e1sica con poetas contempor\u00e1neos de gran trayectoria.<br \/>\n<a href=\"https:\/\/edicionesazorin.com\">Ediciones Azor\u00edn<\/a>: Una editorial para escritores y temas de Alicante y Murcia, un sello regional a nivel nacional.<br \/>\nContamos tambi\u00e9n con editoriales de narrativa como <a href=\"https:\/\/edicionesamaniel.com\">Ediciones Amaniel<\/a> y una editorial de autoedici\u00f3n como la <a href=\"https:\/\/agenciadellibro.com\">Editorial Agencia del libro<\/a> y un sistema de <a href=\"https:\/\/crowdfundingdelibros.com\">crowdfunding de libros<\/a> para que los nuevos escritores puedan <a href=\"https:\/\/crowdfundingdelibros.com\/\">publicar un libro gratis<\/a>.<br \/>\nInformaci\u00f3n tras publicar un libro: DIARIO DE UN ACOSO ESCOLAR de BEATRIZ RATO RIONDA con la editorial Ediciones Amaniel.<br \/>\nBEATRIZ RATO RIONDA logra publicar un libro, DIARIO DE UN ACOSO ESCOLAR, tras un proceso de selecci\u00f3n de obras con la Editorial Ediciones Amaniel.<br \/>\nTodos los derechos del libro DIARIO DE UN ACOSO ESCOLAR pertenecen a BEATRIZ RATO RIONDA tras publicar un libro con la Editorial Ediciones Amaniel.<br \/>\nPublicar un libro de poes\u00eda como DIARIO DE UN ACOSO ESCOLAR de BEATRIZ RATO RIONDA es posible gracias al trabajo de todo el equipo de la Editorial Ediciones Amaniel.<br \/>\nToda la promoci\u00f3n del libro DIARIO DE UN ACOSO ESCOLAR la puedes ver en la p\u00e1gina de la Editorial Ediciones Amaniel y en la web que la editorial le hace a BEATRIZ RATO RIONDA tras publicar un libro.<br \/>\nBEATRIZ RATO RIONDA agradece a la Editorial Ediciones Amaniel y la Agencia del libro por facilitar el trabajo de <a href=\"https:\/\/agenciadellibro.com\">publicar un libro<\/a>: DIARIO DE UN ACOSO ESCOLAR.<br \/>\nLa Editorial Ediciones Amaniel y BEATRIZ RATO RIONDA agradecen la colaboraci\u00f3n de los poetas, que han conseguido publicar un libro, y lectores del libro DIARIO DE UN ACOSO ESCOLAR por su colaboraci\u00f3n en la promoci\u00f3n y difusi\u00f3n de la obra.[\/vc_column_text][\/vc_column][\/vc_row]\n<\/div>","protected":false},"excerpt":{"rendered":"<p>[vc_row full_width=&#8221;stretch_row_content_no_spaces&#8221;][vc_column extend=&#8221;false&#8221;][layerslider_vc id=&#8221;1&#8243;][\/vc_column][\/vc_row][vc_row extend=&#8221;false&#8221; design__empty_1=&#8221;&#8221; background=&#8221;&#8221; background_image_type=&#8221;static&#8221; background_image__effect=&#8221;&#8221; bg_size=&#8221;initial&#8221; bg_position=&#8221;center-center&#8221; row_bg_image=&#8221;&#8221; bg_repeat=&#8221;no-repeat&#8221; background_image_type__bg_color=&#8221;rgba(255, 255, 255, 1)&#8221; row_bg_parallax_images=&#8221;&#8221; row_bg_slideshow_images=&#8221;&#8221; background_video_type=&#8221;youtube&#8221; background_video__youtube__url=&#8221;&#8221; background_video__youtube__parallax=&#8221;&#8221; background_video__youtube__options=&#8221;&#8221; background_video__youtube__fallback_image=&#8221;&#8221; background_video__hosted__mp4=&#8221;&#8221; background_video__hosted__webm=&#8221;&#8221; background_video__hosted__ogv=&#8221;&#8221; background_video__hosted__parallax=&#8221;&#8221; background_video__hosted__options=&#8221;&#8221; background_video__hosted__fallback_image=&#8221;&#8221; background_color_type=&#8221;color&#8221; bg__empty_1=&#8221;&#8221; background_color_type__gradient_color1=&#8221;rgba(44, 74, 228, 1)&#8221; background_color_type__gradient_color2=&#8221;rgba(44, 74, 228, 1)&#8221; background_color_type__color_color1=&#8221;rgba(44, 74, 228, 1)&#8221; bg__empty_2=&#8221;&#8221; background_color__effect=&#8221;&#8221; background_color__direction=&#8221;left-to-right&#8221; settings__tag_1=&#8221;&#8221; viewport_lg=&#8221;&#8221; viewport_md=&#8221;&#8221; viewport_sm=&#8221;&#8221; viewport_xs=&#8221;&#8221; settings__empty_1=&#8221;&#8221; version=&#8221;1&#8243;][vc_column width=&#8221;1\/2&#8243; [&hellip;]<\/p>\n","protected":false},"author":1,"featured_media":0,"parent":0,"menu_order":0,"comment_status":"closed","ping_status":"closed","template":"","meta":{"_acf_changed":false,"footnotes":""},"class_list":["post-11","page","type-page","status-publish","hentry"],"acf":[],"yoast_head":"<!-- This site is optimized with the Yoast SEO Premium plugin v24.7 (Yoast SEO v27.4) - https:\/\/yoast.com\/product\/yoast-seo-premium-wordpress\/ -->\n<title>Escritora - Beatriz Rato Rionda<\/title>\n<meta name=\"description\" content=\"Beatriz Rato Rionda en la escritora de la novela Diario de un acoso escolar. La escritora acaba de publicar un libro con Ediciones Amaniel.\" \/>\n<meta name=\"robots\" content=\"index, follow, max-snippet:-1, max-image-preview:large, max-video-preview:-1\" \/>\n<link rel=\"canonical\" href=\"https:\/\/nuestrosescritores.com\/beatrizratrorionda\/\" \/>\n<meta property=\"og:locale\" content=\"es_ES\" \/>\n<meta property=\"og:type\" content=\"article\" \/>\n<meta property=\"og:title\" content=\"Escritora\" \/>\n<meta property=\"og:description\" content=\"Beatriz Rato Rionda en la escritora de la novela Diario de un acoso escolar. La escritora acaba de publicar un libro con Ediciones Amaniel.\" \/>\n<meta property=\"og:url\" content=\"https:\/\/nuestrosescritores.com\/beatrizratrorionda\/\" \/>\n<meta property=\"og:site_name\" content=\"Beatriz Rato Rionda\" \/>\n<meta property=\"article:modified_time\" content=\"2022-02-26T11:07:36+00:00\" \/>\n<meta name=\"twitter:card\" content=\"summary_large_image\" \/>\n<meta name=\"twitter:label1\" content=\"Tiempo de lectura\" \/>\n\t<meta name=\"twitter:data1\" content=\"6 minutos\" \/>\n<script type=\"application\/ld+json\" class=\"yoast-schema-graph\">{\"@context\":\"https:\\\/\\\/schema.org\",\"@graph\":[{\"@type\":\"WebPage\",\"@id\":\"https:\\\/\\\/nuestrosescritores.com\\\/beatrizratrorionda\\\/\",\"url\":\"https:\\\/\\\/nuestrosescritores.com\\\/beatrizratrorionda\\\/\",\"name\":\"Escritora - Beatriz Rato Rionda\",\"isPartOf\":{\"@id\":\"https:\\\/\\\/nuestrosescritores.com\\\/beatrizratrorionda\\\/#website\"},\"datePublished\":\"2022-02-26T09:00:44+00:00\",\"dateModified\":\"2022-02-26T11:07:36+00:00\",\"description\":\"Beatriz Rato Rionda en la escritora de la novela Diario de un acoso escolar. La escritora acaba de publicar un libro con Ediciones Amaniel.\",\"breadcrumb\":{\"@id\":\"https:\\\/\\\/nuestrosescritores.com\\\/beatrizratrorionda\\\/#breadcrumb\"},\"inLanguage\":\"es\",\"potentialAction\":[{\"@type\":\"ReadAction\",\"target\":[\"https:\\\/\\\/nuestrosescritores.com\\\/beatrizratrorionda\\\/\"]}]},{\"@type\":\"BreadcrumbList\",\"@id\":\"https:\\\/\\\/nuestrosescritores.com\\\/beatrizratrorionda\\\/#breadcrumb\",\"itemListElement\":[{\"@type\":\"ListItem\",\"position\":1,\"name\":\"Portada\",\"item\":\"https:\\\/\\\/nuestrosescritores.com\\\/beatrizratrorionda\\\/\"},{\"@type\":\"ListItem\",\"position\":2,\"name\":\"Escritora\"}]},{\"@type\":\"WebSite\",\"@id\":\"https:\\\/\\\/nuestrosescritores.com\\\/beatrizratrorionda\\\/#website\",\"url\":\"https:\\\/\\\/nuestrosescritores.com\\\/beatrizratrorionda\\\/\",\"name\":\"Nuestros escritores\",\"description\":\"Escritora\",\"potentialAction\":[{\"@type\":\"SearchAction\",\"target\":{\"@type\":\"EntryPoint\",\"urlTemplate\":\"https:\\\/\\\/nuestrosescritores.com\\\/beatrizratrorionda\\\/?s={search_term_string}\"},\"query-input\":{\"@type\":\"PropertyValueSpecification\",\"valueRequired\":true,\"valueName\":\"search_term_string\"}}],\"inLanguage\":\"es\"}]}<\/script>\n<!-- \/ Yoast SEO Premium plugin. -->","yoast_head_json":{"title":"Escritora - Beatriz Rato Rionda","description":"Beatriz Rato Rionda en la escritora de la novela Diario de un acoso escolar. La escritora acaba de publicar un libro con Ediciones Amaniel.","robots":{"index":"index","follow":"follow","max-snippet":"max-snippet:-1","max-image-preview":"max-image-preview:large","max-video-preview":"max-video-preview:-1"},"canonical":"https:\/\/nuestrosescritores.com\/beatrizratrorionda\/","og_locale":"es_ES","og_type":"article","og_title":"Escritora","og_description":"Beatriz Rato Rionda en la escritora de la novela Diario de un acoso escolar. La escritora acaba de publicar un libro con Ediciones Amaniel.","og_url":"https:\/\/nuestrosescritores.com\/beatrizratrorionda\/","og_site_name":"Beatriz Rato Rionda","article_modified_time":"2022-02-26T11:07:36+00:00","twitter_card":"summary_large_image","twitter_misc":{"Tiempo de lectura":"6 minutos"},"schema":{"@context":"https:\/\/schema.org","@graph":[{"@type":"WebPage","@id":"https:\/\/nuestrosescritores.com\/beatrizratrorionda\/","url":"https:\/\/nuestrosescritores.com\/beatrizratrorionda\/","name":"Escritora - Beatriz Rato Rionda","isPartOf":{"@id":"https:\/\/nuestrosescritores.com\/beatrizratrorionda\/#website"},"datePublished":"2022-02-26T09:00:44+00:00","dateModified":"2022-02-26T11:07:36+00:00","description":"Beatriz Rato Rionda en la escritora de la novela Diario de un acoso escolar. La escritora acaba de publicar un libro con Ediciones Amaniel.","breadcrumb":{"@id":"https:\/\/nuestrosescritores.com\/beatrizratrorionda\/#breadcrumb"},"inLanguage":"es","potentialAction":[{"@type":"ReadAction","target":["https:\/\/nuestrosescritores.com\/beatrizratrorionda\/"]}]},{"@type":"BreadcrumbList","@id":"https:\/\/nuestrosescritores.com\/beatrizratrorionda\/#breadcrumb","itemListElement":[{"@type":"ListItem","position":1,"name":"Portada","item":"https:\/\/nuestrosescritores.com\/beatrizratrorionda\/"},{"@type":"ListItem","position":2,"name":"Escritora"}]},{"@type":"WebSite","@id":"https:\/\/nuestrosescritores.com\/beatrizratrorionda\/#website","url":"https:\/\/nuestrosescritores.com\/beatrizratrorionda\/","name":"Nuestros escritores","description":"Escritora","potentialAction":[{"@type":"SearchAction","target":{"@type":"EntryPoint","urlTemplate":"https:\/\/nuestrosescritores.com\/beatrizratrorionda\/?s={search_term_string}"},"query-input":{"@type":"PropertyValueSpecification","valueRequired":true,"valueName":"search_term_string"}}],"inLanguage":"es"}]}},"_links":{"self":[{"href":"https:\/\/nuestrosescritores.com\/beatrizratrorionda\/wp-json\/wp\/v2\/pages\/11","targetHints":{"allow":["GET"]}}],"collection":[{"href":"https:\/\/nuestrosescritores.com\/beatrizratrorionda\/wp-json\/wp\/v2\/pages"}],"about":[{"href":"https:\/\/nuestrosescritores.com\/beatrizratrorionda\/wp-json\/wp\/v2\/types\/page"}],"author":[{"embeddable":true,"href":"https:\/\/nuestrosescritores.com\/beatrizratrorionda\/wp-json\/wp\/v2\/users\/1"}],"replies":[{"embeddable":true,"href":"https:\/\/nuestrosescritores.com\/beatrizratrorionda\/wp-json\/wp\/v2\/comments?post=11"}],"version-history":[{"count":0,"href":"https:\/\/nuestrosescritores.com\/beatrizratrorionda\/wp-json\/wp\/v2\/pages\/11\/revisions"}],"wp:attachment":[{"href":"https:\/\/nuestrosescritores.com\/beatrizratrorionda\/wp-json\/wp\/v2\/media?parent=11"}],"curies":[{"name":"wp","href":"https:\/\/api.w.org\/{rel}","templated":true}]}}