{"id":88,"date":"2019-11-10T17:45:48","date_gmt":"2019-11-10T16:45:48","guid":{"rendered":"https:\/\/nuestrosescritores.com\/auroramayabenitez\/?page_id=88"},"modified":"2019-11-17T23:30:07","modified_gmt":"2019-11-17T22:30:07","slug":"imagenes","status":"publish","type":"page","link":"https:\/\/nuestrosescritores.com\/aurorarot\/imagenes\/","title":{"rendered":"Imagenes"},"content":{"rendered":"<div class=\"wpb-content-wrapper\">[vc_row][vc_column][vc_images_carousel images=&#8221;22,46,41,33,28,26,24,23,113&#8243; img_size=&#8221;full&#8221; autoplay=&#8221;yes&#8221;]<style >.gallery-1376707.plus-smart-gallery .post-inner-loop .grid-item{padding : 0px; }<\/style><div id=\"pt-plus-smart-gallery\" class=\"plus-smart-gallery  list-isotope-metro   animate-general gallery-1376707  \"  data-animate-type=\"transition.fadeIn\" data-animate-delay=\"50\"  data-enable-isotope=\"1\"  data-id=\"gallery-1376707\" data-layout-type=\"metro\"  data-columns=\"4\"  data-pad=\"30px\"  ><div class=\"post-inner-loop gallery-1376707 \"><div class=\"grid-item  metro-item1    \" ><div class=\"gallery-attach-list gallery69e4c41714624\" data-uid=\"gallery69e4c41714624\" data-interval-time=\"2000\"><div class=\"gallery-list-item\" style=\"background :url(https:\/\/nuestrosescritores.com\/aurorarot\/wp-content\/uploads\/sites\/12\/2019\/11\/1.jpg)\";><\/div><div class=\"gallery-list-item\" style=\"background :url(https:\/\/nuestrosescritores.com\/aurorarot\/wp-content\/uploads\/sites\/12\/2019\/11\/6.jpg)\";><\/div><div class=\"gallery-list-item\" style=\"background :url(https:\/\/nuestrosescritores.com\/aurorarot\/wp-content\/uploads\/sites\/12\/2019\/11\/11.jpg)\";><\/div><div class=\"gallery-list-item\" style=\"background :url(https:\/\/nuestrosescritores.com\/aurorarot\/wp-content\/uploads\/sites\/12\/2019\/11\/19.jpg)\";><\/div><div class=\"gallery-list-item\" style=\"background :url(https:\/\/nuestrosescritores.com\/aurorarot\/wp-content\/uploads\/sites\/12\/2019\/11\/24.jpg)\";><\/div><div class=\"gallery-list-item\" style=\"background :url(https:\/\/nuestrosescritores.com\/aurorarot\/wp-content\/uploads\/sites\/12\/2019\/11\/26.jpg)\";><\/div><div class=\"gallery-list-item\" style=\"background :url(https:\/\/nuestrosescritores.com\/aurorarot\/wp-content\/uploads\/sites\/12\/2019\/11\/28.jpg)\";><\/div><div class=\"gallery-list-item\" style=\"background :url(https:\/\/nuestrosescritores.com\/aurorarot\/wp-content\/uploads\/sites\/12\/2019\/11\/29.jpg)\";><\/div><div class=\"gallery-list-item\" style=\"background :url(https:\/\/nuestrosescritores.com\/aurorarot\/wp-content\/uploads\/sites\/12\/2019\/11\/diciembre.jpg)\";><\/div><\/div><\/div><div class=\"grid-item  metro-item10    \" ><div class=\"gallery-attach-list gallery69e4c41715e06\" data-uid=\"gallery69e4c41715e06\" data-interval-time=\"2000\"><div class=\"gallery-list-item\" style=\"background :url(https:\/\/nuestrosescritores.com\/aurorarot\/wp-content\/uploads\/sites\/12\/2019\/11\/6.jpg)\";><\/div><div class=\"gallery-list-item\" style=\"background :url(https:\/\/nuestrosescritores.com\/aurorarot\/wp-content\/uploads\/sites\/12\/2019\/11\/10-1.jpg)\";><\/div><\/div><\/div><div class=\"grid-item  metro-item12    \" ><div class=\"gallery-attach-list gallery69e4c41716197\" data-uid=\"gallery69e4c41716197\" data-interval-time=\"2000\"><div class=\"gallery-list-item\" style=\"background :url(https:\/\/nuestrosescritores.com\/aurorarot\/wp-content\/uploads\/sites\/12\/2019\/11\/11.jpg)\";><\/div><div class=\"gallery-list-item\" style=\"background :url(https:\/\/nuestrosescritores.com\/aurorarot\/wp-content\/uploads\/sites\/12\/2019\/11\/19.jpg)\";><\/div><\/div><\/div><div class=\"grid-item  metro-item14    \" ><div class=\"gallery-attach-list gallery69e4c417161e2\" data-uid=\"gallery69e4c417161e2\" data-interval-time=\"2000\"><div class=\"gallery-list-item\" style=\"background :url(https:\/\/nuestrosescritores.com\/aurorarot\/wp-content\/uploads\/sites\/12\/2019\/11\/24.jpg)\";><\/div><div class=\"gallery-list-item\" style=\"background :url(https:\/\/nuestrosescritores.com\/aurorarot\/wp-content\/uploads\/sites\/12\/2019\/11\/26.jpg)\";><\/div><\/div><\/div><div class=\"grid-item  metro-item16    \" ><div class=\"gallery-attach-list gallery69e4c4171623c\" data-uid=\"gallery69e4c4171623c\" data-interval-time=\"2000\"><div class=\"gallery-list-item\" style=\"background :url(https:\/\/nuestrosescritores.com\/aurorarot\/wp-content\/uploads\/sites\/12\/2019\/11\/28.jpg)\";><\/div><div class=\"gallery-list-item\" style=\"background :url(https:\/\/nuestrosescritores.com\/aurorarot\/wp-content\/uploads\/sites\/12\/2019\/11\/29.jpg)\";><\/div><div class=\"gallery-list-item\" style=\"background :url(https:\/\/nuestrosescritores.com\/aurorarot\/wp-content\/uploads\/sites\/12\/2019\/11\/diciembre.jpg)\";><\/div><\/div><\/div><\/div><\/div>[\/vc_column][\/vc_row][vc_row][vc_column][vc_column_text]\n<h1 style=\"text-align: center;\">ILUSTRACIONES<\/h1>\n<p><strong>Aurora Rot (Enero, Febrero y Marzo)<\/strong><\/p>\n<p><strong>@aurora__rot<\/strong><\/p>\n<p>&nbsp;<\/p>\n<p><strong>Inge Borg<\/strong><\/p>\n<p><strong>@inkeborg (Abril)<\/strong><\/p>\n<p>&nbsp;<\/p>\n<p>&nbsp;<\/p>\n<p><strong>Mario Fern\u00e1ndez (Septiembre)<\/strong><\/p>\n<p><strong>@mario.fj<\/strong><\/p>\n<p>&nbsp;<\/p>\n<p>&nbsp;<\/p>\n<p><strong>Alberto Mart\u00edn Ch\u00e1vez<\/strong><\/p>\n<p><strong>@albertmcphoto (Noviembre y Diciembre)<\/strong>[\/vc_column_text][\/vc_column][\/vc_row]\n<\/div>","protected":false},"excerpt":{"rendered":"<p>[vc_row][vc_column][vc_images_carousel images=&#8221;22,46,41,33,28,26,24,23,113&#8243; img_size=&#8221;full&#8221; autoplay=&#8221;yes&#8221;][\/vc_column][\/vc_row][vc_row][vc_column][vc_column_text] ILUSTRACIONES Aurora Rot (Enero, Febrero y Marzo) @aurora__rot &nbsp; Inge Borg @inkeborg (Abril) &nbsp; &nbsp; Mario Fern\u00e1ndez (Septiembre) @mario.fj &nbsp; &nbsp; Alberto Mart\u00edn Ch\u00e1vez @albertmcphoto (Noviembre y Diciembre)[\/vc_column_text][\/vc_column][\/vc_row]<\/p>\n","protected":false},"author":1,"featured_media":0,"parent":0,"menu_order":4,"comment_status":"closed","ping_status":"closed","template":"","meta":{"_acf_changed":false,"footnotes":""},"class_list":["post-88","page","type-page","status-publish","hentry"],"acf":[],"yoast_head":"<!-- This site is optimized with the Yoast SEO Premium plugin v24.7 (Yoast SEO v27.4) - https:\/\/yoast.com\/product\/yoast-seo-premium-wordpress\/ -->\n<title>Imagenes - Aurora Rot<\/title>\n<meta name=\"robots\" content=\"index, follow, max-snippet:-1, max-image-preview:large, max-video-preview:-1\" \/>\n<link rel=\"canonical\" href=\"https:\/\/nuestrosescritores.com\/aurorarot\/imagenes\/\" \/>\n<meta property=\"og:locale\" content=\"es_ES\" \/>\n<meta property=\"og:type\" content=\"article\" \/>\n<meta property=\"og:title\" content=\"Imagenes\" \/>\n<meta property=\"og:description\" content=\"[vc_row][vc_column][vc_images_carousel images=&#8221;22,46,41,33,28,26,24,23,113&#8243; img_size=&#8221;full&#8221; autoplay=&#8221;yes&#8221;][\/vc_column][\/vc_row][vc_row][vc_column][vc_column_text] ILUSTRACIONES Aurora Rot (Enero, Febrero y Marzo) @aurora__rot &nbsp; Inge Borg @inkeborg (Abril) &nbsp; &nbsp; Mario Fern\u00e1ndez (Septiembre) @mario.fj &nbsp; &nbsp; Alberto Mart\u00edn Ch\u00e1vez @albertmcphoto (Noviembre y Diciembre)[\/vc_column_text][\/vc_column][\/vc_row]\" \/>\n<meta property=\"og:url\" content=\"https:\/\/nuestrosescritores.com\/aurorarot\/imagenes\/\" \/>\n<meta property=\"og:site_name\" content=\"Aurora Rot\" \/>\n<meta property=\"article:modified_time\" content=\"2019-11-17T22:30:07+00:00\" \/>\n<meta name=\"twitter:card\" content=\"summary_large_image\" \/>\n<meta name=\"twitter:label1\" content=\"Tiempo de lectura\" \/>\n\t<meta name=\"twitter:data1\" content=\"1 minuto\" \/>\n<script type=\"application\/ld+json\" class=\"yoast-schema-graph\">{\"@context\":\"https:\\\/\\\/schema.org\",\"@graph\":[{\"@type\":\"WebPage\",\"@id\":\"https:\\\/\\\/nuestrosescritores.com\\\/aurorarot\\\/imagenes\\\/\",\"url\":\"https:\\\/\\\/nuestrosescritores.com\\\/aurorarot\\\/imagenes\\\/\",\"name\":\"Imagenes - Aurora Rot\",\"isPartOf\":{\"@id\":\"https:\\\/\\\/nuestrosescritores.com\\\/aurorarot\\\/#website\"},\"datePublished\":\"2019-11-10T16:45:48+00:00\",\"dateModified\":\"2019-11-17T22:30:07+00:00\",\"breadcrumb\":{\"@id\":\"https:\\\/\\\/nuestrosescritores.com\\\/aurorarot\\\/imagenes\\\/#breadcrumb\"},\"inLanguage\":\"es\",\"potentialAction\":[{\"@type\":\"ReadAction\",\"target\":[\"https:\\\/\\\/nuestrosescritores.com\\\/aurorarot\\\/imagenes\\\/\"]}]},{\"@type\":\"BreadcrumbList\",\"@id\":\"https:\\\/\\\/nuestrosescritores.com\\\/aurorarot\\\/imagenes\\\/#breadcrumb\",\"itemListElement\":[{\"@type\":\"ListItem\",\"position\":1,\"name\":\"Portada\",\"item\":\"https:\\\/\\\/nuestrosescritores.com\\\/aurorarot\\\/\"},{\"@type\":\"ListItem\",\"position\":2,\"name\":\"Imagenes\"}]},{\"@type\":\"WebSite\",\"@id\":\"https:\\\/\\\/nuestrosescritores.com\\\/aurorarot\\\/#website\",\"url\":\"https:\\\/\\\/nuestrosescritores.com\\\/aurorarot\\\/\",\"name\":\"Nuestros escritores\",\"description\":\"Escritora\",\"potentialAction\":[{\"@type\":\"SearchAction\",\"target\":{\"@type\":\"EntryPoint\",\"urlTemplate\":\"https:\\\/\\\/nuestrosescritores.com\\\/aurorarot\\\/?s={search_term_string}\"},\"query-input\":{\"@type\":\"PropertyValueSpecification\",\"valueRequired\":true,\"valueName\":\"search_term_string\"}}],\"inLanguage\":\"es\"}]}<\/script>\n<!-- \/ Yoast SEO Premium plugin. -->","yoast_head_json":{"title":"Imagenes - Aurora Rot","robots":{"index":"index","follow":"follow","max-snippet":"max-snippet:-1","max-image-preview":"max-image-preview:large","max-video-preview":"max-video-preview:-1"},"canonical":"https:\/\/nuestrosescritores.com\/aurorarot\/imagenes\/","og_locale":"es_ES","og_type":"article","og_title":"Imagenes","og_description":"[vc_row][vc_column][vc_images_carousel images=&#8221;22,46,41,33,28,26,24,23,113&#8243; img_size=&#8221;full&#8221; autoplay=&#8221;yes&#8221;][\/vc_column][\/vc_row][vc_row][vc_column][vc_column_text] ILUSTRACIONES Aurora Rot (Enero, Febrero y Marzo) @aurora__rot &nbsp; Inge Borg @inkeborg (Abril) &nbsp; &nbsp; Mario Fern\u00e1ndez (Septiembre) @mario.fj &nbsp; &nbsp; Alberto Mart\u00edn Ch\u00e1vez @albertmcphoto (Noviembre y Diciembre)[\/vc_column_text][\/vc_column][\/vc_row]","og_url":"https:\/\/nuestrosescritores.com\/aurorarot\/imagenes\/","og_site_name":"Aurora Rot","article_modified_time":"2019-11-17T22:30:07+00:00","twitter_card":"summary_large_image","twitter_misc":{"Tiempo de lectura":"1 minuto"},"schema":{"@context":"https:\/\/schema.org","@graph":[{"@type":"WebPage","@id":"https:\/\/nuestrosescritores.com\/aurorarot\/imagenes\/","url":"https:\/\/nuestrosescritores.com\/aurorarot\/imagenes\/","name":"Imagenes - Aurora Rot","isPartOf":{"@id":"https:\/\/nuestrosescritores.com\/aurorarot\/#website"},"datePublished":"2019-11-10T16:45:48+00:00","dateModified":"2019-11-17T22:30:07+00:00","breadcrumb":{"@id":"https:\/\/nuestrosescritores.com\/aurorarot\/imagenes\/#breadcrumb"},"inLanguage":"es","potentialAction":[{"@type":"ReadAction","target":["https:\/\/nuestrosescritores.com\/aurorarot\/imagenes\/"]}]},{"@type":"BreadcrumbList","@id":"https:\/\/nuestrosescritores.com\/aurorarot\/imagenes\/#breadcrumb","itemListElement":[{"@type":"ListItem","position":1,"name":"Portada","item":"https:\/\/nuestrosescritores.com\/aurorarot\/"},{"@type":"ListItem","position":2,"name":"Imagenes"}]},{"@type":"WebSite","@id":"https:\/\/nuestrosescritores.com\/aurorarot\/#website","url":"https:\/\/nuestrosescritores.com\/aurorarot\/","name":"Nuestros escritores","description":"Escritora","potentialAction":[{"@type":"SearchAction","target":{"@type":"EntryPoint","urlTemplate":"https:\/\/nuestrosescritores.com\/aurorarot\/?s={search_term_string}"},"query-input":{"@type":"PropertyValueSpecification","valueRequired":true,"valueName":"search_term_string"}}],"inLanguage":"es"}]}},"_links":{"self":[{"href":"https:\/\/nuestrosescritores.com\/aurorarot\/wp-json\/wp\/v2\/pages\/88","targetHints":{"allow":["GET"]}}],"collection":[{"href":"https:\/\/nuestrosescritores.com\/aurorarot\/wp-json\/wp\/v2\/pages"}],"about":[{"href":"https:\/\/nuestrosescritores.com\/aurorarot\/wp-json\/wp\/v2\/types\/page"}],"author":[{"embeddable":true,"href":"https:\/\/nuestrosescritores.com\/aurorarot\/wp-json\/wp\/v2\/users\/1"}],"replies":[{"embeddable":true,"href":"https:\/\/nuestrosescritores.com\/aurorarot\/wp-json\/wp\/v2\/comments?post=88"}],"version-history":[{"count":0,"href":"https:\/\/nuestrosescritores.com\/aurorarot\/wp-json\/wp\/v2\/pages\/88\/revisions"}],"wp:attachment":[{"href":"https:\/\/nuestrosescritores.com\/aurorarot\/wp-json\/wp\/v2\/media?parent=88"}],"curies":[{"name":"wp","href":"https:\/\/api.w.org\/{rel}","templated":true}]}}