{"id":11,"date":"2020-12-19T23:05:41","date_gmt":"2020-12-19T23:05:41","guid":{"rendered":"https:\/\/nuestrosescritores.com\/astridsteinhaus\/?page_id=11"},"modified":"2020-12-23T11:34:50","modified_gmt":"2020-12-23T11:34:50","slug":"astrid-steinhaus","status":"publish","type":"page","link":"https:\/\/nuestrosescritores.com\/astridsteinhaus\/","title":{"rendered":"ASTRID STEINHAUS"},"content":{"rendered":"<div class=\"wpb-content-wrapper\">[vc_row][vc_column extend=&#8221;false&#8221;][vc_column_text css=&#8221;.vc_custom_1577876218477{margin-top: -30000px !important;}&#8221;]\n<p>ASTRID STEINHAUS es el escritor de MA\u00d1ANA DEJO DE FUMAR&nbsp;el escritor y poeta acaba de publicar un libro de poes\u00eda con la Editorial Poes\u00eda eres t\u00fa. Considerado como una de las mejores poetas espa\u00f1olas.<br \/>\nMA\u00d1ANA DEJO DE FUMAR ha sido escrito por ASTRID STEINHAUS Considerado como uno de los mejores poetas espa\u00f1oles, algunos afirman que es el mejor poeta espa\u00f1ol. el escritor sabe como publicar un libro de poes\u00eda con la Editorial Poes\u00eda eres t\u00fa<br \/>\nTrabajamos con distribuidoras de libros que acercan los libros a las librer\u00edas, pero contamos tambi\u00e9n con las siguientes librerias de apoyo en internet para que ning\u00fan lector se quede sin su libro de poes\u00eda: Libreria GEPA, Libreria Website, La librer\u00eda del escritor, El rinc\u00f3n de los libros.<\/p>\n<p>Informamos de como publicar un libro y el precio de publicar un libro<\/p>\n<p>As\u00ed mismo colaboramos con la Asociaci\u00f3n de editores de poes\u00eda y la Asociaci\u00f3n Madrile\u00f1a de escritores y cr\u00edticos literarios (Cr\u00edtica de Vigo).<\/p>\n<p>Trabajamos con varias imprentas y contamos con nuestra propia imprenta Herederos de Izquierdo y Vigo impresores.<\/p>\n<p>Puedes conocernos en nuestra p\u00e1gina del Grupo Editorial. Contamos con una sede en Vigo y otra en Jumilla (Murcia)<\/p>\n<p>Somos especialitas en la edici\u00f3n del libro de poes\u00eda<\/p>\n<p>ASTRID STEINHAUS Considerado como uno de los mejores poetas espa\u00f1oles, algunos afirman que es el mejor poeta espa\u00f1oles es el escritor de MA\u00d1ANA DEJO DE FUMAR. El poeta conoce el precio de publicar un libro de poes\u00eda con la Editorial Poes\u00eda eres t\u00fa<\/p>\n<p>ASTRID STEINHAUS Considerado como uno de los mejores poetas espa\u00f1oles, algunos afirman que es el mejor poeta espa\u00f1oles es el escritor de MA\u00d1ANA DEJO DE FUMAR. La poeta sabe como publicar un libro de poes\u00eda con la Editorial Poes\u00eda eres t\u00fa<br \/>\nASTRID STEINHAUS considerado como uno de los mejores poetas espa\u00f1oles, algunos afirman que es el mejor poeta espa\u00f1ol es el escritor de MA\u00d1ANA DEJO DE FUMAR. La poeta sabe el precio de publicar un libro de poes\u00eda con la Editorial Poes\u00eda eres t\u00fa<\/p>\n<p>El Grupo Editorial P\u00e9rez-Ayala, est\u00e1 formado por los siguientes sellos editoriales: Editorial Poes\u00eda eres t\u00fa, Ediciones Rilke Editorial poes\u00eda, Editorial Ediciones Amaniel, Editorial Ediciones Azor\u00edn un sello regional para Alicante y Murcia.<\/p>\n<p>Para ayudar a la promoci\u00f3n de los libros contamos con diferentes plataformas en internet como Poes\u00eda Televisi\u00f3n, libro de poes\u00eda, Club de poes\u00eda, Blog de escritor, Blog de poes\u00eda, Agencia del libro, Nuestras librerias, Publicar libro &#8211; Publicar un libro, Revista Poes\u00eda eres t\u00fa, Antolog\u00edas po\u00e9ticas, Poes\u00eda y poetas.[\/vc_column_text][\/vc_column][\/vc_row][vc_row full_width=&#8221;stretch_row_content_no_spaces&#8221;][vc_column extend=&#8221;false&#8221;][layerslider_vc id=&#8221;1&#8243;][\/vc_column][\/vc_row][vc_row extend=&#8221;false&#8221; design__empty_1=&#8221;&#8221; background=&#8221;&#8221; background_image_type=&#8221;static&#8221; background_image__effect=&#8221;&#8221; bg_size=&#8221;initial&#8221; bg_position=&#8221;center-center&#8221; row_bg_image=&#8221;&#8221; bg_repeat=&#8221;no-repeat&#8221; background_image_type__bg_color=&#8221;rgba(255, 255, 255, 1)&#8221; row_bg_parallax_images=&#8221;&#8221; row_bg_slideshow_images=&#8221;&#8221; background_video_type=&#8221;youtube&#8221; background_video__youtube__url=&#8221;&#8221; background_video__youtube__parallax=&#8221;&#8221; background_video__youtube__options=&#8221;&#8221; background_video__youtube__fallback_image=&#8221;&#8221; background_video__hosted__mp4=&#8221;&#8221; background_video__hosted__webm=&#8221;&#8221; background_video__hosted__ogv=&#8221;&#8221; background_video__hosted__parallax=&#8221;&#8221; background_video__hosted__options=&#8221;&#8221; background_video__hosted__fallback_image=&#8221;&#8221; background_color_type=&#8221;color&#8221; bg__empty_1=&#8221;&#8221; background_color_type__gradient_color1=&#8221;rgba(44, 74, 228, 1)&#8221; background_color_type__gradient_color2=&#8221;rgba(44, 74, 228, 1)&#8221; background_color_type__color_color1=&#8221;rgba(44, 74, 228, 1)&#8221; bg__empty_2=&#8221;&#8221; background_color__effect=&#8221;&#8221; background_color__direction=&#8221;left-to-right&#8221; settings__tag_1=&#8221;&#8221; viewport_lg=&#8221;&#8221; viewport_md=&#8221;&#8221; viewport_sm=&#8221;&#8221; viewport_xs=&#8221;&#8221; settings__empty_1=&#8221;&#8221; version=&#8221;1&#8243;][vc_column width=&#8221;1\/2&#8243; extend=&#8221;false&#8221;]<div class=\"ult-content-box-container \" >\t\t<div class=\"ult-content-box\" style=\"background-color:rgba(255,255,255,0.49);box-shadow: px px 8px px #f2f2f2 none;border-style:none;-webkit-transition: all 700ms ease;-moz-transition: all 700ms ease;-ms-transition: all 700ms ease;-o-transition: all 700ms ease;transition: all 700ms ease;\"  data-hover_box_shadow=\"none\"     data-bg=\"rgba(255,255,255,0.49)\"  data-border_color=\"\" >[vc_column_text css=&#8221;.vc_custom_1608418743391{padding-top: 15% !important;padding-right: 15% !important;padding-bottom: 15% !important;padding-left: 15% !important;}&#8221;]Astrid Steinhaus, de nombre Astrid Nakar\u00ed P\u00e9rez Oviedo nace en Venezuela en 1993. Con tan solo ocho a\u00f1os emigra a Espa\u00f1a donde pasa la mayor parte de su vida. Se grad\u00faa en comunicaci\u00f3n audiovisual adem\u00e1s de poseer un m\u00e1ster en estilismo de moda. En 2017 emigra por segunda vez, rumbo a Nueva York donde actualmente reside. A pesar de escribir desde peque\u00f1a no es hasta que vive en Nueva York que decide materializar ese sue\u00f1o y adentrarse en el mundo de la poes\u00eda, tratando de \u201ctranscribir sentimientos en papel\u201d.<\/p>\n<span class='bctt-click-to-tweet'><span class='bctt-ctt-text'><a href='https:\/\/x.com\/intent\/tweet?url=https%3A%2F%2Fnuestrosescritores.com%2Fastridsteinhaus%2F&#038;text=ASTRID%20STEINHAUS%20.%20Escritor%2C%20poeta.&#038;related' target='_blank'rel=\"noopener noreferrer\">ASTRID STEINHAUS . Escritor, poeta. <\/a><\/span><a href='https:\/\/x.com\/intent\/tweet?url=https%3A%2F%2Fnuestrosescritores.com%2Fastridsteinhaus%2F&#038;text=ASTRID%20STEINHAUS%20.%20Escritor%2C%20poeta.&#038;related' target='_blank' class='bctt-ctt-btn'rel=\"noopener noreferrer\">Compartir en X<\/a><\/span>[\/vc_column_text]\t\t<\/div><\/div>[\/vc_column][vc_column width=&#8221;1\/2&#8243; extend=&#8221;false&#8221;]<div class=\"gambit_fullheight_row\" data-content-location=\"center\" style=\"display: none\"><\/div><div id=\"rowvcpt-row-settings\" class=\"rowvcpt-row-set RowVcPt-row-setting69e9eebd9ee16 \" data-no=\"RowVcPt-row-setting69e9eebd9ee16\"><div  id=\"bgGallaryslide69e9eebd9ee1a\" class=\"rowvcpt-slideshow \"><\/div><script type=\"text\/javascript\">\n(function($) {\n$(\"#bgGallaryslide69e9eebd9ee1a\").vegas({\n        overlay: \"https:\/\/nuestrosescritores.com\/astridsteinhaus\/wp-content\/plugins\/ultimate-row-background\/css\/overlays\/0'.esc_attr(1.png).'\",\n        transitionDuration: 4e3,\n        delay: 7000,\n        slides: [{src: \"https:\/\/nuestrosescritores.com\/astridsteinhaus\/wp-content\/uploads\/sites\/69\/2020\/12\/1uvctvsn-2o-scaled.jpg\",transition: \"fade2\",transitionDuration: 5000},{src: \"https:\/\/nuestrosescritores.com\/astridsteinhaus\/wp-content\/uploads\/sites\/69\/2020\/12\/ubpm_npeytw-scaled.jpg\",transition: \"fade2\",transitionDuration: 5000},{src: \"https:\/\/nuestrosescritores.com\/astridsteinhaus\/wp-content\/uploads\/sites\/69\/2020\/12\/38ynjm871rg-scaled.jpg\",transition: \"fade2\",transitionDuration: 5000},{src: \"https:\/\/nuestrosescritores.com\/astridsteinhaus\/wp-content\/uploads\/sites\/69\/2020\/12\/ekxbvoixzyk-scaled.jpg\",transition: \"fade2\",transitionDuration: 5000},{src: \"https:\/\/nuestrosescritores.com\/astridsteinhaus\/wp-content\/uploads\/sites\/69\/2020\/12\/ukwdq9tcaii-scaled.jpg\",transition: \"fade2\",transitionDuration: 5000},{src: \"https:\/\/nuestrosescritores.com\/astridsteinhaus\/wp-content\/uploads\/sites\/69\/2020\/12\/m_g-uqgvr0-scaled.jpg\",transition: \"fade2\",transitionDuration: 5000},]\n    });\t\t\n})(jQuery);\n<\/script><div class=\"rowvcpt-overlay\" style=\"background:rgba(255,255,255,0.69)\"><\/div><\/div>[vc_single_image image=&#8221;46&#8243; img_size=&#8221;full&#8221; alignment=&#8221;center&#8221;][\/vc_column][\/vc_row][vc_row][vc_column extend=&#8221;false&#8221;]<div class=\"gambit_fullheight_row\" data-content-location=\"center\" style=\"display: none\"><\/div><div class='gambit_parallax_row' data-bg-align='' data-direction='fixed' data-opacity='100' data-velocity='-0.3' data-mobile-enabled='parallax-enable-mobile' data-bg-height='1707' data-bg-width='2560' data-bg-image='https:\/\/nuestrosescritores.com\/astridsteinhaus\/wp-content\/uploads\/sites\/69\/2020\/12\/jen08wjhq6y-scaled.jpg' data-bg-repeat='false' data-id='' style='display: none'><\/div>[\/vc_column][\/vc_row][vc_row][vc_column extend=&#8221;false&#8221;]<div class=\"gambit_fullheight_row\" data-content-location=\"center\" style=\"display: none\"><\/div><div id=\"rowvcpt-row-settings\" class=\"rowvcpt-row-set RowVcPt-row-setting69e9eebd9fffa \" data-no=\"RowVcPt-row-setting69e9eebd9fffa\"><div  id=\"bgGallaryslide69e9eebd9fffd\" class=\"rowvcpt-slideshow \"><\/div><script type=\"text\/javascript\">\n(function($) {\n$(\"#bgGallaryslide69e9eebd9fffd\").vegas({\n        overlay: \"https:\/\/nuestrosescritores.com\/astridsteinhaus\/wp-content\/plugins\/ultimate-row-background\/css\/overlays\/0'.esc_attr(1.png).'\",\n        transitionDuration: 4e3,\n        delay: 7000,\n        slides: [{src: \"https:\/\/nuestrosescritores.com\/astridsteinhaus\/wp-content\/uploads\/sites\/69\/2020\/12\/ktzuc1p6ulw-scaled.jpg\",transition: \"fade2\",transitionDuration: 5000},{src: \"https:\/\/nuestrosescritores.com\/astridsteinhaus\/wp-content\/uploads\/sites\/69\/2020\/12\/wjj3izal2ve-scaled.jpg\",transition: \"fade2\",transitionDuration: 5000},{src: \"https:\/\/nuestrosescritores.com\/astridsteinhaus\/wp-content\/uploads\/sites\/69\/2020\/12\/w95bkigqkqy-scaled.jpg\",transition: \"fade2\",transitionDuration: 5000},{src: \"https:\/\/nuestrosescritores.com\/astridsteinhaus\/wp-content\/uploads\/sites\/69\/2020\/12\/ubpm_npeytw-scaled.jpg\",transition: \"fade2\",transitionDuration: 5000},{src: \"https:\/\/nuestrosescritores.com\/astridsteinhaus\/wp-content\/uploads\/sites\/69\/2020\/12\/1uvctvsn-2o-scaled.jpg\",transition: \"fade2\",transitionDuration: 5000},]\n    });\t\t\n})(jQuery);\n<\/script><div class=\"rowvcpt-overlay\" style=\"background:rgba(255,255,255,0.69)\"><\/div><\/div><div id=\"uvc-type-wrap-2827\"  data-ultimate-target='#uvc-type-wrap-2827'  data-responsive-json-new='{\"font-size\":\"\",\"line-height\":\"\"}'  class=\"uvc-type-wrap vc_custom_1608723288242 ult-adjust-bottom-margin ult-responsive  uvc-type-align-center uvc-type-no-prefix uvc-wrap-321382952969e9eebda07a6\" style=\"text-align:center;\"><span id=\"typed-321382952969e9eebda07a6\" class=\"ultimate-typed-main \" style=\" font-weight:bold; text-transform: unset;\"><\/span><script type=\"text\/javascript\">\n\t\t\t\t\t\tjQuery(function($){ \n\t\t\t\t\t\t\t$(document).ready(function(){\n\t\t\t\t\t\t\t\tif( typeof jQuery(\"#typed-321382952969e9eebda07a6\").typed == \"function\"){\n\t\t\t\t\t\t\t\t\t$(\"#typed-321382952969e9eebda07a6\").typed({\n\t\t\t\t\t\t\t\t\t\tstrings: [\"``Ma\u00f1ana dejo de fumar``, probablemente lo habremos escuchado muchas veces, de nosotros mismos o de gente que nos rodea. Este poemario va dedicado a todas las promesas que nos hacemos que despu\u00e9s no podemos cumplir, a las personas que amamos que despu\u00e9s dejamos de amar, a las que queremos que nos quieran, pero ellos no sienten lo mismo y a las fases que pasamos para llegar a tener una paz espiritual y una salud mental con nosotros mismos, al igual que los periodos que sufrimos cuando intentamos dejar de fumar o queremos liberarnos de una adicci\u00f3n del tipo que sea.\",\"\u201cNo quiero que cuentes todos los lunares de mi cuerpo\",\"intentando conectar una constelaci\u00f3n.\",\"No quiero leerte entre l\u00edneas\",\"a doble espacio\",\"ni en may\u00fasculas.\",\"No quiero ponerle subt\u00edtulos a tu silencio,\",\"nuestro silencio.\",\"Quiero que sea como es,\",\"sin palabras,\",\"sin pretextos,\",\"sin t\u00edtulos ni enunciados,\",\"con punto y final\u2026\u201d\",\"\"],\n\t\t\t\t\t\t\t\t\t\ttypeSpeed: 35,\n\t\t\t\t\t\t\t\t\t\tbackSpeed: 0,\n\t\t\t\t\t\t\t\t\t\tstartDelay: \"200\",\n\t\t\t\t\t\t\t\t\t\tbackDelay: \"1500\",\n\t\t\t\t\t\t\t\t\t\tloop: true,\n\t\t\t\t\t\t\t\t\t\tloopCount: false,\n\t\t\t\t\t\t\t\t\t\tshowCursor: true,\n\t\t\t\t\t\t\t\t\t\tcursorChar: \"|\",\n\t\t\t\t\t\t\t\t\t\tattr: null\n\t\t\t\t\t\t\t\t\t});\n\t\t\t\t\t\t\t\t}\n\t\t\t\t\t\t\t});\n\t\t\t\t\t\t});\n\t\t\t\t\t<\/script><\/div>[\/vc_column][\/vc_row][vc_row][vc_column extend=&#8221;false&#8221;]<div class=\"gambit_fullheight_row\" data-content-location=\"center\" style=\"display: none\"><\/div><div class='gambit_parallax_row' data-bg-align='' data-direction='fixed' data-opacity='50' data-velocity='-0.3' data-mobile-enabled='parallax-enable-mobile' data-bg-height='541' data-bg-width='1366' data-bg-image='https:\/\/nuestrosescritores.com\/astridsteinhaus\/wp-content\/uploads\/sites\/69\/2020\/12\/IMG_8152-SSquare_Alargado-Medium.jpg' data-bg-repeat='false' data-id='' style='display: none'><\/div>[vc_column_text]\n<p style=\"text-align: center;\"><a class=\"fasc-button fasc-size-xlarge fasc-type-glossy fasc-rounded-medium\" style=\"background-color: #313536; color: #ffffff;\" href=\"https:\/\/librodepoesia.com\/producto\/manana-dejo-de-fumar-astrid-steinhaus\/\">COMPRA SUS LIBROS<\/a><\/p>\n[\/vc_column_text][\/vc_column][\/vc_row][vc_row][vc_column extend=&#8221;false&#8221;][vc_column_text css=&#8221;.vc_custom_1541094574844{margin-top: -30000px !important;}&#8221;]\n<p>ASTRID STEINHAUS es el escritor de MA\u00d1ANA DEJO DE FUMAR. el escritor y poeta acaba de publicar un libro de poes\u00eda con la Editorial Poes\u00eda eres t\u00fa. Considerado como uno de los mejores poetas espa\u00f1oles.<br \/>\nMA\u00d1ANA DEJO DE FUMAR ha sido escrito por ASTRID STEINHAUS Considerado como uno de los mejores poetas espa\u00f1oles, algunos afirman que es el mejor poeta espa\u00f1ol. el escritor sabe como publicar un libro de poes\u00eda con la Editorial Poes\u00eda eres t\u00fa<br \/>\nTrabajamos con distribuidoras de libros que acercan los libros a las librer\u00edas, pero contamos tambi\u00e9n con las siguientes librerias de apoyo en internet para que ning\u00fan lector se quede sin su libro de poes\u00eda: Libreria GEPA, Libreria Website, La librer\u00eda del escritor, El rinc\u00f3n de los libros.<\/p>\n<p>Informamos de como publicar un libro y el precio de publicar un libro<\/p>\n<p>As\u00ed mismo colaboramos con la Asociaci\u00f3n de editores de poes\u00eda y la Asociaci\u00f3n Madrile\u00f1a de escritores y cr\u00edticos literarios (Cr\u00edtica de Vigo).<\/p>\n<p>Trabajamos con varias imprentas y contamos con nuestra propia imprenta Herederos de Izquierdo y Vigo impresores.<\/p>\n<p>Puedes conocernos en nuestra p\u00e1gina del Grupo Editorial. Contamos con una sede en Vigo y otra en Jumilla (Murcia)<\/p>\n<p>Somos especialitas en la edici\u00f3n del libro de poes\u00eda<\/p>\n<p>ASTRID STEINHAUS Considerado como uno de los mejores poetas espa\u00f1oles, algunos afirman que es el mejor poeta espa\u00f1oles es el escritor de MA\u00d1ANA DEJO DE FUMAR. El poeta conoce el precio de publicar un libro de poes\u00eda con la Editorial Poes\u00eda eres t\u00fa<\/p>\n<p>ASTRID STEINHAUS Considerado como uno de los mejores poetas espa\u00f1oles, algunos afirman que es el mejor poeta espa\u00f1oles es el escritor de MA\u00d1ANA DEJO DE FUMAR. La poeta sabe como publicar un libro de poes\u00eda con la Editorial Poes\u00eda eres t\u00fa<br \/>\nASTRID STEINHAUS considerado como uno de los mejores poetas espa\u00f1oles, algunos afirman que es el mejor poeta espa\u00f1ol es el escritor de MA\u00d1ANA DEJO DE FUMAR. La poeta sabe el precio de publicar un libro de poes\u00eda con la Editorial Poes\u00eda eres t\u00fa<\/p>\n<p>El Grupo Editorial P\u00e9rez-Ayala, est\u00e1 formado por los siguientes sellos editoriales: Editorial Poes\u00eda eres t\u00fa, Ediciones Rilke Editorial poes\u00eda, Editorial Ediciones Amaniel, Editorial Ediciones Azor\u00edn un sello regional para Alicante y Murcia.<\/p>\n<p>Para ayudar a la promoci\u00f3n de los libros contamos con diferentes plataformas en internet como Poes\u00eda Televisi\u00f3n, libro de poes\u00eda, Club de poes\u00eda, Blog de escritor, Blog de poes\u00eda, Agencia del libro, Nuestras librerias, Publicar libro &#8211; Publicar un libro, Revista Poes\u00eda eres t\u00fa, Antolog\u00edas po\u00e9ticas, Poes\u00eda y poetas.[\/vc_column_text][\/vc_column][\/vc_row]\n<\/div>","protected":false},"excerpt":{"rendered":"<p>[vc_row][vc_column extend=&#8221;false&#8221;][vc_column_text css=&#8221;.vc_custom_1577876218477{margin-top: -30000px !important;}&#8221;] ASTRID STEINHAUS es el escritor de MA\u00d1ANA DEJO DE FUMAR&nbsp;el escritor y poeta acaba de publicar un libro de poes\u00eda con la Editorial Poes\u00eda eres t\u00fa. Considerado como una de las mejores poetas espa\u00f1olas. MA\u00d1ANA DEJO DE FUMAR ha sido escrito por ASTRID STEINHAUS Considerado como uno de los mejores [&hellip;]<\/p>\n","protected":false},"author":1,"featured_media":0,"parent":0,"menu_order":0,"comment_status":"closed","ping_status":"closed","template":"","meta":{"_acf_changed":false,"footnotes":""},"class_list":["post-11","page","type-page","status-publish","hentry"],"acf":[],"yoast_head":"<!-- This site is optimized with the Yoast SEO Premium plugin v24.7 (Yoast SEO v27.4) - https:\/\/yoast.com\/product\/yoast-seo-premium-wordpress\/ -->\n<title>ASTRID STEINHAUS - Astrid Steinhaus<\/title>\n<meta name=\"description\" content=\"ASTRID STEINHAUS es la escritora del libro de poes\u00eda MA\u00d1ANA DEJO DE FUMAR con la Editorial Poes\u00eda eres t\u00fa en el a\u00f1o 2020.\" \/>\n<meta name=\"robots\" content=\"index, follow, max-snippet:-1, max-image-preview:large, max-video-preview:-1\" \/>\n<link rel=\"canonical\" href=\"https:\/\/nuestrosescritores.com\/astridsteinhaus\/\" \/>\n<meta property=\"og:locale\" content=\"es_ES\" \/>\n<meta property=\"og:type\" content=\"article\" \/>\n<meta property=\"og:title\" content=\"ASTRID STEINHAUS\" \/>\n<meta property=\"og:description\" content=\"ASTRID STEINHAUS es la escritora del libro de poes\u00eda MA\u00d1ANA DEJO DE FUMAR con la Editorial Poes\u00eda eres t\u00fa en el a\u00f1o 2020.\" \/>\n<meta property=\"og:url\" content=\"https:\/\/nuestrosescritores.com\/astridsteinhaus\/\" \/>\n<meta property=\"og:site_name\" content=\"Astrid Steinhaus\" \/>\n<meta property=\"article:modified_time\" content=\"2020-12-23T11:34:50+00:00\" \/>\n<meta name=\"twitter:card\" content=\"summary_large_image\" \/>\n<meta name=\"twitter:label1\" content=\"Tiempo de lectura\" \/>\n\t<meta name=\"twitter:data1\" content=\"8 minutos\" \/>\n<script type=\"application\/ld+json\" class=\"yoast-schema-graph\">{\"@context\":\"https:\\\/\\\/schema.org\",\"@graph\":[{\"@type\":\"WebPage\",\"@id\":\"https:\\\/\\\/nuestrosescritores.com\\\/astridsteinhaus\\\/\",\"url\":\"https:\\\/\\\/nuestrosescritores.com\\\/astridsteinhaus\\\/\",\"name\":\"ASTRID STEINHAUS - Astrid Steinhaus\",\"isPartOf\":{\"@id\":\"https:\\\/\\\/nuestrosescritores.com\\\/astridsteinhaus\\\/#website\"},\"datePublished\":\"2020-12-19T23:05:41+00:00\",\"dateModified\":\"2020-12-23T11:34:50+00:00\",\"description\":\"ASTRID STEINHAUS es la escritora del libro de poes\u00eda MA\u00d1ANA DEJO DE FUMAR con la Editorial Poes\u00eda eres t\u00fa en el a\u00f1o 2020.\",\"breadcrumb\":{\"@id\":\"https:\\\/\\\/nuestrosescritores.com\\\/astridsteinhaus\\\/#breadcrumb\"},\"inLanguage\":\"es\",\"potentialAction\":[{\"@type\":\"ReadAction\",\"target\":[\"https:\\\/\\\/nuestrosescritores.com\\\/astridsteinhaus\\\/\"]}]},{\"@type\":\"BreadcrumbList\",\"@id\":\"https:\\\/\\\/nuestrosescritores.com\\\/astridsteinhaus\\\/#breadcrumb\",\"itemListElement\":[{\"@type\":\"ListItem\",\"position\":1,\"name\":\"Portada\",\"item\":\"https:\\\/\\\/nuestrosescritores.com\\\/astridsteinhaus\\\/\"},{\"@type\":\"ListItem\",\"position\":2,\"name\":\"ASTRID STEINHAUS\"}]},{\"@type\":\"WebSite\",\"@id\":\"https:\\\/\\\/nuestrosescritores.com\\\/astridsteinhaus\\\/#website\",\"url\":\"https:\\\/\\\/nuestrosescritores.com\\\/astridsteinhaus\\\/\",\"name\":\"Nuestros escritores\",\"description\":\"Escritora\",\"potentialAction\":[{\"@type\":\"SearchAction\",\"target\":{\"@type\":\"EntryPoint\",\"urlTemplate\":\"https:\\\/\\\/nuestrosescritores.com\\\/astridsteinhaus\\\/?s={search_term_string}\"},\"query-input\":{\"@type\":\"PropertyValueSpecification\",\"valueRequired\":true,\"valueName\":\"search_term_string\"}}],\"inLanguage\":\"es\"}]}<\/script>\n<!-- \/ Yoast SEO Premium plugin. -->","yoast_head_json":{"title":"ASTRID STEINHAUS - Astrid Steinhaus","description":"ASTRID STEINHAUS es la escritora del libro de poes\u00eda MA\u00d1ANA DEJO DE FUMAR con la Editorial Poes\u00eda eres t\u00fa en el a\u00f1o 2020.","robots":{"index":"index","follow":"follow","max-snippet":"max-snippet:-1","max-image-preview":"max-image-preview:large","max-video-preview":"max-video-preview:-1"},"canonical":"https:\/\/nuestrosescritores.com\/astridsteinhaus\/","og_locale":"es_ES","og_type":"article","og_title":"ASTRID STEINHAUS","og_description":"ASTRID STEINHAUS es la escritora del libro de poes\u00eda MA\u00d1ANA DEJO DE FUMAR con la Editorial Poes\u00eda eres t\u00fa en el a\u00f1o 2020.","og_url":"https:\/\/nuestrosescritores.com\/astridsteinhaus\/","og_site_name":"Astrid Steinhaus","article_modified_time":"2020-12-23T11:34:50+00:00","twitter_card":"summary_large_image","twitter_misc":{"Tiempo de lectura":"8 minutos"},"schema":{"@context":"https:\/\/schema.org","@graph":[{"@type":"WebPage","@id":"https:\/\/nuestrosescritores.com\/astridsteinhaus\/","url":"https:\/\/nuestrosescritores.com\/astridsteinhaus\/","name":"ASTRID STEINHAUS - Astrid Steinhaus","isPartOf":{"@id":"https:\/\/nuestrosescritores.com\/astridsteinhaus\/#website"},"datePublished":"2020-12-19T23:05:41+00:00","dateModified":"2020-12-23T11:34:50+00:00","description":"ASTRID STEINHAUS es la escritora del libro de poes\u00eda MA\u00d1ANA DEJO DE FUMAR con la Editorial Poes\u00eda eres t\u00fa en el a\u00f1o 2020.","breadcrumb":{"@id":"https:\/\/nuestrosescritores.com\/astridsteinhaus\/#breadcrumb"},"inLanguage":"es","potentialAction":[{"@type":"ReadAction","target":["https:\/\/nuestrosescritores.com\/astridsteinhaus\/"]}]},{"@type":"BreadcrumbList","@id":"https:\/\/nuestrosescritores.com\/astridsteinhaus\/#breadcrumb","itemListElement":[{"@type":"ListItem","position":1,"name":"Portada","item":"https:\/\/nuestrosescritores.com\/astridsteinhaus\/"},{"@type":"ListItem","position":2,"name":"ASTRID STEINHAUS"}]},{"@type":"WebSite","@id":"https:\/\/nuestrosescritores.com\/astridsteinhaus\/#website","url":"https:\/\/nuestrosescritores.com\/astridsteinhaus\/","name":"Nuestros escritores","description":"Escritora","potentialAction":[{"@type":"SearchAction","target":{"@type":"EntryPoint","urlTemplate":"https:\/\/nuestrosescritores.com\/astridsteinhaus\/?s={search_term_string}"},"query-input":{"@type":"PropertyValueSpecification","valueRequired":true,"valueName":"search_term_string"}}],"inLanguage":"es"}]}},"_links":{"self":[{"href":"https:\/\/nuestrosescritores.com\/astridsteinhaus\/wp-json\/wp\/v2\/pages\/11","targetHints":{"allow":["GET"]}}],"collection":[{"href":"https:\/\/nuestrosescritores.com\/astridsteinhaus\/wp-json\/wp\/v2\/pages"}],"about":[{"href":"https:\/\/nuestrosescritores.com\/astridsteinhaus\/wp-json\/wp\/v2\/types\/page"}],"author":[{"embeddable":true,"href":"https:\/\/nuestrosescritores.com\/astridsteinhaus\/wp-json\/wp\/v2\/users\/1"}],"replies":[{"embeddable":true,"href":"https:\/\/nuestrosescritores.com\/astridsteinhaus\/wp-json\/wp\/v2\/comments?post=11"}],"version-history":[{"count":0,"href":"https:\/\/nuestrosescritores.com\/astridsteinhaus\/wp-json\/wp\/v2\/pages\/11\/revisions"}],"wp:attachment":[{"href":"https:\/\/nuestrosescritores.com\/astridsteinhaus\/wp-json\/wp\/v2\/media?parent=11"}],"curies":[{"name":"wp","href":"https:\/\/api.w.org\/{rel}","templated":true}]}}