{"id":69,"date":"2020-03-07T16:30:17","date_gmt":"2020-03-07T16:30:17","guid":{"rendered":"https:\/\/nuestrosescritores.com\/antoniopuromorales\/?page_id=69"},"modified":"2020-03-07T16:58:48","modified_gmt":"2020-03-07T16:58:48","slug":"poesia","status":"publish","type":"page","link":"https:\/\/nuestrosescritores.com\/antoniopuromorales\/poesia\/","title":{"rendered":"Poes\u00eda"},"content":{"rendered":"<div class=\"wpb-content-wrapper\">[vc_row][vc_column extend=&#8221;false&#8221;][vc_column_text css=&#8221;.vc_custom_1582373099134{margin-top: -30000px !important;}&#8221;]\n<h1><strong><em><u>Poes\u00eda del libro PROSOEMAS de ANTONIO PURO MORALES. El escritor nos da una muestra tras publicar un libro.<\/u><\/em><\/strong><\/h1>\n<h2><strong><em><u><img fetchpriority=\"high\" decoding=\"async\" class=\"alignnone size-full wp-image-33\" src=\"https:\/\/nuestrosescritores.com\/antoniopuromorales\/wp-content\/uploads\/sites\/31\/2020\/03\/0_Portada_Prosoemas.jpg\" alt=\"\" width=\"559\" height=\"794\">Poes\u00eda del libro PROSOEMAS de ANTONIO PURO MORALES El poeta nos da una muestra tras publicar un libro.<\/u><\/em><\/strong><\/h2>\n<h3><strong><em><u>Poes\u00eda del libro PROSOEMAS de ANTONIO PURO MORALES El autor nos da una muestra tras publicar un libro.<\/u><\/em><\/strong><\/h3>\n<h4><strong><em><u>Poes\u00eda del libro PROSOEMAS de ANTONIO PURO MORALES El autor nos da una muestra tras publicar un libro.<\/u><\/em><\/strong><\/h4>\n<h5><strong><em><u>Poes\u00eda del libro PROSOEMAS de ANTONIO PURO MORALES El autor nos da una muestra tras publicar un libro.<\/u><\/em><\/strong><\/h5>\n[\/vc_column_text][\/vc_column][\/vc_row][vc_row full_width=&#8221;stretch_row_content_no_spaces&#8221;][vc_column extend=&#8221;false&#8221;]<div class='gambit_parallax_row' data-bg-align='' data-direction='fixed' data-opacity='100' data-velocity='-0.3' data-mobile-enabled='' data-bg-height='1067' data-bg-width='1600' data-bg-image='https:\/\/nuestrosescritores.com\/antoniopuromorales\/wp-content\/uploads\/sites\/31\/2020\/03\/czx0ejkhzcg.jpg' data-bg-repeat='false' data-id='' style='display: none'><\/div><div class=\"gambit_fullheight_row\" data-content-location=\"center\" style=\"display: none\"><\/div>[\/vc_column][\/vc_row][vc_row][vc_column extend=&#8221;false&#8221;][vc_column_text]\n<h1>&nbsp;<\/h1>\n<h1><a name=\"_Toc31999305\"><\/a><strong>HOY<\/strong><\/h1>\n<p>&nbsp;<\/p>\n<p>Hoy siento el dolor de la impotencia,<\/p>\n<p>la rabia desmedida por la realidad implacable<\/p>\n<p>que me niega tu imagen, tu presencia.<\/p>\n<p>Hoy despert\u00e9 con la ilusi\u00f3n de mil ni\u00f1os<\/p>\n<p>con juguete nuevo y se volvi\u00f3 de repente<\/p>\n<p>tristeza desmedida antes de salir el sol.<\/p>\n<p>Hoy maldigo el tel\u00e9fono y sus mensajes,<\/p>\n<p>esas palabras alfileres que se clavan<\/p>\n<p>en las costuras de la esperanza agujereada<\/p>\n<p>por la innegable verdad de un nuevo abandono.<\/p>\n<p>Hoy vuelvo a ser un juguete en manos del destino.<\/p>\n<p>Hoy vuelvo a sufrir el duro dolor de no verte,<\/p>\n<p>de no poder hablar a esos ojos que comprenden,<\/p>\n<p>de no poder tocar ese cuerpo que vibra y se estremece<\/p>\n<p>ante la caricia c\u00e1lida de mis manos,<\/p>\n<p>de no poder recibir tus besos, b\u00e1lsamo de mis heridas.<\/p>\n<p>Hoy vuelvo a tener el cruel destino<\/p>\n<p>de tu <em>AUSENCIA<\/em>.<\/p>\n<p>&nbsp;<\/p>\n<p>&nbsp;<\/p>\n<span class='bctt-click-to-tweet'><span class='bctt-ctt-text'><a href='https:\/\/x.com\/intent\/tweet?url=https%3A%2F%2Fnuestrosescritores.com%2Fantoniopuromorales%2Fpoesia%2F&#038;text=HOY%C2%A0del%20libro%20PROSOEMAS%20de%20ANTONIO%20PURO%20MORALES&#038;via=poesiaerestu&#038;related=poesiaerestu' target='_blank'rel=\"noopener noreferrer\">HOY&nbsp;del libro PROSOEMAS de ANTONIO PURO MORALES <\/a><\/span><a href='https:\/\/x.com\/intent\/tweet?url=https%3A%2F%2Fnuestrosescritores.com%2Fantoniopuromorales%2Fpoesia%2F&#038;text=HOY%C2%A0del%20libro%20PROSOEMAS%20de%20ANTONIO%20PURO%20MORALES&#038;via=poesiaerestu&#038;related=poesiaerestu' target='_blank' class='bctt-ctt-btn'rel=\"noopener noreferrer\">Compartir en X<\/a><\/span>\n<p>&nbsp;[\/vc_column_text][\/vc_column][\/vc_row][vc_row full_width=&#8221;stretch_row_content_no_spaces&#8221;][vc_column extend=&#8221;false&#8221;]<div class='gambit_parallax_row' data-bg-align='' data-direction='fixed' data-opacity='100' data-velocity='-0.3' data-mobile-enabled='' data-bg-height='1200' data-bg-width='798' data-bg-image='https:\/\/nuestrosescritores.com\/antoniopuromorales\/wp-content\/uploads\/sites\/31\/2020\/03\/n2gm9dptbpe.jpg' data-bg-repeat='false' data-id='' style='display: none'><\/div><div class=\"gambit_fullheight_row\" data-content-location=\"center\" style=\"display: none\"><\/div>[\/vc_column][\/vc_row][vc_row][vc_column extend=&#8221;false&#8221;][vc_column_text]\n<h1><a name=\"_Toc31999309\"><\/a><strong>NO S\u00c9\u2026<\/strong><\/h1>\n<p>&nbsp;<\/p>\n<p>No s\u00e9 por qu\u00e9, llamada tras llamada,<\/p>\n<p>s\u00f3lo recibo el eco del timbre de la soledad dormida.<\/p>\n<p>No s\u00e9 por qu\u00e9, mensaje tras mensaje,<\/p>\n<p>tan s\u00f3lo encuentro el vac\u00edo extremo que me asfixia.<\/p>\n<p>No s\u00e9 por qu\u00e9 la ola, una y otra vez,<\/p>\n<p>en persistencia cruel, viene a morir en la arena.<\/p>\n<p>No s\u00e9 por qu\u00e9 el viento dobla mil veces<\/p>\n<p>la rama que a su paso cede sin da\u00f1arse.<\/p>\n<p>No s\u00e9 por qu\u00e9, viento y ola, mi coraz\u00f3n<\/p>\n<p>no renuncia a un imposible pregonado<\/p>\n<p>de continuo por mi raz\u00f3n.<\/p>\n<p>No s\u00e9 por qu\u00e9\u2026 pero insisto una y otra vez<\/p>\n<p>en TI.<\/p>\n<p>No s\u00e9\u2026<\/p>\n<p>&nbsp;<\/p>\n<span class='bctt-click-to-tweet'><span class='bctt-ctt-text'><a href='https:\/\/x.com\/intent\/tweet?url=https%3A%2F%2Fnuestrosescritores.com%2Fantoniopuromorales%2Fpoesia%2F&#038;text=NO%20S%C3%89%E2%80%A6%20del%20libro%20PROSOEMAS%20de%20ANTONIO%20PURO%20MORALES&#038;via=poesiaerestu&#038;related=poesiaerestu' target='_blank'rel=\"noopener noreferrer\">NO S\u00c9\u2026 del libro PROSOEMAS de ANTONIO PURO MORALES <\/a><\/span><a href='https:\/\/x.com\/intent\/tweet?url=https%3A%2F%2Fnuestrosescritores.com%2Fantoniopuromorales%2Fpoesia%2F&#038;text=NO%20S%C3%89%E2%80%A6%20del%20libro%20PROSOEMAS%20de%20ANTONIO%20PURO%20MORALES&#038;via=poesiaerestu&#038;related=poesiaerestu' target='_blank' class='bctt-ctt-btn'rel=\"noopener noreferrer\">Compartir en X<\/a><\/span>\n<p>&nbsp;<\/p>\n<p>&nbsp;[\/vc_column_text][\/vc_column][\/vc_row][vc_row][vc_column extend=&#8221;false&#8221;]<div class='gambit_parallax_row' data-bg-align='' data-direction='fixed' data-opacity='100' data-velocity='-0.3' data-mobile-enabled='' data-bg-height='1200' data-bg-width='800' data-bg-image='https:\/\/nuestrosescritores.com\/antoniopuromorales\/wp-content\/uploads\/sites\/31\/2020\/03\/da6mip9rhkc.jpg' data-bg-repeat='false' data-id='' style='display: none'><\/div><div class=\"gambit_fullheight_row\" data-content-location=\"center\" style=\"display: none\"><\/div>[\/vc_column][\/vc_row][vc_row][vc_column extend=&#8221;false&#8221;][vc_column_text]\n<h1><a name=\"_Toc31999315\"><\/a><strong>A VECES<\/strong><\/h1>\n<p>&nbsp;<\/p>\n<p>A veces dos gotas de agua bastan<\/p>\n<p>para saciar un \u00e1rido desierto.<\/p>\n<p>Dos gotas de roc\u00edo despiertan<\/p>\n<p>la belleza dormida de la flor.<\/p>\n<p>A veces dos calles se cruzan<\/p>\n<p>en la otra esquina de la vida,<\/p>\n<p>abriendo caminos impensados.<\/p>\n<p>Dos estrellas fugaces iluminan<\/p>\n<p>todo un universo presentido.<\/p>\n<p>A veces, dos palabras, <em>cari\u00f1o m\u00edo<\/em>,<\/p>\n<p>dos palabras, a veces\u2026<\/p>\n<p>&nbsp;<\/p>\n<p>&nbsp;<\/p>\n<p>&nbsp;<\/p>\n<p>&nbsp;<\/p>\n<p>&nbsp;<\/p>\n<span class='bctt-click-to-tweet'><span class='bctt-ctt-text'><a href='https:\/\/x.com\/intent\/tweet?url=https%3A%2F%2Fnuestrosescritores.com%2Fantoniopuromorales%2Fpoesia%2F&#038;text=A%20VECES%20del%20libro%20PROSOEMAS%20de%20ANTONIO%20PURO%20MORALES&#038;via=poesiaerestu&#038;related=poesiaerestu' target='_blank'rel=\"noopener noreferrer\">A VECES del libro PROSOEMAS de ANTONIO PURO MORALES <\/a><\/span><a href='https:\/\/x.com\/intent\/tweet?url=https%3A%2F%2Fnuestrosescritores.com%2Fantoniopuromorales%2Fpoesia%2F&#038;text=A%20VECES%20del%20libro%20PROSOEMAS%20de%20ANTONIO%20PURO%20MORALES&#038;via=poesiaerestu&#038;related=poesiaerestu' target='_blank' class='bctt-ctt-btn'rel=\"noopener noreferrer\">Compartir en X<\/a><\/span>[\/vc_column_text][\/vc_column][\/vc_row][vc_row][vc_column extend=&#8221;false&#8221;]<div class='gambit_parallax_row' data-bg-align='' data-direction='fixed' data-opacity='100' data-velocity='-0.3' data-mobile-enabled='' data-bg-height='1067' data-bg-width='1600' data-bg-image='https:\/\/nuestrosescritores.com\/antoniopuromorales\/wp-content\/uploads\/sites\/31\/2020\/03\/hldhbwlledk.jpg' data-bg-repeat='false' data-id='' style='display: none'><\/div><div class=\"gambit_fullheight_row\" data-content-location=\"center\" style=\"display: none\"><\/div>[\/vc_column][\/vc_row][vc_row][vc_column extend=&#8221;false&#8221;][vc_column_text]\n<h1><a name=\"_Toc31999321\"><\/a><strong>DESPERTAR<\/strong><\/h1>\n<p>&nbsp;<\/p>\n<p>Cada ma\u00f1ana te asomas al espejo<\/p>\n<p>y ves la sombra de ese rostro,<\/p>\n<p>sombra de un yo desconocido,<\/p>\n<p>surcado de arrugas, signos<\/p>\n<p>de mil batallas contra el tiempo.<\/p>\n<p>Y ese rostro te mira y te pregunta<\/p>\n<p>c\u00f3mo pueden dos vidas paralelas<\/p>\n<p>discurrir al infinito sin encuentro;<\/p>\n<p>cargar con la maleta de recuerdos,<\/p>\n<p>andrajos sobre la piel del alma.<\/p>\n<p>Otra sombra, de otro rostro intuido,<\/p>\n<p>aparece en la superficie cristalina.<\/p>\n<p>No hacen falta palabras para entender<\/p>\n<p>lo que la mirada de sus ojos te dicen:<\/p>\n<p>\u201cQuedan d\u00edas\u2026, tenemos tiempo\u2026\u201d.<\/p>\n<p>Pero t\u00fa sabes que la cascada<\/p>\n<p>del reloj de arena no se detiene.<\/p>\n<p>Y desde la otra puerta de la vida<\/p>\n<p>un surco profundo se marca<\/p>\n<p>en las entra\u00f1as de tu piel,<\/p>\n<p>arruga dolorida de ausencia.<\/p>\n<p>&nbsp;<\/p>\n<span class='bctt-click-to-tweet'><span class='bctt-ctt-text'><a href='https:\/\/x.com\/intent\/tweet?url=https%3A%2F%2Fnuestrosescritores.com%2Fantoniopuromorales%2Fpoesia%2F&#038;text=DESPERTAR%20del%20libro%20PROSOEMAS%20de%20ANTONIO%20PURO%20MORALES&#038;via=poesiaerestu&#038;related=poesiaerestu' target='_blank'rel=\"noopener noreferrer\">DESPERTAR del libro PROSOEMAS de ANTONIO PURO MORALES <\/a><\/span><a href='https:\/\/x.com\/intent\/tweet?url=https%3A%2F%2Fnuestrosescritores.com%2Fantoniopuromorales%2Fpoesia%2F&#038;text=DESPERTAR%20del%20libro%20PROSOEMAS%20de%20ANTONIO%20PURO%20MORALES&#038;via=poesiaerestu&#038;related=poesiaerestu' target='_blank' class='bctt-ctt-btn'rel=\"noopener noreferrer\">Compartir en X<\/a><\/span>[\/vc_column_text][\/vc_column][\/vc_row][vc_row][vc_column extend=&#8221;false&#8221;]<div class='gambit_parallax_row' data-bg-align='' data-direction='fixed' data-opacity='100' data-velocity='-0.3' data-mobile-enabled='' data-bg-height='1052' data-bg-width='1600' data-bg-image='https:\/\/nuestrosescritores.com\/antoniopuromorales\/wp-content\/uploads\/sites\/31\/2020\/03\/mpvwsyfgdho.jpg' data-bg-repeat='false' data-id='' style='display: none'><\/div><div class=\"gambit_fullheight_row\" data-content-location=\"center\" style=\"display: none\"><\/div>[\/vc_column][\/vc_row][vc_row][vc_column extend=&#8221;false&#8221;][vc_column_text]\n<h1><a name=\"_Toc31999327\"><\/a><strong>ESPERANZA<\/strong><\/h1>\n<p>&nbsp;<\/p>\n<p>Vuelta tras vuelta en el g\u00e9lido lecho,<\/p>\n<p>s\u00f3lo encuentro el vac\u00edo profundo<\/p>\n<p>de tu ausencia desmedida.<\/p>\n<p>Siento el lento, hiriente desgranar<\/p>\n<p>de los minutos-agujas que se clavan<\/p>\n<p>en mi esperanza agujereada<\/p>\n<p>por tu no realidad.<\/p>\n<p>Llega la ma\u00f1ana intensa<\/p>\n<p>y en el t\u00e1lamo las arrugas<\/p>\n<p>delatan tu no presencia.<\/p>\n<p>&nbsp;<\/p>\n<p>\u00bfCu\u00e1ndo, por fin, el \u201cNo\u201d ser\u00e1 \u201cS\u00ed\u201d?<\/p>\n<p>&nbsp;<\/p>\n<p>&nbsp;<\/p>\n<p>&nbsp;<\/p>\n<p>&nbsp;<\/p>\n<span class='bctt-click-to-tweet'><span class='bctt-ctt-text'><a href='https:\/\/x.com\/intent\/tweet?url=https%3A%2F%2Fnuestrosescritores.com%2Fantoniopuromorales%2Fpoesia%2F&#038;text=ESPERANZA%20del%20libro%20PROSOEMAS%20de%20ANTONIO%20PURO%20MORALES&#038;via=poesiaerestu&#038;related=poesiaerestu' target='_blank'rel=\"noopener noreferrer\">ESPERANZA del libro PROSOEMAS de ANTONIO PURO MORALES <\/a><\/span><a href='https:\/\/x.com\/intent\/tweet?url=https%3A%2F%2Fnuestrosescritores.com%2Fantoniopuromorales%2Fpoesia%2F&#038;text=ESPERANZA%20del%20libro%20PROSOEMAS%20de%20ANTONIO%20PURO%20MORALES&#038;via=poesiaerestu&#038;related=poesiaerestu' target='_blank' class='bctt-ctt-btn'rel=\"noopener noreferrer\">Compartir en X<\/a><\/span>[\/vc_column_text][\/vc_column][\/vc_row][vc_row][vc_column extend=&#8221;false&#8221;]<div class='gambit_parallax_row' data-bg-align='' data-direction='fixed' data-opacity='100' data-velocity='-0.3' data-mobile-enabled='' data-bg-height='427' data-bg-width='1366' data-bg-image='https:\/\/nuestrosescritores.com\/antoniopuromorales\/wp-content\/uploads\/sites\/31\/2020\/03\/ANTONIO-PURO-MORALES_enhance_SSquare_Alargado-Mediano.jpg' data-bg-repeat='false' data-id='' style='display: none'><\/div><div class=\"gambit_fullheight_row\" data-content-location=\"center\" style=\"display: none\"><\/div>[vc_column_text]\n<p style=\"text-align: center;\"><a class=\"fasc-button fasc-size-xlarge fasc-type-glossy fasc-rounded-medium\" style=\"background-color: #33809e; color: #ffffff;\" href=\"https:\/\/librodepoesia.com\/producto\/prosoemas-antonio-puro-morales\/\">Comprar el libro<\/a><\/p>\n[\/vc_column_text][\/vc_column][\/vc_row][vc_row][vc_column extend=&#8221;false&#8221;][vc_column_text css=&#8221;.vc_custom_1549215104378{margin-top: -30000px !important;}&#8221;]\n<h1><strong><em><u>Poes\u00eda del libro PROSOEMAS de ANTONIO PURO MORALES. El escritor nos da una muestra tras publicar un libro.<\/u><\/em><\/strong><\/h1>\n<h2><strong><em><u>Poes\u00eda del libro PROSOEMAS de ANTONIO PURO MORALES El poeta nos da una muestra tras publicar un libro.<\/u><\/em><\/strong><\/h2>\n<h3><strong><em><u>Poes\u00eda del libro PROSOEMAS de ANTONIO PURO MORALES El autor nos da una muestra tras publicar un libro.<\/u><\/em><\/strong><\/h3>\n<h4><strong><em><u>Poes\u00eda del libro PROSOEMAS de ANTONIO PURO MORALES El autor nos da una muestra tras publicar un libro.<\/u><\/em><\/strong><\/h4>\n<h5><strong><em><u>Poes\u00eda del libro PROSOEMAS de ANTONIO PURO MORALES El autor nos da una muestra tras publicar un libro.<\/u><\/em><\/strong><\/h5>\n[\/vc_column_text][\/vc_column][\/vc_row]\n<\/div>","protected":false},"excerpt":{"rendered":"<p>[vc_row][vc_column extend=&#8221;false&#8221;][vc_column_text css=&#8221;.vc_custom_1582373099134{margin-top: -30000px !important;}&#8221;] Poes\u00eda del libro PROSOEMAS de ANTONIO PURO MORALES. El escritor nos da una muestra tras publicar un libro. Poes\u00eda del libro PROSOEMAS de ANTONIO PURO MORALES El poeta nos da una muestra tras publicar un libro. Poes\u00eda del libro PROSOEMAS de ANTONIO PURO MORALES El autor nos da una muestra [&hellip;]<\/p>\n","protected":false},"author":1,"featured_media":0,"parent":0,"menu_order":3,"comment_status":"closed","ping_status":"closed","template":"","meta":{"_acf_changed":false,"footnotes":""},"class_list":["post-69","page","type-page","status-publish","hentry"],"acf":[],"yoast_head":"<!-- This site is optimized with the Yoast SEO Premium plugin v24.7 (Yoast SEO v27.4) - https:\/\/yoast.com\/product\/yoast-seo-premium-wordpress\/ -->\n<title>Poes\u00eda - Antonio Puro Morales<\/title>\n<meta name=\"description\" content=\"Poes\u00eda del libro PROSOEMAS, el escritor ANTONIO PURO MORALES nos da una muestra de su trabajo tras publicar un libro con la Editorial Poes\u00eda eres t\u00fa.\" \/>\n<meta name=\"robots\" content=\"index, follow, max-snippet:-1, max-image-preview:large, max-video-preview:-1\" \/>\n<link rel=\"canonical\" href=\"https:\/\/nuestrosescritores.com\/antoniopuromorales\/poesia\/\" \/>\n<meta property=\"og:locale\" content=\"es_ES\" \/>\n<meta property=\"og:type\" content=\"article\" \/>\n<meta property=\"og:title\" content=\"Poes\u00eda\" \/>\n<meta property=\"og:description\" content=\"Poes\u00eda del libro PROSOEMAS, el escritor ANTONIO PURO MORALES nos da una muestra de su trabajo tras publicar un libro con la Editorial Poes\u00eda eres t\u00fa.\" \/>\n<meta property=\"og:url\" content=\"https:\/\/nuestrosescritores.com\/antoniopuromorales\/poesia\/\" \/>\n<meta property=\"og:site_name\" content=\"Antonio Puro Morales\" \/>\n<meta property=\"article:modified_time\" content=\"2020-03-07T16:58:48+00:00\" \/>\n<meta property=\"og:image\" content=\"https:\/\/nuestrosescritores.com\/antoniopuromorales\/wp-content\/uploads\/sites\/31\/2020\/03\/0_Portada_Prosoemas.jpg\" \/>\n<meta name=\"twitter:card\" content=\"summary_large_image\" \/>\n<meta name=\"twitter:label1\" content=\"Tiempo de lectura\" \/>\n\t<meta name=\"twitter:data1\" content=\"5 minutos\" \/>\n<script type=\"application\/ld+json\" class=\"yoast-schema-graph\">{\"@context\":\"https:\\\/\\\/schema.org\",\"@graph\":[{\"@type\":\"WebPage\",\"@id\":\"https:\\\/\\\/nuestrosescritores.com\\\/antoniopuromorales\\\/poesia\\\/\",\"url\":\"https:\\\/\\\/nuestrosescritores.com\\\/antoniopuromorales\\\/poesia\\\/\",\"name\":\"Poes\u00eda - Antonio Puro Morales\",\"isPartOf\":{\"@id\":\"https:\\\/\\\/nuestrosescritores.com\\\/antoniopuromorales\\\/#website\"},\"primaryImageOfPage\":{\"@id\":\"https:\\\/\\\/nuestrosescritores.com\\\/antoniopuromorales\\\/poesia\\\/#primaryimage\"},\"image\":{\"@id\":\"https:\\\/\\\/nuestrosescritores.com\\\/antoniopuromorales\\\/poesia\\\/#primaryimage\"},\"thumbnailUrl\":\"https:\\\/\\\/nuestrosescritores.com\\\/antoniopuromorales\\\/wp-content\\\/uploads\\\/sites\\\/31\\\/2020\\\/03\\\/0_Portada_Prosoemas.jpg\",\"datePublished\":\"2020-03-07T16:30:17+00:00\",\"dateModified\":\"2020-03-07T16:58:48+00:00\",\"description\":\"Poes\u00eda del libro PROSOEMAS, el escritor ANTONIO PURO MORALES nos da una muestra de su trabajo tras publicar un libro con la Editorial Poes\u00eda eres t\u00fa.\",\"breadcrumb\":{\"@id\":\"https:\\\/\\\/nuestrosescritores.com\\\/antoniopuromorales\\\/poesia\\\/#breadcrumb\"},\"inLanguage\":\"es\",\"potentialAction\":[{\"@type\":\"ReadAction\",\"target\":[\"https:\\\/\\\/nuestrosescritores.com\\\/antoniopuromorales\\\/poesia\\\/\"]}]},{\"@type\":\"ImageObject\",\"inLanguage\":\"es\",\"@id\":\"https:\\\/\\\/nuestrosescritores.com\\\/antoniopuromorales\\\/poesia\\\/#primaryimage\",\"url\":\"https:\\\/\\\/nuestrosescritores.com\\\/antoniopuromorales\\\/wp-content\\\/uploads\\\/sites\\\/31\\\/2020\\\/03\\\/0_Portada_Prosoemas.jpg\",\"contentUrl\":\"https:\\\/\\\/nuestrosescritores.com\\\/antoniopuromorales\\\/wp-content\\\/uploads\\\/sites\\\/31\\\/2020\\\/03\\\/0_Portada_Prosoemas.jpg\",\"width\":559,\"height\":794},{\"@type\":\"BreadcrumbList\",\"@id\":\"https:\\\/\\\/nuestrosescritores.com\\\/antoniopuromorales\\\/poesia\\\/#breadcrumb\",\"itemListElement\":[{\"@type\":\"ListItem\",\"position\":1,\"name\":\"Portada\",\"item\":\"https:\\\/\\\/nuestrosescritores.com\\\/antoniopuromorales\\\/\"},{\"@type\":\"ListItem\",\"position\":2,\"name\":\"Poes\u00eda\"}]},{\"@type\":\"WebSite\",\"@id\":\"https:\\\/\\\/nuestrosescritores.com\\\/antoniopuromorales\\\/#website\",\"url\":\"https:\\\/\\\/nuestrosescritores.com\\\/antoniopuromorales\\\/\",\"name\":\"Nuestros escritores\",\"description\":\"Escritor\",\"potentialAction\":[{\"@type\":\"SearchAction\",\"target\":{\"@type\":\"EntryPoint\",\"urlTemplate\":\"https:\\\/\\\/nuestrosescritores.com\\\/antoniopuromorales\\\/?s={search_term_string}\"},\"query-input\":{\"@type\":\"PropertyValueSpecification\",\"valueRequired\":true,\"valueName\":\"search_term_string\"}}],\"inLanguage\":\"es\"}]}<\/script>\n<!-- \/ Yoast SEO Premium plugin. -->","yoast_head_json":{"title":"Poes\u00eda - Antonio Puro Morales","description":"Poes\u00eda del libro PROSOEMAS, el escritor ANTONIO PURO MORALES nos da una muestra de su trabajo tras publicar un libro con la Editorial Poes\u00eda eres t\u00fa.","robots":{"index":"index","follow":"follow","max-snippet":"max-snippet:-1","max-image-preview":"max-image-preview:large","max-video-preview":"max-video-preview:-1"},"canonical":"https:\/\/nuestrosescritores.com\/antoniopuromorales\/poesia\/","og_locale":"es_ES","og_type":"article","og_title":"Poes\u00eda","og_description":"Poes\u00eda del libro PROSOEMAS, el escritor ANTONIO PURO MORALES nos da una muestra de su trabajo tras publicar un libro con la Editorial Poes\u00eda eres t\u00fa.","og_url":"https:\/\/nuestrosescritores.com\/antoniopuromorales\/poesia\/","og_site_name":"Antonio Puro Morales","article_modified_time":"2020-03-07T16:58:48+00:00","og_image":[{"url":"https:\/\/nuestrosescritores.com\/antoniopuromorales\/wp-content\/uploads\/sites\/31\/2020\/03\/0_Portada_Prosoemas.jpg","type":"","width":"","height":""}],"twitter_card":"summary_large_image","twitter_misc":{"Tiempo de lectura":"5 minutos"},"schema":{"@context":"https:\/\/schema.org","@graph":[{"@type":"WebPage","@id":"https:\/\/nuestrosescritores.com\/antoniopuromorales\/poesia\/","url":"https:\/\/nuestrosescritores.com\/antoniopuromorales\/poesia\/","name":"Poes\u00eda - Antonio Puro Morales","isPartOf":{"@id":"https:\/\/nuestrosescritores.com\/antoniopuromorales\/#website"},"primaryImageOfPage":{"@id":"https:\/\/nuestrosescritores.com\/antoniopuromorales\/poesia\/#primaryimage"},"image":{"@id":"https:\/\/nuestrosescritores.com\/antoniopuromorales\/poesia\/#primaryimage"},"thumbnailUrl":"https:\/\/nuestrosescritores.com\/antoniopuromorales\/wp-content\/uploads\/sites\/31\/2020\/03\/0_Portada_Prosoemas.jpg","datePublished":"2020-03-07T16:30:17+00:00","dateModified":"2020-03-07T16:58:48+00:00","description":"Poes\u00eda del libro PROSOEMAS, el escritor ANTONIO PURO MORALES nos da una muestra de su trabajo tras publicar un libro con la Editorial Poes\u00eda eres t\u00fa.","breadcrumb":{"@id":"https:\/\/nuestrosescritores.com\/antoniopuromorales\/poesia\/#breadcrumb"},"inLanguage":"es","potentialAction":[{"@type":"ReadAction","target":["https:\/\/nuestrosescritores.com\/antoniopuromorales\/poesia\/"]}]},{"@type":"ImageObject","inLanguage":"es","@id":"https:\/\/nuestrosescritores.com\/antoniopuromorales\/poesia\/#primaryimage","url":"https:\/\/nuestrosescritores.com\/antoniopuromorales\/wp-content\/uploads\/sites\/31\/2020\/03\/0_Portada_Prosoemas.jpg","contentUrl":"https:\/\/nuestrosescritores.com\/antoniopuromorales\/wp-content\/uploads\/sites\/31\/2020\/03\/0_Portada_Prosoemas.jpg","width":559,"height":794},{"@type":"BreadcrumbList","@id":"https:\/\/nuestrosescritores.com\/antoniopuromorales\/poesia\/#breadcrumb","itemListElement":[{"@type":"ListItem","position":1,"name":"Portada","item":"https:\/\/nuestrosescritores.com\/antoniopuromorales\/"},{"@type":"ListItem","position":2,"name":"Poes\u00eda"}]},{"@type":"WebSite","@id":"https:\/\/nuestrosescritores.com\/antoniopuromorales\/#website","url":"https:\/\/nuestrosescritores.com\/antoniopuromorales\/","name":"Nuestros escritores","description":"Escritor","potentialAction":[{"@type":"SearchAction","target":{"@type":"EntryPoint","urlTemplate":"https:\/\/nuestrosescritores.com\/antoniopuromorales\/?s={search_term_string}"},"query-input":{"@type":"PropertyValueSpecification","valueRequired":true,"valueName":"search_term_string"}}],"inLanguage":"es"}]}},"_links":{"self":[{"href":"https:\/\/nuestrosescritores.com\/antoniopuromorales\/wp-json\/wp\/v2\/pages\/69","targetHints":{"allow":["GET"]}}],"collection":[{"href":"https:\/\/nuestrosescritores.com\/antoniopuromorales\/wp-json\/wp\/v2\/pages"}],"about":[{"href":"https:\/\/nuestrosescritores.com\/antoniopuromorales\/wp-json\/wp\/v2\/types\/page"}],"author":[{"embeddable":true,"href":"https:\/\/nuestrosescritores.com\/antoniopuromorales\/wp-json\/wp\/v2\/users\/1"}],"replies":[{"embeddable":true,"href":"https:\/\/nuestrosescritores.com\/antoniopuromorales\/wp-json\/wp\/v2\/comments?post=69"}],"version-history":[{"count":0,"href":"https:\/\/nuestrosescritores.com\/antoniopuromorales\/wp-json\/wp\/v2\/pages\/69\/revisions"}],"wp:attachment":[{"href":"https:\/\/nuestrosescritores.com\/antoniopuromorales\/wp-json\/wp\/v2\/media?parent=69"}],"curies":[{"name":"wp","href":"https:\/\/api.w.org\/{rel}","templated":true}]}}