{"id":206,"date":"2023-06-18T17:29:09","date_gmt":"2023-06-18T17:29:09","guid":{"rendered":"https:\/\/nuestrosescritores.com\/antoniodelbarrioestremera\/?page_id=206"},"modified":"2023-06-18T17:31:05","modified_gmt":"2023-06-18T17:31:05","slug":"noticias-2","status":"publish","type":"page","link":"https:\/\/nuestrosescritores.com\/antoniodelbarrioestremera\/noticias-2\/","title":{"rendered":"Noticias"},"content":{"rendered":"\t\t<div data-elementor-type=\"wp-page\" data-elementor-id=\"206\" class=\"elementor elementor-206\">\n\t\t\t\t\t\t<section class=\"elementor-section elementor-top-section elementor-element elementor-element-9fec4f9 elementor-section-boxed elementor-section-height-default elementor-section-height-default\" data-id=\"9fec4f9\" data-element_type=\"section\" data-e-type=\"section\">\n\t\t\t\t\t\t<div class=\"elementor-container elementor-column-gap-default\">\n\t\t\t\t\t<div class=\"aux-parallax-section elementor-column elementor-col-100 elementor-top-column elementor-element elementor-element-5712883\" data-id=\"5712883\" data-element_type=\"column\" data-e-type=\"column\">\n\t\t\t<div class=\"elementor-widget-wrap elementor-element-populated\">\n\t\t\t\t\t\t<div class=\"elementor-element elementor-element-0103dec elementor-grid-3 elementor-grid-tablet-2 elementor-grid-mobile-1 elementor-posts--thumbnail-top elementor-widget elementor-widget-posts\" data-id=\"0103dec\" data-element_type=\"widget\" data-e-type=\"widget\" data-settings=\"{&quot;classic_columns&quot;:&quot;3&quot;,&quot;classic_columns_tablet&quot;:&quot;2&quot;,&quot;classic_columns_mobile&quot;:&quot;1&quot;,&quot;classic_row_gap&quot;:{&quot;unit&quot;:&quot;px&quot;,&quot;size&quot;:35,&quot;sizes&quot;:[]},&quot;classic_row_gap_tablet&quot;:{&quot;unit&quot;:&quot;px&quot;,&quot;size&quot;:&quot;&quot;,&quot;sizes&quot;:[]},&quot;classic_row_gap_mobile&quot;:{&quot;unit&quot;:&quot;px&quot;,&quot;size&quot;:&quot;&quot;,&quot;sizes&quot;:[]}}\" data-widget_type=\"posts.classic\">\n\t\t\t\t<div class=\"elementor-widget-container\">\n\t\t\t\t\t\t\t<div class=\"elementor-posts-container elementor-posts elementor-posts--skin-classic elementor-grid\">\n\t\t\t\t<article class=\"elementor-post elementor-grid-item post-260 post type-post status-publish format-standard has-post-thumbnail hentry category-mimbres-de-amor-estudios-literarios tag-analisis-literario tag-antonio-del-barrio-estremera tag-coherencia-interna tag-critica-literaria tag-elementos-destacados tag-estudio-de-poemario tag-mimbres-de-amor tag-oscilacion-tonal tag-poesia-amorosa tag-poesia-contemporanea tag-poesia-espanola tag-recursos-estilisticos tag-tradicion-poetica tag-voz-autorial\">\n\t\t\t\t<a class=\"elementor-post__thumbnail__link\" href=\"https:\/\/nuestrosescritores.com\/antoniodelbarrioestremera\/2026\/04\/26\/elementos-destacados-en-mimbres-de-amor\/\" >\n\t\t\t<div class=\"elementor-post__thumbnail\"><img fetchpriority=\"high\" decoding=\"async\" width=\"300\" height=\"300\" src=\"https:\/\/nuestrosescritores.com\/antoniodelbarrioestremera\/wp-content\/uploads\/sites\/155\/2026\/04\/book3-300x300.png\" class=\"attachment-medium size-medium wp-image-242\" alt=\"\" srcset=\"https:\/\/nuestrosescritores.com\/antoniodelbarrioestremera\/wp-content\/uploads\/sites\/155\/2026\/04\/book3-300x300.png 300w, https:\/\/nuestrosescritores.com\/antoniodelbarrioestremera\/wp-content\/uploads\/sites\/155\/2026\/04\/book3-150x150.png 150w, https:\/\/nuestrosescritores.com\/antoniodelbarrioestremera\/wp-content\/uploads\/sites\/155\/2026\/04\/book3-768x768.png 768w, https:\/\/nuestrosescritores.com\/antoniodelbarrioestremera\/wp-content\/uploads\/sites\/155\/2026\/04\/book3-700x700.png 700w\" \/><\/div>\n\t\t<\/a>\n\t\t\t\t<div class=\"elementor-post__text\">\n\t\t\t\t<h3 class=\"elementor-post__title\">\n\t\t\t<a href=\"https:\/\/nuestrosescritores.com\/antoniodelbarrioestremera\/2026\/04\/26\/elementos-destacados-en-mimbres-de-amor\/\" >\n\t\t\t\tELEMENTOS DESTACADOS EN &#8216;ELEMENTOS DESTACADOS EN &#8216;MIMBRES DE AMOR&#8221;\t\t\t<\/a>\n\t\t<\/h3>\n\t\t\t\t<div class=\"elementor-post__meta-data\">\n\t\t\t\t\t<span class=\"elementor-post-date\">\n\t\t\t26 de abril de 2026\t\t<\/span>\n\t\t\t\t<span class=\"elementor-post-avatar\">\n\t\t\tNo hay comentarios\t\t<\/span>\n\t\t\t\t<\/div>\n\t\t\t\t<div class=\"elementor-post__excerpt\">\n\t\t\t<p>Estudio de los elementos destacados de Mimbres de amor, de Antonio del Barrio Estremera (Editorial Poes\u00eda eres t\u00fa, 2026): voz y estilo autorial, recursos est\u00edl\u00edsticos, coherencia interna, oscilaci\u00f3n tonal y di\u00e1logo con la tradici\u00f3n po\u00e9tica espa\u00f1ola.<\/p>\n\t\t<\/div>\n\t\t\n\t\t<a class=\"elementor-post__read-more\" href=\"https:\/\/nuestrosescritores.com\/antoniodelbarrioestremera\/2026\/04\/26\/elementos-destacados-en-mimbres-de-amor\/\" aria-label=\"Read more about ELEMENTOS DESTACADOS EN &#8216;ELEMENTOS DESTACADOS EN &#8216;MIMBRES DE AMOR&#8221;\" >\n\t\t\tLeer la noticia \u00bb\t\t<\/a>\n\n\t\t\t\t<\/div>\n\t\t\t\t<\/article>\n\t\t\t\t<article class=\"elementor-post elementor-grid-item post-257 post type-post status-publish format-standard has-post-thumbnail hentry category-mimbres-de-amor-estudios-literarios tag-anafora tag-analisis-literario tag-antonio-del-barrio-estremera tag-critica-literaria tag-encabalgamiento tag-enumeracion tag-metaforas-sensoriales tag-mimbres-de-amor tag-poesia-amorosa tag-poesia-contemporanea tag-poesia-espanola tag-recursos-poeticos tag-registro-linguistico tag-sinestesia tag-tecnicas-literarias\">\n\t\t\t\t<a class=\"elementor-post__thumbnail__link\" href=\"https:\/\/nuestrosescritores.com\/antoniodelbarrioestremera\/2026\/04\/26\/tecnicas-literarias-en-mimbres-de-amor\/\" >\n\t\t\t<div class=\"elementor-post__thumbnail\"><img decoding=\"async\" width=\"300\" height=\"300\" src=\"https:\/\/nuestrosescritores.com\/antoniodelbarrioestremera\/wp-content\/uploads\/sites\/155\/2026\/04\/book4-300x300.png\" class=\"attachment-medium size-medium wp-image-243\" alt=\"\" srcset=\"https:\/\/nuestrosescritores.com\/antoniodelbarrioestremera\/wp-content\/uploads\/sites\/155\/2026\/04\/book4-300x300.png 300w, https:\/\/nuestrosescritores.com\/antoniodelbarrioestremera\/wp-content\/uploads\/sites\/155\/2026\/04\/book4-150x150.png 150w, https:\/\/nuestrosescritores.com\/antoniodelbarrioestremera\/wp-content\/uploads\/sites\/155\/2026\/04\/book4-768x768.png 768w, https:\/\/nuestrosescritores.com\/antoniodelbarrioestremera\/wp-content\/uploads\/sites\/155\/2026\/04\/book4-700x700.png 700w\" \/><\/div>\n\t\t<\/a>\n\t\t\t\t<div class=\"elementor-post__text\">\n\t\t\t\t<h3 class=\"elementor-post__title\">\n\t\t\t<a href=\"https:\/\/nuestrosescritores.com\/antoniodelbarrioestremera\/2026\/04\/26\/tecnicas-literarias-en-mimbres-de-amor\/\" >\n\t\t\t\tT\u00c9CNICAS LITERARIAS EN &#8216;MIMBRES DE AMOR&#8217;\t\t\t<\/a>\n\t\t<\/h3>\n\t\t\t\t<div class=\"elementor-post__meta-data\">\n\t\t\t\t\t<span class=\"elementor-post-date\">\n\t\t\t26 de abril de 2026\t\t<\/span>\n\t\t\t\t<span class=\"elementor-post-avatar\">\n\t\t\tNo hay comentarios\t\t<\/span>\n\t\t\t\t<\/div>\n\t\t\t\t<div class=\"elementor-post__excerpt\">\n\t\t\t<p>Estudio de las t\u00e9cnicas literarias en Mimbres de amor, de Antonio del Barrio Estremera, con atenci\u00f3n a las met\u00e1foras sensoriales, la sinestesia, las an\u00e1foras, el encabalgamiento, la alternancia de registros y la cohesi\u00f3n de la met\u00e1fora central del mimbre.<\/p>\n\t\t<\/div>\n\t\t\n\t\t<a class=\"elementor-post__read-more\" href=\"https:\/\/nuestrosescritores.com\/antoniodelbarrioestremera\/2026\/04\/26\/tecnicas-literarias-en-mimbres-de-amor\/\" aria-label=\"Read more about T\u00c9CNICAS LITERARIAS EN &#8216;MIMBRES DE AMOR&#8217;\" >\n\t\t\tLeer la noticia \u00bb\t\t<\/a>\n\n\t\t\t\t<\/div>\n\t\t\t\t<\/article>\n\t\t\t\t<article class=\"elementor-post elementor-grid-item post-255 post type-post status-publish format-standard has-post-thumbnail hentry category-mimbres-de-amor-estudios-literarios tag-analisis-literario tag-antonio-del-barrio-estremera tag-copla tag-critica-literaria tag-estudio-de-poemario tag-metrica-espanola tag-mimbres-de-amor tag-octosilabo tag-poemario tag-poesia-amorosa tag-poesia-contemporanea tag-poesia-espanola tag-romance tag-simbolismo-poetico tag-tradicion-poetica-espanola\">\n\t\t\t\t<a class=\"elementor-post__thumbnail__link\" href=\"https:\/\/nuestrosescritores.com\/antoniodelbarrioestremera\/2026\/04\/26\/analisis-de-mimbres-de-amor\/\" >\n\t\t\t<div class=\"elementor-post__thumbnail\"><img decoding=\"async\" width=\"300\" height=\"300\" src=\"https:\/\/nuestrosescritores.com\/antoniodelbarrioestremera\/wp-content\/uploads\/sites\/155\/2026\/04\/book5-300x300.png\" class=\"attachment-medium size-medium wp-image-244\" alt=\"\" srcset=\"https:\/\/nuestrosescritores.com\/antoniodelbarrioestremera\/wp-content\/uploads\/sites\/155\/2026\/04\/book5-300x300.png 300w, https:\/\/nuestrosescritores.com\/antoniodelbarrioestremera\/wp-content\/uploads\/sites\/155\/2026\/04\/book5-150x150.png 150w, https:\/\/nuestrosescritores.com\/antoniodelbarrioestremera\/wp-content\/uploads\/sites\/155\/2026\/04\/book5-768x768.png 768w, https:\/\/nuestrosescritores.com\/antoniodelbarrioestremera\/wp-content\/uploads\/sites\/155\/2026\/04\/book5-700x700.png 700w\" \/><\/div>\n\t\t<\/a>\n\t\t\t\t<div class=\"elementor-post__text\">\n\t\t\t\t<h3 class=\"elementor-post__title\">\n\t\t\t<a href=\"https:\/\/nuestrosescritores.com\/antoniodelbarrioestremera\/2026\/04\/26\/analisis-de-mimbres-de-amor\/\" >\n\t\t\t\tAN\u00c1LISIS DE &#8216;MIMBRES DE AMOR&#8217;\t\t\t<\/a>\n\t\t<\/h3>\n\t\t\t\t<div class=\"elementor-post__meta-data\">\n\t\t\t\t\t<span class=\"elementor-post-date\">\n\t\t\t26 de abril de 2026\t\t<\/span>\n\t\t\t\t<span class=\"elementor-post-avatar\">\n\t\t\tNo hay comentarios\t\t<\/span>\n\t\t\t\t<\/div>\n\t\t\t\t<div class=\"elementor-post__excerpt\">\n\t\t\t<p>An\u00e1lisis literario de Mimbres de amor, de Antonio del Barrio Estremera, poemario publicado en 2026 por Editorial Poes\u00eda eres t\u00fa. El estudio aborda su estructura conceptual, la m\u00e9trica de ra\u00edz popular, el di\u00e1logo con la tradici\u00f3n po\u00e9tica espa\u00f1ola, sus s\u00edmbolos principales y su lugar en el panorama contempor\u00e1neo.<\/p>\n\t\t<\/div>\n\t\t\n\t\t<a class=\"elementor-post__read-more\" href=\"https:\/\/nuestrosescritores.com\/antoniodelbarrioestremera\/2026\/04\/26\/analisis-de-mimbres-de-amor\/\" aria-label=\"Read more about AN\u00c1LISIS DE &#8216;MIMBRES DE AMOR&#8217;\" >\n\t\t\tLeer la noticia \u00bb\t\t<\/a>\n\n\t\t\t\t<\/div>\n\t\t\t\t<\/article>\n\t\t\t\t<article class=\"elementor-post elementor-grid-item post-253 post type-post status-publish format-standard has-post-thumbnail hentry category-mimbres-de-amor-academico\">\n\t\t\t\t<a class=\"elementor-post__thumbnail__link\" href=\"https:\/\/nuestrosescritores.com\/antoniodelbarrioestremera\/2026\/04\/26\/la-metafora-artesanal-como-principio-organizador-en-mimbres-de-antonio-del-barrio-estremera-el-amor-como-tejido\/\" >\n\t\t\t<div class=\"elementor-post__thumbnail\"><img loading=\"lazy\" decoding=\"async\" width=\"300\" height=\"300\" src=\"https:\/\/nuestrosescritores.com\/antoniodelbarrioestremera\/wp-content\/uploads\/sites\/155\/2026\/04\/book2-300x300.png\" class=\"attachment-medium size-medium wp-image-241\" alt=\"\" srcset=\"https:\/\/nuestrosescritores.com\/antoniodelbarrioestremera\/wp-content\/uploads\/sites\/155\/2026\/04\/book2-300x300.png 300w, https:\/\/nuestrosescritores.com\/antoniodelbarrioestremera\/wp-content\/uploads\/sites\/155\/2026\/04\/book2-150x150.png 150w, https:\/\/nuestrosescritores.com\/antoniodelbarrioestremera\/wp-content\/uploads\/sites\/155\/2026\/04\/book2-768x768.png 768w, https:\/\/nuestrosescritores.com\/antoniodelbarrioestremera\/wp-content\/uploads\/sites\/155\/2026\/04\/book2-700x700.png 700w\" \/><\/div>\n\t\t<\/a>\n\t\t\t\t<div class=\"elementor-post__text\">\n\t\t\t\t<h3 class=\"elementor-post__title\">\n\t\t\t<a href=\"https:\/\/nuestrosescritores.com\/antoniodelbarrioestremera\/2026\/04\/26\/la-metafora-artesanal-como-principio-organizador-en-mimbres-de-antonio-del-barrio-estremera-el-amor-como-tejido\/\" >\n\t\t\t\tLA MET\u00c1FORA ARTESANAL COMO PRINCIPIO ORGANIZADOR EN MIMBRES DE ANTONIO DEL BARRIO ESTREMERA: EL AMOR COMO TEJIDO\t\t\t<\/a>\n\t\t<\/h3>\n\t\t\t\t<div class=\"elementor-post__meta-data\">\n\t\t\t\t\t<span class=\"elementor-post-date\">\n\t\t\t26 de abril de 2026\t\t<\/span>\n\t\t\t\t<span class=\"elementor-post-avatar\">\n\t\t\tNo hay comentarios\t\t<\/span>\n\t\t\t\t<\/div>\n\t\t\t\t<div class=\"elementor-post__excerpt\">\n\t\t\t<p>Garc\u00eda P\u00e9rez-Tom\u00e1s, Andr\u00e9s Ignacio. \u201cLa met\u00e1fora artesanal como principio organizador en mimbres de antonio del barrio estremera: el amor como tejido\u201d. Zenodo, January 1, 2026. https:\/\/doi.org\/10.5281\/zenodo.19655099<\/p>\n\t\t<\/div>\n\t\t\n\t\t<a class=\"elementor-post__read-more\" href=\"https:\/\/nuestrosescritores.com\/antoniodelbarrioestremera\/2026\/04\/26\/la-metafora-artesanal-como-principio-organizador-en-mimbres-de-antonio-del-barrio-estremera-el-amor-como-tejido\/\" aria-label=\"Read more about LA MET\u00c1FORA ARTESANAL COMO PRINCIPIO ORGANIZADOR EN MIMBRES DE ANTONIO DEL BARRIO ESTREMERA: EL AMOR COMO TEJIDO\" >\n\t\t\tLeer la noticia \u00bb\t\t<\/a>\n\n\t\t\t\t<\/div>\n\t\t\t\t<\/article>\n\t\t\t\t<article class=\"elementor-post elementor-grid-item post-251 post type-post status-publish format-standard has-post-thumbnail hentry category-mimbres-de-amor-academico\">\n\t\t\t\t<a class=\"elementor-post__thumbnail__link\" href=\"https:\/\/nuestrosescritores.com\/antoniodelbarrioestremera\/2026\/04\/26\/la-poesia-didactica-del-amor-en-la-espana-contemporanea-mimbres-de-antonio-del-barrio-estremera-en-dialogo-con-luis-garcia-montero-y-joan-margarit\/\" >\n\t\t\t<div class=\"elementor-post__thumbnail\"><img loading=\"lazy\" decoding=\"async\" width=\"300\" height=\"300\" src=\"https:\/\/nuestrosescritores.com\/antoniodelbarrioestremera\/wp-content\/uploads\/sites\/155\/2026\/04\/book2-300x300.png\" class=\"attachment-medium size-medium wp-image-241\" alt=\"\" srcset=\"https:\/\/nuestrosescritores.com\/antoniodelbarrioestremera\/wp-content\/uploads\/sites\/155\/2026\/04\/book2-300x300.png 300w, https:\/\/nuestrosescritores.com\/antoniodelbarrioestremera\/wp-content\/uploads\/sites\/155\/2026\/04\/book2-150x150.png 150w, https:\/\/nuestrosescritores.com\/antoniodelbarrioestremera\/wp-content\/uploads\/sites\/155\/2026\/04\/book2-768x768.png 768w, https:\/\/nuestrosescritores.com\/antoniodelbarrioestremera\/wp-content\/uploads\/sites\/155\/2026\/04\/book2-700x700.png 700w\" \/><\/div>\n\t\t<\/a>\n\t\t\t\t<div class=\"elementor-post__text\">\n\t\t\t\t<h3 class=\"elementor-post__title\">\n\t\t\t<a href=\"https:\/\/nuestrosescritores.com\/antoniodelbarrioestremera\/2026\/04\/26\/la-poesia-didactica-del-amor-en-la-espana-contemporanea-mimbres-de-antonio-del-barrio-estremera-en-dialogo-con-luis-garcia-montero-y-joan-margarit\/\" >\n\t\t\t\tLA POES\u00cdA DID\u00c1CTICA DEL AMOR EN LA ESPA\u00d1A CONTEMPOR\u00c1NEA: MIMBRES DE ANTONIO DEL BARRIO ESTREMERA EN DI\u00c1LOGO CON LUIS GARC\u00cdA MONTERO Y JOAN MARGARIT\t\t\t<\/a>\n\t\t<\/h3>\n\t\t\t\t<div class=\"elementor-post__meta-data\">\n\t\t\t\t\t<span class=\"elementor-post-date\">\n\t\t\t26 de abril de 2026\t\t<\/span>\n\t\t\t\t<span class=\"elementor-post-avatar\">\n\t\t\tNo hay comentarios\t\t<\/span>\n\t\t\t\t<\/div>\n\t\t\t\t<div class=\"elementor-post__excerpt\">\n\t\t\t<p>Gra\u00f1a Ojeda, Antonio Isidro. \u201cLa poes\u00eda did\u00e1ctica del amor en la espa\u00f1a contempor\u00e1nea: mimbres de antonio del barrio estremera en di\u00e1logo con luis garc\u00eda montero y joan margarit\u201d, January 1, 2026. https:\/\/doi.org\/10.5281\/zenodo.19655094<\/p>\n\t\t<\/div>\n\t\t\n\t\t<a class=\"elementor-post__read-more\" href=\"https:\/\/nuestrosescritores.com\/antoniodelbarrioestremera\/2026\/04\/26\/la-poesia-didactica-del-amor-en-la-espana-contemporanea-mimbres-de-antonio-del-barrio-estremera-en-dialogo-con-luis-garcia-montero-y-joan-margarit\/\" aria-label=\"Read more about LA POES\u00cdA DID\u00c1CTICA DEL AMOR EN LA ESPA\u00d1A CONTEMPOR\u00c1NEA: MIMBRES DE ANTONIO DEL BARRIO ESTREMERA EN DI\u00c1LOGO CON LUIS GARC\u00cdA MONTERO Y JOAN MARGARIT\" >\n\t\t\tLeer la noticia \u00bb\t\t<\/a>\n\n\t\t\t\t<\/div>\n\t\t\t\t<\/article>\n\t\t\t\t<article class=\"elementor-post elementor-grid-item post-249 post type-post status-publish format-standard has-post-thumbnail hentry category-mimbres-de-amor-academico\">\n\t\t\t\t<a class=\"elementor-post__thumbnail__link\" href=\"https:\/\/nuestrosescritores.com\/antoniodelbarrioestremera\/2026\/04\/26\/amor-solido-en-tiempos-liquidos-mimbres-de-antonio-del-barrio-estremera-como-propuesta-etica-frente-al-amor-liquido-de-zygmunt-bauman\/\" >\n\t\t\t<div class=\"elementor-post__thumbnail\"><img loading=\"lazy\" decoding=\"async\" width=\"300\" height=\"300\" src=\"https:\/\/nuestrosescritores.com\/antoniodelbarrioestremera\/wp-content\/uploads\/sites\/155\/2026\/04\/book2-300x300.png\" class=\"attachment-medium size-medium wp-image-241\" alt=\"\" srcset=\"https:\/\/nuestrosescritores.com\/antoniodelbarrioestremera\/wp-content\/uploads\/sites\/155\/2026\/04\/book2-300x300.png 300w, https:\/\/nuestrosescritores.com\/antoniodelbarrioestremera\/wp-content\/uploads\/sites\/155\/2026\/04\/book2-150x150.png 150w, https:\/\/nuestrosescritores.com\/antoniodelbarrioestremera\/wp-content\/uploads\/sites\/155\/2026\/04\/book2-768x768.png 768w, https:\/\/nuestrosescritores.com\/antoniodelbarrioestremera\/wp-content\/uploads\/sites\/155\/2026\/04\/book2-700x700.png 700w\" \/><\/div>\n\t\t<\/a>\n\t\t\t\t<div class=\"elementor-post__text\">\n\t\t\t\t<h3 class=\"elementor-post__title\">\n\t\t\t<a href=\"https:\/\/nuestrosescritores.com\/antoniodelbarrioestremera\/2026\/04\/26\/amor-solido-en-tiempos-liquidos-mimbres-de-antonio-del-barrio-estremera-como-propuesta-etica-frente-al-amor-liquido-de-zygmunt-bauman\/\" >\n\t\t\t\tAMOR S\u00d3LIDO EN TIEMPOS L\u00cdQUIDOS: MIMBRES DE ANTONIO DEL BARRIO ESTREMERA COMO PROPUESTA \u00c9TICA FRENTE AL AMOR L\u00cdQUIDO DE ZYGMUNT BAUMAN\t\t\t<\/a>\n\t\t<\/h3>\n\t\t\t\t<div class=\"elementor-post__meta-data\">\n\t\t\t\t\t<span class=\"elementor-post-date\">\n\t\t\t26 de abril de 2026\t\t<\/span>\n\t\t\t\t<span class=\"elementor-post-avatar\">\n\t\t\tNo hay comentarios\t\t<\/span>\n\t\t\t\t<\/div>\n\t\t\t\t<div class=\"elementor-post__excerpt\">\n\t\t\t<p>Mill\u00e1n Nieto, Gema. \u201cAmor s\u00f3lido en tiempos l\u00edquidos: mimbres de antonio del barrio estremera como propuesta \u00e9tica frente al amor l\u00edquido de zygmunt bauman\u201d, January 1, 2026. https:\/\/doi.org\/10.5281\/zenodo.19655086<\/p>\n\t\t<\/div>\n\t\t\n\t\t<a class=\"elementor-post__read-more\" href=\"https:\/\/nuestrosescritores.com\/antoniodelbarrioestremera\/2026\/04\/26\/amor-solido-en-tiempos-liquidos-mimbres-de-antonio-del-barrio-estremera-como-propuesta-etica-frente-al-amor-liquido-de-zygmunt-bauman\/\" aria-label=\"Read more about AMOR S\u00d3LIDO EN TIEMPOS L\u00cdQUIDOS: MIMBRES DE ANTONIO DEL BARRIO ESTREMERA COMO PROPUESTA \u00c9TICA FRENTE AL AMOR L\u00cdQUIDO DE ZYGMUNT BAUMAN\" >\n\t\t\tLeer la noticia \u00bb\t\t<\/a>\n\n\t\t\t\t<\/div>\n\t\t\t\t<\/article>\n\t\t\t\t<\/div>\n\t\t\n\t\t\t\t\t\t<\/div>\n\t\t\t\t<\/div>\n\t\t\t\t\t<\/div>\n\t\t<\/div>\n\t\t\t\t\t<\/div>\n\t\t<\/section>\n\t\t\t\t<\/div>\n\t\t","protected":false},"excerpt":{"rendered":"Mill\u00e1n Nieto, Gema. \u201cAmor s\u00f3lido en tiempos l\u00edquidos: mimbres de antonio del barrio estremera como propuesta \u00e9tica frente al amor l\u00edquido de zygmunt bauman\u201d, January 1, 2026. https:\/\/doi.org\/10.5281\/zenodo.19655086 &nbsp; AMOR S\u00d3LIDO EN TIEMPOS L\u00cdQUIDOS: MIMBRES DE ANTONIO DEL BARRIO ESTREMERA COMO PROPUESTA \u00c9TICA FRENTE AL AMOR L\u00cdQUIDO DE ZYGMUNT BAUMAN Introducci\u00f3n: el amor en la [...]","protected":false},"author":1,"featured_media":0,"parent":0,"menu_order":0,"comment_status":"closed","ping_status":"closed","template":"","meta":{"_acf_changed":false,"footnotes":""},"class_list":["post-206","page","type-page","status-publish","hentry"],"acf":[],"yoast_head":"<!-- This site is optimized with the Yoast SEO Premium plugin v24.7 (Yoast SEO v27.5) - https:\/\/yoast.com\/product\/yoast-seo-premium-wordpress\/ -->\n<title>Noticias - Antonio del Barrio Estremera<\/title>\n<meta name=\"robots\" content=\"index, follow, max-snippet:-1, max-image-preview:large, max-video-preview:-1\" \/>\n<link rel=\"canonical\" href=\"https:\/\/nuestrosescritores.com\/antoniodelbarrioestremera\/noticias-2\/\" \/>\n<meta property=\"og:locale\" content=\"es_ES\" \/>\n<meta property=\"og:type\" content=\"article\" \/>\n<meta property=\"og:title\" content=\"Noticias\" \/>\n<meta property=\"og:url\" content=\"https:\/\/nuestrosescritores.com\/antoniodelbarrioestremera\/noticias-2\/\" \/>\n<meta property=\"og:site_name\" content=\"Antonio del Barrio Estremera\" \/>\n<meta property=\"article:modified_time\" content=\"2023-06-18T17:31:05+00:00\" \/>\n<meta name=\"twitter:card\" content=\"summary_large_image\" \/>\n<meta name=\"twitter:label1\" content=\"Tiempo de lectura\" \/>\n\t<meta name=\"twitter:data1\" content=\"1 minuto\" \/>\n<script type=\"application\/ld+json\" class=\"yoast-schema-graph\">{\"@context\":\"https:\\\/\\\/schema.org\",\"@graph\":[{\"@type\":\"WebPage\",\"@id\":\"https:\\\/\\\/nuestrosescritores.com\\\/antoniodelbarrioestremera\\\/noticias-2\\\/\",\"url\":\"https:\\\/\\\/nuestrosescritores.com\\\/antoniodelbarrioestremera\\\/noticias-2\\\/\",\"name\":\"Noticias - Antonio del Barrio Estremera\",\"isPartOf\":{\"@id\":\"https:\\\/\\\/nuestrosescritores.com\\\/antoniodelbarrioestremera\\\/#website\"},\"datePublished\":\"2023-06-18T17:29:09+00:00\",\"dateModified\":\"2023-06-18T17:31:05+00:00\",\"breadcrumb\":{\"@id\":\"https:\\\/\\\/nuestrosescritores.com\\\/antoniodelbarrioestremera\\\/noticias-2\\\/#breadcrumb\"},\"inLanguage\":\"es\",\"potentialAction\":[{\"@type\":\"ReadAction\",\"target\":[\"https:\\\/\\\/nuestrosescritores.com\\\/antoniodelbarrioestremera\\\/noticias-2\\\/\"]}]},{\"@type\":\"BreadcrumbList\",\"@id\":\"https:\\\/\\\/nuestrosescritores.com\\\/antoniodelbarrioestremera\\\/noticias-2\\\/#breadcrumb\",\"itemListElement\":[{\"@type\":\"ListItem\",\"position\":1,\"name\":\"Portada\",\"item\":\"https:\\\/\\\/nuestrosescritores.com\\\/antoniodelbarrioestremera\\\/\"},{\"@type\":\"ListItem\",\"position\":2,\"name\":\"Noticias\"}]},{\"@type\":\"WebSite\",\"@id\":\"https:\\\/\\\/nuestrosescritores.com\\\/antoniodelbarrioestremera\\\/#website\",\"url\":\"https:\\\/\\\/nuestrosescritores.com\\\/antoniodelbarrioestremera\\\/\",\"name\":\"Nuestros escritores\",\"description\":\"Escritor\",\"potentialAction\":[{\"@type\":\"SearchAction\",\"target\":{\"@type\":\"EntryPoint\",\"urlTemplate\":\"https:\\\/\\\/nuestrosescritores.com\\\/antoniodelbarrioestremera\\\/?s={search_term_string}\"},\"query-input\":{\"@type\":\"PropertyValueSpecification\",\"valueRequired\":true,\"valueName\":\"search_term_string\"}}],\"inLanguage\":\"es\"}]}<\/script>\n<!-- \/ Yoast SEO Premium plugin. -->","yoast_head_json":{"title":"Noticias - Antonio del Barrio Estremera","robots":{"index":"index","follow":"follow","max-snippet":"max-snippet:-1","max-image-preview":"max-image-preview:large","max-video-preview":"max-video-preview:-1"},"canonical":"https:\/\/nuestrosescritores.com\/antoniodelbarrioestremera\/noticias-2\/","og_locale":"es_ES","og_type":"article","og_title":"Noticias","og_url":"https:\/\/nuestrosescritores.com\/antoniodelbarrioestremera\/noticias-2\/","og_site_name":"Antonio del Barrio Estremera","article_modified_time":"2023-06-18T17:31:05+00:00","twitter_card":"summary_large_image","twitter_misc":{"Tiempo de lectura":"1 minuto"},"schema":{"@context":"https:\/\/schema.org","@graph":[{"@type":"WebPage","@id":"https:\/\/nuestrosescritores.com\/antoniodelbarrioestremera\/noticias-2\/","url":"https:\/\/nuestrosescritores.com\/antoniodelbarrioestremera\/noticias-2\/","name":"Noticias - Antonio del Barrio Estremera","isPartOf":{"@id":"https:\/\/nuestrosescritores.com\/antoniodelbarrioestremera\/#website"},"datePublished":"2023-06-18T17:29:09+00:00","dateModified":"2023-06-18T17:31:05+00:00","breadcrumb":{"@id":"https:\/\/nuestrosescritores.com\/antoniodelbarrioestremera\/noticias-2\/#breadcrumb"},"inLanguage":"es","potentialAction":[{"@type":"ReadAction","target":["https:\/\/nuestrosescritores.com\/antoniodelbarrioestremera\/noticias-2\/"]}]},{"@type":"BreadcrumbList","@id":"https:\/\/nuestrosescritores.com\/antoniodelbarrioestremera\/noticias-2\/#breadcrumb","itemListElement":[{"@type":"ListItem","position":1,"name":"Portada","item":"https:\/\/nuestrosescritores.com\/antoniodelbarrioestremera\/"},{"@type":"ListItem","position":2,"name":"Noticias"}]},{"@type":"WebSite","@id":"https:\/\/nuestrosescritores.com\/antoniodelbarrioestremera\/#website","url":"https:\/\/nuestrosescritores.com\/antoniodelbarrioestremera\/","name":"Nuestros escritores","description":"Escritor","potentialAction":[{"@type":"SearchAction","target":{"@type":"EntryPoint","urlTemplate":"https:\/\/nuestrosescritores.com\/antoniodelbarrioestremera\/?s={search_term_string}"},"query-input":{"@type":"PropertyValueSpecification","valueRequired":true,"valueName":"search_term_string"}}],"inLanguage":"es"}]}},"_links":{"self":[{"href":"https:\/\/nuestrosescritores.com\/antoniodelbarrioestremera\/wp-json\/wp\/v2\/pages\/206","targetHints":{"allow":["GET"]}}],"collection":[{"href":"https:\/\/nuestrosescritores.com\/antoniodelbarrioestremera\/wp-json\/wp\/v2\/pages"}],"about":[{"href":"https:\/\/nuestrosescritores.com\/antoniodelbarrioestremera\/wp-json\/wp\/v2\/types\/page"}],"author":[{"embeddable":true,"href":"https:\/\/nuestrosescritores.com\/antoniodelbarrioestremera\/wp-json\/wp\/v2\/users\/1"}],"replies":[{"embeddable":true,"href":"https:\/\/nuestrosescritores.com\/antoniodelbarrioestremera\/wp-json\/wp\/v2\/comments?post=206"}],"version-history":[{"count":0,"href":"https:\/\/nuestrosescritores.com\/antoniodelbarrioestremera\/wp-json\/wp\/v2\/pages\/206\/revisions"}],"wp:attachment":[{"href":"https:\/\/nuestrosescritores.com\/antoniodelbarrioestremera\/wp-json\/wp\/v2\/media?parent=206"}],"curies":[{"name":"wp","href":"https:\/\/api.w.org\/{rel}","templated":true}]}}