{"id":173,"date":"2025-11-08T21:53:04","date_gmt":"2025-11-08T20:53:04","guid":{"rendered":"https:\/\/nuestrosescritores.com\/angeljesusmartingonzalez\/?page_id=173"},"modified":"2025-11-08T21:53:04","modified_gmt":"2025-11-08T20:53:04","slug":"poesias","status":"publish","type":"page","link":"https:\/\/nuestrosescritores.com\/angeljesusmartingonzalez\/poesias\/","title":{"rendered":"POES\u00cdAS"},"content":{"rendered":"<div class=\"wpb-content-wrapper\">[vc_row full_width=&#8221;stretch_row_content_no_spaces&#8221;][vc_column extend=&#8221;false&#8221;]<div class='gambit_parallax_row' data-bg-align='' data-direction='fixed' data-opacity='100' data-velocity='-0.3' data-mobile-enabled='' data-bg-height='2304' data-bg-width='1792' data-bg-image='https:\/\/nuestrosescritores.com\/angeljesusmartingonzalez\/wp-content\/uploads\/sites\/221\/2025\/11\/Firefly_Crea-una-imagen-de-campos-de-trigo-dorado-mecido-por-el-viento-con-amapolas-rojas-dis-333676.webp' data-bg-repeat='false' data-id='' style='display: none'><\/div><div class=\"gambit_fullheight_row\" data-content-location=\"center\" style=\"display: none\"><\/div>[\/vc_column][\/vc_row][vc_row][vc_column extend=&#8221;false&#8221;][vc_column_text]\n<h1><a name=\"_Toc210672920\"><\/a><strong>Primavera<\/strong><\/h1>\n<p>&nbsp;<\/p>\n<p>Desde mi helada ventana ansiaba tu llegada.<\/p>\n<p>&nbsp;<\/p>\n<p>Finas hilachas del deshielo vaticinaban que estabas cerca.<\/p>\n<p>&nbsp;<\/p>\n<p>Letargo de los sentidos, ahora ansiosos por despertar.<\/p>\n<p>&nbsp;<\/p>\n<p>Salgo a buscarte&#8230;<\/p>\n<p>&nbsp;<\/p>\n<p>Luz, colores y flores me hacen sucumbir a tu hechizo.<\/p>\n<p>&nbsp;<\/p>\n<p>Geranios, gitanillas, azahares y hortensias me reciben engalanadas y coquetas.<\/p>\n<p>&nbsp;<\/p>\n<p>Siempre que puedo voy al sur a disfrutarte;<\/p>\n<p>tus sutiles aromas me reconfortan.<\/p>\n<p>&nbsp;<\/p>\n<p>Intentos de conquista de pr\u00edncipes y princesas de barrio comenzaron siempre en primavera.<\/p>\n<p>&nbsp;<\/p>\n<p>Ah\u00ed fue cuando te conoc\u00ed, y sin saber por qu\u00e9, te dej\u00e9 partir.<\/p>\n<p>&nbsp;<\/p>\n<p>Magos y hechiceros buscan desde anta\u00f1o tu secreto, sin lograr adivinarlo. Inspiraci\u00f3n inagotable para tantos, tu luz nunca se apaga.<\/p>\n<p>&nbsp;<\/p>\n<p>No te vayas, Primavera, que todav\u00eda a\u00fan nos queda.<\/p>\n<p>&nbsp;<\/p>\n<p>Huele ya a verano, y para m\u00ed es pronto que marches tan temprano.<\/p>\n<p>&nbsp;<\/p>\n<p>Te echar\u00e9 de menos, por todo lo que me has dado,<\/p>\n<p>y ahora con pena privado.<\/p>\n<p>&nbsp;<\/p>\n<p>Un a\u00f1o m\u00e1s, ansioso,<\/p>\n<p>te seguir\u00e9 esperando desde mi helada ventana.<\/p>\n<p>&nbsp;<\/p>\n<p>&nbsp;<\/p>\n<span class='bctt-click-to-tweet'><span class='bctt-ctt-text'><a href='https:\/\/x.com\/intent\/tweet?url=https%3A%2F%2Fnuestrosescritores.com%2Fangeljesusmartingonzalez%2Fpoesias%2F&#038;text=Primavera%C2%A0del%20libro%20CUATRO%20ESTACIONES%2C%20VERSOS%20PARA%20ELLA%20de%20%C3%81NGEL%20JES%C3%9AS%20MART%C3%8DN%20GONZ%C3%81LEZ&#038;via=poesiaerestu&#038;related=poesiaerestu' target='_blank'rel=\"noopener noreferrer\">Primavera&nbsp;del libro CUATRO ESTACIONES, VERSOS PARA ELLA de \u00c1NGEL JES\u00daS MART\u00cdN GONZ\u00c1LEZ <\/a><\/span><a href='https:\/\/x.com\/intent\/tweet?url=https%3A%2F%2Fnuestrosescritores.com%2Fangeljesusmartingonzalez%2Fpoesias%2F&#038;text=Primavera%C2%A0del%20libro%20CUATRO%20ESTACIONES%2C%20VERSOS%20PARA%20ELLA%20de%20%C3%81NGEL%20JES%C3%9AS%20MART%C3%8DN%20GONZ%C3%81LEZ&#038;via=poesiaerestu&#038;related=poesiaerestu' target='_blank' class='bctt-ctt-btn'rel=\"noopener noreferrer\">Compartir en X<\/a><\/span>\n<p>&nbsp;[\/vc_column_text][\/vc_column][\/vc_row][vc_row full_width=&#8221;stretch_row_content_no_spaces&#8221;][vc_column extend=&#8221;false&#8221;]<div class='gambit_parallax_row' data-bg-align='' data-direction='fixed' data-opacity='100' data-velocity='-0.3' data-mobile-enabled='' data-bg-height='2304' data-bg-width='1792' data-bg-image='https:\/\/nuestrosescritores.com\/angeljesusmartingonzalez\/wp-content\/uploads\/sites\/221\/2025\/11\/Firefly_Crea-una-imagen-de-hojas-de-otono-ocres-rojas-doradas-cayendo-sobre-un-piano-anti-206762-1.webp' data-bg-repeat='false' data-id='' style='display: none'><\/div><div class=\"gambit_fullheight_row\" data-content-location=\"center\" style=\"display: none\"><\/div>[\/vc_column][\/vc_row][vc_row][vc_column extend=&#8221;false&#8221;][vc_column_text]\n<h1><a name=\"_Toc50565515\"><\/a><\/h1>\n<h1><a name=\"_Toc210672924\"><\/a><strong>Oto\u00f1o<\/strong><\/h1>\n<p>&nbsp;<\/p>\n<p>Amanecer en oto\u00f1o<\/p>\n<p>desde mi refugio en la monta\u00f1a.<\/p>\n<p>&nbsp;<\/p>\n<p>Llegan las primeras brumas del d\u00eda, pintando los madro\u00f1os de grana y oro.<\/p>\n<p>&nbsp;<\/p>\n<p>Equinoccio de oto\u00f1o, ya brotan los primeros reto\u00f1os.<\/p>\n<p>&nbsp;<\/p>\n<p>Dalias, jacintos y crisantemos te esperan en la amarilla pradera de oro y de azul cielo.<\/p>\n<p>&nbsp;<\/p>\n<p>Observo caer hojas de \u00e1lamos y abedules al atardecer, haci\u00e9ndome morir y a la vez renacer.<\/p>\n<p>&nbsp;<\/p>\n<p>Tristes notas que emanan de mi viejo piano<\/p>\n<p>me hacen despertar, invit\u00e1ndome a tocar.<\/p>\n<p>&nbsp;<\/p>\n<p>Dejo llevar mis manos por mi ansioso piano,<\/p>\n<p>que no quiere detenerse de tocar.<\/p>\n<p>&nbsp;<\/p>\n<p>L\u00e1grimas caen en mi interior, sin entender bien el motivo.<\/p>\n<p>&nbsp;<\/p>\n<p>Podr\u00eda ser simplemente el triste olvido.<\/p>\n<p>&nbsp;<\/p>\n<p>Sigo tocando.<\/p>\n<p>&nbsp;<\/p>\n<p>Ahora mi mente viaja sola<\/p>\n<p>por bosques de hayas y arces rojos.<\/p>\n<p>&nbsp;<\/p>\n<p>Bellos petirrojos cantando me acompa\u00f1an en esta extra\u00f1a pero bonita melod\u00eda.<\/p>\n<p>Sigo acariciando mi piano, viendo caer desde mi ventana hojas ocres de abedules,<\/p>\n<p>que en el cielo se balancean.<\/p>\n<p>&nbsp;<\/p>\n<p>El arroyo cercano se las lleva muertas, cual procesi\u00f3n,<\/p>\n<p>con el viento del norte en su fr\u00edo viaje a ninguna parte.<\/p>\n<p>&nbsp;<\/p>\n<p>Es hora de salir al jard\u00edn para quitar<\/p>\n<p>las hojas de mi solitario banco de piedra,<\/p>\n<p>que empieza a tener algo de verd\u00edn.<\/p>\n<p>&nbsp;<\/p>\n<p>Los chasquidos de la le\u00f1a me llaman al interior.<\/p>\n<p>Empieza a hacer fr\u00edo y hay que seguir tocando.<\/p>\n<p>&nbsp;<\/p>\n<p>Jilgueros y ruise\u00f1ores esperan con honores la c\u00e1lida melod\u00eda.<\/p>\n<p>&nbsp;<\/p>\n<p>Notas tranquilas y suaves me reconfortan al recordar a la mujer querida y nunca conseguida.<\/p>\n<p>&nbsp;<\/p>\n<p>Escrib\u00ed un d\u00eda, en una de las hojas que bajaban por el arroyuelo, palabras de amor para ella,<\/p>\n<p>por si el destino acierta en su largo camino.<\/p>\n<p>&nbsp;<\/p>\n<p>Bonito so\u00f1ar, bonito vivir,<\/p>\n<p>y aun as\u00ed, sin amor, ser feliz.<\/p>\n<p>&nbsp;<\/p>\n<p>Ya llegar\u00e1 el duro invierno<\/p>\n<p>y para entonces tendr\u00e9 preparada buena le\u00f1a.<\/p>\n<p>&nbsp;<\/p>\n<p>Ojal\u00e1 me acompa\u00f1es eternamente junto a este viejo piano.<\/p>\n<p>&nbsp;<\/p>\n<p>Mientras, seguir\u00e9 tocando por si acaso escuchas de lejos tu canci\u00f3n preferida.<\/p>\n<p>&nbsp;<\/p>\n<p>Los petirrojos te siguen esperando.<\/p>\n<p>&nbsp;<\/p>\n<span class='bctt-click-to-tweet'><span class='bctt-ctt-text'><a href='https:\/\/x.com\/intent\/tweet?url=https%3A%2F%2Fnuestrosescritores.com%2Fangeljesusmartingonzalez%2Fpoesias%2F&#038;text=Oto%C3%B1o%20del%20libro%20CUATRO%20ESTACIONES%2C%20VERSOS%20PARA%20ELLA%20de%20%C3%81NGEL%20JES%C3%9AS%20MART%C3%8DN%20GONZ%C3%81LEZ&#038;via=poesiaerestu&#038;related=poesiaerestu' target='_blank'rel=\"noopener noreferrer\">Oto\u00f1o del libro CUATRO ESTACIONES, VERSOS PARA ELLA de \u00c1NGEL JES\u00daS MART\u00cdN GONZ\u00c1LEZ <\/a><\/span><a href='https:\/\/x.com\/intent\/tweet?url=https%3A%2F%2Fnuestrosescritores.com%2Fangeljesusmartingonzalez%2Fpoesias%2F&#038;text=Oto%C3%B1o%20del%20libro%20CUATRO%20ESTACIONES%2C%20VERSOS%20PARA%20ELLA%20de%20%C3%81NGEL%20JES%C3%9AS%20MART%C3%8DN%20GONZ%C3%81LEZ&#038;via=poesiaerestu&#038;related=poesiaerestu' target='_blank' class='bctt-ctt-btn'rel=\"noopener noreferrer\">Compartir en X<\/a><\/span>\n<p>&nbsp;<\/p>\n<p>&nbsp;[\/vc_column_text][\/vc_column][\/vc_row][vc_row][vc_column extend=&#8221;false&#8221;]<div class='gambit_parallax_row' data-bg-align='' data-direction='fixed' data-opacity='100' data-velocity='-0.3' data-mobile-enabled='' data-bg-height='2304' data-bg-width='1792' data-bg-image='https:\/\/nuestrosescritores.com\/angeljesusmartingonzalez\/wp-content\/uploads\/sites\/221\/2025\/11\/Firefly_Crea-una-imagen-de-un-libro-antiguo-abierto-con-paginas-volando-al-viento-rosas-y-ja-208046-1.webp' data-bg-repeat='false' data-id='' style='display: none'><\/div><div class=\"gambit_fullheight_row\" data-content-location=\"center\" style=\"display: none\"><\/div>[\/vc_column][\/vc_row][vc_row][vc_column extend=&#8221;false&#8221;][vc_column_text]\n<h1><a name=\"_Toc50565520\"><\/a><\/h1>\n<h1><a name=\"_Toc210672938\"><\/a><strong>\u00bfPor qu\u00e9 lloran las piedras?<\/strong><\/h1>\n<p>&nbsp;<\/p>\n<p>Veo hoy las piedras llorar y me pregunto si es que ya no pueden soportar m\u00e1s, ver nuestro amor supurar.<\/p>\n<p>&nbsp;<\/p>\n<p>Les hablo, las consuelo<\/p>\n<p>y les digo que ojal\u00e1 sus llantos y los ecos de sus l\u00e1grimas lleguen pronto a los o\u00eddos de mi ser querido.<\/p>\n<p>&nbsp;<\/p>\n<p>Ellas me piden, me ruegan que este amor tan bonito nunca se quede en el olvido.<\/p>\n<p>&nbsp;<\/p>\n<p>Llanto de piedras, llanto de auxilio,<\/p>\n<p>llanto por el que yo suspiro.<\/p>\n<p>&nbsp;<\/p>\n<p>Llanto de piedras<\/p>\n<p>que siempre agradecer\u00e9 para no caer en el olvido<\/p>\n<p>este amor prohibido.<\/p>\n<p>&nbsp;<\/p>\n<p>&nbsp;<\/p>\n<p>&nbsp;<\/p>\n<p>&nbsp;<\/p>\n<p>&nbsp;<\/p>\n<p>&nbsp;<\/p>\n<span class='bctt-click-to-tweet'><span class='bctt-ctt-text'><a href='https:\/\/x.com\/intent\/tweet?url=https%3A%2F%2Fnuestrosescritores.com%2Fangeljesusmartingonzalez%2Fpoesias%2F&#038;text=%C2%BFPor%20qu%C3%A9%20lloran%20las%20piedras%3F%20del%20libro%20CUATRO%20ESTACIONES%2C%20VERSOS%20PARA%20ELLA%20de%20%C3%81NGEL%20JES%C3%9AS%20MART%C3%8DN%20GONZ%C3%81LEZ&#038;via=poesiaerestu&#038;related=poesiaerestu' target='_blank'rel=\"noopener noreferrer\">\u00bfPor qu\u00e9 lloran las piedras? del libro CUATRO ESTACIONES, VERSOS PARA ELLA de \u00c1NGEL JES\u00daS MART\u00cdN GONZ\u00c1LEZ <\/a><\/span><a href='https:\/\/x.com\/intent\/tweet?url=https%3A%2F%2Fnuestrosescritores.com%2Fangeljesusmartingonzalez%2Fpoesias%2F&#038;text=%C2%BFPor%20qu%C3%A9%20lloran%20las%20piedras%3F%20del%20libro%20CUATRO%20ESTACIONES%2C%20VERSOS%20PARA%20ELLA%20de%20%C3%81NGEL%20JES%C3%9AS%20MART%C3%8DN%20GONZ%C3%81LEZ&#038;via=poesiaerestu&#038;related=poesiaerestu' target='_blank' class='bctt-ctt-btn'rel=\"noopener noreferrer\">Compartir en X<\/a><\/span>[\/vc_column_text][\/vc_column][\/vc_row][vc_row][vc_column extend=&#8221;false&#8221;]<div class='gambit_parallax_row' data-bg-align='' data-direction='fixed' data-opacity='100' data-velocity='-0.3' data-mobile-enabled='' data-bg-height='2304' data-bg-width='1792' data-bg-image='https:\/\/nuestrosescritores.com\/angeljesusmartingonzalez\/wp-content\/uploads\/sites\/221\/2025\/11\/Firefly_Crea-una-imagen-de-un-libro-antiguo-abierto-con-paginas-volando-al-viento-rosas-y-ja-326739-2.webp' data-bg-repeat='false' data-id='' style='display: none'><\/div><div class=\"gambit_fullheight_row\" data-content-location=\"center\" style=\"display: none\"><\/div>[vc_column_text css=&#8221;&#8221;]\n<p style=\"text-align: center;\"><a class=\"fasc-button fasc-size-xlarge fasc-type-glossy fasc-rounded-medium\" style=\"background-color: #33809e; color: #ffffff;\" href=\"https:\/\/gepa.es\/producto\/cuatro-estaciones-versos-para-ella-angel-jesus-martin-gonzalez\/\">Comprar el libro<\/a><\/p>\n[\/vc_column_text][\/vc_column][\/vc_row]\n<\/div>","protected":false},"excerpt":{"rendered":"<p>[vc_row full_width=&#8221;stretch_row_content_no_spaces&#8221;][vc_column extend=&#8221;false&#8221;][\/vc_column][\/vc_row][vc_row][vc_column extend=&#8221;false&#8221;][vc_column_text] Primavera &nbsp; Desde mi helada ventana ansiaba tu llegada. &nbsp; Finas hilachas del deshielo vaticinaban que estabas cerca. &nbsp; Letargo de los sentidos, ahora ansiosos por despertar. &nbsp; Salgo a buscarte&#8230; &nbsp; Luz, colores y flores me hacen sucumbir a tu hechizo. &nbsp; Geranios, gitanillas, azahares y hortensias me reciben engalanadas [&hellip;]<\/p>\n","protected":false},"author":1,"featured_media":90,"parent":0,"menu_order":0,"comment_status":"closed","ping_status":"closed","template":"","meta":{"_acf_changed":false,"footnotes":""},"class_list":["post-173","page","type-page","status-publish","has-post-thumbnail","hentry"],"acf":[],"yoast_head":"<!-- This site is optimized with the Yoast SEO Premium plugin v24.7 (Yoast SEO v27.6) - https:\/\/yoast.com\/product\/yoast-seo-premium-wordpress\/ -->\n<title>POES\u00cdAS - \u00c1ngel Jes\u00fas Mart\u00edn Gonz\u00e1lez<\/title>\n<meta name=\"description\" content=\"Descubre la poes\u00eda de \u00c1ngel Jes\u00fas Mart\u00edn Gonz\u00e1lez: versos de \u201cCuatro estaciones, versos para ella\u201d llenos de sensibilidad y emoci\u00f3n natural.\" \/>\n<meta name=\"robots\" content=\"index, follow, max-snippet:-1, max-image-preview:large, max-video-preview:-1\" \/>\n<link rel=\"canonical\" href=\"https:\/\/nuestrosescritores.com\/angeljesusmartingonzalez\/poesias\/\" \/>\n<meta property=\"og:locale\" content=\"es_ES\" \/>\n<meta property=\"og:type\" content=\"article\" \/>\n<meta property=\"og:title\" content=\"POES\u00cdAS\" \/>\n<meta property=\"og:description\" content=\"Descubre la poes\u00eda de \u00c1ngel Jes\u00fas Mart\u00edn Gonz\u00e1lez: versos de \u201cCuatro estaciones, versos para ella\u201d llenos de sensibilidad y emoci\u00f3n natural.\" \/>\n<meta property=\"og:url\" content=\"https:\/\/nuestrosescritores.com\/angeljesusmartingonzalez\/poesias\/\" \/>\n<meta property=\"og:site_name\" content=\"\u00c1ngel Jes\u00fas Mart\u00edn Gonz\u00e1lez\" \/>\n<meta property=\"og:image\" content=\"http:\/\/nuestrosescritores.com\/angeljesusmartingonzalez\/wp-content\/uploads\/sites\/221\/2025\/11\/0_Portada_Cuatroestaciones.webp\" \/>\n\t<meta property=\"og:image:width\" content=\"559\" \/>\n\t<meta property=\"og:image:height\" content=\"794\" \/>\n\t<meta property=\"og:image:type\" content=\"image\/webp\" \/>\n<meta name=\"twitter:card\" content=\"summary_large_image\" \/>\n<meta name=\"twitter:label1\" content=\"Tiempo de lectura\" \/>\n\t<meta name=\"twitter:data1\" content=\"4 minutos\" \/>\n<script type=\"application\/ld+json\" class=\"yoast-schema-graph\">{\"@context\":\"https:\\\/\\\/schema.org\",\"@graph\":[{\"@type\":\"WebPage\",\"@id\":\"https:\\\/\\\/nuestrosescritores.com\\\/angeljesusmartingonzalez\\\/poesias\\\/\",\"url\":\"https:\\\/\\\/nuestrosescritores.com\\\/angeljesusmartingonzalez\\\/poesias\\\/\",\"name\":\"POES\u00cdAS - \u00c1ngel Jes\u00fas Mart\u00edn Gonz\u00e1lez\",\"isPartOf\":{\"@id\":\"https:\\\/\\\/nuestrosescritores.com\\\/angeljesusmartingonzalez\\\/#website\"},\"primaryImageOfPage\":{\"@id\":\"https:\\\/\\\/nuestrosescritores.com\\\/angeljesusmartingonzalez\\\/poesias\\\/#primaryimage\"},\"image\":{\"@id\":\"https:\\\/\\\/nuestrosescritores.com\\\/angeljesusmartingonzalez\\\/poesias\\\/#primaryimage\"},\"thumbnailUrl\":\"https:\\\/\\\/nuestrosescritores.com\\\/angeljesusmartingonzalez\\\/wp-content\\\/uploads\\\/sites\\\/221\\\/2025\\\/11\\\/0_Portada_Cuatroestaciones.webp\",\"datePublished\":\"2025-11-08T20:53:04+00:00\",\"description\":\"Descubre la poes\u00eda de \u00c1ngel Jes\u00fas Mart\u00edn Gonz\u00e1lez: versos de \u201cCuatro estaciones, versos para ella\u201d llenos de sensibilidad y emoci\u00f3n natural.\",\"breadcrumb\":{\"@id\":\"https:\\\/\\\/nuestrosescritores.com\\\/angeljesusmartingonzalez\\\/poesias\\\/#breadcrumb\"},\"inLanguage\":\"es\",\"potentialAction\":[{\"@type\":\"ReadAction\",\"target\":[\"https:\\\/\\\/nuestrosescritores.com\\\/angeljesusmartingonzalez\\\/poesias\\\/\"]}]},{\"@type\":\"ImageObject\",\"inLanguage\":\"es\",\"@id\":\"https:\\\/\\\/nuestrosescritores.com\\\/angeljesusmartingonzalez\\\/poesias\\\/#primaryimage\",\"url\":\"https:\\\/\\\/nuestrosescritores.com\\\/angeljesusmartingonzalez\\\/wp-content\\\/uploads\\\/sites\\\/221\\\/2025\\\/11\\\/0_Portada_Cuatroestaciones.webp\",\"contentUrl\":\"https:\\\/\\\/nuestrosescritores.com\\\/angeljesusmartingonzalez\\\/wp-content\\\/uploads\\\/sites\\\/221\\\/2025\\\/11\\\/0_Portada_Cuatroestaciones.webp\",\"width\":559,\"height\":794,\"caption\":\"Portada Cuatro estaciones\"},{\"@type\":\"BreadcrumbList\",\"@id\":\"https:\\\/\\\/nuestrosescritores.com\\\/angeljesusmartingonzalez\\\/poesias\\\/#breadcrumb\",\"itemListElement\":[{\"@type\":\"ListItem\",\"position\":1,\"name\":\"Portada\",\"item\":\"https:\\\/\\\/nuestrosescritores.com\\\/angeljesusmartingonzalez\\\/\"},{\"@type\":\"ListItem\",\"position\":2,\"name\":\"POES\u00cdAS\"}]},{\"@type\":\"WebSite\",\"@id\":\"https:\\\/\\\/nuestrosescritores.com\\\/angeljesusmartingonzalez\\\/#website\",\"url\":\"https:\\\/\\\/nuestrosescritores.com\\\/angeljesusmartingonzalez\\\/\",\"name\":\"Nuestros escritores\",\"description\":\"Escritor\",\"potentialAction\":[{\"@type\":\"SearchAction\",\"target\":{\"@type\":\"EntryPoint\",\"urlTemplate\":\"https:\\\/\\\/nuestrosescritores.com\\\/angeljesusmartingonzalez\\\/?s={search_term_string}\"},\"query-input\":{\"@type\":\"PropertyValueSpecification\",\"valueRequired\":true,\"valueName\":\"search_term_string\"}}],\"inLanguage\":\"es\"}]}<\/script>\n<!-- \/ Yoast SEO Premium plugin. -->","yoast_head_json":{"title":"POES\u00cdAS - \u00c1ngel Jes\u00fas Mart\u00edn Gonz\u00e1lez","description":"Descubre la poes\u00eda de \u00c1ngel Jes\u00fas Mart\u00edn Gonz\u00e1lez: versos de \u201cCuatro estaciones, versos para ella\u201d llenos de sensibilidad y emoci\u00f3n natural.","robots":{"index":"index","follow":"follow","max-snippet":"max-snippet:-1","max-image-preview":"max-image-preview:large","max-video-preview":"max-video-preview:-1"},"canonical":"https:\/\/nuestrosescritores.com\/angeljesusmartingonzalez\/poesias\/","og_locale":"es_ES","og_type":"article","og_title":"POES\u00cdAS","og_description":"Descubre la poes\u00eda de \u00c1ngel Jes\u00fas Mart\u00edn Gonz\u00e1lez: versos de \u201cCuatro estaciones, versos para ella\u201d llenos de sensibilidad y emoci\u00f3n natural.","og_url":"https:\/\/nuestrosescritores.com\/angeljesusmartingonzalez\/poesias\/","og_site_name":"\u00c1ngel Jes\u00fas Mart\u00edn Gonz\u00e1lez","og_image":[{"width":559,"height":794,"url":"http:\/\/nuestrosescritores.com\/angeljesusmartingonzalez\/wp-content\/uploads\/sites\/221\/2025\/11\/0_Portada_Cuatroestaciones.webp","type":"image\/webp"}],"twitter_card":"summary_large_image","twitter_misc":{"Tiempo de lectura":"4 minutos"},"schema":{"@context":"https:\/\/schema.org","@graph":[{"@type":"WebPage","@id":"https:\/\/nuestrosescritores.com\/angeljesusmartingonzalez\/poesias\/","url":"https:\/\/nuestrosescritores.com\/angeljesusmartingonzalez\/poesias\/","name":"POES\u00cdAS - \u00c1ngel Jes\u00fas Mart\u00edn Gonz\u00e1lez","isPartOf":{"@id":"https:\/\/nuestrosescritores.com\/angeljesusmartingonzalez\/#website"},"primaryImageOfPage":{"@id":"https:\/\/nuestrosescritores.com\/angeljesusmartingonzalez\/poesias\/#primaryimage"},"image":{"@id":"https:\/\/nuestrosescritores.com\/angeljesusmartingonzalez\/poesias\/#primaryimage"},"thumbnailUrl":"https:\/\/nuestrosescritores.com\/angeljesusmartingonzalez\/wp-content\/uploads\/sites\/221\/2025\/11\/0_Portada_Cuatroestaciones.webp","datePublished":"2025-11-08T20:53:04+00:00","description":"Descubre la poes\u00eda de \u00c1ngel Jes\u00fas Mart\u00edn Gonz\u00e1lez: versos de \u201cCuatro estaciones, versos para ella\u201d llenos de sensibilidad y emoci\u00f3n natural.","breadcrumb":{"@id":"https:\/\/nuestrosescritores.com\/angeljesusmartingonzalez\/poesias\/#breadcrumb"},"inLanguage":"es","potentialAction":[{"@type":"ReadAction","target":["https:\/\/nuestrosescritores.com\/angeljesusmartingonzalez\/poesias\/"]}]},{"@type":"ImageObject","inLanguage":"es","@id":"https:\/\/nuestrosescritores.com\/angeljesusmartingonzalez\/poesias\/#primaryimage","url":"https:\/\/nuestrosescritores.com\/angeljesusmartingonzalez\/wp-content\/uploads\/sites\/221\/2025\/11\/0_Portada_Cuatroestaciones.webp","contentUrl":"https:\/\/nuestrosescritores.com\/angeljesusmartingonzalez\/wp-content\/uploads\/sites\/221\/2025\/11\/0_Portada_Cuatroestaciones.webp","width":559,"height":794,"caption":"Portada Cuatro estaciones"},{"@type":"BreadcrumbList","@id":"https:\/\/nuestrosescritores.com\/angeljesusmartingonzalez\/poesias\/#breadcrumb","itemListElement":[{"@type":"ListItem","position":1,"name":"Portada","item":"https:\/\/nuestrosescritores.com\/angeljesusmartingonzalez\/"},{"@type":"ListItem","position":2,"name":"POES\u00cdAS"}]},{"@type":"WebSite","@id":"https:\/\/nuestrosescritores.com\/angeljesusmartingonzalez\/#website","url":"https:\/\/nuestrosescritores.com\/angeljesusmartingonzalez\/","name":"Nuestros escritores","description":"Escritor","potentialAction":[{"@type":"SearchAction","target":{"@type":"EntryPoint","urlTemplate":"https:\/\/nuestrosescritores.com\/angeljesusmartingonzalez\/?s={search_term_string}"},"query-input":{"@type":"PropertyValueSpecification","valueRequired":true,"valueName":"search_term_string"}}],"inLanguage":"es"}]}},"_links":{"self":[{"href":"https:\/\/nuestrosescritores.com\/angeljesusmartingonzalez\/wp-json\/wp\/v2\/pages\/173","targetHints":{"allow":["GET"]}}],"collection":[{"href":"https:\/\/nuestrosescritores.com\/angeljesusmartingonzalez\/wp-json\/wp\/v2\/pages"}],"about":[{"href":"https:\/\/nuestrosescritores.com\/angeljesusmartingonzalez\/wp-json\/wp\/v2\/types\/page"}],"author":[{"embeddable":true,"href":"https:\/\/nuestrosescritores.com\/angeljesusmartingonzalez\/wp-json\/wp\/v2\/users\/1"}],"replies":[{"embeddable":true,"href":"https:\/\/nuestrosescritores.com\/angeljesusmartingonzalez\/wp-json\/wp\/v2\/comments?post=173"}],"version-history":[{"count":0,"href":"https:\/\/nuestrosescritores.com\/angeljesusmartingonzalez\/wp-json\/wp\/v2\/pages\/173\/revisions"}],"wp:featuredmedia":[{"embeddable":true,"href":"https:\/\/nuestrosescritores.com\/angeljesusmartingonzalez\/wp-json\/wp\/v2\/media\/90"}],"wp:attachment":[{"href":"https:\/\/nuestrosescritores.com\/angeljesusmartingonzalez\/wp-json\/wp\/v2\/media?parent=173"}],"curies":[{"name":"wp","href":"https:\/\/api.w.org\/{rel}","templated":true}]}}