{"id":64,"date":"2020-10-25T11:16:14","date_gmt":"2020-10-25T11:16:14","guid":{"rendered":"https:\/\/nuestrosescritores.com\/andresmartinezdiaz\/?page_id=64"},"modified":"2020-10-25T16:12:16","modified_gmt":"2020-10-25T16:12:16","slug":"poesia","status":"publish","type":"page","link":"https:\/\/nuestrosescritores.com\/andresmartinezdiaz\/poesia\/","title":{"rendered":"POES\u00cdA"},"content":{"rendered":"<div class=\"wpb-content-wrapper\">[vc_row full_width=&#8221;stretch_row_content_no_spaces&#8221;][vc_column extend=&#8221;false&#8221;]<div class='gambit_parallax_row' data-bg-align='' data-direction='fixed' data-opacity='100' data-velocity='-0.3' data-mobile-enabled='' data-bg-height='1709' data-bg-width='2560' data-bg-image='https:\/\/nuestrosescritores.com\/andresmartinezdiaz\/wp-content\/uploads\/sites\/61\/2020\/10\/cxpaajm_bbe-scaled.jpg' data-bg-repeat='false' data-id='' style='display: none'><\/div><div class=\"gambit_fullheight_row\" data-content-location=\"center\" style=\"display: none\"><\/div>[\/vc_column][\/vc_row][vc_row][vc_column extend=&#8221;false&#8221;][vc_column_text]\n<h1><a name=\"_Toc53327352\"><\/a><\/h1>\n<h1><a name=\"_Toc52736252\"><\/a><strong>A LOS CUARENTA<\/strong><\/h1>\n<p>&nbsp;<\/p>\n<p>El fruto de tus ra\u00edces,<\/p>\n<p>huellas que el tiempo dej\u00f3,<\/p>\n<p>heridas que hoy son cicatrices,<\/p>\n<p>sue\u00f1os que nunca olvid\u00f3.<\/p>\n<p>&nbsp;<\/p>\n<p>Fr\u00e1giles son los recuerdos<\/p>\n<p>de lo que no tiene valor,<\/p>\n<p>contigo cada momento<\/p>\n<p>grabado a fuego qued\u00f3.<\/p>\n<p>&nbsp;<\/p>\n<p>El tiempo corre en mi contra,<\/p>\n<p>contigo juega a favor,<\/p>\n<p>por m\u00e1s que huyo de mi sombra<\/p>\n<p>corre lo mismo que yo.<\/p>\n<p>&nbsp;<\/p>\n<p>Al volver atr\u00e1s la cabeza<\/p>\n<p>el hueco es cada vez mayor<\/p>\n<p>pero tengo la certeza:<\/p>\n<p>volver\u00eda a ser como soy.<\/p>\n<p>&nbsp;<\/p>\n<p>La edad no importa, \u00a1de veras!,<\/p>\n<p>se lleva en el coraz\u00f3n,<\/p>\n<p>palpita el tuyo con fuerza<\/p>\n<p>el de otros nunca lati\u00f3.<\/p>\n<p>&nbsp;<\/p>\n<p>No tengo envidia de nadie,<\/p>\n<p>yo siempre quise ser yo,<\/p>\n<p>lo poco o mucho que tengo<\/p>\n<p>nadie me lo regal\u00f3,<\/p>\n<p>es fruto de mi sudor.<\/p>\n<p>&nbsp;<\/p>\n<p>No te asusten los cuarenta,<\/p>\n<p>pasamos a\u00f1os peor<\/p>\n<p>y sigues sabiendo a menta,<\/p>\n<p>az\u00facar, canela y ron.<\/p>\n<p>&nbsp;<\/p>\n<p>&nbsp;<\/p>\n<p>&nbsp;<\/p>\n<p>&nbsp;<\/p>\n<p>&nbsp;<\/p>\n<p><em>Disco \u201cAprendiendo a Convivir\u201d<\/em><\/p>\n<span class='bctt-click-to-tweet'><span class='bctt-ctt-text'><a href='https:\/\/x.com\/intent\/tweet?url=https%3A%2F%2Fnuestrosescritores.com%2Fandresmartinezdiaz%2Fpoesia%2F&#038;text=A%20LOS%20CUARENTA%20del%20libro%20EL%20PINTOR%20DE%20PALABRAS%20de%20ANDR%C3%89S%20MART%C3%8DNEZ%20D%C3%8DAZ&#038;via=poesiaerestu&#038;related=poesiaerestu' target='_blank'rel=\"noopener noreferrer\">A LOS CUARENTA del libro EL PINTOR DE PALABRAS de ANDR\u00c9S MART\u00cdNEZ D\u00cdAZ <\/a><\/span><a href='https:\/\/x.com\/intent\/tweet?url=https%3A%2F%2Fnuestrosescritores.com%2Fandresmartinezdiaz%2Fpoesia%2F&#038;text=A%20LOS%20CUARENTA%20del%20libro%20EL%20PINTOR%20DE%20PALABRAS%20de%20ANDR%C3%89S%20MART%C3%8DNEZ%20D%C3%8DAZ&#038;via=poesiaerestu&#038;related=poesiaerestu' target='_blank' class='bctt-ctt-btn'rel=\"noopener noreferrer\">Compartir en X<\/a><\/span>[\/vc_column_text][\/vc_column][\/vc_row][vc_row full_width=&#8221;stretch_row_content_no_spaces&#8221;][vc_column extend=&#8221;false&#8221;]<div class='gambit_parallax_row' data-bg-align='' data-direction='fixed' data-opacity='100' data-velocity='-0.3' data-mobile-enabled='' data-bg-height='1707' data-bg-width='2560' data-bg-image='https:\/\/nuestrosescritores.com\/andresmartinezdiaz\/wp-content\/uploads\/sites\/61\/2020\/10\/j_1mdpfhvf4-scaled.jpg' data-bg-repeat='false' data-id='' style='display: none'><\/div><div class=\"gambit_fullheight_row\" data-content-location=\"center\" style=\"display: none\"><\/div>[\/vc_column][\/vc_row][vc_row][vc_column extend=&#8221;false&#8221;][vc_column_text]\n<h1>&nbsp;<\/h1>\n<h1><a name=\"_Toc52736258\"><\/a><strong>DE OTRA GENERACI\u00d3N<\/strong><\/h1>\n<p>&nbsp;<\/p>\n<p>Voy dejando los rastros de mi vida<\/p>\n<p>como el que arroja migas de pan,<\/p>\n<p>sin volver nunca al punto de partida<\/p>\n<p>donde son muchos los que no est\u00e1n.<\/p>\n<p>&nbsp;<\/p>\n<p>No soy un producto de la tecnolog\u00eda,<\/p>\n<p>ni me interesa lo artificial,<\/p>\n<p>me quedo siempre con la parte afectiva,<\/p>\n<p>prefiero vivir a tiempo real.<\/p>\n<p>&nbsp;<\/p>\n<p>Yo elijo las cartas con las que quiero quedarme,<\/p>\n<p>sin ases en la manga, trampa, ni cart\u00f3n,<\/p>\n<p>no miro si la audiencia cumple las expectativas<\/p>\n<p>porque mi software es de otra generaci\u00f3n.<\/p>\n<p>&nbsp;<\/p>\n<p>Odio los chips que leen el pensamiento,<\/p>\n<p>el l\u00e1ser que registra mi huella digital,<\/p>\n<p>no creo en la anal\u00edtica, ni en el tanto por ciento,<\/p>\n<p>porque mi sangre no es igual.<\/p>\n<p>&nbsp;<\/p>\n<p>Soy lo que no muestran las radiograf\u00edas,<\/p>\n<p>aquello que no entiende el decodificador,<\/p>\n<p>estimo a las personas m\u00e1s que a las grandes compa\u00f1\u00edas<\/p>\n<p>que visan cambalaches con el legislador.<\/p>\n<p>&nbsp;<\/p>\n<p>Me fio de mi instinto para no bajar programas,<\/p>\n<p>ni bases de datos, \u00bfyo qu\u00e9 tengo de robot?,<\/p>\n<p>mejor que cien mil pixeles es verte cara a cara<\/p>\n<p>porque mi software es de otra generaci\u00f3n.<\/p>\n<p>&nbsp;<\/p>\n<p>&nbsp;<\/p>\n<p><em>Disco \u201cMar adentro\u201d<\/em><\/p>\n<span class='bctt-click-to-tweet'><span class='bctt-ctt-text'><a href='https:\/\/x.com\/intent\/tweet?url=https%3A%2F%2Fnuestrosescritores.com%2Fandresmartinezdiaz%2Fpoesia%2F&#038;text=DE%20OTRA%20GENERACI%C3%93N%C2%A0del%20libro%20EL%20PINTOR%20DE%20PALABRAS%20de%20ANDR%C3%89S%20MART%C3%8DNEZ%20D%C3%8DAZ&#038;via=poesiaerestu&#038;related=poesiaerestu' target='_blank'rel=\"noopener noreferrer\">DE OTRA GENERACI\u00d3N&nbsp;del libro EL PINTOR DE PALABRAS de ANDR\u00c9S MART\u00cdNEZ D\u00cdAZ <\/a><\/span><a href='https:\/\/x.com\/intent\/tweet?url=https%3A%2F%2Fnuestrosescritores.com%2Fandresmartinezdiaz%2Fpoesia%2F&#038;text=DE%20OTRA%20GENERACI%C3%93N%C2%A0del%20libro%20EL%20PINTOR%20DE%20PALABRAS%20de%20ANDR%C3%89S%20MART%C3%8DNEZ%20D%C3%8DAZ&#038;via=poesiaerestu&#038;related=poesiaerestu' target='_blank' class='bctt-ctt-btn'rel=\"noopener noreferrer\">Compartir en X<\/a><\/span>\n<p>&nbsp;<\/p>\n<p>&nbsp;[\/vc_column_text][\/vc_column][\/vc_row][vc_row][vc_column extend=&#8221;false&#8221;]<div class='gambit_parallax_row' data-bg-align='' data-direction='fixed' data-opacity='100' data-velocity='-0.3' data-mobile-enabled='' data-bg-height='1440' data-bg-width='2560' data-bg-image='https:\/\/nuestrosescritores.com\/andresmartinezdiaz\/wp-content\/uploads\/sites\/61\/2020\/10\/8u6tpnmo99k-scaled.jpg' data-bg-repeat='false' data-id='' style='display: none'><\/div><div class=\"gambit_fullheight_row\" data-content-location=\"center\" style=\"display: none\"><\/div>[\/vc_column][\/vc_row][vc_row][vc_column extend=&#8221;false&#8221;][vc_column_text]\n<h1><strong>DONDE TE LLEVA EL AIRE<\/strong><\/h1>\n<p>&nbsp;<\/p>\n<p>Decir aquello que piensas<\/p>\n<p>sin pensar lo que dices,<\/p>\n<p>te cerrar\u00e1 muchas puertas<\/p>\n<p>en tus propias narices.<\/p>\n<p>&nbsp;<\/p>\n<p>No quiero ser marioneta,<\/p>\n<p>ni que me muevan los hilos,<\/p>\n<p>vivir atado a una cuerda<\/p>\n<p>como en el banco el bol\u00edgrafo.<\/p>\n<p>&nbsp;<\/p>\n<p>Que no te pongan barreras,<\/p>\n<p>vive siempre a tu aire,<\/p>\n<p>que los que fijan fronteras<\/p>\n<p>son todos unos mangantes.<\/p>\n<p>&nbsp;<\/p>\n<p>Mejor llegar en patera<\/p>\n<p>que morirse de hambre,<\/p>\n<p>vivir como las gaviotas,<\/p>\n<p>donde te lleva el aire.<\/p>\n<p>&nbsp;<\/p>\n<p>&nbsp;<\/p>\n<p>Nunca te f\u00edes de promesas<\/p>\n<p>de aquellos que no conoces,<\/p>\n<p>ni han compartido tu mesa,<\/p>\n<p>ni tienen pinta de pobre.<\/p>\n<p>&nbsp;<\/p>\n<p>No vivas sobre ra\u00edles,<\/p>\n<p>ni tras el escaparate,<\/p>\n<p>mejor haciendo equilibrio<\/p>\n<p>colgado sobre un alambre.<\/p>\n<p>&nbsp;<\/p>\n<p>&nbsp;<\/p>\n<p>T\u00e9nganme los que mandan<\/p>\n<p>por un pobre tunante,<\/p>\n<p>no quiero ser de su turba:<\/p>\n<p>fantoches, peleles y botarates.<\/p>\n<p>&nbsp;<\/p>\n<p>Enciende al cabo una hoguera,<\/p>\n<p>\u00fanete a este aquelarre,<\/p>\n<p>vuela como la ceniza,<\/p>\n<p>donde te lleva el aire.<\/p>\n<p>&nbsp;<\/p>\n<p>La libertad no se compra<\/p>\n<p>es un derecho de sangre,<\/p>\n<p>da igual venir de la China<\/p>\n<p>que haber nacido en Zimbabue.<\/p>\n<p>&nbsp;<\/p>\n<p>Sin rellenar cuestionarios,<\/p>\n<p>lejos de profesionales,<\/p>\n<p>mejor que un acuario,<\/p>\n<p>aguas internacionales.<\/p>\n<p>&nbsp;<\/p>\n<p>Que nunca fue mi objetivo<\/p>\n<p>amontonar propiedades,<\/p>\n<p>rendir a otros tributos,<\/p>\n<p>culto, ni vasallaje.<\/p>\n<p>&nbsp;<\/p>\n<p>Vive sin miedo la vida,<\/p>\n<p>sin jarcias de amarres,<\/p>\n<p>como la hoja ca\u00edda,<\/p>\n<p>donde te lleva el aire.<\/p>\n<p>&nbsp;<\/p>\n<p>&nbsp;<\/p>\n<p><em>Disco \u201cDonde te lleva el aire\u201d<\/em><\/p>\n<p>&nbsp;<\/p>\n<span class='bctt-click-to-tweet'><span class='bctt-ctt-text'><a href='https:\/\/x.com\/intent\/tweet?url=https%3A%2F%2Fnuestrosescritores.com%2Fandresmartinezdiaz%2Fpoesia%2F&#038;text=DONDE%20TE%20LLEVA%20EL%20AIRE%C2%A0del%20libro%20EL%20PINTOR%20DE%20PALABRAS%20de%20ANDR%C3%89S%20MART%C3%8DNEZ%20D%C3%8DAZ&#038;via=poesiaerestu&#038;related=poesiaerestu' target='_blank'rel=\"noopener noreferrer\">DONDE TE LLEVA EL AIRE&nbsp;del libro EL PINTOR DE PALABRAS de ANDR\u00c9S MART\u00cdNEZ D\u00cdAZ <\/a><\/span><a href='https:\/\/x.com\/intent\/tweet?url=https%3A%2F%2Fnuestrosescritores.com%2Fandresmartinezdiaz%2Fpoesia%2F&#038;text=DONDE%20TE%20LLEVA%20EL%20AIRE%C2%A0del%20libro%20EL%20PINTOR%20DE%20PALABRAS%20de%20ANDR%C3%89S%20MART%C3%8DNEZ%20D%C3%8DAZ&#038;via=poesiaerestu&#038;related=poesiaerestu' target='_blank' class='bctt-ctt-btn'rel=\"noopener noreferrer\">Compartir en X<\/a><\/span>[\/vc_column_text][\/vc_column][\/vc_row][vc_row][vc_column extend=&#8221;false&#8221;]<div class='gambit_parallax_row' data-bg-align='' data-direction='fixed' data-opacity='100' data-velocity='-0.3' data-mobile-enabled='' data-bg-height='2560' data-bg-width='1707' data-bg-image='https:\/\/nuestrosescritores.com\/andresmartinezdiaz\/wp-content\/uploads\/sites\/61\/2020\/10\/h71fsebxzuc-scaled.jpg' data-bg-repeat='false' data-id='' style='display: none'><\/div><div class=\"gambit_fullheight_row\" data-content-location=\"center\" style=\"display: none\"><\/div>[\/vc_column][\/vc_row][vc_row][vc_column extend=&#8221;false&#8221;][vc_column_text]\n<h1><a name=\"_Toc52736268\"><\/a><strong>EL PINTOR DE PALABRAS<\/strong><\/h1>\n<p>&nbsp;<\/p>\n<p>Mientras la luz del cielo apaga el d\u00eda,<\/p>\n<p>azotados por el viento del oto\u00f1o,<\/p>\n<p>tras la vieja ventana carcomida<\/p>\n<p>quedan los \u00e1rboles en troncos<\/p>\n<p>y a la luz de una vela encendida,<\/p>\n<p>perlado de sudor el rostro,<\/p>\n<p>rezuman de alcohol sus heridas,<\/p>\n<p>amarga sentir que est\u00e1 solo.<\/p>\n<p>&nbsp;<\/p>\n<p>Sus manos, anta\u00f1o fuertes y nervudas,<\/p>\n<p>tiemblan al rasgar la piel del papiro,<\/p>\n<p>el desamor y la vida son su partitura,<\/p>\n<p>perdido en el tiempo transcurrido,<\/p>\n<p>apenas legible es ya su escritura;<\/p>\n<p>los ojos de rayo, taciturno y distra\u00eddo,<\/p>\n<p>maldice su suerte, su mala ventura,<\/p>\n<p>su \u00fanico libro qued\u00f3 en el olvido.<\/p>\n<p>&nbsp;<\/p>\n<p>Pintaba palabras con rimas de amores,<\/p>\n<p>sonetos de d\u00eda, romances de noche,<\/p>\n<p>su m\u00e1gica pluma romp\u00eda corazones,<\/p>\n<p>regalaba poes\u00edas, todo era derroche,<\/p>\n<p>cach\u00e9 no ped\u00eda, ni estaba en Autores,<\/p>\n<p>al punto era joven con planta de roble,<\/p>\n<p>hasta que una lozana lo hizo girones.<\/p>\n<p>&nbsp;<\/p>\n<p>Hiere la ma\u00f1ana y el cielo se inunda<\/p>\n<p>de azules el\u00e9ctricos con manchas de espuma,<\/p>\n<p>la campi\u00f1a despierta y su aura susurra<\/p>\n<p>l\u00e1grimas de roc\u00edo que llora la luna.<\/p>\n<p>&nbsp;<\/p>\n<p>Su cabeza se llena de viejos recuerdos,<\/p>\n<p>apenas despierta, volver quiere al sue\u00f1o,<\/p>\n<p>su vida era entonces apenas boceto,<\/p>\n<p>vestido de fiesta recitaba sus versos.<\/p>\n<p>&nbsp;<\/p>\n<p>Garabatos del alma llenan su libreta,<\/p>\n<p>profanado papel cortado a inglete;<\/p>\n<p>ajado el tintero, en \u00e9l quedan presas<\/p>\n<p>palabras que hieren como un estilete,<\/p>\n<p>apenas retazos de poes\u00edas incompletas.<\/p>\n<p>El pelo nevado, los ojos hundidos,<\/p>\n<p>la frente arrugada, de harapos vestido,<\/p>\n<p>el viejo poeta ya no siente fr\u00edo.<\/p>\n<p>&nbsp;<\/p>\n<p>Pintaba palabras con rimas de amores,<\/p>\n<p>sonetos de d\u00eda, romances de noche,<\/p>\n<p>su m\u00e1gica pluma romp\u00eda corazones,<\/p>\n<p>regalaba poes\u00edas, todo era derroche,<\/p>\n<p>cach\u00e9 no ped\u00eda, ni estaba en Autores,<\/p>\n<p>al punto era joven con planta de roble,<\/p>\n<p>hasta que una lozana lo hizo girones.<\/p>\n<p><em>Disco \u201cDonde te lleva el aire\u201d<\/em><\/p>\n<p>&nbsp;<\/p>\n<span class='bctt-click-to-tweet'><span class='bctt-ctt-text'><a href='https:\/\/x.com\/intent\/tweet?url=https%3A%2F%2Fnuestrosescritores.com%2Fandresmartinezdiaz%2Fpoesia%2F&#038;text=EL%20PINTOR%20DE%20PALABRAS%20del%20libro%20EL%20PINTOR%20DE%20PALABRAS%20de%20ANDR%C3%89S%20MART%C3%8DNEZ%20D%C3%8DAZ&#038;via=poesiaerestu&#038;related=poesiaerestu' target='_blank'rel=\"noopener noreferrer\">EL PINTOR DE PALABRAS del libro EL PINTOR DE PALABRAS de ANDR\u00c9S MART\u00cdNEZ D\u00cdAZ <\/a><\/span><a href='https:\/\/x.com\/intent\/tweet?url=https%3A%2F%2Fnuestrosescritores.com%2Fandresmartinezdiaz%2Fpoesia%2F&#038;text=EL%20PINTOR%20DE%20PALABRAS%20del%20libro%20EL%20PINTOR%20DE%20PALABRAS%20de%20ANDR%C3%89S%20MART%C3%8DNEZ%20D%C3%8DAZ&#038;via=poesiaerestu&#038;related=poesiaerestu' target='_blank' class='bctt-ctt-btn'rel=\"noopener noreferrer\">Compartir en X<\/a><\/span>[\/vc_column_text][\/vc_column][\/vc_row][vc_row][vc_column extend=&#8221;false&#8221;]<div class='gambit_parallax_row' data-bg-align='' data-direction='fixed' data-opacity='100' data-velocity='-0.3' data-mobile-enabled='' data-bg-height='2560' data-bg-width='1707' data-bg-image='https:\/\/nuestrosescritores.com\/andresmartinezdiaz\/wp-content\/uploads\/sites\/61\/2020\/10\/ctj8vbzex44-scaled.jpg' data-bg-repeat='false' data-id='' style='display: none'><\/div><div class=\"gambit_fullheight_row\" data-content-location=\"center\" style=\"display: none\"><\/div>[\/vc_column][\/vc_row][vc_row][vc_column extend=&#8221;false&#8221;][vc_column_text]\n<h1><a name=\"_Toc52736282\"><\/a><strong>MI SIRENA DE LA MAR<\/strong><\/h1>\n<p>&nbsp;<\/p>\n<p>S\u00e9 muy bien d\u00f3nde me encuentro ahora,<\/p>\n<p>eres t\u00fa el camino que me trajo aqu\u00ed,<\/p>\n<p>a tu lado no pasan las horas,<\/p>\n<p>se detuvo el tiempo un mes de abril.<\/p>\n<p>&nbsp;<\/p>\n<p>S\u00e9 muy bien que ya no soy el mismo,<\/p>\n<p>aunque no renuncio a ser quien fui,<\/p>\n<p>compartimos juntos tantas cosas<\/p>\n<p>que a tu lado todo lo aprend\u00ed.<\/p>\n<p>&nbsp;<\/p>\n<p>Contigo el tiempo es un suspiro,<\/p>\n<p>ingrato enemigo y desleal,<\/p>\n<p>imagen del espejo en que me miro,<\/p>\n<p>reflejos del ayer tras el cristal.<\/p>\n<p>&nbsp;<\/p>\n<p>El r\u00edo donde mi vida desemboca,<\/p>\n<p>suave brisa, olor a sal,<\/p>\n<p>tu canto me atrae como las olas,<\/p>\n<p>\u00a1ay sirena!, mi sirena de la mar.<\/p>\n<p>&nbsp;<\/p>\n<p>S\u00e9 muy bien que no soy invencible,<\/p>\n<p>que en la vida el premio no es ganar,<\/p>\n<p>que no hay otra muerte m\u00e1s horrible<\/p>\n<p>que a tu lado no poder estar.<\/p>\n<p>&nbsp;<\/p>\n<p>S\u00e9 muy bien lo que veo en tus ojos,<\/p>\n<p>faros que me gu\u00edan en la oscuridad,<\/p>\n<p>llaves que abren todos mis cerrojos<\/p>\n<p>y hacen de la calma tempestad.<\/p>\n<p>&nbsp;<\/p>\n<p>Contigo el tiempo es un suspiro,<\/p>\n<p>ingrato enemigo y desleal,<\/p>\n<p>imagen del espejo en que me miro,<\/p>\n<p>reflejos del ayer tras el cristal.<\/p>\n<p>&nbsp;<\/p>\n<p>El r\u00edo donde mi vida desemboca,<\/p>\n<p>suave brisa, olor a sal,<\/p>\n<p>tu cuerpo me atrae como las olas,<\/p>\n<p>\u00a1ay sirena!, mi sirena de la mar.<\/p>\n<p>&nbsp;<\/p>\n<p><em>Disco \u201cEres lo que quieres ser\u201d<\/em><\/p>\n<p><em>&nbsp;<\/em><\/p>\n<p>&nbsp;<\/p>\n<span class='bctt-click-to-tweet'><span class='bctt-ctt-text'><a href='https:\/\/x.com\/intent\/tweet?url=https%3A%2F%2Fnuestrosescritores.com%2Fandresmartinezdiaz%2Fpoesia%2F&#038;text=MI%20SIRENA%20DE%20LA%20MAR%20del%20libro%20EL%20PINTOR%20DE%20PALABRAS%20de%20ANDR%C3%89S%20MART%C3%8DNEZ%20D%C3%8DAZ&#038;via=poesiaerestu&#038;related=poesiaerestu' target='_blank'rel=\"noopener noreferrer\">MI SIRENA DE LA MAR del libro EL PINTOR DE PALABRAS de ANDR\u00c9S MART\u00cdNEZ D\u00cdAZ <\/a><\/span><a href='https:\/\/x.com\/intent\/tweet?url=https%3A%2F%2Fnuestrosescritores.com%2Fandresmartinezdiaz%2Fpoesia%2F&#038;text=MI%20SIRENA%20DE%20LA%20MAR%20del%20libro%20EL%20PINTOR%20DE%20PALABRAS%20de%20ANDR%C3%89S%20MART%C3%8DNEZ%20D%C3%8DAZ&#038;via=poesiaerestu&#038;related=poesiaerestu' target='_blank' class='bctt-ctt-btn'rel=\"noopener noreferrer\">Compartir en X<\/a><\/span>[\/vc_column_text][\/vc_column][\/vc_row][vc_row][vc_column extend=&#8221;false&#8221;]<div class='gambit_parallax_row' data-bg-align='' data-direction='fixed' data-opacity='100' data-velocity='-0.3' data-mobile-enabled='' data-bg-height='502' data-bg-width='1366' data-bg-image='https:\/\/nuestrosescritores.com\/andresmartinezdiaz\/wp-content\/uploads\/sites\/61\/2020\/10\/AndresMartinezSSquareALARGADO-Medium.jpg' data-bg-repeat='false' data-id='' style='display: none'><\/div><div class=\"gambit_fullheight_row\" data-content-location=\"center\" style=\"display: none\"><\/div>[vc_column_text]\n<p style=\"text-align: center;\"><a class=\"fasc-button fasc-size-xlarge fasc-type-glossy fasc-rounded-medium\" style=\"background-color: #33809e; color: #ffffff;\" href=\"https:\/\/librodepoesia.com\/producto\/el-pintor-de-palabras-tinta-en-las-venas-sinfonia-en-el-corazon-andres-martinez-diaz\/\">Comprar el libro<\/a><\/p>\n[\/vc_column_text][\/vc_column][\/vc_row]\n<\/div>","protected":false},"excerpt":{"rendered":"<p>[vc_row full_width=&#8221;stretch_row_content_no_spaces&#8221;][vc_column extend=&#8221;false&#8221;][\/vc_column][\/vc_row][vc_row][vc_column extend=&#8221;false&#8221;][vc_column_text] A LOS CUARENTA &nbsp; El fruto de tus ra\u00edces, huellas que el tiempo dej\u00f3, heridas que hoy son cicatrices, sue\u00f1os que nunca olvid\u00f3. &nbsp; Fr\u00e1giles son los recuerdos de lo que no tiene valor, contigo cada momento grabado a fuego qued\u00f3. &nbsp; El tiempo corre en mi contra, contigo juega a [&hellip;]<\/p>\n","protected":false},"author":1,"featured_media":0,"parent":0,"menu_order":0,"comment_status":"closed","ping_status":"closed","template":"","meta":{"_acf_changed":false,"footnotes":""},"class_list":["post-64","page","type-page","status-publish","hentry"],"acf":[],"yoast_head":"<!-- This site is optimized with the Yoast SEO Premium plugin v24.7 (Yoast SEO v27.4) - https:\/\/yoast.com\/product\/yoast-seo-premium-wordpress\/ -->\n<title>POES\u00cdA - Andr\u00e9s Mart\u00ednez D\u00edaz<\/title>\n<meta name=\"description\" content=\"Poes\u00eda del libro EL PINTOR DE PALABRAS de ANDR\u00c9S MART\u00cdNEZ D\u00cdAZ es escritor nos da una muestra tras publicar un libro con la editorial de poes\u00eda Ediciones Rilke.\" \/>\n<meta name=\"robots\" content=\"index, follow, max-snippet:-1, max-image-preview:large, max-video-preview:-1\" \/>\n<link rel=\"canonical\" href=\"https:\/\/nuestrosescritores.com\/andresmartinezdiaz\/poesia\/\" \/>\n<meta property=\"og:locale\" content=\"es_ES\" \/>\n<meta property=\"og:type\" content=\"article\" \/>\n<meta property=\"og:title\" content=\"POES\u00cdA\" \/>\n<meta property=\"og:description\" content=\"Poes\u00eda del libro EL PINTOR DE PALABRAS de ANDR\u00c9S MART\u00cdNEZ D\u00cdAZ es escritor nos da una muestra tras publicar un libro con la editorial de poes\u00eda Ediciones Rilke.\" \/>\n<meta property=\"og:url\" content=\"https:\/\/nuestrosescritores.com\/andresmartinezdiaz\/poesia\/\" \/>\n<meta property=\"og:site_name\" content=\"Andr\u00e9s Mart\u00ednez D\u00edaz\" \/>\n<meta property=\"article:modified_time\" content=\"2020-10-25T16:12:16+00:00\" \/>\n<meta name=\"twitter:card\" content=\"summary_large_image\" \/>\n<meta name=\"twitter:label1\" content=\"Tiempo de lectura\" \/>\n\t<meta name=\"twitter:data1\" content=\"7 minutos\" \/>\n<script type=\"application\/ld+json\" class=\"yoast-schema-graph\">{\"@context\":\"https:\\\/\\\/schema.org\",\"@graph\":[{\"@type\":\"WebPage\",\"@id\":\"https:\\\/\\\/nuestrosescritores.com\\\/andresmartinezdiaz\\\/poesia\\\/\",\"url\":\"https:\\\/\\\/nuestrosescritores.com\\\/andresmartinezdiaz\\\/poesia\\\/\",\"name\":\"POES\u00cdA - Andr\u00e9s Mart\u00ednez D\u00edaz\",\"isPartOf\":{\"@id\":\"https:\\\/\\\/nuestrosescritores.com\\\/andresmartinezdiaz\\\/#website\"},\"datePublished\":\"2020-10-25T11:16:14+00:00\",\"dateModified\":\"2020-10-25T16:12:16+00:00\",\"description\":\"Poes\u00eda del libro EL PINTOR DE PALABRAS de ANDR\u00c9S MART\u00cdNEZ D\u00cdAZ es escritor nos da una muestra tras publicar un libro con la editorial de poes\u00eda Ediciones Rilke.\",\"breadcrumb\":{\"@id\":\"https:\\\/\\\/nuestrosescritores.com\\\/andresmartinezdiaz\\\/poesia\\\/#breadcrumb\"},\"inLanguage\":\"es\",\"potentialAction\":[{\"@type\":\"ReadAction\",\"target\":[\"https:\\\/\\\/nuestrosescritores.com\\\/andresmartinezdiaz\\\/poesia\\\/\"]}]},{\"@type\":\"BreadcrumbList\",\"@id\":\"https:\\\/\\\/nuestrosescritores.com\\\/andresmartinezdiaz\\\/poesia\\\/#breadcrumb\",\"itemListElement\":[{\"@type\":\"ListItem\",\"position\":1,\"name\":\"Portada\",\"item\":\"https:\\\/\\\/nuestrosescritores.com\\\/andresmartinezdiaz\\\/\"},{\"@type\":\"ListItem\",\"position\":2,\"name\":\"POES\u00cdA\"}]},{\"@type\":\"WebSite\",\"@id\":\"https:\\\/\\\/nuestrosescritores.com\\\/andresmartinezdiaz\\\/#website\",\"url\":\"https:\\\/\\\/nuestrosescritores.com\\\/andresmartinezdiaz\\\/\",\"name\":\"Nuestros escritores\",\"description\":\"Cantautor y poeta\",\"potentialAction\":[{\"@type\":\"SearchAction\",\"target\":{\"@type\":\"EntryPoint\",\"urlTemplate\":\"https:\\\/\\\/nuestrosescritores.com\\\/andresmartinezdiaz\\\/?s={search_term_string}\"},\"query-input\":{\"@type\":\"PropertyValueSpecification\",\"valueRequired\":true,\"valueName\":\"search_term_string\"}}],\"inLanguage\":\"es\"}]}<\/script>\n<!-- \/ Yoast SEO Premium plugin. -->","yoast_head_json":{"title":"POES\u00cdA - Andr\u00e9s Mart\u00ednez D\u00edaz","description":"Poes\u00eda del libro EL PINTOR DE PALABRAS de ANDR\u00c9S MART\u00cdNEZ D\u00cdAZ es escritor nos da una muestra tras publicar un libro con la editorial de poes\u00eda Ediciones Rilke.","robots":{"index":"index","follow":"follow","max-snippet":"max-snippet:-1","max-image-preview":"max-image-preview:large","max-video-preview":"max-video-preview:-1"},"canonical":"https:\/\/nuestrosescritores.com\/andresmartinezdiaz\/poesia\/","og_locale":"es_ES","og_type":"article","og_title":"POES\u00cdA","og_description":"Poes\u00eda del libro EL PINTOR DE PALABRAS de ANDR\u00c9S MART\u00cdNEZ D\u00cdAZ es escritor nos da una muestra tras publicar un libro con la editorial de poes\u00eda Ediciones Rilke.","og_url":"https:\/\/nuestrosescritores.com\/andresmartinezdiaz\/poesia\/","og_site_name":"Andr\u00e9s Mart\u00ednez D\u00edaz","article_modified_time":"2020-10-25T16:12:16+00:00","twitter_card":"summary_large_image","twitter_misc":{"Tiempo de lectura":"7 minutos"},"schema":{"@context":"https:\/\/schema.org","@graph":[{"@type":"WebPage","@id":"https:\/\/nuestrosescritores.com\/andresmartinezdiaz\/poesia\/","url":"https:\/\/nuestrosescritores.com\/andresmartinezdiaz\/poesia\/","name":"POES\u00cdA - Andr\u00e9s Mart\u00ednez D\u00edaz","isPartOf":{"@id":"https:\/\/nuestrosescritores.com\/andresmartinezdiaz\/#website"},"datePublished":"2020-10-25T11:16:14+00:00","dateModified":"2020-10-25T16:12:16+00:00","description":"Poes\u00eda del libro EL PINTOR DE PALABRAS de ANDR\u00c9S MART\u00cdNEZ D\u00cdAZ es escritor nos da una muestra tras publicar un libro con la editorial de poes\u00eda Ediciones Rilke.","breadcrumb":{"@id":"https:\/\/nuestrosescritores.com\/andresmartinezdiaz\/poesia\/#breadcrumb"},"inLanguage":"es","potentialAction":[{"@type":"ReadAction","target":["https:\/\/nuestrosescritores.com\/andresmartinezdiaz\/poesia\/"]}]},{"@type":"BreadcrumbList","@id":"https:\/\/nuestrosescritores.com\/andresmartinezdiaz\/poesia\/#breadcrumb","itemListElement":[{"@type":"ListItem","position":1,"name":"Portada","item":"https:\/\/nuestrosescritores.com\/andresmartinezdiaz\/"},{"@type":"ListItem","position":2,"name":"POES\u00cdA"}]},{"@type":"WebSite","@id":"https:\/\/nuestrosescritores.com\/andresmartinezdiaz\/#website","url":"https:\/\/nuestrosescritores.com\/andresmartinezdiaz\/","name":"Nuestros escritores","description":"Cantautor y poeta","potentialAction":[{"@type":"SearchAction","target":{"@type":"EntryPoint","urlTemplate":"https:\/\/nuestrosescritores.com\/andresmartinezdiaz\/?s={search_term_string}"},"query-input":{"@type":"PropertyValueSpecification","valueRequired":true,"valueName":"search_term_string"}}],"inLanguage":"es"}]}},"_links":{"self":[{"href":"https:\/\/nuestrosescritores.com\/andresmartinezdiaz\/wp-json\/wp\/v2\/pages\/64","targetHints":{"allow":["GET"]}}],"collection":[{"href":"https:\/\/nuestrosescritores.com\/andresmartinezdiaz\/wp-json\/wp\/v2\/pages"}],"about":[{"href":"https:\/\/nuestrosescritores.com\/andresmartinezdiaz\/wp-json\/wp\/v2\/types\/page"}],"author":[{"embeddable":true,"href":"https:\/\/nuestrosescritores.com\/andresmartinezdiaz\/wp-json\/wp\/v2\/users\/1"}],"replies":[{"embeddable":true,"href":"https:\/\/nuestrosescritores.com\/andresmartinezdiaz\/wp-json\/wp\/v2\/comments?post=64"}],"version-history":[{"count":0,"href":"https:\/\/nuestrosescritores.com\/andresmartinezdiaz\/wp-json\/wp\/v2\/pages\/64\/revisions"}],"wp:attachment":[{"href":"https:\/\/nuestrosescritores.com\/andresmartinezdiaz\/wp-json\/wp\/v2\/media?parent=64"}],"curies":[{"name":"wp","href":"https:\/\/api.w.org\/{rel}","templated":true}]}}