{"id":65,"date":"2020-05-02T18:44:49","date_gmt":"2020-05-02T18:44:49","guid":{"rendered":"https:\/\/nuestrosescritores.com\/andreaquintela\/?page_id=65"},"modified":"2020-05-02T19:12:31","modified_gmt":"2020-05-02T19:12:31","slug":"poesia","status":"publish","type":"page","link":"https:\/\/nuestrosescritores.com\/andreaquintela\/poesia\/","title":{"rendered":"Poes\u00eda"},"content":{"rendered":"<div class=\"wpb-content-wrapper\">[vc_row][vc_column extend=&#8221;false&#8221;][vc_column_text css=&#8221;.vc_custom_1582373099134{margin-top: -30000px !important;}&#8221;]\n<h1><strong><em><u>Poes\u00eda del libro B\u00c9SAME LAS HERIDAS de ANDREA QUINTELA TRI\u00d1ANES. El escritor nos da una muestra tras publicar un libro.<\/u><\/em><\/strong><\/h1>\n<h2><strong><em><u><img fetchpriority=\"high\" decoding=\"async\" class=\"alignnone size-full wp-image-52\" src=\"https:\/\/nuestrosescritores.com\/andreaquintela\/wp-content\/uploads\/sites\/36\/2020\/05\/0_PortadaBesamelasheridas-1.jpg\" alt=\"\" width=\"559\" height=\"794\">Poes\u00eda del libro B\u00c9SAME LAS HERIDAS de ANDREA QUINTELA TRI\u00d1ANES El poeta nos da una muestra tras publicar un libro.<\/u><\/em><\/strong><\/h2>\n<h3><strong><em><u>Poes\u00eda del libro B\u00c9SAME LAS HERIDAS de ANDREA QUINTELA TRI\u00d1ANES El autor nos da una muestra tras publicar un libro.<\/u><\/em><\/strong><\/h3>\n<h4><strong><em><u>Poes\u00eda del libro B\u00c9SAME LAS HERIDAS de ANDREA QUINTELA TRI\u00d1ANES El autor nos da una muestra tras publicar un libro.<\/u><\/em><\/strong><\/h4>\n<h5><strong><em><u>Poes\u00eda del libro B\u00c9SAME LAS HERIDAS de ANDREA QUINTELA TRI\u00d1ANES El autor nos da una muestra tras publicar un libro.<\/u><\/em><\/strong><\/h5>\n[\/vc_column_text][\/vc_column][\/vc_row][vc_row full_width=&#8221;stretch_row_content_no_spaces&#8221;][vc_column extend=&#8221;false&#8221;]<div class='gambit_parallax_row' data-bg-align='' data-direction='fixed' data-opacity='100' data-velocity='-0.3' data-mobile-enabled='' data-bg-height='768' data-bg-width='1303' data-bg-image='https:\/\/nuestrosescritores.com\/andreaquintela\/wp-content\/uploads\/sites\/36\/2020\/05\/man-4321831_1920-Mediano.jpg' data-bg-repeat='false' data-id='' style='display: none'><\/div><div class=\"gambit_fullheight_row\" data-content-location=\"center\" style=\"display: none\"><\/div>[\/vc_column][\/vc_row][vc_row][vc_column extend=&#8221;false&#8221;][vc_column_text]\n<h1><a name=\"_Toc36838521\"><\/a><strong>1<\/strong><\/h1>\n<p>&nbsp;<\/p>\n<p>Hoy me siento feliz. Miro por la ventana y juego a ver qu\u00e9 forma tienen las nubes mientras espero que regreses a m\u00ed, a casa. Cuando llegas el sol se hace todav\u00eda m\u00e1s brillante, irradia una energ\u00eda maravillosa y calienta mi cuerpo desnudo, mi larga melena. El d\u00eda es nuestro. Haremos siluetas en nuestras espaldas desnudas, roz\u00e1ndonos, poco a poco. Haremos el amor en cualquier lugar de la casa, as\u00ed piel contra piel hasta el atardecer. Cuando caiga la noche contaremos estrellas fugaces y pediremos el deseo m\u00e1s bello, ser libres para siempre, juntos claro. Hoy es un d\u00eda especial, es nuestro d\u00eda, de besarnos lento, de agarrarnos fuerte, de no soltarnos, de quedarnos dormidos abrazados. No te muevas, en tu pecho est\u00e1 la magia.<\/p>\n<p>&nbsp;<\/p>\n<p>&nbsp;<\/p>\n<span class='bctt-click-to-tweet'><span class='bctt-ctt-text'><a href='https:\/\/x.com\/intent\/tweet?url=https%3A%2F%2Fnuestrosescritores.com%2Fandreaquintela%2Fpoesia%2F&#038;text=1%C2%A0del%20libro%20B%C3%89SAME%20LAS%20HERIDAS%20de%20ANDREA%20QUINTELA%20TRI%C3%91ANES&#038;via=poesiaerestu&#038;related=poesiaerestu' target='_blank'rel=\"noopener noreferrer\">1&nbsp;del libro B\u00c9SAME LAS HERIDAS de ANDREA QUINTELA TRI\u00d1ANES <\/a><\/span><a href='https:\/\/x.com\/intent\/tweet?url=https%3A%2F%2Fnuestrosescritores.com%2Fandreaquintela%2Fpoesia%2F&#038;text=1%C2%A0del%20libro%20B%C3%89SAME%20LAS%20HERIDAS%20de%20ANDREA%20QUINTELA%20TRI%C3%91ANES&#038;via=poesiaerestu&#038;related=poesiaerestu' target='_blank' class='bctt-ctt-btn'rel=\"noopener noreferrer\">Compartir en X<\/a><\/span>\n<p>&nbsp;[\/vc_column_text][\/vc_column][\/vc_row][vc_row full_width=&#8221;stretch_row_content_no_spaces&#8221;][vc_column extend=&#8221;false&#8221;]<div class='gambit_parallax_row' data-bg-align='' data-direction='fixed' data-opacity='100' data-velocity='-0.3' data-mobile-enabled='' data-bg-height='768' data-bg-width='1070' data-bg-image='https:\/\/nuestrosescritores.com\/andreaquintela\/wp-content\/uploads\/sites\/36\/2020\/05\/feather-1689754_1920-Mediano.jpg' data-bg-repeat='false' data-id='' style='display: none'><\/div><div class=\"gambit_fullheight_row\" data-content-location=\"center\" style=\"display: none\"><\/div>[\/vc_column][\/vc_row][vc_row][vc_column extend=&#8221;false&#8221;][vc_column_text]\n<h1><a name=\"_Toc36838525\"><\/a><strong>5<\/strong><\/h1>\n<p>&nbsp;<\/p>\n<p>Cuando estamos juntos me elevas al cielo con tus manos, con tus caricias, con el roce de piel contra piel. T\u00fa y yo somos magia, un amor imparable. Tu sonrisa me transporta al m\u00e1s bonito jard\u00edn, lleno de flores claro. Haz de m\u00ed una obra de arte, dibuja mi silueta desnuda en un papel para nunca olvidarte de ella, yo recorrer\u00e9 la tuya con mis dedos para conservarla en la memoria. Qued\u00e9monos juntos para siempre, hagamos de esto una obra de amor, una canci\u00f3n que siempre acaba bien.<\/p>\n<p>&nbsp;<\/p>\n<span class='bctt-click-to-tweet'><span class='bctt-ctt-text'><a href='https:\/\/x.com\/intent\/tweet?url=https%3A%2F%2Fnuestrosescritores.com%2Fandreaquintela%2Fpoesia%2F&#038;text=Recuerdo%20del%20libro%20B%C3%89SAME%20LAS%20HERIDAS%20de%20ANDREA%20QUINTELA%20TRI%C3%91ANES&#038;via=poesiaerestu&#038;related=poesiaerestu' target='_blank'rel=\"noopener noreferrer\">Recuerdo del libro B\u00c9SAME LAS HERIDAS de ANDREA QUINTELA TRI\u00d1ANES <\/a><\/span><a href='https:\/\/x.com\/intent\/tweet?url=https%3A%2F%2Fnuestrosescritores.com%2Fandreaquintela%2Fpoesia%2F&#038;text=Recuerdo%20del%20libro%20B%C3%89SAME%20LAS%20HERIDAS%20de%20ANDREA%20QUINTELA%20TRI%C3%91ANES&#038;via=poesiaerestu&#038;related=poesiaerestu' target='_blank' class='bctt-ctt-btn'rel=\"noopener noreferrer\">Compartir en X<\/a><\/span>\n<p>&nbsp;<\/p>\n<p>&nbsp;[\/vc_column_text][\/vc_column][\/vc_row][vc_row][vc_column extend=&#8221;false&#8221;]<div class='gambit_parallax_row' data-bg-align='' data-direction='fixed' data-opacity='100' data-velocity='-0.3' data-mobile-enabled='' data-bg-height='2560' data-bg-width='1707' data-bg-image='https:\/\/nuestrosescritores.com\/andreaquintela\/wp-content\/uploads\/sites\/36\/2020\/05\/emrv33wdd7g-scaled.jpg' data-bg-repeat='false' data-id='' style='display: none'><\/div><div class=\"gambit_fullheight_row\" data-content-location=\"center\" style=\"display: none\"><\/div>[\/vc_column][\/vc_row][vc_row][vc_column extend=&#8221;false&#8221;][vc_column_text]\n<h1><a name=\"_Toc36838534\"><\/a><strong>14<\/strong><\/h1>\n<p>&nbsp;<\/p>\n<p>Eres mi hogar, mi casa, mi rinc\u00f3n favorito del mundo. Con tu voz me das calma, paz, como o\u00edr la lluvia caer por los cristales de nuestra habitaci\u00f3n y nosotros desnudos en la cama, jugando a cualquier juego tonto. D\u00e9jame que te diga con sinceridad que me encantas t\u00fa y tus tormentos, esos que a veces no te dejan dormir, pero yo te acariciar\u00e9 el pelo para que se te pase la angustia, el malestar. Hazme tuya en cualquier rinc\u00f3n, b\u00e9same lento el cuello para luego decirme que te quedas a vivir en m\u00ed, siempre en m\u00ed. Hagamos poes\u00eda de lo nuestro, unos versos sin sentido pero con amor, con pasi\u00f3n. Dime que los d\u00edas fr\u00edos de invierno me buscar\u00e1s en un abrazo, para ser yo tu abrigo, tu calidez, para hacer del invierno una primavera llena de flores.<\/p>\n<p>&nbsp;<\/p>\n<p>&nbsp;<\/p>\n<p>&nbsp;<\/p>\n<p>&nbsp;<\/p>\n<p>&nbsp;<\/p>\n<span class='bctt-click-to-tweet'><span class='bctt-ctt-text'><a href='https:\/\/x.com\/intent\/tweet?url=https%3A%2F%2Fnuestrosescritores.com%2Fandreaquintela%2Fpoesia%2F&#038;text=14%C2%A0del%20libro%20B%C3%89SAME%20LAS%20HERIDAS%20de%20ANDREA%20QUINTELA%20TRI%C3%91ANES&#038;via=poesiaerestu&#038;related=poesiaerestu' target='_blank'rel=\"noopener noreferrer\">14&nbsp;del libro B\u00c9SAME LAS HERIDAS de ANDREA QUINTELA TRI\u00d1ANES <\/a><\/span><a href='https:\/\/x.com\/intent\/tweet?url=https%3A%2F%2Fnuestrosescritores.com%2Fandreaquintela%2Fpoesia%2F&#038;text=14%C2%A0del%20libro%20B%C3%89SAME%20LAS%20HERIDAS%20de%20ANDREA%20QUINTELA%20TRI%C3%91ANES&#038;via=poesiaerestu&#038;related=poesiaerestu' target='_blank' class='bctt-ctt-btn'rel=\"noopener noreferrer\">Compartir en X<\/a><\/span>[\/vc_column_text][\/vc_column][\/vc_row][vc_row][vc_column extend=&#8221;false&#8221;]<div class='gambit_parallax_row' data-bg-align='' data-direction='fixed' data-opacity='100' data-velocity='-0.3' data-mobile-enabled='' data-bg-height='768' data-bg-width='1151' data-bg-image='https:\/\/nuestrosescritores.com\/andreaquintela\/wp-content\/uploads\/sites\/36\/2020\/05\/woman-2877322_1920-Mediano.jpg' data-bg-repeat='false' data-id='' style='display: none'><\/div><div class=\"gambit_fullheight_row\" data-content-location=\"center\" style=\"display: none\"><\/div>[\/vc_column][\/vc_row][vc_row][vc_column extend=&#8221;false&#8221;][vc_column_text]\n<h1><a name=\"_Toc36838543\"><\/a><strong>23<\/strong><\/h1>\n<p>&nbsp;<\/p>\n<p>Te veo al despertar y es como ver la puesta de sol m\u00e1s bonita del mundo en verano, en el mar. Un caf\u00e9 y tu sonrisa, esa que hace que me vuelva loca, que quiera perderme en ti, en tu cuello a cada rato. Qu\u00e9date aqu\u00ed, en m\u00ed, no te muevas. Quiero tu compa\u00f1\u00eda, tus deseos m\u00e1s locos, los haremos en cada rinc\u00f3n de la casa. El d\u00eda es nuestro. Cu\u00e9ntame tus sue\u00f1os, los cumpliremos todos, uno a uno sin excepci\u00f3n. No te gires amor, b\u00e9same lento el cuello, dibuja mi silueta con tus dedos y luego ll\u00e1mame arte.<\/p>\n<p>&nbsp;<\/p>\n<p>&nbsp;<\/p>\n<p>&nbsp;<\/p>\n<span class='bctt-click-to-tweet'><span class='bctt-ctt-text'><a href='https:\/\/x.com\/intent\/tweet?url=https%3A%2F%2Fnuestrosescritores.com%2Fandreaquintela%2Fpoesia%2F&#038;text=23%20del%20libro%20B%C3%89SAME%20LAS%20HERIDAS%20de%20ANDREA%20QUINTELA%20TRI%C3%91ANES&#038;via=poesiaerestu&#038;related=poesiaerestu' target='_blank'rel=\"noopener noreferrer\">23 del libro B\u00c9SAME LAS HERIDAS de ANDREA QUINTELA TRI\u00d1ANES <\/a><\/span><a href='https:\/\/x.com\/intent\/tweet?url=https%3A%2F%2Fnuestrosescritores.com%2Fandreaquintela%2Fpoesia%2F&#038;text=23%20del%20libro%20B%C3%89SAME%20LAS%20HERIDAS%20de%20ANDREA%20QUINTELA%20TRI%C3%91ANES&#038;via=poesiaerestu&#038;related=poesiaerestu' target='_blank' class='bctt-ctt-btn'rel=\"noopener noreferrer\">Compartir en X<\/a><\/span>[\/vc_column_text][\/vc_column][\/vc_row][vc_row][vc_column extend=&#8221;false&#8221;]<div class='gambit_parallax_row' data-bg-align='' data-direction='fixed' data-opacity='100' data-velocity='-0.3' data-mobile-enabled='' data-bg-height='768' data-bg-width='1152' data-bg-image='https:\/\/nuestrosescritores.com\/andreaquintela\/wp-content\/uploads\/sites\/36\/2020\/05\/gull-192909_1920-Mediano.jpg' data-bg-repeat='false' data-id='' style='display: none'><\/div><div class=\"gambit_fullheight_row\" data-content-location=\"center\" style=\"display: none\"><\/div>[\/vc_column][\/vc_row][vc_row][vc_column extend=&#8221;false&#8221;][vc_column_text]\n<h1><a name=\"_Toc36838550\"><\/a><strong>30<\/strong><\/h1>\n<p>&nbsp;<\/p>\n<p>Ahora que ya no est\u00e1s mi amor te echo de menos. Echo de menos las noches en las que dibujabas constelaciones con mis lunares para decirme luego que te quedabas a vivir en mi espalda. Echo de menos los juegos tontos entre las s\u00e1banas revueltas cualquier d\u00eda a cualquier hora. O esas canciones que pon\u00edas a todo volumen para bailar por la casa sin parar, juntos claro. Ahora que ya no est\u00e1s tengo en el pecho una canci\u00f3n inacabada de amor, una triste historia que siempre acaba mal. Vuelve a por m\u00ed, te estoy esperando, trae una copa lo celebraremos juntos. Sabes d\u00f3nde estoy, no tardes, la primavera te espera.<\/p>\n<p>&nbsp;<\/p>\n<p>&nbsp;<\/p>\n<p>&nbsp;<\/p>\n<p>&nbsp;<\/p>\n<span class='bctt-click-to-tweet'><span class='bctt-ctt-text'><a href='https:\/\/x.com\/intent\/tweet?url=https%3A%2F%2Fnuestrosescritores.com%2Fandreaquintela%2Fpoesia%2F&#038;text=30%20del%20libro%20B%C3%89SAME%20LAS%20HERIDAS%20de%20ANDREA%20QUINTELA%20TRI%C3%91ANES&#038;via=poesiaerestu&#038;related=poesiaerestu' target='_blank'rel=\"noopener noreferrer\">30 del libro B\u00c9SAME LAS HERIDAS de ANDREA QUINTELA TRI\u00d1ANES <\/a><\/span><a href='https:\/\/x.com\/intent\/tweet?url=https%3A%2F%2Fnuestrosescritores.com%2Fandreaquintela%2Fpoesia%2F&#038;text=30%20del%20libro%20B%C3%89SAME%20LAS%20HERIDAS%20de%20ANDREA%20QUINTELA%20TRI%C3%91ANES&#038;via=poesiaerestu&#038;related=poesiaerestu' target='_blank' class='bctt-ctt-btn'rel=\"noopener noreferrer\">Compartir en X<\/a><\/span>[\/vc_column_text][\/vc_column][\/vc_row][vc_row][vc_column extend=&#8221;false&#8221;]<div class='gambit_parallax_row' data-bg-align='' data-direction='fixed' data-opacity='100' data-velocity='-0.3' data-mobile-enabled='' data-bg-height='531' data-bg-width='1366' data-bg-image='https:\/\/nuestrosescritores.com\/andreaquintela\/wp-content\/uploads\/sites\/36\/2020\/05\/AndreaQuintela2_SSquare_Alargado-Mediano.jpg' data-bg-repeat='false' data-id='' style='display: none'><\/div><div class=\"gambit_fullheight_row\" data-content-location=\"center\" style=\"display: none\"><\/div>[vc_column_text]\n<p style=\"text-align: center;\"><a class=\"fasc-button fasc-size-xlarge fasc-type-glossy fasc-rounded-medium\" style=\"background-color: #33809e; color: #ffffff;\" href=\"https:\/\/librodepoesia.com\/producto\/besame-las-heridas-andrea-quintela-trinanes\/\">Comprar el libro<\/a><\/p>\n[\/vc_column_text][\/vc_column][\/vc_row][vc_row][vc_column extend=&#8221;false&#8221;][vc_column_text css=&#8221;.vc_custom_1549215104378{margin-top: -30000px !important;}&#8221;]\n<h1><strong><em><u>Poes\u00eda del libro B\u00c9SAME LAS HERIDAS de ANDREA QUINTELA TRI\u00d1ANES. El escritor nos da una muestra tras publicar un libro.<\/u><\/em><\/strong><\/h1>\n<h2><strong><em><u>Poes\u00eda del libro B\u00c9SAME LAS HERIDAS de ANDREA QUINTELA TRI\u00d1ANES El poeta nos da una muestra tras publicar un libro.<\/u><\/em><\/strong><\/h2>\n<h3><strong><em><u>Poes\u00eda del libro B\u00c9SAME LAS HERIDAS de ANDREA QUINTELA TRI\u00d1ANES El autor nos da una muestra tras publicar un libro.<\/u><\/em><\/strong><\/h3>\n<h4><strong><em><u>Poes\u00eda del libro B\u00c9SAME LAS HERIDAS de ANDREA QUINTELA TRI\u00d1ANES El autor nos da una muestra tras publicar un libro.<\/u><\/em><\/strong><\/h4>\n<h5><strong><em><u>Poes\u00eda del libro B\u00c9SAME LAS HERIDAS de ANDREA QUINTELA TRI\u00d1ANES El autor nos da una muestra tras publicar un libro.<\/u><\/em><\/strong><\/h5>\n[\/vc_column_text][\/vc_column][\/vc_row]\n<\/div>","protected":false},"excerpt":{"rendered":"<p>[vc_row][vc_column extend=&#8221;false&#8221;][vc_column_text css=&#8221;.vc_custom_1582373099134{margin-top: -30000px !important;}&#8221;] Poes\u00eda del libro B\u00c9SAME LAS HERIDAS de ANDREA QUINTELA TRI\u00d1ANES. El escritor nos da una muestra tras publicar un libro. Poes\u00eda del libro B\u00c9SAME LAS HERIDAS de ANDREA QUINTELA TRI\u00d1ANES El poeta nos da una muestra tras publicar un libro. Poes\u00eda del libro B\u00c9SAME LAS HERIDAS de ANDREA QUINTELA TRI\u00d1ANES [&hellip;]<\/p>\n","protected":false},"author":1,"featured_media":0,"parent":0,"menu_order":3,"comment_status":"closed","ping_status":"closed","template":"","meta":{"_acf_changed":false,"footnotes":""},"class_list":["post-65","page","type-page","status-publish","hentry"],"acf":[],"yoast_head":"<!-- This site is optimized with the Yoast SEO Premium plugin v24.7 (Yoast SEO v27.4) - https:\/\/yoast.com\/product\/yoast-seo-premium-wordpress\/ -->\n<title>Poes\u00eda - Andrea Quintela Tri\u00f1anes<\/title>\n<meta name=\"description\" content=\"Poes\u00eda del libro B\u00c9SAME LAS HERIDAS de ANDREA QUINTELA TRI\u00d1ANES publicado por la Editorial Poes\u00eda eres t\u00fa en el a\u00f1o 2020.\" \/>\n<meta name=\"robots\" content=\"index, follow, max-snippet:-1, max-image-preview:large, max-video-preview:-1\" \/>\n<link rel=\"canonical\" href=\"https:\/\/nuestrosescritores.com\/andreaquintela\/poesia\/\" \/>\n<meta property=\"og:locale\" content=\"es_ES\" \/>\n<meta property=\"og:type\" content=\"article\" \/>\n<meta property=\"og:title\" content=\"Poes\u00eda\" \/>\n<meta property=\"og:description\" content=\"Poes\u00eda del libro B\u00c9SAME LAS HERIDAS de ANDREA QUINTELA TRI\u00d1ANES publicado por la Editorial Poes\u00eda eres t\u00fa en el a\u00f1o 2020.\" \/>\n<meta property=\"og:url\" content=\"https:\/\/nuestrosescritores.com\/andreaquintela\/poesia\/\" \/>\n<meta property=\"og:site_name\" content=\"Andrea Quintela Tri\u00f1anes\" \/>\n<meta property=\"article:modified_time\" content=\"2020-05-02T19:12:31+00:00\" \/>\n<meta property=\"og:image\" content=\"https:\/\/nuestrosescritores.com\/andreaquintela\/wp-content\/uploads\/sites\/36\/2020\/05\/0_PortadaBesamelasheridas-1.jpg\" \/>\n<meta name=\"twitter:card\" content=\"summary_large_image\" \/>\n<meta name=\"twitter:label1\" content=\"Tiempo de lectura\" \/>\n\t<meta name=\"twitter:data1\" content=\"6 minutos\" \/>\n<script type=\"application\/ld+json\" class=\"yoast-schema-graph\">{\"@context\":\"https:\\\/\\\/schema.org\",\"@graph\":[{\"@type\":\"WebPage\",\"@id\":\"https:\\\/\\\/nuestrosescritores.com\\\/andreaquintela\\\/poesia\\\/\",\"url\":\"https:\\\/\\\/nuestrosescritores.com\\\/andreaquintela\\\/poesia\\\/\",\"name\":\"Poes\u00eda - Andrea Quintela Tri\u00f1anes\",\"isPartOf\":{\"@id\":\"https:\\\/\\\/nuestrosescritores.com\\\/andreaquintela\\\/#website\"},\"primaryImageOfPage\":{\"@id\":\"https:\\\/\\\/nuestrosescritores.com\\\/andreaquintela\\\/poesia\\\/#primaryimage\"},\"image\":{\"@id\":\"https:\\\/\\\/nuestrosescritores.com\\\/andreaquintela\\\/poesia\\\/#primaryimage\"},\"thumbnailUrl\":\"https:\\\/\\\/nuestrosescritores.com\\\/andreaquintela\\\/wp-content\\\/uploads\\\/sites\\\/36\\\/2020\\\/05\\\/0_PortadaBesamelasheridas-1.jpg\",\"datePublished\":\"2020-05-02T18:44:49+00:00\",\"dateModified\":\"2020-05-02T19:12:31+00:00\",\"description\":\"Poes\u00eda del libro B\u00c9SAME LAS HERIDAS de ANDREA QUINTELA TRI\u00d1ANES publicado por la Editorial Poes\u00eda eres t\u00fa en el a\u00f1o 2020.\",\"breadcrumb\":{\"@id\":\"https:\\\/\\\/nuestrosescritores.com\\\/andreaquintela\\\/poesia\\\/#breadcrumb\"},\"inLanguage\":\"es\",\"potentialAction\":[{\"@type\":\"ReadAction\",\"target\":[\"https:\\\/\\\/nuestrosescritores.com\\\/andreaquintela\\\/poesia\\\/\"]}]},{\"@type\":\"ImageObject\",\"inLanguage\":\"es\",\"@id\":\"https:\\\/\\\/nuestrosescritores.com\\\/andreaquintela\\\/poesia\\\/#primaryimage\",\"url\":\"https:\\\/\\\/nuestrosescritores.com\\\/andreaquintela\\\/wp-content\\\/uploads\\\/sites\\\/36\\\/2020\\\/05\\\/0_PortadaBesamelasheridas-1.jpg\",\"contentUrl\":\"https:\\\/\\\/nuestrosescritores.com\\\/andreaquintela\\\/wp-content\\\/uploads\\\/sites\\\/36\\\/2020\\\/05\\\/0_PortadaBesamelasheridas-1.jpg\",\"width\":559,\"height\":794},{\"@type\":\"BreadcrumbList\",\"@id\":\"https:\\\/\\\/nuestrosescritores.com\\\/andreaquintela\\\/poesia\\\/#breadcrumb\",\"itemListElement\":[{\"@type\":\"ListItem\",\"position\":1,\"name\":\"Portada\",\"item\":\"https:\\\/\\\/nuestrosescritores.com\\\/andreaquintela\\\/\"},{\"@type\":\"ListItem\",\"position\":2,\"name\":\"Poes\u00eda\"}]},{\"@type\":\"WebSite\",\"@id\":\"https:\\\/\\\/nuestrosescritores.com\\\/andreaquintela\\\/#website\",\"url\":\"https:\\\/\\\/nuestrosescritores.com\\\/andreaquintela\\\/\",\"name\":\"Nuestros escritores\",\"description\":\"Escritora\",\"potentialAction\":[{\"@type\":\"SearchAction\",\"target\":{\"@type\":\"EntryPoint\",\"urlTemplate\":\"https:\\\/\\\/nuestrosescritores.com\\\/andreaquintela\\\/?s={search_term_string}\"},\"query-input\":{\"@type\":\"PropertyValueSpecification\",\"valueRequired\":true,\"valueName\":\"search_term_string\"}}],\"inLanguage\":\"es\"}]}<\/script>\n<!-- \/ Yoast SEO Premium plugin. -->","yoast_head_json":{"title":"Poes\u00eda - Andrea Quintela Tri\u00f1anes","description":"Poes\u00eda del libro B\u00c9SAME LAS HERIDAS de ANDREA QUINTELA TRI\u00d1ANES publicado por la Editorial Poes\u00eda eres t\u00fa en el a\u00f1o 2020.","robots":{"index":"index","follow":"follow","max-snippet":"max-snippet:-1","max-image-preview":"max-image-preview:large","max-video-preview":"max-video-preview:-1"},"canonical":"https:\/\/nuestrosescritores.com\/andreaquintela\/poesia\/","og_locale":"es_ES","og_type":"article","og_title":"Poes\u00eda","og_description":"Poes\u00eda del libro B\u00c9SAME LAS HERIDAS de ANDREA QUINTELA TRI\u00d1ANES publicado por la Editorial Poes\u00eda eres t\u00fa en el a\u00f1o 2020.","og_url":"https:\/\/nuestrosescritores.com\/andreaquintela\/poesia\/","og_site_name":"Andrea Quintela Tri\u00f1anes","article_modified_time":"2020-05-02T19:12:31+00:00","og_image":[{"url":"https:\/\/nuestrosescritores.com\/andreaquintela\/wp-content\/uploads\/sites\/36\/2020\/05\/0_PortadaBesamelasheridas-1.jpg","type":"","width":"","height":""}],"twitter_card":"summary_large_image","twitter_misc":{"Tiempo de lectura":"6 minutos"},"schema":{"@context":"https:\/\/schema.org","@graph":[{"@type":"WebPage","@id":"https:\/\/nuestrosescritores.com\/andreaquintela\/poesia\/","url":"https:\/\/nuestrosescritores.com\/andreaquintela\/poesia\/","name":"Poes\u00eda - Andrea Quintela Tri\u00f1anes","isPartOf":{"@id":"https:\/\/nuestrosescritores.com\/andreaquintela\/#website"},"primaryImageOfPage":{"@id":"https:\/\/nuestrosescritores.com\/andreaquintela\/poesia\/#primaryimage"},"image":{"@id":"https:\/\/nuestrosescritores.com\/andreaquintela\/poesia\/#primaryimage"},"thumbnailUrl":"https:\/\/nuestrosescritores.com\/andreaquintela\/wp-content\/uploads\/sites\/36\/2020\/05\/0_PortadaBesamelasheridas-1.jpg","datePublished":"2020-05-02T18:44:49+00:00","dateModified":"2020-05-02T19:12:31+00:00","description":"Poes\u00eda del libro B\u00c9SAME LAS HERIDAS de ANDREA QUINTELA TRI\u00d1ANES publicado por la Editorial Poes\u00eda eres t\u00fa en el a\u00f1o 2020.","breadcrumb":{"@id":"https:\/\/nuestrosescritores.com\/andreaquintela\/poesia\/#breadcrumb"},"inLanguage":"es","potentialAction":[{"@type":"ReadAction","target":["https:\/\/nuestrosescritores.com\/andreaquintela\/poesia\/"]}]},{"@type":"ImageObject","inLanguage":"es","@id":"https:\/\/nuestrosescritores.com\/andreaquintela\/poesia\/#primaryimage","url":"https:\/\/nuestrosescritores.com\/andreaquintela\/wp-content\/uploads\/sites\/36\/2020\/05\/0_PortadaBesamelasheridas-1.jpg","contentUrl":"https:\/\/nuestrosescritores.com\/andreaquintela\/wp-content\/uploads\/sites\/36\/2020\/05\/0_PortadaBesamelasheridas-1.jpg","width":559,"height":794},{"@type":"BreadcrumbList","@id":"https:\/\/nuestrosescritores.com\/andreaquintela\/poesia\/#breadcrumb","itemListElement":[{"@type":"ListItem","position":1,"name":"Portada","item":"https:\/\/nuestrosescritores.com\/andreaquintela\/"},{"@type":"ListItem","position":2,"name":"Poes\u00eda"}]},{"@type":"WebSite","@id":"https:\/\/nuestrosescritores.com\/andreaquintela\/#website","url":"https:\/\/nuestrosescritores.com\/andreaquintela\/","name":"Nuestros escritores","description":"Escritora","potentialAction":[{"@type":"SearchAction","target":{"@type":"EntryPoint","urlTemplate":"https:\/\/nuestrosescritores.com\/andreaquintela\/?s={search_term_string}"},"query-input":{"@type":"PropertyValueSpecification","valueRequired":true,"valueName":"search_term_string"}}],"inLanguage":"es"}]}},"_links":{"self":[{"href":"https:\/\/nuestrosescritores.com\/andreaquintela\/wp-json\/wp\/v2\/pages\/65","targetHints":{"allow":["GET"]}}],"collection":[{"href":"https:\/\/nuestrosescritores.com\/andreaquintela\/wp-json\/wp\/v2\/pages"}],"about":[{"href":"https:\/\/nuestrosescritores.com\/andreaquintela\/wp-json\/wp\/v2\/types\/page"}],"author":[{"embeddable":true,"href":"https:\/\/nuestrosescritores.com\/andreaquintela\/wp-json\/wp\/v2\/users\/1"}],"replies":[{"embeddable":true,"href":"https:\/\/nuestrosescritores.com\/andreaquintela\/wp-json\/wp\/v2\/comments?post=65"}],"version-history":[{"count":0,"href":"https:\/\/nuestrosescritores.com\/andreaquintela\/wp-json\/wp\/v2\/pages\/65\/revisions"}],"wp:attachment":[{"href":"https:\/\/nuestrosescritores.com\/andreaquintela\/wp-json\/wp\/v2\/media?parent=65"}],"curies":[{"name":"wp","href":"https:\/\/api.w.org\/{rel}","templated":true}]}}