{"id":75,"date":"2021-11-28T09:43:21","date_gmt":"2021-11-28T09:43:21","guid":{"rendered":"https:\/\/nuestrosescritores.com\/amparomarcoferrando\/?page_id=75"},"modified":"2021-12-05T18:31:55","modified_gmt":"2021-12-05T18:31:55","slug":"poesia","status":"publish","type":"page","link":"https:\/\/nuestrosescritores.com\/amparomarcoferrando\/poesia\/","title":{"rendered":"Poes\u00eda"},"content":{"rendered":"<div class=\"wpb-content-wrapper\">[vc_row full_width=&#8221;stretch_row_content_no_spaces&#8221; full_height=&#8221;yes&#8221; equal_height=&#8221;yes&#8221;][vc_column extend=&#8221;false&#8221;]<div id=\"rowvcpt-row-settings\" class=\"rowvcpt-row-set RowVcPt-row-setting69e1d622c90c4 \" data-no=\"RowVcPt-row-setting69e1d622c90c4\"><div class=\"columns-bg-wrap columns-bg-anim-colors columns-bg-image  columns_simple_image\" id=\"RowVcPt-image-bg-69e1d622c90c3\"   data-parallax_sense=\"30\" src=\"https:\/\/nuestrosescritores.com\/amparomarcoferrando\/wp-content\/uploads\/sites\/112\/2021\/11\/dd23q4ejcpc.jpg\" style=\"background-image: url(https:\/\/nuestrosescritores.com\/amparomarcoferrando\/wp-content\/uploads\/sites\/112\/2021\/11\/dd23q4ejcpc.jpg);background-position: center center;background-size: cover;background-attachment: fixed;\"><\/div><\/div>[\/vc_column][\/vc_row][vc_row][vc_column extend=&#8221;false&#8221;][vc_column_text]\n<h1>&nbsp;<\/h1>\n<h1><a name=\"_Toc72690508\"><\/a><\/h1>\n<h1><a name=\"_Toc77778611\"><\/a><\/h1>\n<p><a name=\"_Toc79672692\"><\/a><a name=\"_Toc85047620\"><\/a><\/p>\n<h1><a name=\"_Toc86081162\"><\/a><strong>ENERO<\/strong><\/h1>\n<p>&nbsp;<\/p>\n<p>A\u00f1o nuevo, pero no vida nueva.<\/p>\n<p>Misma vida, nuevos horizontes.<\/p>\n<p>&nbsp;<\/p>\n<p>En muchos sentidos, nuestro d\u00eda a d\u00eda ser\u00e1 el mismo.<\/p>\n<p>Los universitarios entre ex\u00e1menes y nervios,<\/p>\n<p>no vemos m\u00e1s all\u00e1 de la tinta de los folios.<\/p>\n<p>&nbsp;<\/p>\n<p>Pero puede cambiar nuestra perspectiva.<\/p>\n<p>Pasear por la orilla de la playa o de la vida,<\/p>\n<p>discurrir entre ola y ola,<\/p>\n<p>si seguimos el rumbo marcado o,<\/p>\n<p>nos desmarcamos de lo esperado.<\/p>\n<p>&nbsp;<\/p>\n<p>Es importante darse cuenta,<\/p>\n<p>de que las campanadas,<\/p>\n<p>tan solo anuncian un d\u00eda mas,<\/p>\n<p>una nueva oportunidad para empezar de cero,<\/p>\n<p>como todos los d\u00edas.<\/p>\n<p>&nbsp;<\/p>\n<span class='bctt-click-to-tweet'><span class='bctt-ctt-text'><a href='https:\/\/x.com\/intent\/tweet?url=https%3A%2F%2Fnuestrosescritores.com%2Famparomarcoferrando%2Fpoesia%2F&#038;text=ENERO%20del%20libro%20ENTRE%20TRIGO%20Y%20CIZA%C3%91A%20de%20AMPARO%20MARCO%20FERRANDO&#038;via=poesiaerestu&#038;related=poesiaerestu' target='_blank'rel=\"noopener noreferrer\">ENERO del libro ENTRE TRIGO Y CIZA\u00d1A de AMPARO MARCO FERRANDO <\/a><\/span><a href='https:\/\/x.com\/intent\/tweet?url=https%3A%2F%2Fnuestrosescritores.com%2Famparomarcoferrando%2Fpoesia%2F&#038;text=ENERO%20del%20libro%20ENTRE%20TRIGO%20Y%20CIZA%C3%91A%20de%20AMPARO%20MARCO%20FERRANDO&#038;via=poesiaerestu&#038;related=poesiaerestu' target='_blank' class='bctt-ctt-btn'rel=\"noopener noreferrer\">Compartir en X<\/a><\/span>[\/vc_column_text][\/vc_column][\/vc_row][vc_row full_width=&#8221;stretch_row_content_no_spaces&#8221; full_height=&#8221;yes&#8221; equal_height=&#8221;yes&#8221;][vc_column extend=&#8221;false&#8221;]<div id=\"rowvcpt-row-settings\" class=\"rowvcpt-row-set RowVcPt-row-setting69e1d622c964c \" data-no=\"RowVcPt-row-setting69e1d622c964c\"><div class=\"columns-bg-wrap columns-bg-anim-colors columns-bg-image  columns_simple_image\" id=\"RowVcPt-image-bg-69e1d622c964b\"   data-parallax_sense=\"30\" src=\"https:\/\/nuestrosescritores.com\/amparomarcoferrando\/wp-content\/uploads\/sites\/112\/2021\/11\/4lpkxneucu8.jpg\" style=\"background-image: url(https:\/\/nuestrosescritores.com\/amparomarcoferrando\/wp-content\/uploads\/sites\/112\/2021\/11\/4lpkxneucu8.jpg);background-position: center center;background-size: cover;background-attachment: fixed;\"><\/div><\/div>[\/vc_column][\/vc_row][vc_row][vc_column extend=&#8221;false&#8221;][vc_column_text]\n<h1><a name=\"_Toc77778617\"><\/a><\/h1>\n<h1><a name=\"_Toc77014564\"><\/a><\/h1>\n<h1><a name=\"_Toc78567357\"><\/a><\/h1>\n<h1><a name=\"_Toc85385607\"><\/a><\/h1>\n<h1><a name=\"_Toc83400462\"><\/a><\/h1>\n<h1><a name=\"_Toc85047630\"><\/a><\/h1>\n<h1><a name=\"_Toc86081169\"><\/a><strong>DONDE SUSPIRA EL ALMA<\/strong><\/h1>\n<p>&nbsp;<\/p>\n<p>En medio de un hurac\u00e1n y t\u00fa,<\/p>\n<p>lo \u00fanico que haces es re\u00edrte.<\/p>\n<p>&nbsp;<\/p>\n<p>Detr\u00e1s de esa sonrisa de bandida,<\/p>\n<p>se esconden muchos miedos,<\/p>\n<p>tal vez demasiados.<\/p>\n<p>&nbsp;<\/p>\n<p>Y dices que no puedes evitarlo,<\/p>\n<p>que, aunque arda Troya,<\/p>\n<p>t\u00fa seguir\u00e1s riendo.<\/p>\n<p>&nbsp;<\/p>\n<p>Y no es que no sientas,<\/p>\n<p>es que igual, sientes demasiado.<\/p>\n<p>&nbsp;<\/p>\n<p>&nbsp;<\/p>\n<h1><span style=\"font-size: 16px;\">.<\/span><\/h1>\n<p>&nbsp;<\/p>\n<span class='bctt-click-to-tweet'><span class='bctt-ctt-text'><a href='https:\/\/x.com\/intent\/tweet?url=https%3A%2F%2Fnuestrosescritores.com%2Famparomarcoferrando%2Fpoesia%2F&#038;text=DONDE%20SUSPIRA%20EL%20ALMA%20del%20libro%20ENTRE%20TRIGO%20Y%20CIZA%C3%91A%20de%20AMPARO%20MARCO%20FERRANDO&#038;via=poesiaerestu&#038;related=poesiaerestu' target='_blank'rel=\"noopener noreferrer\">DONDE SUSPIRA EL ALMA del libro ENTRE TRIGO Y CIZA\u00d1A de AMPARO MARCO FERRANDO <\/a><\/span><a href='https:\/\/x.com\/intent\/tweet?url=https%3A%2F%2Fnuestrosescritores.com%2Famparomarcoferrando%2Fpoesia%2F&#038;text=DONDE%20SUSPIRA%20EL%20ALMA%20del%20libro%20ENTRE%20TRIGO%20Y%20CIZA%C3%91A%20de%20AMPARO%20MARCO%20FERRANDO&#038;via=poesiaerestu&#038;related=poesiaerestu' target='_blank' class='bctt-ctt-btn'rel=\"noopener noreferrer\">Compartir en X<\/a><\/span>\n<p>&nbsp;<\/p>\n<p>&nbsp;[\/vc_column_text][\/vc_column][\/vc_row][vc_row full_height=&#8221;yes&#8221;][vc_column extend=&#8221;false&#8221;]<div id=\"rowvcpt-row-settings\" class=\"rowvcpt-row-set RowVcPt-row-setting69e1d622c9ac2 \" data-no=\"RowVcPt-row-setting69e1d622c9ac2\"><div class=\"columns-bg-wrap columns-bg-anim-colors columns-bg-image  columns_simple_image\" id=\"RowVcPt-image-bg-69e1d622c9ac1\"   data-parallax_sense=\"30\" src=\"https:\/\/nuestrosescritores.com\/amparomarcoferrando\/wp-content\/uploads\/sites\/112\/2021\/11\/1fyv8mzh5e.jpg\" style=\"background-image: url(https:\/\/nuestrosescritores.com\/amparomarcoferrando\/wp-content\/uploads\/sites\/112\/2021\/11\/1fyv8mzh5e.jpg);background-position: center top;background-size: cover;background-attachment: fixed;\"><\/div><\/div>[\/vc_column][\/vc_row][vc_row][vc_column extend=&#8221;false&#8221;][vc_column_text]\n<h1><a name=\"_Toc77778628\"><\/a><\/h1>\n<h1><a name=\"_Toc78567364\"><\/a><\/h1>\n<h1><a name=\"_Toc85385623\"><\/a><\/h1>\n<h1><a name=\"_Toc83400468\"><\/a><\/h1>\n<h1><a name=\"_Toc86081176\"><\/a><strong>19 DE MARZO<\/strong><\/h1>\n<p>&nbsp;<\/p>\n<p>Aquel d\u00eda me regalaste dos lirios blancos y una promesa.<\/p>\n<p>En la carretera muchos colores pintan el cielo.<\/p>\n<p>&nbsp;<\/p>\n<p>La nacional se hace infinita.<\/p>\n<p>En el coche Pop Espa\u00f1ol.<\/p>\n<p>Abr\u00e1zame.<\/p>\n<p>&nbsp;<\/p>\n<p>M\u00edrame con esa mirada de padre,<\/p>\n<p>cu\u00eddame,<\/p>\n<p>prot\u00e9geme.<\/p>\n<p>&nbsp;<\/p>\n<p>Dame la fortaleza para nunca abandonar.<\/p>\n<p>La serenidad para como t\u00fa, aprender a parar.<\/p>\n<p>&nbsp;<\/p>\n<p>Que busque el silencio,<\/p>\n<p>y entre tanto me encuentre el Amor.<\/p>\n<p>&nbsp;<\/p>\n<p>&nbsp;<\/p>\n<p>Porque entre temor y temor,<\/p>\n<p>perdemos de vista lo importante.<\/p>\n<p>&nbsp;<\/p>\n<p>\u00bfPorque qu\u00e9 hay m\u00e1s bonito que un silencio que hable?<\/p>\n<p>\u00bfQue una sonrisa que acoja?<\/p>\n<p>&nbsp;<\/p>\n<p>Hazme de gu\u00eda en esta era desconocedora del silencio,<\/p>\n<p>y que como t\u00fa, disfrute de cada minuto.<\/p>\n<p>&nbsp;<\/p>\n<p>Y al lado de ti,<\/p>\n<p>descanse y entre sue\u00f1os descubra mi camino.<\/p>\n<p>&nbsp;<\/p>\n<p>&nbsp;<\/p>\n<p>&nbsp;<\/p>\n<span class='bctt-click-to-tweet'><span class='bctt-ctt-text'><a href='https:\/\/x.com\/intent\/tweet?url=https%3A%2F%2Fnuestrosescritores.com%2Famparomarcoferrando%2Fpoesia%2F&#038;text=19%20DE%20MARZO%20del%20libro%20ENTRE%20TRIGO%20Y%20CIZA%C3%91A%20de%20AMPARO%20MARCO%20FERRANDO&#038;via=poesiaerestu&#038;related=poesiaerestu' target='_blank'rel=\"noopener noreferrer\">19 DE MARZO del libro ENTRE TRIGO Y CIZA\u00d1A de AMPARO MARCO FERRANDO <\/a><\/span><a href='https:\/\/x.com\/intent\/tweet?url=https%3A%2F%2Fnuestrosescritores.com%2Famparomarcoferrando%2Fpoesia%2F&#038;text=19%20DE%20MARZO%20del%20libro%20ENTRE%20TRIGO%20Y%20CIZA%C3%91A%20de%20AMPARO%20MARCO%20FERRANDO&#038;via=poesiaerestu&#038;related=poesiaerestu' target='_blank' class='bctt-ctt-btn'rel=\"noopener noreferrer\">Compartir en X<\/a><\/span>[\/vc_column_text][\/vc_column][\/vc_row][vc_row full_height=&#8221;yes&#8221; equal_height=&#8221;yes&#8221;][vc_column extend=&#8221;false&#8221;]<div id=\"rowvcpt-row-settings\" class=\"rowvcpt-row-set RowVcPt-row-setting69e1d622c9e70 \" data-no=\"RowVcPt-row-setting69e1d622c9e70\"><div class=\"columns-bg-wrap columns-bg-anim-colors columns-bg-image  columns_simple_image\" id=\"RowVcPt-image-bg-69e1d622c9e6f\"   data-parallax_sense=\"30\" src=\"https:\/\/nuestrosescritores.com\/amparomarcoferrando\/wp-content\/uploads\/sites\/112\/2021\/11\/luczjmsy9qg.jpg\" style=\"background-image: url(https:\/\/nuestrosescritores.com\/amparomarcoferrando\/wp-content\/uploads\/sites\/112\/2021\/11\/luczjmsy9qg.jpg);background-position: center center;background-size: cover;background-attachment: fixed;\"><\/div><\/div>[\/vc_column][\/vc_row][vc_row][vc_column extend=&#8221;false&#8221;][vc_column_text]\n<h1><a name=\"_Toc77778637\"><\/a><\/h1>\n<h1><a name=\"_Toc77014591\"><\/a><\/h1>\n<h1>&nbsp;<\/h1>\n<h1>&nbsp;<\/h1>\n<h1><a name=\"_Toc86081188\"><\/a><strong>JUNIO<\/strong><\/h1>\n<p>&nbsp;<\/p>\n<p>Ya se acerca.<\/p>\n<p>Imparable.<\/p>\n<p>Queda menos.<\/p>\n<p>&nbsp;<\/p>\n<p>Cada palabra que escribo,<\/p>\n<p>se lleva un segundo que nunca vuelve.<\/p>\n<p>&nbsp;<\/p>\n<p>Espero que este grito inaudible,<\/p>\n<p>resuene por dentro,<\/p>\n<p>que nunca se olvide.<\/p>\n<p>&nbsp;<\/p>\n<p>Junio llega a su fin,<\/p>\n<p>y es el final,<\/p>\n<p>sonrisas que saben a sal,<\/p>\n<p>vuelta a \u00cdtaca,<\/p>\n<p>o bueno eso dicen.<\/p>\n<p>&nbsp;<\/p>\n<p>&nbsp;<\/p>\n<span class='bctt-click-to-tweet'><span class='bctt-ctt-text'><a href='https:\/\/x.com\/intent\/tweet?url=https%3A%2F%2Fnuestrosescritores.com%2Famparomarcoferrando%2Fpoesia%2F&#038;text=JUNIO%20del%20libro%20ENTRE%20TRIGO%20Y%20CIZA%C3%91A%20de%20AMPARO%20MARCO%20FERRANDO&#038;via=poesiaerestu&#038;related=poesiaerestu' target='_blank'rel=\"noopener noreferrer\">JUNIO del libro ENTRE TRIGO Y CIZA\u00d1A de AMPARO MARCO FERRANDO <\/a><\/span><a href='https:\/\/x.com\/intent\/tweet?url=https%3A%2F%2Fnuestrosescritores.com%2Famparomarcoferrando%2Fpoesia%2F&#038;text=JUNIO%20del%20libro%20ENTRE%20TRIGO%20Y%20CIZA%C3%91A%20de%20AMPARO%20MARCO%20FERRANDO&#038;via=poesiaerestu&#038;related=poesiaerestu' target='_blank' class='bctt-ctt-btn'rel=\"noopener noreferrer\">Compartir en X<\/a><\/span>[\/vc_column_text][\/vc_column][\/vc_row][vc_row full_height=&#8221;yes&#8221; equal_height=&#8221;yes&#8221;][vc_column extend=&#8221;false&#8221;]<div id=\"rowvcpt-row-settings\" class=\"rowvcpt-row-set RowVcPt-row-setting69e1d622ca1c9 \" data-no=\"RowVcPt-row-setting69e1d622ca1c9\"><div class=\"columns-bg-wrap columns-bg-anim-colors columns-bg-image  columns_simple_image\" id=\"RowVcPt-image-bg-69e1d622ca1c8\"   data-parallax_sense=\"30\" src=\"https:\/\/nuestrosescritores.com\/amparomarcoferrando\/wp-content\/uploads\/sites\/112\/2021\/11\/djohwqs60z8.jpg\" style=\"background-image: url(https:\/\/nuestrosescritores.com\/amparomarcoferrando\/wp-content\/uploads\/sites\/112\/2021\/11\/djohwqs60z8.jpg);background-position: center center;background-size: cover;background-attachment: fixed;\"><\/div><\/div>[\/vc_column][\/vc_row][vc_row][vc_column extend=&#8221;false&#8221;][vc_column_text]\n<h1><a name=\"_Toc77778642\"><\/a><\/h1>\n<h1><a name=\"_Toc77014596\"><\/a><\/h1>\n<h1>&nbsp;<\/h1>\n<p><a name=\"_Toc85385695\"><\/a><\/p>\n<h1><a name=\"_Toc83400482\"><\/a><\/h1>\n<h1><a name=\"_Toc85047655\"><\/a><\/h1>\n<h1><a name=\"_Toc86081199\"><\/a><strong>NUESTROS SABIOS<\/strong><\/h1>\n<p>&nbsp;<\/p>\n<p>Como un hombre entrado en a\u00f1os,<\/p>\n<p>con las ra\u00edces del cabello con tintes de vejez, o madurez.<\/p>\n<p>&nbsp;<\/p>\n<p>Siempre sabremos que son sabios los que ense\u00f1an a aprender. Eruditos.<\/p>\n<p>&nbsp;<\/p>\n<p>Y su juventud alocada, puedo verla y t\u00fa tambi\u00e9n,<\/p>\n<p>entre las l\u00edneas de su cara, \u00bfarrugas tal vez?<\/p>\n<p>&nbsp;<\/p>\n<p>Su sonrisa refleja aquello que no podemos ver.<\/p>\n<p>&nbsp;<\/p>\n<p>Eternamente joven aquel que supo amar sin barreras, sin l\u00edmite, sin exigencias.<\/p>\n<p>&nbsp;<\/p>\n<p>Y qu\u00e9 imprudencia no respetar a aquellos que de cada tropiezo aprendieron nuevas formas de echar el vuelo.<\/p>\n<p>&nbsp;<\/p>\n<p>&nbsp;<\/p>\n<span class='bctt-click-to-tweet'><span class='bctt-ctt-text'><a href='https:\/\/x.com\/intent\/tweet?url=https%3A%2F%2Fnuestrosescritores.com%2Famparomarcoferrando%2Fpoesia%2F&#038;text=NUESTROS%20SABIOS%C2%A0del%20libro%20ENTRE%20TRIGO%20Y%20CIZA%C3%91A%20de%20AMPARO%20MARCO%20FERRANDO&#038;via=poesiaerestu&#038;related=poesiaerestu' target='_blank'rel=\"noopener noreferrer\">NUESTROS SABIOS&nbsp;del libro ENTRE TRIGO Y CIZA\u00d1A de AMPARO MARCO FERRANDO <\/a><\/span><a href='https:\/\/x.com\/intent\/tweet?url=https%3A%2F%2Fnuestrosescritores.com%2Famparomarcoferrando%2Fpoesia%2F&#038;text=NUESTROS%20SABIOS%C2%A0del%20libro%20ENTRE%20TRIGO%20Y%20CIZA%C3%91A%20de%20AMPARO%20MARCO%20FERRANDO&#038;via=poesiaerestu&#038;related=poesiaerestu' target='_blank' class='bctt-ctt-btn'rel=\"noopener noreferrer\">Compartir en X<\/a><\/span>[\/vc_column_text][\/vc_column][\/vc_row][vc_row full_height=&#8221;yes&#8221; equal_height=&#8221;yes&#8221;][vc_column extend=&#8221;false&#8221;]<div id=\"rowvcpt-row-settings\" class=\"rowvcpt-row-set RowVcPt-row-setting69e1d622ca54a \" data-no=\"RowVcPt-row-setting69e1d622ca54a\"><div class=\"columns-bg-wrap columns-bg-anim-colors columns-bg-image  columns_simple_image\" id=\"RowVcPt-image-bg-69e1d622ca549\"   data-parallax_sense=\"30\" src=\"https:\/\/nuestrosescritores.com\/amparomarcoferrando\/wp-content\/uploads\/sites\/112\/2021\/11\/AmaproMarcoFerrando_escritora-Mediano.jpg\" style=\"background-image: url(https:\/\/nuestrosescritores.com\/amparomarcoferrando\/wp-content\/uploads\/sites\/112\/2021\/11\/AmaproMarcoFerrando_escritora-Mediano.jpg);background-position: center center;background-size: cover;background-attachment: fixed;\"><\/div><\/div><div class=\"ult-spacer spacer-69e1d622ca87f\" data-id=\"69e1d622ca87f\" data-height=\"150\" data-height-mobile=\"150\" data-height-tab=\"150\" data-height-tab-portrait=\"\" data-height-mobile-landscape=\"\" style=\"clear:both;display:block;\"><\/div>[vc_column_text]\n<p style=\"text-align: center;\"><a class=\"fasc-button fasc-size-xlarge fasc-type-glossy fasc-rounded-medium\" style=\"background-color: #33809e; color: #ffffff;\" href=\"https:\/\/librodepoesia.com\/libro\/entre-trigo-y-cizana-amparo-marco-ferrando\/\">Comprar el libro<\/a><\/p>\n[\/vc_column_text][\/vc_column][\/vc_row][vc_row][vc_column][vc_column_text]\n<p><a name=\"_Toc85047636\"><\/a><\/p>\n<p><a name=\"_Toc85385647\"><\/a><\/p>\n<p><a name=\"_Toc83400473\"><\/a>[\/vc_column_text][\/vc_column][\/vc_row]\n<\/div>","protected":false},"excerpt":{"rendered":"<p>[vc_row full_width=&#8221;stretch_row_content_no_spaces&#8221; full_height=&#8221;yes&#8221; equal_height=&#8221;yes&#8221;][vc_column extend=&#8221;false&#8221;][\/vc_column][\/vc_row][vc_row][vc_column extend=&#8221;false&#8221;][vc_column_text] &nbsp; ENERO &nbsp; A\u00f1o nuevo, pero no vida nueva. Misma vida, nuevos horizontes. &nbsp; En muchos sentidos, nuestro d\u00eda a d\u00eda ser\u00e1 el mismo. Los universitarios entre ex\u00e1menes y nervios, no vemos m\u00e1s all\u00e1 de la tinta de los folios. &nbsp; Pero puede cambiar nuestra perspectiva. Pasear por la [&hellip;]<\/p>\n","protected":false},"author":1,"featured_media":0,"parent":0,"menu_order":0,"comment_status":"closed","ping_status":"closed","template":"","meta":{"_acf_changed":false,"footnotes":""},"class_list":["post-75","page","type-page","status-publish","hentry"],"acf":[],"yoast_head":"<!-- This site is optimized with the Yoast SEO Premium plugin v24.7 (Yoast SEO v27.4) - https:\/\/yoast.com\/product\/yoast-seo-premium-wordpress\/ -->\n<title>Poes\u00eda - Amparo Marco Ferrando<\/title>\n<meta name=\"description\" content=\"Poes\u00eda del libro ENTRE TRIGO Y CIZA\u00d1A de AMPARO MARCO FERRANDO la autora nos da una muestra tras publicar su libro de poes\u00eda.\" \/>\n<meta name=\"robots\" content=\"index, follow, max-snippet:-1, max-image-preview:large, max-video-preview:-1\" \/>\n<link rel=\"canonical\" href=\"https:\/\/nuestrosescritores.com\/amparomarcoferrando\/poesia\/\" \/>\n<meta property=\"og:locale\" content=\"es_ES\" \/>\n<meta property=\"og:type\" content=\"article\" \/>\n<meta property=\"og:title\" content=\"Poes\u00eda\" \/>\n<meta property=\"og:description\" content=\"Poes\u00eda del libro ENTRE TRIGO Y CIZA\u00d1A de AMPARO MARCO FERRANDO la autora nos da una muestra tras publicar su libro de poes\u00eda.\" \/>\n<meta property=\"og:url\" content=\"https:\/\/nuestrosescritores.com\/amparomarcoferrando\/poesia\/\" \/>\n<meta property=\"og:site_name\" content=\"Amparo Marco Ferrando\" \/>\n<meta property=\"article:modified_time\" content=\"2021-12-05T18:31:55+00:00\" \/>\n<meta name=\"twitter:card\" content=\"summary_large_image\" \/>\n<meta name=\"twitter:label1\" content=\"Tiempo de lectura\" \/>\n\t<meta name=\"twitter:data1\" content=\"3 minutos\" \/>\n<script type=\"application\/ld+json\" class=\"yoast-schema-graph\">{\"@context\":\"https:\\\/\\\/schema.org\",\"@graph\":[{\"@type\":\"WebPage\",\"@id\":\"https:\\\/\\\/nuestrosescritores.com\\\/amparomarcoferrando\\\/poesia\\\/\",\"url\":\"https:\\\/\\\/nuestrosescritores.com\\\/amparomarcoferrando\\\/poesia\\\/\",\"name\":\"Poes\u00eda - Amparo Marco Ferrando\",\"isPartOf\":{\"@id\":\"https:\\\/\\\/nuestrosescritores.com\\\/amparomarcoferrando\\\/#website\"},\"datePublished\":\"2021-11-28T09:43:21+00:00\",\"dateModified\":\"2021-12-05T18:31:55+00:00\",\"description\":\"Poes\u00eda del libro ENTRE TRIGO Y CIZA\u00d1A de AMPARO MARCO FERRANDO la autora nos da una muestra tras publicar su libro de poes\u00eda.\",\"breadcrumb\":{\"@id\":\"https:\\\/\\\/nuestrosescritores.com\\\/amparomarcoferrando\\\/poesia\\\/#breadcrumb\"},\"inLanguage\":\"es\",\"potentialAction\":[{\"@type\":\"ReadAction\",\"target\":[\"https:\\\/\\\/nuestrosescritores.com\\\/amparomarcoferrando\\\/poesia\\\/\"]}]},{\"@type\":\"BreadcrumbList\",\"@id\":\"https:\\\/\\\/nuestrosescritores.com\\\/amparomarcoferrando\\\/poesia\\\/#breadcrumb\",\"itemListElement\":[{\"@type\":\"ListItem\",\"position\":1,\"name\":\"Portada\",\"item\":\"https:\\\/\\\/nuestrosescritores.com\\\/amparomarcoferrando\\\/\"},{\"@type\":\"ListItem\",\"position\":2,\"name\":\"Poes\u00eda\"}]},{\"@type\":\"WebSite\",\"@id\":\"https:\\\/\\\/nuestrosescritores.com\\\/amparomarcoferrando\\\/#website\",\"url\":\"https:\\\/\\\/nuestrosescritores.com\\\/amparomarcoferrando\\\/\",\"name\":\"Nuestros escritores\",\"description\":\"Escritora\",\"potentialAction\":[{\"@type\":\"SearchAction\",\"target\":{\"@type\":\"EntryPoint\",\"urlTemplate\":\"https:\\\/\\\/nuestrosescritores.com\\\/amparomarcoferrando\\\/?s={search_term_string}\"},\"query-input\":{\"@type\":\"PropertyValueSpecification\",\"valueRequired\":true,\"valueName\":\"search_term_string\"}}],\"inLanguage\":\"es\"}]}<\/script>\n<!-- \/ Yoast SEO Premium plugin. -->","yoast_head_json":{"title":"Poes\u00eda - Amparo Marco Ferrando","description":"Poes\u00eda del libro ENTRE TRIGO Y CIZA\u00d1A de AMPARO MARCO FERRANDO la autora nos da una muestra tras publicar su libro de poes\u00eda.","robots":{"index":"index","follow":"follow","max-snippet":"max-snippet:-1","max-image-preview":"max-image-preview:large","max-video-preview":"max-video-preview:-1"},"canonical":"https:\/\/nuestrosescritores.com\/amparomarcoferrando\/poesia\/","og_locale":"es_ES","og_type":"article","og_title":"Poes\u00eda","og_description":"Poes\u00eda del libro ENTRE TRIGO Y CIZA\u00d1A de AMPARO MARCO FERRANDO la autora nos da una muestra tras publicar su libro de poes\u00eda.","og_url":"https:\/\/nuestrosescritores.com\/amparomarcoferrando\/poesia\/","og_site_name":"Amparo Marco Ferrando","article_modified_time":"2021-12-05T18:31:55+00:00","twitter_card":"summary_large_image","twitter_misc":{"Tiempo de lectura":"3 minutos"},"schema":{"@context":"https:\/\/schema.org","@graph":[{"@type":"WebPage","@id":"https:\/\/nuestrosescritores.com\/amparomarcoferrando\/poesia\/","url":"https:\/\/nuestrosescritores.com\/amparomarcoferrando\/poesia\/","name":"Poes\u00eda - Amparo Marco Ferrando","isPartOf":{"@id":"https:\/\/nuestrosescritores.com\/amparomarcoferrando\/#website"},"datePublished":"2021-11-28T09:43:21+00:00","dateModified":"2021-12-05T18:31:55+00:00","description":"Poes\u00eda del libro ENTRE TRIGO Y CIZA\u00d1A de AMPARO MARCO FERRANDO la autora nos da una muestra tras publicar su libro de poes\u00eda.","breadcrumb":{"@id":"https:\/\/nuestrosescritores.com\/amparomarcoferrando\/poesia\/#breadcrumb"},"inLanguage":"es","potentialAction":[{"@type":"ReadAction","target":["https:\/\/nuestrosescritores.com\/amparomarcoferrando\/poesia\/"]}]},{"@type":"BreadcrumbList","@id":"https:\/\/nuestrosescritores.com\/amparomarcoferrando\/poesia\/#breadcrumb","itemListElement":[{"@type":"ListItem","position":1,"name":"Portada","item":"https:\/\/nuestrosescritores.com\/amparomarcoferrando\/"},{"@type":"ListItem","position":2,"name":"Poes\u00eda"}]},{"@type":"WebSite","@id":"https:\/\/nuestrosescritores.com\/amparomarcoferrando\/#website","url":"https:\/\/nuestrosescritores.com\/amparomarcoferrando\/","name":"Nuestros escritores","description":"Escritora","potentialAction":[{"@type":"SearchAction","target":{"@type":"EntryPoint","urlTemplate":"https:\/\/nuestrosescritores.com\/amparomarcoferrando\/?s={search_term_string}"},"query-input":{"@type":"PropertyValueSpecification","valueRequired":true,"valueName":"search_term_string"}}],"inLanguage":"es"}]}},"_links":{"self":[{"href":"https:\/\/nuestrosescritores.com\/amparomarcoferrando\/wp-json\/wp\/v2\/pages\/75","targetHints":{"allow":["GET"]}}],"collection":[{"href":"https:\/\/nuestrosescritores.com\/amparomarcoferrando\/wp-json\/wp\/v2\/pages"}],"about":[{"href":"https:\/\/nuestrosescritores.com\/amparomarcoferrando\/wp-json\/wp\/v2\/types\/page"}],"author":[{"embeddable":true,"href":"https:\/\/nuestrosescritores.com\/amparomarcoferrando\/wp-json\/wp\/v2\/users\/1"}],"replies":[{"embeddable":true,"href":"https:\/\/nuestrosescritores.com\/amparomarcoferrando\/wp-json\/wp\/v2\/comments?post=75"}],"version-history":[{"count":0,"href":"https:\/\/nuestrosescritores.com\/amparomarcoferrando\/wp-json\/wp\/v2\/pages\/75\/revisions"}],"wp:attachment":[{"href":"https:\/\/nuestrosescritores.com\/amparomarcoferrando\/wp-json\/wp\/v2\/media?parent=75"}],"curies":[{"name":"wp","href":"https:\/\/api.w.org\/{rel}","templated":true}]}}